{"id":158278,"date":"2026-03-02T16:03:16","date_gmt":"2026-03-02T09:03:16","guid":{"rendered":"http:\/\/tourcruiser.com\/product\/women-adidas-gazelle-indoor-blue-semi"},"modified":"2026-03-28T01:27:55","modified_gmt":"2026-03-27T18:27:55","slug":"women-adidas-gazelle-indoor-blue-semi","status":"publish","type":"product","link":"https:\/\/tourcruiser.com\/de\/products\/women-adidas-gazelle-indoor-blue-semi\/","title":{"rendered":"(Women) adidas Gazelle Indoor &#8218;Blue Semi&#8216;"},"content":{"rendered":"<p>Mit dem adidas Gazelle Indoor &#8218;Blue Semi&#8216; IG6785 erleben Sie zeitlosen Stil \u201d\u201c die perfekte Kombination aus Retro-Design und modernem Komfort, entwickelt f\u00fcr aktive Frauen. Das markante, halbblaue Wildleder-Obermaterial mit minimalistischen wei\u00dfen Lederdetails verleiht diesem ikonischen Sneaker eine frische und zugleich klassische Optik, die zu jedem Anlass und jedem Casual-Outfit passt. Die flache Silhouette und die transparente Gummisohle sorgen f\u00fcr optimalen Grip und Langlebigkeit und garantieren so ganzt\u00e4gigen Tragekomfort mit unvergleichlicher Stabilit\u00e4t. Dank des weichen Textil-Innenfutters und des gepolsterten Fu\u00dfbetts bieten diese Sneaker h\u00f6chsten Tragekomfort, egal ob Sie die Stadt erkunden oder Besorgungen erledigen. Die legend\u00e4re adidas-Verarbeitung und die hochwertigen Materialien machen den Gazelle Indoor zu einem leichten und vielseitigen Schuh, der weder Kompromisse bei Performance noch bei Eleganz eingeht. Perfekt f\u00fcr alle, die einen m\u00fchelos sportlichen Stil mit einem Hauch von Eleganz lieben: Diese Sneaker zelebrieren jahrzehntelange adidas-Tradition und sind gleichzeitig topaktuell. Vom sportlichen Look bis zum Streetwear-Outfit: Der adidas Gazelle Indoor &#8218;Blue Semi&#8216; wertet jedes Outfit m\u00fchelos auf und ist ein echtes Highlight in deiner Schuhsammlung. Egal, ob du im Trend liegen oder einen zeitlosen Klassiker feiern m\u00f6chtest \u201d\u201c dieser leichte und vielseitige Sneaker zieht weltweit in der Mode- und Lifestyle-Szene alle Blicke auf sich.<\/p>\n<ul>\n<li><strong>Farbgebung:<\/strong> Blau\/Halbrosa Spark\/Gum<\/li>\n<li><strong>Style-Code:<\/strong> IG6785<\/li>\n<li><strong>Obermaterial:<\/strong> Samt<\/li>\n<li><strong>Farbe:<\/strong> Blau<\/li>\n<\/ul>\n","protected":false},"excerpt":{"rendered":"<p>adidas Gazelle Indoor \u201d\u201d Blue\/Semi Pink Spark\/Gum<\/p>\n","protected":false},"featured_media":158279,"comment_status":"open","ping_status":"closed","template":"","meta":[],"product_brand":[],"product_cat":[10941],"product_tag":[10759,10750,10926,10754,11460,10756,10758],"class_list":{"0":"post-158278","1":"product","2":"type-product","3":"status-publish","4":"has-post-thumbnail","6":"product_cat-adidas-women","7":"product_tag-adidas","8":"product_tag-athleisure-shoes","9":"product_tag-gift-for-her","10":"product_tag-lifestyle-casual-shoes","11":"product_tag-lifestyle-shoes-casual","12":"product_tag-retro-casual-shoes","13":"product_tag-under-retail","14":"wcpa_has_options","16":"first","17":"outofstock","18":"taxable","19":"shipping-taxable","20":"purchasable","21":"product-type-simple"},"wcpa_form_fields":{"rules":{"pric_overide_base_price":false,"pric_overide_base_price_if_gt_zero":false,"pric_overide_base_price_fully":false,"pric_cal_option_once":false,"pric_use_as_fee":false,"bind_quantity":false,"quantity_bind_formula":false},"fields":[{"type":"color-group","required":true,"elementId":"wcpa-color-group-66c4a7f817afe","label":"Gr\u00f6\u00dfe","inline":true,"priceOptions":"different_for_all","pricingType":"fixed","className":"hassizechart product-shoes-size-eu product-shoes-size","name":"color-group-66c4a7f817b18","disp_type":"square","selection_type":"tick-border","disp_size":"50","show_label_inside":true,"adjust_width":true,"cart_display_type":"text","other_text":"Other","cl_rule":"show","col":6,"values":[{"label":"35","value":"EU 35","price":"","pimage":"","pimage_id":"","pthumb":"","color":""},{"label":"35.5","value":"EU 35.5","price":"","pimage":"","pimage_id":"","pthumb":"","color":""},{"label":"36","value":"EU 36","price":"","pimage":"","pimage_id":"","pthumb":"","color":"","selected":true},{"label":"36 2\/3","value":"EU 36 2\/3","price":"","pimage":"","pimage_id":"","pthumb":"","color":""},{"label":"37 1\/3","value":"EU 37 1\/3","price":"","pimage":"","pimage_id":"","pthumb":"","color":""},{"label":"38","value":"EU 38","price":"","pimage":"","pimage_id":"","pthumb":"","color":""},{"label":"38 2\/3","value":"EU 38 2\/3","price":"","pimage":"","pimage_id":"","pthumb":"","color":""},{"label":"39 1\/3","value":"EU 39 1\/3","price":"","pimage":"","pimage_id":"","pthumb":"","color":""},{"label":"40","value":"EU 40","price":"","pimage":"","pimage_id":"","pthumb":"","color":""},{"label":"40 2\/3","value":"EU 40 2\/3","price":"","pimage":"","pimage_id":"","pthumb":"","color":""},{"label":"41 1\/3","value":"EU 41 1\/3","price":"","pimage":"","pimage_id":"","pthumb":"","color":""},{"label":"42","value":"EU 42","price":"","pimage":"","pimage_id":"","pthumb":"","color":""},{"label":"42 2\/3","value":"EU 42 2\/3","price":"","pimage":"","pimage_id":"","pthumb":"","color":""},{"label":"43 1\/3","value":"EU 43 1\/3","price":"","pimage":"","pimage_id":"","pthumb":"","color":""},{"label":"44","value":"EU 44","price":"","pimage":"","pimage_id":"","pthumb":"","color":""},{"label":"44 2\/3","value":"EU 44 2\/3","price":"","pimage":"","pimage_id":"","pthumb":"","color":""},{"label":"45 1\/3","value":"EU 45 1\/3","price":"","pimage":"","pimage_id":"","pthumb":"","color":""},{"label":"46","value":"EU 46","price":"","pimage":"","pimage_id":"","pthumb":"","color":""},{"label":"46 2\/3","value":"EU 46 2\/3","price":"","pimage":"","pimage_id":"","pthumb":"","color":""},{"label":"47 1\/3","value":"EU 47 1\/3","price":"","pimage":"","pimage_id":"","pthumb":"","color":""}],"relations":[{"operator":false,"rules":[]}],"form_id":24802,"form_rules":{"pric_cal_option_once":false,"exclude_from_discount":false,"pric_use_as_fee":false,"fee_label":"Fee","render_after_acb":false,"disp_hide_options_price":false}}]},"yoast_head":"<!-- This site is optimized with the Yoast SEO plugin v26.5 - https:\/\/yoast.com\/wordpress\/plugins\/seo\/ -->\n<title>(Women) adidas Gazelle Indoor &#039;Blue Semi&#039;  - Tourcruiser PTE. LTD<\/title>\n<meta name=\"robots\" content=\"index, follow, max-snippet:-1, max-image-preview:large, max-video-preview:-1\" \/>\n<link rel=\"canonical\" href=\"https:\/\/tourcruiser.com\/de\/products\/women-adidas-gazelle-indoor-blue-semi\/\" \/>\n<meta property=\"og:locale\" content=\"de_DE\" \/>\n<meta property=\"og:type\" content=\"article\" \/>\n<meta property=\"og:title\" content=\"(Women) adidas Gazelle Indoor &#039;Blue Semi&#039;  - Tourcruiser PTE. LTD\" \/>\n<meta property=\"og:description\" content=\"adidas Gazelle Indoor \u201d\u201d Blue\/Semi Pink Spark\/Gum\" \/>\n<meta property=\"og:url\" content=\"https:\/\/tourcruiser.com\/de\/products\/women-adidas-gazelle-indoor-blue-semi\/\" \/>\n<meta property=\"og:site_name\" content=\"Tourcruiser Sneaker Store\" \/>\n<meta property=\"article:modified_time\" content=\"2026-03-27T18:27:55+00:00\" \/>\n<meta name=\"twitter:card\" content=\"summary_large_image\" \/>\n<meta name=\"twitter:image\" content=\"https:\/\/images.novelship.com\/product\/_women__adidas_gazelle_indoor__blue_semi__ig6785_0_87289.jpeg;https:\/\/images.novelship.com\/product\/_women__adidas_gazelle_indoor__blue_semi__ig6785_1_87289.jpeg;https:\/\/images.novelship.com\/product\/_women__adidas_gazelle_indoor__blue_semi__ig6785_2_87289.jpeg;https:\/\/images.novelship.com\/product\/_women__adidas_gazelle_indoor__blue_semi__ig6785_3_87289.jpeg;https:\/\/images.novelship.com\/product\/_women__adidas_gazelle_indoor__blue_semi__ig6785_4_87289.jpeg;https:\/\/images.novelship.com\/product\/_women__adidas_gazelle_indoor__blue_semi__ig6785_5_87289.jpeg;https:\/\/images.novelship.com\/product\/_women__adidas_gazelle_indoor__blue_semi__ig6785_6_87289.jpeg;https:\/\/images.novelship.com\/product\/_women__adidas_gazelle_indoor__blue_semi__ig6785_7_87289.jpeg;https:\/\/images.novelship.com\/product\/_women__adidas_gazelle_indoor__blue_semi__ig6785_8_87289.jpeg;https:\/\/images.novelship.com\/product\/_women__adidas_gazelle_indoor__blue_semi__ig6785_9_87289.jpeg\" \/>\n<meta name=\"twitter:label1\" content=\"Gesch\u00e4tzte Lesezeit\" \/>\n\t<meta name=\"twitter:data1\" content=\"1\u00a0Minute\" \/>\n<script type=\"application\/ld+json\" class=\"yoast-schema-graph\">{\"@context\":\"https:\/\/schema.org\",\"@graph\":[{\"@type\":\"WebPage\",\"@id\":\"https:\/\/tourcruiser.com\/de\/products\/women-adidas-gazelle-indoor-blue-semi\/\",\"url\":\"https:\/\/tourcruiser.com\/de\/products\/women-adidas-gazelle-indoor-blue-semi\/\",\"name\":\"(Women) adidas Gazelle Indoor 'Blue Semi' - Tourcruiser PTE. LTD\",\"isPartOf\":{\"@id\":\"https:\/\/tourcruiser.com\/de\/#website\"},\"primaryImageOfPage\":{\"@id\":\"https:\/\/tourcruiser.com\/de\/products\/women-adidas-gazelle-indoor-blue-semi\/#primaryimage\"},\"image\":{\"@id\":\"https:\/\/tourcruiser.com\/de\/products\/women-adidas-gazelle-indoor-blue-semi\/#primaryimage\"},\"thumbnailUrl\":\"https:\/\/images.novelship.com\/product\/_women__adidas_gazelle_indoor__blue_semi__ig6785_0_87289.jpeg;https:\/\/images.novelship.com\/product\/_women__adidas_gazelle_indoor__blue_semi__ig6785_1_87289.jpeg;https:\/\/images.novelship.com\/product\/_women__adidas_gazelle_indoor__blue_semi__ig6785_2_87289.jpeg;https:\/\/images.novelship.com\/product\/_women__adidas_gazelle_indoor__blue_semi__ig6785_3_87289.jpeg;https:\/\/images.novelship.com\/product\/_women__adidas_gazelle_indoor__blue_semi__ig6785_4_87289.jpeg;https:\/\/images.novelship.com\/product\/_women__adidas_gazelle_indoor__blue_semi__ig6785_5_87289.jpeg;https:\/\/images.novelship.com\/product\/_women__adidas_gazelle_indoor__blue_semi__ig6785_6_87289.jpeg;https:\/\/images.novelship.com\/product\/_women__adidas_gazelle_indoor__blue_semi__ig6785_7_87289.jpeg;https:\/\/images.novelship.com\/product\/_women__adidas_gazelle_indoor__blue_semi__ig6785_8_87289.jpeg;https:\/\/images.novelship.com\/product\/_women__adidas_gazelle_indoor__blue_semi__ig6785_9_87289.jpeg\",\"datePublished\":\"2026-03-02T09:03:16+00:00\",\"dateModified\":\"2026-03-27T18:27:55+00:00\",\"breadcrumb\":{\"@id\":\"https:\/\/tourcruiser.com\/de\/products\/women-adidas-gazelle-indoor-blue-semi\/#breadcrumb\"},\"inLanguage\":\"de\",\"potentialAction\":[{\"@type\":\"ReadAction\",\"target\":[\"https:\/\/tourcruiser.com\/de\/products\/women-adidas-gazelle-indoor-blue-semi\/\"]}]},{\"@type\":\"ImageObject\",\"inLanguage\":\"de\",\"@id\":\"https:\/\/tourcruiser.com\/de\/products\/women-adidas-gazelle-indoor-blue-semi\/#primaryimage\",\"url\":\"https:\/\/images.novelship.com\/product\/_women__adidas_gazelle_indoor__blue_semi__ig6785_0_87289.jpeg;https:\/\/images.novelship.com\/product\/_women__adidas_gazelle_indoor__blue_semi__ig6785_1_87289.jpeg;https:\/\/images.novelship.com\/product\/_women__adidas_gazelle_indoor__blue_semi__ig6785_2_87289.jpeg;https:\/\/images.novelship.com\/product\/_women__adidas_gazelle_indoor__blue_semi__ig6785_3_87289.jpeg;https:\/\/images.novelship.com\/product\/_women__adidas_gazelle_indoor__blue_semi__ig6785_4_87289.jpeg;https:\/\/images.novelship.com\/product\/_women__adidas_gazelle_indoor__blue_semi__ig6785_5_87289.jpeg;https:\/\/images.novelship.com\/product\/_women__adidas_gazelle_indoor__blue_semi__ig6785_6_87289.jpeg;https:\/\/images.novelship.com\/product\/_women__adidas_gazelle_indoor__blue_semi__ig6785_7_87289.jpeg;https:\/\/images.novelship.com\/product\/_women__adidas_gazelle_indoor__blue_semi__ig6785_8_87289.jpeg;https:\/\/images.novelship.com\/product\/_women__adidas_gazelle_indoor__blue_semi__ig6785_9_87289.jpeg\",\"contentUrl\":\"https:\/\/images.novelship.com\/product\/_women__adidas_gazelle_indoor__blue_semi__ig6785_0_87289.jpeg;https:\/\/images.novelship.com\/product\/_women__adidas_gazelle_indoor__blue_semi__ig6785_1_87289.jpeg;https:\/\/images.novelship.com\/product\/_women__adidas_gazelle_indoor__blue_semi__ig6785_2_87289.jpeg;https:\/\/images.novelship.com\/product\/_women__adidas_gazelle_indoor__blue_semi__ig6785_3_87289.jpeg;https:\/\/images.novelship.com\/product\/_women__adidas_gazelle_indoor__blue_semi__ig6785_4_87289.jpeg;https:\/\/images.novelship.com\/product\/_women__adidas_gazelle_indoor__blue_semi__ig6785_5_87289.jpeg;https:\/\/images.novelship.com\/product\/_women__adidas_gazelle_indoor__blue_semi__ig6785_6_87289.jpeg;https:\/\/images.novelship.com\/product\/_women__adidas_gazelle_indoor__blue_semi__ig6785_7_87289.jpeg;https:\/\/images.novelship.com\/product\/_women__adidas_gazelle_indoor__blue_semi__ig6785_8_87289.jpeg;https:\/\/images.novelship.com\/product\/_women__adidas_gazelle_indoor__blue_semi__ig6785_9_87289.jpeg\"},{\"@type\":\"BreadcrumbList\",\"@id\":\"https:\/\/tourcruiser.com\/de\/products\/women-adidas-gazelle-indoor-blue-semi\/#breadcrumb\",\"itemListElement\":[{\"@type\":\"ListItem\",\"position\":1,\"name\":\"Home\",\"item\":\"https:\/\/tourcruiser.com\/de\/\"},{\"@type\":\"ListItem\",\"position\":2,\"name\":\"Shop\",\"item\":\"https:\/\/tourcruiser.com\/de\/shop\/\"},{\"@type\":\"ListItem\",\"position\":3,\"name\":\"(Women) adidas Gazelle Indoor 'Blue Semi'\"}]},{\"@type\":\"WebSite\",\"@id\":\"https:\/\/tourcruiser.com\/de\/#website\",\"url\":\"https:\/\/tourcruiser.com\/de\/\",\"name\":\"Styloral Jewelry Shop\",\"description\":\"Tourcruiser Sneaker Store \u2014 der Ort, an dem das Universum deine Einzigartigkeit trifft.\",\"publisher\":{\"@id\":\"https:\/\/tourcruiser.com\/de\/#organization\"},\"potentialAction\":[{\"@type\":\"SearchAction\",\"target\":{\"@type\":\"EntryPoint\",\"urlTemplate\":\"https:\/\/tourcruiser.com\/de\/?s={search_term_string}\"},\"query-input\":{\"@type\":\"PropertyValueSpecification\",\"valueRequired\":true,\"valueName\":\"search_term_string\"}}],\"inLanguage\":\"de\"},{\"@type\":\"Organization\",\"@id\":\"https:\/\/tourcruiser.com\/de\/#organization\",\"name\":\"STYLORAL PTE. LTD\",\"url\":\"https:\/\/tourcruiser.com\/de\/\",\"logo\":{\"@type\":\"ImageObject\",\"inLanguage\":\"de\",\"@id\":\"https:\/\/tourcruiser.com\/de\/#\/schema\/logo\/image\/\",\"url\":\"https:\/\/www.tourcruiser.com\/wp-content\/uploads\/2025\/12\/logo.png\",\"contentUrl\":\"https:\/\/www.tourcruiser.com\/wp-content\/uploads\/2025\/12\/logo.png\",\"width\":200,\"height\":65,\"caption\":\"STYLORAL PTE. LTD\"},\"image\":{\"@id\":\"https:\/\/tourcruiser.com\/de\/#\/schema\/logo\/image\/\"}}]}<\/script>\n<!-- \/ Yoast SEO plugin. -->","yoast_head_json":{"title":"(Women) adidas Gazelle Indoor 'Blue Semi'  - Tourcruiser PTE. LTD","robots":{"index":"index","follow":"follow","max-snippet":"max-snippet:-1","max-image-preview":"max-image-preview:large","max-video-preview":"max-video-preview:-1"},"canonical":"https:\/\/tourcruiser.com\/de\/products\/women-adidas-gazelle-indoor-blue-semi\/","og_locale":"de_DE","og_type":"article","og_title":"(Women) adidas Gazelle Indoor 'Blue Semi'  - Tourcruiser PTE. LTD","og_description":"adidas Gazelle Indoor \u201d\u201d Blue\/Semi Pink Spark\/Gum","og_url":"https:\/\/tourcruiser.com\/de\/products\/women-adidas-gazelle-indoor-blue-semi\/","og_site_name":"Tourcruiser Sneaker Store","article_modified_time":"2026-03-27T18:27:55+00:00","twitter_card":"summary_large_image","twitter_image":"https:\/\/images.novelship.com\/product\/_women__adidas_gazelle_indoor__blue_semi__ig6785_0_87289.jpeg;https:\/\/images.novelship.com\/product\/_women__adidas_gazelle_indoor__blue_semi__ig6785_1_87289.jpeg;https:\/\/images.novelship.com\/product\/_women__adidas_gazelle_indoor__blue_semi__ig6785_2_87289.jpeg;https:\/\/images.novelship.com\/product\/_women__adidas_gazelle_indoor__blue_semi__ig6785_3_87289.jpeg;https:\/\/images.novelship.com\/product\/_women__adidas_gazelle_indoor__blue_semi__ig6785_4_87289.jpeg;https:\/\/images.novelship.com\/product\/_women__adidas_gazelle_indoor__blue_semi__ig6785_5_87289.jpeg;https:\/\/images.novelship.com\/product\/_women__adidas_gazelle_indoor__blue_semi__ig6785_6_87289.jpeg;https:\/\/images.novelship.com\/product\/_women__adidas_gazelle_indoor__blue_semi__ig6785_7_87289.jpeg;https:\/\/images.novelship.com\/product\/_women__adidas_gazelle_indoor__blue_semi__ig6785_8_87289.jpeg;https:\/\/images.novelship.com\/product\/_women__adidas_gazelle_indoor__blue_semi__ig6785_9_87289.jpeg","twitter_misc":{"Gesch\u00e4tzte Lesezeit":"1\u00a0Minute"},"schema":{"@context":"https:\/\/schema.org","@graph":[{"@type":"WebPage","@id":"https:\/\/tourcruiser.com\/de\/products\/women-adidas-gazelle-indoor-blue-semi\/","url":"https:\/\/tourcruiser.com\/de\/products\/women-adidas-gazelle-indoor-blue-semi\/","name":"(Women) adidas Gazelle Indoor 'Blue Semi' - Tourcruiser PTE. LTD","isPartOf":{"@id":"https:\/\/tourcruiser.com\/de\/#website"},"primaryImageOfPage":{"@id":"https:\/\/tourcruiser.com\/de\/products\/women-adidas-gazelle-indoor-blue-semi\/#primaryimage"},"image":{"@id":"https:\/\/tourcruiser.com\/de\/products\/women-adidas-gazelle-indoor-blue-semi\/#primaryimage"},"thumbnailUrl":"https:\/\/images.novelship.com\/product\/_women__adidas_gazelle_indoor__blue_semi__ig6785_0_87289.jpeg;https:\/\/images.novelship.com\/product\/_women__adidas_gazelle_indoor__blue_semi__ig6785_1_87289.jpeg;https:\/\/images.novelship.com\/product\/_women__adidas_gazelle_indoor__blue_semi__ig6785_2_87289.jpeg;https:\/\/images.novelship.com\/product\/_women__adidas_gazelle_indoor__blue_semi__ig6785_3_87289.jpeg;https:\/\/images.novelship.com\/product\/_women__adidas_gazelle_indoor__blue_semi__ig6785_4_87289.jpeg;https:\/\/images.novelship.com\/product\/_women__adidas_gazelle_indoor__blue_semi__ig6785_5_87289.jpeg;https:\/\/images.novelship.com\/product\/_women__adidas_gazelle_indoor__blue_semi__ig6785_6_87289.jpeg;https:\/\/images.novelship.com\/product\/_women__adidas_gazelle_indoor__blue_semi__ig6785_7_87289.jpeg;https:\/\/images.novelship.com\/product\/_women__adidas_gazelle_indoor__blue_semi__ig6785_8_87289.jpeg;https:\/\/images.novelship.com\/product\/_women__adidas_gazelle_indoor__blue_semi__ig6785_9_87289.jpeg","datePublished":"2026-03-02T09:03:16+00:00","dateModified":"2026-03-27T18:27:55+00:00","breadcrumb":{"@id":"https:\/\/tourcruiser.com\/de\/products\/women-adidas-gazelle-indoor-blue-semi\/#breadcrumb"},"inLanguage":"de","potentialAction":[{"@type":"ReadAction","target":["https:\/\/tourcruiser.com\/de\/products\/women-adidas-gazelle-indoor-blue-semi\/"]}]},{"@type":"ImageObject","inLanguage":"de","@id":"https:\/\/tourcruiser.com\/de\/products\/women-adidas-gazelle-indoor-blue-semi\/#primaryimage","url":"https:\/\/images.novelship.com\/product\/_women__adidas_gazelle_indoor__blue_semi__ig6785_0_87289.jpeg;https:\/\/images.novelship.com\/product\/_women__adidas_gazelle_indoor__blue_semi__ig6785_1_87289.jpeg;https:\/\/images.novelship.com\/product\/_women__adidas_gazelle_indoor__blue_semi__ig6785_2_87289.jpeg;https:\/\/images.novelship.com\/product\/_women__adidas_gazelle_indoor__blue_semi__ig6785_3_87289.jpeg;https:\/\/images.novelship.com\/product\/_women__adidas_gazelle_indoor__blue_semi__ig6785_4_87289.jpeg;https:\/\/images.novelship.com\/product\/_women__adidas_gazelle_indoor__blue_semi__ig6785_5_87289.jpeg;https:\/\/images.novelship.com\/product\/_women__adidas_gazelle_indoor__blue_semi__ig6785_6_87289.jpeg;https:\/\/images.novelship.com\/product\/_women__adidas_gazelle_indoor__blue_semi__ig6785_7_87289.jpeg;https:\/\/images.novelship.com\/product\/_women__adidas_gazelle_indoor__blue_semi__ig6785_8_87289.jpeg;https:\/\/images.novelship.com\/product\/_women__adidas_gazelle_indoor__blue_semi__ig6785_9_87289.jpeg","contentUrl":"https:\/\/images.novelship.com\/product\/_women__adidas_gazelle_indoor__blue_semi__ig6785_0_87289.jpeg;https:\/\/images.novelship.com\/product\/_women__adidas_gazelle_indoor__blue_semi__ig6785_1_87289.jpeg;https:\/\/images.novelship.com\/product\/_women__adidas_gazelle_indoor__blue_semi__ig6785_2_87289.jpeg;https:\/\/images.novelship.com\/product\/_women__adidas_gazelle_indoor__blue_semi__ig6785_3_87289.jpeg;https:\/\/images.novelship.com\/product\/_women__adidas_gazelle_indoor__blue_semi__ig6785_4_87289.jpeg;https:\/\/images.novelship.com\/product\/_women__adidas_gazelle_indoor__blue_semi__ig6785_5_87289.jpeg;https:\/\/images.novelship.com\/product\/_women__adidas_gazelle_indoor__blue_semi__ig6785_6_87289.jpeg;https:\/\/images.novelship.com\/product\/_women__adidas_gazelle_indoor__blue_semi__ig6785_7_87289.jpeg;https:\/\/images.novelship.com\/product\/_women__adidas_gazelle_indoor__blue_semi__ig6785_8_87289.jpeg;https:\/\/images.novelship.com\/product\/_women__adidas_gazelle_indoor__blue_semi__ig6785_9_87289.jpeg"},{"@type":"BreadcrumbList","@id":"https:\/\/tourcruiser.com\/de\/products\/women-adidas-gazelle-indoor-blue-semi\/#breadcrumb","itemListElement":[{"@type":"ListItem","position":1,"name":"Home","item":"https:\/\/tourcruiser.com\/de\/"},{"@type":"ListItem","position":2,"name":"Shop","item":"https:\/\/tourcruiser.com\/de\/shop\/"},{"@type":"ListItem","position":3,"name":"(Women) adidas Gazelle Indoor 'Blue Semi'"}]},{"@type":"WebSite","@id":"https:\/\/tourcruiser.com\/de\/#website","url":"https:\/\/tourcruiser.com\/de\/","name":"Styloral Jewelry Shop","description":"Tourcruiser Sneaker Store \u2014 der Ort, an dem das Universum deine Einzigartigkeit trifft.","publisher":{"@id":"https:\/\/tourcruiser.com\/de\/#organization"},"potentialAction":[{"@type":"SearchAction","target":{"@type":"EntryPoint","urlTemplate":"https:\/\/tourcruiser.com\/de\/?s={search_term_string}"},"query-input":{"@type":"PropertyValueSpecification","valueRequired":true,"valueName":"search_term_string"}}],"inLanguage":"de"},{"@type":"Organization","@id":"https:\/\/tourcruiser.com\/de\/#organization","name":"STYLORAL PTE. LTD","url":"https:\/\/tourcruiser.com\/de\/","logo":{"@type":"ImageObject","inLanguage":"de","@id":"https:\/\/tourcruiser.com\/de\/#\/schema\/logo\/image\/","url":"https:\/\/www.tourcruiser.com\/wp-content\/uploads\/2025\/12\/logo.png","contentUrl":"https:\/\/www.tourcruiser.com\/wp-content\/uploads\/2025\/12\/logo.png","width":200,"height":65,"caption":"STYLORAL PTE. LTD"},"image":{"@id":"https:\/\/tourcruiser.com\/de\/#\/schema\/logo\/image\/"}}]}},"_links":{"self":[{"href":"https:\/\/tourcruiser.com\/de\/wp-json\/wp\/v2\/product\/158278","targetHints":{"allow":["GET"]}}],"collection":[{"href":"https:\/\/tourcruiser.com\/de\/wp-json\/wp\/v2\/product"}],"about":[{"href":"https:\/\/tourcruiser.com\/de\/wp-json\/wp\/v2\/types\/product"}],"replies":[{"embeddable":true,"href":"https:\/\/tourcruiser.com\/de\/wp-json\/wp\/v2\/comments?post=158278"}],"wp:featuredmedia":[{"embeddable":true,"href":"https:\/\/tourcruiser.com\/de\/wp-json\/wp\/v2\/media\/158279"}],"wp:attachment":[{"href":"https:\/\/tourcruiser.com\/de\/wp-json\/wp\/v2\/media?parent=158278"}],"wp:term":[{"taxonomy":"product_brand","embeddable":true,"href":"https:\/\/tourcruiser.com\/de\/wp-json\/wp\/v2\/product_brand?post=158278"},{"taxonomy":"product_cat","embeddable":true,"href":"https:\/\/tourcruiser.com\/de\/wp-json\/wp\/v2\/product_cat?post=158278"},{"taxonomy":"product_tag","embeddable":true,"href":"https:\/\/tourcruiser.com\/de\/wp-json\/wp\/v2\/product_tag?post=158278"}],"curies":[{"name":"wp","href":"https:\/\/api.w.org\/{rel}","templated":true}]}}