{"id":157589,"date":"2026-03-02T16:02:20","date_gmt":"2026-03-02T09:02:20","guid":{"rendered":"http:\/\/tourcruiser.com\/product\/adidas-d-rose-son-of-chi-low-shoes"},"modified":"2026-03-28T01:27:24","modified_gmt":"2026-03-27T18:27:24","slug":"adidas-d-rose-son-of-chi-low-shoes","status":"publish","type":"product","link":"https:\/\/tourcruiser.com\/de\/products\/adidas-d-rose-son-of-chi-low-shoes\/","title":{"rendered":"adidas D Rose Son of Chi Low Shoes"},"content":{"rendered":"<p>Entfessle dein volles Potenzial mit dem Adidas D Rose Son of Chi Low Schuh IE7804 \u201d\u201c die perfekte Kombination aus stylischem Design und High-Performance. Dieser flache, vom Basketball inspirierte Schuh ist ideal f\u00fcr Sportler und alle, die gerne aktiv sind, und bietet au\u00dfergew\u00f6hnlichen Komfort und Halt. Dank fortschrittlicher D\u00e4mpfung und leichter Konstruktion profitierst du von verbesserter Agilit\u00e4t und gleichzeitig von hoher Strapazierf\u00e4higkeit \u201d\u201c egal ob auf dem Court oder der Stra\u00dfe. Das atmungsaktive Obermaterial sorgt f\u00fcr angenehm k\u00fchle F\u00fc\u00dfe auch bei intensivem Spiel, w\u00e4hrend die griffige Au\u00dfensohle dir bei jedem Schritt und jeder Drehung sicheren Halt gibt. Inspiriert von Derrick Rose, vereint das Design markante \u00c4sthetik mit funktionaler Perfektion und w\u00fcrdigt so seinen unb\u00e4ndigen Kampfgeist. Egal, ob du Basketball spielst oder deinen individuellen Style ausdr\u00fcckst \u201d\u201c dieser Schuh ist wie gemacht f\u00fcr deinen Einsatz. Verleihen Sie Ihrem Schuhstil mit dieser unvergleichlichen Kombination aus Form und Funktion das gewisse Etwas.<\/p>\n<ul>\n<li><strong>Farbgebung:<\/strong> Cloud White\/Core Black\/Linen Green<\/li>\n<li><strong>Artikelnummer:<\/strong> IE7804<\/li>\n<li><strong>Farbe:<\/strong> Wei\u00df<\/li>\n<\/ul>\n","protected":false},"excerpt":{"rendered":"<p>adidas D Rose Son of Chi Low \u201d\u201d Cloud White\/Core Black\/Linen Green<\/p>\n","protected":false},"featured_media":157590,"comment_status":"open","ping_status":"closed","template":"","meta":[],"product_brand":[],"product_cat":[10760],"product_tag":[10759,10799,10800,10802,10758],"class_list":{"0":"post-157589","1":"product","2":"type-product","3":"status-publish","4":"has-post-thumbnail","6":"product_cat-adidas","7":"product_tag-adidas","8":"product_tag-ankle-support-basketball-shoes","9":"product_tag-basketball-shoes","10":"product_tag-performance-sport-shoes","11":"product_tag-under-retail","12":"wcpa_has_options","14":"first","15":"outofstock","16":"taxable","17":"shipping-taxable","18":"purchasable","19":"product-type-simple"},"wcpa_form_fields":{"rules":{"pric_overide_base_price":false,"pric_overide_base_price_if_gt_zero":false,"pric_overide_base_price_fully":false,"pric_cal_option_once":false,"pric_use_as_fee":false,"bind_quantity":false,"quantity_bind_formula":false},"fields":[{"type":"color-group","required":true,"elementId":"wcpa-color-group-66c4a7f817afe","label":"Gr\u00f6\u00dfe","inline":true,"priceOptions":"different_for_all","pricingType":"fixed","className":"hassizechart product-shoes-size-eu product-shoes-size","name":"color-group-66c4a7f817b18","disp_type":"square","selection_type":"tick-border","disp_size":"50","show_label_inside":true,"adjust_width":true,"cart_display_type":"text","other_text":"Other","cl_rule":"show","col":6,"values":[{"label":"35","value":"EU 35","price":"","pimage":"","pimage_id":"","pthumb":"","color":""},{"label":"35.5","value":"EU 35.5","price":"","pimage":"","pimage_id":"","pthumb":"","color":""},{"label":"36","value":"EU 36","price":"","pimage":"","pimage_id":"","pthumb":"","color":"","selected":true},{"label":"36 2\/3","value":"EU 36 2\/3","price":"","pimage":"","pimage_id":"","pthumb":"","color":""},{"label":"37 1\/3","value":"EU 37 1\/3","price":"","pimage":"","pimage_id":"","pthumb":"","color":""},{"label":"38","value":"EU 38","price":"","pimage":"","pimage_id":"","pthumb":"","color":""},{"label":"38 2\/3","value":"EU 38 2\/3","price":"","pimage":"","pimage_id":"","pthumb":"","color":""},{"label":"39 1\/3","value":"EU 39 1\/3","price":"","pimage":"","pimage_id":"","pthumb":"","color":""},{"label":"40","value":"EU 40","price":"","pimage":"","pimage_id":"","pthumb":"","color":""},{"label":"40 2\/3","value":"EU 40 2\/3","price":"","pimage":"","pimage_id":"","pthumb":"","color":""},{"label":"41 1\/3","value":"EU 41 1\/3","price":"","pimage":"","pimage_id":"","pthumb":"","color":""},{"label":"42","value":"EU 42","price":"","pimage":"","pimage_id":"","pthumb":"","color":""},{"label":"42 2\/3","value":"EU 42 2\/3","price":"","pimage":"","pimage_id":"","pthumb":"","color":""},{"label":"43 1\/3","value":"EU 43 1\/3","price":"","pimage":"","pimage_id":"","pthumb":"","color":""},{"label":"44","value":"EU 44","price":"","pimage":"","pimage_id":"","pthumb":"","color":""},{"label":"44 2\/3","value":"EU 44 2\/3","price":"","pimage":"","pimage_id":"","pthumb":"","color":""},{"label":"45 1\/3","value":"EU 45 1\/3","price":"","pimage":"","pimage_id":"","pthumb":"","color":""},{"label":"46","value":"EU 46","price":"","pimage":"","pimage_id":"","pthumb":"","color":""},{"label":"46 2\/3","value":"EU 46 2\/3","price":"","pimage":"","pimage_id":"","pthumb":"","color":""},{"label":"47 1\/3","value":"EU 47 1\/3","price":"","pimage":"","pimage_id":"","pthumb":"","color":""}],"relations":[{"operator":false,"rules":[]}],"form_id":24802,"form_rules":{"pric_cal_option_once":false,"exclude_from_discount":false,"pric_use_as_fee":false,"fee_label":"Fee","render_after_acb":false,"disp_hide_options_price":false}}]},"yoast_head":"<!-- This site is optimized with the Yoast SEO plugin v26.5 - https:\/\/yoast.com\/wordpress\/plugins\/seo\/ -->\n<title>adidas D Rose Son of Chi Low Shoes  - Tourcruiser PTE. LTD<\/title>\n<meta name=\"robots\" content=\"index, follow, max-snippet:-1, max-image-preview:large, max-video-preview:-1\" \/>\n<link rel=\"canonical\" href=\"https:\/\/tourcruiser.com\/de\/products\/adidas-d-rose-son-of-chi-low-shoes\/\" \/>\n<meta property=\"og:locale\" content=\"de_DE\" \/>\n<meta property=\"og:type\" content=\"article\" \/>\n<meta property=\"og:title\" content=\"adidas D Rose Son of Chi Low Shoes  - Tourcruiser PTE. LTD\" \/>\n<meta property=\"og:description\" content=\"adidas D Rose Son of Chi Low \u201d\u201d Cloud White\/Core Black\/Linen Green\" \/>\n<meta property=\"og:url\" content=\"https:\/\/tourcruiser.com\/de\/products\/adidas-d-rose-son-of-chi-low-shoes\/\" \/>\n<meta property=\"og:site_name\" content=\"Tourcruiser Sneaker Store\" \/>\n<meta property=\"article:modified_time\" content=\"2026-03-27T18:27:24+00:00\" \/>\n<meta name=\"twitter:card\" content=\"summary_large_image\" \/>\n<meta name=\"twitter:image\" content=\"https:\/\/images.novelship.com\/product\/adidas_d_rose_son_of_chi_low_shoes_ie7804_0_18309.jpeg;https:\/\/images.novelship.com\/product\/adidas_d_rose_son_of_chi_low_shoes_ie7804_1_18309.jpeg;https:\/\/images.novelship.com\/product\/adidas_d_rose_son_of_chi_low_shoes_ie7804_2_18309.jpeg;https:\/\/images.novelship.com\/product\/adidas_d_rose_son_of_chi_low_shoes_ie7804_3_18309.jpeg;https:\/\/images.novelship.com\/product\/adidas_d_rose_son_of_chi_low_shoes_ie7804_4_18309.jpeg;https:\/\/images.novelship.com\/product\/adidas_d_rose_son_of_chi_low_shoes_ie7804_5_18309.jpeg;https:\/\/images.novelship.com\/product\/adidas_d_rose_son_of_chi_low_shoes_ie7804_6_18309.jpeg;https:\/\/images.novelship.com\/product\/adidas_d_rose_son_of_chi_low_shoes_ie7804_7_18309.jpeg\" \/>\n<meta name=\"twitter:label1\" content=\"Gesch\u00e4tzte Lesezeit\" \/>\n\t<meta name=\"twitter:data1\" content=\"1\u00a0Minute\" \/>\n<script type=\"application\/ld+json\" class=\"yoast-schema-graph\">{\"@context\":\"https:\/\/schema.org\",\"@graph\":[{\"@type\":\"WebPage\",\"@id\":\"https:\/\/tourcruiser.com\/de\/products\/adidas-d-rose-son-of-chi-low-shoes\/\",\"url\":\"https:\/\/tourcruiser.com\/de\/products\/adidas-d-rose-son-of-chi-low-shoes\/\",\"name\":\"adidas D Rose Son of Chi Low Shoes - Tourcruiser PTE. LTD\",\"isPartOf\":{\"@id\":\"https:\/\/tourcruiser.com\/de\/#website\"},\"primaryImageOfPage\":{\"@id\":\"https:\/\/tourcruiser.com\/de\/products\/adidas-d-rose-son-of-chi-low-shoes\/#primaryimage\"},\"image\":{\"@id\":\"https:\/\/tourcruiser.com\/de\/products\/adidas-d-rose-son-of-chi-low-shoes\/#primaryimage\"},\"thumbnailUrl\":\"https:\/\/images.novelship.com\/product\/adidas_d_rose_son_of_chi_low_shoes_ie7804_0_18309.jpeg;https:\/\/images.novelship.com\/product\/adidas_d_rose_son_of_chi_low_shoes_ie7804_1_18309.jpeg;https:\/\/images.novelship.com\/product\/adidas_d_rose_son_of_chi_low_shoes_ie7804_2_18309.jpeg;https:\/\/images.novelship.com\/product\/adidas_d_rose_son_of_chi_low_shoes_ie7804_3_18309.jpeg;https:\/\/images.novelship.com\/product\/adidas_d_rose_son_of_chi_low_shoes_ie7804_4_18309.jpeg;https:\/\/images.novelship.com\/product\/adidas_d_rose_son_of_chi_low_shoes_ie7804_5_18309.jpeg;https:\/\/images.novelship.com\/product\/adidas_d_rose_son_of_chi_low_shoes_ie7804_6_18309.jpeg;https:\/\/images.novelship.com\/product\/adidas_d_rose_son_of_chi_low_shoes_ie7804_7_18309.jpeg\",\"datePublished\":\"2026-03-02T09:02:20+00:00\",\"dateModified\":\"2026-03-27T18:27:24+00:00\",\"breadcrumb\":{\"@id\":\"https:\/\/tourcruiser.com\/de\/products\/adidas-d-rose-son-of-chi-low-shoes\/#breadcrumb\"},\"inLanguage\":\"de\",\"potentialAction\":[{\"@type\":\"ReadAction\",\"target\":[\"https:\/\/tourcruiser.com\/de\/products\/adidas-d-rose-son-of-chi-low-shoes\/\"]}]},{\"@type\":\"ImageObject\",\"inLanguage\":\"de\",\"@id\":\"https:\/\/tourcruiser.com\/de\/products\/adidas-d-rose-son-of-chi-low-shoes\/#primaryimage\",\"url\":\"https:\/\/images.novelship.com\/product\/adidas_d_rose_son_of_chi_low_shoes_ie7804_0_18309.jpeg;https:\/\/images.novelship.com\/product\/adidas_d_rose_son_of_chi_low_shoes_ie7804_1_18309.jpeg;https:\/\/images.novelship.com\/product\/adidas_d_rose_son_of_chi_low_shoes_ie7804_2_18309.jpeg;https:\/\/images.novelship.com\/product\/adidas_d_rose_son_of_chi_low_shoes_ie7804_3_18309.jpeg;https:\/\/images.novelship.com\/product\/adidas_d_rose_son_of_chi_low_shoes_ie7804_4_18309.jpeg;https:\/\/images.novelship.com\/product\/adidas_d_rose_son_of_chi_low_shoes_ie7804_5_18309.jpeg;https:\/\/images.novelship.com\/product\/adidas_d_rose_son_of_chi_low_shoes_ie7804_6_18309.jpeg;https:\/\/images.novelship.com\/product\/adidas_d_rose_son_of_chi_low_shoes_ie7804_7_18309.jpeg\",\"contentUrl\":\"https:\/\/images.novelship.com\/product\/adidas_d_rose_son_of_chi_low_shoes_ie7804_0_18309.jpeg;https:\/\/images.novelship.com\/product\/adidas_d_rose_son_of_chi_low_shoes_ie7804_1_18309.jpeg;https:\/\/images.novelship.com\/product\/adidas_d_rose_son_of_chi_low_shoes_ie7804_2_18309.jpeg;https:\/\/images.novelship.com\/product\/adidas_d_rose_son_of_chi_low_shoes_ie7804_3_18309.jpeg;https:\/\/images.novelship.com\/product\/adidas_d_rose_son_of_chi_low_shoes_ie7804_4_18309.jpeg;https:\/\/images.novelship.com\/product\/adidas_d_rose_son_of_chi_low_shoes_ie7804_5_18309.jpeg;https:\/\/images.novelship.com\/product\/adidas_d_rose_son_of_chi_low_shoes_ie7804_6_18309.jpeg;https:\/\/images.novelship.com\/product\/adidas_d_rose_son_of_chi_low_shoes_ie7804_7_18309.jpeg\"},{\"@type\":\"BreadcrumbList\",\"@id\":\"https:\/\/tourcruiser.com\/de\/products\/adidas-d-rose-son-of-chi-low-shoes\/#breadcrumb\",\"itemListElement\":[{\"@type\":\"ListItem\",\"position\":1,\"name\":\"Home\",\"item\":\"https:\/\/tourcruiser.com\/de\/\"},{\"@type\":\"ListItem\",\"position\":2,\"name\":\"Shop\",\"item\":\"https:\/\/tourcruiser.com\/de\/shop\/\"},{\"@type\":\"ListItem\",\"position\":3,\"name\":\"adidas D Rose Son of Chi Low Shoes\"}]},{\"@type\":\"WebSite\",\"@id\":\"https:\/\/tourcruiser.com\/de\/#website\",\"url\":\"https:\/\/tourcruiser.com\/de\/\",\"name\":\"Styloral Jewelry Shop\",\"description\":\"Tourcruiser Sneaker Store \u2014 der Ort, an dem das Universum deine Einzigartigkeit trifft.\",\"publisher\":{\"@id\":\"https:\/\/tourcruiser.com\/de\/#organization\"},\"potentialAction\":[{\"@type\":\"SearchAction\",\"target\":{\"@type\":\"EntryPoint\",\"urlTemplate\":\"https:\/\/tourcruiser.com\/de\/?s={search_term_string}\"},\"query-input\":{\"@type\":\"PropertyValueSpecification\",\"valueRequired\":true,\"valueName\":\"search_term_string\"}}],\"inLanguage\":\"de\"},{\"@type\":\"Organization\",\"@id\":\"https:\/\/tourcruiser.com\/de\/#organization\",\"name\":\"STYLORAL PTE. LTD\",\"url\":\"https:\/\/tourcruiser.com\/de\/\",\"logo\":{\"@type\":\"ImageObject\",\"inLanguage\":\"de\",\"@id\":\"https:\/\/tourcruiser.com\/de\/#\/schema\/logo\/image\/\",\"url\":\"https:\/\/www.tourcruiser.com\/wp-content\/uploads\/2025\/12\/logo.png\",\"contentUrl\":\"https:\/\/www.tourcruiser.com\/wp-content\/uploads\/2025\/12\/logo.png\",\"width\":200,\"height\":65,\"caption\":\"STYLORAL PTE. LTD\"},\"image\":{\"@id\":\"https:\/\/tourcruiser.com\/de\/#\/schema\/logo\/image\/\"}}]}<\/script>\n<!-- \/ Yoast SEO plugin. -->","yoast_head_json":{"title":"adidas D Rose Son of Chi Low Shoes  - Tourcruiser PTE. LTD","robots":{"index":"index","follow":"follow","max-snippet":"max-snippet:-1","max-image-preview":"max-image-preview:large","max-video-preview":"max-video-preview:-1"},"canonical":"https:\/\/tourcruiser.com\/de\/products\/adidas-d-rose-son-of-chi-low-shoes\/","og_locale":"de_DE","og_type":"article","og_title":"adidas D Rose Son of Chi Low Shoes  - Tourcruiser PTE. LTD","og_description":"adidas D Rose Son of Chi Low \u201d\u201d Cloud White\/Core Black\/Linen Green","og_url":"https:\/\/tourcruiser.com\/de\/products\/adidas-d-rose-son-of-chi-low-shoes\/","og_site_name":"Tourcruiser Sneaker Store","article_modified_time":"2026-03-27T18:27:24+00:00","twitter_card":"summary_large_image","twitter_image":"https:\/\/images.novelship.com\/product\/adidas_d_rose_son_of_chi_low_shoes_ie7804_0_18309.jpeg;https:\/\/images.novelship.com\/product\/adidas_d_rose_son_of_chi_low_shoes_ie7804_1_18309.jpeg;https:\/\/images.novelship.com\/product\/adidas_d_rose_son_of_chi_low_shoes_ie7804_2_18309.jpeg;https:\/\/images.novelship.com\/product\/adidas_d_rose_son_of_chi_low_shoes_ie7804_3_18309.jpeg;https:\/\/images.novelship.com\/product\/adidas_d_rose_son_of_chi_low_shoes_ie7804_4_18309.jpeg;https:\/\/images.novelship.com\/product\/adidas_d_rose_son_of_chi_low_shoes_ie7804_5_18309.jpeg;https:\/\/images.novelship.com\/product\/adidas_d_rose_son_of_chi_low_shoes_ie7804_6_18309.jpeg;https:\/\/images.novelship.com\/product\/adidas_d_rose_son_of_chi_low_shoes_ie7804_7_18309.jpeg","twitter_misc":{"Gesch\u00e4tzte Lesezeit":"1\u00a0Minute"},"schema":{"@context":"https:\/\/schema.org","@graph":[{"@type":"WebPage","@id":"https:\/\/tourcruiser.com\/de\/products\/adidas-d-rose-son-of-chi-low-shoes\/","url":"https:\/\/tourcruiser.com\/de\/products\/adidas-d-rose-son-of-chi-low-shoes\/","name":"adidas D Rose Son of Chi Low Shoes - Tourcruiser PTE. LTD","isPartOf":{"@id":"https:\/\/tourcruiser.com\/de\/#website"},"primaryImageOfPage":{"@id":"https:\/\/tourcruiser.com\/de\/products\/adidas-d-rose-son-of-chi-low-shoes\/#primaryimage"},"image":{"@id":"https:\/\/tourcruiser.com\/de\/products\/adidas-d-rose-son-of-chi-low-shoes\/#primaryimage"},"thumbnailUrl":"https:\/\/images.novelship.com\/product\/adidas_d_rose_son_of_chi_low_shoes_ie7804_0_18309.jpeg;https:\/\/images.novelship.com\/product\/adidas_d_rose_son_of_chi_low_shoes_ie7804_1_18309.jpeg;https:\/\/images.novelship.com\/product\/adidas_d_rose_son_of_chi_low_shoes_ie7804_2_18309.jpeg;https:\/\/images.novelship.com\/product\/adidas_d_rose_son_of_chi_low_shoes_ie7804_3_18309.jpeg;https:\/\/images.novelship.com\/product\/adidas_d_rose_son_of_chi_low_shoes_ie7804_4_18309.jpeg;https:\/\/images.novelship.com\/product\/adidas_d_rose_son_of_chi_low_shoes_ie7804_5_18309.jpeg;https:\/\/images.novelship.com\/product\/adidas_d_rose_son_of_chi_low_shoes_ie7804_6_18309.jpeg;https:\/\/images.novelship.com\/product\/adidas_d_rose_son_of_chi_low_shoes_ie7804_7_18309.jpeg","datePublished":"2026-03-02T09:02:20+00:00","dateModified":"2026-03-27T18:27:24+00:00","breadcrumb":{"@id":"https:\/\/tourcruiser.com\/de\/products\/adidas-d-rose-son-of-chi-low-shoes\/#breadcrumb"},"inLanguage":"de","potentialAction":[{"@type":"ReadAction","target":["https:\/\/tourcruiser.com\/de\/products\/adidas-d-rose-son-of-chi-low-shoes\/"]}]},{"@type":"ImageObject","inLanguage":"de","@id":"https:\/\/tourcruiser.com\/de\/products\/adidas-d-rose-son-of-chi-low-shoes\/#primaryimage","url":"https:\/\/images.novelship.com\/product\/adidas_d_rose_son_of_chi_low_shoes_ie7804_0_18309.jpeg;https:\/\/images.novelship.com\/product\/adidas_d_rose_son_of_chi_low_shoes_ie7804_1_18309.jpeg;https:\/\/images.novelship.com\/product\/adidas_d_rose_son_of_chi_low_shoes_ie7804_2_18309.jpeg;https:\/\/images.novelship.com\/product\/adidas_d_rose_son_of_chi_low_shoes_ie7804_3_18309.jpeg;https:\/\/images.novelship.com\/product\/adidas_d_rose_son_of_chi_low_shoes_ie7804_4_18309.jpeg;https:\/\/images.novelship.com\/product\/adidas_d_rose_son_of_chi_low_shoes_ie7804_5_18309.jpeg;https:\/\/images.novelship.com\/product\/adidas_d_rose_son_of_chi_low_shoes_ie7804_6_18309.jpeg;https:\/\/images.novelship.com\/product\/adidas_d_rose_son_of_chi_low_shoes_ie7804_7_18309.jpeg","contentUrl":"https:\/\/images.novelship.com\/product\/adidas_d_rose_son_of_chi_low_shoes_ie7804_0_18309.jpeg;https:\/\/images.novelship.com\/product\/adidas_d_rose_son_of_chi_low_shoes_ie7804_1_18309.jpeg;https:\/\/images.novelship.com\/product\/adidas_d_rose_son_of_chi_low_shoes_ie7804_2_18309.jpeg;https:\/\/images.novelship.com\/product\/adidas_d_rose_son_of_chi_low_shoes_ie7804_3_18309.jpeg;https:\/\/images.novelship.com\/product\/adidas_d_rose_son_of_chi_low_shoes_ie7804_4_18309.jpeg;https:\/\/images.novelship.com\/product\/adidas_d_rose_son_of_chi_low_shoes_ie7804_5_18309.jpeg;https:\/\/images.novelship.com\/product\/adidas_d_rose_son_of_chi_low_shoes_ie7804_6_18309.jpeg;https:\/\/images.novelship.com\/product\/adidas_d_rose_son_of_chi_low_shoes_ie7804_7_18309.jpeg"},{"@type":"BreadcrumbList","@id":"https:\/\/tourcruiser.com\/de\/products\/adidas-d-rose-son-of-chi-low-shoes\/#breadcrumb","itemListElement":[{"@type":"ListItem","position":1,"name":"Home","item":"https:\/\/tourcruiser.com\/de\/"},{"@type":"ListItem","position":2,"name":"Shop","item":"https:\/\/tourcruiser.com\/de\/shop\/"},{"@type":"ListItem","position":3,"name":"adidas D Rose Son of Chi Low Shoes"}]},{"@type":"WebSite","@id":"https:\/\/tourcruiser.com\/de\/#website","url":"https:\/\/tourcruiser.com\/de\/","name":"Styloral Jewelry Shop","description":"Tourcruiser Sneaker Store \u2014 der Ort, an dem das Universum deine Einzigartigkeit trifft.","publisher":{"@id":"https:\/\/tourcruiser.com\/de\/#organization"},"potentialAction":[{"@type":"SearchAction","target":{"@type":"EntryPoint","urlTemplate":"https:\/\/tourcruiser.com\/de\/?s={search_term_string}"},"query-input":{"@type":"PropertyValueSpecification","valueRequired":true,"valueName":"search_term_string"}}],"inLanguage":"de"},{"@type":"Organization","@id":"https:\/\/tourcruiser.com\/de\/#organization","name":"STYLORAL PTE. LTD","url":"https:\/\/tourcruiser.com\/de\/","logo":{"@type":"ImageObject","inLanguage":"de","@id":"https:\/\/tourcruiser.com\/de\/#\/schema\/logo\/image\/","url":"https:\/\/www.tourcruiser.com\/wp-content\/uploads\/2025\/12\/logo.png","contentUrl":"https:\/\/www.tourcruiser.com\/wp-content\/uploads\/2025\/12\/logo.png","width":200,"height":65,"caption":"STYLORAL PTE. LTD"},"image":{"@id":"https:\/\/tourcruiser.com\/de\/#\/schema\/logo\/image\/"}}]}},"_links":{"self":[{"href":"https:\/\/tourcruiser.com\/de\/wp-json\/wp\/v2\/product\/157589","targetHints":{"allow":["GET"]}}],"collection":[{"href":"https:\/\/tourcruiser.com\/de\/wp-json\/wp\/v2\/product"}],"about":[{"href":"https:\/\/tourcruiser.com\/de\/wp-json\/wp\/v2\/types\/product"}],"replies":[{"embeddable":true,"href":"https:\/\/tourcruiser.com\/de\/wp-json\/wp\/v2\/comments?post=157589"}],"wp:featuredmedia":[{"embeddable":true,"href":"https:\/\/tourcruiser.com\/de\/wp-json\/wp\/v2\/media\/157590"}],"wp:attachment":[{"href":"https:\/\/tourcruiser.com\/de\/wp-json\/wp\/v2\/media?parent=157589"}],"wp:term":[{"taxonomy":"product_brand","embeddable":true,"href":"https:\/\/tourcruiser.com\/de\/wp-json\/wp\/v2\/product_brand?post=157589"},{"taxonomy":"product_cat","embeddable":true,"href":"https:\/\/tourcruiser.com\/de\/wp-json\/wp\/v2\/product_cat?post=157589"},{"taxonomy":"product_tag","embeddable":true,"href":"https:\/\/tourcruiser.com\/de\/wp-json\/wp\/v2\/product_tag?post=157589"}],"curies":[{"name":"wp","href":"https:\/\/api.w.org\/{rel}","templated":true}]}}