{"id":157539,"date":"2026-03-02T16:02:15","date_gmt":"2026-03-02T09:02:15","guid":{"rendered":"http:\/\/tourcruiser.com\/product\/nike-metcon-1-og"},"modified":"2026-03-28T01:27:22","modified_gmt":"2026-03-27T18:27:22","slug":"nike-metcon-1-og","status":"publish","type":"product","link":"https:\/\/tourcruiser.com\/de\/products\/nike-metcon-1-og\/","title":{"rendered":"Nike Metcon 1 OG"},"content":{"rendered":"<p>Der Nike Metcon 1 OG FQ1854-003 ist ein Hochleistungs-Trainingsschuh, der auf Strapazierf\u00e4higkeit, Stabilit\u00e4t und Vielseitigkeit ausgelegt ist und sich perfekt f\u00fcr intensive Workouts und dynamische Bewegungen eignet. Das robuste und leichte Obermaterial bietet unvergleichliche Atmungsaktivit\u00e4t und Komfort, w\u00e4hrend die flache, stabile Sohle optimalen Grip und Halt bei schweren Gewichten und \u00dcbungen mit hoher Belastung gew\u00e4hrleistet. Pr\u00e4zise konzipiert f\u00fcr eine Vielzahl von Fitnessaktivit\u00e4ten, vom Gewichtheben bis zum Cardio-Training, bietet diese ikonische Silhouette au\u00dfergew\u00f6hnliche Traktion und Kontrolle auf verschiedenen Untergr\u00fcnden. Strategische Verst\u00e4rkungen sorgen f\u00fcr zus\u00e4tzliche Strapazierf\u00e4higkeit beim Seilklettern und bei anspruchsvollen \u00dcbungen und machen den Schuh zu einem zuverl\u00e4ssigen Begleiter f\u00fcr Athleten, die an ihre Grenzen gehen. Das OG-Design vereint Retro-\u00c4sthetik mit modernster Innovation und ist eine Hommage an die Metcon-Tradition \u201d\u201c damit du bei jedem Workout mit Stil startest. Egal ob du im Fitnessstudio pers\u00f6nliche Bestleistungen anstrebst oder funktionelle Fitness-Herausforderungen meisterst, der Nike Metcon 1 OG bietet die perfekte Balance aus Leistung, Strapazierf\u00e4higkeit und Komfort.<\/p>\n<ul>\n<li><strong>Farbgebung:<\/strong> Dunkelgrau\/Volt\/Schwarz\/Wei\u00df<\/li>\n<li><strong>Style-Code:<\/strong> FQ1854-003<\/li>\n<li><strong>Obermaterial:<\/strong> Synthetik<\/li>\n<li><strong>Zwischensohle:<\/strong> Cushlon<\/li>\n<li><strong>Farbe:<\/strong> Grau<\/li>\n<\/ul>\n","protected":false},"excerpt":{"rendered":"<p>Nike Metcon 1 OG \u201d\u201d Dark Gray\/Volt\/Black\/White<\/p>\n","protected":false},"featured_media":157540,"comment_status":"open","ping_status":"closed","template":"","meta":[],"product_brand":[],"product_cat":[10803],"product_tag":[10799,10800,10801,10802,10873,10758],"class_list":{"0":"post-157539","1":"product","2":"type-product","3":"status-publish","4":"has-post-thumbnail","6":"product_cat-nike","7":"product_tag-ankle-support-basketball-shoes","8":"product_tag-basketball-shoes","9":"product_tag-nike","10":"product_tag-performance-sport-shoes","11":"product_tag-training-shoes","12":"product_tag-under-retail","13":"wcpa_has_options","15":"first","16":"outofstock","17":"taxable","18":"shipping-taxable","19":"purchasable","20":"product-type-simple"},"wcpa_form_fields":{"rules":{"pric_overide_base_price":false,"pric_overide_base_price_if_gt_zero":false,"pric_overide_base_price_fully":false,"pric_cal_option_once":false,"pric_use_as_fee":false,"bind_quantity":false,"quantity_bind_formula":false},"fields":[{"type":"color-group","required":true,"elementId":"wcpa-color-group-66c4a75505e74","label":"Gr\u00f6\u00dfe - EU Gr\u00f6\u00dfe","inline":true,"priceOptions":"different_for_all","pricingType":"fixed","className":"hassizechart product-shoes-size-eu product-shoes-size","name":"color-group-66c4a75505e89","disp_type":"square","selection_type":"tick-border","disp_size":"44","show_label_inside":true,"adjust_width":true,"cart_display_type":"text","other_text":"Other","cl_rule":"show","col":6,"values":[{"label":"35.5","value":"EU 35.5","price":"","pimage":"","pimage_id":"","pthumb":"","color":""},{"label":"36","value":"EU 36","price":"","pimage":"","pimage_id":"","pthumb":"","color":"","selected":true},{"label":"36.5","value":"EU 36.5","price":"","pimage":"","pimage_id":"","pthumb":"","color":""},{"label":"37.5","value":"EU 37.5","price":"","pimage":"","pimage_id":"","pthumb":"","color":""},{"label":"38","value":"EU 38","price":"","pimage":"","pimage_id":"","pthumb":"","color":""},{"label":"38.5","value":"EU 38.5","price":"","pimage":"","pimage_id":"","pthumb":"","color":""},{"label":"39","value":"EU 39","price":"","pimage":"","pimage_id":"","pthumb":"","color":""},{"label":"40","value":"EU 40","price":"","pimage":"","pimage_id":"","pthumb":"","color":""},{"label":"40.5","value":"EU 40.5","price":"","pimage":"","pimage_id":"","pthumb":"","color":""},{"label":"41","value":"EU 41","price":"","pimage":"","pimage_id":"","pthumb":"","color":""},{"label":"42","value":"EU 42","price":"","pimage":"","pimage_id":"","pthumb":"","color":""},{"label":"42.5","value":"EU 42.5","price":"","pimage":"","pimage_id":"","pthumb":"","color":""},{"label":"43","value":"EU 43","price":"","pimage":"","pimage_id":"","pthumb":"","color":""},{"label":"44","value":"EU 44","price":"","pimage":"","pimage_id":"","pthumb":"","color":""},{"label":"44.5","value":"EU 44.5","price":"","pimage":"","pimage_id":"","pthumb":"","color":""},{"label":"45","value":"EU 45","price":"","pimage":"","pimage_id":"","pthumb":"","color":""},{"label":"45.5","value":"EU 45.5","price":"","pimage":"","pimage_id":"","pthumb":"","color":""},{"label":"46","value":"EU 46","price":"","pimage":"","pimage_id":"","pthumb":"","color":""},{"label":"47","value":"EU 47","price":"","pimage":"","pimage_id":"","pthumb":"","color":""},{"label":"47.5","value":"EU 47.5","price":"","pimage":"","pimage_id":"","pthumb":"","color":""},{"label":"48","value":"EU 48","price":"","pimage":"","pimage_id":"","pthumb":"","color":""}],"relations":[{"operator":false,"rules":[]}],"form_id":18106,"form_rules":{"pric_cal_option_once":false,"exclude_from_discount":false,"pric_use_as_fee":false,"fee_label":"Fee","render_after_acb":false,"disp_hide_options_price":false}}]},"yoast_head":"<!-- This site is optimized with the Yoast SEO plugin v26.5 - https:\/\/yoast.com\/wordpress\/plugins\/seo\/ -->\n<title>Nike Metcon 1 OG  - Tourcruiser PTE. LTD<\/title>\n<meta name=\"robots\" content=\"index, follow, max-snippet:-1, max-image-preview:large, max-video-preview:-1\" \/>\n<link rel=\"canonical\" href=\"https:\/\/tourcruiser.com\/de\/products\/nike-metcon-1-og\/\" \/>\n<meta property=\"og:locale\" content=\"de_DE\" \/>\n<meta property=\"og:type\" content=\"article\" \/>\n<meta property=\"og:title\" content=\"Nike Metcon 1 OG  - Tourcruiser PTE. LTD\" \/>\n<meta property=\"og:description\" content=\"Nike Metcon 1 OG \u201d\u201d Dark Gray\/Volt\/Black\/White\" \/>\n<meta property=\"og:url\" content=\"https:\/\/tourcruiser.com\/de\/products\/nike-metcon-1-og\/\" \/>\n<meta property=\"og:site_name\" content=\"Tourcruiser Sneaker Store\" \/>\n<meta property=\"article:modified_time\" content=\"2026-03-27T18:27:22+00:00\" \/>\n<meta name=\"twitter:card\" content=\"summary_large_image\" \/>\n<meta name=\"twitter:image\" content=\"https:\/\/images.novelship.com\/product\/nike_metcon_1_og_fq1854-003_0_43971.png;https:\/\/images.novelship.com\/product\/nike_metcon_1_og_fq1854-003_1_43971.png;https:\/\/images.novelship.com\/product\/nike_metcon_1_og_fq1854-003_2_43972.png;https:\/\/images.novelship.com\/product\/nike_metcon_1_og_fq1854-003_3_43972.png;https:\/\/images.novelship.com\/product\/nike_metcon_1_og_fq1854-003_4_43972.png;https:\/\/images.novelship.com\/product\/nike_metcon_1_og_fq1854-003_5_43972.png;https:\/\/images.novelship.com\/product\/nike_metcon_1_og_fq1854-003_6_43972.png;https:\/\/images.novelship.com\/product\/nike_metcon_1_og_fq1854-003_7_43972.png;https:\/\/images.novelship.com\/product\/nike_metcon_1_og_fq1854-003_8_43972.png\" \/>\n<meta name=\"twitter:label1\" content=\"Gesch\u00e4tzte Lesezeit\" \/>\n\t<meta name=\"twitter:data1\" content=\"1\u00a0Minute\" \/>\n<script type=\"application\/ld+json\" class=\"yoast-schema-graph\">{\"@context\":\"https:\/\/schema.org\",\"@graph\":[{\"@type\":\"WebPage\",\"@id\":\"https:\/\/tourcruiser.com\/de\/products\/nike-metcon-1-og\/\",\"url\":\"https:\/\/tourcruiser.com\/de\/products\/nike-metcon-1-og\/\",\"name\":\"Nike Metcon 1 OG - Tourcruiser PTE. LTD\",\"isPartOf\":{\"@id\":\"https:\/\/tourcruiser.com\/de\/#website\"},\"primaryImageOfPage\":{\"@id\":\"https:\/\/tourcruiser.com\/de\/products\/nike-metcon-1-og\/#primaryimage\"},\"image\":{\"@id\":\"https:\/\/tourcruiser.com\/de\/products\/nike-metcon-1-og\/#primaryimage\"},\"thumbnailUrl\":\"https:\/\/images.novelship.com\/product\/nike_metcon_1_og_fq1854-003_0_43971.png;https:\/\/images.novelship.com\/product\/nike_metcon_1_og_fq1854-003_1_43971.png;https:\/\/images.novelship.com\/product\/nike_metcon_1_og_fq1854-003_2_43972.png;https:\/\/images.novelship.com\/product\/nike_metcon_1_og_fq1854-003_3_43972.png;https:\/\/images.novelship.com\/product\/nike_metcon_1_og_fq1854-003_4_43972.png;https:\/\/images.novelship.com\/product\/nike_metcon_1_og_fq1854-003_5_43972.png;https:\/\/images.novelship.com\/product\/nike_metcon_1_og_fq1854-003_6_43972.png;https:\/\/images.novelship.com\/product\/nike_metcon_1_og_fq1854-003_7_43972.png;https:\/\/images.novelship.com\/product\/nike_metcon_1_og_fq1854-003_8_43972.png\",\"datePublished\":\"2026-03-02T09:02:15+00:00\",\"dateModified\":\"2026-03-27T18:27:22+00:00\",\"breadcrumb\":{\"@id\":\"https:\/\/tourcruiser.com\/de\/products\/nike-metcon-1-og\/#breadcrumb\"},\"inLanguage\":\"de\",\"potentialAction\":[{\"@type\":\"ReadAction\",\"target\":[\"https:\/\/tourcruiser.com\/de\/products\/nike-metcon-1-og\/\"]}]},{\"@type\":\"ImageObject\",\"inLanguage\":\"de\",\"@id\":\"https:\/\/tourcruiser.com\/de\/products\/nike-metcon-1-og\/#primaryimage\",\"url\":\"https:\/\/images.novelship.com\/product\/nike_metcon_1_og_fq1854-003_0_43971.png;https:\/\/images.novelship.com\/product\/nike_metcon_1_og_fq1854-003_1_43971.png;https:\/\/images.novelship.com\/product\/nike_metcon_1_og_fq1854-003_2_43972.png;https:\/\/images.novelship.com\/product\/nike_metcon_1_og_fq1854-003_3_43972.png;https:\/\/images.novelship.com\/product\/nike_metcon_1_og_fq1854-003_4_43972.png;https:\/\/images.novelship.com\/product\/nike_metcon_1_og_fq1854-003_5_43972.png;https:\/\/images.novelship.com\/product\/nike_metcon_1_og_fq1854-003_6_43972.png;https:\/\/images.novelship.com\/product\/nike_metcon_1_og_fq1854-003_7_43972.png;https:\/\/images.novelship.com\/product\/nike_metcon_1_og_fq1854-003_8_43972.png\",\"contentUrl\":\"https:\/\/images.novelship.com\/product\/nike_metcon_1_og_fq1854-003_0_43971.png;https:\/\/images.novelship.com\/product\/nike_metcon_1_og_fq1854-003_1_43971.png;https:\/\/images.novelship.com\/product\/nike_metcon_1_og_fq1854-003_2_43972.png;https:\/\/images.novelship.com\/product\/nike_metcon_1_og_fq1854-003_3_43972.png;https:\/\/images.novelship.com\/product\/nike_metcon_1_og_fq1854-003_4_43972.png;https:\/\/images.novelship.com\/product\/nike_metcon_1_og_fq1854-003_5_43972.png;https:\/\/images.novelship.com\/product\/nike_metcon_1_og_fq1854-003_6_43972.png;https:\/\/images.novelship.com\/product\/nike_metcon_1_og_fq1854-003_7_43972.png;https:\/\/images.novelship.com\/product\/nike_metcon_1_og_fq1854-003_8_43972.png\"},{\"@type\":\"BreadcrumbList\",\"@id\":\"https:\/\/tourcruiser.com\/de\/products\/nike-metcon-1-og\/#breadcrumb\",\"itemListElement\":[{\"@type\":\"ListItem\",\"position\":1,\"name\":\"Home\",\"item\":\"https:\/\/tourcruiser.com\/de\/\"},{\"@type\":\"ListItem\",\"position\":2,\"name\":\"Shop\",\"item\":\"https:\/\/tourcruiser.com\/de\/shop\/\"},{\"@type\":\"ListItem\",\"position\":3,\"name\":\"Nike Metcon 1 OG\"}]},{\"@type\":\"WebSite\",\"@id\":\"https:\/\/tourcruiser.com\/de\/#website\",\"url\":\"https:\/\/tourcruiser.com\/de\/\",\"name\":\"Styloral Jewelry Shop\",\"description\":\"Tourcruiser Sneaker Store \u2014 der Ort, an dem das Universum deine Einzigartigkeit trifft.\",\"publisher\":{\"@id\":\"https:\/\/tourcruiser.com\/de\/#organization\"},\"potentialAction\":[{\"@type\":\"SearchAction\",\"target\":{\"@type\":\"EntryPoint\",\"urlTemplate\":\"https:\/\/tourcruiser.com\/de\/?s={search_term_string}\"},\"query-input\":{\"@type\":\"PropertyValueSpecification\",\"valueRequired\":true,\"valueName\":\"search_term_string\"}}],\"inLanguage\":\"de\"},{\"@type\":\"Organization\",\"@id\":\"https:\/\/tourcruiser.com\/de\/#organization\",\"name\":\"STYLORAL PTE. LTD\",\"url\":\"https:\/\/tourcruiser.com\/de\/\",\"logo\":{\"@type\":\"ImageObject\",\"inLanguage\":\"de\",\"@id\":\"https:\/\/tourcruiser.com\/de\/#\/schema\/logo\/image\/\",\"url\":\"https:\/\/www.tourcruiser.com\/wp-content\/uploads\/2025\/12\/logo.png\",\"contentUrl\":\"https:\/\/www.tourcruiser.com\/wp-content\/uploads\/2025\/12\/logo.png\",\"width\":200,\"height\":65,\"caption\":\"STYLORAL PTE. LTD\"},\"image\":{\"@id\":\"https:\/\/tourcruiser.com\/de\/#\/schema\/logo\/image\/\"}}]}<\/script>\n<!-- \/ Yoast SEO plugin. -->","yoast_head_json":{"title":"Nike Metcon 1 OG  - Tourcruiser PTE. LTD","robots":{"index":"index","follow":"follow","max-snippet":"max-snippet:-1","max-image-preview":"max-image-preview:large","max-video-preview":"max-video-preview:-1"},"canonical":"https:\/\/tourcruiser.com\/de\/products\/nike-metcon-1-og\/","og_locale":"de_DE","og_type":"article","og_title":"Nike Metcon 1 OG  - Tourcruiser PTE. LTD","og_description":"Nike Metcon 1 OG \u201d\u201d Dark Gray\/Volt\/Black\/White","og_url":"https:\/\/tourcruiser.com\/de\/products\/nike-metcon-1-og\/","og_site_name":"Tourcruiser Sneaker Store","article_modified_time":"2026-03-27T18:27:22+00:00","twitter_card":"summary_large_image","twitter_image":"https:\/\/images.novelship.com\/product\/nike_metcon_1_og_fq1854-003_0_43971.png;https:\/\/images.novelship.com\/product\/nike_metcon_1_og_fq1854-003_1_43971.png;https:\/\/images.novelship.com\/product\/nike_metcon_1_og_fq1854-003_2_43972.png;https:\/\/images.novelship.com\/product\/nike_metcon_1_og_fq1854-003_3_43972.png;https:\/\/images.novelship.com\/product\/nike_metcon_1_og_fq1854-003_4_43972.png;https:\/\/images.novelship.com\/product\/nike_metcon_1_og_fq1854-003_5_43972.png;https:\/\/images.novelship.com\/product\/nike_metcon_1_og_fq1854-003_6_43972.png;https:\/\/images.novelship.com\/product\/nike_metcon_1_og_fq1854-003_7_43972.png;https:\/\/images.novelship.com\/product\/nike_metcon_1_og_fq1854-003_8_43972.png","twitter_misc":{"Gesch\u00e4tzte Lesezeit":"1\u00a0Minute"},"schema":{"@context":"https:\/\/schema.org","@graph":[{"@type":"WebPage","@id":"https:\/\/tourcruiser.com\/de\/products\/nike-metcon-1-og\/","url":"https:\/\/tourcruiser.com\/de\/products\/nike-metcon-1-og\/","name":"Nike Metcon 1 OG - Tourcruiser PTE. LTD","isPartOf":{"@id":"https:\/\/tourcruiser.com\/de\/#website"},"primaryImageOfPage":{"@id":"https:\/\/tourcruiser.com\/de\/products\/nike-metcon-1-og\/#primaryimage"},"image":{"@id":"https:\/\/tourcruiser.com\/de\/products\/nike-metcon-1-og\/#primaryimage"},"thumbnailUrl":"https:\/\/images.novelship.com\/product\/nike_metcon_1_og_fq1854-003_0_43971.png;https:\/\/images.novelship.com\/product\/nike_metcon_1_og_fq1854-003_1_43971.png;https:\/\/images.novelship.com\/product\/nike_metcon_1_og_fq1854-003_2_43972.png;https:\/\/images.novelship.com\/product\/nike_metcon_1_og_fq1854-003_3_43972.png;https:\/\/images.novelship.com\/product\/nike_metcon_1_og_fq1854-003_4_43972.png;https:\/\/images.novelship.com\/product\/nike_metcon_1_og_fq1854-003_5_43972.png;https:\/\/images.novelship.com\/product\/nike_metcon_1_og_fq1854-003_6_43972.png;https:\/\/images.novelship.com\/product\/nike_metcon_1_og_fq1854-003_7_43972.png;https:\/\/images.novelship.com\/product\/nike_metcon_1_og_fq1854-003_8_43972.png","datePublished":"2026-03-02T09:02:15+00:00","dateModified":"2026-03-27T18:27:22+00:00","breadcrumb":{"@id":"https:\/\/tourcruiser.com\/de\/products\/nike-metcon-1-og\/#breadcrumb"},"inLanguage":"de","potentialAction":[{"@type":"ReadAction","target":["https:\/\/tourcruiser.com\/de\/products\/nike-metcon-1-og\/"]}]},{"@type":"ImageObject","inLanguage":"de","@id":"https:\/\/tourcruiser.com\/de\/products\/nike-metcon-1-og\/#primaryimage","url":"https:\/\/images.novelship.com\/product\/nike_metcon_1_og_fq1854-003_0_43971.png;https:\/\/images.novelship.com\/product\/nike_metcon_1_og_fq1854-003_1_43971.png;https:\/\/images.novelship.com\/product\/nike_metcon_1_og_fq1854-003_2_43972.png;https:\/\/images.novelship.com\/product\/nike_metcon_1_og_fq1854-003_3_43972.png;https:\/\/images.novelship.com\/product\/nike_metcon_1_og_fq1854-003_4_43972.png;https:\/\/images.novelship.com\/product\/nike_metcon_1_og_fq1854-003_5_43972.png;https:\/\/images.novelship.com\/product\/nike_metcon_1_og_fq1854-003_6_43972.png;https:\/\/images.novelship.com\/product\/nike_metcon_1_og_fq1854-003_7_43972.png;https:\/\/images.novelship.com\/product\/nike_metcon_1_og_fq1854-003_8_43972.png","contentUrl":"https:\/\/images.novelship.com\/product\/nike_metcon_1_og_fq1854-003_0_43971.png;https:\/\/images.novelship.com\/product\/nike_metcon_1_og_fq1854-003_1_43971.png;https:\/\/images.novelship.com\/product\/nike_metcon_1_og_fq1854-003_2_43972.png;https:\/\/images.novelship.com\/product\/nike_metcon_1_og_fq1854-003_3_43972.png;https:\/\/images.novelship.com\/product\/nike_metcon_1_og_fq1854-003_4_43972.png;https:\/\/images.novelship.com\/product\/nike_metcon_1_og_fq1854-003_5_43972.png;https:\/\/images.novelship.com\/product\/nike_metcon_1_og_fq1854-003_6_43972.png;https:\/\/images.novelship.com\/product\/nike_metcon_1_og_fq1854-003_7_43972.png;https:\/\/images.novelship.com\/product\/nike_metcon_1_og_fq1854-003_8_43972.png"},{"@type":"BreadcrumbList","@id":"https:\/\/tourcruiser.com\/de\/products\/nike-metcon-1-og\/#breadcrumb","itemListElement":[{"@type":"ListItem","position":1,"name":"Home","item":"https:\/\/tourcruiser.com\/de\/"},{"@type":"ListItem","position":2,"name":"Shop","item":"https:\/\/tourcruiser.com\/de\/shop\/"},{"@type":"ListItem","position":3,"name":"Nike Metcon 1 OG"}]},{"@type":"WebSite","@id":"https:\/\/tourcruiser.com\/de\/#website","url":"https:\/\/tourcruiser.com\/de\/","name":"Styloral Jewelry Shop","description":"Tourcruiser Sneaker Store \u2014 der Ort, an dem das Universum deine Einzigartigkeit trifft.","publisher":{"@id":"https:\/\/tourcruiser.com\/de\/#organization"},"potentialAction":[{"@type":"SearchAction","target":{"@type":"EntryPoint","urlTemplate":"https:\/\/tourcruiser.com\/de\/?s={search_term_string}"},"query-input":{"@type":"PropertyValueSpecification","valueRequired":true,"valueName":"search_term_string"}}],"inLanguage":"de"},{"@type":"Organization","@id":"https:\/\/tourcruiser.com\/de\/#organization","name":"STYLORAL PTE. LTD","url":"https:\/\/tourcruiser.com\/de\/","logo":{"@type":"ImageObject","inLanguage":"de","@id":"https:\/\/tourcruiser.com\/de\/#\/schema\/logo\/image\/","url":"https:\/\/www.tourcruiser.com\/wp-content\/uploads\/2025\/12\/logo.png","contentUrl":"https:\/\/www.tourcruiser.com\/wp-content\/uploads\/2025\/12\/logo.png","width":200,"height":65,"caption":"STYLORAL PTE. LTD"},"image":{"@id":"https:\/\/tourcruiser.com\/de\/#\/schema\/logo\/image\/"}}]}},"_links":{"self":[{"href":"https:\/\/tourcruiser.com\/de\/wp-json\/wp\/v2\/product\/157539","targetHints":{"allow":["GET"]}}],"collection":[{"href":"https:\/\/tourcruiser.com\/de\/wp-json\/wp\/v2\/product"}],"about":[{"href":"https:\/\/tourcruiser.com\/de\/wp-json\/wp\/v2\/types\/product"}],"replies":[{"embeddable":true,"href":"https:\/\/tourcruiser.com\/de\/wp-json\/wp\/v2\/comments?post=157539"}],"wp:featuredmedia":[{"embeddable":true,"href":"https:\/\/tourcruiser.com\/de\/wp-json\/wp\/v2\/media\/157540"}],"wp:attachment":[{"href":"https:\/\/tourcruiser.com\/de\/wp-json\/wp\/v2\/media?parent=157539"}],"wp:term":[{"taxonomy":"product_brand","embeddable":true,"href":"https:\/\/tourcruiser.com\/de\/wp-json\/wp\/v2\/product_brand?post=157539"},{"taxonomy":"product_cat","embeddable":true,"href":"https:\/\/tourcruiser.com\/de\/wp-json\/wp\/v2\/product_cat?post=157539"},{"taxonomy":"product_tag","embeddable":true,"href":"https:\/\/tourcruiser.com\/de\/wp-json\/wp\/v2\/product_tag?post=157539"}],"curies":[{"name":"wp","href":"https:\/\/api.w.org\/{rel}","templated":true}]}}