{"id":157290,"date":"2026-03-02T16:01:52","date_gmt":"2026-03-02T09:01:52","guid":{"rendered":"http:\/\/tourcruiser.com\/product\/nike-acg-air-exploraid-neutral-olive-hemp"},"modified":"2026-03-28T01:27:09","modified_gmt":"2026-03-27T18:27:09","slug":"nike-acg-air-exploraid-neutral-olive-hemp","status":"publish","type":"product","link":"https:\/\/tourcruiser.com\/de\/products\/nike-acg-air-exploraid-neutral-olive-hemp\/","title":{"rendered":"Nike ACG Air Exploraid &#8218;Neutral Olive Hemp&#8216;"},"content":{"rendered":"<p>Erlebe deine Outdoor-Abenteuer mit dem Nike ACG Air Exploraid \u201eNeutral Olive Hemp\u201c auf einem neuen Level. Dieser robuste und gleichzeitig stylische Schuh ist f\u00fcr jedes Terrain geeignet und bietet dank strapazierf\u00e4higer Materialien und fortschrittlicher D\u00e4mpfung maximalen Komfort. Die neutrale olivgr\u00fcne Farbpalette und das innovative Hanfgewebe vereinen Nachhaltigkeit und Performance auf ideale Weise. Ob Wandern oder Stadterkundungen \u201d\u201c dieser Schuh garantiert hervorragenden Grip und Stabilit\u00e4t. St\u00fcrze dich selbstbewusst in jedes Abenteuer und genie\u00dfe die unvergleichliche Vielseitigkeit von Nike ACG \u201d\u201c die perfekte Kombination aus Style und Funktionalit\u00e4t.<\/p>\n<ul>\n<li><strong>Farbgebung:<\/strong> Neutral Olive\/Hemp\/Anthracite\/Cosmic Clay<\/li>\n<li><strong>Style-Code:<\/strong> FJ1920-200<\/li>\n<li><strong>Obermaterial:<\/strong> Wildleder<\/li>\n<li><strong>Mittelsohle:<\/strong> Air<\/li>\n<li><strong>Farbe:<\/strong> Hellbraun<\/li>\n<\/ul>\n","protected":false},"excerpt":{"rendered":"<p>Nike ACG Air Exploraid \u201d\u201d Neutral Olive\/Hemp\/Anthracite\/Cosmic Clay<\/p>\n","protected":false},"featured_media":157291,"comment_status":"open","ping_status":"closed","template":"","meta":[],"product_brand":[],"product_cat":[10803],"product_tag":[12799,11114,10801,13060,10802,10758],"class_list":{"0":"post-157290","1":"product","2":"type-product","3":"status-publish","4":"has-post-thumbnail","6":"product_cat-nike","7":"product_tag-hiking-boots","8":"product_tag-hiking-shoes","9":"product_tag-nike","10":"product_tag-outdoor-boots","11":"product_tag-performance-sport-shoes","12":"product_tag-under-retail","13":"wcpa_has_options","15":"first","16":"outofstock","17":"taxable","18":"shipping-taxable","19":"purchasable","20":"product-type-simple"},"wcpa_form_fields":{"rules":{"pric_overide_base_price":false,"pric_overide_base_price_if_gt_zero":false,"pric_overide_base_price_fully":false,"pric_cal_option_once":false,"pric_use_as_fee":false,"bind_quantity":false,"quantity_bind_formula":false},"fields":[{"type":"color-group","required":true,"elementId":"wcpa-color-group-66c4a75505e74","label":"Gr\u00f6\u00dfe - EU Gr\u00f6\u00dfe","inline":true,"priceOptions":"different_for_all","pricingType":"fixed","className":"hassizechart product-shoes-size-eu product-shoes-size","name":"color-group-66c4a75505e89","disp_type":"square","selection_type":"tick-border","disp_size":"44","show_label_inside":true,"adjust_width":true,"cart_display_type":"text","other_text":"Other","cl_rule":"show","col":6,"values":[{"label":"35.5","value":"EU 35.5","price":"","pimage":"","pimage_id":"","pthumb":"","color":""},{"label":"36","value":"EU 36","price":"","pimage":"","pimage_id":"","pthumb":"","color":"","selected":true},{"label":"36.5","value":"EU 36.5","price":"","pimage":"","pimage_id":"","pthumb":"","color":""},{"label":"37.5","value":"EU 37.5","price":"","pimage":"","pimage_id":"","pthumb":"","color":""},{"label":"38","value":"EU 38","price":"","pimage":"","pimage_id":"","pthumb":"","color":""},{"label":"38.5","value":"EU 38.5","price":"","pimage":"","pimage_id":"","pthumb":"","color":""},{"label":"39","value":"EU 39","price":"","pimage":"","pimage_id":"","pthumb":"","color":""},{"label":"40","value":"EU 40","price":"","pimage":"","pimage_id":"","pthumb":"","color":""},{"label":"40.5","value":"EU 40.5","price":"","pimage":"","pimage_id":"","pthumb":"","color":""},{"label":"41","value":"EU 41","price":"","pimage":"","pimage_id":"","pthumb":"","color":""},{"label":"42","value":"EU 42","price":"","pimage":"","pimage_id":"","pthumb":"","color":""},{"label":"42.5","value":"EU 42.5","price":"","pimage":"","pimage_id":"","pthumb":"","color":""},{"label":"43","value":"EU 43","price":"","pimage":"","pimage_id":"","pthumb":"","color":""},{"label":"44","value":"EU 44","price":"","pimage":"","pimage_id":"","pthumb":"","color":""},{"label":"44.5","value":"EU 44.5","price":"","pimage":"","pimage_id":"","pthumb":"","color":""},{"label":"45","value":"EU 45","price":"","pimage":"","pimage_id":"","pthumb":"","color":""},{"label":"45.5","value":"EU 45.5","price":"","pimage":"","pimage_id":"","pthumb":"","color":""},{"label":"46","value":"EU 46","price":"","pimage":"","pimage_id":"","pthumb":"","color":""},{"label":"47","value":"EU 47","price":"","pimage":"","pimage_id":"","pthumb":"","color":""},{"label":"47.5","value":"EU 47.5","price":"","pimage":"","pimage_id":"","pthumb":"","color":""},{"label":"48","value":"EU 48","price":"","pimage":"","pimage_id":"","pthumb":"","color":""}],"relations":[{"operator":false,"rules":[]}],"form_id":18106,"form_rules":{"pric_cal_option_once":false,"exclude_from_discount":false,"pric_use_as_fee":false,"fee_label":"Fee","render_after_acb":false,"disp_hide_options_price":false}}]},"yoast_head":"<!-- This site is optimized with the Yoast SEO plugin v26.5 - https:\/\/yoast.com\/wordpress\/plugins\/seo\/ -->\n<title>Nike ACG Air Exploraid &#039;Neutral Olive Hemp&#039;  - Tourcruiser PTE. LTD<\/title>\n<meta name=\"robots\" content=\"index, follow, max-snippet:-1, max-image-preview:large, max-video-preview:-1\" \/>\n<link rel=\"canonical\" href=\"https:\/\/tourcruiser.com\/de\/products\/nike-acg-air-exploraid-neutral-olive-hemp\/\" \/>\n<meta property=\"og:locale\" content=\"de_DE\" \/>\n<meta property=\"og:type\" content=\"article\" \/>\n<meta property=\"og:title\" content=\"Nike ACG Air Exploraid &#039;Neutral Olive Hemp&#039;  - Tourcruiser PTE. LTD\" \/>\n<meta property=\"og:description\" content=\"Nike ACG Air Exploraid \u201d\u201d Neutral Olive\/Hemp\/Anthracite\/Cosmic Clay\" \/>\n<meta property=\"og:url\" content=\"https:\/\/tourcruiser.com\/de\/products\/nike-acg-air-exploraid-neutral-olive-hemp\/\" \/>\n<meta property=\"og:site_name\" content=\"Tourcruiser Sneaker Store\" \/>\n<meta property=\"article:modified_time\" content=\"2026-03-27T18:27:09+00:00\" \/>\n<meta name=\"twitter:card\" content=\"summary_large_image\" \/>\n<meta name=\"twitter:image\" content=\"https:\/\/images.novelship.com\/product\/nike_acg_air_exploraid__neutral_olive_hemp__fj1920_0_94160.jpeg;https:\/\/images.novelship.com\/product\/nike_acg_air_exploraid__neutral_olive_hemp__fj1920_1_94161.jpeg;https:\/\/images.novelship.com\/product\/nike_acg_air_exploraid__neutral_olive_hemp__fj1920_2_94161.jpeg;https:\/\/images.novelship.com\/product\/nike_acg_air_exploraid__neutral_olive_hemp__fj1920_3_94161.jpeg;https:\/\/images.novelship.com\/product\/nike_acg_air_exploraid__neutral_olive_hemp__fj1920_4_94161.jpeg\" \/>\n<meta name=\"twitter:label1\" content=\"Gesch\u00e4tzte Lesezeit\" \/>\n\t<meta name=\"twitter:data1\" content=\"1\u00a0Minute\" \/>\n<script type=\"application\/ld+json\" class=\"yoast-schema-graph\">{\"@context\":\"https:\/\/schema.org\",\"@graph\":[{\"@type\":\"WebPage\",\"@id\":\"https:\/\/tourcruiser.com\/de\/products\/nike-acg-air-exploraid-neutral-olive-hemp\/\",\"url\":\"https:\/\/tourcruiser.com\/de\/products\/nike-acg-air-exploraid-neutral-olive-hemp\/\",\"name\":\"Nike ACG Air Exploraid 'Neutral Olive Hemp' - Tourcruiser PTE. LTD\",\"isPartOf\":{\"@id\":\"https:\/\/tourcruiser.com\/de\/#website\"},\"primaryImageOfPage\":{\"@id\":\"https:\/\/tourcruiser.com\/de\/products\/nike-acg-air-exploraid-neutral-olive-hemp\/#primaryimage\"},\"image\":{\"@id\":\"https:\/\/tourcruiser.com\/de\/products\/nike-acg-air-exploraid-neutral-olive-hemp\/#primaryimage\"},\"thumbnailUrl\":\"https:\/\/images.novelship.com\/product\/nike_acg_air_exploraid__neutral_olive_hemp__fj1920_0_94160.jpeg;https:\/\/images.novelship.com\/product\/nike_acg_air_exploraid__neutral_olive_hemp__fj1920_1_94161.jpeg;https:\/\/images.novelship.com\/product\/nike_acg_air_exploraid__neutral_olive_hemp__fj1920_2_94161.jpeg;https:\/\/images.novelship.com\/product\/nike_acg_air_exploraid__neutral_olive_hemp__fj1920_3_94161.jpeg;https:\/\/images.novelship.com\/product\/nike_acg_air_exploraid__neutral_olive_hemp__fj1920_4_94161.jpeg\",\"datePublished\":\"2026-03-02T09:01:52+00:00\",\"dateModified\":\"2026-03-27T18:27:09+00:00\",\"breadcrumb\":{\"@id\":\"https:\/\/tourcruiser.com\/de\/products\/nike-acg-air-exploraid-neutral-olive-hemp\/#breadcrumb\"},\"inLanguage\":\"de\",\"potentialAction\":[{\"@type\":\"ReadAction\",\"target\":[\"https:\/\/tourcruiser.com\/de\/products\/nike-acg-air-exploraid-neutral-olive-hemp\/\"]}]},{\"@type\":\"ImageObject\",\"inLanguage\":\"de\",\"@id\":\"https:\/\/tourcruiser.com\/de\/products\/nike-acg-air-exploraid-neutral-olive-hemp\/#primaryimage\",\"url\":\"https:\/\/images.novelship.com\/product\/nike_acg_air_exploraid__neutral_olive_hemp__fj1920_0_94160.jpeg;https:\/\/images.novelship.com\/product\/nike_acg_air_exploraid__neutral_olive_hemp__fj1920_1_94161.jpeg;https:\/\/images.novelship.com\/product\/nike_acg_air_exploraid__neutral_olive_hemp__fj1920_2_94161.jpeg;https:\/\/images.novelship.com\/product\/nike_acg_air_exploraid__neutral_olive_hemp__fj1920_3_94161.jpeg;https:\/\/images.novelship.com\/product\/nike_acg_air_exploraid__neutral_olive_hemp__fj1920_4_94161.jpeg\",\"contentUrl\":\"https:\/\/images.novelship.com\/product\/nike_acg_air_exploraid__neutral_olive_hemp__fj1920_0_94160.jpeg;https:\/\/images.novelship.com\/product\/nike_acg_air_exploraid__neutral_olive_hemp__fj1920_1_94161.jpeg;https:\/\/images.novelship.com\/product\/nike_acg_air_exploraid__neutral_olive_hemp__fj1920_2_94161.jpeg;https:\/\/images.novelship.com\/product\/nike_acg_air_exploraid__neutral_olive_hemp__fj1920_3_94161.jpeg;https:\/\/images.novelship.com\/product\/nike_acg_air_exploraid__neutral_olive_hemp__fj1920_4_94161.jpeg\"},{\"@type\":\"BreadcrumbList\",\"@id\":\"https:\/\/tourcruiser.com\/de\/products\/nike-acg-air-exploraid-neutral-olive-hemp\/#breadcrumb\",\"itemListElement\":[{\"@type\":\"ListItem\",\"position\":1,\"name\":\"Home\",\"item\":\"https:\/\/tourcruiser.com\/de\/\"},{\"@type\":\"ListItem\",\"position\":2,\"name\":\"Shop\",\"item\":\"https:\/\/tourcruiser.com\/de\/shop\/\"},{\"@type\":\"ListItem\",\"position\":3,\"name\":\"Nike ACG Air Exploraid 'Neutral Olive Hemp'\"}]},{\"@type\":\"WebSite\",\"@id\":\"https:\/\/tourcruiser.com\/de\/#website\",\"url\":\"https:\/\/tourcruiser.com\/de\/\",\"name\":\"Styloral Jewelry Shop\",\"description\":\"Tourcruiser Sneaker Store \u2014 der Ort, an dem das Universum deine Einzigartigkeit trifft.\",\"publisher\":{\"@id\":\"https:\/\/tourcruiser.com\/de\/#organization\"},\"potentialAction\":[{\"@type\":\"SearchAction\",\"target\":{\"@type\":\"EntryPoint\",\"urlTemplate\":\"https:\/\/tourcruiser.com\/de\/?s={search_term_string}\"},\"query-input\":{\"@type\":\"PropertyValueSpecification\",\"valueRequired\":true,\"valueName\":\"search_term_string\"}}],\"inLanguage\":\"de\"},{\"@type\":\"Organization\",\"@id\":\"https:\/\/tourcruiser.com\/de\/#organization\",\"name\":\"STYLORAL PTE. LTD\",\"url\":\"https:\/\/tourcruiser.com\/de\/\",\"logo\":{\"@type\":\"ImageObject\",\"inLanguage\":\"de\",\"@id\":\"https:\/\/tourcruiser.com\/de\/#\/schema\/logo\/image\/\",\"url\":\"https:\/\/www.tourcruiser.com\/wp-content\/uploads\/2025\/12\/logo.png\",\"contentUrl\":\"https:\/\/www.tourcruiser.com\/wp-content\/uploads\/2025\/12\/logo.png\",\"width\":200,\"height\":65,\"caption\":\"STYLORAL PTE. LTD\"},\"image\":{\"@id\":\"https:\/\/tourcruiser.com\/de\/#\/schema\/logo\/image\/\"}}]}<\/script>\n<!-- \/ Yoast SEO plugin. -->","yoast_head_json":{"title":"Nike ACG Air Exploraid 'Neutral Olive Hemp'  - Tourcruiser PTE. LTD","robots":{"index":"index","follow":"follow","max-snippet":"max-snippet:-1","max-image-preview":"max-image-preview:large","max-video-preview":"max-video-preview:-1"},"canonical":"https:\/\/tourcruiser.com\/de\/products\/nike-acg-air-exploraid-neutral-olive-hemp\/","og_locale":"de_DE","og_type":"article","og_title":"Nike ACG Air Exploraid 'Neutral Olive Hemp'  - Tourcruiser PTE. LTD","og_description":"Nike ACG Air Exploraid \u201d\u201d Neutral Olive\/Hemp\/Anthracite\/Cosmic Clay","og_url":"https:\/\/tourcruiser.com\/de\/products\/nike-acg-air-exploraid-neutral-olive-hemp\/","og_site_name":"Tourcruiser Sneaker Store","article_modified_time":"2026-03-27T18:27:09+00:00","twitter_card":"summary_large_image","twitter_image":"https:\/\/images.novelship.com\/product\/nike_acg_air_exploraid__neutral_olive_hemp__fj1920_0_94160.jpeg;https:\/\/images.novelship.com\/product\/nike_acg_air_exploraid__neutral_olive_hemp__fj1920_1_94161.jpeg;https:\/\/images.novelship.com\/product\/nike_acg_air_exploraid__neutral_olive_hemp__fj1920_2_94161.jpeg;https:\/\/images.novelship.com\/product\/nike_acg_air_exploraid__neutral_olive_hemp__fj1920_3_94161.jpeg;https:\/\/images.novelship.com\/product\/nike_acg_air_exploraid__neutral_olive_hemp__fj1920_4_94161.jpeg","twitter_misc":{"Gesch\u00e4tzte Lesezeit":"1\u00a0Minute"},"schema":{"@context":"https:\/\/schema.org","@graph":[{"@type":"WebPage","@id":"https:\/\/tourcruiser.com\/de\/products\/nike-acg-air-exploraid-neutral-olive-hemp\/","url":"https:\/\/tourcruiser.com\/de\/products\/nike-acg-air-exploraid-neutral-olive-hemp\/","name":"Nike ACG Air Exploraid 'Neutral Olive Hemp' - Tourcruiser PTE. LTD","isPartOf":{"@id":"https:\/\/tourcruiser.com\/de\/#website"},"primaryImageOfPage":{"@id":"https:\/\/tourcruiser.com\/de\/products\/nike-acg-air-exploraid-neutral-olive-hemp\/#primaryimage"},"image":{"@id":"https:\/\/tourcruiser.com\/de\/products\/nike-acg-air-exploraid-neutral-olive-hemp\/#primaryimage"},"thumbnailUrl":"https:\/\/images.novelship.com\/product\/nike_acg_air_exploraid__neutral_olive_hemp__fj1920_0_94160.jpeg;https:\/\/images.novelship.com\/product\/nike_acg_air_exploraid__neutral_olive_hemp__fj1920_1_94161.jpeg;https:\/\/images.novelship.com\/product\/nike_acg_air_exploraid__neutral_olive_hemp__fj1920_2_94161.jpeg;https:\/\/images.novelship.com\/product\/nike_acg_air_exploraid__neutral_olive_hemp__fj1920_3_94161.jpeg;https:\/\/images.novelship.com\/product\/nike_acg_air_exploraid__neutral_olive_hemp__fj1920_4_94161.jpeg","datePublished":"2026-03-02T09:01:52+00:00","dateModified":"2026-03-27T18:27:09+00:00","breadcrumb":{"@id":"https:\/\/tourcruiser.com\/de\/products\/nike-acg-air-exploraid-neutral-olive-hemp\/#breadcrumb"},"inLanguage":"de","potentialAction":[{"@type":"ReadAction","target":["https:\/\/tourcruiser.com\/de\/products\/nike-acg-air-exploraid-neutral-olive-hemp\/"]}]},{"@type":"ImageObject","inLanguage":"de","@id":"https:\/\/tourcruiser.com\/de\/products\/nike-acg-air-exploraid-neutral-olive-hemp\/#primaryimage","url":"https:\/\/images.novelship.com\/product\/nike_acg_air_exploraid__neutral_olive_hemp__fj1920_0_94160.jpeg;https:\/\/images.novelship.com\/product\/nike_acg_air_exploraid__neutral_olive_hemp__fj1920_1_94161.jpeg;https:\/\/images.novelship.com\/product\/nike_acg_air_exploraid__neutral_olive_hemp__fj1920_2_94161.jpeg;https:\/\/images.novelship.com\/product\/nike_acg_air_exploraid__neutral_olive_hemp__fj1920_3_94161.jpeg;https:\/\/images.novelship.com\/product\/nike_acg_air_exploraid__neutral_olive_hemp__fj1920_4_94161.jpeg","contentUrl":"https:\/\/images.novelship.com\/product\/nike_acg_air_exploraid__neutral_olive_hemp__fj1920_0_94160.jpeg;https:\/\/images.novelship.com\/product\/nike_acg_air_exploraid__neutral_olive_hemp__fj1920_1_94161.jpeg;https:\/\/images.novelship.com\/product\/nike_acg_air_exploraid__neutral_olive_hemp__fj1920_2_94161.jpeg;https:\/\/images.novelship.com\/product\/nike_acg_air_exploraid__neutral_olive_hemp__fj1920_3_94161.jpeg;https:\/\/images.novelship.com\/product\/nike_acg_air_exploraid__neutral_olive_hemp__fj1920_4_94161.jpeg"},{"@type":"BreadcrumbList","@id":"https:\/\/tourcruiser.com\/de\/products\/nike-acg-air-exploraid-neutral-olive-hemp\/#breadcrumb","itemListElement":[{"@type":"ListItem","position":1,"name":"Home","item":"https:\/\/tourcruiser.com\/de\/"},{"@type":"ListItem","position":2,"name":"Shop","item":"https:\/\/tourcruiser.com\/de\/shop\/"},{"@type":"ListItem","position":3,"name":"Nike ACG Air Exploraid 'Neutral Olive Hemp'"}]},{"@type":"WebSite","@id":"https:\/\/tourcruiser.com\/de\/#website","url":"https:\/\/tourcruiser.com\/de\/","name":"Styloral Jewelry Shop","description":"Tourcruiser Sneaker Store \u2014 der Ort, an dem das Universum deine Einzigartigkeit trifft.","publisher":{"@id":"https:\/\/tourcruiser.com\/de\/#organization"},"potentialAction":[{"@type":"SearchAction","target":{"@type":"EntryPoint","urlTemplate":"https:\/\/tourcruiser.com\/de\/?s={search_term_string}"},"query-input":{"@type":"PropertyValueSpecification","valueRequired":true,"valueName":"search_term_string"}}],"inLanguage":"de"},{"@type":"Organization","@id":"https:\/\/tourcruiser.com\/de\/#organization","name":"STYLORAL PTE. LTD","url":"https:\/\/tourcruiser.com\/de\/","logo":{"@type":"ImageObject","inLanguage":"de","@id":"https:\/\/tourcruiser.com\/de\/#\/schema\/logo\/image\/","url":"https:\/\/www.tourcruiser.com\/wp-content\/uploads\/2025\/12\/logo.png","contentUrl":"https:\/\/www.tourcruiser.com\/wp-content\/uploads\/2025\/12\/logo.png","width":200,"height":65,"caption":"STYLORAL PTE. LTD"},"image":{"@id":"https:\/\/tourcruiser.com\/de\/#\/schema\/logo\/image\/"}}]}},"_links":{"self":[{"href":"https:\/\/tourcruiser.com\/de\/wp-json\/wp\/v2\/product\/157290","targetHints":{"allow":["GET"]}}],"collection":[{"href":"https:\/\/tourcruiser.com\/de\/wp-json\/wp\/v2\/product"}],"about":[{"href":"https:\/\/tourcruiser.com\/de\/wp-json\/wp\/v2\/types\/product"}],"replies":[{"embeddable":true,"href":"https:\/\/tourcruiser.com\/de\/wp-json\/wp\/v2\/comments?post=157290"}],"wp:featuredmedia":[{"embeddable":true,"href":"https:\/\/tourcruiser.com\/de\/wp-json\/wp\/v2\/media\/157291"}],"wp:attachment":[{"href":"https:\/\/tourcruiser.com\/de\/wp-json\/wp\/v2\/media?parent=157290"}],"wp:term":[{"taxonomy":"product_brand","embeddable":true,"href":"https:\/\/tourcruiser.com\/de\/wp-json\/wp\/v2\/product_brand?post=157290"},{"taxonomy":"product_cat","embeddable":true,"href":"https:\/\/tourcruiser.com\/de\/wp-json\/wp\/v2\/product_cat?post=157290"},{"taxonomy":"product_tag","embeddable":true,"href":"https:\/\/tourcruiser.com\/de\/wp-json\/wp\/v2\/product_tag?post=157290"}],"curies":[{"name":"wp","href":"https:\/\/api.w.org\/{rel}","templated":true}]}}