{"id":15621,"date":"2026-02-20T15:02:22","date_gmt":"2026-02-20T08:02:22","guid":{"rendered":"http:\/\/tourcruiser.com\/product\/nike-air-force-1-07-army-olive-ih1698-300"},"modified":"2026-03-28T00:25:42","modified_gmt":"2026-03-27T17:25:42","slug":"nike-air-force-1-07-army-olive-ih1698-300","status":"publish","type":"product","link":"https:\/\/tourcruiser.com\/de\/products\/nike-air-force-1-07-army-olive-ih1698-300\/","title":{"rendered":"Nike Air Force 1 &#8217;07 &#8218;Army Olive&#8216;"},"content":{"rendered":"<p>Der Nike Air Force 1 Low &#8217;07 Army Olive IH1698-300 vereint zeitloses Design mit einem modernen Touch und bietet unvergleichlichen Komfort und Style f\u00fcr Freizeit und Streetwear. Dieser ikonische Sneaker in elegantem Olivgr\u00fcn mit dezenten Details ist aus hochwertigem Leder gefertigt und besticht durch Langlebigkeit und ein edles Finish. Die perforierte Zehenkappe sorgt f\u00fcr optimale Atmungsaktivit\u00e4t, w\u00e4hrend die gekapselte Air-Sole-Einheit ganzt\u00e4gige D\u00e4mpfung und Unterst\u00fctzung garantiert. Die robuste Gummisohle bietet hervorragende Traktion, und die niedrige Silhouette erm\u00f6glicht vielseitige Styling-Optionen. Perfekt f\u00fcr alle, die eine m\u00fchelose Verbindung von Tradition und Moderne suchen: Die Farbgebung in Army Olive verleiht jedem Outfit eine markante und dennoch dezente Note. Dieser Sneaker vereint Funktion und Style und f\u00fchrt die Tradition der Air Force 1-Serie fort, w\u00e4hrend er gleichzeitig modernen Anspr\u00fcchen gerecht wird. Ob auf der Stra\u00dfe oder beim Treffen mit Freunden \u2013 der Nike Air Force 1 Low &#8217;07 Army Olive IH1698-300 bietet Performance und zeitlose Eleganz gleicherma\u00dfen. Diese Edition wurde f\u00fcr Sneaker-Fans und Trendsetter gleicherma\u00dfen entworfen und ist ein Must-have f\u00fcr alle, die ihre Schuhsammlung mit einer Mischung aus klassischem Charme und modernem Flair aufwerten m\u00f6chten. Treten Sie selbstbewusst auf und definieren Sie Ihren Alltagslook mit diesem stylischen Meisterwerk neu.<\/p>\n<ul>\n<li><strong>Farbgebung:<\/strong> Army Olive\/Schwarz\/Army Olive<\/li>\n<li><strong>Style-Code:<\/strong> IH1698-300<\/li>\n<li><strong>Zwischensohle:<\/strong> Air<\/li>\n<li><strong>Farbe:<\/strong> Gr\u00fcn<\/li>\n<li><strong>Designer:<\/strong> Bruce Kilgore<\/li>\n<li><strong>Erscheinungsjahr:<\/strong> 2026<\/li>\n<\/ul>\n","protected":false},"excerpt":{"rendered":"<p>Nike Air Force 1 Low &#8217;07 \u2014 Army Olive\/Black\/Army Olive<\/p>\n","protected":false},"featured_media":15622,"comment_status":"open","ping_status":"closed","template":"","meta":[],"product_brand":[],"product_cat":[6654],"product_tag":[],"class_list":{"0":"post-15621","1":"product","2":"type-product","3":"status-publish","4":"has-post-thumbnail","6":"product_cat-nike-2026","7":"wcpa_has_options","9":"first","10":"outofstock","11":"taxable","12":"shipping-taxable","13":"purchasable","14":"product-type-simple"},"wcpa_form_fields":{"rules":{"pric_overide_base_price":false,"pric_overide_base_price_if_gt_zero":false,"pric_overide_base_price_fully":false,"pric_cal_option_once":false,"pric_use_as_fee":false,"bind_quantity":false,"quantity_bind_formula":false},"fields":[{"type":"color-group","required":true,"elementId":"wcpa-color-group-66c4a75505e74","label":"Gr\u00f6\u00dfe - EU Gr\u00f6\u00dfe","inline":true,"priceOptions":"different_for_all","pricingType":"fixed","className":"hassizechart product-shoes-size-eu product-shoes-size","name":"color-group-66c4a75505e89","disp_type":"square","selection_type":"tick-border","disp_size":"44","show_label_inside":true,"adjust_width":true,"cart_display_type":"text","other_text":"Other","cl_rule":"show","col":6,"values":[{"label":"35.5","value":"EU 35.5","price":"","pimage":"","pimage_id":"","pthumb":"","color":""},{"label":"36","value":"EU 36","price":"","pimage":"","pimage_id":"","pthumb":"","color":"","selected":true},{"label":"36.5","value":"EU 36.5","price":"","pimage":"","pimage_id":"","pthumb":"","color":""},{"label":"37.5","value":"EU 37.5","price":"","pimage":"","pimage_id":"","pthumb":"","color":""},{"label":"38","value":"EU 38","price":"","pimage":"","pimage_id":"","pthumb":"","color":""},{"label":"38.5","value":"EU 38.5","price":"","pimage":"","pimage_id":"","pthumb":"","color":""},{"label":"39","value":"EU 39","price":"","pimage":"","pimage_id":"","pthumb":"","color":""},{"label":"40","value":"EU 40","price":"","pimage":"","pimage_id":"","pthumb":"","color":""},{"label":"40.5","value":"EU 40.5","price":"","pimage":"","pimage_id":"","pthumb":"","color":""},{"label":"41","value":"EU 41","price":"","pimage":"","pimage_id":"","pthumb":"","color":""},{"label":"42","value":"EU 42","price":"","pimage":"","pimage_id":"","pthumb":"","color":""},{"label":"42.5","value":"EU 42.5","price":"","pimage":"","pimage_id":"","pthumb":"","color":""},{"label":"43","value":"EU 43","price":"","pimage":"","pimage_id":"","pthumb":"","color":""},{"label":"44","value":"EU 44","price":"","pimage":"","pimage_id":"","pthumb":"","color":""},{"label":"44.5","value":"EU 44.5","price":"","pimage":"","pimage_id":"","pthumb":"","color":""},{"label":"45","value":"EU 45","price":"","pimage":"","pimage_id":"","pthumb":"","color":""},{"label":"45.5","value":"EU 45.5","price":"","pimage":"","pimage_id":"","pthumb":"","color":""},{"label":"46","value":"EU 46","price":"","pimage":"","pimage_id":"","pthumb":"","color":""},{"label":"47","value":"EU 47","price":"","pimage":"","pimage_id":"","pthumb":"","color":""},{"label":"47.5","value":"EU 47.5","price":"","pimage":"","pimage_id":"","pthumb":"","color":""},{"label":"48","value":"EU 48","price":"","pimage":"","pimage_id":"","pthumb":"","color":""}],"relations":[{"operator":false,"rules":[]}],"form_id":18106,"form_rules":{"pric_cal_option_once":false,"exclude_from_discount":false,"pric_use_as_fee":false,"fee_label":"Fee","render_after_acb":false,"disp_hide_options_price":false}}]},"yoast_head":"<!-- This site is optimized with the Yoast SEO plugin v26.5 - https:\/\/yoast.com\/wordpress\/plugins\/seo\/ -->\n<title>Nike Air Force 1 &#039;07 &#039;Army Olive&#039; - Tourcruiser PTE. LTD<\/title>\n<meta name=\"robots\" content=\"index, follow, max-snippet:-1, max-image-preview:large, max-video-preview:-1\" \/>\n<link rel=\"canonical\" href=\"https:\/\/tourcruiser.com\/de\/products\/nike-air-force-1-07-army-olive-ih1698-300\/\" \/>\n<meta property=\"og:locale\" content=\"de_DE\" \/>\n<meta property=\"og:type\" content=\"article\" \/>\n<meta property=\"og:title\" content=\"Nike Air Force 1 &#039;07 &#039;Army Olive&#039; - Tourcruiser PTE. LTD\" \/>\n<meta property=\"og:description\" content=\"Nike Air Force 1 Low &#039;07 \u2014 Army Olive\/Black\/Army Olive\" \/>\n<meta property=\"og:url\" content=\"https:\/\/tourcruiser.com\/de\/products\/nike-air-force-1-07-army-olive-ih1698-300\/\" \/>\n<meta property=\"og:site_name\" content=\"Tourcruiser Sneaker Store\" \/>\n<meta property=\"article:modified_time\" content=\"2026-03-27T17:25:42+00:00\" \/>\n<meta name=\"twitter:card\" content=\"summary_large_image\" \/>\n<meta name=\"twitter:image\" content=\"https:\/\/images.novelship.com\/product\/nike_air_force_1_low__07_army_olive_ih1698-300_0_19371.jpeg\" \/>\n<meta name=\"twitter:label1\" content=\"Gesch\u00e4tzte Lesezeit\" \/>\n\t<meta name=\"twitter:data1\" content=\"1\u00a0Minute\" \/>\n<script type=\"application\/ld+json\" class=\"yoast-schema-graph\">{\"@context\":\"https:\/\/schema.org\",\"@graph\":[{\"@type\":\"WebPage\",\"@id\":\"https:\/\/tourcruiser.com\/de\/products\/nike-air-force-1-07-army-olive-ih1698-300\/\",\"url\":\"https:\/\/tourcruiser.com\/de\/products\/nike-air-force-1-07-army-olive-ih1698-300\/\",\"name\":\"Nike Air Force 1 '07 'Army Olive' - Tourcruiser PTE. LTD\",\"isPartOf\":{\"@id\":\"https:\/\/tourcruiser.com\/de\/#website\"},\"primaryImageOfPage\":{\"@id\":\"https:\/\/tourcruiser.com\/de\/products\/nike-air-force-1-07-army-olive-ih1698-300\/#primaryimage\"},\"image\":{\"@id\":\"https:\/\/tourcruiser.com\/de\/products\/nike-air-force-1-07-army-olive-ih1698-300\/#primaryimage\"},\"thumbnailUrl\":\"https:\/\/images.novelship.com\/product\/nike_air_force_1_low__07_army_olive_ih1698-300_0_19371.jpeg\",\"datePublished\":\"2026-02-20T08:02:22+00:00\",\"dateModified\":\"2026-03-27T17:25:42+00:00\",\"breadcrumb\":{\"@id\":\"https:\/\/tourcruiser.com\/de\/products\/nike-air-force-1-07-army-olive-ih1698-300\/#breadcrumb\"},\"inLanguage\":\"de\",\"potentialAction\":[{\"@type\":\"ReadAction\",\"target\":[\"https:\/\/tourcruiser.com\/de\/products\/nike-air-force-1-07-army-olive-ih1698-300\/\"]}]},{\"@type\":\"ImageObject\",\"inLanguage\":\"de\",\"@id\":\"https:\/\/tourcruiser.com\/de\/products\/nike-air-force-1-07-army-olive-ih1698-300\/#primaryimage\",\"url\":\"https:\/\/images.novelship.com\/product\/nike_air_force_1_low__07_army_olive_ih1698-300_0_19371.jpeg\",\"contentUrl\":\"https:\/\/images.novelship.com\/product\/nike_air_force_1_low__07_army_olive_ih1698-300_0_19371.jpeg\"},{\"@type\":\"BreadcrumbList\",\"@id\":\"https:\/\/tourcruiser.com\/de\/products\/nike-air-force-1-07-army-olive-ih1698-300\/#breadcrumb\",\"itemListElement\":[{\"@type\":\"ListItem\",\"position\":1,\"name\":\"Home\",\"item\":\"https:\/\/tourcruiser.com\/de\/\"},{\"@type\":\"ListItem\",\"position\":2,\"name\":\"Shop\",\"item\":\"https:\/\/tourcruiser.com\/de\/shop\/\"},{\"@type\":\"ListItem\",\"position\":3,\"name\":\"Nike Air Force 1 &#8217;07 &#8218;Army Olive&#8216;\"}]},{\"@type\":\"WebSite\",\"@id\":\"https:\/\/tourcruiser.com\/de\/#website\",\"url\":\"https:\/\/tourcruiser.com\/de\/\",\"name\":\"Styloral Jewelry Shop\",\"description\":\"Tourcruiser Sneaker Store \u2014 der Ort, an dem das Universum deine Einzigartigkeit trifft.\",\"publisher\":{\"@id\":\"https:\/\/tourcruiser.com\/de\/#organization\"},\"potentialAction\":[{\"@type\":\"SearchAction\",\"target\":{\"@type\":\"EntryPoint\",\"urlTemplate\":\"https:\/\/tourcruiser.com\/de\/?s={search_term_string}\"},\"query-input\":{\"@type\":\"PropertyValueSpecification\",\"valueRequired\":true,\"valueName\":\"search_term_string\"}}],\"inLanguage\":\"de\"},{\"@type\":\"Organization\",\"@id\":\"https:\/\/tourcruiser.com\/de\/#organization\",\"name\":\"STYLORAL PTE. LTD\",\"url\":\"https:\/\/tourcruiser.com\/de\/\",\"logo\":{\"@type\":\"ImageObject\",\"inLanguage\":\"de\",\"@id\":\"https:\/\/tourcruiser.com\/de\/#\/schema\/logo\/image\/\",\"url\":\"https:\/\/www.tourcruiser.com\/wp-content\/uploads\/2025\/12\/logo.png\",\"contentUrl\":\"https:\/\/www.tourcruiser.com\/wp-content\/uploads\/2025\/12\/logo.png\",\"width\":200,\"height\":65,\"caption\":\"STYLORAL PTE. LTD\"},\"image\":{\"@id\":\"https:\/\/tourcruiser.com\/de\/#\/schema\/logo\/image\/\"}}]}<\/script>\n<!-- \/ Yoast SEO plugin. -->","yoast_head_json":{"title":"Nike Air Force 1 '07 'Army Olive' - Tourcruiser PTE. LTD","robots":{"index":"index","follow":"follow","max-snippet":"max-snippet:-1","max-image-preview":"max-image-preview:large","max-video-preview":"max-video-preview:-1"},"canonical":"https:\/\/tourcruiser.com\/de\/products\/nike-air-force-1-07-army-olive-ih1698-300\/","og_locale":"de_DE","og_type":"article","og_title":"Nike Air Force 1 '07 'Army Olive' - Tourcruiser PTE. LTD","og_description":"Nike Air Force 1 Low '07 \u2014 Army Olive\/Black\/Army Olive","og_url":"https:\/\/tourcruiser.com\/de\/products\/nike-air-force-1-07-army-olive-ih1698-300\/","og_site_name":"Tourcruiser Sneaker Store","article_modified_time":"2026-03-27T17:25:42+00:00","twitter_card":"summary_large_image","twitter_image":"https:\/\/images.novelship.com\/product\/nike_air_force_1_low__07_army_olive_ih1698-300_0_19371.jpeg","twitter_misc":{"Gesch\u00e4tzte Lesezeit":"1\u00a0Minute"},"schema":{"@context":"https:\/\/schema.org","@graph":[{"@type":"WebPage","@id":"https:\/\/tourcruiser.com\/de\/products\/nike-air-force-1-07-army-olive-ih1698-300\/","url":"https:\/\/tourcruiser.com\/de\/products\/nike-air-force-1-07-army-olive-ih1698-300\/","name":"Nike Air Force 1 '07 'Army Olive' - Tourcruiser PTE. LTD","isPartOf":{"@id":"https:\/\/tourcruiser.com\/de\/#website"},"primaryImageOfPage":{"@id":"https:\/\/tourcruiser.com\/de\/products\/nike-air-force-1-07-army-olive-ih1698-300\/#primaryimage"},"image":{"@id":"https:\/\/tourcruiser.com\/de\/products\/nike-air-force-1-07-army-olive-ih1698-300\/#primaryimage"},"thumbnailUrl":"https:\/\/images.novelship.com\/product\/nike_air_force_1_low__07_army_olive_ih1698-300_0_19371.jpeg","datePublished":"2026-02-20T08:02:22+00:00","dateModified":"2026-03-27T17:25:42+00:00","breadcrumb":{"@id":"https:\/\/tourcruiser.com\/de\/products\/nike-air-force-1-07-army-olive-ih1698-300\/#breadcrumb"},"inLanguage":"de","potentialAction":[{"@type":"ReadAction","target":["https:\/\/tourcruiser.com\/de\/products\/nike-air-force-1-07-army-olive-ih1698-300\/"]}]},{"@type":"ImageObject","inLanguage":"de","@id":"https:\/\/tourcruiser.com\/de\/products\/nike-air-force-1-07-army-olive-ih1698-300\/#primaryimage","url":"https:\/\/images.novelship.com\/product\/nike_air_force_1_low__07_army_olive_ih1698-300_0_19371.jpeg","contentUrl":"https:\/\/images.novelship.com\/product\/nike_air_force_1_low__07_army_olive_ih1698-300_0_19371.jpeg"},{"@type":"BreadcrumbList","@id":"https:\/\/tourcruiser.com\/de\/products\/nike-air-force-1-07-army-olive-ih1698-300\/#breadcrumb","itemListElement":[{"@type":"ListItem","position":1,"name":"Home","item":"https:\/\/tourcruiser.com\/de\/"},{"@type":"ListItem","position":2,"name":"Shop","item":"https:\/\/tourcruiser.com\/de\/shop\/"},{"@type":"ListItem","position":3,"name":"Nike Air Force 1 &#8217;07 &#8218;Army Olive&#8216;"}]},{"@type":"WebSite","@id":"https:\/\/tourcruiser.com\/de\/#website","url":"https:\/\/tourcruiser.com\/de\/","name":"Styloral Jewelry Shop","description":"Tourcruiser Sneaker Store \u2014 der Ort, an dem das Universum deine Einzigartigkeit trifft.","publisher":{"@id":"https:\/\/tourcruiser.com\/de\/#organization"},"potentialAction":[{"@type":"SearchAction","target":{"@type":"EntryPoint","urlTemplate":"https:\/\/tourcruiser.com\/de\/?s={search_term_string}"},"query-input":{"@type":"PropertyValueSpecification","valueRequired":true,"valueName":"search_term_string"}}],"inLanguage":"de"},{"@type":"Organization","@id":"https:\/\/tourcruiser.com\/de\/#organization","name":"STYLORAL PTE. LTD","url":"https:\/\/tourcruiser.com\/de\/","logo":{"@type":"ImageObject","inLanguage":"de","@id":"https:\/\/tourcruiser.com\/de\/#\/schema\/logo\/image\/","url":"https:\/\/www.tourcruiser.com\/wp-content\/uploads\/2025\/12\/logo.png","contentUrl":"https:\/\/www.tourcruiser.com\/wp-content\/uploads\/2025\/12\/logo.png","width":200,"height":65,"caption":"STYLORAL PTE. LTD"},"image":{"@id":"https:\/\/tourcruiser.com\/de\/#\/schema\/logo\/image\/"}}]}},"_links":{"self":[{"href":"https:\/\/tourcruiser.com\/de\/wp-json\/wp\/v2\/product\/15621","targetHints":{"allow":["GET"]}}],"collection":[{"href":"https:\/\/tourcruiser.com\/de\/wp-json\/wp\/v2\/product"}],"about":[{"href":"https:\/\/tourcruiser.com\/de\/wp-json\/wp\/v2\/types\/product"}],"replies":[{"embeddable":true,"href":"https:\/\/tourcruiser.com\/de\/wp-json\/wp\/v2\/comments?post=15621"}],"wp:featuredmedia":[{"embeddable":true,"href":"https:\/\/tourcruiser.com\/de\/wp-json\/wp\/v2\/media\/15622"}],"wp:attachment":[{"href":"https:\/\/tourcruiser.com\/de\/wp-json\/wp\/v2\/media?parent=15621"}],"wp:term":[{"taxonomy":"product_brand","embeddable":true,"href":"https:\/\/tourcruiser.com\/de\/wp-json\/wp\/v2\/product_brand?post=15621"},{"taxonomy":"product_cat","embeddable":true,"href":"https:\/\/tourcruiser.com\/de\/wp-json\/wp\/v2\/product_cat?post=15621"},{"taxonomy":"product_tag","embeddable":true,"href":"https:\/\/tourcruiser.com\/de\/wp-json\/wp\/v2\/product_tag?post=15621"}],"curies":[{"name":"wp","href":"https:\/\/api.w.org\/{rel}","templated":true}]}}