{"id":156188,"date":"2026-03-02T16:00:08","date_gmt":"2026-03-02T09:00:08","guid":{"rendered":"http:\/\/tourcruiser.com\/product\/nike-gt-cut-academy-2-ep-summit-whitecourt-purplefootball-greycourt-purple"},"modified":"2026-03-28T01:26:06","modified_gmt":"2026-03-27T18:26:06","slug":"nike-gt-cut-academy-2-ep-summit-whitecourt-purplefootball-greycourt-purple","status":"publish","type":"product","link":"https:\/\/tourcruiser.com\/de\/products\/nike-gt-cut-academy-2-ep-summit-whitecourt-purplefootball-greycourt-purple\/","title":{"rendered":"Nike G.T. Cut Academy 2 EP Summit White\/Court Purple\/Football Grey\/Court Purple"},"content":{"rendered":"<p>Verbessere dein Spiel mit dem Nike G.T. Cut Academy 2 EP \u201d\u201c der perfekten Kombination aus Performance und Style. Mit seiner markanten Farbkombination aus Summit White, Court Purple und Football Grey ist dieser Schuh auf Agilit\u00e4t und Komfort ausgelegt. Die fortschrittliche D\u00e4mpfungstechnologie unterst\u00fctzt schnelle Richtungswechsel und flinke Beinarbeit und sorgt f\u00fcr optimale Traktion auf dem Court. Dieser Schuh ist perfekt f\u00fcr Sportler und modebewusste Menschen gleicherma\u00dfen und bietet ein futuristisches Design mit au\u00dfergew\u00f6hnlicher Performance. Erlebe Basketball auf einem neuen Level \u201d\u201c weltweit dank der innovativen Handwerkskunst von Nike.<\/p>\n<ul>\n<li><strong>Farbkombination:<\/strong> Summit White\/Court Purple\/Football Grey\/Court Purple<\/li>\n<li><strong>Style-Code:<\/strong> HV9775-100<\/li>\n<li><strong>Farbe:<\/strong> Wei\u00df<\/li>\n<\/ul>\n","protected":false},"excerpt":{"rendered":"<p>Nike G.T. Cut Academy 2 EP Summit \u201d\u201d Summit White\/Court Purple\/Football Grey\/Court Purple<\/p>\n","protected":false},"featured_media":156189,"comment_status":"open","ping_status":"closed","template":"","meta":[],"product_brand":[],"product_cat":[10803],"product_tag":[10800,10801,10802,10785,10786,10758],"class_list":{"0":"post-156188","1":"product","2":"type-product","3":"status-publish","4":"has-post-thumbnail","6":"product_cat-nike","7":"product_tag-basketball-shoes","8":"product_tag-nike","9":"product_tag-performance-sport-shoes","10":"product_tag-trending-deals","11":"product_tag-trending-deals-under-150","12":"product_tag-under-retail","13":"wcpa_has_options","15":"first","16":"outofstock","17":"taxable","18":"shipping-taxable","19":"purchasable","20":"product-type-simple"},"wcpa_form_fields":{"rules":{"pric_overide_base_price":false,"pric_overide_base_price_if_gt_zero":false,"pric_overide_base_price_fully":false,"pric_cal_option_once":false,"pric_use_as_fee":false,"bind_quantity":false,"quantity_bind_formula":false},"fields":[{"type":"color-group","required":true,"elementId":"wcpa-color-group-66c4a75505e74","label":"Gr\u00f6\u00dfe - EU Gr\u00f6\u00dfe","inline":true,"priceOptions":"different_for_all","pricingType":"fixed","className":"hassizechart product-shoes-size-eu product-shoes-size","name":"color-group-66c4a75505e89","disp_type":"square","selection_type":"tick-border","disp_size":"44","show_label_inside":true,"adjust_width":true,"cart_display_type":"text","other_text":"Other","cl_rule":"show","col":6,"values":[{"label":"35.5","value":"EU 35.5","price":"","pimage":"","pimage_id":"","pthumb":"","color":""},{"label":"36","value":"EU 36","price":"","pimage":"","pimage_id":"","pthumb":"","color":"","selected":true},{"label":"36.5","value":"EU 36.5","price":"","pimage":"","pimage_id":"","pthumb":"","color":""},{"label":"37.5","value":"EU 37.5","price":"","pimage":"","pimage_id":"","pthumb":"","color":""},{"label":"38","value":"EU 38","price":"","pimage":"","pimage_id":"","pthumb":"","color":""},{"label":"38.5","value":"EU 38.5","price":"","pimage":"","pimage_id":"","pthumb":"","color":""},{"label":"39","value":"EU 39","price":"","pimage":"","pimage_id":"","pthumb":"","color":""},{"label":"40","value":"EU 40","price":"","pimage":"","pimage_id":"","pthumb":"","color":""},{"label":"40.5","value":"EU 40.5","price":"","pimage":"","pimage_id":"","pthumb":"","color":""},{"label":"41","value":"EU 41","price":"","pimage":"","pimage_id":"","pthumb":"","color":""},{"label":"42","value":"EU 42","price":"","pimage":"","pimage_id":"","pthumb":"","color":""},{"label":"42.5","value":"EU 42.5","price":"","pimage":"","pimage_id":"","pthumb":"","color":""},{"label":"43","value":"EU 43","price":"","pimage":"","pimage_id":"","pthumb":"","color":""},{"label":"44","value":"EU 44","price":"","pimage":"","pimage_id":"","pthumb":"","color":""},{"label":"44.5","value":"EU 44.5","price":"","pimage":"","pimage_id":"","pthumb":"","color":""},{"label":"45","value":"EU 45","price":"","pimage":"","pimage_id":"","pthumb":"","color":""},{"label":"45.5","value":"EU 45.5","price":"","pimage":"","pimage_id":"","pthumb":"","color":""},{"label":"46","value":"EU 46","price":"","pimage":"","pimage_id":"","pthumb":"","color":""},{"label":"47","value":"EU 47","price":"","pimage":"","pimage_id":"","pthumb":"","color":""},{"label":"47.5","value":"EU 47.5","price":"","pimage":"","pimage_id":"","pthumb":"","color":""},{"label":"48","value":"EU 48","price":"","pimage":"","pimage_id":"","pthumb":"","color":""}],"relations":[{"operator":false,"rules":[]}],"form_id":18106,"form_rules":{"pric_cal_option_once":false,"exclude_from_discount":false,"pric_use_as_fee":false,"fee_label":"Fee","render_after_acb":false,"disp_hide_options_price":false}}]},"yoast_head":"<!-- This site is optimized with the Yoast SEO plugin v26.5 - https:\/\/yoast.com\/wordpress\/plugins\/seo\/ -->\n<title>Nike G.T. Cut Academy 2 EP Summit White\/Court Purple\/Football Grey\/Court Purple  - Tourcruiser PTE. LTD<\/title>\n<meta name=\"robots\" content=\"index, follow, max-snippet:-1, max-image-preview:large, max-video-preview:-1\" \/>\n<link rel=\"canonical\" href=\"https:\/\/tourcruiser.com\/de\/products\/nike-gt-cut-academy-2-ep-summit-whitecourt-purplefootball-greycourt-purple\/\" \/>\n<meta property=\"og:locale\" content=\"de_DE\" \/>\n<meta property=\"og:type\" content=\"article\" \/>\n<meta property=\"og:title\" content=\"Nike G.T. Cut Academy 2 EP Summit White\/Court Purple\/Football Grey\/Court Purple  - Tourcruiser PTE. LTD\" \/>\n<meta property=\"og:description\" content=\"Nike G.T. Cut Academy 2 EP Summit \u201d\u201d Summit White\/Court Purple\/Football Grey\/Court Purple\" \/>\n<meta property=\"og:url\" content=\"https:\/\/tourcruiser.com\/de\/products\/nike-gt-cut-academy-2-ep-summit-whitecourt-purplefootball-greycourt-purple\/\" \/>\n<meta property=\"og:site_name\" content=\"Tourcruiser Sneaker Store\" \/>\n<meta property=\"article:modified_time\" content=\"2026-03-27T18:26:06+00:00\" \/>\n<meta name=\"twitter:card\" content=\"summary_large_image\" \/>\n<meta name=\"twitter:image\" content=\"https:\/\/images.novelship.com\/product\/nike_g_t__cut_academy_2_ep_summit_white_court_purp_0_96623.png;https:\/\/images.novelship.com\/product\/nike_g_t__cut_academy_2_ep_summit_white_court_purp_1_96623.png;https:\/\/images.novelship.com\/product\/nike_g_t__cut_academy_2_ep_summit_white_court_purp_2_96623.png;https:\/\/images.novelship.com\/product\/nike_g_t__cut_academy_2_ep_summit_white_court_purp_3_96623.png;https:\/\/images.novelship.com\/product\/nike_g_t__cut_academy_2_ep_summit_white_court_purp_4_96623.png;https:\/\/images.novelship.com\/product\/nike_g_t__cut_academy_2_ep_summit_white_court_purp_5_96623.png;https:\/\/images.novelship.com\/product\/nike_g_t__cut_academy_2_ep_summit_white_court_purp_6_96623.png;https:\/\/images.novelship.com\/product\/nike_g_t__cut_academy_2_ep_summit_white_court_purp_7_96623.png\" \/>\n<meta name=\"twitter:label1\" content=\"Gesch\u00e4tzte Lesezeit\" \/>\n\t<meta name=\"twitter:data1\" content=\"1\u00a0Minute\" \/>\n<script type=\"application\/ld+json\" class=\"yoast-schema-graph\">{\"@context\":\"https:\/\/schema.org\",\"@graph\":[{\"@type\":\"WebPage\",\"@id\":\"https:\/\/tourcruiser.com\/de\/products\/nike-gt-cut-academy-2-ep-summit-whitecourt-purplefootball-greycourt-purple\/\",\"url\":\"https:\/\/tourcruiser.com\/de\/products\/nike-gt-cut-academy-2-ep-summit-whitecourt-purplefootball-greycourt-purple\/\",\"name\":\"Nike G.T. Cut Academy 2 EP Summit White\/Court Purple\/Football Grey\/Court Purple - Tourcruiser PTE. LTD\",\"isPartOf\":{\"@id\":\"https:\/\/tourcruiser.com\/de\/#website\"},\"primaryImageOfPage\":{\"@id\":\"https:\/\/tourcruiser.com\/de\/products\/nike-gt-cut-academy-2-ep-summit-whitecourt-purplefootball-greycourt-purple\/#primaryimage\"},\"image\":{\"@id\":\"https:\/\/tourcruiser.com\/de\/products\/nike-gt-cut-academy-2-ep-summit-whitecourt-purplefootball-greycourt-purple\/#primaryimage\"},\"thumbnailUrl\":\"https:\/\/images.novelship.com\/product\/nike_g_t__cut_academy_2_ep_summit_white_court_purp_0_96623.png;https:\/\/images.novelship.com\/product\/nike_g_t__cut_academy_2_ep_summit_white_court_purp_1_96623.png;https:\/\/images.novelship.com\/product\/nike_g_t__cut_academy_2_ep_summit_white_court_purp_2_96623.png;https:\/\/images.novelship.com\/product\/nike_g_t__cut_academy_2_ep_summit_white_court_purp_3_96623.png;https:\/\/images.novelship.com\/product\/nike_g_t__cut_academy_2_ep_summit_white_court_purp_4_96623.png;https:\/\/images.novelship.com\/product\/nike_g_t__cut_academy_2_ep_summit_white_court_purp_5_96623.png;https:\/\/images.novelship.com\/product\/nike_g_t__cut_academy_2_ep_summit_white_court_purp_6_96623.png;https:\/\/images.novelship.com\/product\/nike_g_t__cut_academy_2_ep_summit_white_court_purp_7_96623.png\",\"datePublished\":\"2026-03-02T09:00:08+00:00\",\"dateModified\":\"2026-03-27T18:26:06+00:00\",\"breadcrumb\":{\"@id\":\"https:\/\/tourcruiser.com\/de\/products\/nike-gt-cut-academy-2-ep-summit-whitecourt-purplefootball-greycourt-purple\/#breadcrumb\"},\"inLanguage\":\"de\",\"potentialAction\":[{\"@type\":\"ReadAction\",\"target\":[\"https:\/\/tourcruiser.com\/de\/products\/nike-gt-cut-academy-2-ep-summit-whitecourt-purplefootball-greycourt-purple\/\"]}]},{\"@type\":\"ImageObject\",\"inLanguage\":\"de\",\"@id\":\"https:\/\/tourcruiser.com\/de\/products\/nike-gt-cut-academy-2-ep-summit-whitecourt-purplefootball-greycourt-purple\/#primaryimage\",\"url\":\"https:\/\/images.novelship.com\/product\/nike_g_t__cut_academy_2_ep_summit_white_court_purp_0_96623.png;https:\/\/images.novelship.com\/product\/nike_g_t__cut_academy_2_ep_summit_white_court_purp_1_96623.png;https:\/\/images.novelship.com\/product\/nike_g_t__cut_academy_2_ep_summit_white_court_purp_2_96623.png;https:\/\/images.novelship.com\/product\/nike_g_t__cut_academy_2_ep_summit_white_court_purp_3_96623.png;https:\/\/images.novelship.com\/product\/nike_g_t__cut_academy_2_ep_summit_white_court_purp_4_96623.png;https:\/\/images.novelship.com\/product\/nike_g_t__cut_academy_2_ep_summit_white_court_purp_5_96623.png;https:\/\/images.novelship.com\/product\/nike_g_t__cut_academy_2_ep_summit_white_court_purp_6_96623.png;https:\/\/images.novelship.com\/product\/nike_g_t__cut_academy_2_ep_summit_white_court_purp_7_96623.png\",\"contentUrl\":\"https:\/\/images.novelship.com\/product\/nike_g_t__cut_academy_2_ep_summit_white_court_purp_0_96623.png;https:\/\/images.novelship.com\/product\/nike_g_t__cut_academy_2_ep_summit_white_court_purp_1_96623.png;https:\/\/images.novelship.com\/product\/nike_g_t__cut_academy_2_ep_summit_white_court_purp_2_96623.png;https:\/\/images.novelship.com\/product\/nike_g_t__cut_academy_2_ep_summit_white_court_purp_3_96623.png;https:\/\/images.novelship.com\/product\/nike_g_t__cut_academy_2_ep_summit_white_court_purp_4_96623.png;https:\/\/images.novelship.com\/product\/nike_g_t__cut_academy_2_ep_summit_white_court_purp_5_96623.png;https:\/\/images.novelship.com\/product\/nike_g_t__cut_academy_2_ep_summit_white_court_purp_6_96623.png;https:\/\/images.novelship.com\/product\/nike_g_t__cut_academy_2_ep_summit_white_court_purp_7_96623.png\"},{\"@type\":\"BreadcrumbList\",\"@id\":\"https:\/\/tourcruiser.com\/de\/products\/nike-gt-cut-academy-2-ep-summit-whitecourt-purplefootball-greycourt-purple\/#breadcrumb\",\"itemListElement\":[{\"@type\":\"ListItem\",\"position\":1,\"name\":\"Home\",\"item\":\"https:\/\/tourcruiser.com\/de\/\"},{\"@type\":\"ListItem\",\"position\":2,\"name\":\"Shop\",\"item\":\"https:\/\/tourcruiser.com\/de\/shop\/\"},{\"@type\":\"ListItem\",\"position\":3,\"name\":\"Nike G.T. Cut Academy 2 EP Summit White\/Court Purple\/Football Grey\/Court Purple\"}]},{\"@type\":\"WebSite\",\"@id\":\"https:\/\/tourcruiser.com\/de\/#website\",\"url\":\"https:\/\/tourcruiser.com\/de\/\",\"name\":\"Styloral Jewelry Shop\",\"description\":\"Tourcruiser Sneaker Store \u2014 der Ort, an dem das Universum deine Einzigartigkeit trifft.\",\"publisher\":{\"@id\":\"https:\/\/tourcruiser.com\/de\/#organization\"},\"potentialAction\":[{\"@type\":\"SearchAction\",\"target\":{\"@type\":\"EntryPoint\",\"urlTemplate\":\"https:\/\/tourcruiser.com\/de\/?s={search_term_string}\"},\"query-input\":{\"@type\":\"PropertyValueSpecification\",\"valueRequired\":true,\"valueName\":\"search_term_string\"}}],\"inLanguage\":\"de\"},{\"@type\":\"Organization\",\"@id\":\"https:\/\/tourcruiser.com\/de\/#organization\",\"name\":\"STYLORAL PTE. LTD\",\"url\":\"https:\/\/tourcruiser.com\/de\/\",\"logo\":{\"@type\":\"ImageObject\",\"inLanguage\":\"de\",\"@id\":\"https:\/\/tourcruiser.com\/de\/#\/schema\/logo\/image\/\",\"url\":\"https:\/\/www.tourcruiser.com\/wp-content\/uploads\/2025\/12\/logo.png\",\"contentUrl\":\"https:\/\/www.tourcruiser.com\/wp-content\/uploads\/2025\/12\/logo.png\",\"width\":200,\"height\":65,\"caption\":\"STYLORAL PTE. LTD\"},\"image\":{\"@id\":\"https:\/\/tourcruiser.com\/de\/#\/schema\/logo\/image\/\"}}]}<\/script>\n<!-- \/ Yoast SEO plugin. -->","yoast_head_json":{"title":"Nike G.T. Cut Academy 2 EP Summit White\/Court Purple\/Football Grey\/Court Purple  - Tourcruiser PTE. LTD","robots":{"index":"index","follow":"follow","max-snippet":"max-snippet:-1","max-image-preview":"max-image-preview:large","max-video-preview":"max-video-preview:-1"},"canonical":"https:\/\/tourcruiser.com\/de\/products\/nike-gt-cut-academy-2-ep-summit-whitecourt-purplefootball-greycourt-purple\/","og_locale":"de_DE","og_type":"article","og_title":"Nike G.T. Cut Academy 2 EP Summit White\/Court Purple\/Football Grey\/Court Purple  - Tourcruiser PTE. LTD","og_description":"Nike G.T. Cut Academy 2 EP Summit \u201d\u201d Summit White\/Court Purple\/Football Grey\/Court Purple","og_url":"https:\/\/tourcruiser.com\/de\/products\/nike-gt-cut-academy-2-ep-summit-whitecourt-purplefootball-greycourt-purple\/","og_site_name":"Tourcruiser Sneaker Store","article_modified_time":"2026-03-27T18:26:06+00:00","twitter_card":"summary_large_image","twitter_image":"https:\/\/images.novelship.com\/product\/nike_g_t__cut_academy_2_ep_summit_white_court_purp_0_96623.png;https:\/\/images.novelship.com\/product\/nike_g_t__cut_academy_2_ep_summit_white_court_purp_1_96623.png;https:\/\/images.novelship.com\/product\/nike_g_t__cut_academy_2_ep_summit_white_court_purp_2_96623.png;https:\/\/images.novelship.com\/product\/nike_g_t__cut_academy_2_ep_summit_white_court_purp_3_96623.png;https:\/\/images.novelship.com\/product\/nike_g_t__cut_academy_2_ep_summit_white_court_purp_4_96623.png;https:\/\/images.novelship.com\/product\/nike_g_t__cut_academy_2_ep_summit_white_court_purp_5_96623.png;https:\/\/images.novelship.com\/product\/nike_g_t__cut_academy_2_ep_summit_white_court_purp_6_96623.png;https:\/\/images.novelship.com\/product\/nike_g_t__cut_academy_2_ep_summit_white_court_purp_7_96623.png","twitter_misc":{"Gesch\u00e4tzte Lesezeit":"1\u00a0Minute"},"schema":{"@context":"https:\/\/schema.org","@graph":[{"@type":"WebPage","@id":"https:\/\/tourcruiser.com\/de\/products\/nike-gt-cut-academy-2-ep-summit-whitecourt-purplefootball-greycourt-purple\/","url":"https:\/\/tourcruiser.com\/de\/products\/nike-gt-cut-academy-2-ep-summit-whitecourt-purplefootball-greycourt-purple\/","name":"Nike G.T. Cut Academy 2 EP Summit White\/Court Purple\/Football Grey\/Court Purple - Tourcruiser PTE. LTD","isPartOf":{"@id":"https:\/\/tourcruiser.com\/de\/#website"},"primaryImageOfPage":{"@id":"https:\/\/tourcruiser.com\/de\/products\/nike-gt-cut-academy-2-ep-summit-whitecourt-purplefootball-greycourt-purple\/#primaryimage"},"image":{"@id":"https:\/\/tourcruiser.com\/de\/products\/nike-gt-cut-academy-2-ep-summit-whitecourt-purplefootball-greycourt-purple\/#primaryimage"},"thumbnailUrl":"https:\/\/images.novelship.com\/product\/nike_g_t__cut_academy_2_ep_summit_white_court_purp_0_96623.png;https:\/\/images.novelship.com\/product\/nike_g_t__cut_academy_2_ep_summit_white_court_purp_1_96623.png;https:\/\/images.novelship.com\/product\/nike_g_t__cut_academy_2_ep_summit_white_court_purp_2_96623.png;https:\/\/images.novelship.com\/product\/nike_g_t__cut_academy_2_ep_summit_white_court_purp_3_96623.png;https:\/\/images.novelship.com\/product\/nike_g_t__cut_academy_2_ep_summit_white_court_purp_4_96623.png;https:\/\/images.novelship.com\/product\/nike_g_t__cut_academy_2_ep_summit_white_court_purp_5_96623.png;https:\/\/images.novelship.com\/product\/nike_g_t__cut_academy_2_ep_summit_white_court_purp_6_96623.png;https:\/\/images.novelship.com\/product\/nike_g_t__cut_academy_2_ep_summit_white_court_purp_7_96623.png","datePublished":"2026-03-02T09:00:08+00:00","dateModified":"2026-03-27T18:26:06+00:00","breadcrumb":{"@id":"https:\/\/tourcruiser.com\/de\/products\/nike-gt-cut-academy-2-ep-summit-whitecourt-purplefootball-greycourt-purple\/#breadcrumb"},"inLanguage":"de","potentialAction":[{"@type":"ReadAction","target":["https:\/\/tourcruiser.com\/de\/products\/nike-gt-cut-academy-2-ep-summit-whitecourt-purplefootball-greycourt-purple\/"]}]},{"@type":"ImageObject","inLanguage":"de","@id":"https:\/\/tourcruiser.com\/de\/products\/nike-gt-cut-academy-2-ep-summit-whitecourt-purplefootball-greycourt-purple\/#primaryimage","url":"https:\/\/images.novelship.com\/product\/nike_g_t__cut_academy_2_ep_summit_white_court_purp_0_96623.png;https:\/\/images.novelship.com\/product\/nike_g_t__cut_academy_2_ep_summit_white_court_purp_1_96623.png;https:\/\/images.novelship.com\/product\/nike_g_t__cut_academy_2_ep_summit_white_court_purp_2_96623.png;https:\/\/images.novelship.com\/product\/nike_g_t__cut_academy_2_ep_summit_white_court_purp_3_96623.png;https:\/\/images.novelship.com\/product\/nike_g_t__cut_academy_2_ep_summit_white_court_purp_4_96623.png;https:\/\/images.novelship.com\/product\/nike_g_t__cut_academy_2_ep_summit_white_court_purp_5_96623.png;https:\/\/images.novelship.com\/product\/nike_g_t__cut_academy_2_ep_summit_white_court_purp_6_96623.png;https:\/\/images.novelship.com\/product\/nike_g_t__cut_academy_2_ep_summit_white_court_purp_7_96623.png","contentUrl":"https:\/\/images.novelship.com\/product\/nike_g_t__cut_academy_2_ep_summit_white_court_purp_0_96623.png;https:\/\/images.novelship.com\/product\/nike_g_t__cut_academy_2_ep_summit_white_court_purp_1_96623.png;https:\/\/images.novelship.com\/product\/nike_g_t__cut_academy_2_ep_summit_white_court_purp_2_96623.png;https:\/\/images.novelship.com\/product\/nike_g_t__cut_academy_2_ep_summit_white_court_purp_3_96623.png;https:\/\/images.novelship.com\/product\/nike_g_t__cut_academy_2_ep_summit_white_court_purp_4_96623.png;https:\/\/images.novelship.com\/product\/nike_g_t__cut_academy_2_ep_summit_white_court_purp_5_96623.png;https:\/\/images.novelship.com\/product\/nike_g_t__cut_academy_2_ep_summit_white_court_purp_6_96623.png;https:\/\/images.novelship.com\/product\/nike_g_t__cut_academy_2_ep_summit_white_court_purp_7_96623.png"},{"@type":"BreadcrumbList","@id":"https:\/\/tourcruiser.com\/de\/products\/nike-gt-cut-academy-2-ep-summit-whitecourt-purplefootball-greycourt-purple\/#breadcrumb","itemListElement":[{"@type":"ListItem","position":1,"name":"Home","item":"https:\/\/tourcruiser.com\/de\/"},{"@type":"ListItem","position":2,"name":"Shop","item":"https:\/\/tourcruiser.com\/de\/shop\/"},{"@type":"ListItem","position":3,"name":"Nike G.T. Cut Academy 2 EP Summit White\/Court Purple\/Football Grey\/Court Purple"}]},{"@type":"WebSite","@id":"https:\/\/tourcruiser.com\/de\/#website","url":"https:\/\/tourcruiser.com\/de\/","name":"Styloral Jewelry Shop","description":"Tourcruiser Sneaker Store \u2014 der Ort, an dem das Universum deine Einzigartigkeit trifft.","publisher":{"@id":"https:\/\/tourcruiser.com\/de\/#organization"},"potentialAction":[{"@type":"SearchAction","target":{"@type":"EntryPoint","urlTemplate":"https:\/\/tourcruiser.com\/de\/?s={search_term_string}"},"query-input":{"@type":"PropertyValueSpecification","valueRequired":true,"valueName":"search_term_string"}}],"inLanguage":"de"},{"@type":"Organization","@id":"https:\/\/tourcruiser.com\/de\/#organization","name":"STYLORAL PTE. LTD","url":"https:\/\/tourcruiser.com\/de\/","logo":{"@type":"ImageObject","inLanguage":"de","@id":"https:\/\/tourcruiser.com\/de\/#\/schema\/logo\/image\/","url":"https:\/\/www.tourcruiser.com\/wp-content\/uploads\/2025\/12\/logo.png","contentUrl":"https:\/\/www.tourcruiser.com\/wp-content\/uploads\/2025\/12\/logo.png","width":200,"height":65,"caption":"STYLORAL PTE. LTD"},"image":{"@id":"https:\/\/tourcruiser.com\/de\/#\/schema\/logo\/image\/"}}]}},"_links":{"self":[{"href":"https:\/\/tourcruiser.com\/de\/wp-json\/wp\/v2\/product\/156188","targetHints":{"allow":["GET"]}}],"collection":[{"href":"https:\/\/tourcruiser.com\/de\/wp-json\/wp\/v2\/product"}],"about":[{"href":"https:\/\/tourcruiser.com\/de\/wp-json\/wp\/v2\/types\/product"}],"replies":[{"embeddable":true,"href":"https:\/\/tourcruiser.com\/de\/wp-json\/wp\/v2\/comments?post=156188"}],"wp:featuredmedia":[{"embeddable":true,"href":"https:\/\/tourcruiser.com\/de\/wp-json\/wp\/v2\/media\/156189"}],"wp:attachment":[{"href":"https:\/\/tourcruiser.com\/de\/wp-json\/wp\/v2\/media?parent=156188"}],"wp:term":[{"taxonomy":"product_brand","embeddable":true,"href":"https:\/\/tourcruiser.com\/de\/wp-json\/wp\/v2\/product_brand?post=156188"},{"taxonomy":"product_cat","embeddable":true,"href":"https:\/\/tourcruiser.com\/de\/wp-json\/wp\/v2\/product_cat?post=156188"},{"taxonomy":"product_tag","embeddable":true,"href":"https:\/\/tourcruiser.com\/de\/wp-json\/wp\/v2\/product_tag?post=156188"}],"curies":[{"name":"wp","href":"https:\/\/api.w.org\/{rel}","templated":true}]}}