{"id":155967,"date":"2026-03-02T15:59:48","date_gmt":"2026-03-02T08:59:48","guid":{"rendered":"http:\/\/tourcruiser.com\/product\/women-new-balance-fuelcell-propel-v5-wide-black-steel-white"},"modified":"2026-03-02T15:59:48","modified_gmt":"2026-03-02T08:59:48","slug":"women-new-balance-fuelcell-propel-v5-wide-black-steel-white","status":"publish","type":"product","link":"https:\/\/tourcruiser.com\/de\/products\/women-new-balance-fuelcell-propel-v5-wide-black-steel-white\/","title":{"rendered":"(Women) New Balance FuelCell Propel v5 Wide &#8218;Black Steel White&#8216;"},"content":{"rendered":"<p>Wir pr\u00e4sentieren den New Balance FuelCell Propel v5 Wide in \u201eBlack Steel White\u201c, speziell f\u00fcr Damen entwickelt. Mit seiner ger\u00e4umigen und bequemen Zehenbox ist dieser Schuh perfekt f\u00fcr L\u00e4uferinnen mit breiteren F\u00fc\u00dfen. Erleben Sie au\u00dfergew\u00f6hnliche Reaktionsf\u00e4higkeit und ein geschmeidiges Laufgef\u00fchl dank der innovativen FuelCell-Mittelsohle, die Sie bei jedem Schritt optimal unterst\u00fctzt. Das elegante schwarze Obermaterial mit wei\u00dfen Akzenten verleiht Ihrem Sportoutfit einen Hauch von Stil. Schl\u00fcpfen Sie in den FuelCell Propel v5 Wide und verbessern Sie Ihr Laufspiel mit der unschlagbaren Kombination aus Komfort und Leistung.<\/p>\n<p>Style-Code: WFCPRLB5-D<\/p>\n<p>Obermaterial: Mesh<\/p>\n<p>Mittelsohle: FuelCell<\/p>\n<p>Farbe: Schwarz<\/p>\n<p>Erscheinungsjahr: 2024<\/p>\n","protected":false},"excerpt":{"rendered":"<p>(W) NB FuelCell Propel v5 Wide &#8218;Black Steel White&#8216;<\/p>\n","protected":false},"featured_media":155968,"comment_status":"open","ping_status":"closed","template":"","meta":[],"product_brand":[],"product_cat":[11302],"product_tag":[10926,10766,10802,10840,10758,11692],"class_list":{"0":"post-155967","1":"product","2":"type-product","3":"status-publish","4":"has-post-thumbnail","6":"product_cat-new-balance-women","7":"product_tag-gift-for-her","8":"product_tag-new-balance","9":"product_tag-performance-sport-shoes","10":"product_tag-running-shoes","11":"product_tag-under-retail","12":"product_tag-wide-running-shoes","13":"wcpa_has_options","15":"first","16":"instock","17":"taxable","18":"shipping-taxable","19":"purchasable","20":"product-type-simple"},"wcpa_form_fields":{"rules":{"pric_overide_base_price":false,"pric_overide_base_price_if_gt_zero":false,"pric_overide_base_price_fully":false,"pric_cal_option_once":false,"pric_use_as_fee":false,"bind_quantity":false,"quantity_bind_formula":false},"fields":[{"type":"color-group","required":true,"elementId":"wcpa-color-group-66c4a928225d2","label":"Gr\u00f6\u00dfe","inline":true,"priceOptions":"different_for_all","pricingType":"fixed","className":"hassizechart product-shoes-size-eu product-shoes-size","name":"color-group-66c4a928225e2","disp_type":"square","selection_type":"tick-border","disp_size":"50","show_label_inside":true,"adjust_width":true,"cart_display_type":"text","other_text":"Other","cl_rule":"show","col":6,"values":[{"label":"35","value":"EU 35","price":"","pimage":"","pimage_id":"","pthumb":"","color":""},{"label":"36","value":"EU 36","price":"","pimage":"","pimage_id":"","pthumb":"","color":"","selected":true},{"label":"37","value":"EU 37","price":"","pimage":"","pimage_id":"","pthumb":"","color":""},{"label":"37.5","value":"EU 37.5","price":"","pimage":"","pimage_id":"","pthumb":"","color":""},{"label":"38","value":"EU 38","price":"","pimage":"","pimage_id":"","pthumb":"","color":""},{"label":"38.5","value":"EU 38.5","price":"","pimage":"","pimage_id":"","pthumb":"","color":""},{"label":"39","value":"EU 39","price":"","pimage":"","pimage_id":"","pthumb":"","color":""},{"label":"39.5","value":"EU 39.5","price":"","pimage":"","pimage_id":"","pthumb":"","color":""},{"label":"40","value":"EU 40","price":"","pimage":"","pimage_id":"","pthumb":"","color":""},{"label":"40.5","value":"EU 40.5","price":"","pimage":"","pimage_id":"","pthumb":"","color":""},{"label":" 41.5","value":"EU 41.5","price":"","pimage":"","pimage_id":"","pthumb":"","color":""},{"label":"42","value":"EU 42","price":"","pimage":"","pimage_id":"","pthumb":"","color":""},{"label":"42.5","value":"EU 42.5","price":"","pimage":"","pimage_id":"","pthumb":"","color":""},{"label":"43","value":"EU 43","price":"","pimage":"","pimage_id":"","pthumb":"","color":""},{"label":"44","value":"EU 44","price":"","pimage":"","pimage_id":"","pthumb":"","color":""},{"label":"44.5","value":"EU 44.5","price":"","pimage":"","pimage_id":"","pthumb":"","color":""},{"label":"45","value":"EU 45","price":"","pimage":"","pimage_id":"","pthumb":"","color":""},{"label":"45.5","value":"EU 45.5","price":"","pimage":"","pimage_id":"","pthumb":"","color":""},{"label":"46","value":"EU 46","price":"","pimage":"","pimage_id":"","pthumb":"","color":""}],"relations":[{"operator":false,"rules":[]}],"form_id":24803,"form_rules":{"pric_cal_option_once":false,"exclude_from_discount":false,"pric_use_as_fee":false,"fee_label":"Fee","render_after_acb":false,"disp_hide_options_price":false}}]},"yoast_head":"<!-- This site is optimized with the Yoast SEO plugin v26.5 - https:\/\/yoast.com\/wordpress\/plugins\/seo\/ -->\n<title>(Women) New Balance FuelCell Propel v5 Wide &#039;Black Steel White&#039;  - Tourcruiser PTE. LTD<\/title>\n<meta name=\"robots\" content=\"index, follow, max-snippet:-1, max-image-preview:large, max-video-preview:-1\" \/>\n<link rel=\"canonical\" href=\"https:\/\/tourcruiser.com\/de\/products\/women-new-balance-fuelcell-propel-v5-wide-black-steel-white\/\" \/>\n<meta property=\"og:locale\" content=\"de_DE\" \/>\n<meta property=\"og:type\" content=\"article\" \/>\n<meta property=\"og:title\" content=\"(Women) New Balance FuelCell Propel v5 Wide &#039;Black Steel White&#039;  - Tourcruiser PTE. LTD\" \/>\n<meta property=\"og:description\" content=\"(W) NB FuelCell Propel v5 Wide &#039;Black Steel White&#039;\" \/>\n<meta property=\"og:url\" content=\"https:\/\/tourcruiser.com\/de\/products\/women-new-balance-fuelcell-propel-v5-wide-black-steel-white\/\" \/>\n<meta property=\"og:site_name\" content=\"Tourcruiser Sneaker Store\" \/>\n<meta name=\"twitter:card\" content=\"summary_large_image\" \/>\n<meta name=\"twitter:image\" content=\"https:\/\/images.novelship.com\/product\/_women__new_balance_fuelcell_propel_v5_wide__black_0_17373.png\" \/>\n<meta name=\"twitter:label1\" content=\"Gesch\u00e4tzte Lesezeit\" \/>\n\t<meta name=\"twitter:data1\" content=\"1\u00a0Minute\" \/>\n<script type=\"application\/ld+json\" class=\"yoast-schema-graph\">{\"@context\":\"https:\/\/schema.org\",\"@graph\":[{\"@type\":\"WebPage\",\"@id\":\"https:\/\/tourcruiser.com\/de\/products\/women-new-balance-fuelcell-propel-v5-wide-black-steel-white\/\",\"url\":\"https:\/\/tourcruiser.com\/de\/products\/women-new-balance-fuelcell-propel-v5-wide-black-steel-white\/\",\"name\":\"(Women) New Balance FuelCell Propel v5 Wide 'Black Steel White' - Tourcruiser PTE. LTD\",\"isPartOf\":{\"@id\":\"https:\/\/tourcruiser.com\/de\/#website\"},\"primaryImageOfPage\":{\"@id\":\"https:\/\/tourcruiser.com\/de\/products\/women-new-balance-fuelcell-propel-v5-wide-black-steel-white\/#primaryimage\"},\"image\":{\"@id\":\"https:\/\/tourcruiser.com\/de\/products\/women-new-balance-fuelcell-propel-v5-wide-black-steel-white\/#primaryimage\"},\"thumbnailUrl\":\"https:\/\/images.novelship.com\/product\/_women__new_balance_fuelcell_propel_v5_wide__black_0_17373.png\",\"datePublished\":\"2026-03-02T08:59:48+00:00\",\"breadcrumb\":{\"@id\":\"https:\/\/tourcruiser.com\/de\/products\/women-new-balance-fuelcell-propel-v5-wide-black-steel-white\/#breadcrumb\"},\"inLanguage\":\"de\",\"potentialAction\":[{\"@type\":\"ReadAction\",\"target\":[\"https:\/\/tourcruiser.com\/de\/products\/women-new-balance-fuelcell-propel-v5-wide-black-steel-white\/\"]}]},{\"@type\":\"ImageObject\",\"inLanguage\":\"de\",\"@id\":\"https:\/\/tourcruiser.com\/de\/products\/women-new-balance-fuelcell-propel-v5-wide-black-steel-white\/#primaryimage\",\"url\":\"https:\/\/images.novelship.com\/product\/_women__new_balance_fuelcell_propel_v5_wide__black_0_17373.png\",\"contentUrl\":\"https:\/\/images.novelship.com\/product\/_women__new_balance_fuelcell_propel_v5_wide__black_0_17373.png\"},{\"@type\":\"BreadcrumbList\",\"@id\":\"https:\/\/tourcruiser.com\/de\/products\/women-new-balance-fuelcell-propel-v5-wide-black-steel-white\/#breadcrumb\",\"itemListElement\":[{\"@type\":\"ListItem\",\"position\":1,\"name\":\"Home\",\"item\":\"https:\/\/tourcruiser.com\/de\/\"},{\"@type\":\"ListItem\",\"position\":2,\"name\":\"Shop\",\"item\":\"https:\/\/tourcruiser.com\/de\/shop\/\"},{\"@type\":\"ListItem\",\"position\":3,\"name\":\"(Women) New Balance FuelCell Propel v5 Wide 'Black Steel White'\"}]},{\"@type\":\"WebSite\",\"@id\":\"https:\/\/tourcruiser.com\/de\/#website\",\"url\":\"https:\/\/tourcruiser.com\/de\/\",\"name\":\"Styloral Jewelry Shop\",\"description\":\"Tourcruiser Sneaker Store \u2014 der Ort, an dem das Universum deine Einzigartigkeit trifft.\",\"publisher\":{\"@id\":\"https:\/\/tourcruiser.com\/de\/#organization\"},\"potentialAction\":[{\"@type\":\"SearchAction\",\"target\":{\"@type\":\"EntryPoint\",\"urlTemplate\":\"https:\/\/tourcruiser.com\/de\/?s={search_term_string}\"},\"query-input\":{\"@type\":\"PropertyValueSpecification\",\"valueRequired\":true,\"valueName\":\"search_term_string\"}}],\"inLanguage\":\"de\"},{\"@type\":\"Organization\",\"@id\":\"https:\/\/tourcruiser.com\/de\/#organization\",\"name\":\"STYLORAL PTE. LTD\",\"url\":\"https:\/\/tourcruiser.com\/de\/\",\"logo\":{\"@type\":\"ImageObject\",\"inLanguage\":\"de\",\"@id\":\"https:\/\/tourcruiser.com\/de\/#\/schema\/logo\/image\/\",\"url\":\"https:\/\/www.tourcruiser.com\/wp-content\/uploads\/2025\/12\/logo.png\",\"contentUrl\":\"https:\/\/www.tourcruiser.com\/wp-content\/uploads\/2025\/12\/logo.png\",\"width\":200,\"height\":65,\"caption\":\"STYLORAL PTE. LTD\"},\"image\":{\"@id\":\"https:\/\/tourcruiser.com\/de\/#\/schema\/logo\/image\/\"}}]}<\/script>\n<!-- \/ Yoast SEO plugin. -->","yoast_head_json":{"title":"(Women) New Balance FuelCell Propel v5 Wide 'Black Steel White'  - Tourcruiser PTE. LTD","robots":{"index":"index","follow":"follow","max-snippet":"max-snippet:-1","max-image-preview":"max-image-preview:large","max-video-preview":"max-video-preview:-1"},"canonical":"https:\/\/tourcruiser.com\/de\/products\/women-new-balance-fuelcell-propel-v5-wide-black-steel-white\/","og_locale":"de_DE","og_type":"article","og_title":"(Women) New Balance FuelCell Propel v5 Wide 'Black Steel White'  - Tourcruiser PTE. LTD","og_description":"(W) NB FuelCell Propel v5 Wide 'Black Steel White'","og_url":"https:\/\/tourcruiser.com\/de\/products\/women-new-balance-fuelcell-propel-v5-wide-black-steel-white\/","og_site_name":"Tourcruiser Sneaker Store","twitter_card":"summary_large_image","twitter_image":"https:\/\/images.novelship.com\/product\/_women__new_balance_fuelcell_propel_v5_wide__black_0_17373.png","twitter_misc":{"Gesch\u00e4tzte Lesezeit":"1\u00a0Minute"},"schema":{"@context":"https:\/\/schema.org","@graph":[{"@type":"WebPage","@id":"https:\/\/tourcruiser.com\/de\/products\/women-new-balance-fuelcell-propel-v5-wide-black-steel-white\/","url":"https:\/\/tourcruiser.com\/de\/products\/women-new-balance-fuelcell-propel-v5-wide-black-steel-white\/","name":"(Women) New Balance FuelCell Propel v5 Wide 'Black Steel White' - Tourcruiser PTE. LTD","isPartOf":{"@id":"https:\/\/tourcruiser.com\/de\/#website"},"primaryImageOfPage":{"@id":"https:\/\/tourcruiser.com\/de\/products\/women-new-balance-fuelcell-propel-v5-wide-black-steel-white\/#primaryimage"},"image":{"@id":"https:\/\/tourcruiser.com\/de\/products\/women-new-balance-fuelcell-propel-v5-wide-black-steel-white\/#primaryimage"},"thumbnailUrl":"https:\/\/images.novelship.com\/product\/_women__new_balance_fuelcell_propel_v5_wide__black_0_17373.png","datePublished":"2026-03-02T08:59:48+00:00","breadcrumb":{"@id":"https:\/\/tourcruiser.com\/de\/products\/women-new-balance-fuelcell-propel-v5-wide-black-steel-white\/#breadcrumb"},"inLanguage":"de","potentialAction":[{"@type":"ReadAction","target":["https:\/\/tourcruiser.com\/de\/products\/women-new-balance-fuelcell-propel-v5-wide-black-steel-white\/"]}]},{"@type":"ImageObject","inLanguage":"de","@id":"https:\/\/tourcruiser.com\/de\/products\/women-new-balance-fuelcell-propel-v5-wide-black-steel-white\/#primaryimage","url":"https:\/\/images.novelship.com\/product\/_women__new_balance_fuelcell_propel_v5_wide__black_0_17373.png","contentUrl":"https:\/\/images.novelship.com\/product\/_women__new_balance_fuelcell_propel_v5_wide__black_0_17373.png"},{"@type":"BreadcrumbList","@id":"https:\/\/tourcruiser.com\/de\/products\/women-new-balance-fuelcell-propel-v5-wide-black-steel-white\/#breadcrumb","itemListElement":[{"@type":"ListItem","position":1,"name":"Home","item":"https:\/\/tourcruiser.com\/de\/"},{"@type":"ListItem","position":2,"name":"Shop","item":"https:\/\/tourcruiser.com\/de\/shop\/"},{"@type":"ListItem","position":3,"name":"(Women) New Balance FuelCell Propel v5 Wide 'Black Steel White'"}]},{"@type":"WebSite","@id":"https:\/\/tourcruiser.com\/de\/#website","url":"https:\/\/tourcruiser.com\/de\/","name":"Styloral Jewelry Shop","description":"Tourcruiser Sneaker Store \u2014 der Ort, an dem das Universum deine Einzigartigkeit trifft.","publisher":{"@id":"https:\/\/tourcruiser.com\/de\/#organization"},"potentialAction":[{"@type":"SearchAction","target":{"@type":"EntryPoint","urlTemplate":"https:\/\/tourcruiser.com\/de\/?s={search_term_string}"},"query-input":{"@type":"PropertyValueSpecification","valueRequired":true,"valueName":"search_term_string"}}],"inLanguage":"de"},{"@type":"Organization","@id":"https:\/\/tourcruiser.com\/de\/#organization","name":"STYLORAL PTE. LTD","url":"https:\/\/tourcruiser.com\/de\/","logo":{"@type":"ImageObject","inLanguage":"de","@id":"https:\/\/tourcruiser.com\/de\/#\/schema\/logo\/image\/","url":"https:\/\/www.tourcruiser.com\/wp-content\/uploads\/2025\/12\/logo.png","contentUrl":"https:\/\/www.tourcruiser.com\/wp-content\/uploads\/2025\/12\/logo.png","width":200,"height":65,"caption":"STYLORAL PTE. LTD"},"image":{"@id":"https:\/\/tourcruiser.com\/de\/#\/schema\/logo\/image\/"}}]}},"_links":{"self":[{"href":"https:\/\/tourcruiser.com\/de\/wp-json\/wp\/v2\/product\/155967","targetHints":{"allow":["GET"]}}],"collection":[{"href":"https:\/\/tourcruiser.com\/de\/wp-json\/wp\/v2\/product"}],"about":[{"href":"https:\/\/tourcruiser.com\/de\/wp-json\/wp\/v2\/types\/product"}],"replies":[{"embeddable":true,"href":"https:\/\/tourcruiser.com\/de\/wp-json\/wp\/v2\/comments?post=155967"}],"wp:featuredmedia":[{"embeddable":true,"href":"https:\/\/tourcruiser.com\/de\/wp-json\/wp\/v2\/media\/155968"}],"wp:attachment":[{"href":"https:\/\/tourcruiser.com\/de\/wp-json\/wp\/v2\/media?parent=155967"}],"wp:term":[{"taxonomy":"product_brand","embeddable":true,"href":"https:\/\/tourcruiser.com\/de\/wp-json\/wp\/v2\/product_brand?post=155967"},{"taxonomy":"product_cat","embeddable":true,"href":"https:\/\/tourcruiser.com\/de\/wp-json\/wp\/v2\/product_cat?post=155967"},{"taxonomy":"product_tag","embeddable":true,"href":"https:\/\/tourcruiser.com\/de\/wp-json\/wp\/v2\/product_tag?post=155967"}],"curies":[{"name":"wp","href":"https:\/\/api.w.org\/{rel}","templated":true}]}}