{"id":155598,"date":"2026-03-02T15:59:13","date_gmt":"2026-03-02T08:59:13","guid":{"rendered":"http:\/\/tourcruiser.com\/product\/adidas-terrex-anyrander-mid-core-blackgrey"},"modified":"2026-03-28T01:25:34","modified_gmt":"2026-03-27T18:25:34","slug":"adidas-terrex-anyrander-mid-core-blackgrey","status":"publish","type":"product","link":"https:\/\/tourcruiser.com\/de\/products\/adidas-terrex-anyrander-mid-core-blackgrey\/","title":{"rendered":"adidas Terrex Anyrander Mid &#8222;Core Black\/Grey&#8220;"},"content":{"rendered":"<p>Der adidas Terrex Anyrander Mid \u201eCore Black\/Grey\u201c ID0898 ist ein vielseitiger Outdoor-Schuh, der f\u00fcr anspruchsvolles Gel\u00e4nde entwickelt wurde und dabei Komfort und Langlebigkeit bietet.<\/p>\n<p>Dieser mittelhohe Wanderschuh wurde f\u00fcr Abenteurer konzipiert und verf\u00fcgt \u00fcber ein robustes, wetterfestes Obermaterial in elegantem Core Black und Grau. Er vereint modernen Stil mit funktionaler Performance. Seine leichte und dennoch robuste Konstruktion sorgt f\u00fcr Agilit\u00e4t und Schutz auf unebenem Gel\u00e4nde, w\u00e4hrend die EVA-Zwischensohle ganzt\u00e4gige D\u00e4mpfung f\u00fcr lange Wanderungen oder Stadterkundungen bietet.<\/p>\n<p>Ausgestattet mit einer griffigen Au\u00dfensohle bietet der Schuh hervorragende Traktion auf nassen und trockenen Oberfl\u00e4chen und gibt dir bei jedem Schritt Sicherheit. Das atmungsaktive Design tr\u00e4gt zur Temperaturregulierung bei und h\u00e4lt deine F\u00fc\u00dfe in unterschiedlichen Klimazonen frisch und trocken. Abgerundet mit dezentem adidas-Branding vereint der Terrex Anyrander Mid m\u00fchelos Outdoor-Funktionalit\u00e4t mit einer klaren, minimalistischen \u00c4sthetik.<\/p>\n<p>Ob beim Erklimmen felsiger Klippen, beim Wandern durch W\u00e4lder oder beim Erkunden urbaner Stra\u00dfen \u201d\u201c der Terrex Anyrander Mid ist dein zuverl\u00e4ssiger Begleiter f\u00fcr vielseitige Abenteuer im Alltag.<\/p>\n<ul>\n<li><strong>Farbgebung:<\/strong> Core Black\/Core Black\/Grey Four<\/li>\n<li><strong>Style-Code:<\/strong> ID0898<\/li>\n<li><strong>Obermaterial:<\/strong> Textil<\/li>\n<li><strong>Zwischensohle:<\/strong> EVA<\/li>\n<li><strong>Farbe:<\/strong> Schwarz<\/li>\n<li><strong>Saison:<\/strong> Herbst<\/li>\n<li><strong>Erscheinungsjahr:<\/strong> 2024<\/li>\n<\/ul>\n","protected":false},"excerpt":{"rendered":"<p>adidas Terrex Anyrander Mid \u201d\u201d Core Black\/Core Black\/Grey Four<\/p>\n","protected":false},"featured_media":155599,"comment_status":"open","ping_status":"closed","template":"","meta":[],"product_brand":[],"product_cat":[10760],"product_tag":[10917],"class_list":{"0":"post-155598","1":"product","2":"type-product","3":"status-publish","4":"has-post-thumbnail","6":"product_cat-adidas","7":"product_tag-small-130-usd","8":"wcpa_has_options","10":"first","11":"outofstock","12":"taxable","13":"shipping-taxable","14":"purchasable","15":"product-type-simple"},"wcpa_form_fields":{"rules":{"pric_overide_base_price":false,"pric_overide_base_price_if_gt_zero":false,"pric_overide_base_price_fully":false,"pric_cal_option_once":false,"pric_use_as_fee":false,"bind_quantity":false,"quantity_bind_formula":false},"fields":[{"type":"color-group","required":true,"elementId":"wcpa-color-group-66c4a7f817afe","label":"Gr\u00f6\u00dfe","inline":true,"priceOptions":"different_for_all","pricingType":"fixed","className":"hassizechart product-shoes-size-eu product-shoes-size","name":"color-group-66c4a7f817b18","disp_type":"square","selection_type":"tick-border","disp_size":"50","show_label_inside":true,"adjust_width":true,"cart_display_type":"text","other_text":"Other","cl_rule":"show","col":6,"values":[{"label":"35","value":"EU 35","price":"","pimage":"","pimage_id":"","pthumb":"","color":""},{"label":"35.5","value":"EU 35.5","price":"","pimage":"","pimage_id":"","pthumb":"","color":""},{"label":"36","value":"EU 36","price":"","pimage":"","pimage_id":"","pthumb":"","color":"","selected":true},{"label":"36 2\/3","value":"EU 36 2\/3","price":"","pimage":"","pimage_id":"","pthumb":"","color":""},{"label":"37 1\/3","value":"EU 37 1\/3","price":"","pimage":"","pimage_id":"","pthumb":"","color":""},{"label":"38","value":"EU 38","price":"","pimage":"","pimage_id":"","pthumb":"","color":""},{"label":"38 2\/3","value":"EU 38 2\/3","price":"","pimage":"","pimage_id":"","pthumb":"","color":""},{"label":"39 1\/3","value":"EU 39 1\/3","price":"","pimage":"","pimage_id":"","pthumb":"","color":""},{"label":"40","value":"EU 40","price":"","pimage":"","pimage_id":"","pthumb":"","color":""},{"label":"40 2\/3","value":"EU 40 2\/3","price":"","pimage":"","pimage_id":"","pthumb":"","color":""},{"label":"41 1\/3","value":"EU 41 1\/3","price":"","pimage":"","pimage_id":"","pthumb":"","color":""},{"label":"42","value":"EU 42","price":"","pimage":"","pimage_id":"","pthumb":"","color":""},{"label":"42 2\/3","value":"EU 42 2\/3","price":"","pimage":"","pimage_id":"","pthumb":"","color":""},{"label":"43 1\/3","value":"EU 43 1\/3","price":"","pimage":"","pimage_id":"","pthumb":"","color":""},{"label":"44","value":"EU 44","price":"","pimage":"","pimage_id":"","pthumb":"","color":""},{"label":"44 2\/3","value":"EU 44 2\/3","price":"","pimage":"","pimage_id":"","pthumb":"","color":""},{"label":"45 1\/3","value":"EU 45 1\/3","price":"","pimage":"","pimage_id":"","pthumb":"","color":""},{"label":"46","value":"EU 46","price":"","pimage":"","pimage_id":"","pthumb":"","color":""},{"label":"46 2\/3","value":"EU 46 2\/3","price":"","pimage":"","pimage_id":"","pthumb":"","color":""},{"label":"47 1\/3","value":"EU 47 1\/3","price":"","pimage":"","pimage_id":"","pthumb":"","color":""}],"relations":[{"operator":false,"rules":[]}],"form_id":24802,"form_rules":{"pric_cal_option_once":false,"exclude_from_discount":false,"pric_use_as_fee":false,"fee_label":"Fee","render_after_acb":false,"disp_hide_options_price":false}}]},"yoast_head":"<!-- This site is optimized with the Yoast SEO plugin v26.5 - https:\/\/yoast.com\/wordpress\/plugins\/seo\/ -->\n<title>adidas Terrex Anyrander Mid &quot;Core Black\/Grey&quot;  - Tourcruiser PTE. LTD<\/title>\n<meta name=\"robots\" content=\"index, follow, max-snippet:-1, max-image-preview:large, max-video-preview:-1\" \/>\n<link rel=\"canonical\" href=\"https:\/\/tourcruiser.com\/\" \/>\n<meta property=\"og:locale\" content=\"de_DE\" \/>\n<meta property=\"og:type\" content=\"article\" \/>\n<meta property=\"og:title\" content=\"adidas Terrex Anyrander Mid &quot;Core Black\/Grey&quot;  - Tourcruiser PTE. LTD\" \/>\n<meta property=\"og:description\" content=\"adidas Terrex Anyrander Mid \u201d\u201d Core Black\/Core Black\/Grey Four\" \/>\n<meta property=\"og:url\" content=\"\/\" \/>\n<meta property=\"og:site_name\" content=\"Tourcruiser Sneaker Store\" \/>\n<meta property=\"article:modified_time\" content=\"2026-03-27T18:25:34+00:00\" \/>\n<meta name=\"twitter:card\" content=\"summary_large_image\" \/>\n<meta name=\"twitter:image\" content=\"https:\/\/images.novelship.com\/product\/adidas_terrex_anyrander_mid__core_black_grey__id08_0_65196.png;https:\/\/images.novelship.com\/product\/adidas_terrex_anyrander_mid__core_black_grey__id08_1_65196.png;https:\/\/images.novelship.com\/product\/adidas_terrex_anyrander_mid__core_black_grey__id08_2_65196.png;https:\/\/images.novelship.com\/product\/adidas_terrex_anyrander_mid__core_black_grey__id08_3_65196.png;https:\/\/images.novelship.com\/product\/adidas_terrex_anyrander_mid__core_black_grey__id08_4_65196.png;https:\/\/images.novelship.com\/product\/adidas_terrex_anyrander_mid__core_black_grey__id08_5_65196.png;https:\/\/images.novelship.com\/product\/adidas_terrex_anyrander_mid__core_black_grey__id08_6_65196.png\" \/>\n<meta name=\"twitter:label1\" content=\"Gesch\u00e4tzte Lesezeit\" \/>\n\t<meta name=\"twitter:data1\" content=\"1\u00a0Minute\" \/>\n<script type=\"application\/ld+json\" class=\"yoast-schema-graph\">{\"@context\":\"https:\/\/schema.org\",\"@graph\":[{\"@type\":\"WebPage\",\"@id\":\"\/\",\"url\":\"https:\/\/tourcruiser.com\/\",\"name\":\"adidas Terrex Anyrander Mid \\\"Core Black\/Grey\\\" - Tourcruiser PTE. LTD\",\"isPartOf\":{\"@id\":\"https:\/\/tourcruiser.com\/de\/#website\"},\"primaryImageOfPage\":{\"@id\":\"https:\/\/tourcruiser.com\/#primaryimage\"},\"image\":{\"@id\":\"https:\/\/tourcruiser.com\/#primaryimage\"},\"thumbnailUrl\":\"https:\/\/images.novelship.com\/product\/adidas_terrex_anyrander_mid__core_black_grey__id08_0_65196.png;https:\/\/images.novelship.com\/product\/adidas_terrex_anyrander_mid__core_black_grey__id08_1_65196.png;https:\/\/images.novelship.com\/product\/adidas_terrex_anyrander_mid__core_black_grey__id08_2_65196.png;https:\/\/images.novelship.com\/product\/adidas_terrex_anyrander_mid__core_black_grey__id08_3_65196.png;https:\/\/images.novelship.com\/product\/adidas_terrex_anyrander_mid__core_black_grey__id08_4_65196.png;https:\/\/images.novelship.com\/product\/adidas_terrex_anyrander_mid__core_black_grey__id08_5_65196.png;https:\/\/images.novelship.com\/product\/adidas_terrex_anyrander_mid__core_black_grey__id08_6_65196.png\",\"datePublished\":\"2026-03-02T08:59:13+00:00\",\"dateModified\":\"2026-03-27T18:25:34+00:00\",\"breadcrumb\":{\"@id\":\"https:\/\/tourcruiser.com\/#breadcrumb\"},\"inLanguage\":\"de\",\"potentialAction\":[{\"@type\":\"ReadAction\",\"target\":[\"https:\/\/tourcruiser.com\/\"]}]},{\"@type\":\"ImageObject\",\"inLanguage\":\"de\",\"@id\":\"https:\/\/tourcruiser.com\/#primaryimage\",\"url\":\"https:\/\/images.novelship.com\/product\/adidas_terrex_anyrander_mid__core_black_grey__id08_0_65196.png;https:\/\/images.novelship.com\/product\/adidas_terrex_anyrander_mid__core_black_grey__id08_1_65196.png;https:\/\/images.novelship.com\/product\/adidas_terrex_anyrander_mid__core_black_grey__id08_2_65196.png;https:\/\/images.novelship.com\/product\/adidas_terrex_anyrander_mid__core_black_grey__id08_3_65196.png;https:\/\/images.novelship.com\/product\/adidas_terrex_anyrander_mid__core_black_grey__id08_4_65196.png;https:\/\/images.novelship.com\/product\/adidas_terrex_anyrander_mid__core_black_grey__id08_5_65196.png;https:\/\/images.novelship.com\/product\/adidas_terrex_anyrander_mid__core_black_grey__id08_6_65196.png\",\"contentUrl\":\"https:\/\/images.novelship.com\/product\/adidas_terrex_anyrander_mid__core_black_grey__id08_0_65196.png;https:\/\/images.novelship.com\/product\/adidas_terrex_anyrander_mid__core_black_grey__id08_1_65196.png;https:\/\/images.novelship.com\/product\/adidas_terrex_anyrander_mid__core_black_grey__id08_2_65196.png;https:\/\/images.novelship.com\/product\/adidas_terrex_anyrander_mid__core_black_grey__id08_3_65196.png;https:\/\/images.novelship.com\/product\/adidas_terrex_anyrander_mid__core_black_grey__id08_4_65196.png;https:\/\/images.novelship.com\/product\/adidas_terrex_anyrander_mid__core_black_grey__id08_5_65196.png;https:\/\/images.novelship.com\/product\/adidas_terrex_anyrander_mid__core_black_grey__id08_6_65196.png\"},{\"@type\":\"BreadcrumbList\",\"@id\":\"https:\/\/tourcruiser.com\/#breadcrumb\",\"itemListElement\":[{\"@type\":\"ListItem\",\"position\":1,\"name\":\"Home\",\"item\":\"https:\/\/tourcruiser.com\/de\/\"},{\"@type\":\"ListItem\",\"position\":2,\"name\":\"Shop\",\"item\":\"https:\/\/tourcruiser.com\/de\/shop\/\"},{\"@type\":\"ListItem\",\"position\":3,\"name\":\"adidas Terrex Anyrander Mid &#8222;Core Black\/Grey&#8220;\"}]},{\"@type\":\"WebSite\",\"@id\":\"https:\/\/tourcruiser.com\/de\/#website\",\"url\":\"https:\/\/tourcruiser.com\/de\/\",\"name\":\"Styloral Jewelry Shop\",\"description\":\"Tourcruiser Sneaker Store \u2014 der Ort, an dem das Universum deine Einzigartigkeit trifft.\",\"publisher\":{\"@id\":\"https:\/\/tourcruiser.com\/de\/#organization\"},\"potentialAction\":[{\"@type\":\"SearchAction\",\"target\":{\"@type\":\"EntryPoint\",\"urlTemplate\":\"https:\/\/tourcruiser.com\/de\/?s={search_term_string}\"},\"query-input\":{\"@type\":\"PropertyValueSpecification\",\"valueRequired\":true,\"valueName\":\"search_term_string\"}}],\"inLanguage\":\"de\"},{\"@type\":\"Organization\",\"@id\":\"https:\/\/tourcruiser.com\/de\/#organization\",\"name\":\"STYLORAL PTE. LTD\",\"url\":\"https:\/\/tourcruiser.com\/de\/\",\"logo\":{\"@type\":\"ImageObject\",\"inLanguage\":\"de\",\"@id\":\"https:\/\/tourcruiser.com\/de\/#\/schema\/logo\/image\/\",\"url\":\"https:\/\/www.tourcruiser.com\/wp-content\/uploads\/2025\/12\/logo.png\",\"contentUrl\":\"https:\/\/www.tourcruiser.com\/wp-content\/uploads\/2025\/12\/logo.png\",\"width\":200,\"height\":65,\"caption\":\"STYLORAL PTE. LTD\"},\"image\":{\"@id\":\"https:\/\/tourcruiser.com\/de\/#\/schema\/logo\/image\/\"}}]}<\/script>\n<!-- \/ Yoast SEO plugin. -->","yoast_head_json":{"title":"adidas Terrex Anyrander Mid \"Core Black\/Grey\"  - Tourcruiser PTE. LTD","robots":{"index":"index","follow":"follow","max-snippet":"max-snippet:-1","max-image-preview":"max-image-preview:large","max-video-preview":"max-video-preview:-1"},"canonical":"https:\/\/tourcruiser.com\/","og_locale":"de_DE","og_type":"article","og_title":"adidas Terrex Anyrander Mid \"Core Black\/Grey\"  - Tourcruiser PTE. LTD","og_description":"adidas Terrex Anyrander Mid \u201d\u201d Core Black\/Core Black\/Grey Four","og_url":"\/","og_site_name":"Tourcruiser Sneaker Store","article_modified_time":"2026-03-27T18:25:34+00:00","twitter_card":"summary_large_image","twitter_image":"https:\/\/images.novelship.com\/product\/adidas_terrex_anyrander_mid__core_black_grey__id08_0_65196.png;https:\/\/images.novelship.com\/product\/adidas_terrex_anyrander_mid__core_black_grey__id08_1_65196.png;https:\/\/images.novelship.com\/product\/adidas_terrex_anyrander_mid__core_black_grey__id08_2_65196.png;https:\/\/images.novelship.com\/product\/adidas_terrex_anyrander_mid__core_black_grey__id08_3_65196.png;https:\/\/images.novelship.com\/product\/adidas_terrex_anyrander_mid__core_black_grey__id08_4_65196.png;https:\/\/images.novelship.com\/product\/adidas_terrex_anyrander_mid__core_black_grey__id08_5_65196.png;https:\/\/images.novelship.com\/product\/adidas_terrex_anyrander_mid__core_black_grey__id08_6_65196.png","twitter_misc":{"Gesch\u00e4tzte Lesezeit":"1\u00a0Minute"},"schema":{"@context":"https:\/\/schema.org","@graph":[{"@type":"WebPage","@id":"\/","url":"https:\/\/tourcruiser.com\/","name":"adidas Terrex Anyrander Mid \"Core Black\/Grey\" - Tourcruiser PTE. LTD","isPartOf":{"@id":"https:\/\/tourcruiser.com\/de\/#website"},"primaryImageOfPage":{"@id":"https:\/\/tourcruiser.com\/#primaryimage"},"image":{"@id":"https:\/\/tourcruiser.com\/#primaryimage"},"thumbnailUrl":"https:\/\/images.novelship.com\/product\/adidas_terrex_anyrander_mid__core_black_grey__id08_0_65196.png;https:\/\/images.novelship.com\/product\/adidas_terrex_anyrander_mid__core_black_grey__id08_1_65196.png;https:\/\/images.novelship.com\/product\/adidas_terrex_anyrander_mid__core_black_grey__id08_2_65196.png;https:\/\/images.novelship.com\/product\/adidas_terrex_anyrander_mid__core_black_grey__id08_3_65196.png;https:\/\/images.novelship.com\/product\/adidas_terrex_anyrander_mid__core_black_grey__id08_4_65196.png;https:\/\/images.novelship.com\/product\/adidas_terrex_anyrander_mid__core_black_grey__id08_5_65196.png;https:\/\/images.novelship.com\/product\/adidas_terrex_anyrander_mid__core_black_grey__id08_6_65196.png","datePublished":"2026-03-02T08:59:13+00:00","dateModified":"2026-03-27T18:25:34+00:00","breadcrumb":{"@id":"https:\/\/tourcruiser.com\/#breadcrumb"},"inLanguage":"de","potentialAction":[{"@type":"ReadAction","target":["https:\/\/tourcruiser.com\/"]}]},{"@type":"ImageObject","inLanguage":"de","@id":"https:\/\/tourcruiser.com\/#primaryimage","url":"https:\/\/images.novelship.com\/product\/adidas_terrex_anyrander_mid__core_black_grey__id08_0_65196.png;https:\/\/images.novelship.com\/product\/adidas_terrex_anyrander_mid__core_black_grey__id08_1_65196.png;https:\/\/images.novelship.com\/product\/adidas_terrex_anyrander_mid__core_black_grey__id08_2_65196.png;https:\/\/images.novelship.com\/product\/adidas_terrex_anyrander_mid__core_black_grey__id08_3_65196.png;https:\/\/images.novelship.com\/product\/adidas_terrex_anyrander_mid__core_black_grey__id08_4_65196.png;https:\/\/images.novelship.com\/product\/adidas_terrex_anyrander_mid__core_black_grey__id08_5_65196.png;https:\/\/images.novelship.com\/product\/adidas_terrex_anyrander_mid__core_black_grey__id08_6_65196.png","contentUrl":"https:\/\/images.novelship.com\/product\/adidas_terrex_anyrander_mid__core_black_grey__id08_0_65196.png;https:\/\/images.novelship.com\/product\/adidas_terrex_anyrander_mid__core_black_grey__id08_1_65196.png;https:\/\/images.novelship.com\/product\/adidas_terrex_anyrander_mid__core_black_grey__id08_2_65196.png;https:\/\/images.novelship.com\/product\/adidas_terrex_anyrander_mid__core_black_grey__id08_3_65196.png;https:\/\/images.novelship.com\/product\/adidas_terrex_anyrander_mid__core_black_grey__id08_4_65196.png;https:\/\/images.novelship.com\/product\/adidas_terrex_anyrander_mid__core_black_grey__id08_5_65196.png;https:\/\/images.novelship.com\/product\/adidas_terrex_anyrander_mid__core_black_grey__id08_6_65196.png"},{"@type":"BreadcrumbList","@id":"https:\/\/tourcruiser.com\/#breadcrumb","itemListElement":[{"@type":"ListItem","position":1,"name":"Home","item":"https:\/\/tourcruiser.com\/de\/"},{"@type":"ListItem","position":2,"name":"Shop","item":"https:\/\/tourcruiser.com\/de\/shop\/"},{"@type":"ListItem","position":3,"name":"adidas Terrex Anyrander Mid &#8222;Core Black\/Grey&#8220;"}]},{"@type":"WebSite","@id":"https:\/\/tourcruiser.com\/de\/#website","url":"https:\/\/tourcruiser.com\/de\/","name":"Styloral Jewelry Shop","description":"Tourcruiser Sneaker Store \u2014 der Ort, an dem das Universum deine Einzigartigkeit trifft.","publisher":{"@id":"https:\/\/tourcruiser.com\/de\/#organization"},"potentialAction":[{"@type":"SearchAction","target":{"@type":"EntryPoint","urlTemplate":"https:\/\/tourcruiser.com\/de\/?s={search_term_string}"},"query-input":{"@type":"PropertyValueSpecification","valueRequired":true,"valueName":"search_term_string"}}],"inLanguage":"de"},{"@type":"Organization","@id":"https:\/\/tourcruiser.com\/de\/#organization","name":"STYLORAL PTE. LTD","url":"https:\/\/tourcruiser.com\/de\/","logo":{"@type":"ImageObject","inLanguage":"de","@id":"https:\/\/tourcruiser.com\/de\/#\/schema\/logo\/image\/","url":"https:\/\/www.tourcruiser.com\/wp-content\/uploads\/2025\/12\/logo.png","contentUrl":"https:\/\/www.tourcruiser.com\/wp-content\/uploads\/2025\/12\/logo.png","width":200,"height":65,"caption":"STYLORAL PTE. LTD"},"image":{"@id":"https:\/\/tourcruiser.com\/de\/#\/schema\/logo\/image\/"}}]}},"_links":{"self":[{"href":"https:\/\/tourcruiser.com\/de\/wp-json\/wp\/v2\/product\/155598","targetHints":{"allow":["GET"]}}],"collection":[{"href":"https:\/\/tourcruiser.com\/de\/wp-json\/wp\/v2\/product"}],"about":[{"href":"https:\/\/tourcruiser.com\/de\/wp-json\/wp\/v2\/types\/product"}],"replies":[{"embeddable":true,"href":"https:\/\/tourcruiser.com\/de\/wp-json\/wp\/v2\/comments?post=155598"}],"wp:featuredmedia":[{"embeddable":true,"href":"https:\/\/tourcruiser.com\/de\/wp-json\/wp\/v2\/media\/155599"}],"wp:attachment":[{"href":"https:\/\/tourcruiser.com\/de\/wp-json\/wp\/v2\/media?parent=155598"}],"wp:term":[{"taxonomy":"product_brand","embeddable":true,"href":"https:\/\/tourcruiser.com\/de\/wp-json\/wp\/v2\/product_brand?post=155598"},{"taxonomy":"product_cat","embeddable":true,"href":"https:\/\/tourcruiser.com\/de\/wp-json\/wp\/v2\/product_cat?post=155598"},{"taxonomy":"product_tag","embeddable":true,"href":"https:\/\/tourcruiser.com\/de\/wp-json\/wp\/v2\/product_tag?post=155598"}],"curies":[{"name":"wp","href":"https:\/\/api.w.org\/{rel}","templated":true}]}}