{"id":155375,"date":"2026-03-02T15:58:52","date_gmt":"2026-03-02T08:58:52","guid":{"rendered":"http:\/\/tourcruiser.com\/product\/women-nike-metcon-9-white-magic-ember"},"modified":"2026-03-28T01:25:18","modified_gmt":"2026-03-27T18:25:18","slug":"women-nike-metcon-9-white-magic-ember","status":"publish","type":"product","link":"https:\/\/tourcruiser.com\/de\/products\/women-nike-metcon-9-white-magic-ember\/","title":{"rendered":"(Women) Nike Metcon 9 &#8218;White Magic Ember&#8216;"},"content":{"rendered":"<p>Der Nike Metcon 9 [Exklusiv im Direktvertrieb erh\u00e4ltlich], Modell DZ2537-107, ist ein Premium-Trainingsschuh f\u00fcr Damen, der f\u00fcr maximale Leistung und Stabilit\u00e4t bei intensiven Workouts entwickelt wurde. Das strapazierf\u00e4hige und gleichzeitig atmungsaktive Obermaterial sorgt f\u00fcr dauerhaften Komfort und optimale Bel\u00fcftung w\u00e4hrend des gesamten Trainings. Die charakteristische breite und flache Ferse bietet hervorragenden Bodenkontakt f\u00fcr Stabilit\u00e4t bei schweren \u00dcbungen, w\u00e4hrend die integrierte Gummierung die Strapazierf\u00e4higkeit beim Seilklettern und anderen \u00dcbungen mit hoher Belastung erh\u00f6ht. Dank der reaktionsfreudigen Schaumstoff-Mittelsohle bietet der Metcon 9 dynamische D\u00e4mpfung und unterst\u00fctzt so hochintensives Intervalltraining, Cardio-Training und diverse andere Sportarten. Strategisch platzierte Rillen in der Au\u00dfensohle bieten hervorragende Traktion und Flexibilit\u00e4t f\u00fcr flie\u00dfende Bewegungs\u00fcberg\u00e4nge. Der exklusiv im Direktvertrieb erh\u00e4ltliche Schuh besticht durch sein schlankes und modernes Design in minimalistischer Farbgebung und vereint Stil mit Funktionalit\u00e4t. Der Metcon 9 ist die ultimative Wahl f\u00fcr Fitnessbegeisterte, die un\u00fcbertroffenen Halt, Grip und langanhaltende Performance in einem perfekt f\u00fcrs Fitnessstudio geeigneten Schuh suchen.<\/p>\n<ul>\n<li><strong>Farbgebung:<\/strong> Wei\u00df\/Magic Ember\/Summit White\/Bright Crimson<\/li>\n<li><strong>Artikelnummer:<\/strong> DZ2537-107<\/li>\n<li><strong>Obermaterial:<\/strong> Mesh<\/li>\n<li><strong>Zwischensohle:<\/strong> Hyperlift<\/li>\n<li><strong>Farbe:<\/strong> Wei\u00df<\/li>\n<\/ul>\n","protected":false},"excerpt":{"rendered":"<p>Nike Metcon 9 \u201d\u201d White\/Magic Ember\/Summit White\/Bright Crimson<\/p>\n","protected":false},"featured_media":155376,"comment_status":"open","ping_status":"closed","template":"","meta":[],"product_brand":[],"product_cat":[10809],"product_tag":[10847,10801,10802,10873,10785,10786,10758],"class_list":{"0":"post-155375","1":"product","2":"type-product","3":"status-publish","4":"has-post-thumbnail","6":"product_cat-nike-women","7":"product_tag-best-finds-under-100","8":"product_tag-nike","9":"product_tag-performance-sport-shoes","10":"product_tag-training-shoes","11":"product_tag-trending-deals","12":"product_tag-trending-deals-under-150","13":"product_tag-under-retail","14":"wcpa_has_options","16":"first","17":"outofstock","18":"taxable","19":"shipping-taxable","20":"purchasable","21":"product-type-simple"},"wcpa_form_fields":{"rules":{"pric_overide_base_price":false,"pric_overide_base_price_if_gt_zero":false,"pric_overide_base_price_fully":false,"pric_cal_option_once":false,"pric_use_as_fee":false,"bind_quantity":false,"quantity_bind_formula":false},"fields":[{"type":"color-group","required":true,"elementId":"wcpa-color-group-66c4a75505e74","label":"Gr\u00f6\u00dfe - EU Gr\u00f6\u00dfe","inline":true,"priceOptions":"different_for_all","pricingType":"fixed","className":"hassizechart product-shoes-size-eu product-shoes-size","name":"color-group-66c4a75505e89","disp_type":"square","selection_type":"tick-border","disp_size":"44","show_label_inside":true,"adjust_width":true,"cart_display_type":"text","other_text":"Other","cl_rule":"show","col":6,"values":[{"label":"35.5","value":"EU 35.5","price":"","pimage":"","pimage_id":"","pthumb":"","color":""},{"label":"36","value":"EU 36","price":"","pimage":"","pimage_id":"","pthumb":"","color":"","selected":true},{"label":"36.5","value":"EU 36.5","price":"","pimage":"","pimage_id":"","pthumb":"","color":""},{"label":"37.5","value":"EU 37.5","price":"","pimage":"","pimage_id":"","pthumb":"","color":""},{"label":"38","value":"EU 38","price":"","pimage":"","pimage_id":"","pthumb":"","color":""},{"label":"38.5","value":"EU 38.5","price":"","pimage":"","pimage_id":"","pthumb":"","color":""},{"label":"39","value":"EU 39","price":"","pimage":"","pimage_id":"","pthumb":"","color":""},{"label":"40","value":"EU 40","price":"","pimage":"","pimage_id":"","pthumb":"","color":""},{"label":"40.5","value":"EU 40.5","price":"","pimage":"","pimage_id":"","pthumb":"","color":""},{"label":"41","value":"EU 41","price":"","pimage":"","pimage_id":"","pthumb":"","color":""},{"label":"42","value":"EU 42","price":"","pimage":"","pimage_id":"","pthumb":"","color":""},{"label":"42.5","value":"EU 42.5","price":"","pimage":"","pimage_id":"","pthumb":"","color":""},{"label":"43","value":"EU 43","price":"","pimage":"","pimage_id":"","pthumb":"","color":""},{"label":"44","value":"EU 44","price":"","pimage":"","pimage_id":"","pthumb":"","color":""},{"label":"44.5","value":"EU 44.5","price":"","pimage":"","pimage_id":"","pthumb":"","color":""},{"label":"45","value":"EU 45","price":"","pimage":"","pimage_id":"","pthumb":"","color":""},{"label":"45.5","value":"EU 45.5","price":"","pimage":"","pimage_id":"","pthumb":"","color":""},{"label":"46","value":"EU 46","price":"","pimage":"","pimage_id":"","pthumb":"","color":""},{"label":"47","value":"EU 47","price":"","pimage":"","pimage_id":"","pthumb":"","color":""},{"label":"47.5","value":"EU 47.5","price":"","pimage":"","pimage_id":"","pthumb":"","color":""},{"label":"48","value":"EU 48","price":"","pimage":"","pimage_id":"","pthumb":"","color":""}],"relations":[{"operator":false,"rules":[]}],"form_id":18106,"form_rules":{"pric_cal_option_once":false,"exclude_from_discount":false,"pric_use_as_fee":false,"fee_label":"Fee","render_after_acb":false,"disp_hide_options_price":false}}]},"yoast_head":"<!-- This site is optimized with the Yoast SEO plugin v26.5 - https:\/\/yoast.com\/wordpress\/plugins\/seo\/ -->\n<title>(Women) Nike Metcon 9 &#039;White Magic Ember&#039;  - Tourcruiser PTE. LTD<\/title>\n<meta name=\"robots\" content=\"index, follow, max-snippet:-1, max-image-preview:large, max-video-preview:-1\" \/>\n<link rel=\"canonical\" href=\"https:\/\/tourcruiser.com\/de\/products\/women-nike-metcon-9-white-magic-ember\/\" \/>\n<meta property=\"og:locale\" content=\"de_DE\" \/>\n<meta property=\"og:type\" content=\"article\" \/>\n<meta property=\"og:title\" content=\"(Women) Nike Metcon 9 &#039;White Magic Ember&#039;  - Tourcruiser PTE. LTD\" \/>\n<meta property=\"og:description\" content=\"Nike Metcon 9 \u201d\u201d White\/Magic Ember\/Summit White\/Bright Crimson\" \/>\n<meta property=\"og:url\" content=\"https:\/\/tourcruiser.com\/de\/products\/women-nike-metcon-9-white-magic-ember\/\" \/>\n<meta property=\"og:site_name\" content=\"Tourcruiser Sneaker Store\" \/>\n<meta property=\"article:modified_time\" content=\"2026-03-27T18:25:18+00:00\" \/>\n<meta name=\"twitter:card\" content=\"summary_large_image\" \/>\n<meta name=\"twitter:image\" content=\"https:\/\/images.novelship.com\/product\/_w__nike_metcon_9__direct_sales_exclusive__dz2537-_0_48016.jpeg;https:\/\/images.novelship.com\/product\/_w__nike_metcon_9__direct_sales_exclusive__dz2537-_1_48017.jpeg;https:\/\/images.novelship.com\/product\/_w__nike_metcon_9__direct_sales_exclusive__dz2537-_2_48017.jpeg;https:\/\/images.novelship.com\/product\/_w__nike_metcon_9__direct_sales_exclusive__dz2537-_3_48017.jpeg;https:\/\/images.novelship.com\/product\/_w__nike_metcon_9__direct_sales_exclusive__dz2537-_4_48017.jpeg;https:\/\/images.novelship.com\/product\/_w__nike_metcon_9__direct_sales_exclusive__dz2537-_5_48017.jpeg;https:\/\/images.novelship.com\/product\/_w__nike_metcon_9__direct_sales_exclusive__dz2537-_6_48017.jpeg;https:\/\/images.novelship.com\/product\/_w__nike_metcon_9__direct_sales_exclusive__dz2537-_7_48017.jpeg\" \/>\n<meta name=\"twitter:label1\" content=\"Gesch\u00e4tzte Lesezeit\" \/>\n\t<meta name=\"twitter:data1\" content=\"1\u00a0Minute\" \/>\n<script type=\"application\/ld+json\" class=\"yoast-schema-graph\">{\"@context\":\"https:\/\/schema.org\",\"@graph\":[{\"@type\":\"WebPage\",\"@id\":\"https:\/\/tourcruiser.com\/de\/products\/women-nike-metcon-9-white-magic-ember\/\",\"url\":\"https:\/\/tourcruiser.com\/de\/products\/women-nike-metcon-9-white-magic-ember\/\",\"name\":\"(Women) Nike Metcon 9 'White Magic Ember' - Tourcruiser PTE. LTD\",\"isPartOf\":{\"@id\":\"https:\/\/tourcruiser.com\/de\/#website\"},\"primaryImageOfPage\":{\"@id\":\"https:\/\/tourcruiser.com\/de\/products\/women-nike-metcon-9-white-magic-ember\/#primaryimage\"},\"image\":{\"@id\":\"https:\/\/tourcruiser.com\/de\/products\/women-nike-metcon-9-white-magic-ember\/#primaryimage\"},\"thumbnailUrl\":\"https:\/\/images.novelship.com\/product\/_w__nike_metcon_9__direct_sales_exclusive__dz2537-_0_48016.jpeg;https:\/\/images.novelship.com\/product\/_w__nike_metcon_9__direct_sales_exclusive__dz2537-_1_48017.jpeg;https:\/\/images.novelship.com\/product\/_w__nike_metcon_9__direct_sales_exclusive__dz2537-_2_48017.jpeg;https:\/\/images.novelship.com\/product\/_w__nike_metcon_9__direct_sales_exclusive__dz2537-_3_48017.jpeg;https:\/\/images.novelship.com\/product\/_w__nike_metcon_9__direct_sales_exclusive__dz2537-_4_48017.jpeg;https:\/\/images.novelship.com\/product\/_w__nike_metcon_9__direct_sales_exclusive__dz2537-_5_48017.jpeg;https:\/\/images.novelship.com\/product\/_w__nike_metcon_9__direct_sales_exclusive__dz2537-_6_48017.jpeg;https:\/\/images.novelship.com\/product\/_w__nike_metcon_9__direct_sales_exclusive__dz2537-_7_48017.jpeg\",\"datePublished\":\"2026-03-02T08:58:52+00:00\",\"dateModified\":\"2026-03-27T18:25:18+00:00\",\"breadcrumb\":{\"@id\":\"https:\/\/tourcruiser.com\/de\/products\/women-nike-metcon-9-white-magic-ember\/#breadcrumb\"},\"inLanguage\":\"de\",\"potentialAction\":[{\"@type\":\"ReadAction\",\"target\":[\"https:\/\/tourcruiser.com\/de\/products\/women-nike-metcon-9-white-magic-ember\/\"]}]},{\"@type\":\"ImageObject\",\"inLanguage\":\"de\",\"@id\":\"https:\/\/tourcruiser.com\/de\/products\/women-nike-metcon-9-white-magic-ember\/#primaryimage\",\"url\":\"https:\/\/images.novelship.com\/product\/_w__nike_metcon_9__direct_sales_exclusive__dz2537-_0_48016.jpeg;https:\/\/images.novelship.com\/product\/_w__nike_metcon_9__direct_sales_exclusive__dz2537-_1_48017.jpeg;https:\/\/images.novelship.com\/product\/_w__nike_metcon_9__direct_sales_exclusive__dz2537-_2_48017.jpeg;https:\/\/images.novelship.com\/product\/_w__nike_metcon_9__direct_sales_exclusive__dz2537-_3_48017.jpeg;https:\/\/images.novelship.com\/product\/_w__nike_metcon_9__direct_sales_exclusive__dz2537-_4_48017.jpeg;https:\/\/images.novelship.com\/product\/_w__nike_metcon_9__direct_sales_exclusive__dz2537-_5_48017.jpeg;https:\/\/images.novelship.com\/product\/_w__nike_metcon_9__direct_sales_exclusive__dz2537-_6_48017.jpeg;https:\/\/images.novelship.com\/product\/_w__nike_metcon_9__direct_sales_exclusive__dz2537-_7_48017.jpeg\",\"contentUrl\":\"https:\/\/images.novelship.com\/product\/_w__nike_metcon_9__direct_sales_exclusive__dz2537-_0_48016.jpeg;https:\/\/images.novelship.com\/product\/_w__nike_metcon_9__direct_sales_exclusive__dz2537-_1_48017.jpeg;https:\/\/images.novelship.com\/product\/_w__nike_metcon_9__direct_sales_exclusive__dz2537-_2_48017.jpeg;https:\/\/images.novelship.com\/product\/_w__nike_metcon_9__direct_sales_exclusive__dz2537-_3_48017.jpeg;https:\/\/images.novelship.com\/product\/_w__nike_metcon_9__direct_sales_exclusive__dz2537-_4_48017.jpeg;https:\/\/images.novelship.com\/product\/_w__nike_metcon_9__direct_sales_exclusive__dz2537-_5_48017.jpeg;https:\/\/images.novelship.com\/product\/_w__nike_metcon_9__direct_sales_exclusive__dz2537-_6_48017.jpeg;https:\/\/images.novelship.com\/product\/_w__nike_metcon_9__direct_sales_exclusive__dz2537-_7_48017.jpeg\"},{\"@type\":\"BreadcrumbList\",\"@id\":\"https:\/\/tourcruiser.com\/de\/products\/women-nike-metcon-9-white-magic-ember\/#breadcrumb\",\"itemListElement\":[{\"@type\":\"ListItem\",\"position\":1,\"name\":\"Home\",\"item\":\"https:\/\/tourcruiser.com\/de\/\"},{\"@type\":\"ListItem\",\"position\":2,\"name\":\"Shop\",\"item\":\"https:\/\/tourcruiser.com\/de\/shop\/\"},{\"@type\":\"ListItem\",\"position\":3,\"name\":\"(Women) Nike Metcon 9 'White Magic Ember'\"}]},{\"@type\":\"WebSite\",\"@id\":\"https:\/\/tourcruiser.com\/de\/#website\",\"url\":\"https:\/\/tourcruiser.com\/de\/\",\"name\":\"Styloral Jewelry Shop\",\"description\":\"Tourcruiser Sneaker Store \u2014 der Ort, an dem das Universum deine Einzigartigkeit trifft.\",\"publisher\":{\"@id\":\"https:\/\/tourcruiser.com\/de\/#organization\"},\"potentialAction\":[{\"@type\":\"SearchAction\",\"target\":{\"@type\":\"EntryPoint\",\"urlTemplate\":\"https:\/\/tourcruiser.com\/de\/?s={search_term_string}\"},\"query-input\":{\"@type\":\"PropertyValueSpecification\",\"valueRequired\":true,\"valueName\":\"search_term_string\"}}],\"inLanguage\":\"de\"},{\"@type\":\"Organization\",\"@id\":\"https:\/\/tourcruiser.com\/de\/#organization\",\"name\":\"STYLORAL PTE. LTD\",\"url\":\"https:\/\/tourcruiser.com\/de\/\",\"logo\":{\"@type\":\"ImageObject\",\"inLanguage\":\"de\",\"@id\":\"https:\/\/tourcruiser.com\/de\/#\/schema\/logo\/image\/\",\"url\":\"https:\/\/www.tourcruiser.com\/wp-content\/uploads\/2025\/12\/logo.png\",\"contentUrl\":\"https:\/\/www.tourcruiser.com\/wp-content\/uploads\/2025\/12\/logo.png\",\"width\":200,\"height\":65,\"caption\":\"STYLORAL PTE. LTD\"},\"image\":{\"@id\":\"https:\/\/tourcruiser.com\/de\/#\/schema\/logo\/image\/\"}}]}<\/script>\n<!-- \/ Yoast SEO plugin. -->","yoast_head_json":{"title":"(Women) Nike Metcon 9 'White Magic Ember'  - Tourcruiser PTE. LTD","robots":{"index":"index","follow":"follow","max-snippet":"max-snippet:-1","max-image-preview":"max-image-preview:large","max-video-preview":"max-video-preview:-1"},"canonical":"https:\/\/tourcruiser.com\/de\/products\/women-nike-metcon-9-white-magic-ember\/","og_locale":"de_DE","og_type":"article","og_title":"(Women) Nike Metcon 9 'White Magic Ember'  - Tourcruiser PTE. LTD","og_description":"Nike Metcon 9 \u201d\u201d White\/Magic Ember\/Summit White\/Bright Crimson","og_url":"https:\/\/tourcruiser.com\/de\/products\/women-nike-metcon-9-white-magic-ember\/","og_site_name":"Tourcruiser Sneaker Store","article_modified_time":"2026-03-27T18:25:18+00:00","twitter_card":"summary_large_image","twitter_image":"https:\/\/images.novelship.com\/product\/_w__nike_metcon_9__direct_sales_exclusive__dz2537-_0_48016.jpeg;https:\/\/images.novelship.com\/product\/_w__nike_metcon_9__direct_sales_exclusive__dz2537-_1_48017.jpeg;https:\/\/images.novelship.com\/product\/_w__nike_metcon_9__direct_sales_exclusive__dz2537-_2_48017.jpeg;https:\/\/images.novelship.com\/product\/_w__nike_metcon_9__direct_sales_exclusive__dz2537-_3_48017.jpeg;https:\/\/images.novelship.com\/product\/_w__nike_metcon_9__direct_sales_exclusive__dz2537-_4_48017.jpeg;https:\/\/images.novelship.com\/product\/_w__nike_metcon_9__direct_sales_exclusive__dz2537-_5_48017.jpeg;https:\/\/images.novelship.com\/product\/_w__nike_metcon_9__direct_sales_exclusive__dz2537-_6_48017.jpeg;https:\/\/images.novelship.com\/product\/_w__nike_metcon_9__direct_sales_exclusive__dz2537-_7_48017.jpeg","twitter_misc":{"Gesch\u00e4tzte Lesezeit":"1\u00a0Minute"},"schema":{"@context":"https:\/\/schema.org","@graph":[{"@type":"WebPage","@id":"https:\/\/tourcruiser.com\/de\/products\/women-nike-metcon-9-white-magic-ember\/","url":"https:\/\/tourcruiser.com\/de\/products\/women-nike-metcon-9-white-magic-ember\/","name":"(Women) Nike Metcon 9 'White Magic Ember' - Tourcruiser PTE. LTD","isPartOf":{"@id":"https:\/\/tourcruiser.com\/de\/#website"},"primaryImageOfPage":{"@id":"https:\/\/tourcruiser.com\/de\/products\/women-nike-metcon-9-white-magic-ember\/#primaryimage"},"image":{"@id":"https:\/\/tourcruiser.com\/de\/products\/women-nike-metcon-9-white-magic-ember\/#primaryimage"},"thumbnailUrl":"https:\/\/images.novelship.com\/product\/_w__nike_metcon_9__direct_sales_exclusive__dz2537-_0_48016.jpeg;https:\/\/images.novelship.com\/product\/_w__nike_metcon_9__direct_sales_exclusive__dz2537-_1_48017.jpeg;https:\/\/images.novelship.com\/product\/_w__nike_metcon_9__direct_sales_exclusive__dz2537-_2_48017.jpeg;https:\/\/images.novelship.com\/product\/_w__nike_metcon_9__direct_sales_exclusive__dz2537-_3_48017.jpeg;https:\/\/images.novelship.com\/product\/_w__nike_metcon_9__direct_sales_exclusive__dz2537-_4_48017.jpeg;https:\/\/images.novelship.com\/product\/_w__nike_metcon_9__direct_sales_exclusive__dz2537-_5_48017.jpeg;https:\/\/images.novelship.com\/product\/_w__nike_metcon_9__direct_sales_exclusive__dz2537-_6_48017.jpeg;https:\/\/images.novelship.com\/product\/_w__nike_metcon_9__direct_sales_exclusive__dz2537-_7_48017.jpeg","datePublished":"2026-03-02T08:58:52+00:00","dateModified":"2026-03-27T18:25:18+00:00","breadcrumb":{"@id":"https:\/\/tourcruiser.com\/de\/products\/women-nike-metcon-9-white-magic-ember\/#breadcrumb"},"inLanguage":"de","potentialAction":[{"@type":"ReadAction","target":["https:\/\/tourcruiser.com\/de\/products\/women-nike-metcon-9-white-magic-ember\/"]}]},{"@type":"ImageObject","inLanguage":"de","@id":"https:\/\/tourcruiser.com\/de\/products\/women-nike-metcon-9-white-magic-ember\/#primaryimage","url":"https:\/\/images.novelship.com\/product\/_w__nike_metcon_9__direct_sales_exclusive__dz2537-_0_48016.jpeg;https:\/\/images.novelship.com\/product\/_w__nike_metcon_9__direct_sales_exclusive__dz2537-_1_48017.jpeg;https:\/\/images.novelship.com\/product\/_w__nike_metcon_9__direct_sales_exclusive__dz2537-_2_48017.jpeg;https:\/\/images.novelship.com\/product\/_w__nike_metcon_9__direct_sales_exclusive__dz2537-_3_48017.jpeg;https:\/\/images.novelship.com\/product\/_w__nike_metcon_9__direct_sales_exclusive__dz2537-_4_48017.jpeg;https:\/\/images.novelship.com\/product\/_w__nike_metcon_9__direct_sales_exclusive__dz2537-_5_48017.jpeg;https:\/\/images.novelship.com\/product\/_w__nike_metcon_9__direct_sales_exclusive__dz2537-_6_48017.jpeg;https:\/\/images.novelship.com\/product\/_w__nike_metcon_9__direct_sales_exclusive__dz2537-_7_48017.jpeg","contentUrl":"https:\/\/images.novelship.com\/product\/_w__nike_metcon_9__direct_sales_exclusive__dz2537-_0_48016.jpeg;https:\/\/images.novelship.com\/product\/_w__nike_metcon_9__direct_sales_exclusive__dz2537-_1_48017.jpeg;https:\/\/images.novelship.com\/product\/_w__nike_metcon_9__direct_sales_exclusive__dz2537-_2_48017.jpeg;https:\/\/images.novelship.com\/product\/_w__nike_metcon_9__direct_sales_exclusive__dz2537-_3_48017.jpeg;https:\/\/images.novelship.com\/product\/_w__nike_metcon_9__direct_sales_exclusive__dz2537-_4_48017.jpeg;https:\/\/images.novelship.com\/product\/_w__nike_metcon_9__direct_sales_exclusive__dz2537-_5_48017.jpeg;https:\/\/images.novelship.com\/product\/_w__nike_metcon_9__direct_sales_exclusive__dz2537-_6_48017.jpeg;https:\/\/images.novelship.com\/product\/_w__nike_metcon_9__direct_sales_exclusive__dz2537-_7_48017.jpeg"},{"@type":"BreadcrumbList","@id":"https:\/\/tourcruiser.com\/de\/products\/women-nike-metcon-9-white-magic-ember\/#breadcrumb","itemListElement":[{"@type":"ListItem","position":1,"name":"Home","item":"https:\/\/tourcruiser.com\/de\/"},{"@type":"ListItem","position":2,"name":"Shop","item":"https:\/\/tourcruiser.com\/de\/shop\/"},{"@type":"ListItem","position":3,"name":"(Women) Nike Metcon 9 'White Magic Ember'"}]},{"@type":"WebSite","@id":"https:\/\/tourcruiser.com\/de\/#website","url":"https:\/\/tourcruiser.com\/de\/","name":"Styloral Jewelry Shop","description":"Tourcruiser Sneaker Store \u2014 der Ort, an dem das Universum deine Einzigartigkeit trifft.","publisher":{"@id":"https:\/\/tourcruiser.com\/de\/#organization"},"potentialAction":[{"@type":"SearchAction","target":{"@type":"EntryPoint","urlTemplate":"https:\/\/tourcruiser.com\/de\/?s={search_term_string}"},"query-input":{"@type":"PropertyValueSpecification","valueRequired":true,"valueName":"search_term_string"}}],"inLanguage":"de"},{"@type":"Organization","@id":"https:\/\/tourcruiser.com\/de\/#organization","name":"STYLORAL PTE. LTD","url":"https:\/\/tourcruiser.com\/de\/","logo":{"@type":"ImageObject","inLanguage":"de","@id":"https:\/\/tourcruiser.com\/de\/#\/schema\/logo\/image\/","url":"https:\/\/www.tourcruiser.com\/wp-content\/uploads\/2025\/12\/logo.png","contentUrl":"https:\/\/www.tourcruiser.com\/wp-content\/uploads\/2025\/12\/logo.png","width":200,"height":65,"caption":"STYLORAL PTE. LTD"},"image":{"@id":"https:\/\/tourcruiser.com\/de\/#\/schema\/logo\/image\/"}}]}},"_links":{"self":[{"href":"https:\/\/tourcruiser.com\/de\/wp-json\/wp\/v2\/product\/155375","targetHints":{"allow":["GET"]}}],"collection":[{"href":"https:\/\/tourcruiser.com\/de\/wp-json\/wp\/v2\/product"}],"about":[{"href":"https:\/\/tourcruiser.com\/de\/wp-json\/wp\/v2\/types\/product"}],"replies":[{"embeddable":true,"href":"https:\/\/tourcruiser.com\/de\/wp-json\/wp\/v2\/comments?post=155375"}],"wp:featuredmedia":[{"embeddable":true,"href":"https:\/\/tourcruiser.com\/de\/wp-json\/wp\/v2\/media\/155376"}],"wp:attachment":[{"href":"https:\/\/tourcruiser.com\/de\/wp-json\/wp\/v2\/media?parent=155375"}],"wp:term":[{"taxonomy":"product_brand","embeddable":true,"href":"https:\/\/tourcruiser.com\/de\/wp-json\/wp\/v2\/product_brand?post=155375"},{"taxonomy":"product_cat","embeddable":true,"href":"https:\/\/tourcruiser.com\/de\/wp-json\/wp\/v2\/product_cat?post=155375"},{"taxonomy":"product_tag","embeddable":true,"href":"https:\/\/tourcruiser.com\/de\/wp-json\/wp\/v2\/product_tag?post=155375"}],"curies":[{"name":"wp","href":"https:\/\/api.w.org\/{rel}","templated":true}]}}