{"id":155162,"date":"2026-03-02T15:58:32","date_gmt":"2026-03-02T08:58:32","guid":{"rendered":"http:\/\/tourcruiser.com\/product\/nike-alpha-huarache-elite-3-turf-premium-white-metallic-vivid-gold"},"modified":"2026-03-28T01:25:03","modified_gmt":"2026-03-27T18:25:03","slug":"nike-alpha-huarache-elite-3-turf-premium-white-metallic-vivid-gold","status":"publish","type":"product","link":"https:\/\/tourcruiser.com\/de\/products\/nike-alpha-huarache-elite-3-turf-premium-white-metallic-vivid-gold\/","title":{"rendered":"Nike Alpha Huarache Elite 3 Turf Premium &#8218;White Metallic Vivid Gold&#8216;"},"content":{"rendered":"<p>Verbessere deine Leistung auf dem Spielfeld mit dem Nike Alpha Huarache Elite 3 Turf Premium &#8218;White Metallic Vivid Gold&#8216; (CV3561\u201d\u2018101). Diese Turfschuhe sind aus hochwertigen Materialien gefertigt und bieten dank ihres leichten, atmungsaktiven Obermaterials au\u00dfergew\u00f6hnlichen Komfort und Halt. Das reaktionsfreudige D\u00e4mpfungssystem unterst\u00fctzt deinen Vortrieb, w\u00e4hrend die strapazierf\u00e4hige Au\u00dfensohle hervorragende Traktion auf Kunstrasen bietet. Mit ihrem eleganten Design und den markanten goldenen Metallic-Akzenten setzen diese Schuhe neue Ma\u00dfst\u00e4be in Sachen Stil und Leistung auf dem Spielfeld.<\/p>\n<ul>\n<li><strong>Farbgebung:<\/strong> Wei\u00df\/Metallic Vivid Gold\/Schwarz<\/li>\n<li><strong>Artikelnummer:<\/strong> CV3561-101<\/li>\n<li><strong>Obermaterial:<\/strong> Synthetik<\/li>\n<li><strong>Zwischensohle:<\/strong> Lunarlon<\/li>\n<li><strong>Farbe:<\/strong> Wei\u00df<\/li>\n<li><strong>Saison:<\/strong> Ganzj\u00e4hrig<\/li>\n<li><strong>Erscheinungsjahr:<\/strong> 2020<\/li>\n<\/ul>\n","protected":false},"excerpt":{"rendered":"<p>Nike Alpha Huarache 3 Elite \u201d\u201d White\/Metallic Vivid Gold\/Black<\/p>\n","protected":false},"featured_media":155163,"comment_status":"open","ping_status":"closed","template":"","meta":[],"product_brand":[],"product_cat":[10803],"product_tag":[10799,15818,10800,10753,10801,10882,10802,10986],"class_list":{"0":"post-155162","1":"product","2":"type-product","3":"status-publish","4":"has-post-thumbnail","6":"product_cat-nike","7":"product_tag-ankle-support-basketball-shoes","8":"product_tag-baseball-cleats-shoes","9":"product_tag-basketball-shoes","10":"product_tag-gift-for-him","11":"product_tag-nike","12":"product_tag-nike-running-shoes","13":"product_tag-performance-sport-shoes","14":"product_tag-soccer-shoes","15":"wcpa_has_options","17":"first","18":"outofstock","19":"taxable","20":"shipping-taxable","21":"purchasable","22":"product-type-simple"},"wcpa_form_fields":{"rules":{"pric_overide_base_price":false,"pric_overide_base_price_if_gt_zero":false,"pric_overide_base_price_fully":false,"pric_cal_option_once":false,"pric_use_as_fee":false,"bind_quantity":false,"quantity_bind_formula":false},"fields":[{"type":"color-group","required":true,"elementId":"wcpa-color-group-66c4a75505e74","label":"Gr\u00f6\u00dfe - EU Gr\u00f6\u00dfe","inline":true,"priceOptions":"different_for_all","pricingType":"fixed","className":"hassizechart product-shoes-size-eu product-shoes-size","name":"color-group-66c4a75505e89","disp_type":"square","selection_type":"tick-border","disp_size":"44","show_label_inside":true,"adjust_width":true,"cart_display_type":"text","other_text":"Other","cl_rule":"show","col":6,"values":[{"label":"35.5","value":"EU 35.5","price":"","pimage":"","pimage_id":"","pthumb":"","color":""},{"label":"36","value":"EU 36","price":"","pimage":"","pimage_id":"","pthumb":"","color":"","selected":true},{"label":"36.5","value":"EU 36.5","price":"","pimage":"","pimage_id":"","pthumb":"","color":""},{"label":"37.5","value":"EU 37.5","price":"","pimage":"","pimage_id":"","pthumb":"","color":""},{"label":"38","value":"EU 38","price":"","pimage":"","pimage_id":"","pthumb":"","color":""},{"label":"38.5","value":"EU 38.5","price":"","pimage":"","pimage_id":"","pthumb":"","color":""},{"label":"39","value":"EU 39","price":"","pimage":"","pimage_id":"","pthumb":"","color":""},{"label":"40","value":"EU 40","price":"","pimage":"","pimage_id":"","pthumb":"","color":""},{"label":"40.5","value":"EU 40.5","price":"","pimage":"","pimage_id":"","pthumb":"","color":""},{"label":"41","value":"EU 41","price":"","pimage":"","pimage_id":"","pthumb":"","color":""},{"label":"42","value":"EU 42","price":"","pimage":"","pimage_id":"","pthumb":"","color":""},{"label":"42.5","value":"EU 42.5","price":"","pimage":"","pimage_id":"","pthumb":"","color":""},{"label":"43","value":"EU 43","price":"","pimage":"","pimage_id":"","pthumb":"","color":""},{"label":"44","value":"EU 44","price":"","pimage":"","pimage_id":"","pthumb":"","color":""},{"label":"44.5","value":"EU 44.5","price":"","pimage":"","pimage_id":"","pthumb":"","color":""},{"label":"45","value":"EU 45","price":"","pimage":"","pimage_id":"","pthumb":"","color":""},{"label":"45.5","value":"EU 45.5","price":"","pimage":"","pimage_id":"","pthumb":"","color":""},{"label":"46","value":"EU 46","price":"","pimage":"","pimage_id":"","pthumb":"","color":""},{"label":"47","value":"EU 47","price":"","pimage":"","pimage_id":"","pthumb":"","color":""},{"label":"47.5","value":"EU 47.5","price":"","pimage":"","pimage_id":"","pthumb":"","color":""},{"label":"48","value":"EU 48","price":"","pimage":"","pimage_id":"","pthumb":"","color":""}],"relations":[{"operator":false,"rules":[]}],"form_id":18106,"form_rules":{"pric_cal_option_once":false,"exclude_from_discount":false,"pric_use_as_fee":false,"fee_label":"Fee","render_after_acb":false,"disp_hide_options_price":false}}]},"yoast_head":"<!-- This site is optimized with the Yoast SEO plugin v26.5 - https:\/\/yoast.com\/wordpress\/plugins\/seo\/ -->\n<title>Nike Alpha Huarache Elite 3 Turf Premium &#039;White Metallic Vivid Gold&#039;  - Tourcruiser PTE. LTD<\/title>\n<meta name=\"robots\" content=\"index, follow, max-snippet:-1, max-image-preview:large, max-video-preview:-1\" \/>\n<link rel=\"canonical\" href=\"https:\/\/tourcruiser.com\/de\/products\/nike-alpha-huarache-elite-3-turf-premium-white-metallic-vivid-gold\/\" \/>\n<meta property=\"og:locale\" content=\"de_DE\" \/>\n<meta property=\"og:type\" content=\"article\" \/>\n<meta property=\"og:title\" content=\"Nike Alpha Huarache Elite 3 Turf Premium &#039;White Metallic Vivid Gold&#039;  - Tourcruiser PTE. LTD\" \/>\n<meta property=\"og:description\" content=\"Nike Alpha Huarache 3 Elite \u201d\u201d White\/Metallic Vivid Gold\/Black\" \/>\n<meta property=\"og:url\" content=\"https:\/\/tourcruiser.com\/de\/products\/nike-alpha-huarache-elite-3-turf-premium-white-metallic-vivid-gold\/\" \/>\n<meta property=\"og:site_name\" content=\"Tourcruiser Sneaker Store\" \/>\n<meta property=\"article:modified_time\" content=\"2026-03-27T18:25:03+00:00\" \/>\n<meta name=\"twitter:card\" content=\"summary_large_image\" \/>\n<meta name=\"twitter:image\" content=\"https:\/\/images.novelship.com\/product\/nike_alpha_huarache_elite_3_turf_premium__white_me_0_7909.jpeg;https:\/\/images.novelship.com\/product\/nike_alpha_huarache_elite_3_turf_premium__white_me_1_7909.jpeg;https:\/\/images.novelship.com\/product\/nike_alpha_huarache_elite_3_turf_premium__white_me_2_7909.jpeg;https:\/\/images.novelship.com\/product\/nike_alpha_huarache_elite_3_turf_premium__white_me_3_7909.jpeg;https:\/\/images.novelship.com\/product\/nike_alpha_huarache_elite_3_turf_premium__white_me_4_7909.jpeg;https:\/\/images.novelship.com\/product\/nike_alpha_huarache_elite_3_turf_premium__white_me_5_7909.jpeg\" \/>\n<meta name=\"twitter:label1\" content=\"Gesch\u00e4tzte Lesezeit\" \/>\n\t<meta name=\"twitter:data1\" content=\"1\u00a0Minute\" \/>\n<script type=\"application\/ld+json\" class=\"yoast-schema-graph\">{\"@context\":\"https:\/\/schema.org\",\"@graph\":[{\"@type\":\"WebPage\",\"@id\":\"https:\/\/tourcruiser.com\/de\/products\/nike-alpha-huarache-elite-3-turf-premium-white-metallic-vivid-gold\/\",\"url\":\"https:\/\/tourcruiser.com\/de\/products\/nike-alpha-huarache-elite-3-turf-premium-white-metallic-vivid-gold\/\",\"name\":\"Nike Alpha Huarache Elite 3 Turf Premium 'White Metallic Vivid Gold' - Tourcruiser PTE. LTD\",\"isPartOf\":{\"@id\":\"https:\/\/tourcruiser.com\/de\/#website\"},\"primaryImageOfPage\":{\"@id\":\"https:\/\/tourcruiser.com\/de\/products\/nike-alpha-huarache-elite-3-turf-premium-white-metallic-vivid-gold\/#primaryimage\"},\"image\":{\"@id\":\"https:\/\/tourcruiser.com\/de\/products\/nike-alpha-huarache-elite-3-turf-premium-white-metallic-vivid-gold\/#primaryimage\"},\"thumbnailUrl\":\"https:\/\/images.novelship.com\/product\/nike_alpha_huarache_elite_3_turf_premium__white_me_0_7909.jpeg;https:\/\/images.novelship.com\/product\/nike_alpha_huarache_elite_3_turf_premium__white_me_1_7909.jpeg;https:\/\/images.novelship.com\/product\/nike_alpha_huarache_elite_3_turf_premium__white_me_2_7909.jpeg;https:\/\/images.novelship.com\/product\/nike_alpha_huarache_elite_3_turf_premium__white_me_3_7909.jpeg;https:\/\/images.novelship.com\/product\/nike_alpha_huarache_elite_3_turf_premium__white_me_4_7909.jpeg;https:\/\/images.novelship.com\/product\/nike_alpha_huarache_elite_3_turf_premium__white_me_5_7909.jpeg\",\"datePublished\":\"2026-03-02T08:58:32+00:00\",\"dateModified\":\"2026-03-27T18:25:03+00:00\",\"breadcrumb\":{\"@id\":\"https:\/\/tourcruiser.com\/de\/products\/nike-alpha-huarache-elite-3-turf-premium-white-metallic-vivid-gold\/#breadcrumb\"},\"inLanguage\":\"de\",\"potentialAction\":[{\"@type\":\"ReadAction\",\"target\":[\"https:\/\/tourcruiser.com\/de\/products\/nike-alpha-huarache-elite-3-turf-premium-white-metallic-vivid-gold\/\"]}]},{\"@type\":\"ImageObject\",\"inLanguage\":\"de\",\"@id\":\"https:\/\/tourcruiser.com\/de\/products\/nike-alpha-huarache-elite-3-turf-premium-white-metallic-vivid-gold\/#primaryimage\",\"url\":\"https:\/\/images.novelship.com\/product\/nike_alpha_huarache_elite_3_turf_premium__white_me_0_7909.jpeg;https:\/\/images.novelship.com\/product\/nike_alpha_huarache_elite_3_turf_premium__white_me_1_7909.jpeg;https:\/\/images.novelship.com\/product\/nike_alpha_huarache_elite_3_turf_premium__white_me_2_7909.jpeg;https:\/\/images.novelship.com\/product\/nike_alpha_huarache_elite_3_turf_premium__white_me_3_7909.jpeg;https:\/\/images.novelship.com\/product\/nike_alpha_huarache_elite_3_turf_premium__white_me_4_7909.jpeg;https:\/\/images.novelship.com\/product\/nike_alpha_huarache_elite_3_turf_premium__white_me_5_7909.jpeg\",\"contentUrl\":\"https:\/\/images.novelship.com\/product\/nike_alpha_huarache_elite_3_turf_premium__white_me_0_7909.jpeg;https:\/\/images.novelship.com\/product\/nike_alpha_huarache_elite_3_turf_premium__white_me_1_7909.jpeg;https:\/\/images.novelship.com\/product\/nike_alpha_huarache_elite_3_turf_premium__white_me_2_7909.jpeg;https:\/\/images.novelship.com\/product\/nike_alpha_huarache_elite_3_turf_premium__white_me_3_7909.jpeg;https:\/\/images.novelship.com\/product\/nike_alpha_huarache_elite_3_turf_premium__white_me_4_7909.jpeg;https:\/\/images.novelship.com\/product\/nike_alpha_huarache_elite_3_turf_premium__white_me_5_7909.jpeg\"},{\"@type\":\"BreadcrumbList\",\"@id\":\"https:\/\/tourcruiser.com\/de\/products\/nike-alpha-huarache-elite-3-turf-premium-white-metallic-vivid-gold\/#breadcrumb\",\"itemListElement\":[{\"@type\":\"ListItem\",\"position\":1,\"name\":\"Home\",\"item\":\"https:\/\/tourcruiser.com\/de\/\"},{\"@type\":\"ListItem\",\"position\":2,\"name\":\"Shop\",\"item\":\"https:\/\/tourcruiser.com\/de\/shop\/\"},{\"@type\":\"ListItem\",\"position\":3,\"name\":\"Nike Alpha Huarache Elite 3 Turf Premium 'White Metallic Vivid Gold'\"}]},{\"@type\":\"WebSite\",\"@id\":\"https:\/\/tourcruiser.com\/de\/#website\",\"url\":\"https:\/\/tourcruiser.com\/de\/\",\"name\":\"Styloral Jewelry Shop\",\"description\":\"Tourcruiser Sneaker Store \u2014 der Ort, an dem das Universum deine Einzigartigkeit trifft.\",\"publisher\":{\"@id\":\"https:\/\/tourcruiser.com\/de\/#organization\"},\"potentialAction\":[{\"@type\":\"SearchAction\",\"target\":{\"@type\":\"EntryPoint\",\"urlTemplate\":\"https:\/\/tourcruiser.com\/de\/?s={search_term_string}\"},\"query-input\":{\"@type\":\"PropertyValueSpecification\",\"valueRequired\":true,\"valueName\":\"search_term_string\"}}],\"inLanguage\":\"de\"},{\"@type\":\"Organization\",\"@id\":\"https:\/\/tourcruiser.com\/de\/#organization\",\"name\":\"STYLORAL PTE. LTD\",\"url\":\"https:\/\/tourcruiser.com\/de\/\",\"logo\":{\"@type\":\"ImageObject\",\"inLanguage\":\"de\",\"@id\":\"https:\/\/tourcruiser.com\/de\/#\/schema\/logo\/image\/\",\"url\":\"https:\/\/www.tourcruiser.com\/wp-content\/uploads\/2025\/12\/logo.png\",\"contentUrl\":\"https:\/\/www.tourcruiser.com\/wp-content\/uploads\/2025\/12\/logo.png\",\"width\":200,\"height\":65,\"caption\":\"STYLORAL PTE. LTD\"},\"image\":{\"@id\":\"https:\/\/tourcruiser.com\/de\/#\/schema\/logo\/image\/\"}}]}<\/script>\n<!-- \/ Yoast SEO plugin. -->","yoast_head_json":{"title":"Nike Alpha Huarache Elite 3 Turf Premium 'White Metallic Vivid Gold'  - Tourcruiser PTE. LTD","robots":{"index":"index","follow":"follow","max-snippet":"max-snippet:-1","max-image-preview":"max-image-preview:large","max-video-preview":"max-video-preview:-1"},"canonical":"https:\/\/tourcruiser.com\/de\/products\/nike-alpha-huarache-elite-3-turf-premium-white-metallic-vivid-gold\/","og_locale":"de_DE","og_type":"article","og_title":"Nike Alpha Huarache Elite 3 Turf Premium 'White Metallic Vivid Gold'  - Tourcruiser PTE. LTD","og_description":"Nike Alpha Huarache 3 Elite \u201d\u201d White\/Metallic Vivid Gold\/Black","og_url":"https:\/\/tourcruiser.com\/de\/products\/nike-alpha-huarache-elite-3-turf-premium-white-metallic-vivid-gold\/","og_site_name":"Tourcruiser Sneaker Store","article_modified_time":"2026-03-27T18:25:03+00:00","twitter_card":"summary_large_image","twitter_image":"https:\/\/images.novelship.com\/product\/nike_alpha_huarache_elite_3_turf_premium__white_me_0_7909.jpeg;https:\/\/images.novelship.com\/product\/nike_alpha_huarache_elite_3_turf_premium__white_me_1_7909.jpeg;https:\/\/images.novelship.com\/product\/nike_alpha_huarache_elite_3_turf_premium__white_me_2_7909.jpeg;https:\/\/images.novelship.com\/product\/nike_alpha_huarache_elite_3_turf_premium__white_me_3_7909.jpeg;https:\/\/images.novelship.com\/product\/nike_alpha_huarache_elite_3_turf_premium__white_me_4_7909.jpeg;https:\/\/images.novelship.com\/product\/nike_alpha_huarache_elite_3_turf_premium__white_me_5_7909.jpeg","twitter_misc":{"Gesch\u00e4tzte Lesezeit":"1\u00a0Minute"},"schema":{"@context":"https:\/\/schema.org","@graph":[{"@type":"WebPage","@id":"https:\/\/tourcruiser.com\/de\/products\/nike-alpha-huarache-elite-3-turf-premium-white-metallic-vivid-gold\/","url":"https:\/\/tourcruiser.com\/de\/products\/nike-alpha-huarache-elite-3-turf-premium-white-metallic-vivid-gold\/","name":"Nike Alpha Huarache Elite 3 Turf Premium 'White Metallic Vivid Gold' - Tourcruiser PTE. LTD","isPartOf":{"@id":"https:\/\/tourcruiser.com\/de\/#website"},"primaryImageOfPage":{"@id":"https:\/\/tourcruiser.com\/de\/products\/nike-alpha-huarache-elite-3-turf-premium-white-metallic-vivid-gold\/#primaryimage"},"image":{"@id":"https:\/\/tourcruiser.com\/de\/products\/nike-alpha-huarache-elite-3-turf-premium-white-metallic-vivid-gold\/#primaryimage"},"thumbnailUrl":"https:\/\/images.novelship.com\/product\/nike_alpha_huarache_elite_3_turf_premium__white_me_0_7909.jpeg;https:\/\/images.novelship.com\/product\/nike_alpha_huarache_elite_3_turf_premium__white_me_1_7909.jpeg;https:\/\/images.novelship.com\/product\/nike_alpha_huarache_elite_3_turf_premium__white_me_2_7909.jpeg;https:\/\/images.novelship.com\/product\/nike_alpha_huarache_elite_3_turf_premium__white_me_3_7909.jpeg;https:\/\/images.novelship.com\/product\/nike_alpha_huarache_elite_3_turf_premium__white_me_4_7909.jpeg;https:\/\/images.novelship.com\/product\/nike_alpha_huarache_elite_3_turf_premium__white_me_5_7909.jpeg","datePublished":"2026-03-02T08:58:32+00:00","dateModified":"2026-03-27T18:25:03+00:00","breadcrumb":{"@id":"https:\/\/tourcruiser.com\/de\/products\/nike-alpha-huarache-elite-3-turf-premium-white-metallic-vivid-gold\/#breadcrumb"},"inLanguage":"de","potentialAction":[{"@type":"ReadAction","target":["https:\/\/tourcruiser.com\/de\/products\/nike-alpha-huarache-elite-3-turf-premium-white-metallic-vivid-gold\/"]}]},{"@type":"ImageObject","inLanguage":"de","@id":"https:\/\/tourcruiser.com\/de\/products\/nike-alpha-huarache-elite-3-turf-premium-white-metallic-vivid-gold\/#primaryimage","url":"https:\/\/images.novelship.com\/product\/nike_alpha_huarache_elite_3_turf_premium__white_me_0_7909.jpeg;https:\/\/images.novelship.com\/product\/nike_alpha_huarache_elite_3_turf_premium__white_me_1_7909.jpeg;https:\/\/images.novelship.com\/product\/nike_alpha_huarache_elite_3_turf_premium__white_me_2_7909.jpeg;https:\/\/images.novelship.com\/product\/nike_alpha_huarache_elite_3_turf_premium__white_me_3_7909.jpeg;https:\/\/images.novelship.com\/product\/nike_alpha_huarache_elite_3_turf_premium__white_me_4_7909.jpeg;https:\/\/images.novelship.com\/product\/nike_alpha_huarache_elite_3_turf_premium__white_me_5_7909.jpeg","contentUrl":"https:\/\/images.novelship.com\/product\/nike_alpha_huarache_elite_3_turf_premium__white_me_0_7909.jpeg;https:\/\/images.novelship.com\/product\/nike_alpha_huarache_elite_3_turf_premium__white_me_1_7909.jpeg;https:\/\/images.novelship.com\/product\/nike_alpha_huarache_elite_3_turf_premium__white_me_2_7909.jpeg;https:\/\/images.novelship.com\/product\/nike_alpha_huarache_elite_3_turf_premium__white_me_3_7909.jpeg;https:\/\/images.novelship.com\/product\/nike_alpha_huarache_elite_3_turf_premium__white_me_4_7909.jpeg;https:\/\/images.novelship.com\/product\/nike_alpha_huarache_elite_3_turf_premium__white_me_5_7909.jpeg"},{"@type":"BreadcrumbList","@id":"https:\/\/tourcruiser.com\/de\/products\/nike-alpha-huarache-elite-3-turf-premium-white-metallic-vivid-gold\/#breadcrumb","itemListElement":[{"@type":"ListItem","position":1,"name":"Home","item":"https:\/\/tourcruiser.com\/de\/"},{"@type":"ListItem","position":2,"name":"Shop","item":"https:\/\/tourcruiser.com\/de\/shop\/"},{"@type":"ListItem","position":3,"name":"Nike Alpha Huarache Elite 3 Turf Premium 'White Metallic Vivid Gold'"}]},{"@type":"WebSite","@id":"https:\/\/tourcruiser.com\/de\/#website","url":"https:\/\/tourcruiser.com\/de\/","name":"Styloral Jewelry Shop","description":"Tourcruiser Sneaker Store \u2014 der Ort, an dem das Universum deine Einzigartigkeit trifft.","publisher":{"@id":"https:\/\/tourcruiser.com\/de\/#organization"},"potentialAction":[{"@type":"SearchAction","target":{"@type":"EntryPoint","urlTemplate":"https:\/\/tourcruiser.com\/de\/?s={search_term_string}"},"query-input":{"@type":"PropertyValueSpecification","valueRequired":true,"valueName":"search_term_string"}}],"inLanguage":"de"},{"@type":"Organization","@id":"https:\/\/tourcruiser.com\/de\/#organization","name":"STYLORAL PTE. LTD","url":"https:\/\/tourcruiser.com\/de\/","logo":{"@type":"ImageObject","inLanguage":"de","@id":"https:\/\/tourcruiser.com\/de\/#\/schema\/logo\/image\/","url":"https:\/\/www.tourcruiser.com\/wp-content\/uploads\/2025\/12\/logo.png","contentUrl":"https:\/\/www.tourcruiser.com\/wp-content\/uploads\/2025\/12\/logo.png","width":200,"height":65,"caption":"STYLORAL PTE. LTD"},"image":{"@id":"https:\/\/tourcruiser.com\/de\/#\/schema\/logo\/image\/"}}]}},"_links":{"self":[{"href":"https:\/\/tourcruiser.com\/de\/wp-json\/wp\/v2\/product\/155162","targetHints":{"allow":["GET"]}}],"collection":[{"href":"https:\/\/tourcruiser.com\/de\/wp-json\/wp\/v2\/product"}],"about":[{"href":"https:\/\/tourcruiser.com\/de\/wp-json\/wp\/v2\/types\/product"}],"replies":[{"embeddable":true,"href":"https:\/\/tourcruiser.com\/de\/wp-json\/wp\/v2\/comments?post=155162"}],"wp:featuredmedia":[{"embeddable":true,"href":"https:\/\/tourcruiser.com\/de\/wp-json\/wp\/v2\/media\/155163"}],"wp:attachment":[{"href":"https:\/\/tourcruiser.com\/de\/wp-json\/wp\/v2\/media?parent=155162"}],"wp:term":[{"taxonomy":"product_brand","embeddable":true,"href":"https:\/\/tourcruiser.com\/de\/wp-json\/wp\/v2\/product_brand?post=155162"},{"taxonomy":"product_cat","embeddable":true,"href":"https:\/\/tourcruiser.com\/de\/wp-json\/wp\/v2\/product_cat?post=155162"},{"taxonomy":"product_tag","embeddable":true,"href":"https:\/\/tourcruiser.com\/de\/wp-json\/wp\/v2\/product_tag?post=155162"}],"curies":[{"name":"wp","href":"https:\/\/api.w.org\/{rel}","templated":true}]}}