{"id":155094,"date":"2026-03-02T15:58:24","date_gmt":"2026-03-02T08:58:24","guid":{"rendered":"http:\/\/tourcruiser.com\/product\/kiko-kostadinov-x-asics-ub7-s-gt-2160-dark-neptune"},"modified":"2026-03-17T10:32:37","modified_gmt":"2026-03-17T03:32:37","slug":"kiko-kostadinov-x-asics-ub7-s-gt-2160-dark-neptune","status":"publish","type":"product","link":"https:\/\/tourcruiser.com\/de\/products\/kiko-kostadinov-x-asics-ub7-s-gt-2160-dark-neptune\/","title":{"rendered":"Kiko Kostadinov x ASICS UB7-S GT 2160 &#8218;Dark Neptune&#8216;"},"content":{"rendered":"<p>Erleben Sie ein unvergleichliches Laufgef\u00fchl mit dem ASICS UB7-S GT 2160 \u201eDark Neptune\u201c. Dank erstklassiger D\u00e4mpfung und verbesserter Stabilit\u00e4t bieten diese Laufschuhe unvergleichlichen Komfort und optimale Unterst\u00fctzung \u201d\u201c Kilometer f\u00fcr Kilometer. Die DYNAMIC DUOMAX\u00e2\u201e\u00a2-Technologie und die FLYTEFOAM\u00e2\u201e\u00a2-Mittelsohle arbeiten perfekt zusammen, um \u00dcberpronation zu kontrollieren und Sie mit m\u00fchelosen Schritten voranzubringen. Die elegante Farbgebung \u201eDark Neptune\u201c verleiht Ihrem Fitnessprogramm einen Hauch von Eleganz und macht diese Schuhe zur perfekten Kombination aus Stil und Leistung.<\/p>\n<ul>\n<li><strong>Farbgebung:<\/strong> Dark Neptune\/Pure Silver<\/li>\n<li><strong>Artikelnummer:<\/strong> 1203A491-300<\/li>\n<li><strong>Obermaterial:<\/strong> Mesh<\/li>\n<li><strong>Zwischensohle:<\/strong> Gel<\/li>\n<li><strong>Farbe:<\/strong> Gelb<\/li>\n<li><strong>Erscheinungsjahr:<\/strong> 2024<\/li>\n<\/ul>\n","protected":false},"excerpt":{"rendered":"<p>ASICS UB7-S GT 2160 \u201d\u201d Dark Neptune\/Pure Silver<\/p>\n","protected":false},"featured_media":155095,"comment_status":"open","ping_status":"closed","template":"","meta":[],"product_brand":[],"product_cat":[10792],"product_tag":[10791,10750,10754,10765,10768,10758],"class_list":{"0":"post-155094","1":"product","2":"type-product","3":"status-publish","4":"has-post-thumbnail","6":"product_cat-asics","7":"product_tag-asics","8":"product_tag-athleisure-shoes","9":"product_tag-lifestyle-casual-shoes","10":"product_tag-lifestyle-shoes-running-inspired","11":"product_tag-retro-running-shoes","12":"product_tag-under-retail","13":"wcpa_has_options","15":"first","16":"outofstock","17":"sale","18":"taxable","19":"shipping-taxable","20":"purchasable","21":"product-type-simple"},"wcpa_form_fields":{"rules":{"pric_overide_base_price":false,"pric_overide_base_price_if_gt_zero":false,"pric_overide_base_price_fully":false,"pric_cal_option_once":false,"pric_use_as_fee":false,"bind_quantity":false,"quantity_bind_formula":false},"fields":[{"type":"color-group","required":true,"elementId":"wcpa-color-group-69a5ab08ee12d","label":"Gr\u00f6\u00dfe","inline":true,"priceOptions":"different_for_all","pricingType":"fixed","className":"hassizechart product-shoes-size-eu product-shoes-size","name":"color-group-69a5ab08ee136","disp_type":"square","selection_type":"tick-border","disp_size":"50","show_label_inside":true,"adjust_width":true,"cart_display_type":"text","other_text":"Other","cl_rule":"show","col":6,"values":[{"label":"36","value":"EU 36","price":"","pimage":"","pimage_id":"","pthumb":"","color":"","selected":true},{"label":"37","value":"EU 37","price":"","pimage":"","pimage_id":"","pthumb":"","color":""},{"label":"37.5","value":"EU 37.5","price":"","pimage":"","pimage_id":"","pthumb":"","color":""},{"label":"38","value":"EU 38","price":"","pimage":"","pimage_id":"","pthumb":"","color":""},{"label":"38.5","value":"EU 38.5","price":"","pimage":"","pimage_id":"","pthumb":"","color":""},{"label":"39","value":"EU 39","price":"","pimage":"","pimage_id":"","pthumb":"","color":""},{"label":"39.5","value":"EU 39.5","price":"","pimage":"","pimage_id":"","pthumb":"","color":""},{"label":"40","value":"EU 40","price":"","pimage":"","pimage_id":"","pthumb":"","color":""},{"label":"40.5","value":"EU 40.5","price":"","pimage":"","pimage_id":"","pthumb":"","color":""},{"label":" 41.5","value":"EU 41.5","price":"","pimage":"","pimage_id":"","pthumb":"","color":""},{"label":"42","value":"EU 42","price":"","pimage":"","pimage_id":"","pthumb":"","color":""},{"label":"42.5","value":"EU 42.5","price":"","pimage":"","pimage_id":"","pthumb":"","color":""},{"label":"43.5","value":"EU 43.5","price":"","pimage":"","pimage_id":"","pthumb":"","color":""},{"label":"44","value":"EU 44","price":"","pimage":"","pimage_id":"","pthumb":"","color":""},{"label":"44.5","value":"EU 44.5","price":"","pimage":"","pimage_id":"","pthumb":"","color":""},{"label":"45","value":"EU 45","price":"","pimage":"","pimage_id":"","pthumb":"","color":""}],"relations":[{"operator":false,"rules":[]}],"form_id":184311,"form_rules":{"pric_cal_option_once":false,"exclude_from_discount":false,"pric_use_as_fee":false,"fee_label":"Fee","render_after_acb":false,"disp_hide_options_price":false}}]},"yoast_head":"<!-- This site is optimized with the Yoast SEO plugin v26.5 - https:\/\/yoast.com\/wordpress\/plugins\/seo\/ -->\n<title>Kiko Kostadinov x ASICS UB7-S GT 2160 &#039;Dark Neptune&#039;  - Tourcruiser PTE. LTD<\/title>\n<meta name=\"robots\" content=\"index, follow, max-snippet:-1, max-image-preview:large, max-video-preview:-1\" \/>\n<link rel=\"canonical\" href=\"https:\/\/tourcruiser.com\/de\/products\/kiko-kostadinov-x-asics-ub7-s-gt-2160-dark-neptune\/\" \/>\n<meta property=\"og:locale\" content=\"de_DE\" \/>\n<meta property=\"og:type\" content=\"article\" \/>\n<meta property=\"og:title\" content=\"Kiko Kostadinov x ASICS UB7-S GT 2160 &#039;Dark Neptune&#039;  - Tourcruiser PTE. LTD\" \/>\n<meta property=\"og:description\" content=\"ASICS UB7-S GT 2160 \u201d\u201d Dark Neptune\/Pure Silver\" \/>\n<meta property=\"og:url\" content=\"https:\/\/tourcruiser.com\/de\/products\/kiko-kostadinov-x-asics-ub7-s-gt-2160-dark-neptune\/\" \/>\n<meta property=\"og:site_name\" content=\"Tourcruiser Sneaker Store\" \/>\n<meta property=\"article:modified_time\" content=\"2026-03-17T03:32:37+00:00\" \/>\n<meta name=\"twitter:card\" content=\"summary_large_image\" \/>\n<meta name=\"twitter:image\" content=\"https:\/\/images.novelship.com\/product\/asics_ub7-s_gt_2160__dark_neptune__1203a491-300_0_92901.jpeg\" \/>\n<script type=\"application\/ld+json\" class=\"yoast-schema-graph\">{\"@context\":\"https:\/\/schema.org\",\"@graph\":[{\"@type\":\"WebPage\",\"@id\":\"https:\/\/tourcruiser.com\/de\/products\/kiko-kostadinov-x-asics-ub7-s-gt-2160-dark-neptune\/\",\"url\":\"https:\/\/tourcruiser.com\/de\/products\/kiko-kostadinov-x-asics-ub7-s-gt-2160-dark-neptune\/\",\"name\":\"Kiko Kostadinov x ASICS UB7-S GT 2160 'Dark Neptune' - Tourcruiser PTE. LTD\",\"isPartOf\":{\"@id\":\"https:\/\/tourcruiser.com\/de\/#website\"},\"primaryImageOfPage\":{\"@id\":\"https:\/\/tourcruiser.com\/de\/products\/kiko-kostadinov-x-asics-ub7-s-gt-2160-dark-neptune\/#primaryimage\"},\"image\":{\"@id\":\"https:\/\/tourcruiser.com\/de\/products\/kiko-kostadinov-x-asics-ub7-s-gt-2160-dark-neptune\/#primaryimage\"},\"thumbnailUrl\":\"https:\/\/images.novelship.com\/product\/asics_ub7-s_gt_2160__dark_neptune__1203a491-300_0_92901.jpeg\",\"datePublished\":\"2026-03-02T08:58:24+00:00\",\"dateModified\":\"2026-03-17T03:32:37+00:00\",\"breadcrumb\":{\"@id\":\"https:\/\/tourcruiser.com\/de\/products\/kiko-kostadinov-x-asics-ub7-s-gt-2160-dark-neptune\/#breadcrumb\"},\"inLanguage\":\"de\",\"potentialAction\":[{\"@type\":\"ReadAction\",\"target\":[\"https:\/\/tourcruiser.com\/de\/products\/kiko-kostadinov-x-asics-ub7-s-gt-2160-dark-neptune\/\"]}]},{\"@type\":\"ImageObject\",\"inLanguage\":\"de\",\"@id\":\"https:\/\/tourcruiser.com\/de\/products\/kiko-kostadinov-x-asics-ub7-s-gt-2160-dark-neptune\/#primaryimage\",\"url\":\"https:\/\/images.novelship.com\/product\/asics_ub7-s_gt_2160__dark_neptune__1203a491-300_0_92901.jpeg\",\"contentUrl\":\"https:\/\/images.novelship.com\/product\/asics_ub7-s_gt_2160__dark_neptune__1203a491-300_0_92901.jpeg\"},{\"@type\":\"BreadcrumbList\",\"@id\":\"https:\/\/tourcruiser.com\/de\/products\/kiko-kostadinov-x-asics-ub7-s-gt-2160-dark-neptune\/#breadcrumb\",\"itemListElement\":[{\"@type\":\"ListItem\",\"position\":1,\"name\":\"Home\",\"item\":\"https:\/\/tourcruiser.com\/de\/\"},{\"@type\":\"ListItem\",\"position\":2,\"name\":\"Shop\",\"item\":\"https:\/\/tourcruiser.com\/de\/shop\/\"},{\"@type\":\"ListItem\",\"position\":3,\"name\":\"Kiko Kostadinov x ASICS UB7-S GT 2160 'Dark Neptune'\"}]},{\"@type\":\"WebSite\",\"@id\":\"https:\/\/tourcruiser.com\/de\/#website\",\"url\":\"https:\/\/tourcruiser.com\/de\/\",\"name\":\"Styloral Jewelry Shop\",\"description\":\"Tourcruiser Sneaker Store \u2014 der Ort, an dem das Universum deine Einzigartigkeit trifft.\",\"publisher\":{\"@id\":\"https:\/\/tourcruiser.com\/de\/#organization\"},\"potentialAction\":[{\"@type\":\"SearchAction\",\"target\":{\"@type\":\"EntryPoint\",\"urlTemplate\":\"https:\/\/tourcruiser.com\/de\/?s={search_term_string}\"},\"query-input\":{\"@type\":\"PropertyValueSpecification\",\"valueRequired\":true,\"valueName\":\"search_term_string\"}}],\"inLanguage\":\"de\"},{\"@type\":\"Organization\",\"@id\":\"https:\/\/tourcruiser.com\/de\/#organization\",\"name\":\"STYLORAL PTE. LTD\",\"url\":\"https:\/\/tourcruiser.com\/de\/\",\"logo\":{\"@type\":\"ImageObject\",\"inLanguage\":\"de\",\"@id\":\"https:\/\/tourcruiser.com\/de\/#\/schema\/logo\/image\/\",\"url\":\"https:\/\/www.tourcruiser.com\/wp-content\/uploads\/2025\/12\/logo.png\",\"contentUrl\":\"https:\/\/www.tourcruiser.com\/wp-content\/uploads\/2025\/12\/logo.png\",\"width\":200,\"height\":65,\"caption\":\"STYLORAL PTE. LTD\"},\"image\":{\"@id\":\"https:\/\/tourcruiser.com\/de\/#\/schema\/logo\/image\/\"}}]}<\/script>\n<!-- \/ Yoast SEO plugin. -->","yoast_head_json":{"title":"Kiko Kostadinov x ASICS UB7-S GT 2160 'Dark Neptune'  - Tourcruiser PTE. LTD","robots":{"index":"index","follow":"follow","max-snippet":"max-snippet:-1","max-image-preview":"max-image-preview:large","max-video-preview":"max-video-preview:-1"},"canonical":"https:\/\/tourcruiser.com\/de\/products\/kiko-kostadinov-x-asics-ub7-s-gt-2160-dark-neptune\/","og_locale":"de_DE","og_type":"article","og_title":"Kiko Kostadinov x ASICS UB7-S GT 2160 'Dark Neptune'  - Tourcruiser PTE. LTD","og_description":"ASICS UB7-S GT 2160 \u201d\u201d Dark Neptune\/Pure Silver","og_url":"https:\/\/tourcruiser.com\/de\/products\/kiko-kostadinov-x-asics-ub7-s-gt-2160-dark-neptune\/","og_site_name":"Tourcruiser Sneaker Store","article_modified_time":"2026-03-17T03:32:37+00:00","twitter_card":"summary_large_image","twitter_image":"https:\/\/images.novelship.com\/product\/asics_ub7-s_gt_2160__dark_neptune__1203a491-300_0_92901.jpeg","schema":{"@context":"https:\/\/schema.org","@graph":[{"@type":"WebPage","@id":"https:\/\/tourcruiser.com\/de\/products\/kiko-kostadinov-x-asics-ub7-s-gt-2160-dark-neptune\/","url":"https:\/\/tourcruiser.com\/de\/products\/kiko-kostadinov-x-asics-ub7-s-gt-2160-dark-neptune\/","name":"Kiko Kostadinov x ASICS UB7-S GT 2160 'Dark Neptune' - Tourcruiser PTE. LTD","isPartOf":{"@id":"https:\/\/tourcruiser.com\/de\/#website"},"primaryImageOfPage":{"@id":"https:\/\/tourcruiser.com\/de\/products\/kiko-kostadinov-x-asics-ub7-s-gt-2160-dark-neptune\/#primaryimage"},"image":{"@id":"https:\/\/tourcruiser.com\/de\/products\/kiko-kostadinov-x-asics-ub7-s-gt-2160-dark-neptune\/#primaryimage"},"thumbnailUrl":"https:\/\/images.novelship.com\/product\/asics_ub7-s_gt_2160__dark_neptune__1203a491-300_0_92901.jpeg","datePublished":"2026-03-02T08:58:24+00:00","dateModified":"2026-03-17T03:32:37+00:00","breadcrumb":{"@id":"https:\/\/tourcruiser.com\/de\/products\/kiko-kostadinov-x-asics-ub7-s-gt-2160-dark-neptune\/#breadcrumb"},"inLanguage":"de","potentialAction":[{"@type":"ReadAction","target":["https:\/\/tourcruiser.com\/de\/products\/kiko-kostadinov-x-asics-ub7-s-gt-2160-dark-neptune\/"]}]},{"@type":"ImageObject","inLanguage":"de","@id":"https:\/\/tourcruiser.com\/de\/products\/kiko-kostadinov-x-asics-ub7-s-gt-2160-dark-neptune\/#primaryimage","url":"https:\/\/images.novelship.com\/product\/asics_ub7-s_gt_2160__dark_neptune__1203a491-300_0_92901.jpeg","contentUrl":"https:\/\/images.novelship.com\/product\/asics_ub7-s_gt_2160__dark_neptune__1203a491-300_0_92901.jpeg"},{"@type":"BreadcrumbList","@id":"https:\/\/tourcruiser.com\/de\/products\/kiko-kostadinov-x-asics-ub7-s-gt-2160-dark-neptune\/#breadcrumb","itemListElement":[{"@type":"ListItem","position":1,"name":"Home","item":"https:\/\/tourcruiser.com\/de\/"},{"@type":"ListItem","position":2,"name":"Shop","item":"https:\/\/tourcruiser.com\/de\/shop\/"},{"@type":"ListItem","position":3,"name":"Kiko Kostadinov x ASICS UB7-S GT 2160 'Dark Neptune'"}]},{"@type":"WebSite","@id":"https:\/\/tourcruiser.com\/de\/#website","url":"https:\/\/tourcruiser.com\/de\/","name":"Styloral Jewelry Shop","description":"Tourcruiser Sneaker Store \u2014 der Ort, an dem das Universum deine Einzigartigkeit trifft.","publisher":{"@id":"https:\/\/tourcruiser.com\/de\/#organization"},"potentialAction":[{"@type":"SearchAction","target":{"@type":"EntryPoint","urlTemplate":"https:\/\/tourcruiser.com\/de\/?s={search_term_string}"},"query-input":{"@type":"PropertyValueSpecification","valueRequired":true,"valueName":"search_term_string"}}],"inLanguage":"de"},{"@type":"Organization","@id":"https:\/\/tourcruiser.com\/de\/#organization","name":"STYLORAL PTE. LTD","url":"https:\/\/tourcruiser.com\/de\/","logo":{"@type":"ImageObject","inLanguage":"de","@id":"https:\/\/tourcruiser.com\/de\/#\/schema\/logo\/image\/","url":"https:\/\/www.tourcruiser.com\/wp-content\/uploads\/2025\/12\/logo.png","contentUrl":"https:\/\/www.tourcruiser.com\/wp-content\/uploads\/2025\/12\/logo.png","width":200,"height":65,"caption":"STYLORAL PTE. LTD"},"image":{"@id":"https:\/\/tourcruiser.com\/de\/#\/schema\/logo\/image\/"}}]}},"_links":{"self":[{"href":"https:\/\/tourcruiser.com\/de\/wp-json\/wp\/v2\/product\/155094","targetHints":{"allow":["GET"]}}],"collection":[{"href":"https:\/\/tourcruiser.com\/de\/wp-json\/wp\/v2\/product"}],"about":[{"href":"https:\/\/tourcruiser.com\/de\/wp-json\/wp\/v2\/types\/product"}],"replies":[{"embeddable":true,"href":"https:\/\/tourcruiser.com\/de\/wp-json\/wp\/v2\/comments?post=155094"}],"wp:featuredmedia":[{"embeddable":true,"href":"https:\/\/tourcruiser.com\/de\/wp-json\/wp\/v2\/media\/155095"}],"wp:attachment":[{"href":"https:\/\/tourcruiser.com\/de\/wp-json\/wp\/v2\/media?parent=155094"}],"wp:term":[{"taxonomy":"product_brand","embeddable":true,"href":"https:\/\/tourcruiser.com\/de\/wp-json\/wp\/v2\/product_brand?post=155094"},{"taxonomy":"product_cat","embeddable":true,"href":"https:\/\/tourcruiser.com\/de\/wp-json\/wp\/v2\/product_cat?post=155094"},{"taxonomy":"product_tag","embeddable":true,"href":"https:\/\/tourcruiser.com\/de\/wp-json\/wp\/v2\/product_tag?post=155094"}],"curies":[{"name":"wp","href":"https:\/\/api.w.org\/{rel}","templated":true}]}}