{"id":154962,"date":"2026-03-02T15:58:13","date_gmt":"2026-03-02T08:58:13","guid":{"rendered":"http:\/\/tourcruiser.com\/product\/women-ugg-oh-fluffita-outdoor-open-toe-flat-heel-sports-sandals"},"modified":"2026-03-28T01:24:52","modified_gmt":"2026-03-27T18:24:52","slug":"women-ugg-oh-fluffita-outdoor-open-toe-flat-heel-sports-sandals","status":"publish","type":"product","link":"https:\/\/tourcruiser.com\/de\/products\/women-ugg-oh-fluffita-outdoor-open-toe-flat-heel-sports-sandals\/","title":{"rendered":"(Women) UGG Oh Fluffita Outdoor Open Toe Flat Heel Sports Sandals"},"content":{"rendered":"<p>Genie\u00dfen Sie ultimativen Komfort mit unseren UGG Oh Fluffita Outdoor-Sandalen mit offener Zehenpartie und flachem Absatz. Diese Sandalen f\u00fchlen sich an wie Wolken und verf\u00fcgen \u00fcber ein ultraweiches, schafsfell\u00e4hnliches Futter sowie ein weiches Fu\u00dfbett. Das offene Zehendesign sorgt f\u00fcr Atmungsaktivit\u00e4t, w\u00e4hrend die strapazierf\u00e4hige Gummisohle f\u00fcr lange Haltbarkeit sorgt. Ob f\u00fcr Freizeitaktivit\u00e4ten, Strandtage oder einfach zum Entspannen \u201d\u201c diese Sandalen halten Ihre F\u00fc\u00dfe die ganze Saison \u00fcber warm und sehen dabei stylisch aus.<\/p>\n<ul>\n<li><strong>Artikelnummer:<\/strong> 1120876-NAT<\/li>\n<li><strong>Farbe:<\/strong> Beige<\/li>\n<li><strong>Saison:<\/strong> Ganzj\u00e4hrig<\/li>\n<\/ul>\n","protected":false},"excerpt":{"rendered":"<p>(W) UGG Oh Fluffita Outdoor Open Toe Flat Heel Sports Sandals<\/p>\n","protected":false},"featured_media":154963,"comment_status":"open","ping_status":"closed","template":"","meta":[],"product_brand":[],"product_cat":[11247],"product_tag":[10864,10926,10754,29163,13289,11246,11666,10758],"class_list":{"0":"post-154962","1":"product","2":"type-product","3":"status-publish","4":"has-post-thumbnail","6":"product_cat-ugg-women","7":"product_tag-casual-sandals","8":"product_tag-gift-for-her","9":"product_tag-lifestyle-casual-shoes","10":"product_tag-open-toe-sandals","11":"product_tag-sports-sandals","12":"product_tag-ugg","13":"product_tag-ugg-collection","14":"product_tag-under-retail","15":"wcpa_has_options","17":"first","18":"outofstock","19":"sale","20":"taxable","21":"shipping-taxable","22":"purchasable","23":"product-type-simple"},"wcpa_form_fields":{"rules":{"pric_overide_base_price":false,"pric_overide_base_price_if_gt_zero":false,"pric_overide_base_price_fully":false,"pric_cal_option_once":false,"pric_use_as_fee":false,"bind_quantity":false,"quantity_bind_formula":false},"fields":[{"type":"color-group","required":true,"elementId":"wcpa-color-group-69a5ae7a28b88","label":"Gr\u00f6\u00dfe","inline":true,"priceOptions":"different_for_all","pricingType":"fixed","className":"hassizechart product-shoes-size-eu product-shoes-size","name":"color-group-69a5ae7a28b91","disp_type":"square","selection_type":"tick-border","disp_size":"50","show_label_inside":true,"adjust_width":true,"cart_display_type":"text","other_text":"Other","cl_rule":"show","col":6,"values":[{"label":"34.5","value":"EU 34.5","price":"","pimage":"","pimage_id":"","pthumb":"","color":""},{"label":"35","value":"EU 35","price":"","pimage":"","pimage_id":"","pthumb":"","color":""},{"label":"35.5","value":"EU 35.5","price":"","pimage":"","pimage_id":"","pthumb":"","color":""},{"label":"36","value":"EU 36","price":"","pimage":"","pimage_id":"","pthumb":"","color":"","selected":true},{"label":"37","value":"EU 37","price":"","pimage":"","pimage_id":"","pthumb":"","color":""},{"label":"37.5","value":"EU 37.5","price":"","pimage":"","pimage_id":"","pthumb":"","color":""},{"label":"38","value":"EU 38","price":"","pimage":"","pimage_id":"","pthumb":"","color":""},{"label":"38.5","value":"EU 38.5","price":"","pimage":"","pimage_id":"","pthumb":"","color":""},{"label":"39","value":"EU 39","price":"","pimage":"","pimage_id":"","pthumb":"","color":""},{"label":"39.5","value":"EU 39.5","price":"","pimage":"","pimage_id":"","pthumb":"","color":""},{"label":"40","value":"EU 40","price":"","pimage":"","pimage_id":"","pthumb":"","color":""},{"label":"40.5","value":"EU 40.5","price":"","pimage":"","pimage_id":"","pthumb":"","color":""},{"label":" 41.5","value":"EU 41.5","price":"","pimage":"","pimage_id":"","pthumb":"","color":""},{"label":"42","value":"EU 42","price":"","pimage":"","pimage_id":"","pthumb":"","color":""},{"label":"42.5","value":"EU 42.5","price":"","pimage":"","pimage_id":"","pthumb":"","color":""},{"label":"43","value":"EU 43","price":"","pimage":"","pimage_id":"","pthumb":"","color":""},{"label":"44","value":"EU 44","price":"","pimage":"","pimage_id":"","pthumb":"","color":""},{"label":"45","value":"EU 45","price":"","pimage":"","pimage_id":"","pthumb":"","color":""},{"label":"48","value":"EU 48","price":"","pimage":"","pimage_id":"","pthumb":"","color":""}],"relations":[{"operator":false,"rules":[]}],"form_id":184315,"form_rules":{"pric_cal_option_once":false,"exclude_from_discount":false,"pric_use_as_fee":false,"fee_label":"Fee","render_after_acb":false,"disp_hide_options_price":false}}]},"yoast_head":"<!-- This site is optimized with the Yoast SEO plugin v26.5 - https:\/\/yoast.com\/wordpress\/plugins\/seo\/ -->\n<title>(Women) UGG Oh Fluffita Outdoor Open Toe Flat Heel Sports Sandals  - Tourcruiser PTE. LTD<\/title>\n<meta name=\"robots\" content=\"index, follow, max-snippet:-1, max-image-preview:large, max-video-preview:-1\" \/>\n<link rel=\"canonical\" href=\"https:\/\/tourcruiser.com\/de\/products\/women-ugg-oh-fluffita-outdoor-open-toe-flat-heel-sports-sandals\/\" \/>\n<meta property=\"og:locale\" content=\"de_DE\" \/>\n<meta property=\"og:type\" content=\"article\" \/>\n<meta property=\"og:title\" content=\"(Women) UGG Oh Fluffita Outdoor Open Toe Flat Heel Sports Sandals  - Tourcruiser PTE. LTD\" \/>\n<meta property=\"og:description\" content=\"(W) UGG Oh Fluffita Outdoor Open Toe Flat Heel Sports Sandals\" \/>\n<meta property=\"og:url\" content=\"https:\/\/tourcruiser.com\/de\/products\/women-ugg-oh-fluffita-outdoor-open-toe-flat-heel-sports-sandals\/\" \/>\n<meta property=\"og:site_name\" content=\"Tourcruiser Sneaker Store\" \/>\n<meta property=\"article:modified_time\" content=\"2026-03-27T18:24:52+00:00\" \/>\n<meta name=\"twitter:card\" content=\"summary_large_image\" \/>\n<meta name=\"twitter:image\" content=\"https:\/\/images.novelship.com\/product\/_women__ugg_oh_fluffita__natural__1120876_nat_0_52330.jpeg;https:\/\/images.novelship.com\/product\/_women__ugg_oh_fluffita__natural__1120876_nat_1_52330.jpeg;https:\/\/images.novelship.com\/product\/_women__ugg_oh_fluffita__natural__1120876_nat_2_52330.jpeg;https:\/\/images.novelship.com\/product\/_women__ugg_oh_fluffita__natural__1120876_nat_3_52330.jpeg;https:\/\/images.novelship.com\/product\/_women__ugg_oh_fluffita__natural__1120876_nat_4_52330.jpeg;https:\/\/images.novelship.com\/product\/_women__ugg_oh_fluffita__natural__1120876_nat_5_52330.jpeg\" \/>\n<script type=\"application\/ld+json\" class=\"yoast-schema-graph\">{\"@context\":\"https:\/\/schema.org\",\"@graph\":[{\"@type\":\"WebPage\",\"@id\":\"https:\/\/tourcruiser.com\/de\/products\/women-ugg-oh-fluffita-outdoor-open-toe-flat-heel-sports-sandals\/\",\"url\":\"https:\/\/tourcruiser.com\/de\/products\/women-ugg-oh-fluffita-outdoor-open-toe-flat-heel-sports-sandals\/\",\"name\":\"(Women) UGG Oh Fluffita Outdoor Open Toe Flat Heel Sports Sandals - Tourcruiser PTE. LTD\",\"isPartOf\":{\"@id\":\"https:\/\/tourcruiser.com\/de\/#website\"},\"primaryImageOfPage\":{\"@id\":\"https:\/\/tourcruiser.com\/de\/products\/women-ugg-oh-fluffita-outdoor-open-toe-flat-heel-sports-sandals\/#primaryimage\"},\"image\":{\"@id\":\"https:\/\/tourcruiser.com\/de\/products\/women-ugg-oh-fluffita-outdoor-open-toe-flat-heel-sports-sandals\/#primaryimage\"},\"thumbnailUrl\":\"https:\/\/images.novelship.com\/product\/_women__ugg_oh_fluffita__natural__1120876_nat_0_52330.jpeg;https:\/\/images.novelship.com\/product\/_women__ugg_oh_fluffita__natural__1120876_nat_1_52330.jpeg;https:\/\/images.novelship.com\/product\/_women__ugg_oh_fluffita__natural__1120876_nat_2_52330.jpeg;https:\/\/images.novelship.com\/product\/_women__ugg_oh_fluffita__natural__1120876_nat_3_52330.jpeg;https:\/\/images.novelship.com\/product\/_women__ugg_oh_fluffita__natural__1120876_nat_4_52330.jpeg;https:\/\/images.novelship.com\/product\/_women__ugg_oh_fluffita__natural__1120876_nat_5_52330.jpeg\",\"datePublished\":\"2026-03-02T08:58:13+00:00\",\"dateModified\":\"2026-03-27T18:24:52+00:00\",\"breadcrumb\":{\"@id\":\"https:\/\/tourcruiser.com\/de\/products\/women-ugg-oh-fluffita-outdoor-open-toe-flat-heel-sports-sandals\/#breadcrumb\"},\"inLanguage\":\"de\",\"potentialAction\":[{\"@type\":\"ReadAction\",\"target\":[\"https:\/\/tourcruiser.com\/de\/products\/women-ugg-oh-fluffita-outdoor-open-toe-flat-heel-sports-sandals\/\"]}]},{\"@type\":\"ImageObject\",\"inLanguage\":\"de\",\"@id\":\"https:\/\/tourcruiser.com\/de\/products\/women-ugg-oh-fluffita-outdoor-open-toe-flat-heel-sports-sandals\/#primaryimage\",\"url\":\"https:\/\/images.novelship.com\/product\/_women__ugg_oh_fluffita__natural__1120876_nat_0_52330.jpeg;https:\/\/images.novelship.com\/product\/_women__ugg_oh_fluffita__natural__1120876_nat_1_52330.jpeg;https:\/\/images.novelship.com\/product\/_women__ugg_oh_fluffita__natural__1120876_nat_2_52330.jpeg;https:\/\/images.novelship.com\/product\/_women__ugg_oh_fluffita__natural__1120876_nat_3_52330.jpeg;https:\/\/images.novelship.com\/product\/_women__ugg_oh_fluffita__natural__1120876_nat_4_52330.jpeg;https:\/\/images.novelship.com\/product\/_women__ugg_oh_fluffita__natural__1120876_nat_5_52330.jpeg\",\"contentUrl\":\"https:\/\/images.novelship.com\/product\/_women__ugg_oh_fluffita__natural__1120876_nat_0_52330.jpeg;https:\/\/images.novelship.com\/product\/_women__ugg_oh_fluffita__natural__1120876_nat_1_52330.jpeg;https:\/\/images.novelship.com\/product\/_women__ugg_oh_fluffita__natural__1120876_nat_2_52330.jpeg;https:\/\/images.novelship.com\/product\/_women__ugg_oh_fluffita__natural__1120876_nat_3_52330.jpeg;https:\/\/images.novelship.com\/product\/_women__ugg_oh_fluffita__natural__1120876_nat_4_52330.jpeg;https:\/\/images.novelship.com\/product\/_women__ugg_oh_fluffita__natural__1120876_nat_5_52330.jpeg\"},{\"@type\":\"BreadcrumbList\",\"@id\":\"https:\/\/tourcruiser.com\/de\/products\/women-ugg-oh-fluffita-outdoor-open-toe-flat-heel-sports-sandals\/#breadcrumb\",\"itemListElement\":[{\"@type\":\"ListItem\",\"position\":1,\"name\":\"Home\",\"item\":\"https:\/\/tourcruiser.com\/de\/\"},{\"@type\":\"ListItem\",\"position\":2,\"name\":\"Shop\",\"item\":\"https:\/\/tourcruiser.com\/de\/shop\/\"},{\"@type\":\"ListItem\",\"position\":3,\"name\":\"(Women) UGG Oh Fluffita Outdoor Open Toe Flat Heel Sports Sandals\"}]},{\"@type\":\"WebSite\",\"@id\":\"https:\/\/tourcruiser.com\/de\/#website\",\"url\":\"https:\/\/tourcruiser.com\/de\/\",\"name\":\"Styloral Jewelry Shop\",\"description\":\"Tourcruiser Sneaker Store \u2014 der Ort, an dem das Universum deine Einzigartigkeit trifft.\",\"publisher\":{\"@id\":\"https:\/\/tourcruiser.com\/de\/#organization\"},\"potentialAction\":[{\"@type\":\"SearchAction\",\"target\":{\"@type\":\"EntryPoint\",\"urlTemplate\":\"https:\/\/tourcruiser.com\/de\/?s={search_term_string}\"},\"query-input\":{\"@type\":\"PropertyValueSpecification\",\"valueRequired\":true,\"valueName\":\"search_term_string\"}}],\"inLanguage\":\"de\"},{\"@type\":\"Organization\",\"@id\":\"https:\/\/tourcruiser.com\/de\/#organization\",\"name\":\"STYLORAL PTE. LTD\",\"url\":\"https:\/\/tourcruiser.com\/de\/\",\"logo\":{\"@type\":\"ImageObject\",\"inLanguage\":\"de\",\"@id\":\"https:\/\/tourcruiser.com\/de\/#\/schema\/logo\/image\/\",\"url\":\"https:\/\/www.tourcruiser.com\/wp-content\/uploads\/2025\/12\/logo.png\",\"contentUrl\":\"https:\/\/www.tourcruiser.com\/wp-content\/uploads\/2025\/12\/logo.png\",\"width\":200,\"height\":65,\"caption\":\"STYLORAL PTE. LTD\"},\"image\":{\"@id\":\"https:\/\/tourcruiser.com\/de\/#\/schema\/logo\/image\/\"}}]}<\/script>\n<!-- \/ Yoast SEO plugin. -->","yoast_head_json":{"title":"(Women) UGG Oh Fluffita Outdoor Open Toe Flat Heel Sports Sandals  - Tourcruiser PTE. LTD","robots":{"index":"index","follow":"follow","max-snippet":"max-snippet:-1","max-image-preview":"max-image-preview:large","max-video-preview":"max-video-preview:-1"},"canonical":"https:\/\/tourcruiser.com\/de\/products\/women-ugg-oh-fluffita-outdoor-open-toe-flat-heel-sports-sandals\/","og_locale":"de_DE","og_type":"article","og_title":"(Women) UGG Oh Fluffita Outdoor Open Toe Flat Heel Sports Sandals  - Tourcruiser PTE. LTD","og_description":"(W) UGG Oh Fluffita Outdoor Open Toe Flat Heel Sports Sandals","og_url":"https:\/\/tourcruiser.com\/de\/products\/women-ugg-oh-fluffita-outdoor-open-toe-flat-heel-sports-sandals\/","og_site_name":"Tourcruiser Sneaker Store","article_modified_time":"2026-03-27T18:24:52+00:00","twitter_card":"summary_large_image","twitter_image":"https:\/\/images.novelship.com\/product\/_women__ugg_oh_fluffita__natural__1120876_nat_0_52330.jpeg;https:\/\/images.novelship.com\/product\/_women__ugg_oh_fluffita__natural__1120876_nat_1_52330.jpeg;https:\/\/images.novelship.com\/product\/_women__ugg_oh_fluffita__natural__1120876_nat_2_52330.jpeg;https:\/\/images.novelship.com\/product\/_women__ugg_oh_fluffita__natural__1120876_nat_3_52330.jpeg;https:\/\/images.novelship.com\/product\/_women__ugg_oh_fluffita__natural__1120876_nat_4_52330.jpeg;https:\/\/images.novelship.com\/product\/_women__ugg_oh_fluffita__natural__1120876_nat_5_52330.jpeg","schema":{"@context":"https:\/\/schema.org","@graph":[{"@type":"WebPage","@id":"https:\/\/tourcruiser.com\/de\/products\/women-ugg-oh-fluffita-outdoor-open-toe-flat-heel-sports-sandals\/","url":"https:\/\/tourcruiser.com\/de\/products\/women-ugg-oh-fluffita-outdoor-open-toe-flat-heel-sports-sandals\/","name":"(Women) UGG Oh Fluffita Outdoor Open Toe Flat Heel Sports Sandals - Tourcruiser PTE. LTD","isPartOf":{"@id":"https:\/\/tourcruiser.com\/de\/#website"},"primaryImageOfPage":{"@id":"https:\/\/tourcruiser.com\/de\/products\/women-ugg-oh-fluffita-outdoor-open-toe-flat-heel-sports-sandals\/#primaryimage"},"image":{"@id":"https:\/\/tourcruiser.com\/de\/products\/women-ugg-oh-fluffita-outdoor-open-toe-flat-heel-sports-sandals\/#primaryimage"},"thumbnailUrl":"https:\/\/images.novelship.com\/product\/_women__ugg_oh_fluffita__natural__1120876_nat_0_52330.jpeg;https:\/\/images.novelship.com\/product\/_women__ugg_oh_fluffita__natural__1120876_nat_1_52330.jpeg;https:\/\/images.novelship.com\/product\/_women__ugg_oh_fluffita__natural__1120876_nat_2_52330.jpeg;https:\/\/images.novelship.com\/product\/_women__ugg_oh_fluffita__natural__1120876_nat_3_52330.jpeg;https:\/\/images.novelship.com\/product\/_women__ugg_oh_fluffita__natural__1120876_nat_4_52330.jpeg;https:\/\/images.novelship.com\/product\/_women__ugg_oh_fluffita__natural__1120876_nat_5_52330.jpeg","datePublished":"2026-03-02T08:58:13+00:00","dateModified":"2026-03-27T18:24:52+00:00","breadcrumb":{"@id":"https:\/\/tourcruiser.com\/de\/products\/women-ugg-oh-fluffita-outdoor-open-toe-flat-heel-sports-sandals\/#breadcrumb"},"inLanguage":"de","potentialAction":[{"@type":"ReadAction","target":["https:\/\/tourcruiser.com\/de\/products\/women-ugg-oh-fluffita-outdoor-open-toe-flat-heel-sports-sandals\/"]}]},{"@type":"ImageObject","inLanguage":"de","@id":"https:\/\/tourcruiser.com\/de\/products\/women-ugg-oh-fluffita-outdoor-open-toe-flat-heel-sports-sandals\/#primaryimage","url":"https:\/\/images.novelship.com\/product\/_women__ugg_oh_fluffita__natural__1120876_nat_0_52330.jpeg;https:\/\/images.novelship.com\/product\/_women__ugg_oh_fluffita__natural__1120876_nat_1_52330.jpeg;https:\/\/images.novelship.com\/product\/_women__ugg_oh_fluffita__natural__1120876_nat_2_52330.jpeg;https:\/\/images.novelship.com\/product\/_women__ugg_oh_fluffita__natural__1120876_nat_3_52330.jpeg;https:\/\/images.novelship.com\/product\/_women__ugg_oh_fluffita__natural__1120876_nat_4_52330.jpeg;https:\/\/images.novelship.com\/product\/_women__ugg_oh_fluffita__natural__1120876_nat_5_52330.jpeg","contentUrl":"https:\/\/images.novelship.com\/product\/_women__ugg_oh_fluffita__natural__1120876_nat_0_52330.jpeg;https:\/\/images.novelship.com\/product\/_women__ugg_oh_fluffita__natural__1120876_nat_1_52330.jpeg;https:\/\/images.novelship.com\/product\/_women__ugg_oh_fluffita__natural__1120876_nat_2_52330.jpeg;https:\/\/images.novelship.com\/product\/_women__ugg_oh_fluffita__natural__1120876_nat_3_52330.jpeg;https:\/\/images.novelship.com\/product\/_women__ugg_oh_fluffita__natural__1120876_nat_4_52330.jpeg;https:\/\/images.novelship.com\/product\/_women__ugg_oh_fluffita__natural__1120876_nat_5_52330.jpeg"},{"@type":"BreadcrumbList","@id":"https:\/\/tourcruiser.com\/de\/products\/women-ugg-oh-fluffita-outdoor-open-toe-flat-heel-sports-sandals\/#breadcrumb","itemListElement":[{"@type":"ListItem","position":1,"name":"Home","item":"https:\/\/tourcruiser.com\/de\/"},{"@type":"ListItem","position":2,"name":"Shop","item":"https:\/\/tourcruiser.com\/de\/shop\/"},{"@type":"ListItem","position":3,"name":"(Women) UGG Oh Fluffita Outdoor Open Toe Flat Heel Sports Sandals"}]},{"@type":"WebSite","@id":"https:\/\/tourcruiser.com\/de\/#website","url":"https:\/\/tourcruiser.com\/de\/","name":"Styloral Jewelry Shop","description":"Tourcruiser Sneaker Store \u2014 der Ort, an dem das Universum deine Einzigartigkeit trifft.","publisher":{"@id":"https:\/\/tourcruiser.com\/de\/#organization"},"potentialAction":[{"@type":"SearchAction","target":{"@type":"EntryPoint","urlTemplate":"https:\/\/tourcruiser.com\/de\/?s={search_term_string}"},"query-input":{"@type":"PropertyValueSpecification","valueRequired":true,"valueName":"search_term_string"}}],"inLanguage":"de"},{"@type":"Organization","@id":"https:\/\/tourcruiser.com\/de\/#organization","name":"STYLORAL PTE. LTD","url":"https:\/\/tourcruiser.com\/de\/","logo":{"@type":"ImageObject","inLanguage":"de","@id":"https:\/\/tourcruiser.com\/de\/#\/schema\/logo\/image\/","url":"https:\/\/www.tourcruiser.com\/wp-content\/uploads\/2025\/12\/logo.png","contentUrl":"https:\/\/www.tourcruiser.com\/wp-content\/uploads\/2025\/12\/logo.png","width":200,"height":65,"caption":"STYLORAL PTE. LTD"},"image":{"@id":"https:\/\/tourcruiser.com\/de\/#\/schema\/logo\/image\/"}}]}},"_links":{"self":[{"href":"https:\/\/tourcruiser.com\/de\/wp-json\/wp\/v2\/product\/154962","targetHints":{"allow":["GET"]}}],"collection":[{"href":"https:\/\/tourcruiser.com\/de\/wp-json\/wp\/v2\/product"}],"about":[{"href":"https:\/\/tourcruiser.com\/de\/wp-json\/wp\/v2\/types\/product"}],"replies":[{"embeddable":true,"href":"https:\/\/tourcruiser.com\/de\/wp-json\/wp\/v2\/comments?post=154962"}],"wp:featuredmedia":[{"embeddable":true,"href":"https:\/\/tourcruiser.com\/de\/wp-json\/wp\/v2\/media\/154963"}],"wp:attachment":[{"href":"https:\/\/tourcruiser.com\/de\/wp-json\/wp\/v2\/media?parent=154962"}],"wp:term":[{"taxonomy":"product_brand","embeddable":true,"href":"https:\/\/tourcruiser.com\/de\/wp-json\/wp\/v2\/product_brand?post=154962"},{"taxonomy":"product_cat","embeddable":true,"href":"https:\/\/tourcruiser.com\/de\/wp-json\/wp\/v2\/product_cat?post=154962"},{"taxonomy":"product_tag","embeddable":true,"href":"https:\/\/tourcruiser.com\/de\/wp-json\/wp\/v2\/product_tag?post=154962"}],"curies":[{"name":"wp","href":"https:\/\/api.w.org\/{rel}","templated":true}]}}