{"id":154676,"date":"2026-03-02T15:57:46","date_gmt":"2026-03-02T08:57:46","guid":{"rendered":"http:\/\/tourcruiser.com\/product\/nike-kd-16-nrg-ep-wanda"},"modified":"2026-03-28T01:24:32","modified_gmt":"2026-03-27T18:24:32","slug":"nike-kd-16-nrg-ep-wanda","status":"publish","type":"product","link":"https:\/\/tourcruiser.com\/de\/products\/nike-kd-16-nrg-ep-wanda\/","title":{"rendered":"Nike KD 16 NRG EP &#8218;Wanda&#8216;"},"content":{"rendered":"<p>Verbessere dein Spiel auf dem Court mit den Nike KD 16 NRG EP &#8218;Wanda&#8216; Sneakern. Inspiriert vom Black Panther, besticht dieser Schuh durch ein markantes lila-schwarzes Design, das die St\u00e4rke und Agilit\u00e4t des Superhelden verk\u00f6rpert. Dank seiner leichten und reaktionsfreudigen Konstruktion bietet der KD 16 NRG EP hervorragende D\u00e4mpfung und Stabilit\u00e4t und gibt dir die n\u00f6tige Sicherheit, um den Court souver\u00e4n zu dominieren. Erleben Sie die perfekte Kombination aus Style und Performance mit diesen limitierten Sneakern, die garantiert alle Blicke auf sich ziehen.<\/p>\n<ul>\n<li><strong>Farbgebung:<\/strong> Mint Foam\/Metallic Silver\/Emerald Rise\/Stadium Green\/Pure Platinum\/Smoke Grey<\/li>\n<li><strong>Style-Code:<\/strong> DV2916-301<\/li>\n<li><strong>Obermaterial:<\/strong> Mesh<\/li>\n<li><strong>Zwischensohle:<\/strong> Zoom Air<\/li>\n<li><strong>Farbe:<\/strong> Teal<\/li>\n<li><strong>Designer:<\/strong> Leo Chang<\/li>\n<li><strong>Erscheinungsjahr:<\/strong> 2023<\/li>\n<\/ul>\n","protected":false},"excerpt":{"rendered":"<p>Nike KD 16 NRG EP \u201d\u201d Mint Foam\/Metallic Silver\/Emerald Rise\/Stadium Green\/Pure Platinum\/Smoke Grey<\/p>\n","protected":false},"featured_media":154677,"comment_status":"open","ping_status":"closed","template":"","meta":[],"product_brand":[],"product_cat":[10803],"product_tag":[10799,10800,10753,10801,11223,10900,10802,10758],"class_list":{"0":"post-154676","1":"product","2":"type-product","3":"status-publish","4":"has-post-thumbnail","6":"product_cat-nike","7":"product_tag-ankle-support-basketball-shoes","8":"product_tag-basketball-shoes","9":"product_tag-gift-for-him","10":"product_tag-nike","11":"product_tag-nike-basketball-shoes","12":"product_tag-nike-skateboarding-shoes","13":"product_tag-performance-sport-shoes","14":"product_tag-under-retail","15":"wcpa_has_options","17":"first","18":"outofstock","19":"taxable","20":"shipping-taxable","21":"purchasable","22":"product-type-simple"},"wcpa_form_fields":{"rules":{"pric_overide_base_price":false,"pric_overide_base_price_if_gt_zero":false,"pric_overide_base_price_fully":false,"pric_cal_option_once":false,"pric_use_as_fee":false,"bind_quantity":false,"quantity_bind_formula":false},"fields":[{"type":"color-group","required":true,"elementId":"wcpa-color-group-66c4a75505e74","label":"Gr\u00f6\u00dfe - EU Gr\u00f6\u00dfe","inline":true,"priceOptions":"different_for_all","pricingType":"fixed","className":"hassizechart product-shoes-size-eu product-shoes-size","name":"color-group-66c4a75505e89","disp_type":"square","selection_type":"tick-border","disp_size":"44","show_label_inside":true,"adjust_width":true,"cart_display_type":"text","other_text":"Other","cl_rule":"show","col":6,"values":[{"label":"35.5","value":"EU 35.5","price":"","pimage":"","pimage_id":"","pthumb":"","color":""},{"label":"36","value":"EU 36","price":"","pimage":"","pimage_id":"","pthumb":"","color":"","selected":true},{"label":"36.5","value":"EU 36.5","price":"","pimage":"","pimage_id":"","pthumb":"","color":""},{"label":"37.5","value":"EU 37.5","price":"","pimage":"","pimage_id":"","pthumb":"","color":""},{"label":"38","value":"EU 38","price":"","pimage":"","pimage_id":"","pthumb":"","color":""},{"label":"38.5","value":"EU 38.5","price":"","pimage":"","pimage_id":"","pthumb":"","color":""},{"label":"39","value":"EU 39","price":"","pimage":"","pimage_id":"","pthumb":"","color":""},{"label":"40","value":"EU 40","price":"","pimage":"","pimage_id":"","pthumb":"","color":""},{"label":"40.5","value":"EU 40.5","price":"","pimage":"","pimage_id":"","pthumb":"","color":""},{"label":"41","value":"EU 41","price":"","pimage":"","pimage_id":"","pthumb":"","color":""},{"label":"42","value":"EU 42","price":"","pimage":"","pimage_id":"","pthumb":"","color":""},{"label":"42.5","value":"EU 42.5","price":"","pimage":"","pimage_id":"","pthumb":"","color":""},{"label":"43","value":"EU 43","price":"","pimage":"","pimage_id":"","pthumb":"","color":""},{"label":"44","value":"EU 44","price":"","pimage":"","pimage_id":"","pthumb":"","color":""},{"label":"44.5","value":"EU 44.5","price":"","pimage":"","pimage_id":"","pthumb":"","color":""},{"label":"45","value":"EU 45","price":"","pimage":"","pimage_id":"","pthumb":"","color":""},{"label":"45.5","value":"EU 45.5","price":"","pimage":"","pimage_id":"","pthumb":"","color":""},{"label":"46","value":"EU 46","price":"","pimage":"","pimage_id":"","pthumb":"","color":""},{"label":"47","value":"EU 47","price":"","pimage":"","pimage_id":"","pthumb":"","color":""},{"label":"47.5","value":"EU 47.5","price":"","pimage":"","pimage_id":"","pthumb":"","color":""},{"label":"48","value":"EU 48","price":"","pimage":"","pimage_id":"","pthumb":"","color":""}],"relations":[{"operator":false,"rules":[]}],"form_id":18106,"form_rules":{"pric_cal_option_once":false,"exclude_from_discount":false,"pric_use_as_fee":false,"fee_label":"Fee","render_after_acb":false,"disp_hide_options_price":false}}]},"yoast_head":"<!-- This site is optimized with the Yoast SEO plugin v26.5 - https:\/\/yoast.com\/wordpress\/plugins\/seo\/ -->\n<title>Nike KD 16 NRG EP &#039;Wanda&#039;  - Tourcruiser PTE. LTD<\/title>\n<meta name=\"robots\" content=\"index, follow, max-snippet:-1, max-image-preview:large, max-video-preview:-1\" \/>\n<link rel=\"canonical\" href=\"https:\/\/tourcruiser.com\/\" \/>\n<meta property=\"og:locale\" content=\"de_DE\" \/>\n<meta property=\"og:type\" content=\"article\" \/>\n<meta property=\"og:title\" content=\"Nike KD 16 NRG EP &#039;Wanda&#039;  - Tourcruiser PTE. LTD\" \/>\n<meta property=\"og:description\" content=\"Nike KD 16 NRG EP \u201d\u201d Mint Foam\/Metallic Silver\/Emerald Rise\/Stadium Green\/Pure Platinum\/Smoke Grey\" \/>\n<meta property=\"og:url\" content=\"\/\" \/>\n<meta property=\"og:site_name\" content=\"Tourcruiser Sneaker Store\" \/>\n<meta property=\"article:modified_time\" content=\"2026-03-27T18:24:32+00:00\" \/>\n<meta name=\"twitter:card\" content=\"summary_large_image\" \/>\n<meta name=\"twitter:image\" content=\"https:\/\/images.novelship.com\/product\/nike_kd_16_nrg_ep__wanda__dv2916-301_0_26264.jpeg;https:\/\/images.novelship.com\/product\/nike_kd_16_nrg_ep__wanda__dv2916-301_1_26264.jpeg;https:\/\/images.novelship.com\/product\/nike_kd_16_nrg_ep__wanda__dv2916-301_2_26264.jpeg;https:\/\/images.novelship.com\/product\/nike_kd_16_nrg_ep__wanda__dv2916-301_3_26264.jpeg;https:\/\/images.novelship.com\/product\/nike_kd_16_nrg_ep__wanda__dv2916-301_4_26264.jpeg;https:\/\/images.novelship.com\/product\/nike_kd_16_nrg_ep__wanda__dv2916-301_5_26264.jpeg\" \/>\n<meta name=\"twitter:label1\" content=\"Gesch\u00e4tzte Lesezeit\" \/>\n\t<meta name=\"twitter:data1\" content=\"1\u00a0Minute\" \/>\n<script type=\"application\/ld+json\" class=\"yoast-schema-graph\">{\"@context\":\"https:\/\/schema.org\",\"@graph\":[{\"@type\":\"WebPage\",\"@id\":\"\/\",\"url\":\"https:\/\/tourcruiser.com\/\",\"name\":\"Nike KD 16 NRG EP 'Wanda' - Tourcruiser PTE. LTD\",\"isPartOf\":{\"@id\":\"https:\/\/tourcruiser.com\/de\/#website\"},\"primaryImageOfPage\":{\"@id\":\"https:\/\/tourcruiser.com\/#primaryimage\"},\"image\":{\"@id\":\"https:\/\/tourcruiser.com\/#primaryimage\"},\"thumbnailUrl\":\"https:\/\/images.novelship.com\/product\/nike_kd_16_nrg_ep__wanda__dv2916-301_0_26264.jpeg;https:\/\/images.novelship.com\/product\/nike_kd_16_nrg_ep__wanda__dv2916-301_1_26264.jpeg;https:\/\/images.novelship.com\/product\/nike_kd_16_nrg_ep__wanda__dv2916-301_2_26264.jpeg;https:\/\/images.novelship.com\/product\/nike_kd_16_nrg_ep__wanda__dv2916-301_3_26264.jpeg;https:\/\/images.novelship.com\/product\/nike_kd_16_nrg_ep__wanda__dv2916-301_4_26264.jpeg;https:\/\/images.novelship.com\/product\/nike_kd_16_nrg_ep__wanda__dv2916-301_5_26264.jpeg\",\"datePublished\":\"2026-03-02T08:57:46+00:00\",\"dateModified\":\"2026-03-27T18:24:32+00:00\",\"breadcrumb\":{\"@id\":\"https:\/\/tourcruiser.com\/#breadcrumb\"},\"inLanguage\":\"de\",\"potentialAction\":[{\"@type\":\"ReadAction\",\"target\":[\"https:\/\/tourcruiser.com\/\"]}]},{\"@type\":\"ImageObject\",\"inLanguage\":\"de\",\"@id\":\"https:\/\/tourcruiser.com\/#primaryimage\",\"url\":\"https:\/\/images.novelship.com\/product\/nike_kd_16_nrg_ep__wanda__dv2916-301_0_26264.jpeg;https:\/\/images.novelship.com\/product\/nike_kd_16_nrg_ep__wanda__dv2916-301_1_26264.jpeg;https:\/\/images.novelship.com\/product\/nike_kd_16_nrg_ep__wanda__dv2916-301_2_26264.jpeg;https:\/\/images.novelship.com\/product\/nike_kd_16_nrg_ep__wanda__dv2916-301_3_26264.jpeg;https:\/\/images.novelship.com\/product\/nike_kd_16_nrg_ep__wanda__dv2916-301_4_26264.jpeg;https:\/\/images.novelship.com\/product\/nike_kd_16_nrg_ep__wanda__dv2916-301_5_26264.jpeg\",\"contentUrl\":\"https:\/\/images.novelship.com\/product\/nike_kd_16_nrg_ep__wanda__dv2916-301_0_26264.jpeg;https:\/\/images.novelship.com\/product\/nike_kd_16_nrg_ep__wanda__dv2916-301_1_26264.jpeg;https:\/\/images.novelship.com\/product\/nike_kd_16_nrg_ep__wanda__dv2916-301_2_26264.jpeg;https:\/\/images.novelship.com\/product\/nike_kd_16_nrg_ep__wanda__dv2916-301_3_26264.jpeg;https:\/\/images.novelship.com\/product\/nike_kd_16_nrg_ep__wanda__dv2916-301_4_26264.jpeg;https:\/\/images.novelship.com\/product\/nike_kd_16_nrg_ep__wanda__dv2916-301_5_26264.jpeg\"},{\"@type\":\"BreadcrumbList\",\"@id\":\"https:\/\/tourcruiser.com\/#breadcrumb\",\"itemListElement\":[{\"@type\":\"ListItem\",\"position\":1,\"name\":\"Home\",\"item\":\"https:\/\/tourcruiser.com\/de\/\"},{\"@type\":\"ListItem\",\"position\":2,\"name\":\"Shop\",\"item\":\"https:\/\/tourcruiser.com\/de\/shop\/\"},{\"@type\":\"ListItem\",\"position\":3,\"name\":\"Nike KD 16 NRG EP &#8218;Wanda&#8216;\"}]},{\"@type\":\"WebSite\",\"@id\":\"https:\/\/tourcruiser.com\/de\/#website\",\"url\":\"https:\/\/tourcruiser.com\/de\/\",\"name\":\"Styloral Jewelry Shop\",\"description\":\"Tourcruiser Sneaker Store \u2014 der Ort, an dem das Universum deine Einzigartigkeit trifft.\",\"publisher\":{\"@id\":\"https:\/\/tourcruiser.com\/de\/#organization\"},\"potentialAction\":[{\"@type\":\"SearchAction\",\"target\":{\"@type\":\"EntryPoint\",\"urlTemplate\":\"https:\/\/tourcruiser.com\/de\/?s={search_term_string}\"},\"query-input\":{\"@type\":\"PropertyValueSpecification\",\"valueRequired\":true,\"valueName\":\"search_term_string\"}}],\"inLanguage\":\"de\"},{\"@type\":\"Organization\",\"@id\":\"https:\/\/tourcruiser.com\/de\/#organization\",\"name\":\"STYLORAL PTE. LTD\",\"url\":\"https:\/\/tourcruiser.com\/de\/\",\"logo\":{\"@type\":\"ImageObject\",\"inLanguage\":\"de\",\"@id\":\"https:\/\/tourcruiser.com\/de\/#\/schema\/logo\/image\/\",\"url\":\"https:\/\/www.tourcruiser.com\/wp-content\/uploads\/2025\/12\/logo.png\",\"contentUrl\":\"https:\/\/www.tourcruiser.com\/wp-content\/uploads\/2025\/12\/logo.png\",\"width\":200,\"height\":65,\"caption\":\"STYLORAL PTE. LTD\"},\"image\":{\"@id\":\"https:\/\/tourcruiser.com\/de\/#\/schema\/logo\/image\/\"}}]}<\/script>\n<!-- \/ Yoast SEO plugin. -->","yoast_head_json":{"title":"Nike KD 16 NRG EP 'Wanda'  - Tourcruiser PTE. LTD","robots":{"index":"index","follow":"follow","max-snippet":"max-snippet:-1","max-image-preview":"max-image-preview:large","max-video-preview":"max-video-preview:-1"},"canonical":"https:\/\/tourcruiser.com\/","og_locale":"de_DE","og_type":"article","og_title":"Nike KD 16 NRG EP 'Wanda'  - Tourcruiser PTE. LTD","og_description":"Nike KD 16 NRG EP \u201d\u201d Mint Foam\/Metallic Silver\/Emerald Rise\/Stadium Green\/Pure Platinum\/Smoke Grey","og_url":"\/","og_site_name":"Tourcruiser Sneaker Store","article_modified_time":"2026-03-27T18:24:32+00:00","twitter_card":"summary_large_image","twitter_image":"https:\/\/images.novelship.com\/product\/nike_kd_16_nrg_ep__wanda__dv2916-301_0_26264.jpeg;https:\/\/images.novelship.com\/product\/nike_kd_16_nrg_ep__wanda__dv2916-301_1_26264.jpeg;https:\/\/images.novelship.com\/product\/nike_kd_16_nrg_ep__wanda__dv2916-301_2_26264.jpeg;https:\/\/images.novelship.com\/product\/nike_kd_16_nrg_ep__wanda__dv2916-301_3_26264.jpeg;https:\/\/images.novelship.com\/product\/nike_kd_16_nrg_ep__wanda__dv2916-301_4_26264.jpeg;https:\/\/images.novelship.com\/product\/nike_kd_16_nrg_ep__wanda__dv2916-301_5_26264.jpeg","twitter_misc":{"Gesch\u00e4tzte Lesezeit":"1\u00a0Minute"},"schema":{"@context":"https:\/\/schema.org","@graph":[{"@type":"WebPage","@id":"\/","url":"https:\/\/tourcruiser.com\/","name":"Nike KD 16 NRG EP 'Wanda' - Tourcruiser PTE. LTD","isPartOf":{"@id":"https:\/\/tourcruiser.com\/de\/#website"},"primaryImageOfPage":{"@id":"https:\/\/tourcruiser.com\/#primaryimage"},"image":{"@id":"https:\/\/tourcruiser.com\/#primaryimage"},"thumbnailUrl":"https:\/\/images.novelship.com\/product\/nike_kd_16_nrg_ep__wanda__dv2916-301_0_26264.jpeg;https:\/\/images.novelship.com\/product\/nike_kd_16_nrg_ep__wanda__dv2916-301_1_26264.jpeg;https:\/\/images.novelship.com\/product\/nike_kd_16_nrg_ep__wanda__dv2916-301_2_26264.jpeg;https:\/\/images.novelship.com\/product\/nike_kd_16_nrg_ep__wanda__dv2916-301_3_26264.jpeg;https:\/\/images.novelship.com\/product\/nike_kd_16_nrg_ep__wanda__dv2916-301_4_26264.jpeg;https:\/\/images.novelship.com\/product\/nike_kd_16_nrg_ep__wanda__dv2916-301_5_26264.jpeg","datePublished":"2026-03-02T08:57:46+00:00","dateModified":"2026-03-27T18:24:32+00:00","breadcrumb":{"@id":"https:\/\/tourcruiser.com\/#breadcrumb"},"inLanguage":"de","potentialAction":[{"@type":"ReadAction","target":["https:\/\/tourcruiser.com\/"]}]},{"@type":"ImageObject","inLanguage":"de","@id":"https:\/\/tourcruiser.com\/#primaryimage","url":"https:\/\/images.novelship.com\/product\/nike_kd_16_nrg_ep__wanda__dv2916-301_0_26264.jpeg;https:\/\/images.novelship.com\/product\/nike_kd_16_nrg_ep__wanda__dv2916-301_1_26264.jpeg;https:\/\/images.novelship.com\/product\/nike_kd_16_nrg_ep__wanda__dv2916-301_2_26264.jpeg;https:\/\/images.novelship.com\/product\/nike_kd_16_nrg_ep__wanda__dv2916-301_3_26264.jpeg;https:\/\/images.novelship.com\/product\/nike_kd_16_nrg_ep__wanda__dv2916-301_4_26264.jpeg;https:\/\/images.novelship.com\/product\/nike_kd_16_nrg_ep__wanda__dv2916-301_5_26264.jpeg","contentUrl":"https:\/\/images.novelship.com\/product\/nike_kd_16_nrg_ep__wanda__dv2916-301_0_26264.jpeg;https:\/\/images.novelship.com\/product\/nike_kd_16_nrg_ep__wanda__dv2916-301_1_26264.jpeg;https:\/\/images.novelship.com\/product\/nike_kd_16_nrg_ep__wanda__dv2916-301_2_26264.jpeg;https:\/\/images.novelship.com\/product\/nike_kd_16_nrg_ep__wanda__dv2916-301_3_26264.jpeg;https:\/\/images.novelship.com\/product\/nike_kd_16_nrg_ep__wanda__dv2916-301_4_26264.jpeg;https:\/\/images.novelship.com\/product\/nike_kd_16_nrg_ep__wanda__dv2916-301_5_26264.jpeg"},{"@type":"BreadcrumbList","@id":"https:\/\/tourcruiser.com\/#breadcrumb","itemListElement":[{"@type":"ListItem","position":1,"name":"Home","item":"https:\/\/tourcruiser.com\/de\/"},{"@type":"ListItem","position":2,"name":"Shop","item":"https:\/\/tourcruiser.com\/de\/shop\/"},{"@type":"ListItem","position":3,"name":"Nike KD 16 NRG EP &#8218;Wanda&#8216;"}]},{"@type":"WebSite","@id":"https:\/\/tourcruiser.com\/de\/#website","url":"https:\/\/tourcruiser.com\/de\/","name":"Styloral Jewelry Shop","description":"Tourcruiser Sneaker Store \u2014 der Ort, an dem das Universum deine Einzigartigkeit trifft.","publisher":{"@id":"https:\/\/tourcruiser.com\/de\/#organization"},"potentialAction":[{"@type":"SearchAction","target":{"@type":"EntryPoint","urlTemplate":"https:\/\/tourcruiser.com\/de\/?s={search_term_string}"},"query-input":{"@type":"PropertyValueSpecification","valueRequired":true,"valueName":"search_term_string"}}],"inLanguage":"de"},{"@type":"Organization","@id":"https:\/\/tourcruiser.com\/de\/#organization","name":"STYLORAL PTE. LTD","url":"https:\/\/tourcruiser.com\/de\/","logo":{"@type":"ImageObject","inLanguage":"de","@id":"https:\/\/tourcruiser.com\/de\/#\/schema\/logo\/image\/","url":"https:\/\/www.tourcruiser.com\/wp-content\/uploads\/2025\/12\/logo.png","contentUrl":"https:\/\/www.tourcruiser.com\/wp-content\/uploads\/2025\/12\/logo.png","width":200,"height":65,"caption":"STYLORAL PTE. LTD"},"image":{"@id":"https:\/\/tourcruiser.com\/de\/#\/schema\/logo\/image\/"}}]}},"_links":{"self":[{"href":"https:\/\/tourcruiser.com\/de\/wp-json\/wp\/v2\/product\/154676","targetHints":{"allow":["GET"]}}],"collection":[{"href":"https:\/\/tourcruiser.com\/de\/wp-json\/wp\/v2\/product"}],"about":[{"href":"https:\/\/tourcruiser.com\/de\/wp-json\/wp\/v2\/types\/product"}],"replies":[{"embeddable":true,"href":"https:\/\/tourcruiser.com\/de\/wp-json\/wp\/v2\/comments?post=154676"}],"wp:featuredmedia":[{"embeddable":true,"href":"https:\/\/tourcruiser.com\/de\/wp-json\/wp\/v2\/media\/154677"}],"wp:attachment":[{"href":"https:\/\/tourcruiser.com\/de\/wp-json\/wp\/v2\/media?parent=154676"}],"wp:term":[{"taxonomy":"product_brand","embeddable":true,"href":"https:\/\/tourcruiser.com\/de\/wp-json\/wp\/v2\/product_brand?post=154676"},{"taxonomy":"product_cat","embeddable":true,"href":"https:\/\/tourcruiser.com\/de\/wp-json\/wp\/v2\/product_cat?post=154676"},{"taxonomy":"product_tag","embeddable":true,"href":"https:\/\/tourcruiser.com\/de\/wp-json\/wp\/v2\/product_tag?post=154676"}],"curies":[{"name":"wp","href":"https:\/\/api.w.org\/{rel}","templated":true}]}}