{"id":154655,"date":"2026-03-02T15:57:45","date_gmt":"2026-03-02T08:57:45","guid":{"rendered":"http:\/\/tourcruiser.com\/product\/women-adidas-earthlight-mesh-stella-mccartney-cloud-white"},"modified":"2026-03-28T01:24:31","modified_gmt":"2026-03-27T18:24:31","slug":"women-adidas-earthlight-mesh-stella-mccartney-cloud-white","status":"publish","type":"product","link":"https:\/\/tourcruiser.com\/de\/products\/women-adidas-earthlight-mesh-stella-mccartney-cloud-white\/","title":{"rendered":"(Women) adidas Earthlight Mesh Stella McCartney Cloud White"},"content":{"rendered":"<p>Wir pr\u00e4sentieren den adidas Earthlight Mesh Stella McCartney Cloud White Sneaker f\u00fcr Damen, entworfen von der renommierten Designerin Stella McCartney. Dank des atmungsaktiven Mesh-Obermaterials bietet dieser Sneaker leichten Tragekomfort und optimale Bel\u00fcftung. Die elegante, wolkenwei\u00dfe Farbe verleiht Ihrem Casual-Look einen Hauch von Eleganz. Dieser von adidas hergestellte Sneaker vereint Stil und Funktionalit\u00e4t und ist somit perfekt f\u00fcr den Alltag und f\u00fcrs Training geeignet. Erleben Sie Komfort und Stil wie nie zuvor mit diesen Earthlight Mesh Stella McCartney Sneakers.<\/p>\n<ul>\n<li><strong>Farbgebung:<\/strong> Cloud White\/Dove Grey\/Core Black<\/li>\n<li><strong>Artikelnummer:<\/strong> H02809<\/li>\n<li><strong>Obermaterial:<\/strong> Mesh<\/li>\n<li><strong>Zwischensohle:<\/strong> EVA<\/li>\n<li><strong>Farbe:<\/strong> Wei\u00df<\/li>\n<li><strong>Saison:<\/strong> Sommer<\/li>\n<li><strong>Erscheinungsjahr:<\/strong> 2021<\/li>\n<\/ul>\n","protected":false},"excerpt":{"rendered":"<p>adidas Stella McCartney Earthlight Mesh \u201d\u201d Cloud White\/Dove Grey\/Core Black<\/p>\n","protected":false},"featured_media":154656,"comment_status":"open","ping_status":"closed","template":"","meta":[],"product_brand":[],"product_cat":[10941],"product_tag":[10759,11010,10926,10754,10765,10768,10758],"class_list":{"0":"post-154655","1":"product","2":"type-product","3":"status-publish","4":"has-post-thumbnail","6":"product_cat-adidas-women","7":"product_tag-adidas","8":"product_tag-adidas-running-shoes","9":"product_tag-gift-for-her","10":"product_tag-lifestyle-casual-shoes","11":"product_tag-lifestyle-shoes-running-inspired","12":"product_tag-retro-running-shoes","13":"product_tag-under-retail","14":"wcpa_has_options","16":"first","17":"outofstock","18":"taxable","19":"shipping-taxable","20":"purchasable","21":"product-type-simple"},"wcpa_form_fields":{"rules":{"pric_overide_base_price":false,"pric_overide_base_price_if_gt_zero":false,"pric_overide_base_price_fully":false,"pric_cal_option_once":false,"pric_use_as_fee":false,"bind_quantity":false,"quantity_bind_formula":false},"fields":[{"type":"color-group","required":true,"elementId":"wcpa-color-group-66c4a7f817afe","label":"Gr\u00f6\u00dfe","inline":true,"priceOptions":"different_for_all","pricingType":"fixed","className":"hassizechart product-shoes-size-eu product-shoes-size","name":"color-group-66c4a7f817b18","disp_type":"square","selection_type":"tick-border","disp_size":"50","show_label_inside":true,"adjust_width":true,"cart_display_type":"text","other_text":"Other","cl_rule":"show","col":6,"values":[{"label":"35","value":"EU 35","price":"","pimage":"","pimage_id":"","pthumb":"","color":""},{"label":"35.5","value":"EU 35.5","price":"","pimage":"","pimage_id":"","pthumb":"","color":""},{"label":"36","value":"EU 36","price":"","pimage":"","pimage_id":"","pthumb":"","color":"","selected":true},{"label":"36 2\/3","value":"EU 36 2\/3","price":"","pimage":"","pimage_id":"","pthumb":"","color":""},{"label":"37 1\/3","value":"EU 37 1\/3","price":"","pimage":"","pimage_id":"","pthumb":"","color":""},{"label":"38","value":"EU 38","price":"","pimage":"","pimage_id":"","pthumb":"","color":""},{"label":"38 2\/3","value":"EU 38 2\/3","price":"","pimage":"","pimage_id":"","pthumb":"","color":""},{"label":"39 1\/3","value":"EU 39 1\/3","price":"","pimage":"","pimage_id":"","pthumb":"","color":""},{"label":"40","value":"EU 40","price":"","pimage":"","pimage_id":"","pthumb":"","color":""},{"label":"40 2\/3","value":"EU 40 2\/3","price":"","pimage":"","pimage_id":"","pthumb":"","color":""},{"label":"41 1\/3","value":"EU 41 1\/3","price":"","pimage":"","pimage_id":"","pthumb":"","color":""},{"label":"42","value":"EU 42","price":"","pimage":"","pimage_id":"","pthumb":"","color":""},{"label":"42 2\/3","value":"EU 42 2\/3","price":"","pimage":"","pimage_id":"","pthumb":"","color":""},{"label":"43 1\/3","value":"EU 43 1\/3","price":"","pimage":"","pimage_id":"","pthumb":"","color":""},{"label":"44","value":"EU 44","price":"","pimage":"","pimage_id":"","pthumb":"","color":""},{"label":"44 2\/3","value":"EU 44 2\/3","price":"","pimage":"","pimage_id":"","pthumb":"","color":""},{"label":"45 1\/3","value":"EU 45 1\/3","price":"","pimage":"","pimage_id":"","pthumb":"","color":""},{"label":"46","value":"EU 46","price":"","pimage":"","pimage_id":"","pthumb":"","color":""},{"label":"46 2\/3","value":"EU 46 2\/3","price":"","pimage":"","pimage_id":"","pthumb":"","color":""},{"label":"47 1\/3","value":"EU 47 1\/3","price":"","pimage":"","pimage_id":"","pthumb":"","color":""}],"relations":[{"operator":false,"rules":[]}],"form_id":24802,"form_rules":{"pric_cal_option_once":false,"exclude_from_discount":false,"pric_use_as_fee":false,"fee_label":"Fee","render_after_acb":false,"disp_hide_options_price":false}}]},"yoast_head":"<!-- This site is optimized with the Yoast SEO plugin v26.5 - https:\/\/yoast.com\/wordpress\/plugins\/seo\/ -->\n<title>(Women) adidas Earthlight Mesh Stella McCartney Cloud White  - Tourcruiser PTE. LTD<\/title>\n<meta name=\"robots\" content=\"index, follow, max-snippet:-1, max-image-preview:large, max-video-preview:-1\" \/>\n<link rel=\"canonical\" href=\"https:\/\/tourcruiser.com\/\" \/>\n<meta property=\"og:locale\" content=\"de_DE\" \/>\n<meta property=\"og:type\" content=\"article\" \/>\n<meta property=\"og:title\" content=\"(Women) adidas Earthlight Mesh Stella McCartney Cloud White  - Tourcruiser PTE. LTD\" \/>\n<meta property=\"og:description\" content=\"adidas Stella McCartney Earthlight Mesh \u201d\u201d Cloud White\/Dove Grey\/Core Black\" \/>\n<meta property=\"og:url\" content=\"\/\" \/>\n<meta property=\"og:site_name\" content=\"Tourcruiser Sneaker Store\" \/>\n<meta property=\"article:modified_time\" content=\"2026-03-27T18:24:31+00:00\" \/>\n<meta name=\"twitter:card\" content=\"summary_large_image\" \/>\n<meta name=\"twitter:image\" content=\"https:\/\/images.novelship.com\/product\/_women__adidas_earthlight_mesh_stella_mccartney_cl_0_84960.jpeg;https:\/\/images.novelship.com\/product\/_women__adidas_earthlight_mesh_stella_mccartney_cl_1_84961.jpeg;https:\/\/images.novelship.com\/product\/_women__adidas_earthlight_mesh_stella_mccartney_cl_2_84961.jpeg;https:\/\/images.novelship.com\/product\/_women__adidas_earthlight_mesh_stella_mccartney_cl_3_84961.jpeg;https:\/\/images.novelship.com\/product\/_women__adidas_earthlight_mesh_stella_mccartney_cl_4_84961.jpeg;https:\/\/images.novelship.com\/product\/_women__adidas_earthlight_mesh_stella_mccartney_cl_5_84961.jpeg;https:\/\/images.novelship.com\/product\/_women__adidas_earthlight_mesh_stella_mccartney_cl_6_84961.jpeg;https:\/\/images.novelship.com\/product\/_women__adidas_earthlight_mesh_stella_mccartney_cl_7_84961.jpeg\" \/>\n<meta name=\"twitter:label1\" content=\"Gesch\u00e4tzte Lesezeit\" \/>\n\t<meta name=\"twitter:data1\" content=\"1\u00a0Minute\" \/>\n<script type=\"application\/ld+json\" class=\"yoast-schema-graph\">{\"@context\":\"https:\/\/schema.org\",\"@graph\":[{\"@type\":\"WebPage\",\"@id\":\"\/\",\"url\":\"https:\/\/tourcruiser.com\/\",\"name\":\"(Women) adidas Earthlight Mesh Stella McCartney Cloud White - Tourcruiser PTE. LTD\",\"isPartOf\":{\"@id\":\"https:\/\/tourcruiser.com\/de\/#website\"},\"primaryImageOfPage\":{\"@id\":\"https:\/\/tourcruiser.com\/#primaryimage\"},\"image\":{\"@id\":\"https:\/\/tourcruiser.com\/#primaryimage\"},\"thumbnailUrl\":\"https:\/\/images.novelship.com\/product\/_women__adidas_earthlight_mesh_stella_mccartney_cl_0_84960.jpeg;https:\/\/images.novelship.com\/product\/_women__adidas_earthlight_mesh_stella_mccartney_cl_1_84961.jpeg;https:\/\/images.novelship.com\/product\/_women__adidas_earthlight_mesh_stella_mccartney_cl_2_84961.jpeg;https:\/\/images.novelship.com\/product\/_women__adidas_earthlight_mesh_stella_mccartney_cl_3_84961.jpeg;https:\/\/images.novelship.com\/product\/_women__adidas_earthlight_mesh_stella_mccartney_cl_4_84961.jpeg;https:\/\/images.novelship.com\/product\/_women__adidas_earthlight_mesh_stella_mccartney_cl_5_84961.jpeg;https:\/\/images.novelship.com\/product\/_women__adidas_earthlight_mesh_stella_mccartney_cl_6_84961.jpeg;https:\/\/images.novelship.com\/product\/_women__adidas_earthlight_mesh_stella_mccartney_cl_7_84961.jpeg\",\"datePublished\":\"2026-03-02T08:57:45+00:00\",\"dateModified\":\"2026-03-27T18:24:31+00:00\",\"breadcrumb\":{\"@id\":\"https:\/\/tourcruiser.com\/#breadcrumb\"},\"inLanguage\":\"de\",\"potentialAction\":[{\"@type\":\"ReadAction\",\"target\":[\"https:\/\/tourcruiser.com\/\"]}]},{\"@type\":\"ImageObject\",\"inLanguage\":\"de\",\"@id\":\"https:\/\/tourcruiser.com\/#primaryimage\",\"url\":\"https:\/\/images.novelship.com\/product\/_women__adidas_earthlight_mesh_stella_mccartney_cl_0_84960.jpeg;https:\/\/images.novelship.com\/product\/_women__adidas_earthlight_mesh_stella_mccartney_cl_1_84961.jpeg;https:\/\/images.novelship.com\/product\/_women__adidas_earthlight_mesh_stella_mccartney_cl_2_84961.jpeg;https:\/\/images.novelship.com\/product\/_women__adidas_earthlight_mesh_stella_mccartney_cl_3_84961.jpeg;https:\/\/images.novelship.com\/product\/_women__adidas_earthlight_mesh_stella_mccartney_cl_4_84961.jpeg;https:\/\/images.novelship.com\/product\/_women__adidas_earthlight_mesh_stella_mccartney_cl_5_84961.jpeg;https:\/\/images.novelship.com\/product\/_women__adidas_earthlight_mesh_stella_mccartney_cl_6_84961.jpeg;https:\/\/images.novelship.com\/product\/_women__adidas_earthlight_mesh_stella_mccartney_cl_7_84961.jpeg\",\"contentUrl\":\"https:\/\/images.novelship.com\/product\/_women__adidas_earthlight_mesh_stella_mccartney_cl_0_84960.jpeg;https:\/\/images.novelship.com\/product\/_women__adidas_earthlight_mesh_stella_mccartney_cl_1_84961.jpeg;https:\/\/images.novelship.com\/product\/_women__adidas_earthlight_mesh_stella_mccartney_cl_2_84961.jpeg;https:\/\/images.novelship.com\/product\/_women__adidas_earthlight_mesh_stella_mccartney_cl_3_84961.jpeg;https:\/\/images.novelship.com\/product\/_women__adidas_earthlight_mesh_stella_mccartney_cl_4_84961.jpeg;https:\/\/images.novelship.com\/product\/_women__adidas_earthlight_mesh_stella_mccartney_cl_5_84961.jpeg;https:\/\/images.novelship.com\/product\/_women__adidas_earthlight_mesh_stella_mccartney_cl_6_84961.jpeg;https:\/\/images.novelship.com\/product\/_women__adidas_earthlight_mesh_stella_mccartney_cl_7_84961.jpeg\"},{\"@type\":\"BreadcrumbList\",\"@id\":\"https:\/\/tourcruiser.com\/#breadcrumb\",\"itemListElement\":[{\"@type\":\"ListItem\",\"position\":1,\"name\":\"Home\",\"item\":\"https:\/\/tourcruiser.com\/de\/\"},{\"@type\":\"ListItem\",\"position\":2,\"name\":\"Shop\",\"item\":\"https:\/\/tourcruiser.com\/de\/shop\/\"},{\"@type\":\"ListItem\",\"position\":3,\"name\":\"(Women) adidas Earthlight Mesh Stella McCartney Cloud White\"}]},{\"@type\":\"WebSite\",\"@id\":\"https:\/\/tourcruiser.com\/de\/#website\",\"url\":\"https:\/\/tourcruiser.com\/de\/\",\"name\":\"Styloral Jewelry Shop\",\"description\":\"Tourcruiser Sneaker Store \u2014 der Ort, an dem das Universum deine Einzigartigkeit trifft.\",\"publisher\":{\"@id\":\"https:\/\/tourcruiser.com\/de\/#organization\"},\"potentialAction\":[{\"@type\":\"SearchAction\",\"target\":{\"@type\":\"EntryPoint\",\"urlTemplate\":\"https:\/\/tourcruiser.com\/de\/?s={search_term_string}\"},\"query-input\":{\"@type\":\"PropertyValueSpecification\",\"valueRequired\":true,\"valueName\":\"search_term_string\"}}],\"inLanguage\":\"de\"},{\"@type\":\"Organization\",\"@id\":\"https:\/\/tourcruiser.com\/de\/#organization\",\"name\":\"STYLORAL PTE. LTD\",\"url\":\"https:\/\/tourcruiser.com\/de\/\",\"logo\":{\"@type\":\"ImageObject\",\"inLanguage\":\"de\",\"@id\":\"https:\/\/tourcruiser.com\/de\/#\/schema\/logo\/image\/\",\"url\":\"https:\/\/www.tourcruiser.com\/wp-content\/uploads\/2025\/12\/logo.png\",\"contentUrl\":\"https:\/\/www.tourcruiser.com\/wp-content\/uploads\/2025\/12\/logo.png\",\"width\":200,\"height\":65,\"caption\":\"STYLORAL PTE. LTD\"},\"image\":{\"@id\":\"https:\/\/tourcruiser.com\/de\/#\/schema\/logo\/image\/\"}}]}<\/script>\n<!-- \/ Yoast SEO plugin. -->","yoast_head_json":{"title":"(Women) adidas Earthlight Mesh Stella McCartney Cloud White  - Tourcruiser PTE. LTD","robots":{"index":"index","follow":"follow","max-snippet":"max-snippet:-1","max-image-preview":"max-image-preview:large","max-video-preview":"max-video-preview:-1"},"canonical":"https:\/\/tourcruiser.com\/","og_locale":"de_DE","og_type":"article","og_title":"(Women) adidas Earthlight Mesh Stella McCartney Cloud White  - Tourcruiser PTE. LTD","og_description":"adidas Stella McCartney Earthlight Mesh \u201d\u201d Cloud White\/Dove Grey\/Core Black","og_url":"\/","og_site_name":"Tourcruiser Sneaker Store","article_modified_time":"2026-03-27T18:24:31+00:00","twitter_card":"summary_large_image","twitter_image":"https:\/\/images.novelship.com\/product\/_women__adidas_earthlight_mesh_stella_mccartney_cl_0_84960.jpeg;https:\/\/images.novelship.com\/product\/_women__adidas_earthlight_mesh_stella_mccartney_cl_1_84961.jpeg;https:\/\/images.novelship.com\/product\/_women__adidas_earthlight_mesh_stella_mccartney_cl_2_84961.jpeg;https:\/\/images.novelship.com\/product\/_women__adidas_earthlight_mesh_stella_mccartney_cl_3_84961.jpeg;https:\/\/images.novelship.com\/product\/_women__adidas_earthlight_mesh_stella_mccartney_cl_4_84961.jpeg;https:\/\/images.novelship.com\/product\/_women__adidas_earthlight_mesh_stella_mccartney_cl_5_84961.jpeg;https:\/\/images.novelship.com\/product\/_women__adidas_earthlight_mesh_stella_mccartney_cl_6_84961.jpeg;https:\/\/images.novelship.com\/product\/_women__adidas_earthlight_mesh_stella_mccartney_cl_7_84961.jpeg","twitter_misc":{"Gesch\u00e4tzte Lesezeit":"1\u00a0Minute"},"schema":{"@context":"https:\/\/schema.org","@graph":[{"@type":"WebPage","@id":"\/","url":"https:\/\/tourcruiser.com\/","name":"(Women) adidas Earthlight Mesh Stella McCartney Cloud White - Tourcruiser PTE. LTD","isPartOf":{"@id":"https:\/\/tourcruiser.com\/de\/#website"},"primaryImageOfPage":{"@id":"https:\/\/tourcruiser.com\/#primaryimage"},"image":{"@id":"https:\/\/tourcruiser.com\/#primaryimage"},"thumbnailUrl":"https:\/\/images.novelship.com\/product\/_women__adidas_earthlight_mesh_stella_mccartney_cl_0_84960.jpeg;https:\/\/images.novelship.com\/product\/_women__adidas_earthlight_mesh_stella_mccartney_cl_1_84961.jpeg;https:\/\/images.novelship.com\/product\/_women__adidas_earthlight_mesh_stella_mccartney_cl_2_84961.jpeg;https:\/\/images.novelship.com\/product\/_women__adidas_earthlight_mesh_stella_mccartney_cl_3_84961.jpeg;https:\/\/images.novelship.com\/product\/_women__adidas_earthlight_mesh_stella_mccartney_cl_4_84961.jpeg;https:\/\/images.novelship.com\/product\/_women__adidas_earthlight_mesh_stella_mccartney_cl_5_84961.jpeg;https:\/\/images.novelship.com\/product\/_women__adidas_earthlight_mesh_stella_mccartney_cl_6_84961.jpeg;https:\/\/images.novelship.com\/product\/_women__adidas_earthlight_mesh_stella_mccartney_cl_7_84961.jpeg","datePublished":"2026-03-02T08:57:45+00:00","dateModified":"2026-03-27T18:24:31+00:00","breadcrumb":{"@id":"https:\/\/tourcruiser.com\/#breadcrumb"},"inLanguage":"de","potentialAction":[{"@type":"ReadAction","target":["https:\/\/tourcruiser.com\/"]}]},{"@type":"ImageObject","inLanguage":"de","@id":"https:\/\/tourcruiser.com\/#primaryimage","url":"https:\/\/images.novelship.com\/product\/_women__adidas_earthlight_mesh_stella_mccartney_cl_0_84960.jpeg;https:\/\/images.novelship.com\/product\/_women__adidas_earthlight_mesh_stella_mccartney_cl_1_84961.jpeg;https:\/\/images.novelship.com\/product\/_women__adidas_earthlight_mesh_stella_mccartney_cl_2_84961.jpeg;https:\/\/images.novelship.com\/product\/_women__adidas_earthlight_mesh_stella_mccartney_cl_3_84961.jpeg;https:\/\/images.novelship.com\/product\/_women__adidas_earthlight_mesh_stella_mccartney_cl_4_84961.jpeg;https:\/\/images.novelship.com\/product\/_women__adidas_earthlight_mesh_stella_mccartney_cl_5_84961.jpeg;https:\/\/images.novelship.com\/product\/_women__adidas_earthlight_mesh_stella_mccartney_cl_6_84961.jpeg;https:\/\/images.novelship.com\/product\/_women__adidas_earthlight_mesh_stella_mccartney_cl_7_84961.jpeg","contentUrl":"https:\/\/images.novelship.com\/product\/_women__adidas_earthlight_mesh_stella_mccartney_cl_0_84960.jpeg;https:\/\/images.novelship.com\/product\/_women__adidas_earthlight_mesh_stella_mccartney_cl_1_84961.jpeg;https:\/\/images.novelship.com\/product\/_women__adidas_earthlight_mesh_stella_mccartney_cl_2_84961.jpeg;https:\/\/images.novelship.com\/product\/_women__adidas_earthlight_mesh_stella_mccartney_cl_3_84961.jpeg;https:\/\/images.novelship.com\/product\/_women__adidas_earthlight_mesh_stella_mccartney_cl_4_84961.jpeg;https:\/\/images.novelship.com\/product\/_women__adidas_earthlight_mesh_stella_mccartney_cl_5_84961.jpeg;https:\/\/images.novelship.com\/product\/_women__adidas_earthlight_mesh_stella_mccartney_cl_6_84961.jpeg;https:\/\/images.novelship.com\/product\/_women__adidas_earthlight_mesh_stella_mccartney_cl_7_84961.jpeg"},{"@type":"BreadcrumbList","@id":"https:\/\/tourcruiser.com\/#breadcrumb","itemListElement":[{"@type":"ListItem","position":1,"name":"Home","item":"https:\/\/tourcruiser.com\/de\/"},{"@type":"ListItem","position":2,"name":"Shop","item":"https:\/\/tourcruiser.com\/de\/shop\/"},{"@type":"ListItem","position":3,"name":"(Women) adidas Earthlight Mesh Stella McCartney Cloud White"}]},{"@type":"WebSite","@id":"https:\/\/tourcruiser.com\/de\/#website","url":"https:\/\/tourcruiser.com\/de\/","name":"Styloral Jewelry Shop","description":"Tourcruiser Sneaker Store \u2014 der Ort, an dem das Universum deine Einzigartigkeit trifft.","publisher":{"@id":"https:\/\/tourcruiser.com\/de\/#organization"},"potentialAction":[{"@type":"SearchAction","target":{"@type":"EntryPoint","urlTemplate":"https:\/\/tourcruiser.com\/de\/?s={search_term_string}"},"query-input":{"@type":"PropertyValueSpecification","valueRequired":true,"valueName":"search_term_string"}}],"inLanguage":"de"},{"@type":"Organization","@id":"https:\/\/tourcruiser.com\/de\/#organization","name":"STYLORAL PTE. LTD","url":"https:\/\/tourcruiser.com\/de\/","logo":{"@type":"ImageObject","inLanguage":"de","@id":"https:\/\/tourcruiser.com\/de\/#\/schema\/logo\/image\/","url":"https:\/\/www.tourcruiser.com\/wp-content\/uploads\/2025\/12\/logo.png","contentUrl":"https:\/\/www.tourcruiser.com\/wp-content\/uploads\/2025\/12\/logo.png","width":200,"height":65,"caption":"STYLORAL PTE. LTD"},"image":{"@id":"https:\/\/tourcruiser.com\/de\/#\/schema\/logo\/image\/"}}]}},"_links":{"self":[{"href":"https:\/\/tourcruiser.com\/de\/wp-json\/wp\/v2\/product\/154655","targetHints":{"allow":["GET"]}}],"collection":[{"href":"https:\/\/tourcruiser.com\/de\/wp-json\/wp\/v2\/product"}],"about":[{"href":"https:\/\/tourcruiser.com\/de\/wp-json\/wp\/v2\/types\/product"}],"replies":[{"embeddable":true,"href":"https:\/\/tourcruiser.com\/de\/wp-json\/wp\/v2\/comments?post=154655"}],"wp:featuredmedia":[{"embeddable":true,"href":"https:\/\/tourcruiser.com\/de\/wp-json\/wp\/v2\/media\/154656"}],"wp:attachment":[{"href":"https:\/\/tourcruiser.com\/de\/wp-json\/wp\/v2\/media?parent=154655"}],"wp:term":[{"taxonomy":"product_brand","embeddable":true,"href":"https:\/\/tourcruiser.com\/de\/wp-json\/wp\/v2\/product_brand?post=154655"},{"taxonomy":"product_cat","embeddable":true,"href":"https:\/\/tourcruiser.com\/de\/wp-json\/wp\/v2\/product_cat?post=154655"},{"taxonomy":"product_tag","embeddable":true,"href":"https:\/\/tourcruiser.com\/de\/wp-json\/wp\/v2\/product_tag?post=154655"}],"curies":[{"name":"wp","href":"https:\/\/api.w.org\/{rel}","templated":true}]}}