{"id":154544,"date":"2026-03-02T15:57:34","date_gmt":"2026-03-02T08:57:34","guid":{"rendered":"http:\/\/tourcruiser.com\/product\/women-adidas-sl-72-og-off-white"},"modified":"2026-03-28T01:24:25","modified_gmt":"2026-03-27T18:24:25","slug":"women-adidas-sl-72-og-off-white","status":"publish","type":"product","link":"https:\/\/tourcruiser.com\/de\/products\/women-adidas-sl-72-og-off-white\/","title":{"rendered":"(Women) adidas SL 72 OG &#8218;Off White&#8216;"},"content":{"rendered":"<p>Mit dem adidas SL 72 OG &#8218;Off White&#8216; JH7394 erlebst du zeitlosen Stil und Komfort \u201d\u201c eine gelungene Kombination aus Retro-Design und moderner Vielseitigkeit. Das leichte Nylon-Obermaterial mit Wildleder-Overlays verleiht diesen ikonischen Sneakern einen cleanen Off-White-Look, der jedes Casual- oder Streetwear-Outfit perfekt aufwertet. Die EVA-Zwischensohle sorgt f\u00fcr ganzt\u00e4gige D\u00e4mpfung, w\u00e4hrend die strapazierf\u00e4hige Gummiau\u00dfensohle zuverl\u00e4ssige Traktion auf verschiedenen Untergr\u00fcnden bietet. Mit dem charakteristischen gezackten 3-Streifen-Design f\u00e4ngt der Schuh die Essenz traditioneller Sportswear ein und zelebriert die traditionsreiche Geschichte von adidas mit jedem Schritt. Ob Sie klassische Designs neu interpretieren oder einen modernen Touch suchen \u201d\u201c diese Schuhe bieten die ideale Balance aus Mode und Funktionalit\u00e4t und lassen sich m\u00fchelos vom Tag in die Nacht tragen.<\/p>\n<ul>\n<li><strong>Farbgebung:<\/strong> Off-White\/Wonder Taupe\/Wonder White<\/li>\n<li><strong>Artikelnummer:<\/strong> JH7394<\/li>\n<li><strong>Obermaterial:<\/strong> Nylon<\/li>\n<li><strong>Zwischensohle:<\/strong> EVA<\/li>\n<li><strong>Farbe:<\/strong> Wei\u00df<\/li>\n<\/ul>\n","protected":false},"excerpt":{"rendered":"<p>adidas SL 72 OG \u201d\u201d Off White\/Wonder Taupe\/Wonder White<\/p>\n","protected":false},"featured_media":154545,"comment_status":"open","ping_status":"closed","template":"","meta":[],"product_brand":[],"product_cat":[10941],"product_tag":[10759,10750,10926,10754,10765,10768,10758],"class_list":{"0":"post-154544","1":"product","2":"type-product","3":"status-publish","4":"has-post-thumbnail","6":"product_cat-adidas-women","7":"product_tag-adidas","8":"product_tag-athleisure-shoes","9":"product_tag-gift-for-her","10":"product_tag-lifestyle-casual-shoes","11":"product_tag-lifestyle-shoes-running-inspired","12":"product_tag-retro-running-shoes","13":"product_tag-under-retail","14":"wcpa_has_options","16":"first","17":"outofstock","18":"taxable","19":"shipping-taxable","20":"purchasable","21":"product-type-simple"},"wcpa_form_fields":{"rules":{"pric_overide_base_price":false,"pric_overide_base_price_if_gt_zero":false,"pric_overide_base_price_fully":false,"pric_cal_option_once":false,"pric_use_as_fee":false,"bind_quantity":false,"quantity_bind_formula":false},"fields":[{"type":"color-group","required":true,"elementId":"wcpa-color-group-66c4a7f817afe","label":"Gr\u00f6\u00dfe","inline":true,"priceOptions":"different_for_all","pricingType":"fixed","className":"hassizechart product-shoes-size-eu product-shoes-size","name":"color-group-66c4a7f817b18","disp_type":"square","selection_type":"tick-border","disp_size":"50","show_label_inside":true,"adjust_width":true,"cart_display_type":"text","other_text":"Other","cl_rule":"show","col":6,"values":[{"label":"35","value":"EU 35","price":"","pimage":"","pimage_id":"","pthumb":"","color":""},{"label":"35.5","value":"EU 35.5","price":"","pimage":"","pimage_id":"","pthumb":"","color":""},{"label":"36","value":"EU 36","price":"","pimage":"","pimage_id":"","pthumb":"","color":"","selected":true},{"label":"36 2\/3","value":"EU 36 2\/3","price":"","pimage":"","pimage_id":"","pthumb":"","color":""},{"label":"37 1\/3","value":"EU 37 1\/3","price":"","pimage":"","pimage_id":"","pthumb":"","color":""},{"label":"38","value":"EU 38","price":"","pimage":"","pimage_id":"","pthumb":"","color":""},{"label":"38 2\/3","value":"EU 38 2\/3","price":"","pimage":"","pimage_id":"","pthumb":"","color":""},{"label":"39 1\/3","value":"EU 39 1\/3","price":"","pimage":"","pimage_id":"","pthumb":"","color":""},{"label":"40","value":"EU 40","price":"","pimage":"","pimage_id":"","pthumb":"","color":""},{"label":"40 2\/3","value":"EU 40 2\/3","price":"","pimage":"","pimage_id":"","pthumb":"","color":""},{"label":"41 1\/3","value":"EU 41 1\/3","price":"","pimage":"","pimage_id":"","pthumb":"","color":""},{"label":"42","value":"EU 42","price":"","pimage":"","pimage_id":"","pthumb":"","color":""},{"label":"42 2\/3","value":"EU 42 2\/3","price":"","pimage":"","pimage_id":"","pthumb":"","color":""},{"label":"43 1\/3","value":"EU 43 1\/3","price":"","pimage":"","pimage_id":"","pthumb":"","color":""},{"label":"44","value":"EU 44","price":"","pimage":"","pimage_id":"","pthumb":"","color":""},{"label":"44 2\/3","value":"EU 44 2\/3","price":"","pimage":"","pimage_id":"","pthumb":"","color":""},{"label":"45 1\/3","value":"EU 45 1\/3","price":"","pimage":"","pimage_id":"","pthumb":"","color":""},{"label":"46","value":"EU 46","price":"","pimage":"","pimage_id":"","pthumb":"","color":""},{"label":"46 2\/3","value":"EU 46 2\/3","price":"","pimage":"","pimage_id":"","pthumb":"","color":""},{"label":"47 1\/3","value":"EU 47 1\/3","price":"","pimage":"","pimage_id":"","pthumb":"","color":""}],"relations":[{"operator":false,"rules":[]}],"form_id":24802,"form_rules":{"pric_cal_option_once":false,"exclude_from_discount":false,"pric_use_as_fee":false,"fee_label":"Fee","render_after_acb":false,"disp_hide_options_price":false}}]},"yoast_head":"<!-- This site is optimized with the Yoast SEO plugin v26.5 - https:\/\/yoast.com\/wordpress\/plugins\/seo\/ -->\n<title>(Women) adidas SL 72 OG &#039;Off White&#039;  - Tourcruiser PTE. LTD<\/title>\n<meta name=\"robots\" content=\"index, follow, max-snippet:-1, max-image-preview:large, max-video-preview:-1\" \/>\n<link rel=\"canonical\" href=\"https:\/\/tourcruiser.com\/de\/products\/women-adidas-sl-72-og-off-white\/\" \/>\n<meta property=\"og:locale\" content=\"de_DE\" \/>\n<meta property=\"og:type\" content=\"article\" \/>\n<meta property=\"og:title\" content=\"(Women) adidas SL 72 OG &#039;Off White&#039;  - Tourcruiser PTE. LTD\" \/>\n<meta property=\"og:description\" content=\"adidas SL 72 OG \u201d\u201d Off White\/Wonder Taupe\/Wonder White\" \/>\n<meta property=\"og:url\" content=\"https:\/\/tourcruiser.com\/de\/products\/women-adidas-sl-72-og-off-white\/\" \/>\n<meta property=\"og:site_name\" content=\"Tourcruiser Sneaker Store\" \/>\n<meta property=\"article:modified_time\" content=\"2026-03-27T18:24:25+00:00\" \/>\n<meta name=\"twitter:card\" content=\"summary_large_image\" \/>\n<meta name=\"twitter:image\" content=\"https:\/\/images.novelship.com\/product\/_women__adidas_sl_72_og__off_white__jh7394_0_15366.jpeg;https:\/\/images.novelship.com\/product\/_women__adidas_sl_72_og__off_white__jh7394_1_15366.jpeg;https:\/\/images.novelship.com\/product\/_women__adidas_sl_72_og__off_white__jh7394_2_15366.jpeg;https:\/\/images.novelship.com\/product\/_women__adidas_sl_72_og__off_white__jh7394_3_15366.jpeg;https:\/\/images.novelship.com\/product\/_women__adidas_sl_72_og__off_white__jh7394_4_15366.jpeg;https:\/\/images.novelship.com\/product\/_women__adidas_sl_72_og__off_white__jh7394_5_15366.jpeg;https:\/\/images.novelship.com\/product\/_women__adidas_sl_72_og__off_white__jh7394_6_15366.jpeg;https:\/\/images.novelship.com\/product\/_women__adidas_sl_72_og__off_white__jh7394_7_15366.jpeg\" \/>\n<meta name=\"twitter:label1\" content=\"Gesch\u00e4tzte Lesezeit\" \/>\n\t<meta name=\"twitter:data1\" content=\"1\u00a0Minute\" \/>\n<script type=\"application\/ld+json\" class=\"yoast-schema-graph\">{\"@context\":\"https:\/\/schema.org\",\"@graph\":[{\"@type\":\"WebPage\",\"@id\":\"https:\/\/tourcruiser.com\/de\/products\/women-adidas-sl-72-og-off-white\/\",\"url\":\"https:\/\/tourcruiser.com\/de\/products\/women-adidas-sl-72-og-off-white\/\",\"name\":\"(Women) adidas SL 72 OG 'Off White' - Tourcruiser PTE. LTD\",\"isPartOf\":{\"@id\":\"\/#website\"},\"primaryImageOfPage\":{\"@id\":\"https:\/\/tourcruiser.com\/de\/products\/women-adidas-sl-72-og-off-white\/#primaryimage\"},\"image\":{\"@id\":\"https:\/\/tourcruiser.com\/de\/products\/women-adidas-sl-72-og-off-white\/#primaryimage\"},\"thumbnailUrl\":\"https:\/\/images.novelship.com\/product\/_women__adidas_sl_72_og__off_white__jh7394_0_15366.jpeg;https:\/\/images.novelship.com\/product\/_women__adidas_sl_72_og__off_white__jh7394_1_15366.jpeg;https:\/\/images.novelship.com\/product\/_women__adidas_sl_72_og__off_white__jh7394_2_15366.jpeg;https:\/\/images.novelship.com\/product\/_women__adidas_sl_72_og__off_white__jh7394_3_15366.jpeg;https:\/\/images.novelship.com\/product\/_women__adidas_sl_72_og__off_white__jh7394_4_15366.jpeg;https:\/\/images.novelship.com\/product\/_women__adidas_sl_72_og__off_white__jh7394_5_15366.jpeg;https:\/\/images.novelship.com\/product\/_women__adidas_sl_72_og__off_white__jh7394_6_15366.jpeg;https:\/\/images.novelship.com\/product\/_women__adidas_sl_72_og__off_white__jh7394_7_15366.jpeg\",\"datePublished\":\"2026-03-02T08:57:34+00:00\",\"dateModified\":\"2026-03-27T18:24:25+00:00\",\"breadcrumb\":{\"@id\":\"https:\/\/tourcruiser.com\/de\/products\/women-adidas-sl-72-og-off-white\/#breadcrumb\"},\"inLanguage\":\"de\",\"potentialAction\":[{\"@type\":\"ReadAction\",\"target\":[\"https:\/\/tourcruiser.com\/de\/products\/women-adidas-sl-72-og-off-white\/\"]}]},{\"@type\":\"ImageObject\",\"inLanguage\":\"de\",\"@id\":\"https:\/\/tourcruiser.com\/de\/products\/women-adidas-sl-72-og-off-white\/#primaryimage\",\"url\":\"https:\/\/images.novelship.com\/product\/_women__adidas_sl_72_og__off_white__jh7394_0_15366.jpeg;https:\/\/images.novelship.com\/product\/_women__adidas_sl_72_og__off_white__jh7394_1_15366.jpeg;https:\/\/images.novelship.com\/product\/_women__adidas_sl_72_og__off_white__jh7394_2_15366.jpeg;https:\/\/images.novelship.com\/product\/_women__adidas_sl_72_og__off_white__jh7394_3_15366.jpeg;https:\/\/images.novelship.com\/product\/_women__adidas_sl_72_og__off_white__jh7394_4_15366.jpeg;https:\/\/images.novelship.com\/product\/_women__adidas_sl_72_og__off_white__jh7394_5_15366.jpeg;https:\/\/images.novelship.com\/product\/_women__adidas_sl_72_og__off_white__jh7394_6_15366.jpeg;https:\/\/images.novelship.com\/product\/_women__adidas_sl_72_og__off_white__jh7394_7_15366.jpeg\",\"contentUrl\":\"https:\/\/images.novelship.com\/product\/_women__adidas_sl_72_og__off_white__jh7394_0_15366.jpeg;https:\/\/images.novelship.com\/product\/_women__adidas_sl_72_og__off_white__jh7394_1_15366.jpeg;https:\/\/images.novelship.com\/product\/_women__adidas_sl_72_og__off_white__jh7394_2_15366.jpeg;https:\/\/images.novelship.com\/product\/_women__adidas_sl_72_og__off_white__jh7394_3_15366.jpeg;https:\/\/images.novelship.com\/product\/_women__adidas_sl_72_og__off_white__jh7394_4_15366.jpeg;https:\/\/images.novelship.com\/product\/_women__adidas_sl_72_og__off_white__jh7394_5_15366.jpeg;https:\/\/images.novelship.com\/product\/_women__adidas_sl_72_og__off_white__jh7394_6_15366.jpeg;https:\/\/images.novelship.com\/product\/_women__adidas_sl_72_og__off_white__jh7394_7_15366.jpeg\"},{\"@type\":\"BreadcrumbList\",\"@id\":\"https:\/\/tourcruiser.com\/de\/products\/women-adidas-sl-72-og-off-white\/#breadcrumb\",\"itemListElement\":[{\"@type\":\"ListItem\",\"position\":1,\"name\":\"Home\",\"item\":\"https:\/\/tourcruiser.com\/de\/\"},{\"@type\":\"ListItem\",\"position\":2,\"name\":\"Shop\",\"item\":\"https:\/\/tourcruiser.com\/de\/shop\/\"},{\"@type\":\"ListItem\",\"position\":3,\"name\":\"(Women) adidas SL 72 OG 'Off White'\"}]},{\"@type\":\"WebSite\",\"@id\":\"\/#website\",\"url\":\"\/\",\"name\":\"Styloral Jewelry Shop\",\"description\":\"Tourcruiser Sneaker Store \u2014 der Ort, an dem das Universum deine Einzigartigkeit trifft.\",\"publisher\":{\"@id\":\"\/#organization\"},\"potentialAction\":[{\"@type\":\"SearchAction\",\"target\":{\"@type\":\"EntryPoint\",\"urlTemplate\":\"\/?s={search_term_string}\"},\"query-input\":{\"@type\":\"PropertyValueSpecification\",\"valueRequired\":true,\"valueName\":\"search_term_string\"}}],\"inLanguage\":\"de\"},{\"@type\":\"Organization\",\"@id\":\"\/#organization\",\"name\":\"STYLORAL PTE. LTD\",\"url\":\"\/\",\"logo\":{\"@type\":\"ImageObject\",\"inLanguage\":\"de\",\"@id\":\"\/#\/schema\/logo\/image\/\",\"url\":\"https:\/\/www.tourcruiser.com\/wp-content\/uploads\/2025\/12\/logo.png\",\"contentUrl\":\"https:\/\/www.tourcruiser.com\/wp-content\/uploads\/2025\/12\/logo.png\",\"width\":200,\"height\":65,\"caption\":\"STYLORAL PTE. LTD\"},\"image\":{\"@id\":\"\/#\/schema\/logo\/image\/\"}}]}<\/script>\n<!-- \/ Yoast SEO plugin. -->","yoast_head_json":{"title":"(Women) adidas SL 72 OG 'Off White'  - Tourcruiser PTE. LTD","robots":{"index":"index","follow":"follow","max-snippet":"max-snippet:-1","max-image-preview":"max-image-preview:large","max-video-preview":"max-video-preview:-1"},"canonical":"https:\/\/tourcruiser.com\/de\/products\/women-adidas-sl-72-og-off-white\/","og_locale":"de_DE","og_type":"article","og_title":"(Women) adidas SL 72 OG 'Off White'  - Tourcruiser PTE. LTD","og_description":"adidas SL 72 OG \u201d\u201d Off White\/Wonder Taupe\/Wonder White","og_url":"https:\/\/tourcruiser.com\/de\/products\/women-adidas-sl-72-og-off-white\/","og_site_name":"Tourcruiser Sneaker Store","article_modified_time":"2026-03-27T18:24:25+00:00","twitter_card":"summary_large_image","twitter_image":"https:\/\/images.novelship.com\/product\/_women__adidas_sl_72_og__off_white__jh7394_0_15366.jpeg;https:\/\/images.novelship.com\/product\/_women__adidas_sl_72_og__off_white__jh7394_1_15366.jpeg;https:\/\/images.novelship.com\/product\/_women__adidas_sl_72_og__off_white__jh7394_2_15366.jpeg;https:\/\/images.novelship.com\/product\/_women__adidas_sl_72_og__off_white__jh7394_3_15366.jpeg;https:\/\/images.novelship.com\/product\/_women__adidas_sl_72_og__off_white__jh7394_4_15366.jpeg;https:\/\/images.novelship.com\/product\/_women__adidas_sl_72_og__off_white__jh7394_5_15366.jpeg;https:\/\/images.novelship.com\/product\/_women__adidas_sl_72_og__off_white__jh7394_6_15366.jpeg;https:\/\/images.novelship.com\/product\/_women__adidas_sl_72_og__off_white__jh7394_7_15366.jpeg","twitter_misc":{"Gesch\u00e4tzte Lesezeit":"1\u00a0Minute"},"schema":{"@context":"https:\/\/schema.org","@graph":[{"@type":"WebPage","@id":"https:\/\/tourcruiser.com\/de\/products\/women-adidas-sl-72-og-off-white\/","url":"https:\/\/tourcruiser.com\/de\/products\/women-adidas-sl-72-og-off-white\/","name":"(Women) adidas SL 72 OG 'Off White' - Tourcruiser PTE. LTD","isPartOf":{"@id":"\/#website"},"primaryImageOfPage":{"@id":"https:\/\/tourcruiser.com\/de\/products\/women-adidas-sl-72-og-off-white\/#primaryimage"},"image":{"@id":"https:\/\/tourcruiser.com\/de\/products\/women-adidas-sl-72-og-off-white\/#primaryimage"},"thumbnailUrl":"https:\/\/images.novelship.com\/product\/_women__adidas_sl_72_og__off_white__jh7394_0_15366.jpeg;https:\/\/images.novelship.com\/product\/_women__adidas_sl_72_og__off_white__jh7394_1_15366.jpeg;https:\/\/images.novelship.com\/product\/_women__adidas_sl_72_og__off_white__jh7394_2_15366.jpeg;https:\/\/images.novelship.com\/product\/_women__adidas_sl_72_og__off_white__jh7394_3_15366.jpeg;https:\/\/images.novelship.com\/product\/_women__adidas_sl_72_og__off_white__jh7394_4_15366.jpeg;https:\/\/images.novelship.com\/product\/_women__adidas_sl_72_og__off_white__jh7394_5_15366.jpeg;https:\/\/images.novelship.com\/product\/_women__adidas_sl_72_og__off_white__jh7394_6_15366.jpeg;https:\/\/images.novelship.com\/product\/_women__adidas_sl_72_og__off_white__jh7394_7_15366.jpeg","datePublished":"2026-03-02T08:57:34+00:00","dateModified":"2026-03-27T18:24:25+00:00","breadcrumb":{"@id":"https:\/\/tourcruiser.com\/de\/products\/women-adidas-sl-72-og-off-white\/#breadcrumb"},"inLanguage":"de","potentialAction":[{"@type":"ReadAction","target":["https:\/\/tourcruiser.com\/de\/products\/women-adidas-sl-72-og-off-white\/"]}]},{"@type":"ImageObject","inLanguage":"de","@id":"https:\/\/tourcruiser.com\/de\/products\/women-adidas-sl-72-og-off-white\/#primaryimage","url":"https:\/\/images.novelship.com\/product\/_women__adidas_sl_72_og__off_white__jh7394_0_15366.jpeg;https:\/\/images.novelship.com\/product\/_women__adidas_sl_72_og__off_white__jh7394_1_15366.jpeg;https:\/\/images.novelship.com\/product\/_women__adidas_sl_72_og__off_white__jh7394_2_15366.jpeg;https:\/\/images.novelship.com\/product\/_women__adidas_sl_72_og__off_white__jh7394_3_15366.jpeg;https:\/\/images.novelship.com\/product\/_women__adidas_sl_72_og__off_white__jh7394_4_15366.jpeg;https:\/\/images.novelship.com\/product\/_women__adidas_sl_72_og__off_white__jh7394_5_15366.jpeg;https:\/\/images.novelship.com\/product\/_women__adidas_sl_72_og__off_white__jh7394_6_15366.jpeg;https:\/\/images.novelship.com\/product\/_women__adidas_sl_72_og__off_white__jh7394_7_15366.jpeg","contentUrl":"https:\/\/images.novelship.com\/product\/_women__adidas_sl_72_og__off_white__jh7394_0_15366.jpeg;https:\/\/images.novelship.com\/product\/_women__adidas_sl_72_og__off_white__jh7394_1_15366.jpeg;https:\/\/images.novelship.com\/product\/_women__adidas_sl_72_og__off_white__jh7394_2_15366.jpeg;https:\/\/images.novelship.com\/product\/_women__adidas_sl_72_og__off_white__jh7394_3_15366.jpeg;https:\/\/images.novelship.com\/product\/_women__adidas_sl_72_og__off_white__jh7394_4_15366.jpeg;https:\/\/images.novelship.com\/product\/_women__adidas_sl_72_og__off_white__jh7394_5_15366.jpeg;https:\/\/images.novelship.com\/product\/_women__adidas_sl_72_og__off_white__jh7394_6_15366.jpeg;https:\/\/images.novelship.com\/product\/_women__adidas_sl_72_og__off_white__jh7394_7_15366.jpeg"},{"@type":"BreadcrumbList","@id":"https:\/\/tourcruiser.com\/de\/products\/women-adidas-sl-72-og-off-white\/#breadcrumb","itemListElement":[{"@type":"ListItem","position":1,"name":"Home","item":"https:\/\/tourcruiser.com\/de\/"},{"@type":"ListItem","position":2,"name":"Shop","item":"https:\/\/tourcruiser.com\/de\/shop\/"},{"@type":"ListItem","position":3,"name":"(Women) adidas SL 72 OG 'Off White'"}]},{"@type":"WebSite","@id":"\/#website","url":"\/","name":"Styloral Jewelry Shop","description":"Tourcruiser Sneaker Store \u2014 der Ort, an dem das Universum deine Einzigartigkeit trifft.","publisher":{"@id":"\/#organization"},"potentialAction":[{"@type":"SearchAction","target":{"@type":"EntryPoint","urlTemplate":"\/?s={search_term_string}"},"query-input":{"@type":"PropertyValueSpecification","valueRequired":true,"valueName":"search_term_string"}}],"inLanguage":"de"},{"@type":"Organization","@id":"\/#organization","name":"STYLORAL PTE. LTD","url":"\/","logo":{"@type":"ImageObject","inLanguage":"de","@id":"\/#\/schema\/logo\/image\/","url":"https:\/\/www.tourcruiser.com\/wp-content\/uploads\/2025\/12\/logo.png","contentUrl":"https:\/\/www.tourcruiser.com\/wp-content\/uploads\/2025\/12\/logo.png","width":200,"height":65,"caption":"STYLORAL PTE. LTD"},"image":{"@id":"\/#\/schema\/logo\/image\/"}}]}},"_links":{"self":[{"href":"https:\/\/tourcruiser.com\/de\/wp-json\/wp\/v2\/product\/154544","targetHints":{"allow":["GET"]}}],"collection":[{"href":"https:\/\/tourcruiser.com\/de\/wp-json\/wp\/v2\/product"}],"about":[{"href":"https:\/\/tourcruiser.com\/de\/wp-json\/wp\/v2\/types\/product"}],"replies":[{"embeddable":true,"href":"https:\/\/tourcruiser.com\/de\/wp-json\/wp\/v2\/comments?post=154544"}],"wp:featuredmedia":[{"embeddable":true,"href":"https:\/\/tourcruiser.com\/de\/wp-json\/wp\/v2\/media\/154545"}],"wp:attachment":[{"href":"https:\/\/tourcruiser.com\/de\/wp-json\/wp\/v2\/media?parent=154544"}],"wp:term":[{"taxonomy":"product_brand","embeddable":true,"href":"https:\/\/tourcruiser.com\/de\/wp-json\/wp\/v2\/product_brand?post=154544"},{"taxonomy":"product_cat","embeddable":true,"href":"https:\/\/tourcruiser.com\/de\/wp-json\/wp\/v2\/product_cat?post=154544"},{"taxonomy":"product_tag","embeddable":true,"href":"https:\/\/tourcruiser.com\/de\/wp-json\/wp\/v2\/product_tag?post=154544"}],"curies":[{"name":"wp","href":"https:\/\/api.w.org\/{rel}","templated":true}]}}