{"id":154396,"date":"2026-03-02T15:57:21","date_gmt":"2026-03-02T08:57:21","guid":{"rendered":"http:\/\/tourcruiser.com\/product\/new-balance-x-andrew-reynolds-933-mushroom-new-spruce"},"modified":"2026-03-02T15:57:21","modified_gmt":"2026-03-02T08:57:21","slug":"new-balance-x-andrew-reynolds-933-mushroom-new-spruce","status":"publish","type":"product","link":"https:\/\/tourcruiser.com\/de\/products\/new-balance-x-andrew-reynolds-933-mushroom-new-spruce\/","title":{"rendered":"New Balance x Andrew Reynolds 933 &#8218;Mushroom New Spruce&#8216;"},"content":{"rendered":"<p>Mit dem Andrew Reynolds \u00c3\u2014 New Balance Numeric 933 Mushroom New Spruce NM933ORI, einem Skateschuh f\u00fcr maximalen Komfort und Langlebigkeit, erlebst du Style und Performance auf h\u00f6chstem Niveau. In Zusammenarbeit mit der Skateboard-Legende Andrew Reynolds entwickelt, vereint dieser Schuh hochwertige Materialien und modernes Design f\u00fcr herausragende Performance auf und neben dem Board. Die Farbgebung in Mushroom New Spruce sorgt f\u00fcr einen dezenten, aber dennoch markanten Look, w\u00e4hrend das verst\u00e4rkte Obermaterial aus Wildleder und Mesh Atmungsaktivit\u00e4t und lange Haltbarkeit garantiert. Dank der fortschrittlichen D\u00e4mpfung mit New Balances bew\u00e4hrter ABZORB-Technologie absorbiert der NM933ORI St\u00f6\u00dfe effektiv und bietet optimalen Halt f\u00fcr lange Skate-Sessions oder entspannte Ausfl\u00fcge. Die griffige Gummisohle und die flexible Konstruktion garantieren ein unvergleichliches Boardgef\u00fchl und Traktion \u201d\u201c unverzichtbar f\u00fcr Skater aller K\u00f6nnensstufen. Die sorgf\u00e4ltige Verarbeitung und das zeitlose Design machen diesen Schuh zu einem Must-have f\u00fcr jede Sneaker- oder Skate-Sammlung. Der Andrew Reynolds \u00c3\u2014 New Balance Numeric 933 vereint Funktionalit\u00e4t und Style perfekt und garantiert Performance und Vielseitigkeit. Mit diesem Schuh, der Trends \u00fcberdauert und auf Qualit\u00e4t setzt, ist dein Schuh-Look ein Upgrade. Ob zum Skaten oder f\u00fcr den Alltag \u201d\u201c diese Kollaboration ist ein Beweis f\u00fcr innovatives Design und zeitlosen Komfort.<\/p>\n<ul>\n<li><strong>Farbgebung:<\/strong> Mushroom\/New Spruce<\/li>\n<li><strong>Style-Code:<\/strong> NM933ORI<\/li>\n<li><strong>Obermaterial:<\/strong> Wildleder<\/li>\n<li><strong>Farbe:<\/strong> Mehrfarbig<\/li>\n<li><strong>Erscheinungsjahr:<\/strong> 2025<\/li>\n<\/ul>\n","protected":false},"excerpt":{"rendered":"<p>New Balance 933 \u201d\u201d Mushroom\/New Spruce<\/p>\n","protected":false},"featured_media":154397,"comment_status":"open","ping_status":"closed","template":"","meta":[],"product_brand":[],"product_cat":[10771],"product_tag":[12042,10766,10802,11153],"class_list":{"0":"post-154396","1":"product","2":"type-product","3":"status-publish","4":"has-post-thumbnail","6":"product_cat-new-balance","7":"product_tag-leather-skateboard-shoes","8":"product_tag-new-balance","9":"product_tag-performance-sport-shoes","10":"product_tag-skateboard-shoes","11":"wcpa_has_options","13":"first","14":"instock","15":"taxable","16":"shipping-taxable","17":"purchasable","18":"product-type-simple"},"wcpa_form_fields":{"rules":{"pric_overide_base_price":false,"pric_overide_base_price_if_gt_zero":false,"pric_overide_base_price_fully":false,"pric_cal_option_once":false,"pric_use_as_fee":false,"bind_quantity":false,"quantity_bind_formula":false},"fields":[{"type":"color-group","required":true,"elementId":"wcpa-color-group-66c4a928225d2","label":"Gr\u00f6\u00dfe","inline":true,"priceOptions":"different_for_all","pricingType":"fixed","className":"hassizechart product-shoes-size-eu product-shoes-size","name":"color-group-66c4a928225e2","disp_type":"square","selection_type":"tick-border","disp_size":"50","show_label_inside":true,"adjust_width":true,"cart_display_type":"text","other_text":"Other","cl_rule":"show","col":6,"values":[{"label":"35","value":"EU 35","price":"","pimage":"","pimage_id":"","pthumb":"","color":""},{"label":"36","value":"EU 36","price":"","pimage":"","pimage_id":"","pthumb":"","color":"","selected":true},{"label":"37","value":"EU 37","price":"","pimage":"","pimage_id":"","pthumb":"","color":""},{"label":"37.5","value":"EU 37.5","price":"","pimage":"","pimage_id":"","pthumb":"","color":""},{"label":"38","value":"EU 38","price":"","pimage":"","pimage_id":"","pthumb":"","color":""},{"label":"38.5","value":"EU 38.5","price":"","pimage":"","pimage_id":"","pthumb":"","color":""},{"label":"39","value":"EU 39","price":"","pimage":"","pimage_id":"","pthumb":"","color":""},{"label":"39.5","value":"EU 39.5","price":"","pimage":"","pimage_id":"","pthumb":"","color":""},{"label":"40","value":"EU 40","price":"","pimage":"","pimage_id":"","pthumb":"","color":""},{"label":"40.5","value":"EU 40.5","price":"","pimage":"","pimage_id":"","pthumb":"","color":""},{"label":" 41.5","value":"EU 41.5","price":"","pimage":"","pimage_id":"","pthumb":"","color":""},{"label":"42","value":"EU 42","price":"","pimage":"","pimage_id":"","pthumb":"","color":""},{"label":"42.5","value":"EU 42.5","price":"","pimage":"","pimage_id":"","pthumb":"","color":""},{"label":"43","value":"EU 43","price":"","pimage":"","pimage_id":"","pthumb":"","color":""},{"label":"44","value":"EU 44","price":"","pimage":"","pimage_id":"","pthumb":"","color":""},{"label":"44.5","value":"EU 44.5","price":"","pimage":"","pimage_id":"","pthumb":"","color":""},{"label":"45","value":"EU 45","price":"","pimage":"","pimage_id":"","pthumb":"","color":""},{"label":"45.5","value":"EU 45.5","price":"","pimage":"","pimage_id":"","pthumb":"","color":""},{"label":"46","value":"EU 46","price":"","pimage":"","pimage_id":"","pthumb":"","color":""}],"relations":[{"operator":false,"rules":[]}],"form_id":24803,"form_rules":{"pric_cal_option_once":false,"exclude_from_discount":false,"pric_use_as_fee":false,"fee_label":"Fee","render_after_acb":false,"disp_hide_options_price":false}}]},"yoast_head":"<!-- This site is optimized with the Yoast SEO plugin v26.5 - https:\/\/yoast.com\/wordpress\/plugins\/seo\/ -->\n<title>New Balance x Andrew Reynolds 933 &#039;Mushroom New Spruce&#039;  - Tourcruiser PTE. LTD<\/title>\n<meta name=\"robots\" content=\"index, follow, max-snippet:-1, max-image-preview:large, max-video-preview:-1\" \/>\n<link rel=\"canonical\" href=\"https:\/\/tourcruiser.com\/de\/products\/new-balance-x-andrew-reynolds-933-mushroom-new-spruce\/\" \/>\n<meta property=\"og:locale\" content=\"de_DE\" \/>\n<meta property=\"og:type\" content=\"article\" \/>\n<meta property=\"og:title\" content=\"New Balance x Andrew Reynolds 933 &#039;Mushroom New Spruce&#039;  - Tourcruiser PTE. LTD\" \/>\n<meta property=\"og:description\" content=\"New Balance 933 \u201d\u201d Mushroom\/New Spruce\" \/>\n<meta property=\"og:url\" content=\"https:\/\/tourcruiser.com\/de\/products\/new-balance-x-andrew-reynolds-933-mushroom-new-spruce\/\" \/>\n<meta property=\"og:site_name\" content=\"Tourcruiser Sneaker Store\" \/>\n<meta name=\"twitter:card\" content=\"summary_large_image\" \/>\n<meta name=\"twitter:image\" content=\"https:\/\/images.novelship.com\/product\/andrew_reynolds___new_balance_numeric_933_mushroom_0_7871.jpeg\" \/>\n<meta name=\"twitter:label1\" content=\"Gesch\u00e4tzte Lesezeit\" \/>\n\t<meta name=\"twitter:data1\" content=\"1\u00a0Minute\" \/>\n<script type=\"application\/ld+json\" class=\"yoast-schema-graph\">{\"@context\":\"https:\/\/schema.org\",\"@graph\":[{\"@type\":\"WebPage\",\"@id\":\"https:\/\/tourcruiser.com\/de\/products\/new-balance-x-andrew-reynolds-933-mushroom-new-spruce\/\",\"url\":\"https:\/\/tourcruiser.com\/de\/products\/new-balance-x-andrew-reynolds-933-mushroom-new-spruce\/\",\"name\":\"New Balance x Andrew Reynolds 933 'Mushroom New Spruce' - Tourcruiser PTE. LTD\",\"isPartOf\":{\"@id\":\"https:\/\/tourcruiser.com\/de\/#website\"},\"primaryImageOfPage\":{\"@id\":\"https:\/\/tourcruiser.com\/de\/products\/new-balance-x-andrew-reynolds-933-mushroom-new-spruce\/#primaryimage\"},\"image\":{\"@id\":\"https:\/\/tourcruiser.com\/de\/products\/new-balance-x-andrew-reynolds-933-mushroom-new-spruce\/#primaryimage\"},\"thumbnailUrl\":\"https:\/\/images.novelship.com\/product\/andrew_reynolds___new_balance_numeric_933_mushroom_0_7871.jpeg\",\"datePublished\":\"2026-03-02T08:57:21+00:00\",\"breadcrumb\":{\"@id\":\"https:\/\/tourcruiser.com\/de\/products\/new-balance-x-andrew-reynolds-933-mushroom-new-spruce\/#breadcrumb\"},\"inLanguage\":\"de\",\"potentialAction\":[{\"@type\":\"ReadAction\",\"target\":[\"https:\/\/tourcruiser.com\/de\/products\/new-balance-x-andrew-reynolds-933-mushroom-new-spruce\/\"]}]},{\"@type\":\"ImageObject\",\"inLanguage\":\"de\",\"@id\":\"https:\/\/tourcruiser.com\/de\/products\/new-balance-x-andrew-reynolds-933-mushroom-new-spruce\/#primaryimage\",\"url\":\"https:\/\/images.novelship.com\/product\/andrew_reynolds___new_balance_numeric_933_mushroom_0_7871.jpeg\",\"contentUrl\":\"https:\/\/images.novelship.com\/product\/andrew_reynolds___new_balance_numeric_933_mushroom_0_7871.jpeg\"},{\"@type\":\"BreadcrumbList\",\"@id\":\"https:\/\/tourcruiser.com\/de\/products\/new-balance-x-andrew-reynolds-933-mushroom-new-spruce\/#breadcrumb\",\"itemListElement\":[{\"@type\":\"ListItem\",\"position\":1,\"name\":\"Home\",\"item\":\"https:\/\/tourcruiser.com\/de\/\"},{\"@type\":\"ListItem\",\"position\":2,\"name\":\"Shop\",\"item\":\"https:\/\/tourcruiser.com\/de\/shop\/\"},{\"@type\":\"ListItem\",\"position\":3,\"name\":\"New Balance x Andrew Reynolds 933 'Mushroom New Spruce'\"}]},{\"@type\":\"WebSite\",\"@id\":\"https:\/\/tourcruiser.com\/de\/#website\",\"url\":\"https:\/\/tourcruiser.com\/de\/\",\"name\":\"Styloral Jewelry Shop\",\"description\":\"Tourcruiser Sneaker Store \u2014 der Ort, an dem das Universum deine Einzigartigkeit trifft.\",\"publisher\":{\"@id\":\"https:\/\/tourcruiser.com\/de\/#organization\"},\"potentialAction\":[{\"@type\":\"SearchAction\",\"target\":{\"@type\":\"EntryPoint\",\"urlTemplate\":\"https:\/\/tourcruiser.com\/de\/?s={search_term_string}\"},\"query-input\":{\"@type\":\"PropertyValueSpecification\",\"valueRequired\":true,\"valueName\":\"search_term_string\"}}],\"inLanguage\":\"de\"},{\"@type\":\"Organization\",\"@id\":\"https:\/\/tourcruiser.com\/de\/#organization\",\"name\":\"STYLORAL PTE. LTD\",\"url\":\"https:\/\/tourcruiser.com\/de\/\",\"logo\":{\"@type\":\"ImageObject\",\"inLanguage\":\"de\",\"@id\":\"https:\/\/tourcruiser.com\/de\/#\/schema\/logo\/image\/\",\"url\":\"https:\/\/www.tourcruiser.com\/wp-content\/uploads\/2025\/12\/logo.png\",\"contentUrl\":\"https:\/\/www.tourcruiser.com\/wp-content\/uploads\/2025\/12\/logo.png\",\"width\":200,\"height\":65,\"caption\":\"STYLORAL PTE. LTD\"},\"image\":{\"@id\":\"https:\/\/tourcruiser.com\/de\/#\/schema\/logo\/image\/\"}}]}<\/script>\n<!-- \/ Yoast SEO plugin. -->","yoast_head_json":{"title":"New Balance x Andrew Reynolds 933 'Mushroom New Spruce'  - Tourcruiser PTE. LTD","robots":{"index":"index","follow":"follow","max-snippet":"max-snippet:-1","max-image-preview":"max-image-preview:large","max-video-preview":"max-video-preview:-1"},"canonical":"https:\/\/tourcruiser.com\/de\/products\/new-balance-x-andrew-reynolds-933-mushroom-new-spruce\/","og_locale":"de_DE","og_type":"article","og_title":"New Balance x Andrew Reynolds 933 'Mushroom New Spruce'  - Tourcruiser PTE. LTD","og_description":"New Balance 933 \u201d\u201d Mushroom\/New Spruce","og_url":"https:\/\/tourcruiser.com\/de\/products\/new-balance-x-andrew-reynolds-933-mushroom-new-spruce\/","og_site_name":"Tourcruiser Sneaker Store","twitter_card":"summary_large_image","twitter_image":"https:\/\/images.novelship.com\/product\/andrew_reynolds___new_balance_numeric_933_mushroom_0_7871.jpeg","twitter_misc":{"Gesch\u00e4tzte Lesezeit":"1\u00a0Minute"},"schema":{"@context":"https:\/\/schema.org","@graph":[{"@type":"WebPage","@id":"https:\/\/tourcruiser.com\/de\/products\/new-balance-x-andrew-reynolds-933-mushroom-new-spruce\/","url":"https:\/\/tourcruiser.com\/de\/products\/new-balance-x-andrew-reynolds-933-mushroom-new-spruce\/","name":"New Balance x Andrew Reynolds 933 'Mushroom New Spruce' - Tourcruiser PTE. LTD","isPartOf":{"@id":"https:\/\/tourcruiser.com\/de\/#website"},"primaryImageOfPage":{"@id":"https:\/\/tourcruiser.com\/de\/products\/new-balance-x-andrew-reynolds-933-mushroom-new-spruce\/#primaryimage"},"image":{"@id":"https:\/\/tourcruiser.com\/de\/products\/new-balance-x-andrew-reynolds-933-mushroom-new-spruce\/#primaryimage"},"thumbnailUrl":"https:\/\/images.novelship.com\/product\/andrew_reynolds___new_balance_numeric_933_mushroom_0_7871.jpeg","datePublished":"2026-03-02T08:57:21+00:00","breadcrumb":{"@id":"https:\/\/tourcruiser.com\/de\/products\/new-balance-x-andrew-reynolds-933-mushroom-new-spruce\/#breadcrumb"},"inLanguage":"de","potentialAction":[{"@type":"ReadAction","target":["https:\/\/tourcruiser.com\/de\/products\/new-balance-x-andrew-reynolds-933-mushroom-new-spruce\/"]}]},{"@type":"ImageObject","inLanguage":"de","@id":"https:\/\/tourcruiser.com\/de\/products\/new-balance-x-andrew-reynolds-933-mushroom-new-spruce\/#primaryimage","url":"https:\/\/images.novelship.com\/product\/andrew_reynolds___new_balance_numeric_933_mushroom_0_7871.jpeg","contentUrl":"https:\/\/images.novelship.com\/product\/andrew_reynolds___new_balance_numeric_933_mushroom_0_7871.jpeg"},{"@type":"BreadcrumbList","@id":"https:\/\/tourcruiser.com\/de\/products\/new-balance-x-andrew-reynolds-933-mushroom-new-spruce\/#breadcrumb","itemListElement":[{"@type":"ListItem","position":1,"name":"Home","item":"https:\/\/tourcruiser.com\/de\/"},{"@type":"ListItem","position":2,"name":"Shop","item":"https:\/\/tourcruiser.com\/de\/shop\/"},{"@type":"ListItem","position":3,"name":"New Balance x Andrew Reynolds 933 'Mushroom New Spruce'"}]},{"@type":"WebSite","@id":"https:\/\/tourcruiser.com\/de\/#website","url":"https:\/\/tourcruiser.com\/de\/","name":"Styloral Jewelry Shop","description":"Tourcruiser Sneaker Store \u2014 der Ort, an dem das Universum deine Einzigartigkeit trifft.","publisher":{"@id":"https:\/\/tourcruiser.com\/de\/#organization"},"potentialAction":[{"@type":"SearchAction","target":{"@type":"EntryPoint","urlTemplate":"https:\/\/tourcruiser.com\/de\/?s={search_term_string}"},"query-input":{"@type":"PropertyValueSpecification","valueRequired":true,"valueName":"search_term_string"}}],"inLanguage":"de"},{"@type":"Organization","@id":"https:\/\/tourcruiser.com\/de\/#organization","name":"STYLORAL PTE. LTD","url":"https:\/\/tourcruiser.com\/de\/","logo":{"@type":"ImageObject","inLanguage":"de","@id":"https:\/\/tourcruiser.com\/de\/#\/schema\/logo\/image\/","url":"https:\/\/www.tourcruiser.com\/wp-content\/uploads\/2025\/12\/logo.png","contentUrl":"https:\/\/www.tourcruiser.com\/wp-content\/uploads\/2025\/12\/logo.png","width":200,"height":65,"caption":"STYLORAL PTE. LTD"},"image":{"@id":"https:\/\/tourcruiser.com\/de\/#\/schema\/logo\/image\/"}}]}},"_links":{"self":[{"href":"https:\/\/tourcruiser.com\/de\/wp-json\/wp\/v2\/product\/154396","targetHints":{"allow":["GET"]}}],"collection":[{"href":"https:\/\/tourcruiser.com\/de\/wp-json\/wp\/v2\/product"}],"about":[{"href":"https:\/\/tourcruiser.com\/de\/wp-json\/wp\/v2\/types\/product"}],"replies":[{"embeddable":true,"href":"https:\/\/tourcruiser.com\/de\/wp-json\/wp\/v2\/comments?post=154396"}],"wp:featuredmedia":[{"embeddable":true,"href":"https:\/\/tourcruiser.com\/de\/wp-json\/wp\/v2\/media\/154397"}],"wp:attachment":[{"href":"https:\/\/tourcruiser.com\/de\/wp-json\/wp\/v2\/media?parent=154396"}],"wp:term":[{"taxonomy":"product_brand","embeddable":true,"href":"https:\/\/tourcruiser.com\/de\/wp-json\/wp\/v2\/product_brand?post=154396"},{"taxonomy":"product_cat","embeddable":true,"href":"https:\/\/tourcruiser.com\/de\/wp-json\/wp\/v2\/product_cat?post=154396"},{"taxonomy":"product_tag","embeddable":true,"href":"https:\/\/tourcruiser.com\/de\/wp-json\/wp\/v2\/product_tag?post=154396"}],"curies":[{"name":"wp","href":"https:\/\/api.w.org\/{rel}","templated":true}]}}