{"id":154237,"date":"2026-03-02T15:57:08","date_gmt":"2026-03-02T08:57:08","guid":{"rendered":"http:\/\/tourcruiser.com\/product\/women-adidas-taekwondo-mei-ballet-black-gum"},"modified":"2026-03-28T01:24:09","modified_gmt":"2026-03-27T18:24:09","slug":"women-adidas-taekwondo-mei-ballet-black-gum","status":"publish","type":"product","link":"https:\/\/tourcruiser.com\/de\/products\/women-adidas-taekwondo-mei-ballet-black-gum\/","title":{"rendered":"(Women) adidas Taekwondo Mei Ballet &#8218;Black Gum&#8216;"},"content":{"rendered":"<p>Mit dem adidas Taekwondo Mei Ballet &#8218;Black Gum&#8216; JQ0669 f\u00fcr Damen vereinst du Stil und Leistung auf einzigartige Weise \u201d\u201c eine gelungene Kombination aus sportlichem und modernem Design.<\/p>\n<p>Dieser Schuh vereint Vielseitigkeit und Eleganz. Sein schlankes schwarzes Obermaterial aus weichen, atmungsaktiven Materialien sorgt f\u00fcr ganzt\u00e4gigen Tragekomfort. Die minimalistische Optik wird durch die Gummisohle unterstrichen, die hervorragenden Grip und Strapazierf\u00e4higkeit f\u00fcr dynamische Bewegungen bietet. Damit ist der Schuh perfekt f\u00fcr Freizeitaktivit\u00e4ten und leichte Trainingseinheiten.<\/p>\n<p>Die Silhouette des Taekwondo Mei Ballet ist von der Agilit\u00e4t des Kampfsports inspiriert und bietet eine leichte, flexible Passform bei gleichzeitig schicker, modischer \u00c4sthetik, die speziell auf Frauen zugeschnitten ist. Dezente adidas-Logos verleihen dem Schuh einen Hauch von Klasse, w\u00e4hrend die eng anliegende und dennoch atmungsaktive Struktur perfekt zu deinem aktiven und entspannten Lebensstil passt.<\/p>\n<p>Egal, ob du deinen Athleisure-Look aufpeppen oder ein funktionales Paar f\u00fcr den Alltag brauchst: Der adidas Taekwondo Mei Ballet &#8218;Black Gum&#8216; JQ0669 f\u00fcr Damen vereint Eleganz und sportliche Funktionalit\u00e4t und wird so schnell zu deinem neuen Lieblingsschuh.<\/p>\n<ul>\n<li><strong>Farbgebung:<\/strong> Core Black\/Cloud White\/Gum<\/li>\n<li><strong>Artikelnummer:<\/strong> JQ0669<\/li>\n<li><strong>Obermaterial:<\/strong> Wildleder<\/li>\n<li><strong>Farbe:<\/strong> Schwarz<\/li>\n<li><strong>Saison:<\/strong> Fr\u00fchling<\/li>\n<li><strong>Erscheinungsjahr:<\/strong> 2025<\/li>\n<\/ul>\n","protected":false},"excerpt":{"rendered":"<p>adidas Taekwondo Mei Ballet \u201d\u201d Core Black\/Cloud White\/Gum<\/p>\n","protected":false},"featured_media":154238,"comment_status":"open","ping_status":"closed","template":"","meta":[],"product_brand":[],"product_cat":[10941],"product_tag":[10917],"class_list":{"0":"post-154237","1":"product","2":"type-product","3":"status-publish","4":"has-post-thumbnail","6":"product_cat-adidas-women","7":"product_tag-small-130-usd","8":"wcpa_has_options","10":"first","11":"outofstock","12":"taxable","13":"shipping-taxable","14":"purchasable","15":"product-type-simple"},"wcpa_form_fields":{"rules":{"pric_overide_base_price":false,"pric_overide_base_price_if_gt_zero":false,"pric_overide_base_price_fully":false,"pric_cal_option_once":false,"pric_use_as_fee":false,"bind_quantity":false,"quantity_bind_formula":false},"fields":[{"type":"color-group","required":true,"elementId":"wcpa-color-group-66c4a7f817afe","label":"Gr\u00f6\u00dfe","inline":true,"priceOptions":"different_for_all","pricingType":"fixed","className":"hassizechart product-shoes-size-eu product-shoes-size","name":"color-group-66c4a7f817b18","disp_type":"square","selection_type":"tick-border","disp_size":"50","show_label_inside":true,"adjust_width":true,"cart_display_type":"text","other_text":"Other","cl_rule":"show","col":6,"values":[{"label":"35","value":"EU 35","price":"","pimage":"","pimage_id":"","pthumb":"","color":""},{"label":"35.5","value":"EU 35.5","price":"","pimage":"","pimage_id":"","pthumb":"","color":""},{"label":"36","value":"EU 36","price":"","pimage":"","pimage_id":"","pthumb":"","color":"","selected":true},{"label":"36 2\/3","value":"EU 36 2\/3","price":"","pimage":"","pimage_id":"","pthumb":"","color":""},{"label":"37 1\/3","value":"EU 37 1\/3","price":"","pimage":"","pimage_id":"","pthumb":"","color":""},{"label":"38","value":"EU 38","price":"","pimage":"","pimage_id":"","pthumb":"","color":""},{"label":"38 2\/3","value":"EU 38 2\/3","price":"","pimage":"","pimage_id":"","pthumb":"","color":""},{"label":"39 1\/3","value":"EU 39 1\/3","price":"","pimage":"","pimage_id":"","pthumb":"","color":""},{"label":"40","value":"EU 40","price":"","pimage":"","pimage_id":"","pthumb":"","color":""},{"label":"40 2\/3","value":"EU 40 2\/3","price":"","pimage":"","pimage_id":"","pthumb":"","color":""},{"label":"41 1\/3","value":"EU 41 1\/3","price":"","pimage":"","pimage_id":"","pthumb":"","color":""},{"label":"42","value":"EU 42","price":"","pimage":"","pimage_id":"","pthumb":"","color":""},{"label":"42 2\/3","value":"EU 42 2\/3","price":"","pimage":"","pimage_id":"","pthumb":"","color":""},{"label":"43 1\/3","value":"EU 43 1\/3","price":"","pimage":"","pimage_id":"","pthumb":"","color":""},{"label":"44","value":"EU 44","price":"","pimage":"","pimage_id":"","pthumb":"","color":""},{"label":"44 2\/3","value":"EU 44 2\/3","price":"","pimage":"","pimage_id":"","pthumb":"","color":""},{"label":"45 1\/3","value":"EU 45 1\/3","price":"","pimage":"","pimage_id":"","pthumb":"","color":""},{"label":"46","value":"EU 46","price":"","pimage":"","pimage_id":"","pthumb":"","color":""},{"label":"46 2\/3","value":"EU 46 2\/3","price":"","pimage":"","pimage_id":"","pthumb":"","color":""},{"label":"47 1\/3","value":"EU 47 1\/3","price":"","pimage":"","pimage_id":"","pthumb":"","color":""}],"relations":[{"operator":false,"rules":[]}],"form_id":24802,"form_rules":{"pric_cal_option_once":false,"exclude_from_discount":false,"pric_use_as_fee":false,"fee_label":"Fee","render_after_acb":false,"disp_hide_options_price":false}}]},"yoast_head":"<!-- This site is optimized with the Yoast SEO plugin v26.5 - https:\/\/yoast.com\/wordpress\/plugins\/seo\/ -->\n<title>(Women) adidas Taekwondo Mei Ballet &#039;Black Gum&#039;  - Tourcruiser PTE. LTD<\/title>\n<meta name=\"robots\" content=\"index, follow, max-snippet:-1, max-image-preview:large, max-video-preview:-1\" \/>\n<link rel=\"canonical\" href=\"https:\/\/tourcruiser.com\/de\/products\/women-adidas-taekwondo-mei-ballet-black-gum\/\" \/>\n<meta property=\"og:locale\" content=\"de_DE\" \/>\n<meta property=\"og:type\" content=\"article\" \/>\n<meta property=\"og:title\" content=\"(Women) adidas Taekwondo Mei Ballet &#039;Black Gum&#039;  - Tourcruiser PTE. LTD\" \/>\n<meta property=\"og:description\" content=\"adidas Taekwondo Mei Ballet \u201d\u201d Core Black\/Cloud White\/Gum\" \/>\n<meta property=\"og:url\" content=\"https:\/\/tourcruiser.com\/de\/products\/women-adidas-taekwondo-mei-ballet-black-gum\/\" \/>\n<meta property=\"og:site_name\" content=\"Tourcruiser Sneaker Store\" \/>\n<meta property=\"article:modified_time\" content=\"2026-03-27T18:24:09+00:00\" \/>\n<meta name=\"twitter:card\" content=\"summary_large_image\" \/>\n<meta name=\"twitter:image\" content=\"https:\/\/images.novelship.com\/product\/_women__adidas_taekwondo_mei_ballet__black_gum__jq_0_2772.jpeg;https:\/\/images.novelship.com\/product\/_women__adidas_taekwondo_mei_ballet__black_gum__jq_1_2772.jpeg;https:\/\/images.novelship.com\/product\/_women__adidas_taekwondo_mei_ballet__black_gum__jq_2_2772.jpeg;https:\/\/images.novelship.com\/product\/_women__adidas_taekwondo_mei_ballet__black_gum__jq_3_2772.jpeg;https:\/\/images.novelship.com\/product\/_women__adidas_taekwondo_mei_ballet__black_gum__jq_4_2772.jpeg\" \/>\n<meta name=\"twitter:label1\" content=\"Gesch\u00e4tzte Lesezeit\" \/>\n\t<meta name=\"twitter:data1\" content=\"1\u00a0Minute\" \/>\n<script type=\"application\/ld+json\" class=\"yoast-schema-graph\">{\"@context\":\"https:\/\/schema.org\",\"@graph\":[{\"@type\":\"WebPage\",\"@id\":\"https:\/\/tourcruiser.com\/de\/products\/women-adidas-taekwondo-mei-ballet-black-gum\/\",\"url\":\"https:\/\/tourcruiser.com\/de\/products\/women-adidas-taekwondo-mei-ballet-black-gum\/\",\"name\":\"(Women) adidas Taekwondo Mei Ballet 'Black Gum' - Tourcruiser PTE. LTD\",\"isPartOf\":{\"@id\":\"https:\/\/tourcruiser.com\/de\/#website\"},\"primaryImageOfPage\":{\"@id\":\"https:\/\/tourcruiser.com\/de\/products\/women-adidas-taekwondo-mei-ballet-black-gum\/#primaryimage\"},\"image\":{\"@id\":\"https:\/\/tourcruiser.com\/de\/products\/women-adidas-taekwondo-mei-ballet-black-gum\/#primaryimage\"},\"thumbnailUrl\":\"https:\/\/images.novelship.com\/product\/_women__adidas_taekwondo_mei_ballet__black_gum__jq_0_2772.jpeg;https:\/\/images.novelship.com\/product\/_women__adidas_taekwondo_mei_ballet__black_gum__jq_1_2772.jpeg;https:\/\/images.novelship.com\/product\/_women__adidas_taekwondo_mei_ballet__black_gum__jq_2_2772.jpeg;https:\/\/images.novelship.com\/product\/_women__adidas_taekwondo_mei_ballet__black_gum__jq_3_2772.jpeg;https:\/\/images.novelship.com\/product\/_women__adidas_taekwondo_mei_ballet__black_gum__jq_4_2772.jpeg\",\"datePublished\":\"2026-03-02T08:57:08+00:00\",\"dateModified\":\"2026-03-27T18:24:09+00:00\",\"breadcrumb\":{\"@id\":\"https:\/\/tourcruiser.com\/de\/products\/women-adidas-taekwondo-mei-ballet-black-gum\/#breadcrumb\"},\"inLanguage\":\"de\",\"potentialAction\":[{\"@type\":\"ReadAction\",\"target\":[\"https:\/\/tourcruiser.com\/de\/products\/women-adidas-taekwondo-mei-ballet-black-gum\/\"]}]},{\"@type\":\"ImageObject\",\"inLanguage\":\"de\",\"@id\":\"https:\/\/tourcruiser.com\/de\/products\/women-adidas-taekwondo-mei-ballet-black-gum\/#primaryimage\",\"url\":\"https:\/\/images.novelship.com\/product\/_women__adidas_taekwondo_mei_ballet__black_gum__jq_0_2772.jpeg;https:\/\/images.novelship.com\/product\/_women__adidas_taekwondo_mei_ballet__black_gum__jq_1_2772.jpeg;https:\/\/images.novelship.com\/product\/_women__adidas_taekwondo_mei_ballet__black_gum__jq_2_2772.jpeg;https:\/\/images.novelship.com\/product\/_women__adidas_taekwondo_mei_ballet__black_gum__jq_3_2772.jpeg;https:\/\/images.novelship.com\/product\/_women__adidas_taekwondo_mei_ballet__black_gum__jq_4_2772.jpeg\",\"contentUrl\":\"https:\/\/images.novelship.com\/product\/_women__adidas_taekwondo_mei_ballet__black_gum__jq_0_2772.jpeg;https:\/\/images.novelship.com\/product\/_women__adidas_taekwondo_mei_ballet__black_gum__jq_1_2772.jpeg;https:\/\/images.novelship.com\/product\/_women__adidas_taekwondo_mei_ballet__black_gum__jq_2_2772.jpeg;https:\/\/images.novelship.com\/product\/_women__adidas_taekwondo_mei_ballet__black_gum__jq_3_2772.jpeg;https:\/\/images.novelship.com\/product\/_women__adidas_taekwondo_mei_ballet__black_gum__jq_4_2772.jpeg\"},{\"@type\":\"BreadcrumbList\",\"@id\":\"https:\/\/tourcruiser.com\/de\/products\/women-adidas-taekwondo-mei-ballet-black-gum\/#breadcrumb\",\"itemListElement\":[{\"@type\":\"ListItem\",\"position\":1,\"name\":\"Home\",\"item\":\"https:\/\/tourcruiser.com\/de\/\"},{\"@type\":\"ListItem\",\"position\":2,\"name\":\"Shop\",\"item\":\"https:\/\/tourcruiser.com\/de\/shop\/\"},{\"@type\":\"ListItem\",\"position\":3,\"name\":\"(Women) adidas Taekwondo Mei Ballet 'Black Gum'\"}]},{\"@type\":\"WebSite\",\"@id\":\"https:\/\/tourcruiser.com\/de\/#website\",\"url\":\"https:\/\/tourcruiser.com\/de\/\",\"name\":\"Styloral Jewelry Shop\",\"description\":\"Tourcruiser Sneaker Store \u2014 der Ort, an dem das Universum deine Einzigartigkeit trifft.\",\"publisher\":{\"@id\":\"https:\/\/tourcruiser.com\/de\/#organization\"},\"potentialAction\":[{\"@type\":\"SearchAction\",\"target\":{\"@type\":\"EntryPoint\",\"urlTemplate\":\"https:\/\/tourcruiser.com\/de\/?s={search_term_string}\"},\"query-input\":{\"@type\":\"PropertyValueSpecification\",\"valueRequired\":true,\"valueName\":\"search_term_string\"}}],\"inLanguage\":\"de\"},{\"@type\":\"Organization\",\"@id\":\"https:\/\/tourcruiser.com\/de\/#organization\",\"name\":\"STYLORAL PTE. LTD\",\"url\":\"https:\/\/tourcruiser.com\/de\/\",\"logo\":{\"@type\":\"ImageObject\",\"inLanguage\":\"de\",\"@id\":\"https:\/\/tourcruiser.com\/de\/#\/schema\/logo\/image\/\",\"url\":\"https:\/\/www.tourcruiser.com\/wp-content\/uploads\/2025\/12\/logo.png\",\"contentUrl\":\"https:\/\/www.tourcruiser.com\/wp-content\/uploads\/2025\/12\/logo.png\",\"width\":200,\"height\":65,\"caption\":\"STYLORAL PTE. LTD\"},\"image\":{\"@id\":\"https:\/\/tourcruiser.com\/de\/#\/schema\/logo\/image\/\"}}]}<\/script>\n<!-- \/ Yoast SEO plugin. -->","yoast_head_json":{"title":"(Women) adidas Taekwondo Mei Ballet 'Black Gum'  - Tourcruiser PTE. LTD","robots":{"index":"index","follow":"follow","max-snippet":"max-snippet:-1","max-image-preview":"max-image-preview:large","max-video-preview":"max-video-preview:-1"},"canonical":"https:\/\/tourcruiser.com\/de\/products\/women-adidas-taekwondo-mei-ballet-black-gum\/","og_locale":"de_DE","og_type":"article","og_title":"(Women) adidas Taekwondo Mei Ballet 'Black Gum'  - Tourcruiser PTE. LTD","og_description":"adidas Taekwondo Mei Ballet \u201d\u201d Core Black\/Cloud White\/Gum","og_url":"https:\/\/tourcruiser.com\/de\/products\/women-adidas-taekwondo-mei-ballet-black-gum\/","og_site_name":"Tourcruiser Sneaker Store","article_modified_time":"2026-03-27T18:24:09+00:00","twitter_card":"summary_large_image","twitter_image":"https:\/\/images.novelship.com\/product\/_women__adidas_taekwondo_mei_ballet__black_gum__jq_0_2772.jpeg;https:\/\/images.novelship.com\/product\/_women__adidas_taekwondo_mei_ballet__black_gum__jq_1_2772.jpeg;https:\/\/images.novelship.com\/product\/_women__adidas_taekwondo_mei_ballet__black_gum__jq_2_2772.jpeg;https:\/\/images.novelship.com\/product\/_women__adidas_taekwondo_mei_ballet__black_gum__jq_3_2772.jpeg;https:\/\/images.novelship.com\/product\/_women__adidas_taekwondo_mei_ballet__black_gum__jq_4_2772.jpeg","twitter_misc":{"Gesch\u00e4tzte Lesezeit":"1\u00a0Minute"},"schema":{"@context":"https:\/\/schema.org","@graph":[{"@type":"WebPage","@id":"https:\/\/tourcruiser.com\/de\/products\/women-adidas-taekwondo-mei-ballet-black-gum\/","url":"https:\/\/tourcruiser.com\/de\/products\/women-adidas-taekwondo-mei-ballet-black-gum\/","name":"(Women) adidas Taekwondo Mei Ballet 'Black Gum' - Tourcruiser PTE. LTD","isPartOf":{"@id":"https:\/\/tourcruiser.com\/de\/#website"},"primaryImageOfPage":{"@id":"https:\/\/tourcruiser.com\/de\/products\/women-adidas-taekwondo-mei-ballet-black-gum\/#primaryimage"},"image":{"@id":"https:\/\/tourcruiser.com\/de\/products\/women-adidas-taekwondo-mei-ballet-black-gum\/#primaryimage"},"thumbnailUrl":"https:\/\/images.novelship.com\/product\/_women__adidas_taekwondo_mei_ballet__black_gum__jq_0_2772.jpeg;https:\/\/images.novelship.com\/product\/_women__adidas_taekwondo_mei_ballet__black_gum__jq_1_2772.jpeg;https:\/\/images.novelship.com\/product\/_women__adidas_taekwondo_mei_ballet__black_gum__jq_2_2772.jpeg;https:\/\/images.novelship.com\/product\/_women__adidas_taekwondo_mei_ballet__black_gum__jq_3_2772.jpeg;https:\/\/images.novelship.com\/product\/_women__adidas_taekwondo_mei_ballet__black_gum__jq_4_2772.jpeg","datePublished":"2026-03-02T08:57:08+00:00","dateModified":"2026-03-27T18:24:09+00:00","breadcrumb":{"@id":"https:\/\/tourcruiser.com\/de\/products\/women-adidas-taekwondo-mei-ballet-black-gum\/#breadcrumb"},"inLanguage":"de","potentialAction":[{"@type":"ReadAction","target":["https:\/\/tourcruiser.com\/de\/products\/women-adidas-taekwondo-mei-ballet-black-gum\/"]}]},{"@type":"ImageObject","inLanguage":"de","@id":"https:\/\/tourcruiser.com\/de\/products\/women-adidas-taekwondo-mei-ballet-black-gum\/#primaryimage","url":"https:\/\/images.novelship.com\/product\/_women__adidas_taekwondo_mei_ballet__black_gum__jq_0_2772.jpeg;https:\/\/images.novelship.com\/product\/_women__adidas_taekwondo_mei_ballet__black_gum__jq_1_2772.jpeg;https:\/\/images.novelship.com\/product\/_women__adidas_taekwondo_mei_ballet__black_gum__jq_2_2772.jpeg;https:\/\/images.novelship.com\/product\/_women__adidas_taekwondo_mei_ballet__black_gum__jq_3_2772.jpeg;https:\/\/images.novelship.com\/product\/_women__adidas_taekwondo_mei_ballet__black_gum__jq_4_2772.jpeg","contentUrl":"https:\/\/images.novelship.com\/product\/_women__adidas_taekwondo_mei_ballet__black_gum__jq_0_2772.jpeg;https:\/\/images.novelship.com\/product\/_women__adidas_taekwondo_mei_ballet__black_gum__jq_1_2772.jpeg;https:\/\/images.novelship.com\/product\/_women__adidas_taekwondo_mei_ballet__black_gum__jq_2_2772.jpeg;https:\/\/images.novelship.com\/product\/_women__adidas_taekwondo_mei_ballet__black_gum__jq_3_2772.jpeg;https:\/\/images.novelship.com\/product\/_women__adidas_taekwondo_mei_ballet__black_gum__jq_4_2772.jpeg"},{"@type":"BreadcrumbList","@id":"https:\/\/tourcruiser.com\/de\/products\/women-adidas-taekwondo-mei-ballet-black-gum\/#breadcrumb","itemListElement":[{"@type":"ListItem","position":1,"name":"Home","item":"https:\/\/tourcruiser.com\/de\/"},{"@type":"ListItem","position":2,"name":"Shop","item":"https:\/\/tourcruiser.com\/de\/shop\/"},{"@type":"ListItem","position":3,"name":"(Women) adidas Taekwondo Mei Ballet 'Black Gum'"}]},{"@type":"WebSite","@id":"https:\/\/tourcruiser.com\/de\/#website","url":"https:\/\/tourcruiser.com\/de\/","name":"Styloral Jewelry Shop","description":"Tourcruiser Sneaker Store \u2014 der Ort, an dem das Universum deine Einzigartigkeit trifft.","publisher":{"@id":"https:\/\/tourcruiser.com\/de\/#organization"},"potentialAction":[{"@type":"SearchAction","target":{"@type":"EntryPoint","urlTemplate":"https:\/\/tourcruiser.com\/de\/?s={search_term_string}"},"query-input":{"@type":"PropertyValueSpecification","valueRequired":true,"valueName":"search_term_string"}}],"inLanguage":"de"},{"@type":"Organization","@id":"https:\/\/tourcruiser.com\/de\/#organization","name":"STYLORAL PTE. LTD","url":"https:\/\/tourcruiser.com\/de\/","logo":{"@type":"ImageObject","inLanguage":"de","@id":"https:\/\/tourcruiser.com\/de\/#\/schema\/logo\/image\/","url":"https:\/\/www.tourcruiser.com\/wp-content\/uploads\/2025\/12\/logo.png","contentUrl":"https:\/\/www.tourcruiser.com\/wp-content\/uploads\/2025\/12\/logo.png","width":200,"height":65,"caption":"STYLORAL PTE. LTD"},"image":{"@id":"https:\/\/tourcruiser.com\/de\/#\/schema\/logo\/image\/"}}]}},"_links":{"self":[{"href":"https:\/\/tourcruiser.com\/de\/wp-json\/wp\/v2\/product\/154237","targetHints":{"allow":["GET"]}}],"collection":[{"href":"https:\/\/tourcruiser.com\/de\/wp-json\/wp\/v2\/product"}],"about":[{"href":"https:\/\/tourcruiser.com\/de\/wp-json\/wp\/v2\/types\/product"}],"replies":[{"embeddable":true,"href":"https:\/\/tourcruiser.com\/de\/wp-json\/wp\/v2\/comments?post=154237"}],"wp:featuredmedia":[{"embeddable":true,"href":"https:\/\/tourcruiser.com\/de\/wp-json\/wp\/v2\/media\/154238"}],"wp:attachment":[{"href":"https:\/\/tourcruiser.com\/de\/wp-json\/wp\/v2\/media?parent=154237"}],"wp:term":[{"taxonomy":"product_brand","embeddable":true,"href":"https:\/\/tourcruiser.com\/de\/wp-json\/wp\/v2\/product_brand?post=154237"},{"taxonomy":"product_cat","embeddable":true,"href":"https:\/\/tourcruiser.com\/de\/wp-json\/wp\/v2\/product_cat?post=154237"},{"taxonomy":"product_tag","embeddable":true,"href":"https:\/\/tourcruiser.com\/de\/wp-json\/wp\/v2\/product_tag?post=154237"}],"curies":[{"name":"wp","href":"https:\/\/api.w.org\/{rel}","templated":true}]}}