{"id":154146,"date":"2026-03-02T15:56:59","date_gmt":"2026-03-02T08:56:59","guid":{"rendered":"http:\/\/tourcruiser.com\/product\/asics-gel-venture-10-extra-wide"},"modified":"2026-03-02T15:56:59","modified_gmt":"2026-03-02T08:56:59","slug":"asics-gel-venture-10-extra-wide","status":"publish","type":"product","link":"https:\/\/tourcruiser.com\/de\/products\/asics-gel-venture-10-extra-wide\/","title":{"rendered":"ASICS GEL-VENTURE 10 EXTRA WIDE"},"content":{"rendered":"<p>Erleben Sie ultimativen Komfort und optimale Performance mit den ASICS GEL-VENTURE 10 Extra Wide Laufschuhen \u201d\u201c entwickelt f\u00fcr Outdoor-Fans, die bei jedem Schritt maximale Unterst\u00fctzung suchen. Dank ihrer extraweiten Passform sind diese vielseitigen Schuhe ideal f\u00fcr alle, die beim Laufen oder im Alltag Wert auf Komfort und Funktionalit\u00e4t legen. Die fortschrittliche GEL-D\u00e4mpfungstechnologie absorbiert St\u00f6\u00dfe m\u00fchelos und sorgt f\u00fcr ein geschmeidiges Laufgef\u00fchl auf unterschiedlichem Terrain. Die robuste Au\u00dfensohle garantiert Langlebigkeit und hervorragenden Grip f\u00fcr Trailrunning und Stadterkundungen. Verst\u00e4rkt durch ein atmungsaktives Obermaterial und eine bequeme Passform, halten diese Schuhe Ihre F\u00fc\u00dfe k\u00fchl und sicher \u201d\u201c egal wie weit Sie laufen. Der ASICS GEL-VENTURE 10 Extra Wide ist ideal f\u00fcr L\u00e4ufer, Wanderer und alle, die gerne aktiv sind. Er definiert Bewegungsfreiheit neu und bietet ganzt\u00e4gigen Komfort und optimale Performance.<\/p>\n<p>Farbe: Schwarz\/Graphitgrau<br \/>\nArtikelnummer: 1011B966-001<br \/>\nObermaterial: Mesh<br \/>\nZwischensohle: Gel<br \/>\nFarbe: Schwarz<\/p>\n<p>Farbe: Schwarz<\/p>\n","protected":false},"excerpt":{"rendered":"<p>ASICS GEL-VENTURE 10 Extra Wide \u201d\u201d Black\/Graphite Grey<\/p>\n","protected":false},"featured_media":154147,"comment_status":"open","ping_status":"closed","template":"","meta":[],"product_brand":[],"product_cat":[10792],"product_tag":[10791,10839,10802,10840,11006,10785,10786,10758],"class_list":{"0":"post-154146","1":"product","2":"type-product","3":"status-publish","4":"has-post-thumbnail","6":"product_cat-asics","7":"product_tag-asics","8":"product_tag-performance-running-shoes","9":"product_tag-performance-sport-shoes","10":"product_tag-running-shoes","11":"product_tag-trail-running-shoes","12":"product_tag-trending-deals","13":"product_tag-trending-deals-under-150","14":"product_tag-under-retail","15":"wcpa_has_options","17":"first","18":"instock","19":"taxable","20":"shipping-taxable","21":"purchasable","22":"product-type-simple"},"wcpa_form_fields":{"rules":{"pric_overide_base_price":false,"pric_overide_base_price_if_gt_zero":false,"pric_overide_base_price_fully":false,"pric_cal_option_once":false,"pric_use_as_fee":false,"bind_quantity":false,"quantity_bind_formula":false},"fields":[{"type":"color-group","required":true,"elementId":"wcpa-color-group-69a5ab08ee12d","label":"Gr\u00f6\u00dfe","inline":true,"priceOptions":"different_for_all","pricingType":"fixed","className":"hassizechart product-shoes-size-eu product-shoes-size","name":"color-group-69a5ab08ee136","disp_type":"square","selection_type":"tick-border","disp_size":"50","show_label_inside":true,"adjust_width":true,"cart_display_type":"text","other_text":"Other","cl_rule":"show","col":6,"values":[{"label":"36","value":"EU 36","price":"","pimage":"","pimage_id":"","pthumb":"","color":"","selected":true},{"label":"37","value":"EU 37","price":"","pimage":"","pimage_id":"","pthumb":"","color":""},{"label":"37.5","value":"EU 37.5","price":"","pimage":"","pimage_id":"","pthumb":"","color":""},{"label":"38","value":"EU 38","price":"","pimage":"","pimage_id":"","pthumb":"","color":""},{"label":"38.5","value":"EU 38.5","price":"","pimage":"","pimage_id":"","pthumb":"","color":""},{"label":"39","value":"EU 39","price":"","pimage":"","pimage_id":"","pthumb":"","color":""},{"label":"39.5","value":"EU 39.5","price":"","pimage":"","pimage_id":"","pthumb":"","color":""},{"label":"40","value":"EU 40","price":"","pimage":"","pimage_id":"","pthumb":"","color":""},{"label":"40.5","value":"EU 40.5","price":"","pimage":"","pimage_id":"","pthumb":"","color":""},{"label":" 41.5","value":"EU 41.5","price":"","pimage":"","pimage_id":"","pthumb":"","color":""},{"label":"42","value":"EU 42","price":"","pimage":"","pimage_id":"","pthumb":"","color":""},{"label":"42.5","value":"EU 42.5","price":"","pimage":"","pimage_id":"","pthumb":"","color":""},{"label":"43.5","value":"EU 43.5","price":"","pimage":"","pimage_id":"","pthumb":"","color":""},{"label":"44","value":"EU 44","price":"","pimage":"","pimage_id":"","pthumb":"","color":""},{"label":"44.5","value":"EU 44.5","price":"","pimage":"","pimage_id":"","pthumb":"","color":""},{"label":"45","value":"EU 45","price":"","pimage":"","pimage_id":"","pthumb":"","color":""}],"relations":[{"operator":false,"rules":[]}],"form_id":184311,"form_rules":{"pric_cal_option_once":false,"exclude_from_discount":false,"pric_use_as_fee":false,"fee_label":"Fee","render_after_acb":false,"disp_hide_options_price":false}}]},"yoast_head":"<!-- This site is optimized with the Yoast SEO plugin v26.5 - https:\/\/yoast.com\/wordpress\/plugins\/seo\/ -->\n<title>ASICS GEL-VENTURE 10 EXTRA WIDE  - Tourcruiser PTE. LTD<\/title>\n<meta name=\"robots\" content=\"index, follow, max-snippet:-1, max-image-preview:large, max-video-preview:-1\" \/>\n<link rel=\"canonical\" href=\"https:\/\/tourcruiser.com\/de\/products\/asics-gel-venture-10-extra-wide\/\" \/>\n<meta property=\"og:locale\" content=\"de_DE\" \/>\n<meta property=\"og:type\" content=\"article\" \/>\n<meta property=\"og:title\" content=\"ASICS GEL-VENTURE 10 EXTRA WIDE  - Tourcruiser PTE. LTD\" \/>\n<meta property=\"og:description\" content=\"ASICS GEL-VENTURE 10 Extra Wide \u201d\u201d Black\/Graphite Grey\" \/>\n<meta property=\"og:url\" content=\"https:\/\/tourcruiser.com\/de\/products\/asics-gel-venture-10-extra-wide\/\" \/>\n<meta property=\"og:site_name\" content=\"Tourcruiser Sneaker Store\" \/>\n<meta name=\"twitter:card\" content=\"summary_large_image\" \/>\n<meta name=\"twitter:image\" content=\"https:\/\/images.novelship.com\/product\/asics_gel-venture_10_extra_wide_1011b966-001_0_26124.jpeg\" \/>\n<meta name=\"twitter:label1\" content=\"Gesch\u00e4tzte Lesezeit\" \/>\n\t<meta name=\"twitter:data1\" content=\"1\u00a0Minute\" \/>\n<script type=\"application\/ld+json\" class=\"yoast-schema-graph\">{\"@context\":\"https:\/\/schema.org\",\"@graph\":[{\"@type\":\"WebPage\",\"@id\":\"https:\/\/tourcruiser.com\/de\/products\/asics-gel-venture-10-extra-wide\/\",\"url\":\"https:\/\/tourcruiser.com\/de\/products\/asics-gel-venture-10-extra-wide\/\",\"name\":\"ASICS GEL-VENTURE 10 EXTRA WIDE - Tourcruiser PTE. LTD\",\"isPartOf\":{\"@id\":\"https:\/\/tourcruiser.com\/de\/#website\"},\"primaryImageOfPage\":{\"@id\":\"https:\/\/tourcruiser.com\/de\/products\/asics-gel-venture-10-extra-wide\/#primaryimage\"},\"image\":{\"@id\":\"https:\/\/tourcruiser.com\/de\/products\/asics-gel-venture-10-extra-wide\/#primaryimage\"},\"thumbnailUrl\":\"https:\/\/images.novelship.com\/product\/asics_gel-venture_10_extra_wide_1011b966-001_0_26124.jpeg\",\"datePublished\":\"2026-03-02T08:56:59+00:00\",\"breadcrumb\":{\"@id\":\"https:\/\/tourcruiser.com\/de\/products\/asics-gel-venture-10-extra-wide\/#breadcrumb\"},\"inLanguage\":\"de\",\"potentialAction\":[{\"@type\":\"ReadAction\",\"target\":[\"https:\/\/tourcruiser.com\/de\/products\/asics-gel-venture-10-extra-wide\/\"]}]},{\"@type\":\"ImageObject\",\"inLanguage\":\"de\",\"@id\":\"https:\/\/tourcruiser.com\/de\/products\/asics-gel-venture-10-extra-wide\/#primaryimage\",\"url\":\"https:\/\/images.novelship.com\/product\/asics_gel-venture_10_extra_wide_1011b966-001_0_26124.jpeg\",\"contentUrl\":\"https:\/\/images.novelship.com\/product\/asics_gel-venture_10_extra_wide_1011b966-001_0_26124.jpeg\"},{\"@type\":\"BreadcrumbList\",\"@id\":\"https:\/\/tourcruiser.com\/de\/products\/asics-gel-venture-10-extra-wide\/#breadcrumb\",\"itemListElement\":[{\"@type\":\"ListItem\",\"position\":1,\"name\":\"Home\",\"item\":\"https:\/\/tourcruiser.com\/de\/\"},{\"@type\":\"ListItem\",\"position\":2,\"name\":\"Shop\",\"item\":\"https:\/\/tourcruiser.com\/de\/shop\/\"},{\"@type\":\"ListItem\",\"position\":3,\"name\":\"ASICS GEL-VENTURE 10 EXTRA WIDE\"}]},{\"@type\":\"WebSite\",\"@id\":\"https:\/\/tourcruiser.com\/de\/#website\",\"url\":\"https:\/\/tourcruiser.com\/de\/\",\"name\":\"Styloral Jewelry Shop\",\"description\":\"Tourcruiser Sneaker Store \u2014 der Ort, an dem das Universum deine Einzigartigkeit trifft.\",\"publisher\":{\"@id\":\"https:\/\/tourcruiser.com\/de\/#organization\"},\"potentialAction\":[{\"@type\":\"SearchAction\",\"target\":{\"@type\":\"EntryPoint\",\"urlTemplate\":\"https:\/\/tourcruiser.com\/de\/?s={search_term_string}\"},\"query-input\":{\"@type\":\"PropertyValueSpecification\",\"valueRequired\":true,\"valueName\":\"search_term_string\"}}],\"inLanguage\":\"de\"},{\"@type\":\"Organization\",\"@id\":\"https:\/\/tourcruiser.com\/de\/#organization\",\"name\":\"STYLORAL PTE. LTD\",\"url\":\"https:\/\/tourcruiser.com\/de\/\",\"logo\":{\"@type\":\"ImageObject\",\"inLanguage\":\"de\",\"@id\":\"https:\/\/tourcruiser.com\/de\/#\/schema\/logo\/image\/\",\"url\":\"https:\/\/www.tourcruiser.com\/wp-content\/uploads\/2025\/12\/logo.png\",\"contentUrl\":\"https:\/\/www.tourcruiser.com\/wp-content\/uploads\/2025\/12\/logo.png\",\"width\":200,\"height\":65,\"caption\":\"STYLORAL PTE. LTD\"},\"image\":{\"@id\":\"https:\/\/tourcruiser.com\/de\/#\/schema\/logo\/image\/\"}}]}<\/script>\n<!-- \/ Yoast SEO plugin. -->","yoast_head_json":{"title":"ASICS GEL-VENTURE 10 EXTRA WIDE  - Tourcruiser PTE. LTD","robots":{"index":"index","follow":"follow","max-snippet":"max-snippet:-1","max-image-preview":"max-image-preview:large","max-video-preview":"max-video-preview:-1"},"canonical":"https:\/\/tourcruiser.com\/de\/products\/asics-gel-venture-10-extra-wide\/","og_locale":"de_DE","og_type":"article","og_title":"ASICS GEL-VENTURE 10 EXTRA WIDE  - Tourcruiser PTE. LTD","og_description":"ASICS GEL-VENTURE 10 Extra Wide \u201d\u201d Black\/Graphite Grey","og_url":"https:\/\/tourcruiser.com\/de\/products\/asics-gel-venture-10-extra-wide\/","og_site_name":"Tourcruiser Sneaker Store","twitter_card":"summary_large_image","twitter_image":"https:\/\/images.novelship.com\/product\/asics_gel-venture_10_extra_wide_1011b966-001_0_26124.jpeg","twitter_misc":{"Gesch\u00e4tzte Lesezeit":"1\u00a0Minute"},"schema":{"@context":"https:\/\/schema.org","@graph":[{"@type":"WebPage","@id":"https:\/\/tourcruiser.com\/de\/products\/asics-gel-venture-10-extra-wide\/","url":"https:\/\/tourcruiser.com\/de\/products\/asics-gel-venture-10-extra-wide\/","name":"ASICS GEL-VENTURE 10 EXTRA WIDE - Tourcruiser PTE. LTD","isPartOf":{"@id":"https:\/\/tourcruiser.com\/de\/#website"},"primaryImageOfPage":{"@id":"https:\/\/tourcruiser.com\/de\/products\/asics-gel-venture-10-extra-wide\/#primaryimage"},"image":{"@id":"https:\/\/tourcruiser.com\/de\/products\/asics-gel-venture-10-extra-wide\/#primaryimage"},"thumbnailUrl":"https:\/\/images.novelship.com\/product\/asics_gel-venture_10_extra_wide_1011b966-001_0_26124.jpeg","datePublished":"2026-03-02T08:56:59+00:00","breadcrumb":{"@id":"https:\/\/tourcruiser.com\/de\/products\/asics-gel-venture-10-extra-wide\/#breadcrumb"},"inLanguage":"de","potentialAction":[{"@type":"ReadAction","target":["https:\/\/tourcruiser.com\/de\/products\/asics-gel-venture-10-extra-wide\/"]}]},{"@type":"ImageObject","inLanguage":"de","@id":"https:\/\/tourcruiser.com\/de\/products\/asics-gel-venture-10-extra-wide\/#primaryimage","url":"https:\/\/images.novelship.com\/product\/asics_gel-venture_10_extra_wide_1011b966-001_0_26124.jpeg","contentUrl":"https:\/\/images.novelship.com\/product\/asics_gel-venture_10_extra_wide_1011b966-001_0_26124.jpeg"},{"@type":"BreadcrumbList","@id":"https:\/\/tourcruiser.com\/de\/products\/asics-gel-venture-10-extra-wide\/#breadcrumb","itemListElement":[{"@type":"ListItem","position":1,"name":"Home","item":"https:\/\/tourcruiser.com\/de\/"},{"@type":"ListItem","position":2,"name":"Shop","item":"https:\/\/tourcruiser.com\/de\/shop\/"},{"@type":"ListItem","position":3,"name":"ASICS GEL-VENTURE 10 EXTRA WIDE"}]},{"@type":"WebSite","@id":"https:\/\/tourcruiser.com\/de\/#website","url":"https:\/\/tourcruiser.com\/de\/","name":"Styloral Jewelry Shop","description":"Tourcruiser Sneaker Store \u2014 der Ort, an dem das Universum deine Einzigartigkeit trifft.","publisher":{"@id":"https:\/\/tourcruiser.com\/de\/#organization"},"potentialAction":[{"@type":"SearchAction","target":{"@type":"EntryPoint","urlTemplate":"https:\/\/tourcruiser.com\/de\/?s={search_term_string}"},"query-input":{"@type":"PropertyValueSpecification","valueRequired":true,"valueName":"search_term_string"}}],"inLanguage":"de"},{"@type":"Organization","@id":"https:\/\/tourcruiser.com\/de\/#organization","name":"STYLORAL PTE. LTD","url":"https:\/\/tourcruiser.com\/de\/","logo":{"@type":"ImageObject","inLanguage":"de","@id":"https:\/\/tourcruiser.com\/de\/#\/schema\/logo\/image\/","url":"https:\/\/www.tourcruiser.com\/wp-content\/uploads\/2025\/12\/logo.png","contentUrl":"https:\/\/www.tourcruiser.com\/wp-content\/uploads\/2025\/12\/logo.png","width":200,"height":65,"caption":"STYLORAL PTE. LTD"},"image":{"@id":"https:\/\/tourcruiser.com\/de\/#\/schema\/logo\/image\/"}}]}},"_links":{"self":[{"href":"https:\/\/tourcruiser.com\/de\/wp-json\/wp\/v2\/product\/154146","targetHints":{"allow":["GET"]}}],"collection":[{"href":"https:\/\/tourcruiser.com\/de\/wp-json\/wp\/v2\/product"}],"about":[{"href":"https:\/\/tourcruiser.com\/de\/wp-json\/wp\/v2\/types\/product"}],"replies":[{"embeddable":true,"href":"https:\/\/tourcruiser.com\/de\/wp-json\/wp\/v2\/comments?post=154146"}],"wp:featuredmedia":[{"embeddable":true,"href":"https:\/\/tourcruiser.com\/de\/wp-json\/wp\/v2\/media\/154147"}],"wp:attachment":[{"href":"https:\/\/tourcruiser.com\/de\/wp-json\/wp\/v2\/media?parent=154146"}],"wp:term":[{"taxonomy":"product_brand","embeddable":true,"href":"https:\/\/tourcruiser.com\/de\/wp-json\/wp\/v2\/product_brand?post=154146"},{"taxonomy":"product_cat","embeddable":true,"href":"https:\/\/tourcruiser.com\/de\/wp-json\/wp\/v2\/product_cat?post=154146"},{"taxonomy":"product_tag","embeddable":true,"href":"https:\/\/tourcruiser.com\/de\/wp-json\/wp\/v2\/product_tag?post=154146"}],"curies":[{"name":"wp","href":"https:\/\/api.w.org\/{rel}","templated":true}]}}