{"id":153607,"date":"2026-03-02T15:56:11","date_gmt":"2026-03-02T08:56:11","guid":{"rendered":"http:\/\/tourcruiser.com\/product\/nike-lunar-rom-black-midnight-navy"},"modified":"2026-03-28T01:23:40","modified_gmt":"2026-03-27T18:23:40","slug":"nike-lunar-rom-black-midnight-navy","status":"publish","type":"product","link":"https:\/\/tourcruiser.com\/de\/products\/nike-lunar-rom-black-midnight-navy\/","title":{"rendered":"Nike Lunar Rom &#8218;Black Midnight Navy&#8216;"},"content":{"rendered":"<p>Der Nike Lunar Rom \u201eBlack Midnight Navy\u201c HM0713-001 vereint elegantes Design mit erstklassiger Performance und bietet so unvergleichlichen Komfort und Stabilit\u00e4t f\u00fcr ambitionierte Sportler und Fitnessbegeisterte. Dieser strapazierf\u00e4hige Schuh besticht durch sein hochwertiges, schwarzes, strukturiertes Obermaterial mit dezenten Akzenten in Mitternachtsblau und verleiht dem Schuh eine moderne, markante Optik \u201d\u201c perfekt f\u00fcrs Fitnessstudio oder den l\u00e4ssigen Streetwear-Look. Die fortschrittliche Lunar-Mittelsohlentechnologie sorgt f\u00fcr reaktionsfreudige D\u00e4mpfung und hervorragende Sto\u00dfabsorption, damit du intensive Workouts oder Gewichtheber-Einheiten m\u00fchelos meisterst. Die flache, rutschfeste Au\u00dfensohle bietet au\u00dfergew\u00f6hnlichen Grip und Stabilit\u00e4t und ist somit ideal f\u00fcr schwere Gewichte und dynamische Bewegungen. Atmungsaktivit\u00e4t und Halt werden durch einen verstellbaren Riemen \u00fcber dem Mittelfu\u00df gew\u00e4hrleistet, der f\u00fcr sicheren Halt sorgt und die Fu\u00dferm\u00fcdung bei l\u00e4ngerem Tragen reduziert. Egal, ob du im Fitnessstudio an deine Grenzen gehst, f\u00fcr deinen n\u00e4chsten Wettkampf trainierst oder einfach deinen Style aufwerten m\u00f6chtest \u201d\u201c der Nike Lunar Rom \u201eBlack Midnight Navy\u201c ist ein vielseitiges Must-have, das Funktion und Mode wie kein anderer vereint. Dieser sorgf\u00e4ltig designte Schuh wurde f\u00fcr H\u00f6chstleistungen und ganzt\u00e4gigen Tragekomfort entwickelt und ist der perfekte Begleiter, um neue pers\u00f6nliche Bestleistungen zu erzielen und Ihre Trainingsziele neu zu definieren. Sehen Sie gut aus, leisten Sie mehr und meistern Sie jede Herausforderung mit Selbstvertrauen.<\/p>\n<ul>\n<li><strong>Farbgebung:<\/strong> Schwarz\/Mitternachtsblau\/Wei\u00df\/Reflektierendes Silber<\/li>\n<li><strong>Artikelnummer:<\/strong> HM0713-001<\/li>\n<li><strong>Obermaterial:<\/strong> Mesh<\/li>\n<li><strong>Zwischensohle:<\/strong> Lunarlon<\/li>\n<li><strong>Farbe:<\/strong> Schwarz<\/li>\n<\/ul>\n","protected":false},"excerpt":{"rendered":"<p>Nike Lunar Rom \u201d\u201d Black\/Midnight Navy\/White\/Reflect Silver<\/p>\n","protected":false},"featured_media":153608,"comment_status":"open","ping_status":"closed","template":"","meta":[],"product_brand":[],"product_cat":[10803],"product_tag":[10847,10753,10754,10765,10801,10768,10785,10786,10758],"class_list":{"0":"post-153607","1":"product","2":"type-product","3":"status-publish","4":"has-post-thumbnail","6":"product_cat-nike","7":"product_tag-best-finds-under-100","8":"product_tag-gift-for-him","9":"product_tag-lifestyle-casual-shoes","10":"product_tag-lifestyle-shoes-running-inspired","11":"product_tag-nike","12":"product_tag-retro-running-shoes","13":"product_tag-trending-deals","14":"product_tag-trending-deals-under-150","15":"product_tag-under-retail","16":"wcpa_has_options","18":"first","19":"outofstock","20":"taxable","21":"shipping-taxable","22":"purchasable","23":"product-type-simple"},"wcpa_form_fields":{"rules":{"pric_overide_base_price":false,"pric_overide_base_price_if_gt_zero":false,"pric_overide_base_price_fully":false,"pric_cal_option_once":false,"pric_use_as_fee":false,"bind_quantity":false,"quantity_bind_formula":false},"fields":[{"type":"color-group","required":true,"elementId":"wcpa-color-group-66c4a75505e74","label":"Gr\u00f6\u00dfe - EU Gr\u00f6\u00dfe","inline":true,"priceOptions":"different_for_all","pricingType":"fixed","className":"hassizechart product-shoes-size-eu product-shoes-size","name":"color-group-66c4a75505e89","disp_type":"square","selection_type":"tick-border","disp_size":"44","show_label_inside":true,"adjust_width":true,"cart_display_type":"text","other_text":"Other","cl_rule":"show","col":6,"values":[{"label":"35.5","value":"EU 35.5","price":"","pimage":"","pimage_id":"","pthumb":"","color":""},{"label":"36","value":"EU 36","price":"","pimage":"","pimage_id":"","pthumb":"","color":"","selected":true},{"label":"36.5","value":"EU 36.5","price":"","pimage":"","pimage_id":"","pthumb":"","color":""},{"label":"37.5","value":"EU 37.5","price":"","pimage":"","pimage_id":"","pthumb":"","color":""},{"label":"38","value":"EU 38","price":"","pimage":"","pimage_id":"","pthumb":"","color":""},{"label":"38.5","value":"EU 38.5","price":"","pimage":"","pimage_id":"","pthumb":"","color":""},{"label":"39","value":"EU 39","price":"","pimage":"","pimage_id":"","pthumb":"","color":""},{"label":"40","value":"EU 40","price":"","pimage":"","pimage_id":"","pthumb":"","color":""},{"label":"40.5","value":"EU 40.5","price":"","pimage":"","pimage_id":"","pthumb":"","color":""},{"label":"41","value":"EU 41","price":"","pimage":"","pimage_id":"","pthumb":"","color":""},{"label":"42","value":"EU 42","price":"","pimage":"","pimage_id":"","pthumb":"","color":""},{"label":"42.5","value":"EU 42.5","price":"","pimage":"","pimage_id":"","pthumb":"","color":""},{"label":"43","value":"EU 43","price":"","pimage":"","pimage_id":"","pthumb":"","color":""},{"label":"44","value":"EU 44","price":"","pimage":"","pimage_id":"","pthumb":"","color":""},{"label":"44.5","value":"EU 44.5","price":"","pimage":"","pimage_id":"","pthumb":"","color":""},{"label":"45","value":"EU 45","price":"","pimage":"","pimage_id":"","pthumb":"","color":""},{"label":"45.5","value":"EU 45.5","price":"","pimage":"","pimage_id":"","pthumb":"","color":""},{"label":"46","value":"EU 46","price":"","pimage":"","pimage_id":"","pthumb":"","color":""},{"label":"47","value":"EU 47","price":"","pimage":"","pimage_id":"","pthumb":"","color":""},{"label":"47.5","value":"EU 47.5","price":"","pimage":"","pimage_id":"","pthumb":"","color":""},{"label":"48","value":"EU 48","price":"","pimage":"","pimage_id":"","pthumb":"","color":""}],"relations":[{"operator":false,"rules":[]}],"form_id":18106,"form_rules":{"pric_cal_option_once":false,"exclude_from_discount":false,"pric_use_as_fee":false,"fee_label":"Fee","render_after_acb":false,"disp_hide_options_price":false}}]},"yoast_head":"<!-- This site is optimized with the Yoast SEO plugin v26.5 - https:\/\/yoast.com\/wordpress\/plugins\/seo\/ -->\n<title>Nike Lunar Rom &#039;Black Midnight Navy&#039;  - Tourcruiser PTE. LTD<\/title>\n<meta name=\"robots\" content=\"index, follow, max-snippet:-1, max-image-preview:large, max-video-preview:-1\" \/>\n<link rel=\"canonical\" href=\"https:\/\/tourcruiser.com\/\" \/>\n<meta property=\"og:locale\" content=\"de_DE\" \/>\n<meta property=\"og:type\" content=\"article\" \/>\n<meta property=\"og:title\" content=\"Nike Lunar Rom &#039;Black Midnight Navy&#039;  - Tourcruiser PTE. LTD\" \/>\n<meta property=\"og:description\" content=\"Nike Lunar Rom \u201d\u201d Black\/Midnight Navy\/White\/Reflect Silver\" \/>\n<meta property=\"og:url\" content=\"\/\" \/>\n<meta property=\"og:site_name\" content=\"Tourcruiser Sneaker Store\" \/>\n<meta property=\"article:modified_time\" content=\"2026-03-27T18:23:40+00:00\" \/>\n<meta name=\"twitter:card\" content=\"summary_large_image\" \/>\n<meta name=\"twitter:image\" content=\"https:\/\/images.novelship.com\/product\/nike_lunar_rom__black_midnight_navy__hm0713-001_0_22410.jpeg;https:\/\/images.novelship.com\/product\/nike_lunar_rom__black_midnight_navy__hm0713-001_1_22410.jpeg;https:\/\/images.novelship.com\/product\/nike_lunar_rom__black_midnight_navy__hm0713-001_2_22410.jpeg;https:\/\/images.novelship.com\/product\/nike_lunar_rom__black_midnight_navy__hm0713-001_3_22410.jpeg;https:\/\/images.novelship.com\/product\/nike_lunar_rom__black_midnight_navy__hm0713-001_4_22410.jpeg;https:\/\/images.novelship.com\/product\/nike_lunar_rom__black_midnight_navy__hm0713-001_5_22410.jpeg;https:\/\/images.novelship.com\/product\/nike_lunar_rom__black_midnight_navy__hm0713-001_6_22410.jpeg;https:\/\/images.novelship.com\/product\/nike_lunar_rom__black_midnight_navy__hm0713-001_7_22410.jpeg;https:\/\/images.novelship.com\/product\/nike_lunar_rom__black_midnight_navy__hm0713-001_8_22410.jpeg;https:\/\/images.novelship.com\/product\/nike_lunar_rom__black_midnight_navy__hm0713-001_9_22410.jpeg\" \/>\n<meta name=\"twitter:label1\" content=\"Gesch\u00e4tzte Lesezeit\" \/>\n\t<meta name=\"twitter:data1\" content=\"1\u00a0Minute\" \/>\n<script type=\"application\/ld+json\" class=\"yoast-schema-graph\">{\"@context\":\"https:\/\/schema.org\",\"@graph\":[{\"@type\":\"WebPage\",\"@id\":\"\/\",\"url\":\"https:\/\/tourcruiser.com\/\",\"name\":\"Nike Lunar Rom 'Black Midnight Navy' - Tourcruiser PTE. LTD\",\"isPartOf\":{\"@id\":\"https:\/\/tourcruiser.com\/de\/#website\"},\"primaryImageOfPage\":{\"@id\":\"https:\/\/tourcruiser.com\/#primaryimage\"},\"image\":{\"@id\":\"https:\/\/tourcruiser.com\/#primaryimage\"},\"thumbnailUrl\":\"https:\/\/images.novelship.com\/product\/nike_lunar_rom__black_midnight_navy__hm0713-001_0_22410.jpeg;https:\/\/images.novelship.com\/product\/nike_lunar_rom__black_midnight_navy__hm0713-001_1_22410.jpeg;https:\/\/images.novelship.com\/product\/nike_lunar_rom__black_midnight_navy__hm0713-001_2_22410.jpeg;https:\/\/images.novelship.com\/product\/nike_lunar_rom__black_midnight_navy__hm0713-001_3_22410.jpeg;https:\/\/images.novelship.com\/product\/nike_lunar_rom__black_midnight_navy__hm0713-001_4_22410.jpeg;https:\/\/images.novelship.com\/product\/nike_lunar_rom__black_midnight_navy__hm0713-001_5_22410.jpeg;https:\/\/images.novelship.com\/product\/nike_lunar_rom__black_midnight_navy__hm0713-001_6_22410.jpeg;https:\/\/images.novelship.com\/product\/nike_lunar_rom__black_midnight_navy__hm0713-001_7_22410.jpeg;https:\/\/images.novelship.com\/product\/nike_lunar_rom__black_midnight_navy__hm0713-001_8_22410.jpeg;https:\/\/images.novelship.com\/product\/nike_lunar_rom__black_midnight_navy__hm0713-001_9_22410.jpeg\",\"datePublished\":\"2026-03-02T08:56:11+00:00\",\"dateModified\":\"2026-03-27T18:23:40+00:00\",\"breadcrumb\":{\"@id\":\"https:\/\/tourcruiser.com\/#breadcrumb\"},\"inLanguage\":\"de\",\"potentialAction\":[{\"@type\":\"ReadAction\",\"target\":[\"https:\/\/tourcruiser.com\/\"]}]},{\"@type\":\"ImageObject\",\"inLanguage\":\"de\",\"@id\":\"https:\/\/tourcruiser.com\/#primaryimage\",\"url\":\"https:\/\/images.novelship.com\/product\/nike_lunar_rom__black_midnight_navy__hm0713-001_0_22410.jpeg;https:\/\/images.novelship.com\/product\/nike_lunar_rom__black_midnight_navy__hm0713-001_1_22410.jpeg;https:\/\/images.novelship.com\/product\/nike_lunar_rom__black_midnight_navy__hm0713-001_2_22410.jpeg;https:\/\/images.novelship.com\/product\/nike_lunar_rom__black_midnight_navy__hm0713-001_3_22410.jpeg;https:\/\/images.novelship.com\/product\/nike_lunar_rom__black_midnight_navy__hm0713-001_4_22410.jpeg;https:\/\/images.novelship.com\/product\/nike_lunar_rom__black_midnight_navy__hm0713-001_5_22410.jpeg;https:\/\/images.novelship.com\/product\/nike_lunar_rom__black_midnight_navy__hm0713-001_6_22410.jpeg;https:\/\/images.novelship.com\/product\/nike_lunar_rom__black_midnight_navy__hm0713-001_7_22410.jpeg;https:\/\/images.novelship.com\/product\/nike_lunar_rom__black_midnight_navy__hm0713-001_8_22410.jpeg;https:\/\/images.novelship.com\/product\/nike_lunar_rom__black_midnight_navy__hm0713-001_9_22410.jpeg\",\"contentUrl\":\"https:\/\/images.novelship.com\/product\/nike_lunar_rom__black_midnight_navy__hm0713-001_0_22410.jpeg;https:\/\/images.novelship.com\/product\/nike_lunar_rom__black_midnight_navy__hm0713-001_1_22410.jpeg;https:\/\/images.novelship.com\/product\/nike_lunar_rom__black_midnight_navy__hm0713-001_2_22410.jpeg;https:\/\/images.novelship.com\/product\/nike_lunar_rom__black_midnight_navy__hm0713-001_3_22410.jpeg;https:\/\/images.novelship.com\/product\/nike_lunar_rom__black_midnight_navy__hm0713-001_4_22410.jpeg;https:\/\/images.novelship.com\/product\/nike_lunar_rom__black_midnight_navy__hm0713-001_5_22410.jpeg;https:\/\/images.novelship.com\/product\/nike_lunar_rom__black_midnight_navy__hm0713-001_6_22410.jpeg;https:\/\/images.novelship.com\/product\/nike_lunar_rom__black_midnight_navy__hm0713-001_7_22410.jpeg;https:\/\/images.novelship.com\/product\/nike_lunar_rom__black_midnight_navy__hm0713-001_8_22410.jpeg;https:\/\/images.novelship.com\/product\/nike_lunar_rom__black_midnight_navy__hm0713-001_9_22410.jpeg\"},{\"@type\":\"BreadcrumbList\",\"@id\":\"https:\/\/tourcruiser.com\/#breadcrumb\",\"itemListElement\":[{\"@type\":\"ListItem\",\"position\":1,\"name\":\"Home\",\"item\":\"https:\/\/tourcruiser.com\/de\/\"},{\"@type\":\"ListItem\",\"position\":2,\"name\":\"Shop\",\"item\":\"https:\/\/tourcruiser.com\/de\/shop\/\"},{\"@type\":\"ListItem\",\"position\":3,\"name\":\"Nike Lunar Rom &#8218;Black Midnight Navy&#8216;\"}]},{\"@type\":\"WebSite\",\"@id\":\"https:\/\/tourcruiser.com\/de\/#website\",\"url\":\"https:\/\/tourcruiser.com\/de\/\",\"name\":\"Styloral Jewelry Shop\",\"description\":\"Tourcruiser Sneaker Store \u2014 der Ort, an dem das Universum deine Einzigartigkeit trifft.\",\"publisher\":{\"@id\":\"https:\/\/tourcruiser.com\/de\/#organization\"},\"potentialAction\":[{\"@type\":\"SearchAction\",\"target\":{\"@type\":\"EntryPoint\",\"urlTemplate\":\"https:\/\/tourcruiser.com\/de\/?s={search_term_string}\"},\"query-input\":{\"@type\":\"PropertyValueSpecification\",\"valueRequired\":true,\"valueName\":\"search_term_string\"}}],\"inLanguage\":\"de\"},{\"@type\":\"Organization\",\"@id\":\"https:\/\/tourcruiser.com\/de\/#organization\",\"name\":\"STYLORAL PTE. LTD\",\"url\":\"https:\/\/tourcruiser.com\/de\/\",\"logo\":{\"@type\":\"ImageObject\",\"inLanguage\":\"de\",\"@id\":\"https:\/\/tourcruiser.com\/de\/#\/schema\/logo\/image\/\",\"url\":\"https:\/\/www.tourcruiser.com\/wp-content\/uploads\/2025\/12\/logo.png\",\"contentUrl\":\"https:\/\/www.tourcruiser.com\/wp-content\/uploads\/2025\/12\/logo.png\",\"width\":200,\"height\":65,\"caption\":\"STYLORAL PTE. LTD\"},\"image\":{\"@id\":\"https:\/\/tourcruiser.com\/de\/#\/schema\/logo\/image\/\"}}]}<\/script>\n<!-- \/ Yoast SEO plugin. -->","yoast_head_json":{"title":"Nike Lunar Rom 'Black Midnight Navy'  - Tourcruiser PTE. LTD","robots":{"index":"index","follow":"follow","max-snippet":"max-snippet:-1","max-image-preview":"max-image-preview:large","max-video-preview":"max-video-preview:-1"},"canonical":"https:\/\/tourcruiser.com\/","og_locale":"de_DE","og_type":"article","og_title":"Nike Lunar Rom 'Black Midnight Navy'  - Tourcruiser PTE. LTD","og_description":"Nike Lunar Rom \u201d\u201d Black\/Midnight Navy\/White\/Reflect Silver","og_url":"\/","og_site_name":"Tourcruiser Sneaker Store","article_modified_time":"2026-03-27T18:23:40+00:00","twitter_card":"summary_large_image","twitter_image":"https:\/\/images.novelship.com\/product\/nike_lunar_rom__black_midnight_navy__hm0713-001_0_22410.jpeg;https:\/\/images.novelship.com\/product\/nike_lunar_rom__black_midnight_navy__hm0713-001_1_22410.jpeg;https:\/\/images.novelship.com\/product\/nike_lunar_rom__black_midnight_navy__hm0713-001_2_22410.jpeg;https:\/\/images.novelship.com\/product\/nike_lunar_rom__black_midnight_navy__hm0713-001_3_22410.jpeg;https:\/\/images.novelship.com\/product\/nike_lunar_rom__black_midnight_navy__hm0713-001_4_22410.jpeg;https:\/\/images.novelship.com\/product\/nike_lunar_rom__black_midnight_navy__hm0713-001_5_22410.jpeg;https:\/\/images.novelship.com\/product\/nike_lunar_rom__black_midnight_navy__hm0713-001_6_22410.jpeg;https:\/\/images.novelship.com\/product\/nike_lunar_rom__black_midnight_navy__hm0713-001_7_22410.jpeg;https:\/\/images.novelship.com\/product\/nike_lunar_rom__black_midnight_navy__hm0713-001_8_22410.jpeg;https:\/\/images.novelship.com\/product\/nike_lunar_rom__black_midnight_navy__hm0713-001_9_22410.jpeg","twitter_misc":{"Gesch\u00e4tzte Lesezeit":"1\u00a0Minute"},"schema":{"@context":"https:\/\/schema.org","@graph":[{"@type":"WebPage","@id":"\/","url":"https:\/\/tourcruiser.com\/","name":"Nike Lunar Rom 'Black Midnight Navy' - Tourcruiser PTE. LTD","isPartOf":{"@id":"https:\/\/tourcruiser.com\/de\/#website"},"primaryImageOfPage":{"@id":"https:\/\/tourcruiser.com\/#primaryimage"},"image":{"@id":"https:\/\/tourcruiser.com\/#primaryimage"},"thumbnailUrl":"https:\/\/images.novelship.com\/product\/nike_lunar_rom__black_midnight_navy__hm0713-001_0_22410.jpeg;https:\/\/images.novelship.com\/product\/nike_lunar_rom__black_midnight_navy__hm0713-001_1_22410.jpeg;https:\/\/images.novelship.com\/product\/nike_lunar_rom__black_midnight_navy__hm0713-001_2_22410.jpeg;https:\/\/images.novelship.com\/product\/nike_lunar_rom__black_midnight_navy__hm0713-001_3_22410.jpeg;https:\/\/images.novelship.com\/product\/nike_lunar_rom__black_midnight_navy__hm0713-001_4_22410.jpeg;https:\/\/images.novelship.com\/product\/nike_lunar_rom__black_midnight_navy__hm0713-001_5_22410.jpeg;https:\/\/images.novelship.com\/product\/nike_lunar_rom__black_midnight_navy__hm0713-001_6_22410.jpeg;https:\/\/images.novelship.com\/product\/nike_lunar_rom__black_midnight_navy__hm0713-001_7_22410.jpeg;https:\/\/images.novelship.com\/product\/nike_lunar_rom__black_midnight_navy__hm0713-001_8_22410.jpeg;https:\/\/images.novelship.com\/product\/nike_lunar_rom__black_midnight_navy__hm0713-001_9_22410.jpeg","datePublished":"2026-03-02T08:56:11+00:00","dateModified":"2026-03-27T18:23:40+00:00","breadcrumb":{"@id":"https:\/\/tourcruiser.com\/#breadcrumb"},"inLanguage":"de","potentialAction":[{"@type":"ReadAction","target":["https:\/\/tourcruiser.com\/"]}]},{"@type":"ImageObject","inLanguage":"de","@id":"https:\/\/tourcruiser.com\/#primaryimage","url":"https:\/\/images.novelship.com\/product\/nike_lunar_rom__black_midnight_navy__hm0713-001_0_22410.jpeg;https:\/\/images.novelship.com\/product\/nike_lunar_rom__black_midnight_navy__hm0713-001_1_22410.jpeg;https:\/\/images.novelship.com\/product\/nike_lunar_rom__black_midnight_navy__hm0713-001_2_22410.jpeg;https:\/\/images.novelship.com\/product\/nike_lunar_rom__black_midnight_navy__hm0713-001_3_22410.jpeg;https:\/\/images.novelship.com\/product\/nike_lunar_rom__black_midnight_navy__hm0713-001_4_22410.jpeg;https:\/\/images.novelship.com\/product\/nike_lunar_rom__black_midnight_navy__hm0713-001_5_22410.jpeg;https:\/\/images.novelship.com\/product\/nike_lunar_rom__black_midnight_navy__hm0713-001_6_22410.jpeg;https:\/\/images.novelship.com\/product\/nike_lunar_rom__black_midnight_navy__hm0713-001_7_22410.jpeg;https:\/\/images.novelship.com\/product\/nike_lunar_rom__black_midnight_navy__hm0713-001_8_22410.jpeg;https:\/\/images.novelship.com\/product\/nike_lunar_rom__black_midnight_navy__hm0713-001_9_22410.jpeg","contentUrl":"https:\/\/images.novelship.com\/product\/nike_lunar_rom__black_midnight_navy__hm0713-001_0_22410.jpeg;https:\/\/images.novelship.com\/product\/nike_lunar_rom__black_midnight_navy__hm0713-001_1_22410.jpeg;https:\/\/images.novelship.com\/product\/nike_lunar_rom__black_midnight_navy__hm0713-001_2_22410.jpeg;https:\/\/images.novelship.com\/product\/nike_lunar_rom__black_midnight_navy__hm0713-001_3_22410.jpeg;https:\/\/images.novelship.com\/product\/nike_lunar_rom__black_midnight_navy__hm0713-001_4_22410.jpeg;https:\/\/images.novelship.com\/product\/nike_lunar_rom__black_midnight_navy__hm0713-001_5_22410.jpeg;https:\/\/images.novelship.com\/product\/nike_lunar_rom__black_midnight_navy__hm0713-001_6_22410.jpeg;https:\/\/images.novelship.com\/product\/nike_lunar_rom__black_midnight_navy__hm0713-001_7_22410.jpeg;https:\/\/images.novelship.com\/product\/nike_lunar_rom__black_midnight_navy__hm0713-001_8_22410.jpeg;https:\/\/images.novelship.com\/product\/nike_lunar_rom__black_midnight_navy__hm0713-001_9_22410.jpeg"},{"@type":"BreadcrumbList","@id":"https:\/\/tourcruiser.com\/#breadcrumb","itemListElement":[{"@type":"ListItem","position":1,"name":"Home","item":"https:\/\/tourcruiser.com\/de\/"},{"@type":"ListItem","position":2,"name":"Shop","item":"https:\/\/tourcruiser.com\/de\/shop\/"},{"@type":"ListItem","position":3,"name":"Nike Lunar Rom &#8218;Black Midnight Navy&#8216;"}]},{"@type":"WebSite","@id":"https:\/\/tourcruiser.com\/de\/#website","url":"https:\/\/tourcruiser.com\/de\/","name":"Styloral Jewelry Shop","description":"Tourcruiser Sneaker Store \u2014 der Ort, an dem das Universum deine Einzigartigkeit trifft.","publisher":{"@id":"https:\/\/tourcruiser.com\/de\/#organization"},"potentialAction":[{"@type":"SearchAction","target":{"@type":"EntryPoint","urlTemplate":"https:\/\/tourcruiser.com\/de\/?s={search_term_string}"},"query-input":{"@type":"PropertyValueSpecification","valueRequired":true,"valueName":"search_term_string"}}],"inLanguage":"de"},{"@type":"Organization","@id":"https:\/\/tourcruiser.com\/de\/#organization","name":"STYLORAL PTE. LTD","url":"https:\/\/tourcruiser.com\/de\/","logo":{"@type":"ImageObject","inLanguage":"de","@id":"https:\/\/tourcruiser.com\/de\/#\/schema\/logo\/image\/","url":"https:\/\/www.tourcruiser.com\/wp-content\/uploads\/2025\/12\/logo.png","contentUrl":"https:\/\/www.tourcruiser.com\/wp-content\/uploads\/2025\/12\/logo.png","width":200,"height":65,"caption":"STYLORAL PTE. LTD"},"image":{"@id":"https:\/\/tourcruiser.com\/de\/#\/schema\/logo\/image\/"}}]}},"_links":{"self":[{"href":"https:\/\/tourcruiser.com\/de\/wp-json\/wp\/v2\/product\/153607","targetHints":{"allow":["GET"]}}],"collection":[{"href":"https:\/\/tourcruiser.com\/de\/wp-json\/wp\/v2\/product"}],"about":[{"href":"https:\/\/tourcruiser.com\/de\/wp-json\/wp\/v2\/types\/product"}],"replies":[{"embeddable":true,"href":"https:\/\/tourcruiser.com\/de\/wp-json\/wp\/v2\/comments?post=153607"}],"wp:featuredmedia":[{"embeddable":true,"href":"https:\/\/tourcruiser.com\/de\/wp-json\/wp\/v2\/media\/153608"}],"wp:attachment":[{"href":"https:\/\/tourcruiser.com\/de\/wp-json\/wp\/v2\/media?parent=153607"}],"wp:term":[{"taxonomy":"product_brand","embeddable":true,"href":"https:\/\/tourcruiser.com\/de\/wp-json\/wp\/v2\/product_brand?post=153607"},{"taxonomy":"product_cat","embeddable":true,"href":"https:\/\/tourcruiser.com\/de\/wp-json\/wp\/v2\/product_cat?post=153607"},{"taxonomy":"product_tag","embeddable":true,"href":"https:\/\/tourcruiser.com\/de\/wp-json\/wp\/v2\/product_tag?post=153607"}],"curies":[{"name":"wp","href":"https:\/\/api.w.org\/{rel}","templated":true}]}}