{"id":152990,"date":"2026-03-02T15:55:14","date_gmt":"2026-03-02T08:55:14","guid":{"rendered":"http:\/\/tourcruiser.com\/product\/asics-gel-kahana-8-fl-black-white"},"modified":"2026-03-28T01:23:11","modified_gmt":"2026-03-27T18:23:11","slug":"asics-gel-kahana-8-fl-black-white","status":"publish","type":"product","link":"https:\/\/tourcruiser.com\/de\/products\/asics-gel-kahana-8-fl-black-white\/","title":{"rendered":"ASICS Gel-Kahana 8 FL &#8218;Black White&#8216;"},"content":{"rendered":"<p>Erleben Sie die perfekte Kombination aus Komfort, Stil und Leistung mit dem ASICS Gel-Kahana 8 FL \u201eBlack White\u201c 1011B828-001 \u201d\u201c entwickelt f\u00fcr Laufen und Abenteuer in jedem Gel\u00e4nde. Dank der GEL-D\u00e4mpfungstechnologie bietet dieser elegante und strapazierf\u00e4hige Schuh hervorragende Sto\u00dfd\u00e4mpfung und sorgt so f\u00fcr ein geschmeidiges und reaktionsfreudiges Laufgef\u00fchl auf jedem Untergrund. Sein leichtes und dennoch robustes Design umfasst atmungsaktives Mesh f\u00fcr optimale Bel\u00fcftung, w\u00e4hrend die verst\u00e4rkten Overlays zus\u00e4tzlichen Halt und Stabilit\u00e4t bieten. Die trail-spezifische Au\u00dfensohle mit multidirektionalen Stollen bietet au\u00dfergew\u00f6hnlichen Grip und Traktion, damit Sie unterschiedlichstes Terrain souver\u00e4n meistern. Der Gel-Kahana 8 FL in zeitlosem Schwarz-Wei\u00df vereint Funktionalit\u00e4t mit moderner \u00c4sthetik und ist somit die ideale Wahl f\u00fcr einen aktiven Lebensstil. Ob auf Wanderwegen oder in der Stadt \u201d\u201c dieses zuverl\u00e4ssige Paar Schuhe vereint Leistung und Stil und ist damit ein Must-have f\u00fcr Outdoor-Fans und L\u00e4ufer, die maximale Vielseitigkeit suchen.<\/p>\n<ul>\n<li><strong>Farbgebung:<\/strong> Schwarz\/Wei\u00df<\/li>\n<li><strong>Artikelnummer:<\/strong> 1011B828-001<\/li>\n<li><strong>Farbe:<\/strong> Wei\u00df<\/li>\n<\/ul>\n","protected":false},"excerpt":{"rendered":"<p>ASICS Gel-Kahana 8 FL \u201d\u201d Black\/White<\/p>\n","protected":false},"featured_media":152991,"comment_status":"open","ping_status":"closed","template":"","meta":[],"product_brand":[],"product_cat":[10792],"product_tag":[10791,10802,11006,10785,10786,10758],"class_list":{"0":"post-152990","1":"product","2":"type-product","3":"status-publish","4":"has-post-thumbnail","6":"product_cat-asics","7":"product_tag-asics","8":"product_tag-performance-sport-shoes","9":"product_tag-trail-running-shoes","10":"product_tag-trending-deals","11":"product_tag-trending-deals-under-150","12":"product_tag-under-retail","13":"wcpa_has_options","15":"first","16":"outofstock","17":"taxable","18":"shipping-taxable","19":"purchasable","20":"product-type-simple"},"wcpa_form_fields":{"rules":{"pric_overide_base_price":false,"pric_overide_base_price_if_gt_zero":false,"pric_overide_base_price_fully":false,"pric_cal_option_once":false,"pric_use_as_fee":false,"bind_quantity":false,"quantity_bind_formula":false},"fields":[{"type":"color-group","required":true,"elementId":"wcpa-color-group-69a5ab08ee12d","label":"Gr\u00f6\u00dfe","inline":true,"priceOptions":"different_for_all","pricingType":"fixed","className":"hassizechart product-shoes-size-eu product-shoes-size","name":"color-group-69a5ab08ee136","disp_type":"square","selection_type":"tick-border","disp_size":"50","show_label_inside":true,"adjust_width":true,"cart_display_type":"text","other_text":"Other","cl_rule":"show","col":6,"values":[{"label":"36","value":"EU 36","price":"","pimage":"","pimage_id":"","pthumb":"","color":"","selected":true},{"label":"37","value":"EU 37","price":"","pimage":"","pimage_id":"","pthumb":"","color":""},{"label":"37.5","value":"EU 37.5","price":"","pimage":"","pimage_id":"","pthumb":"","color":""},{"label":"38","value":"EU 38","price":"","pimage":"","pimage_id":"","pthumb":"","color":""},{"label":"38.5","value":"EU 38.5","price":"","pimage":"","pimage_id":"","pthumb":"","color":""},{"label":"39","value":"EU 39","price":"","pimage":"","pimage_id":"","pthumb":"","color":""},{"label":"39.5","value":"EU 39.5","price":"","pimage":"","pimage_id":"","pthumb":"","color":""},{"label":"40","value":"EU 40","price":"","pimage":"","pimage_id":"","pthumb":"","color":""},{"label":"40.5","value":"EU 40.5","price":"","pimage":"","pimage_id":"","pthumb":"","color":""},{"label":" 41.5","value":"EU 41.5","price":"","pimage":"","pimage_id":"","pthumb":"","color":""},{"label":"42","value":"EU 42","price":"","pimage":"","pimage_id":"","pthumb":"","color":""},{"label":"42.5","value":"EU 42.5","price":"","pimage":"","pimage_id":"","pthumb":"","color":""},{"label":"43.5","value":"EU 43.5","price":"","pimage":"","pimage_id":"","pthumb":"","color":""},{"label":"44","value":"EU 44","price":"","pimage":"","pimage_id":"","pthumb":"","color":""},{"label":"44.5","value":"EU 44.5","price":"","pimage":"","pimage_id":"","pthumb":"","color":""},{"label":"45","value":"EU 45","price":"","pimage":"","pimage_id":"","pthumb":"","color":""}],"relations":[{"operator":false,"rules":[]}],"form_id":184311,"form_rules":{"pric_cal_option_once":false,"exclude_from_discount":false,"pric_use_as_fee":false,"fee_label":"Fee","render_after_acb":false,"disp_hide_options_price":false}}]},"yoast_head":"<!-- This site is optimized with the Yoast SEO plugin v26.5 - https:\/\/yoast.com\/wordpress\/plugins\/seo\/ -->\n<title>ASICS Gel-Kahana 8 FL &#039;Black White&#039;  - Tourcruiser PTE. LTD<\/title>\n<meta name=\"robots\" content=\"index, follow, max-snippet:-1, max-image-preview:large, max-video-preview:-1\" \/>\n<link rel=\"canonical\" href=\"https:\/\/tourcruiser.com\/\" \/>\n<meta property=\"og:locale\" content=\"de_DE\" \/>\n<meta property=\"og:type\" content=\"article\" \/>\n<meta property=\"og:title\" content=\"ASICS Gel-Kahana 8 FL &#039;Black White&#039;  - Tourcruiser PTE. LTD\" \/>\n<meta property=\"og:description\" content=\"ASICS Gel-Kahana 8 FL \u201d\u201d Black\/White\" \/>\n<meta property=\"og:url\" content=\"\/\" \/>\n<meta property=\"og:site_name\" content=\"Tourcruiser Sneaker Store\" \/>\n<meta property=\"article:modified_time\" content=\"2026-03-27T18:23:11+00:00\" \/>\n<meta name=\"twitter:card\" content=\"summary_large_image\" \/>\n<meta name=\"twitter:image\" content=\"https:\/\/images.novelship.com\/product\/asics_gel-kahana_8_fl__black_white__1011b828-001_0_13724.jpeg;https:\/\/images.novelship.com\/product\/asics_gel-kahana_8_fl__black_white__1011b828-001_1_13724.jpeg;https:\/\/images.novelship.com\/product\/asics_gel-kahana_8_fl__black_white__1011b828-001_2_13724.jpeg;https:\/\/images.novelship.com\/product\/asics_gel-kahana_8_fl__black_white__1011b828-001_3_13724.jpeg;https:\/\/images.novelship.com\/product\/asics_gel-kahana_8_fl__black_white__1011b828-001_4_13725.jpeg\" \/>\n<meta name=\"twitter:label1\" content=\"Gesch\u00e4tzte Lesezeit\" \/>\n\t<meta name=\"twitter:data1\" content=\"1\u00a0Minute\" \/>\n<script type=\"application\/ld+json\" class=\"yoast-schema-graph\">{\"@context\":\"https:\/\/schema.org\",\"@graph\":[{\"@type\":\"WebPage\",\"@id\":\"\/\",\"url\":\"https:\/\/tourcruiser.com\/\",\"name\":\"ASICS Gel-Kahana 8 FL 'Black White' - Tourcruiser PTE. LTD\",\"isPartOf\":{\"@id\":\"https:\/\/tourcruiser.com\/de\/#website\"},\"primaryImageOfPage\":{\"@id\":\"https:\/\/tourcruiser.com\/#primaryimage\"},\"image\":{\"@id\":\"https:\/\/tourcruiser.com\/#primaryimage\"},\"thumbnailUrl\":\"https:\/\/images.novelship.com\/product\/asics_gel-kahana_8_fl__black_white__1011b828-001_0_13724.jpeg;https:\/\/images.novelship.com\/product\/asics_gel-kahana_8_fl__black_white__1011b828-001_1_13724.jpeg;https:\/\/images.novelship.com\/product\/asics_gel-kahana_8_fl__black_white__1011b828-001_2_13724.jpeg;https:\/\/images.novelship.com\/product\/asics_gel-kahana_8_fl__black_white__1011b828-001_3_13724.jpeg;https:\/\/images.novelship.com\/product\/asics_gel-kahana_8_fl__black_white__1011b828-001_4_13725.jpeg\",\"datePublished\":\"2026-03-02T08:55:14+00:00\",\"dateModified\":\"2026-03-27T18:23:11+00:00\",\"breadcrumb\":{\"@id\":\"https:\/\/tourcruiser.com\/#breadcrumb\"},\"inLanguage\":\"de\",\"potentialAction\":[{\"@type\":\"ReadAction\",\"target\":[\"https:\/\/tourcruiser.com\/\"]}]},{\"@type\":\"ImageObject\",\"inLanguage\":\"de\",\"@id\":\"https:\/\/tourcruiser.com\/#primaryimage\",\"url\":\"https:\/\/images.novelship.com\/product\/asics_gel-kahana_8_fl__black_white__1011b828-001_0_13724.jpeg;https:\/\/images.novelship.com\/product\/asics_gel-kahana_8_fl__black_white__1011b828-001_1_13724.jpeg;https:\/\/images.novelship.com\/product\/asics_gel-kahana_8_fl__black_white__1011b828-001_2_13724.jpeg;https:\/\/images.novelship.com\/product\/asics_gel-kahana_8_fl__black_white__1011b828-001_3_13724.jpeg;https:\/\/images.novelship.com\/product\/asics_gel-kahana_8_fl__black_white__1011b828-001_4_13725.jpeg\",\"contentUrl\":\"https:\/\/images.novelship.com\/product\/asics_gel-kahana_8_fl__black_white__1011b828-001_0_13724.jpeg;https:\/\/images.novelship.com\/product\/asics_gel-kahana_8_fl__black_white__1011b828-001_1_13724.jpeg;https:\/\/images.novelship.com\/product\/asics_gel-kahana_8_fl__black_white__1011b828-001_2_13724.jpeg;https:\/\/images.novelship.com\/product\/asics_gel-kahana_8_fl__black_white__1011b828-001_3_13724.jpeg;https:\/\/images.novelship.com\/product\/asics_gel-kahana_8_fl__black_white__1011b828-001_4_13725.jpeg\"},{\"@type\":\"BreadcrumbList\",\"@id\":\"https:\/\/tourcruiser.com\/#breadcrumb\",\"itemListElement\":[{\"@type\":\"ListItem\",\"position\":1,\"name\":\"Home\",\"item\":\"https:\/\/tourcruiser.com\/de\/\"},{\"@type\":\"ListItem\",\"position\":2,\"name\":\"Shop\",\"item\":\"https:\/\/tourcruiser.com\/de\/shop\/\"},{\"@type\":\"ListItem\",\"position\":3,\"name\":\"ASICS Gel-Kahana 8 FL &#8218;Black White&#8216;\"}]},{\"@type\":\"WebSite\",\"@id\":\"https:\/\/tourcruiser.com\/de\/#website\",\"url\":\"https:\/\/tourcruiser.com\/de\/\",\"name\":\"Styloral Jewelry Shop\",\"description\":\"Tourcruiser Sneaker Store \u2014 der Ort, an dem das Universum deine Einzigartigkeit trifft.\",\"publisher\":{\"@id\":\"https:\/\/tourcruiser.com\/de\/#organization\"},\"potentialAction\":[{\"@type\":\"SearchAction\",\"target\":{\"@type\":\"EntryPoint\",\"urlTemplate\":\"https:\/\/tourcruiser.com\/de\/?s={search_term_string}\"},\"query-input\":{\"@type\":\"PropertyValueSpecification\",\"valueRequired\":true,\"valueName\":\"search_term_string\"}}],\"inLanguage\":\"de\"},{\"@type\":\"Organization\",\"@id\":\"https:\/\/tourcruiser.com\/de\/#organization\",\"name\":\"STYLORAL PTE. LTD\",\"url\":\"https:\/\/tourcruiser.com\/de\/\",\"logo\":{\"@type\":\"ImageObject\",\"inLanguage\":\"de\",\"@id\":\"https:\/\/tourcruiser.com\/de\/#\/schema\/logo\/image\/\",\"url\":\"https:\/\/www.tourcruiser.com\/wp-content\/uploads\/2025\/12\/logo.png\",\"contentUrl\":\"https:\/\/www.tourcruiser.com\/wp-content\/uploads\/2025\/12\/logo.png\",\"width\":200,\"height\":65,\"caption\":\"STYLORAL PTE. LTD\"},\"image\":{\"@id\":\"https:\/\/tourcruiser.com\/de\/#\/schema\/logo\/image\/\"}}]}<\/script>\n<!-- \/ Yoast SEO plugin. -->","yoast_head_json":{"title":"ASICS Gel-Kahana 8 FL 'Black White'  - Tourcruiser PTE. LTD","robots":{"index":"index","follow":"follow","max-snippet":"max-snippet:-1","max-image-preview":"max-image-preview:large","max-video-preview":"max-video-preview:-1"},"canonical":"https:\/\/tourcruiser.com\/","og_locale":"de_DE","og_type":"article","og_title":"ASICS Gel-Kahana 8 FL 'Black White'  - Tourcruiser PTE. LTD","og_description":"ASICS Gel-Kahana 8 FL \u201d\u201d Black\/White","og_url":"\/","og_site_name":"Tourcruiser Sneaker Store","article_modified_time":"2026-03-27T18:23:11+00:00","twitter_card":"summary_large_image","twitter_image":"https:\/\/images.novelship.com\/product\/asics_gel-kahana_8_fl__black_white__1011b828-001_0_13724.jpeg;https:\/\/images.novelship.com\/product\/asics_gel-kahana_8_fl__black_white__1011b828-001_1_13724.jpeg;https:\/\/images.novelship.com\/product\/asics_gel-kahana_8_fl__black_white__1011b828-001_2_13724.jpeg;https:\/\/images.novelship.com\/product\/asics_gel-kahana_8_fl__black_white__1011b828-001_3_13724.jpeg;https:\/\/images.novelship.com\/product\/asics_gel-kahana_8_fl__black_white__1011b828-001_4_13725.jpeg","twitter_misc":{"Gesch\u00e4tzte Lesezeit":"1\u00a0Minute"},"schema":{"@context":"https:\/\/schema.org","@graph":[{"@type":"WebPage","@id":"\/","url":"https:\/\/tourcruiser.com\/","name":"ASICS Gel-Kahana 8 FL 'Black White' - Tourcruiser PTE. LTD","isPartOf":{"@id":"https:\/\/tourcruiser.com\/de\/#website"},"primaryImageOfPage":{"@id":"https:\/\/tourcruiser.com\/#primaryimage"},"image":{"@id":"https:\/\/tourcruiser.com\/#primaryimage"},"thumbnailUrl":"https:\/\/images.novelship.com\/product\/asics_gel-kahana_8_fl__black_white__1011b828-001_0_13724.jpeg;https:\/\/images.novelship.com\/product\/asics_gel-kahana_8_fl__black_white__1011b828-001_1_13724.jpeg;https:\/\/images.novelship.com\/product\/asics_gel-kahana_8_fl__black_white__1011b828-001_2_13724.jpeg;https:\/\/images.novelship.com\/product\/asics_gel-kahana_8_fl__black_white__1011b828-001_3_13724.jpeg;https:\/\/images.novelship.com\/product\/asics_gel-kahana_8_fl__black_white__1011b828-001_4_13725.jpeg","datePublished":"2026-03-02T08:55:14+00:00","dateModified":"2026-03-27T18:23:11+00:00","breadcrumb":{"@id":"https:\/\/tourcruiser.com\/#breadcrumb"},"inLanguage":"de","potentialAction":[{"@type":"ReadAction","target":["https:\/\/tourcruiser.com\/"]}]},{"@type":"ImageObject","inLanguage":"de","@id":"https:\/\/tourcruiser.com\/#primaryimage","url":"https:\/\/images.novelship.com\/product\/asics_gel-kahana_8_fl__black_white__1011b828-001_0_13724.jpeg;https:\/\/images.novelship.com\/product\/asics_gel-kahana_8_fl__black_white__1011b828-001_1_13724.jpeg;https:\/\/images.novelship.com\/product\/asics_gel-kahana_8_fl__black_white__1011b828-001_2_13724.jpeg;https:\/\/images.novelship.com\/product\/asics_gel-kahana_8_fl__black_white__1011b828-001_3_13724.jpeg;https:\/\/images.novelship.com\/product\/asics_gel-kahana_8_fl__black_white__1011b828-001_4_13725.jpeg","contentUrl":"https:\/\/images.novelship.com\/product\/asics_gel-kahana_8_fl__black_white__1011b828-001_0_13724.jpeg;https:\/\/images.novelship.com\/product\/asics_gel-kahana_8_fl__black_white__1011b828-001_1_13724.jpeg;https:\/\/images.novelship.com\/product\/asics_gel-kahana_8_fl__black_white__1011b828-001_2_13724.jpeg;https:\/\/images.novelship.com\/product\/asics_gel-kahana_8_fl__black_white__1011b828-001_3_13724.jpeg;https:\/\/images.novelship.com\/product\/asics_gel-kahana_8_fl__black_white__1011b828-001_4_13725.jpeg"},{"@type":"BreadcrumbList","@id":"https:\/\/tourcruiser.com\/#breadcrumb","itemListElement":[{"@type":"ListItem","position":1,"name":"Home","item":"https:\/\/tourcruiser.com\/de\/"},{"@type":"ListItem","position":2,"name":"Shop","item":"https:\/\/tourcruiser.com\/de\/shop\/"},{"@type":"ListItem","position":3,"name":"ASICS Gel-Kahana 8 FL &#8218;Black White&#8216;"}]},{"@type":"WebSite","@id":"https:\/\/tourcruiser.com\/de\/#website","url":"https:\/\/tourcruiser.com\/de\/","name":"Styloral Jewelry Shop","description":"Tourcruiser Sneaker Store \u2014 der Ort, an dem das Universum deine Einzigartigkeit trifft.","publisher":{"@id":"https:\/\/tourcruiser.com\/de\/#organization"},"potentialAction":[{"@type":"SearchAction","target":{"@type":"EntryPoint","urlTemplate":"https:\/\/tourcruiser.com\/de\/?s={search_term_string}"},"query-input":{"@type":"PropertyValueSpecification","valueRequired":true,"valueName":"search_term_string"}}],"inLanguage":"de"},{"@type":"Organization","@id":"https:\/\/tourcruiser.com\/de\/#organization","name":"STYLORAL PTE. LTD","url":"https:\/\/tourcruiser.com\/de\/","logo":{"@type":"ImageObject","inLanguage":"de","@id":"https:\/\/tourcruiser.com\/de\/#\/schema\/logo\/image\/","url":"https:\/\/www.tourcruiser.com\/wp-content\/uploads\/2025\/12\/logo.png","contentUrl":"https:\/\/www.tourcruiser.com\/wp-content\/uploads\/2025\/12\/logo.png","width":200,"height":65,"caption":"STYLORAL PTE. LTD"},"image":{"@id":"https:\/\/tourcruiser.com\/de\/#\/schema\/logo\/image\/"}}]}},"_links":{"self":[{"href":"https:\/\/tourcruiser.com\/de\/wp-json\/wp\/v2\/product\/152990","targetHints":{"allow":["GET"]}}],"collection":[{"href":"https:\/\/tourcruiser.com\/de\/wp-json\/wp\/v2\/product"}],"about":[{"href":"https:\/\/tourcruiser.com\/de\/wp-json\/wp\/v2\/types\/product"}],"replies":[{"embeddable":true,"href":"https:\/\/tourcruiser.com\/de\/wp-json\/wp\/v2\/comments?post=152990"}],"wp:featuredmedia":[{"embeddable":true,"href":"https:\/\/tourcruiser.com\/de\/wp-json\/wp\/v2\/media\/152991"}],"wp:attachment":[{"href":"https:\/\/tourcruiser.com\/de\/wp-json\/wp\/v2\/media?parent=152990"}],"wp:term":[{"taxonomy":"product_brand","embeddable":true,"href":"https:\/\/tourcruiser.com\/de\/wp-json\/wp\/v2\/product_brand?post=152990"},{"taxonomy":"product_cat","embeddable":true,"href":"https:\/\/tourcruiser.com\/de\/wp-json\/wp\/v2\/product_cat?post=152990"},{"taxonomy":"product_tag","embeddable":true,"href":"https:\/\/tourcruiser.com\/de\/wp-json\/wp\/v2\/product_tag?post=152990"}],"curies":[{"name":"wp","href":"https:\/\/api.w.org\/{rel}","templated":true}]}}