{"id":152859,"date":"2026-03-02T15:55:02","date_gmt":"2026-03-02T08:55:02","guid":{"rendered":"http:\/\/tourcruiser.com\/product\/new-balance-574-tokyo-limited-edition-wood-thrush"},"modified":"2026-03-28T01:52:36","modified_gmt":"2026-03-27T18:52:36","slug":"new-balance-574-tokyo-limited-edition-wood-thrush","status":"publish","type":"product","link":"https:\/\/tourcruiser.com\/de\/products\/new-balance-574-tokyo-limited-edition-wood-thrush\/","title":{"rendered":"New Balance 574 Tokyo Limited Edition Wood Thrush"},"content":{"rendered":"<p>Wir pr\u00e4sentieren den exklusiven New Balance 574 Tokyo Limited Edition Wood Thrush ML574YB2 \u201d\u201c die perfekte Fusion aus Style und Tradition. Inspiriert von der pulsierenden Metropole, besticht dieser Sneaker durch ein faszinierendes Obermaterial aus grauem Wildleder, verziert mit aufwendigen Stickereien. Die weiche D\u00e4mpfung und die robuste Konstruktion sorgen f\u00fcr unvergleichlichen Tragekomfort, w\u00e4hrend die Gummisohle optimale Traktion garantiert. Ob Streetwear-Fan oder anspruchsvoller Sammler \u201d\u201c der ML574YB2 ist ein Must-have, das urbane \u00c4sthetik nahtlos mit zeitloser Handwerkskunst verbindet.<\/p>\n<p>Farbgebung: Wood Thrush\/Navy\/White<\/p>\n<p>Style-Code: ML574YB2<\/p>\n<p>Obermaterial: Textil<\/p>\n<p>Farbe: Braun<\/p>\n<p>Saison: Ganzj\u00e4hrig<\/p>\n","protected":false},"excerpt":{"rendered":"<p>New Balance 574 Tokyo Limited Edition \u201d\u201d Wood Thrush\/Navy\/White<\/p>\n","protected":false},"featured_media":152860,"comment_status":"open","ping_status":"closed","template":"","meta":[],"product_brand":[],"product_cat":[10771],"product_tag":[10750,10753,10754,10765,10766,10767,10768],"class_list":{"0":"post-152859","1":"product","2":"type-product","3":"status-publish","4":"has-post-thumbnail","6":"product_cat-new-balance","7":"product_tag-athleisure-shoes","8":"product_tag-gift-for-him","9":"product_tag-lifestyle-casual-shoes","10":"product_tag-lifestyle-shoes-running-inspired","11":"product_tag-new-balance","12":"product_tag-new-balance-running-shoes","13":"product_tag-retro-running-shoes","14":"wcpa_has_options","16":"first","17":"outofstock","18":"taxable","19":"shipping-taxable","20":"purchasable","21":"product-type-simple"},"wcpa_form_fields":{"rules":{"pric_overide_base_price":false,"pric_overide_base_price_if_gt_zero":false,"pric_overide_base_price_fully":false,"pric_cal_option_once":false,"pric_use_as_fee":false,"bind_quantity":false,"quantity_bind_formula":false},"fields":[{"type":"color-group","required":true,"elementId":"wcpa-color-group-66c4a928225d2","label":"Gr\u00f6\u00dfe","inline":true,"priceOptions":"different_for_all","pricingType":"fixed","className":"hassizechart product-shoes-size-eu product-shoes-size","name":"color-group-66c4a928225e2","disp_type":"square","selection_type":"tick-border","disp_size":"50","show_label_inside":true,"adjust_width":true,"cart_display_type":"text","other_text":"Other","cl_rule":"show","col":6,"values":[{"label":"35","value":"EU 35","price":"","pimage":"","pimage_id":"","pthumb":"","color":""},{"label":"36","value":"EU 36","price":"","pimage":"","pimage_id":"","pthumb":"","color":"","selected":true},{"label":"37","value":"EU 37","price":"","pimage":"","pimage_id":"","pthumb":"","color":""},{"label":"37.5","value":"EU 37.5","price":"","pimage":"","pimage_id":"","pthumb":"","color":""},{"label":"38","value":"EU 38","price":"","pimage":"","pimage_id":"","pthumb":"","color":""},{"label":"38.5","value":"EU 38.5","price":"","pimage":"","pimage_id":"","pthumb":"","color":""},{"label":"39","value":"EU 39","price":"","pimage":"","pimage_id":"","pthumb":"","color":""},{"label":"39.5","value":"EU 39.5","price":"","pimage":"","pimage_id":"","pthumb":"","color":""},{"label":"40","value":"EU 40","price":"","pimage":"","pimage_id":"","pthumb":"","color":""},{"label":"40.5","value":"EU 40.5","price":"","pimage":"","pimage_id":"","pthumb":"","color":""},{"label":" 41.5","value":"EU 41.5","price":"","pimage":"","pimage_id":"","pthumb":"","color":""},{"label":"42","value":"EU 42","price":"","pimage":"","pimage_id":"","pthumb":"","color":""},{"label":"42.5","value":"EU 42.5","price":"","pimage":"","pimage_id":"","pthumb":"","color":""},{"label":"43","value":"EU 43","price":"","pimage":"","pimage_id":"","pthumb":"","color":""},{"label":"44","value":"EU 44","price":"","pimage":"","pimage_id":"","pthumb":"","color":""},{"label":"44.5","value":"EU 44.5","price":"","pimage":"","pimage_id":"","pthumb":"","color":""},{"label":"45","value":"EU 45","price":"","pimage":"","pimage_id":"","pthumb":"","color":""},{"label":"45.5","value":"EU 45.5","price":"","pimage":"","pimage_id":"","pthumb":"","color":""},{"label":"46","value":"EU 46","price":"","pimage":"","pimage_id":"","pthumb":"","color":""}],"relations":[{"operator":false,"rules":[]}],"form_id":24803,"form_rules":{"pric_cal_option_once":false,"exclude_from_discount":false,"pric_use_as_fee":false,"fee_label":"Fee","render_after_acb":false,"disp_hide_options_price":false}}]},"yoast_head":"<!-- This site is optimized with the Yoast SEO plugin v26.5 - https:\/\/yoast.com\/wordpress\/plugins\/seo\/ -->\n<title>New Balance 574 Tokyo Limited Edition Wood Thrush  - Tourcruiser PTE. LTD<\/title>\n<meta name=\"robots\" content=\"index, follow, max-snippet:-1, max-image-preview:large, max-video-preview:-1\" \/>\n<link rel=\"canonical\" href=\"https:\/\/tourcruiser.com\/de\/products\/new-balance-574-tokyo-limited-edition-wood-thrush\/\" \/>\n<meta property=\"og:locale\" content=\"de_DE\" \/>\n<meta property=\"og:type\" content=\"article\" \/>\n<meta property=\"og:title\" content=\"New Balance 574 Tokyo Limited Edition Wood Thrush  - Tourcruiser PTE. LTD\" \/>\n<meta property=\"og:description\" content=\"New Balance 574 Tokyo Limited Edition \u201d\u201d Wood Thrush\/Navy\/White\" \/>\n<meta property=\"og:url\" content=\"https:\/\/tourcruiser.com\/de\/products\/new-balance-574-tokyo-limited-edition-wood-thrush\/\" \/>\n<meta property=\"og:site_name\" content=\"Tourcruiser Sneaker Store\" \/>\n<meta property=\"article:modified_time\" content=\"2026-03-27T18:52:36+00:00\" \/>\n<meta name=\"twitter:card\" content=\"summary_large_image\" \/>\n<meta name=\"twitter:image\" content=\"https:\/\/images.novelship.com\/product\/new_balance_574_tokyo_limited_edition_wood_thrush__0_39880.jpeg;https:\/\/images.novelship.com\/product\/new_balance_574_tokyo_limited_edition_wood_thrush__1_39881.jpeg;https:\/\/images.novelship.com\/product\/new_balance_574_tokyo_limited_edition_wood_thrush__2_39881.jpeg;https:\/\/images.novelship.com\/product\/new_balance_574_tokyo_limited_edition_wood_thrush__3_39881.jpeg\" \/>\n<script type=\"application\/ld+json\" class=\"yoast-schema-graph\">{\"@context\":\"https:\/\/schema.org\",\"@graph\":[{\"@type\":\"WebPage\",\"@id\":\"https:\/\/tourcruiser.com\/de\/products\/new-balance-574-tokyo-limited-edition-wood-thrush\/\",\"url\":\"https:\/\/tourcruiser.com\/de\/products\/new-balance-574-tokyo-limited-edition-wood-thrush\/\",\"name\":\"New Balance 574 Tokyo Limited Edition Wood Thrush - Tourcruiser PTE. LTD\",\"isPartOf\":{\"@id\":\"https:\/\/tourcruiser.com\/de\/#website\"},\"primaryImageOfPage\":{\"@id\":\"https:\/\/tourcruiser.com\/de\/products\/new-balance-574-tokyo-limited-edition-wood-thrush\/#primaryimage\"},\"image\":{\"@id\":\"https:\/\/tourcruiser.com\/de\/products\/new-balance-574-tokyo-limited-edition-wood-thrush\/#primaryimage\"},\"thumbnailUrl\":\"https:\/\/images.novelship.com\/product\/new_balance_574_tokyo_limited_edition_wood_thrush__0_39880.jpeg;https:\/\/images.novelship.com\/product\/new_balance_574_tokyo_limited_edition_wood_thrush__1_39881.jpeg;https:\/\/images.novelship.com\/product\/new_balance_574_tokyo_limited_edition_wood_thrush__2_39881.jpeg;https:\/\/images.novelship.com\/product\/new_balance_574_tokyo_limited_edition_wood_thrush__3_39881.jpeg\",\"datePublished\":\"2026-03-02T08:55:02+00:00\",\"dateModified\":\"2026-03-27T18:52:36+00:00\",\"breadcrumb\":{\"@id\":\"https:\/\/tourcruiser.com\/de\/products\/new-balance-574-tokyo-limited-edition-wood-thrush\/#breadcrumb\"},\"inLanguage\":\"de\",\"potentialAction\":[{\"@type\":\"ReadAction\",\"target\":[\"https:\/\/tourcruiser.com\/de\/products\/new-balance-574-tokyo-limited-edition-wood-thrush\/\"]}]},{\"@type\":\"ImageObject\",\"inLanguage\":\"de\",\"@id\":\"https:\/\/tourcruiser.com\/de\/products\/new-balance-574-tokyo-limited-edition-wood-thrush\/#primaryimage\",\"url\":\"https:\/\/images.novelship.com\/product\/new_balance_574_tokyo_limited_edition_wood_thrush__0_39880.jpeg;https:\/\/images.novelship.com\/product\/new_balance_574_tokyo_limited_edition_wood_thrush__1_39881.jpeg;https:\/\/images.novelship.com\/product\/new_balance_574_tokyo_limited_edition_wood_thrush__2_39881.jpeg;https:\/\/images.novelship.com\/product\/new_balance_574_tokyo_limited_edition_wood_thrush__3_39881.jpeg\",\"contentUrl\":\"https:\/\/images.novelship.com\/product\/new_balance_574_tokyo_limited_edition_wood_thrush__0_39880.jpeg;https:\/\/images.novelship.com\/product\/new_balance_574_tokyo_limited_edition_wood_thrush__1_39881.jpeg;https:\/\/images.novelship.com\/product\/new_balance_574_tokyo_limited_edition_wood_thrush__2_39881.jpeg;https:\/\/images.novelship.com\/product\/new_balance_574_tokyo_limited_edition_wood_thrush__3_39881.jpeg\"},{\"@type\":\"BreadcrumbList\",\"@id\":\"https:\/\/tourcruiser.com\/de\/products\/new-balance-574-tokyo-limited-edition-wood-thrush\/#breadcrumb\",\"itemListElement\":[{\"@type\":\"ListItem\",\"position\":1,\"name\":\"Home\",\"item\":\"https:\/\/tourcruiser.com\/de\/\"},{\"@type\":\"ListItem\",\"position\":2,\"name\":\"Shop\",\"item\":\"https:\/\/tourcruiser.com\/de\/shop\/\"},{\"@type\":\"ListItem\",\"position\":3,\"name\":\"New Balance 574 Tokyo Limited Edition Wood Thrush\"}]},{\"@type\":\"WebSite\",\"@id\":\"https:\/\/tourcruiser.com\/de\/#website\",\"url\":\"https:\/\/tourcruiser.com\/de\/\",\"name\":\"Styloral Jewelry Shop\",\"description\":\"Tourcruiser Sneaker Store \u2014 der Ort, an dem das Universum deine Einzigartigkeit trifft.\",\"publisher\":{\"@id\":\"https:\/\/tourcruiser.com\/de\/#organization\"},\"potentialAction\":[{\"@type\":\"SearchAction\",\"target\":{\"@type\":\"EntryPoint\",\"urlTemplate\":\"https:\/\/tourcruiser.com\/de\/?s={search_term_string}\"},\"query-input\":{\"@type\":\"PropertyValueSpecification\",\"valueRequired\":true,\"valueName\":\"search_term_string\"}}],\"inLanguage\":\"de\"},{\"@type\":\"Organization\",\"@id\":\"https:\/\/tourcruiser.com\/de\/#organization\",\"name\":\"STYLORAL PTE. LTD\",\"url\":\"https:\/\/tourcruiser.com\/de\/\",\"logo\":{\"@type\":\"ImageObject\",\"inLanguage\":\"de\",\"@id\":\"https:\/\/tourcruiser.com\/de\/#\/schema\/logo\/image\/\",\"url\":\"https:\/\/www.tourcruiser.com\/wp-content\/uploads\/2025\/12\/logo.png\",\"contentUrl\":\"https:\/\/www.tourcruiser.com\/wp-content\/uploads\/2025\/12\/logo.png\",\"width\":200,\"height\":65,\"caption\":\"STYLORAL PTE. LTD\"},\"image\":{\"@id\":\"https:\/\/tourcruiser.com\/de\/#\/schema\/logo\/image\/\"}}]}<\/script>\n<!-- \/ Yoast SEO plugin. -->","yoast_head_json":{"title":"New Balance 574 Tokyo Limited Edition Wood Thrush  - Tourcruiser PTE. LTD","robots":{"index":"index","follow":"follow","max-snippet":"max-snippet:-1","max-image-preview":"max-image-preview:large","max-video-preview":"max-video-preview:-1"},"canonical":"https:\/\/tourcruiser.com\/de\/products\/new-balance-574-tokyo-limited-edition-wood-thrush\/","og_locale":"de_DE","og_type":"article","og_title":"New Balance 574 Tokyo Limited Edition Wood Thrush  - Tourcruiser PTE. LTD","og_description":"New Balance 574 Tokyo Limited Edition \u201d\u201d Wood Thrush\/Navy\/White","og_url":"https:\/\/tourcruiser.com\/de\/products\/new-balance-574-tokyo-limited-edition-wood-thrush\/","og_site_name":"Tourcruiser Sneaker Store","article_modified_time":"2026-03-27T18:52:36+00:00","twitter_card":"summary_large_image","twitter_image":"https:\/\/images.novelship.com\/product\/new_balance_574_tokyo_limited_edition_wood_thrush__0_39880.jpeg;https:\/\/images.novelship.com\/product\/new_balance_574_tokyo_limited_edition_wood_thrush__1_39881.jpeg;https:\/\/images.novelship.com\/product\/new_balance_574_tokyo_limited_edition_wood_thrush__2_39881.jpeg;https:\/\/images.novelship.com\/product\/new_balance_574_tokyo_limited_edition_wood_thrush__3_39881.jpeg","schema":{"@context":"https:\/\/schema.org","@graph":[{"@type":"WebPage","@id":"https:\/\/tourcruiser.com\/de\/products\/new-balance-574-tokyo-limited-edition-wood-thrush\/","url":"https:\/\/tourcruiser.com\/de\/products\/new-balance-574-tokyo-limited-edition-wood-thrush\/","name":"New Balance 574 Tokyo Limited Edition Wood Thrush - Tourcruiser PTE. LTD","isPartOf":{"@id":"https:\/\/tourcruiser.com\/de\/#website"},"primaryImageOfPage":{"@id":"https:\/\/tourcruiser.com\/de\/products\/new-balance-574-tokyo-limited-edition-wood-thrush\/#primaryimage"},"image":{"@id":"https:\/\/tourcruiser.com\/de\/products\/new-balance-574-tokyo-limited-edition-wood-thrush\/#primaryimage"},"thumbnailUrl":"https:\/\/images.novelship.com\/product\/new_balance_574_tokyo_limited_edition_wood_thrush__0_39880.jpeg;https:\/\/images.novelship.com\/product\/new_balance_574_tokyo_limited_edition_wood_thrush__1_39881.jpeg;https:\/\/images.novelship.com\/product\/new_balance_574_tokyo_limited_edition_wood_thrush__2_39881.jpeg;https:\/\/images.novelship.com\/product\/new_balance_574_tokyo_limited_edition_wood_thrush__3_39881.jpeg","datePublished":"2026-03-02T08:55:02+00:00","dateModified":"2026-03-27T18:52:36+00:00","breadcrumb":{"@id":"https:\/\/tourcruiser.com\/de\/products\/new-balance-574-tokyo-limited-edition-wood-thrush\/#breadcrumb"},"inLanguage":"de","potentialAction":[{"@type":"ReadAction","target":["https:\/\/tourcruiser.com\/de\/products\/new-balance-574-tokyo-limited-edition-wood-thrush\/"]}]},{"@type":"ImageObject","inLanguage":"de","@id":"https:\/\/tourcruiser.com\/de\/products\/new-balance-574-tokyo-limited-edition-wood-thrush\/#primaryimage","url":"https:\/\/images.novelship.com\/product\/new_balance_574_tokyo_limited_edition_wood_thrush__0_39880.jpeg;https:\/\/images.novelship.com\/product\/new_balance_574_tokyo_limited_edition_wood_thrush__1_39881.jpeg;https:\/\/images.novelship.com\/product\/new_balance_574_tokyo_limited_edition_wood_thrush__2_39881.jpeg;https:\/\/images.novelship.com\/product\/new_balance_574_tokyo_limited_edition_wood_thrush__3_39881.jpeg","contentUrl":"https:\/\/images.novelship.com\/product\/new_balance_574_tokyo_limited_edition_wood_thrush__0_39880.jpeg;https:\/\/images.novelship.com\/product\/new_balance_574_tokyo_limited_edition_wood_thrush__1_39881.jpeg;https:\/\/images.novelship.com\/product\/new_balance_574_tokyo_limited_edition_wood_thrush__2_39881.jpeg;https:\/\/images.novelship.com\/product\/new_balance_574_tokyo_limited_edition_wood_thrush__3_39881.jpeg"},{"@type":"BreadcrumbList","@id":"https:\/\/tourcruiser.com\/de\/products\/new-balance-574-tokyo-limited-edition-wood-thrush\/#breadcrumb","itemListElement":[{"@type":"ListItem","position":1,"name":"Home","item":"https:\/\/tourcruiser.com\/de\/"},{"@type":"ListItem","position":2,"name":"Shop","item":"https:\/\/tourcruiser.com\/de\/shop\/"},{"@type":"ListItem","position":3,"name":"New Balance 574 Tokyo Limited Edition Wood Thrush"}]},{"@type":"WebSite","@id":"https:\/\/tourcruiser.com\/de\/#website","url":"https:\/\/tourcruiser.com\/de\/","name":"Styloral Jewelry Shop","description":"Tourcruiser Sneaker Store \u2014 der Ort, an dem das Universum deine Einzigartigkeit trifft.","publisher":{"@id":"https:\/\/tourcruiser.com\/de\/#organization"},"potentialAction":[{"@type":"SearchAction","target":{"@type":"EntryPoint","urlTemplate":"https:\/\/tourcruiser.com\/de\/?s={search_term_string}"},"query-input":{"@type":"PropertyValueSpecification","valueRequired":true,"valueName":"search_term_string"}}],"inLanguage":"de"},{"@type":"Organization","@id":"https:\/\/tourcruiser.com\/de\/#organization","name":"STYLORAL PTE. LTD","url":"https:\/\/tourcruiser.com\/de\/","logo":{"@type":"ImageObject","inLanguage":"de","@id":"https:\/\/tourcruiser.com\/de\/#\/schema\/logo\/image\/","url":"https:\/\/www.tourcruiser.com\/wp-content\/uploads\/2025\/12\/logo.png","contentUrl":"https:\/\/www.tourcruiser.com\/wp-content\/uploads\/2025\/12\/logo.png","width":200,"height":65,"caption":"STYLORAL PTE. LTD"},"image":{"@id":"https:\/\/tourcruiser.com\/de\/#\/schema\/logo\/image\/"}}]}},"_links":{"self":[{"href":"https:\/\/tourcruiser.com\/de\/wp-json\/wp\/v2\/product\/152859","targetHints":{"allow":["GET"]}}],"collection":[{"href":"https:\/\/tourcruiser.com\/de\/wp-json\/wp\/v2\/product"}],"about":[{"href":"https:\/\/tourcruiser.com\/de\/wp-json\/wp\/v2\/types\/product"}],"replies":[{"embeddable":true,"href":"https:\/\/tourcruiser.com\/de\/wp-json\/wp\/v2\/comments?post=152859"}],"wp:featuredmedia":[{"embeddable":true,"href":"https:\/\/tourcruiser.com\/de\/wp-json\/wp\/v2\/media\/152860"}],"wp:attachment":[{"href":"https:\/\/tourcruiser.com\/de\/wp-json\/wp\/v2\/media?parent=152859"}],"wp:term":[{"taxonomy":"product_brand","embeddable":true,"href":"https:\/\/tourcruiser.com\/de\/wp-json\/wp\/v2\/product_brand?post=152859"},{"taxonomy":"product_cat","embeddable":true,"href":"https:\/\/tourcruiser.com\/de\/wp-json\/wp\/v2\/product_cat?post=152859"},{"taxonomy":"product_tag","embeddable":true,"href":"https:\/\/tourcruiser.com\/de\/wp-json\/wp\/v2\/product_tag?post=152859"}],"curies":[{"name":"wp","href":"https:\/\/api.w.org\/{rel}","templated":true}]}}