{"id":152802,"date":"2026-03-02T15:54:57","date_gmt":"2026-03-02T08:54:57","guid":{"rendered":"http:\/\/tourcruiser.com\/product\/ugg-goldenstar-hi-klomp-chestnut"},"modified":"2026-03-28T01:22:59","modified_gmt":"2026-03-27T18:22:59","slug":"ugg-goldenstar-hi-klomp-chestnut","status":"publish","type":"product","link":"https:\/\/tourcruiser.com\/de\/products\/ugg-goldenstar-hi-klomp-chestnut\/","title":{"rendered":"UGG Goldenstar Hi-klomp &#8218;Chestnut&#8216;"},"content":{"rendered":"<p>Erleben Sie ultimativen Komfort und Stil mit dem UGG Goldenstar Hi-Klomp &#8218;Chestnut&#8216;. Gefertigt aus hochwertigem Veloursleder und mit einer robusten Holzsohle, vereint dieser Schuh luxuri\u00f6sen und gleichzeitig l\u00e4ssigen Look. Er wurde entworfen, um Ihr Alltagsoutfit aufzuwerten und kombiniert die charakteristische UGG-Handwerkskunst mit einem modernen Touch. Weiche Lammfellakzente und ein weiches Schaumstoff-Fu\u00dfbett sorgen f\u00fcr hervorragende D\u00e4mpfung und Unterst\u00fctzung. Der satte Kastanienbraunton verleiht ihm eine zeitlose, nat\u00fcrliche \u00c4sthetik und macht ihn zum idealen Begleiter f\u00fcr jedes Outfit \u201d\u201c von Jeans bis hin zu eleganten Kleidern. Ob beim Einkaufen, beim Stadtbummel oder beim stilvollen Entspannen: Diese Clogs bieten ganzt\u00e4gigen Tragekomfort und unvergleichliche Qualit\u00e4t. Robust und dennoch leicht \u201d\u201c dieses Design vereint Funktionalit\u00e4t und Eleganz perfekt und ist somit eine unverzichtbare Erg\u00e4nzung Ihrer Schuhsammlung.<\/p>\n<ul>\n<li><strong>Farbe:<\/strong> Kastanie<\/li>\n<li><strong>Artikelnummer:<\/strong> 1167550-CHE<\/li>\n<li><strong>Farbe:<\/strong> Braun<\/li>\n<li><strong>Erscheinungsjahr:<\/strong> 2025<\/li>\n<\/ul>\n","protected":false},"excerpt":{"rendered":"<p>UGG Goldenstar Hi-klomp \u201d\u201d Chestnut<\/p>\n","protected":false},"featured_media":152803,"comment_status":"open","ping_status":"closed","template":"","meta":[],"product_brand":[],"product_cat":[12436],"product_tag":[12618,15538,10754,11246],"class_list":{"0":"post-152802","1":"product","2":"type-product","3":"status-publish","4":"has-post-thumbnail","6":"product_cat-ugg","7":"product_tag-casual","8":"product_tag-clogs","9":"product_tag-lifestyle-casual-shoes","10":"product_tag-ugg","11":"wcpa_has_options","13":"first","14":"outofstock","15":"taxable","16":"shipping-taxable","17":"purchasable","18":"product-type-simple"},"wcpa_form_fields":{"rules":{"pric_overide_base_price":false,"pric_overide_base_price_if_gt_zero":false,"pric_overide_base_price_fully":false,"pric_cal_option_once":false,"pric_use_as_fee":false,"bind_quantity":false,"quantity_bind_formula":false},"fields":[{"type":"color-group","required":true,"elementId":"wcpa-color-group-69a5ad3fdca11","label":"Gr\u00f6\u00dfe","inline":true,"priceOptions":"different_for_all","pricingType":"fixed","className":"hassizechart product-shoes-size-eu product-shoes-size","name":"color-group-69a5ad3fdca1a","disp_type":"square","selection_type":"tick-border","disp_size":"50","show_label_inside":true,"adjust_width":true,"cart_display_type":"text","other_text":"Other","cl_rule":"show","col":6,"values":[{"label":"36","value":"EU 36","price":"","pimage":"","pimage_id":"","pthumb":"","color":"","selected":true},{"label":"37","value":"EU 37","price":"","pimage":"","pimage_id":"","pthumb":"","color":""},{"label":"37.5","value":"EU 37.5","price":"","pimage":"","pimage_id":"","pthumb":"","color":""},{"label":"38","value":"EU 38","price":"","pimage":"","pimage_id":"","pthumb":"","color":""},{"label":"38.5","value":"EU 38.5","price":"","pimage":"","pimage_id":"","pthumb":"","color":""},{"label":"39","value":"EU 39","price":"","pimage":"","pimage_id":"","pthumb":"","color":""},{"label":"39.5","value":"EU 39.5","price":"","pimage":"","pimage_id":"","pthumb":"","color":""},{"label":"40","value":"EU 40","price":"","pimage":"","pimage_id":"","pthumb":"","color":""},{"label":"40.5","value":"EU 40.5","price":"","pimage":"","pimage_id":"","pthumb":"","color":""},{"label":" 41.5","value":"EU 41.5","price":"","pimage":"","pimage_id":"","pthumb":"","color":""},{"label":"42","value":"EU 42","price":"","pimage":"","pimage_id":"","pthumb":"","color":""},{"label":"42.5","value":"EU 42.5","price":"","pimage":"","pimage_id":"","pthumb":"","color":""},{"label":"43","value":"EU 43","price":"","pimage":"","pimage_id":"","pthumb":"","color":""},{"label":"44","value":"EU 44","price":"","pimage":"","pimage_id":"","pthumb":"","color":""},{"label":"44.5","value":"EU 44.5","price":"","pimage":"","pimage_id":"","pthumb":"","color":""},{"label":"45","value":"EU 45","price":"","pimage":"","pimage_id":"","pthumb":"","color":""}],"relations":[{"operator":false,"rules":[]}],"form_id":184314,"form_rules":{"pric_cal_option_once":false,"exclude_from_discount":false,"pric_use_as_fee":false,"fee_label":"Fee","render_after_acb":false,"disp_hide_options_price":false}}]},"yoast_head":"<!-- This site is optimized with the Yoast SEO plugin v26.5 - https:\/\/yoast.com\/wordpress\/plugins\/seo\/ -->\n<title>UGG Goldenstar Hi-klomp &#039;Chestnut&#039;  - Tourcruiser PTE. LTD<\/title>\n<meta name=\"robots\" content=\"index, follow, max-snippet:-1, max-image-preview:large, max-video-preview:-1\" \/>\n<link rel=\"canonical\" href=\"https:\/\/tourcruiser.com\/de\/products\/ugg-goldenstar-hi-klomp-chestnut\/\" \/>\n<meta property=\"og:locale\" content=\"de_DE\" \/>\n<meta property=\"og:type\" content=\"article\" \/>\n<meta property=\"og:title\" content=\"UGG Goldenstar Hi-klomp &#039;Chestnut&#039;  - Tourcruiser PTE. LTD\" \/>\n<meta property=\"og:description\" content=\"UGG Goldenstar Hi-klomp \u201d\u201d Chestnut\" \/>\n<meta property=\"og:url\" content=\"https:\/\/tourcruiser.com\/de\/products\/ugg-goldenstar-hi-klomp-chestnut\/\" \/>\n<meta property=\"og:site_name\" content=\"Tourcruiser Sneaker Store\" \/>\n<meta property=\"article:modified_time\" content=\"2026-03-27T18:22:59+00:00\" \/>\n<meta name=\"twitter:card\" content=\"summary_large_image\" \/>\n<meta name=\"twitter:image\" content=\"https:\/\/images.novelship.com\/product\/ugg_goldenstar_hi-klomp__chestnut__1167550-che_0_36051.jpeg;https:\/\/images.novelship.com\/product\/ugg_goldenstar_hi-klomp__chestnut__1167550-che_1_36051.jpeg\" \/>\n<meta name=\"twitter:label1\" content=\"Gesch\u00e4tzte Lesezeit\" \/>\n\t<meta name=\"twitter:data1\" content=\"1\u00a0Minute\" \/>\n<script type=\"application\/ld+json\" class=\"yoast-schema-graph\">{\"@context\":\"https:\/\/schema.org\",\"@graph\":[{\"@type\":\"WebPage\",\"@id\":\"https:\/\/tourcruiser.com\/de\/products\/ugg-goldenstar-hi-klomp-chestnut\/\",\"url\":\"https:\/\/tourcruiser.com\/de\/products\/ugg-goldenstar-hi-klomp-chestnut\/\",\"name\":\"UGG Goldenstar Hi-klomp 'Chestnut' - Tourcruiser PTE. LTD\",\"isPartOf\":{\"@id\":\"https:\/\/tourcruiser.com\/de\/#website\"},\"primaryImageOfPage\":{\"@id\":\"https:\/\/tourcruiser.com\/de\/products\/ugg-goldenstar-hi-klomp-chestnut\/#primaryimage\"},\"image\":{\"@id\":\"https:\/\/tourcruiser.com\/de\/products\/ugg-goldenstar-hi-klomp-chestnut\/#primaryimage\"},\"thumbnailUrl\":\"https:\/\/images.novelship.com\/product\/ugg_goldenstar_hi-klomp__chestnut__1167550-che_0_36051.jpeg;https:\/\/images.novelship.com\/product\/ugg_goldenstar_hi-klomp__chestnut__1167550-che_1_36051.jpeg\",\"datePublished\":\"2026-03-02T08:54:57+00:00\",\"dateModified\":\"2026-03-27T18:22:59+00:00\",\"breadcrumb\":{\"@id\":\"https:\/\/tourcruiser.com\/de\/products\/ugg-goldenstar-hi-klomp-chestnut\/#breadcrumb\"},\"inLanguage\":\"de\",\"potentialAction\":[{\"@type\":\"ReadAction\",\"target\":[\"https:\/\/tourcruiser.com\/de\/products\/ugg-goldenstar-hi-klomp-chestnut\/\"]}]},{\"@type\":\"ImageObject\",\"inLanguage\":\"de\",\"@id\":\"https:\/\/tourcruiser.com\/de\/products\/ugg-goldenstar-hi-klomp-chestnut\/#primaryimage\",\"url\":\"https:\/\/images.novelship.com\/product\/ugg_goldenstar_hi-klomp__chestnut__1167550-che_0_36051.jpeg;https:\/\/images.novelship.com\/product\/ugg_goldenstar_hi-klomp__chestnut__1167550-che_1_36051.jpeg\",\"contentUrl\":\"https:\/\/images.novelship.com\/product\/ugg_goldenstar_hi-klomp__chestnut__1167550-che_0_36051.jpeg;https:\/\/images.novelship.com\/product\/ugg_goldenstar_hi-klomp__chestnut__1167550-che_1_36051.jpeg\"},{\"@type\":\"BreadcrumbList\",\"@id\":\"https:\/\/tourcruiser.com\/de\/products\/ugg-goldenstar-hi-klomp-chestnut\/#breadcrumb\",\"itemListElement\":[{\"@type\":\"ListItem\",\"position\":1,\"name\":\"Home\",\"item\":\"https:\/\/tourcruiser.com\/de\/\"},{\"@type\":\"ListItem\",\"position\":2,\"name\":\"Shop\",\"item\":\"https:\/\/tourcruiser.com\/de\/shop\/\"},{\"@type\":\"ListItem\",\"position\":3,\"name\":\"UGG Goldenstar Hi-klomp 'Chestnut'\"}]},{\"@type\":\"WebSite\",\"@id\":\"https:\/\/tourcruiser.com\/de\/#website\",\"url\":\"https:\/\/tourcruiser.com\/de\/\",\"name\":\"Styloral Jewelry Shop\",\"description\":\"Tourcruiser Sneaker Store \u2014 der Ort, an dem das Universum deine Einzigartigkeit trifft.\",\"publisher\":{\"@id\":\"https:\/\/tourcruiser.com\/de\/#organization\"},\"potentialAction\":[{\"@type\":\"SearchAction\",\"target\":{\"@type\":\"EntryPoint\",\"urlTemplate\":\"https:\/\/tourcruiser.com\/de\/?s={search_term_string}\"},\"query-input\":{\"@type\":\"PropertyValueSpecification\",\"valueRequired\":true,\"valueName\":\"search_term_string\"}}],\"inLanguage\":\"de\"},{\"@type\":\"Organization\",\"@id\":\"https:\/\/tourcruiser.com\/de\/#organization\",\"name\":\"STYLORAL PTE. LTD\",\"url\":\"https:\/\/tourcruiser.com\/de\/\",\"logo\":{\"@type\":\"ImageObject\",\"inLanguage\":\"de\",\"@id\":\"https:\/\/tourcruiser.com\/de\/#\/schema\/logo\/image\/\",\"url\":\"https:\/\/www.tourcruiser.com\/wp-content\/uploads\/2025\/12\/logo.png\",\"contentUrl\":\"https:\/\/www.tourcruiser.com\/wp-content\/uploads\/2025\/12\/logo.png\",\"width\":200,\"height\":65,\"caption\":\"STYLORAL PTE. LTD\"},\"image\":{\"@id\":\"https:\/\/tourcruiser.com\/de\/#\/schema\/logo\/image\/\"}}]}<\/script>\n<!-- \/ Yoast SEO plugin. -->","yoast_head_json":{"title":"UGG Goldenstar Hi-klomp 'Chestnut'  - Tourcruiser PTE. LTD","robots":{"index":"index","follow":"follow","max-snippet":"max-snippet:-1","max-image-preview":"max-image-preview:large","max-video-preview":"max-video-preview:-1"},"canonical":"https:\/\/tourcruiser.com\/de\/products\/ugg-goldenstar-hi-klomp-chestnut\/","og_locale":"de_DE","og_type":"article","og_title":"UGG Goldenstar Hi-klomp 'Chestnut'  - Tourcruiser PTE. LTD","og_description":"UGG Goldenstar Hi-klomp \u201d\u201d Chestnut","og_url":"https:\/\/tourcruiser.com\/de\/products\/ugg-goldenstar-hi-klomp-chestnut\/","og_site_name":"Tourcruiser Sneaker Store","article_modified_time":"2026-03-27T18:22:59+00:00","twitter_card":"summary_large_image","twitter_image":"https:\/\/images.novelship.com\/product\/ugg_goldenstar_hi-klomp__chestnut__1167550-che_0_36051.jpeg;https:\/\/images.novelship.com\/product\/ugg_goldenstar_hi-klomp__chestnut__1167550-che_1_36051.jpeg","twitter_misc":{"Gesch\u00e4tzte Lesezeit":"1\u00a0Minute"},"schema":{"@context":"https:\/\/schema.org","@graph":[{"@type":"WebPage","@id":"https:\/\/tourcruiser.com\/de\/products\/ugg-goldenstar-hi-klomp-chestnut\/","url":"https:\/\/tourcruiser.com\/de\/products\/ugg-goldenstar-hi-klomp-chestnut\/","name":"UGG Goldenstar Hi-klomp 'Chestnut' - Tourcruiser PTE. LTD","isPartOf":{"@id":"https:\/\/tourcruiser.com\/de\/#website"},"primaryImageOfPage":{"@id":"https:\/\/tourcruiser.com\/de\/products\/ugg-goldenstar-hi-klomp-chestnut\/#primaryimage"},"image":{"@id":"https:\/\/tourcruiser.com\/de\/products\/ugg-goldenstar-hi-klomp-chestnut\/#primaryimage"},"thumbnailUrl":"https:\/\/images.novelship.com\/product\/ugg_goldenstar_hi-klomp__chestnut__1167550-che_0_36051.jpeg;https:\/\/images.novelship.com\/product\/ugg_goldenstar_hi-klomp__chestnut__1167550-che_1_36051.jpeg","datePublished":"2026-03-02T08:54:57+00:00","dateModified":"2026-03-27T18:22:59+00:00","breadcrumb":{"@id":"https:\/\/tourcruiser.com\/de\/products\/ugg-goldenstar-hi-klomp-chestnut\/#breadcrumb"},"inLanguage":"de","potentialAction":[{"@type":"ReadAction","target":["https:\/\/tourcruiser.com\/de\/products\/ugg-goldenstar-hi-klomp-chestnut\/"]}]},{"@type":"ImageObject","inLanguage":"de","@id":"https:\/\/tourcruiser.com\/de\/products\/ugg-goldenstar-hi-klomp-chestnut\/#primaryimage","url":"https:\/\/images.novelship.com\/product\/ugg_goldenstar_hi-klomp__chestnut__1167550-che_0_36051.jpeg;https:\/\/images.novelship.com\/product\/ugg_goldenstar_hi-klomp__chestnut__1167550-che_1_36051.jpeg","contentUrl":"https:\/\/images.novelship.com\/product\/ugg_goldenstar_hi-klomp__chestnut__1167550-che_0_36051.jpeg;https:\/\/images.novelship.com\/product\/ugg_goldenstar_hi-klomp__chestnut__1167550-che_1_36051.jpeg"},{"@type":"BreadcrumbList","@id":"https:\/\/tourcruiser.com\/de\/products\/ugg-goldenstar-hi-klomp-chestnut\/#breadcrumb","itemListElement":[{"@type":"ListItem","position":1,"name":"Home","item":"https:\/\/tourcruiser.com\/de\/"},{"@type":"ListItem","position":2,"name":"Shop","item":"https:\/\/tourcruiser.com\/de\/shop\/"},{"@type":"ListItem","position":3,"name":"UGG Goldenstar Hi-klomp 'Chestnut'"}]},{"@type":"WebSite","@id":"https:\/\/tourcruiser.com\/de\/#website","url":"https:\/\/tourcruiser.com\/de\/","name":"Styloral Jewelry Shop","description":"Tourcruiser Sneaker Store \u2014 der Ort, an dem das Universum deine Einzigartigkeit trifft.","publisher":{"@id":"https:\/\/tourcruiser.com\/de\/#organization"},"potentialAction":[{"@type":"SearchAction","target":{"@type":"EntryPoint","urlTemplate":"https:\/\/tourcruiser.com\/de\/?s={search_term_string}"},"query-input":{"@type":"PropertyValueSpecification","valueRequired":true,"valueName":"search_term_string"}}],"inLanguage":"de"},{"@type":"Organization","@id":"https:\/\/tourcruiser.com\/de\/#organization","name":"STYLORAL PTE. LTD","url":"https:\/\/tourcruiser.com\/de\/","logo":{"@type":"ImageObject","inLanguage":"de","@id":"https:\/\/tourcruiser.com\/de\/#\/schema\/logo\/image\/","url":"https:\/\/www.tourcruiser.com\/wp-content\/uploads\/2025\/12\/logo.png","contentUrl":"https:\/\/www.tourcruiser.com\/wp-content\/uploads\/2025\/12\/logo.png","width":200,"height":65,"caption":"STYLORAL PTE. LTD"},"image":{"@id":"https:\/\/tourcruiser.com\/de\/#\/schema\/logo\/image\/"}}]}},"_links":{"self":[{"href":"https:\/\/tourcruiser.com\/de\/wp-json\/wp\/v2\/product\/152802","targetHints":{"allow":["GET"]}}],"collection":[{"href":"https:\/\/tourcruiser.com\/de\/wp-json\/wp\/v2\/product"}],"about":[{"href":"https:\/\/tourcruiser.com\/de\/wp-json\/wp\/v2\/types\/product"}],"replies":[{"embeddable":true,"href":"https:\/\/tourcruiser.com\/de\/wp-json\/wp\/v2\/comments?post=152802"}],"wp:featuredmedia":[{"embeddable":true,"href":"https:\/\/tourcruiser.com\/de\/wp-json\/wp\/v2\/media\/152803"}],"wp:attachment":[{"href":"https:\/\/tourcruiser.com\/de\/wp-json\/wp\/v2\/media?parent=152802"}],"wp:term":[{"taxonomy":"product_brand","embeddable":true,"href":"https:\/\/tourcruiser.com\/de\/wp-json\/wp\/v2\/product_brand?post=152802"},{"taxonomy":"product_cat","embeddable":true,"href":"https:\/\/tourcruiser.com\/de\/wp-json\/wp\/v2\/product_cat?post=152802"},{"taxonomy":"product_tag","embeddable":true,"href":"https:\/\/tourcruiser.com\/de\/wp-json\/wp\/v2\/product_tag?post=152802"}],"curies":[{"name":"wp","href":"https:\/\/api.w.org\/{rel}","templated":true}]}}