{"id":152567,"date":"2026-03-02T15:54:35","date_gmt":"2026-03-02T08:54:35","guid":{"rendered":"http:\/\/tourcruiser.com\/product\/adidas-run-70s-maroon-off"},"modified":"2026-03-28T01:22:48","modified_gmt":"2026-03-27T18:22:48","slug":"adidas-run-70s-maroon-off","status":"publish","type":"product","link":"https:\/\/tourcruiser.com\/de\/products\/adidas-run-70s-maroon-off\/","title":{"rendered":"adidas Run 70s  &#8218;Maroon Off&#8216;"},"content":{"rendered":"<p>Mit den adidas Run 70s &#8218;Maroon Off&#8216; Sneakern erlebst du zeitlosen Style und Komfort f\u00fcr jeden Tag \u201d\u201c die perfekte Kombination aus Retro-Design und moderner Funktionalit\u00e4t. Das atmungsaktive Textil-Obermaterial mit Wildleder-Overlays sorgt f\u00fcr ein hochwertiges Tragegef\u00fchl und erh\u00f6hte Strapazierf\u00e4higkeit. Die weinrote Farbgebung, akzentuiert durch dezente cremewei\u00dfe Details, verleiht dem Schuh einen eleganten Touch und macht ihn sowohl f\u00fcr entspannte Ausfl\u00fcge als auch f\u00fcr leichte Workouts geeignet.<\/p>\n<p>Die gepolsterte EVA-Zwischensohle der Run 70s garantiert optimalen Tragekomfort, w\u00e4hrend die Gummiau\u00dfensohle zuverl\u00e4ssige Traktion auf verschiedenen Untergr\u00fcnden bietet. Die ikonischen 3-Streifen unterstreichen die minimalistische \u00c4sthetik und machen diese Sneaker zu einer vielseitigen Erg\u00e4nzung f\u00fcr jede Garderobe. Leicht und st\u00fctzend \u201d\u201c diese Sneaker sind der ideale Begleiter f\u00fcr deinen aktiven Alltag, ohne dabei auf Style zu verzichten.<\/p>\n<p>Egal, ob du deine Fitnessziele verfolgst oder einfach deinen Streetwear-Look aufpeppen willst: Die adidas Run 70s &#8218;Maroon Off&#8216; vereinen Performance und Fashion in einem au\u00dfergew\u00f6hnlichen Schuh. Mit diesen m\u00fchelos schicken und funktionalen Sneakern z\u00e4hlt jeder Schritt.<\/p>\n<ul>\n<li><strong>Style Code:<\/strong> IG1182<\/li>\n<li><strong>Color:<\/strong> Wei\u00df<\/li>\n<\/ul>\n","protected":false},"excerpt":{"rendered":"<p>adidas Run 70s  &#8218;Maroon Off&#8216;<\/p>\n","protected":false},"featured_media":152568,"comment_status":"open","ping_status":"closed","template":"","meta":[],"product_brand":[],"product_cat":[10760],"product_tag":[10759,10750,10753,10754,10765,10768,10758],"class_list":{"0":"post-152567","1":"product","2":"type-product","3":"status-publish","4":"has-post-thumbnail","6":"product_cat-adidas","7":"product_tag-adidas","8":"product_tag-athleisure-shoes","9":"product_tag-gift-for-him","10":"product_tag-lifestyle-casual-shoes","11":"product_tag-lifestyle-shoes-running-inspired","12":"product_tag-retro-running-shoes","13":"product_tag-under-retail","14":"wcpa_has_options","16":"first","17":"outofstock","18":"taxable","19":"shipping-taxable","20":"purchasable","21":"product-type-simple"},"wcpa_form_fields":{"rules":{"pric_overide_base_price":false,"pric_overide_base_price_if_gt_zero":false,"pric_overide_base_price_fully":false,"pric_cal_option_once":false,"pric_use_as_fee":false,"bind_quantity":false,"quantity_bind_formula":false},"fields":[{"type":"color-group","required":true,"elementId":"wcpa-color-group-66c4a7f817afe","label":"Gr\u00f6\u00dfe","inline":true,"priceOptions":"different_for_all","pricingType":"fixed","className":"hassizechart product-shoes-size-eu product-shoes-size","name":"color-group-66c4a7f817b18","disp_type":"square","selection_type":"tick-border","disp_size":"50","show_label_inside":true,"adjust_width":true,"cart_display_type":"text","other_text":"Other","cl_rule":"show","col":6,"values":[{"label":"35","value":"EU 35","price":"","pimage":"","pimage_id":"","pthumb":"","color":""},{"label":"35.5","value":"EU 35.5","price":"","pimage":"","pimage_id":"","pthumb":"","color":""},{"label":"36","value":"EU 36","price":"","pimage":"","pimage_id":"","pthumb":"","color":"","selected":true},{"label":"36 2\/3","value":"EU 36 2\/3","price":"","pimage":"","pimage_id":"","pthumb":"","color":""},{"label":"37 1\/3","value":"EU 37 1\/3","price":"","pimage":"","pimage_id":"","pthumb":"","color":""},{"label":"38","value":"EU 38","price":"","pimage":"","pimage_id":"","pthumb":"","color":""},{"label":"38 2\/3","value":"EU 38 2\/3","price":"","pimage":"","pimage_id":"","pthumb":"","color":""},{"label":"39 1\/3","value":"EU 39 1\/3","price":"","pimage":"","pimage_id":"","pthumb":"","color":""},{"label":"40","value":"EU 40","price":"","pimage":"","pimage_id":"","pthumb":"","color":""},{"label":"40 2\/3","value":"EU 40 2\/3","price":"","pimage":"","pimage_id":"","pthumb":"","color":""},{"label":"41 1\/3","value":"EU 41 1\/3","price":"","pimage":"","pimage_id":"","pthumb":"","color":""},{"label":"42","value":"EU 42","price":"","pimage":"","pimage_id":"","pthumb":"","color":""},{"label":"42 2\/3","value":"EU 42 2\/3","price":"","pimage":"","pimage_id":"","pthumb":"","color":""},{"label":"43 1\/3","value":"EU 43 1\/3","price":"","pimage":"","pimage_id":"","pthumb":"","color":""},{"label":"44","value":"EU 44","price":"","pimage":"","pimage_id":"","pthumb":"","color":""},{"label":"44 2\/3","value":"EU 44 2\/3","price":"","pimage":"","pimage_id":"","pthumb":"","color":""},{"label":"45 1\/3","value":"EU 45 1\/3","price":"","pimage":"","pimage_id":"","pthumb":"","color":""},{"label":"46","value":"EU 46","price":"","pimage":"","pimage_id":"","pthumb":"","color":""},{"label":"46 2\/3","value":"EU 46 2\/3","price":"","pimage":"","pimage_id":"","pthumb":"","color":""},{"label":"47 1\/3","value":"EU 47 1\/3","price":"","pimage":"","pimage_id":"","pthumb":"","color":""}],"relations":[{"operator":false,"rules":[]}],"form_id":24802,"form_rules":{"pric_cal_option_once":false,"exclude_from_discount":false,"pric_use_as_fee":false,"fee_label":"Fee","render_after_acb":false,"disp_hide_options_price":false}}]},"yoast_head":"<!-- This site is optimized with the Yoast SEO plugin v26.5 - https:\/\/yoast.com\/wordpress\/plugins\/seo\/ -->\n<title>adidas Run 70s &#039;Maroon Off&#039;  - Tourcruiser PTE. LTD<\/title>\n<meta name=\"robots\" content=\"index, follow, max-snippet:-1, max-image-preview:large, max-video-preview:-1\" \/>\n<link rel=\"canonical\" href=\"https:\/\/tourcruiser.com\/\" \/>\n<meta property=\"og:locale\" content=\"de_DE\" \/>\n<meta property=\"og:type\" content=\"article\" \/>\n<meta property=\"og:title\" content=\"adidas Run 70s &#039;Maroon Off&#039;  - Tourcruiser PTE. LTD\" \/>\n<meta property=\"og:description\" content=\"adidas Run 70s &#039;Maroon Off&#039;\" \/>\n<meta property=\"og:url\" content=\"\/\" \/>\n<meta property=\"og:site_name\" content=\"Tourcruiser Sneaker Store\" \/>\n<meta property=\"article:modified_time\" content=\"2026-03-27T18:22:48+00:00\" \/>\n<meta name=\"twitter:card\" content=\"summary_large_image\" \/>\n<meta name=\"twitter:image\" content=\"https:\/\/images.novelship.com\/product\/adidas_run_70s___maroon_off__ig1182_0_30264.jpeg;https:\/\/images.novelship.com\/product\/adidas_run_70s___maroon_off__ig1182_1_30265.jpeg;https:\/\/images.novelship.com\/product\/adidas_run_70s___maroon_off__ig1182_2_30265.jpeg;https:\/\/images.novelship.com\/product\/adidas_run_70s___maroon_off__ig1182_3_30265.jpeg;https:\/\/images.novelship.com\/product\/adidas_run_70s___maroon_off__ig1182_4_30265.jpeg;https:\/\/images.novelship.com\/product\/adidas_run_70s___maroon_off__ig1182_5_30265.jpeg;https:\/\/images.novelship.com\/product\/adidas_run_70s___maroon_off__ig1182_6_30265.jpeg;https:\/\/images.novelship.com\/product\/adidas_run_70s___maroon_off__ig1182_7_30265.jpeg\" \/>\n<meta name=\"twitter:label1\" content=\"Gesch\u00e4tzte Lesezeit\" \/>\n\t<meta name=\"twitter:data1\" content=\"1\u00a0Minute\" \/>\n<script type=\"application\/ld+json\" class=\"yoast-schema-graph\">{\"@context\":\"https:\/\/schema.org\",\"@graph\":[{\"@type\":\"WebPage\",\"@id\":\"\/\",\"url\":\"https:\/\/tourcruiser.com\/\",\"name\":\"adidas Run 70s 'Maroon Off' - Tourcruiser PTE. LTD\",\"isPartOf\":{\"@id\":\"https:\/\/tourcruiser.com\/de\/#website\"},\"primaryImageOfPage\":{\"@id\":\"https:\/\/tourcruiser.com\/#primaryimage\"},\"image\":{\"@id\":\"https:\/\/tourcruiser.com\/#primaryimage\"},\"thumbnailUrl\":\"https:\/\/images.novelship.com\/product\/adidas_run_70s___maroon_off__ig1182_0_30264.jpeg;https:\/\/images.novelship.com\/product\/adidas_run_70s___maroon_off__ig1182_1_30265.jpeg;https:\/\/images.novelship.com\/product\/adidas_run_70s___maroon_off__ig1182_2_30265.jpeg;https:\/\/images.novelship.com\/product\/adidas_run_70s___maroon_off__ig1182_3_30265.jpeg;https:\/\/images.novelship.com\/product\/adidas_run_70s___maroon_off__ig1182_4_30265.jpeg;https:\/\/images.novelship.com\/product\/adidas_run_70s___maroon_off__ig1182_5_30265.jpeg;https:\/\/images.novelship.com\/product\/adidas_run_70s___maroon_off__ig1182_6_30265.jpeg;https:\/\/images.novelship.com\/product\/adidas_run_70s___maroon_off__ig1182_7_30265.jpeg\",\"datePublished\":\"2026-03-02T08:54:35+00:00\",\"dateModified\":\"2026-03-27T18:22:48+00:00\",\"breadcrumb\":{\"@id\":\"https:\/\/tourcruiser.com\/#breadcrumb\"},\"inLanguage\":\"de\",\"potentialAction\":[{\"@type\":\"ReadAction\",\"target\":[\"https:\/\/tourcruiser.com\/\"]}]},{\"@type\":\"ImageObject\",\"inLanguage\":\"de\",\"@id\":\"https:\/\/tourcruiser.com\/#primaryimage\",\"url\":\"https:\/\/images.novelship.com\/product\/adidas_run_70s___maroon_off__ig1182_0_30264.jpeg;https:\/\/images.novelship.com\/product\/adidas_run_70s___maroon_off__ig1182_1_30265.jpeg;https:\/\/images.novelship.com\/product\/adidas_run_70s___maroon_off__ig1182_2_30265.jpeg;https:\/\/images.novelship.com\/product\/adidas_run_70s___maroon_off__ig1182_3_30265.jpeg;https:\/\/images.novelship.com\/product\/adidas_run_70s___maroon_off__ig1182_4_30265.jpeg;https:\/\/images.novelship.com\/product\/adidas_run_70s___maroon_off__ig1182_5_30265.jpeg;https:\/\/images.novelship.com\/product\/adidas_run_70s___maroon_off__ig1182_6_30265.jpeg;https:\/\/images.novelship.com\/product\/adidas_run_70s___maroon_off__ig1182_7_30265.jpeg\",\"contentUrl\":\"https:\/\/images.novelship.com\/product\/adidas_run_70s___maroon_off__ig1182_0_30264.jpeg;https:\/\/images.novelship.com\/product\/adidas_run_70s___maroon_off__ig1182_1_30265.jpeg;https:\/\/images.novelship.com\/product\/adidas_run_70s___maroon_off__ig1182_2_30265.jpeg;https:\/\/images.novelship.com\/product\/adidas_run_70s___maroon_off__ig1182_3_30265.jpeg;https:\/\/images.novelship.com\/product\/adidas_run_70s___maroon_off__ig1182_4_30265.jpeg;https:\/\/images.novelship.com\/product\/adidas_run_70s___maroon_off__ig1182_5_30265.jpeg;https:\/\/images.novelship.com\/product\/adidas_run_70s___maroon_off__ig1182_6_30265.jpeg;https:\/\/images.novelship.com\/product\/adidas_run_70s___maroon_off__ig1182_7_30265.jpeg\"},{\"@type\":\"BreadcrumbList\",\"@id\":\"https:\/\/tourcruiser.com\/#breadcrumb\",\"itemListElement\":[{\"@type\":\"ListItem\",\"position\":1,\"name\":\"Home\",\"item\":\"https:\/\/tourcruiser.com\/de\/\"},{\"@type\":\"ListItem\",\"position\":2,\"name\":\"Shop\",\"item\":\"https:\/\/tourcruiser.com\/de\/shop\/\"},{\"@type\":\"ListItem\",\"position\":3,\"name\":\"adidas Run 70s &#8218;Maroon Off&#8216;\"}]},{\"@type\":\"WebSite\",\"@id\":\"https:\/\/tourcruiser.com\/de\/#website\",\"url\":\"https:\/\/tourcruiser.com\/de\/\",\"name\":\"Styloral Jewelry Shop\",\"description\":\"Tourcruiser Sneaker Store \u2014 der Ort, an dem das Universum deine Einzigartigkeit trifft.\",\"publisher\":{\"@id\":\"https:\/\/tourcruiser.com\/de\/#organization\"},\"potentialAction\":[{\"@type\":\"SearchAction\",\"target\":{\"@type\":\"EntryPoint\",\"urlTemplate\":\"https:\/\/tourcruiser.com\/de\/?s={search_term_string}\"},\"query-input\":{\"@type\":\"PropertyValueSpecification\",\"valueRequired\":true,\"valueName\":\"search_term_string\"}}],\"inLanguage\":\"de\"},{\"@type\":\"Organization\",\"@id\":\"https:\/\/tourcruiser.com\/de\/#organization\",\"name\":\"STYLORAL PTE. LTD\",\"url\":\"https:\/\/tourcruiser.com\/de\/\",\"logo\":{\"@type\":\"ImageObject\",\"inLanguage\":\"de\",\"@id\":\"https:\/\/tourcruiser.com\/de\/#\/schema\/logo\/image\/\",\"url\":\"https:\/\/www.tourcruiser.com\/wp-content\/uploads\/2025\/12\/logo.png\",\"contentUrl\":\"https:\/\/www.tourcruiser.com\/wp-content\/uploads\/2025\/12\/logo.png\",\"width\":200,\"height\":65,\"caption\":\"STYLORAL PTE. LTD\"},\"image\":{\"@id\":\"https:\/\/tourcruiser.com\/de\/#\/schema\/logo\/image\/\"}}]}<\/script>\n<!-- \/ Yoast SEO plugin. -->","yoast_head_json":{"title":"adidas Run 70s 'Maroon Off'  - Tourcruiser PTE. LTD","robots":{"index":"index","follow":"follow","max-snippet":"max-snippet:-1","max-image-preview":"max-image-preview:large","max-video-preview":"max-video-preview:-1"},"canonical":"https:\/\/tourcruiser.com\/","og_locale":"de_DE","og_type":"article","og_title":"adidas Run 70s 'Maroon Off'  - Tourcruiser PTE. LTD","og_description":"adidas Run 70s 'Maroon Off'","og_url":"\/","og_site_name":"Tourcruiser Sneaker Store","article_modified_time":"2026-03-27T18:22:48+00:00","twitter_card":"summary_large_image","twitter_image":"https:\/\/images.novelship.com\/product\/adidas_run_70s___maroon_off__ig1182_0_30264.jpeg;https:\/\/images.novelship.com\/product\/adidas_run_70s___maroon_off__ig1182_1_30265.jpeg;https:\/\/images.novelship.com\/product\/adidas_run_70s___maroon_off__ig1182_2_30265.jpeg;https:\/\/images.novelship.com\/product\/adidas_run_70s___maroon_off__ig1182_3_30265.jpeg;https:\/\/images.novelship.com\/product\/adidas_run_70s___maroon_off__ig1182_4_30265.jpeg;https:\/\/images.novelship.com\/product\/adidas_run_70s___maroon_off__ig1182_5_30265.jpeg;https:\/\/images.novelship.com\/product\/adidas_run_70s___maroon_off__ig1182_6_30265.jpeg;https:\/\/images.novelship.com\/product\/adidas_run_70s___maroon_off__ig1182_7_30265.jpeg","twitter_misc":{"Gesch\u00e4tzte Lesezeit":"1\u00a0Minute"},"schema":{"@context":"https:\/\/schema.org","@graph":[{"@type":"WebPage","@id":"\/","url":"https:\/\/tourcruiser.com\/","name":"adidas Run 70s 'Maroon Off' - Tourcruiser PTE. LTD","isPartOf":{"@id":"https:\/\/tourcruiser.com\/de\/#website"},"primaryImageOfPage":{"@id":"https:\/\/tourcruiser.com\/#primaryimage"},"image":{"@id":"https:\/\/tourcruiser.com\/#primaryimage"},"thumbnailUrl":"https:\/\/images.novelship.com\/product\/adidas_run_70s___maroon_off__ig1182_0_30264.jpeg;https:\/\/images.novelship.com\/product\/adidas_run_70s___maroon_off__ig1182_1_30265.jpeg;https:\/\/images.novelship.com\/product\/adidas_run_70s___maroon_off__ig1182_2_30265.jpeg;https:\/\/images.novelship.com\/product\/adidas_run_70s___maroon_off__ig1182_3_30265.jpeg;https:\/\/images.novelship.com\/product\/adidas_run_70s___maroon_off__ig1182_4_30265.jpeg;https:\/\/images.novelship.com\/product\/adidas_run_70s___maroon_off__ig1182_5_30265.jpeg;https:\/\/images.novelship.com\/product\/adidas_run_70s___maroon_off__ig1182_6_30265.jpeg;https:\/\/images.novelship.com\/product\/adidas_run_70s___maroon_off__ig1182_7_30265.jpeg","datePublished":"2026-03-02T08:54:35+00:00","dateModified":"2026-03-27T18:22:48+00:00","breadcrumb":{"@id":"https:\/\/tourcruiser.com\/#breadcrumb"},"inLanguage":"de","potentialAction":[{"@type":"ReadAction","target":["https:\/\/tourcruiser.com\/"]}]},{"@type":"ImageObject","inLanguage":"de","@id":"https:\/\/tourcruiser.com\/#primaryimage","url":"https:\/\/images.novelship.com\/product\/adidas_run_70s___maroon_off__ig1182_0_30264.jpeg;https:\/\/images.novelship.com\/product\/adidas_run_70s___maroon_off__ig1182_1_30265.jpeg;https:\/\/images.novelship.com\/product\/adidas_run_70s___maroon_off__ig1182_2_30265.jpeg;https:\/\/images.novelship.com\/product\/adidas_run_70s___maroon_off__ig1182_3_30265.jpeg;https:\/\/images.novelship.com\/product\/adidas_run_70s___maroon_off__ig1182_4_30265.jpeg;https:\/\/images.novelship.com\/product\/adidas_run_70s___maroon_off__ig1182_5_30265.jpeg;https:\/\/images.novelship.com\/product\/adidas_run_70s___maroon_off__ig1182_6_30265.jpeg;https:\/\/images.novelship.com\/product\/adidas_run_70s___maroon_off__ig1182_7_30265.jpeg","contentUrl":"https:\/\/images.novelship.com\/product\/adidas_run_70s___maroon_off__ig1182_0_30264.jpeg;https:\/\/images.novelship.com\/product\/adidas_run_70s___maroon_off__ig1182_1_30265.jpeg;https:\/\/images.novelship.com\/product\/adidas_run_70s___maroon_off__ig1182_2_30265.jpeg;https:\/\/images.novelship.com\/product\/adidas_run_70s___maroon_off__ig1182_3_30265.jpeg;https:\/\/images.novelship.com\/product\/adidas_run_70s___maroon_off__ig1182_4_30265.jpeg;https:\/\/images.novelship.com\/product\/adidas_run_70s___maroon_off__ig1182_5_30265.jpeg;https:\/\/images.novelship.com\/product\/adidas_run_70s___maroon_off__ig1182_6_30265.jpeg;https:\/\/images.novelship.com\/product\/adidas_run_70s___maroon_off__ig1182_7_30265.jpeg"},{"@type":"BreadcrumbList","@id":"https:\/\/tourcruiser.com\/#breadcrumb","itemListElement":[{"@type":"ListItem","position":1,"name":"Home","item":"https:\/\/tourcruiser.com\/de\/"},{"@type":"ListItem","position":2,"name":"Shop","item":"https:\/\/tourcruiser.com\/de\/shop\/"},{"@type":"ListItem","position":3,"name":"adidas Run 70s &#8218;Maroon Off&#8216;"}]},{"@type":"WebSite","@id":"https:\/\/tourcruiser.com\/de\/#website","url":"https:\/\/tourcruiser.com\/de\/","name":"Styloral Jewelry Shop","description":"Tourcruiser Sneaker Store \u2014 der Ort, an dem das Universum deine Einzigartigkeit trifft.","publisher":{"@id":"https:\/\/tourcruiser.com\/de\/#organization"},"potentialAction":[{"@type":"SearchAction","target":{"@type":"EntryPoint","urlTemplate":"https:\/\/tourcruiser.com\/de\/?s={search_term_string}"},"query-input":{"@type":"PropertyValueSpecification","valueRequired":true,"valueName":"search_term_string"}}],"inLanguage":"de"},{"@type":"Organization","@id":"https:\/\/tourcruiser.com\/de\/#organization","name":"STYLORAL PTE. LTD","url":"https:\/\/tourcruiser.com\/de\/","logo":{"@type":"ImageObject","inLanguage":"de","@id":"https:\/\/tourcruiser.com\/de\/#\/schema\/logo\/image\/","url":"https:\/\/www.tourcruiser.com\/wp-content\/uploads\/2025\/12\/logo.png","contentUrl":"https:\/\/www.tourcruiser.com\/wp-content\/uploads\/2025\/12\/logo.png","width":200,"height":65,"caption":"STYLORAL PTE. LTD"},"image":{"@id":"https:\/\/tourcruiser.com\/de\/#\/schema\/logo\/image\/"}}]}},"_links":{"self":[{"href":"https:\/\/tourcruiser.com\/de\/wp-json\/wp\/v2\/product\/152567","targetHints":{"allow":["GET"]}}],"collection":[{"href":"https:\/\/tourcruiser.com\/de\/wp-json\/wp\/v2\/product"}],"about":[{"href":"https:\/\/tourcruiser.com\/de\/wp-json\/wp\/v2\/types\/product"}],"replies":[{"embeddable":true,"href":"https:\/\/tourcruiser.com\/de\/wp-json\/wp\/v2\/comments?post=152567"}],"wp:featuredmedia":[{"embeddable":true,"href":"https:\/\/tourcruiser.com\/de\/wp-json\/wp\/v2\/media\/152568"}],"wp:attachment":[{"href":"https:\/\/tourcruiser.com\/de\/wp-json\/wp\/v2\/media?parent=152567"}],"wp:term":[{"taxonomy":"product_brand","embeddable":true,"href":"https:\/\/tourcruiser.com\/de\/wp-json\/wp\/v2\/product_brand?post=152567"},{"taxonomy":"product_cat","embeddable":true,"href":"https:\/\/tourcruiser.com\/de\/wp-json\/wp\/v2\/product_cat?post=152567"},{"taxonomy":"product_tag","embeddable":true,"href":"https:\/\/tourcruiser.com\/de\/wp-json\/wp\/v2\/product_tag?post=152567"}],"curies":[{"name":"wp","href":"https:\/\/api.w.org\/{rel}","templated":true}]}}