{"id":152521,"date":"2026-03-02T15:54:32","date_gmt":"2026-03-02T08:54:32","guid":{"rendered":"http:\/\/tourcruiser.com\/product\/nike-gp-challenge-pro-white-armory-navy"},"modified":"2026-03-28T01:22:47","modified_gmt":"2026-03-27T18:22:47","slug":"nike-gp-challenge-pro-white-armory-navy","status":"publish","type":"product","link":"https:\/\/tourcruiser.com\/de\/products\/nike-gp-challenge-pro-white-armory-navy\/","title":{"rendered":"Nike GP Challenge Pro &#8218;White Armory Navy&#8216;"},"content":{"rendered":"<p>Der Nike GP Challenge Pro \u201eWhite Armory Navy\u201c FB3145-103 ist ein Premium-Tennisschuh f\u00fcr Sportler, die Wert auf Stil, Strapazierf\u00e4higkeit und optimale Ballkontrolle legen. Dank fortschrittlicher Materialien bietet dieser Schuh ein leichtes Obermaterial, das optimale Atmungsaktivit\u00e4t und sicheren Halt gew\u00e4hrleistet und so auch bei intensiven Matches f\u00fcr Komfort sorgt. Die reaktionsfreudige Mittelsohle bietet hervorragende D\u00e4mpfung und Energier\u00fcckgabe f\u00fcr fl\u00fcssigere \u00dcberg\u00e4nge und explosive Bewegungen.<\/p>\n<p>Die strapazierf\u00e4hige Au\u00dfensohle wurde speziell entwickelt, um auf verschiedenen Bel\u00e4gen unschlagbare Traktion zu bieten und dir die Sicherheit zu geben, pr\u00e4zise zu drehen, zu sprinten und zu sliden. Die elegante Farbkombination aus klarem Wei\u00df und raffinierten Akzenten in Armory Navy schafft eine zeitlose und stylische \u00c4sthetik, die sich nahtlos vom Court in die Freizeit einf\u00fcgt.<\/p>\n<p>Der Nike GP Challenge Pro ist nicht nur ein Sportschuh, sondern auch ein modisches Statement. Er wurde f\u00fcr Profis und ambitionierte Hobbyspieler entwickelt, die Wert auf Funktionalit\u00e4t und Stil legen. Jedes Detail wurde sorgf\u00e4ltig gestaltet, um dein Spiel zu verbessern und deine Ausstrahlung zu unterstreichen \u201d\u201c ein unverzichtbares Accessoire f\u00fcr jeden Sportler. Mach dich bereit, dein Spiel auf das n\u00e4chste Level zu bringen \u201d\u201c mit einem Schuh, der Performance, Style und Innovation vereint.<\/p>\n<ul>\n<li><strong>Farbgebung:<\/strong> Wei\u00df\/Armory Navy\/Volt\/Denim Turquoise<\/li>\n<li><strong>Artikelnummer:<\/strong> FB3145-103<\/li>\n<li><strong>Obermaterial:<\/strong> Mesh<\/li>\n<li><strong>Zwischensohle:<\/strong> Zoom Air<\/li>\n<li><strong>Farbe:<\/strong> Wei\u00df<\/li>\n<\/ul>\n","protected":false},"excerpt":{"rendered":"<p>Nike GP Challenge Pro \u201d\u201d White\/Armory Navy\/Volt\/Denim Turquoise<\/p>\n","protected":false},"featured_media":152522,"comment_status":"open","ping_status":"closed","template":"","meta":[],"product_brand":[],"product_cat":[10803],"product_tag":[11982,10753,10801,10802,11082,10758],"class_list":{"0":"post-152521","1":"product","2":"type-product","3":"status-publish","4":"has-post-thumbnail","6":"product_cat-nike","7":"product_tag-casual-tennis-shoes","8":"product_tag-gift-for-him","9":"product_tag-nike","10":"product_tag-performance-sport-shoes","11":"product_tag-tennis-shoes","12":"product_tag-under-retail","13":"wcpa_has_options","15":"first","16":"outofstock","17":"taxable","18":"shipping-taxable","19":"purchasable","20":"product-type-simple"},"wcpa_form_fields":{"rules":{"pric_overide_base_price":false,"pric_overide_base_price_if_gt_zero":false,"pric_overide_base_price_fully":false,"pric_cal_option_once":false,"pric_use_as_fee":false,"bind_quantity":false,"quantity_bind_formula":false},"fields":[{"type":"color-group","required":true,"elementId":"wcpa-color-group-66c4a75505e74","label":"Gr\u00f6\u00dfe - EU Gr\u00f6\u00dfe","inline":true,"priceOptions":"different_for_all","pricingType":"fixed","className":"hassizechart product-shoes-size-eu product-shoes-size","name":"color-group-66c4a75505e89","disp_type":"square","selection_type":"tick-border","disp_size":"44","show_label_inside":true,"adjust_width":true,"cart_display_type":"text","other_text":"Other","cl_rule":"show","col":6,"values":[{"label":"35.5","value":"EU 35.5","price":"","pimage":"","pimage_id":"","pthumb":"","color":""},{"label":"36","value":"EU 36","price":"","pimage":"","pimage_id":"","pthumb":"","color":"","selected":true},{"label":"36.5","value":"EU 36.5","price":"","pimage":"","pimage_id":"","pthumb":"","color":""},{"label":"37.5","value":"EU 37.5","price":"","pimage":"","pimage_id":"","pthumb":"","color":""},{"label":"38","value":"EU 38","price":"","pimage":"","pimage_id":"","pthumb":"","color":""},{"label":"38.5","value":"EU 38.5","price":"","pimage":"","pimage_id":"","pthumb":"","color":""},{"label":"39","value":"EU 39","price":"","pimage":"","pimage_id":"","pthumb":"","color":""},{"label":"40","value":"EU 40","price":"","pimage":"","pimage_id":"","pthumb":"","color":""},{"label":"40.5","value":"EU 40.5","price":"","pimage":"","pimage_id":"","pthumb":"","color":""},{"label":"41","value":"EU 41","price":"","pimage":"","pimage_id":"","pthumb":"","color":""},{"label":"42","value":"EU 42","price":"","pimage":"","pimage_id":"","pthumb":"","color":""},{"label":"42.5","value":"EU 42.5","price":"","pimage":"","pimage_id":"","pthumb":"","color":""},{"label":"43","value":"EU 43","price":"","pimage":"","pimage_id":"","pthumb":"","color":""},{"label":"44","value":"EU 44","price":"","pimage":"","pimage_id":"","pthumb":"","color":""},{"label":"44.5","value":"EU 44.5","price":"","pimage":"","pimage_id":"","pthumb":"","color":""},{"label":"45","value":"EU 45","price":"","pimage":"","pimage_id":"","pthumb":"","color":""},{"label":"45.5","value":"EU 45.5","price":"","pimage":"","pimage_id":"","pthumb":"","color":""},{"label":"46","value":"EU 46","price":"","pimage":"","pimage_id":"","pthumb":"","color":""},{"label":"47","value":"EU 47","price":"","pimage":"","pimage_id":"","pthumb":"","color":""},{"label":"47.5","value":"EU 47.5","price":"","pimage":"","pimage_id":"","pthumb":"","color":""},{"label":"48","value":"EU 48","price":"","pimage":"","pimage_id":"","pthumb":"","color":""}],"relations":[{"operator":false,"rules":[]}],"form_id":18106,"form_rules":{"pric_cal_option_once":false,"exclude_from_discount":false,"pric_use_as_fee":false,"fee_label":"Fee","render_after_acb":false,"disp_hide_options_price":false}}]},"yoast_head":"<!-- This site is optimized with the Yoast SEO plugin v26.5 - https:\/\/yoast.com\/wordpress\/plugins\/seo\/ -->\n<title>Nike GP Challenge Pro &#039;White Armory Navy&#039;  - Tourcruiser PTE. LTD<\/title>\n<meta name=\"robots\" content=\"index, follow, max-snippet:-1, max-image-preview:large, max-video-preview:-1\" \/>\n<link rel=\"canonical\" href=\"https:\/\/tourcruiser.com\/\" \/>\n<meta property=\"og:locale\" content=\"de_DE\" \/>\n<meta property=\"og:type\" content=\"article\" \/>\n<meta property=\"og:title\" content=\"Nike GP Challenge Pro &#039;White Armory Navy&#039;  - Tourcruiser PTE. LTD\" \/>\n<meta property=\"og:description\" content=\"Nike GP Challenge Pro \u201d\u201d White\/Armory Navy\/Volt\/Denim Turquoise\" \/>\n<meta property=\"og:url\" content=\"\/\" \/>\n<meta property=\"og:site_name\" content=\"Tourcruiser Sneaker Store\" \/>\n<meta property=\"article:modified_time\" content=\"2026-03-27T18:22:47+00:00\" \/>\n<meta name=\"twitter:card\" content=\"summary_large_image\" \/>\n<meta name=\"twitter:image\" content=\"https:\/\/images.novelship.com\/product\/nike_gp_challenge_pro__white_armory_navy__fb3145-1_0_66881.jpeg;https:\/\/images.novelship.com\/product\/nike_gp_challenge_pro__white_armory_navy__fb3145-1_1_66881.jpeg;https:\/\/images.novelship.com\/product\/nike_gp_challenge_pro__white_armory_navy__fb3145-1_2_66881.jpeg;https:\/\/images.novelship.com\/product\/nike_gp_challenge_pro__white_armory_navy__fb3145-1_3_66881.jpeg;https:\/\/images.novelship.com\/product\/nike_gp_challenge_pro__white_armory_navy__fb3145-1_4_66881.jpeg;https:\/\/images.novelship.com\/product\/nike_gp_challenge_pro__white_armory_navy__fb3145-1_5_66881.jpeg;https:\/\/images.novelship.com\/product\/nike_gp_challenge_pro__white_armory_navy__fb3145-1_6_66881.jpeg;https:\/\/images.novelship.com\/product\/nike_gp_challenge_pro__white_armory_navy__fb3145-1_7_66881.jpeg\" \/>\n<meta name=\"twitter:label1\" content=\"Gesch\u00e4tzte Lesezeit\" \/>\n\t<meta name=\"twitter:data1\" content=\"1\u00a0Minute\" \/>\n<script type=\"application\/ld+json\" class=\"yoast-schema-graph\">{\"@context\":\"https:\/\/schema.org\",\"@graph\":[{\"@type\":\"WebPage\",\"@id\":\"\/\",\"url\":\"https:\/\/tourcruiser.com\/\",\"name\":\"Nike GP Challenge Pro 'White Armory Navy' - Tourcruiser PTE. LTD\",\"isPartOf\":{\"@id\":\"https:\/\/tourcruiser.com\/de\/#website\"},\"primaryImageOfPage\":{\"@id\":\"https:\/\/tourcruiser.com\/#primaryimage\"},\"image\":{\"@id\":\"https:\/\/tourcruiser.com\/#primaryimage\"},\"thumbnailUrl\":\"https:\/\/images.novelship.com\/product\/nike_gp_challenge_pro__white_armory_navy__fb3145-1_0_66881.jpeg;https:\/\/images.novelship.com\/product\/nike_gp_challenge_pro__white_armory_navy__fb3145-1_1_66881.jpeg;https:\/\/images.novelship.com\/product\/nike_gp_challenge_pro__white_armory_navy__fb3145-1_2_66881.jpeg;https:\/\/images.novelship.com\/product\/nike_gp_challenge_pro__white_armory_navy__fb3145-1_3_66881.jpeg;https:\/\/images.novelship.com\/product\/nike_gp_challenge_pro__white_armory_navy__fb3145-1_4_66881.jpeg;https:\/\/images.novelship.com\/product\/nike_gp_challenge_pro__white_armory_navy__fb3145-1_5_66881.jpeg;https:\/\/images.novelship.com\/product\/nike_gp_challenge_pro__white_armory_navy__fb3145-1_6_66881.jpeg;https:\/\/images.novelship.com\/product\/nike_gp_challenge_pro__white_armory_navy__fb3145-1_7_66881.jpeg\",\"datePublished\":\"2026-03-02T08:54:32+00:00\",\"dateModified\":\"2026-03-27T18:22:47+00:00\",\"breadcrumb\":{\"@id\":\"https:\/\/tourcruiser.com\/#breadcrumb\"},\"inLanguage\":\"de\",\"potentialAction\":[{\"@type\":\"ReadAction\",\"target\":[\"https:\/\/tourcruiser.com\/\"]}]},{\"@type\":\"ImageObject\",\"inLanguage\":\"de\",\"@id\":\"https:\/\/tourcruiser.com\/#primaryimage\",\"url\":\"https:\/\/images.novelship.com\/product\/nike_gp_challenge_pro__white_armory_navy__fb3145-1_0_66881.jpeg;https:\/\/images.novelship.com\/product\/nike_gp_challenge_pro__white_armory_navy__fb3145-1_1_66881.jpeg;https:\/\/images.novelship.com\/product\/nike_gp_challenge_pro__white_armory_navy__fb3145-1_2_66881.jpeg;https:\/\/images.novelship.com\/product\/nike_gp_challenge_pro__white_armory_navy__fb3145-1_3_66881.jpeg;https:\/\/images.novelship.com\/product\/nike_gp_challenge_pro__white_armory_navy__fb3145-1_4_66881.jpeg;https:\/\/images.novelship.com\/product\/nike_gp_challenge_pro__white_armory_navy__fb3145-1_5_66881.jpeg;https:\/\/images.novelship.com\/product\/nike_gp_challenge_pro__white_armory_navy__fb3145-1_6_66881.jpeg;https:\/\/images.novelship.com\/product\/nike_gp_challenge_pro__white_armory_navy__fb3145-1_7_66881.jpeg\",\"contentUrl\":\"https:\/\/images.novelship.com\/product\/nike_gp_challenge_pro__white_armory_navy__fb3145-1_0_66881.jpeg;https:\/\/images.novelship.com\/product\/nike_gp_challenge_pro__white_armory_navy__fb3145-1_1_66881.jpeg;https:\/\/images.novelship.com\/product\/nike_gp_challenge_pro__white_armory_navy__fb3145-1_2_66881.jpeg;https:\/\/images.novelship.com\/product\/nike_gp_challenge_pro__white_armory_navy__fb3145-1_3_66881.jpeg;https:\/\/images.novelship.com\/product\/nike_gp_challenge_pro__white_armory_navy__fb3145-1_4_66881.jpeg;https:\/\/images.novelship.com\/product\/nike_gp_challenge_pro__white_armory_navy__fb3145-1_5_66881.jpeg;https:\/\/images.novelship.com\/product\/nike_gp_challenge_pro__white_armory_navy__fb3145-1_6_66881.jpeg;https:\/\/images.novelship.com\/product\/nike_gp_challenge_pro__white_armory_navy__fb3145-1_7_66881.jpeg\"},{\"@type\":\"BreadcrumbList\",\"@id\":\"https:\/\/tourcruiser.com\/#breadcrumb\",\"itemListElement\":[{\"@type\":\"ListItem\",\"position\":1,\"name\":\"Home\",\"item\":\"https:\/\/tourcruiser.com\/de\/\"},{\"@type\":\"ListItem\",\"position\":2,\"name\":\"Shop\",\"item\":\"https:\/\/tourcruiser.com\/de\/shop\/\"},{\"@type\":\"ListItem\",\"position\":3,\"name\":\"Nike GP Challenge Pro &#8218;White Armory Navy&#8216;\"}]},{\"@type\":\"WebSite\",\"@id\":\"https:\/\/tourcruiser.com\/de\/#website\",\"url\":\"https:\/\/tourcruiser.com\/de\/\",\"name\":\"Styloral Jewelry Shop\",\"description\":\"Tourcruiser Sneaker Store \u2014 der Ort, an dem das Universum deine Einzigartigkeit trifft.\",\"publisher\":{\"@id\":\"https:\/\/tourcruiser.com\/de\/#organization\"},\"potentialAction\":[{\"@type\":\"SearchAction\",\"target\":{\"@type\":\"EntryPoint\",\"urlTemplate\":\"https:\/\/tourcruiser.com\/de\/?s={search_term_string}\"},\"query-input\":{\"@type\":\"PropertyValueSpecification\",\"valueRequired\":true,\"valueName\":\"search_term_string\"}}],\"inLanguage\":\"de\"},{\"@type\":\"Organization\",\"@id\":\"https:\/\/tourcruiser.com\/de\/#organization\",\"name\":\"STYLORAL PTE. LTD\",\"url\":\"https:\/\/tourcruiser.com\/de\/\",\"logo\":{\"@type\":\"ImageObject\",\"inLanguage\":\"de\",\"@id\":\"https:\/\/tourcruiser.com\/de\/#\/schema\/logo\/image\/\",\"url\":\"https:\/\/www.tourcruiser.com\/wp-content\/uploads\/2025\/12\/logo.png\",\"contentUrl\":\"https:\/\/www.tourcruiser.com\/wp-content\/uploads\/2025\/12\/logo.png\",\"width\":200,\"height\":65,\"caption\":\"STYLORAL PTE. LTD\"},\"image\":{\"@id\":\"https:\/\/tourcruiser.com\/de\/#\/schema\/logo\/image\/\"}}]}<\/script>\n<!-- \/ Yoast SEO plugin. -->","yoast_head_json":{"title":"Nike GP Challenge Pro 'White Armory Navy'  - Tourcruiser PTE. LTD","robots":{"index":"index","follow":"follow","max-snippet":"max-snippet:-1","max-image-preview":"max-image-preview:large","max-video-preview":"max-video-preview:-1"},"canonical":"https:\/\/tourcruiser.com\/","og_locale":"de_DE","og_type":"article","og_title":"Nike GP Challenge Pro 'White Armory Navy'  - Tourcruiser PTE. LTD","og_description":"Nike GP Challenge Pro \u201d\u201d White\/Armory Navy\/Volt\/Denim Turquoise","og_url":"\/","og_site_name":"Tourcruiser Sneaker Store","article_modified_time":"2026-03-27T18:22:47+00:00","twitter_card":"summary_large_image","twitter_image":"https:\/\/images.novelship.com\/product\/nike_gp_challenge_pro__white_armory_navy__fb3145-1_0_66881.jpeg;https:\/\/images.novelship.com\/product\/nike_gp_challenge_pro__white_armory_navy__fb3145-1_1_66881.jpeg;https:\/\/images.novelship.com\/product\/nike_gp_challenge_pro__white_armory_navy__fb3145-1_2_66881.jpeg;https:\/\/images.novelship.com\/product\/nike_gp_challenge_pro__white_armory_navy__fb3145-1_3_66881.jpeg;https:\/\/images.novelship.com\/product\/nike_gp_challenge_pro__white_armory_navy__fb3145-1_4_66881.jpeg;https:\/\/images.novelship.com\/product\/nike_gp_challenge_pro__white_armory_navy__fb3145-1_5_66881.jpeg;https:\/\/images.novelship.com\/product\/nike_gp_challenge_pro__white_armory_navy__fb3145-1_6_66881.jpeg;https:\/\/images.novelship.com\/product\/nike_gp_challenge_pro__white_armory_navy__fb3145-1_7_66881.jpeg","twitter_misc":{"Gesch\u00e4tzte Lesezeit":"1\u00a0Minute"},"schema":{"@context":"https:\/\/schema.org","@graph":[{"@type":"WebPage","@id":"\/","url":"https:\/\/tourcruiser.com\/","name":"Nike GP Challenge Pro 'White Armory Navy' - Tourcruiser PTE. LTD","isPartOf":{"@id":"https:\/\/tourcruiser.com\/de\/#website"},"primaryImageOfPage":{"@id":"https:\/\/tourcruiser.com\/#primaryimage"},"image":{"@id":"https:\/\/tourcruiser.com\/#primaryimage"},"thumbnailUrl":"https:\/\/images.novelship.com\/product\/nike_gp_challenge_pro__white_armory_navy__fb3145-1_0_66881.jpeg;https:\/\/images.novelship.com\/product\/nike_gp_challenge_pro__white_armory_navy__fb3145-1_1_66881.jpeg;https:\/\/images.novelship.com\/product\/nike_gp_challenge_pro__white_armory_navy__fb3145-1_2_66881.jpeg;https:\/\/images.novelship.com\/product\/nike_gp_challenge_pro__white_armory_navy__fb3145-1_3_66881.jpeg;https:\/\/images.novelship.com\/product\/nike_gp_challenge_pro__white_armory_navy__fb3145-1_4_66881.jpeg;https:\/\/images.novelship.com\/product\/nike_gp_challenge_pro__white_armory_navy__fb3145-1_5_66881.jpeg;https:\/\/images.novelship.com\/product\/nike_gp_challenge_pro__white_armory_navy__fb3145-1_6_66881.jpeg;https:\/\/images.novelship.com\/product\/nike_gp_challenge_pro__white_armory_navy__fb3145-1_7_66881.jpeg","datePublished":"2026-03-02T08:54:32+00:00","dateModified":"2026-03-27T18:22:47+00:00","breadcrumb":{"@id":"https:\/\/tourcruiser.com\/#breadcrumb"},"inLanguage":"de","potentialAction":[{"@type":"ReadAction","target":["https:\/\/tourcruiser.com\/"]}]},{"@type":"ImageObject","inLanguage":"de","@id":"https:\/\/tourcruiser.com\/#primaryimage","url":"https:\/\/images.novelship.com\/product\/nike_gp_challenge_pro__white_armory_navy__fb3145-1_0_66881.jpeg;https:\/\/images.novelship.com\/product\/nike_gp_challenge_pro__white_armory_navy__fb3145-1_1_66881.jpeg;https:\/\/images.novelship.com\/product\/nike_gp_challenge_pro__white_armory_navy__fb3145-1_2_66881.jpeg;https:\/\/images.novelship.com\/product\/nike_gp_challenge_pro__white_armory_navy__fb3145-1_3_66881.jpeg;https:\/\/images.novelship.com\/product\/nike_gp_challenge_pro__white_armory_navy__fb3145-1_4_66881.jpeg;https:\/\/images.novelship.com\/product\/nike_gp_challenge_pro__white_armory_navy__fb3145-1_5_66881.jpeg;https:\/\/images.novelship.com\/product\/nike_gp_challenge_pro__white_armory_navy__fb3145-1_6_66881.jpeg;https:\/\/images.novelship.com\/product\/nike_gp_challenge_pro__white_armory_navy__fb3145-1_7_66881.jpeg","contentUrl":"https:\/\/images.novelship.com\/product\/nike_gp_challenge_pro__white_armory_navy__fb3145-1_0_66881.jpeg;https:\/\/images.novelship.com\/product\/nike_gp_challenge_pro__white_armory_navy__fb3145-1_1_66881.jpeg;https:\/\/images.novelship.com\/product\/nike_gp_challenge_pro__white_armory_navy__fb3145-1_2_66881.jpeg;https:\/\/images.novelship.com\/product\/nike_gp_challenge_pro__white_armory_navy__fb3145-1_3_66881.jpeg;https:\/\/images.novelship.com\/product\/nike_gp_challenge_pro__white_armory_navy__fb3145-1_4_66881.jpeg;https:\/\/images.novelship.com\/product\/nike_gp_challenge_pro__white_armory_navy__fb3145-1_5_66881.jpeg;https:\/\/images.novelship.com\/product\/nike_gp_challenge_pro__white_armory_navy__fb3145-1_6_66881.jpeg;https:\/\/images.novelship.com\/product\/nike_gp_challenge_pro__white_armory_navy__fb3145-1_7_66881.jpeg"},{"@type":"BreadcrumbList","@id":"https:\/\/tourcruiser.com\/#breadcrumb","itemListElement":[{"@type":"ListItem","position":1,"name":"Home","item":"https:\/\/tourcruiser.com\/de\/"},{"@type":"ListItem","position":2,"name":"Shop","item":"https:\/\/tourcruiser.com\/de\/shop\/"},{"@type":"ListItem","position":3,"name":"Nike GP Challenge Pro &#8218;White Armory Navy&#8216;"}]},{"@type":"WebSite","@id":"https:\/\/tourcruiser.com\/de\/#website","url":"https:\/\/tourcruiser.com\/de\/","name":"Styloral Jewelry Shop","description":"Tourcruiser Sneaker Store \u2014 der Ort, an dem das Universum deine Einzigartigkeit trifft.","publisher":{"@id":"https:\/\/tourcruiser.com\/de\/#organization"},"potentialAction":[{"@type":"SearchAction","target":{"@type":"EntryPoint","urlTemplate":"https:\/\/tourcruiser.com\/de\/?s={search_term_string}"},"query-input":{"@type":"PropertyValueSpecification","valueRequired":true,"valueName":"search_term_string"}}],"inLanguage":"de"},{"@type":"Organization","@id":"https:\/\/tourcruiser.com\/de\/#organization","name":"STYLORAL PTE. LTD","url":"https:\/\/tourcruiser.com\/de\/","logo":{"@type":"ImageObject","inLanguage":"de","@id":"https:\/\/tourcruiser.com\/de\/#\/schema\/logo\/image\/","url":"https:\/\/www.tourcruiser.com\/wp-content\/uploads\/2025\/12\/logo.png","contentUrl":"https:\/\/www.tourcruiser.com\/wp-content\/uploads\/2025\/12\/logo.png","width":200,"height":65,"caption":"STYLORAL PTE. LTD"},"image":{"@id":"https:\/\/tourcruiser.com\/de\/#\/schema\/logo\/image\/"}}]}},"_links":{"self":[{"href":"https:\/\/tourcruiser.com\/de\/wp-json\/wp\/v2\/product\/152521","targetHints":{"allow":["GET"]}}],"collection":[{"href":"https:\/\/tourcruiser.com\/de\/wp-json\/wp\/v2\/product"}],"about":[{"href":"https:\/\/tourcruiser.com\/de\/wp-json\/wp\/v2\/types\/product"}],"replies":[{"embeddable":true,"href":"https:\/\/tourcruiser.com\/de\/wp-json\/wp\/v2\/comments?post=152521"}],"wp:featuredmedia":[{"embeddable":true,"href":"https:\/\/tourcruiser.com\/de\/wp-json\/wp\/v2\/media\/152522"}],"wp:attachment":[{"href":"https:\/\/tourcruiser.com\/de\/wp-json\/wp\/v2\/media?parent=152521"}],"wp:term":[{"taxonomy":"product_brand","embeddable":true,"href":"https:\/\/tourcruiser.com\/de\/wp-json\/wp\/v2\/product_brand?post=152521"},{"taxonomy":"product_cat","embeddable":true,"href":"https:\/\/tourcruiser.com\/de\/wp-json\/wp\/v2\/product_cat?post=152521"},{"taxonomy":"product_tag","embeddable":true,"href":"https:\/\/tourcruiser.com\/de\/wp-json\/wp\/v2\/product_tag?post=152521"}],"curies":[{"name":"wp","href":"https:\/\/api.w.org\/{rel}","templated":true}]}}