{"id":152503,"date":"2026-03-02T15:54:29","date_gmt":"2026-03-02T08:54:29","guid":{"rendered":"http:\/\/tourcruiser.com\/product\/asics-tarther-tokyo"},"modified":"2026-03-28T01:22:45","modified_gmt":"2026-03-27T18:22:45","slug":"asics-tarther-tokyo","status":"publish","type":"product","link":"https:\/\/tourcruiser.com\/de\/products\/asics-tarther-tokyo\/","title":{"rendered":"ASICS Tarther Tokyo"},"content":{"rendered":"<p>Wir pr\u00e4sentieren den ASICS Tarther Tokyo T8E1Q-9090: Pr\u00e4zisionsgefertigt f\u00fcr Geschwindigkeit und Leistung.<\/p>\n<p>Dank nahtloser Konstruktion und atmungsaktivem Mesh-Obermaterial bieten diese Laufschuhe au\u00dfergew\u00f6hnlichen Komfort und Flexibilit\u00e4t. Die exklusive FlyteFoam Lyte-Technologie sorgt f\u00fcr leichte D\u00e4mpfung und effiziente Energier\u00fcckgabe. Die verst\u00e4rkte Fersenkappe und die strapazierf\u00e4hige Au\u00dfensohle garantieren un\u00fcbertroffene Stabilit\u00e4t und Agilit\u00e4t. Erleben Sie den Spirit der pulsierenden Laufkultur Tokios mit dem ASICS Tarther Tokyo T8E1Q-9090 \u201d\u201c die perfekte Wahl f\u00fcr ambitionierte L\u00e4ufer, die sich einen Wettbewerbsvorteil verschaffen wollen.<\/p>\n<p>Farbe: Schwarz<\/p>\n<p>Artikelnummer: T8E1Q-9090<\/p>\n<p>Farbe: Schwarz<\/p>\n<p>Farbcode: Schwarz<\/p>\n","protected":false},"excerpt":{"rendered":"<p>ASICS Tarther Tokyo \u201d\u201d BLACK<\/p>\n","protected":false},"featured_media":152504,"comment_status":"open","ping_status":"closed","template":"","meta":[],"product_brand":[],"product_cat":[10792],"product_tag":[10791,11032,10753,11053,10839,10802,10840],"class_list":{"0":"post-152503","1":"product","2":"type-product","3":"status-publish","4":"has-post-thumbnail","6":"product_cat-asics","7":"product_tag-asics","8":"product_tag-asics-running-shoes","9":"product_tag-gift-for-him","10":"product_tag-lightweight-running-shoes","11":"product_tag-performance-running-shoes","12":"product_tag-performance-sport-shoes","13":"product_tag-running-shoes","14":"wcpa_has_options","16":"first","17":"outofstock","18":"taxable","19":"shipping-taxable","20":"purchasable","21":"product-type-simple"},"wcpa_form_fields":{"rules":{"pric_overide_base_price":false,"pric_overide_base_price_if_gt_zero":false,"pric_overide_base_price_fully":false,"pric_cal_option_once":false,"pric_use_as_fee":false,"bind_quantity":false,"quantity_bind_formula":false},"fields":[{"type":"color-group","required":true,"elementId":"wcpa-color-group-69a5ab08ee12d","label":"Gr\u00f6\u00dfe","inline":true,"priceOptions":"different_for_all","pricingType":"fixed","className":"hassizechart product-shoes-size-eu product-shoes-size","name":"color-group-69a5ab08ee136","disp_type":"square","selection_type":"tick-border","disp_size":"50","show_label_inside":true,"adjust_width":true,"cart_display_type":"text","other_text":"Other","cl_rule":"show","col":6,"values":[{"label":"36","value":"EU 36","price":"","pimage":"","pimage_id":"","pthumb":"","color":"","selected":true},{"label":"37","value":"EU 37","price":"","pimage":"","pimage_id":"","pthumb":"","color":""},{"label":"37.5","value":"EU 37.5","price":"","pimage":"","pimage_id":"","pthumb":"","color":""},{"label":"38","value":"EU 38","price":"","pimage":"","pimage_id":"","pthumb":"","color":""},{"label":"38.5","value":"EU 38.5","price":"","pimage":"","pimage_id":"","pthumb":"","color":""},{"label":"39","value":"EU 39","price":"","pimage":"","pimage_id":"","pthumb":"","color":""},{"label":"39.5","value":"EU 39.5","price":"","pimage":"","pimage_id":"","pthumb":"","color":""},{"label":"40","value":"EU 40","price":"","pimage":"","pimage_id":"","pthumb":"","color":""},{"label":"40.5","value":"EU 40.5","price":"","pimage":"","pimage_id":"","pthumb":"","color":""},{"label":" 41.5","value":"EU 41.5","price":"","pimage":"","pimage_id":"","pthumb":"","color":""},{"label":"42","value":"EU 42","price":"","pimage":"","pimage_id":"","pthumb":"","color":""},{"label":"42.5","value":"EU 42.5","price":"","pimage":"","pimage_id":"","pthumb":"","color":""},{"label":"43.5","value":"EU 43.5","price":"","pimage":"","pimage_id":"","pthumb":"","color":""},{"label":"44","value":"EU 44","price":"","pimage":"","pimage_id":"","pthumb":"","color":""},{"label":"44.5","value":"EU 44.5","price":"","pimage":"","pimage_id":"","pthumb":"","color":""},{"label":"45","value":"EU 45","price":"","pimage":"","pimage_id":"","pthumb":"","color":""}],"relations":[{"operator":false,"rules":[]}],"form_id":184311,"form_rules":{"pric_cal_option_once":false,"exclude_from_discount":false,"pric_use_as_fee":false,"fee_label":"Fee","render_after_acb":false,"disp_hide_options_price":false}}]},"yoast_head":"<!-- This site is optimized with the Yoast SEO plugin v26.5 - https:\/\/yoast.com\/wordpress\/plugins\/seo\/ -->\n<title>ASICS Tarther Tokyo  - Tourcruiser PTE. LTD<\/title>\n<meta name=\"robots\" content=\"index, follow, max-snippet:-1, max-image-preview:large, max-video-preview:-1\" \/>\n<link rel=\"canonical\" href=\"https:\/\/tourcruiser.com\/de\/products\/asics-tarther-tokyo\/\" \/>\n<meta property=\"og:locale\" content=\"de_DE\" \/>\n<meta property=\"og:type\" content=\"article\" \/>\n<meta property=\"og:title\" content=\"ASICS Tarther Tokyo  - Tourcruiser PTE. LTD\" \/>\n<meta property=\"og:description\" content=\"ASICS Tarther Tokyo \u201d\u201d BLACK\" \/>\n<meta property=\"og:url\" content=\"https:\/\/tourcruiser.com\/de\/products\/asics-tarther-tokyo\/\" \/>\n<meta property=\"og:site_name\" content=\"Tourcruiser Sneaker Store\" \/>\n<meta property=\"article:modified_time\" content=\"2026-03-27T18:22:45+00:00\" \/>\n<meta name=\"twitter:card\" content=\"summary_large_image\" \/>\n<meta name=\"twitter:image\" content=\"https:\/\/images.novelship.com\/product\/asics_tarther_tokyo_t8e1q-9090_0_4215.jpeg;https:\/\/images.novelship.com\/product\/asics_tarther_tokyo_t8e1q-9090_1_4216.jpeg;https:\/\/images.novelship.com\/product\/asics_tarther_tokyo_t8e1q-9090_2_4216.jpeg;https:\/\/images.novelship.com\/product\/asics_tarther_tokyo_t8e1q-9090_3_4216.jpeg\" \/>\n<meta name=\"twitter:label1\" content=\"Gesch\u00e4tzte Lesezeit\" \/>\n\t<meta name=\"twitter:data1\" content=\"1\u00a0Minute\" \/>\n<script type=\"application\/ld+json\" class=\"yoast-schema-graph\">{\"@context\":\"https:\/\/schema.org\",\"@graph\":[{\"@type\":\"WebPage\",\"@id\":\"https:\/\/tourcruiser.com\/de\/products\/asics-tarther-tokyo\/\",\"url\":\"https:\/\/tourcruiser.com\/de\/products\/asics-tarther-tokyo\/\",\"name\":\"ASICS Tarther Tokyo - Tourcruiser PTE. LTD\",\"isPartOf\":{\"@id\":\"https:\/\/tourcruiser.com\/de\/#website\"},\"primaryImageOfPage\":{\"@id\":\"https:\/\/tourcruiser.com\/de\/products\/asics-tarther-tokyo\/#primaryimage\"},\"image\":{\"@id\":\"https:\/\/tourcruiser.com\/de\/products\/asics-tarther-tokyo\/#primaryimage\"},\"thumbnailUrl\":\"https:\/\/images.novelship.com\/product\/asics_tarther_tokyo_t8e1q-9090_0_4215.jpeg;https:\/\/images.novelship.com\/product\/asics_tarther_tokyo_t8e1q-9090_1_4216.jpeg;https:\/\/images.novelship.com\/product\/asics_tarther_tokyo_t8e1q-9090_2_4216.jpeg;https:\/\/images.novelship.com\/product\/asics_tarther_tokyo_t8e1q-9090_3_4216.jpeg\",\"datePublished\":\"2026-03-02T08:54:29+00:00\",\"dateModified\":\"2026-03-27T18:22:45+00:00\",\"breadcrumb\":{\"@id\":\"https:\/\/tourcruiser.com\/de\/products\/asics-tarther-tokyo\/#breadcrumb\"},\"inLanguage\":\"de\",\"potentialAction\":[{\"@type\":\"ReadAction\",\"target\":[\"https:\/\/tourcruiser.com\/de\/products\/asics-tarther-tokyo\/\"]}]},{\"@type\":\"ImageObject\",\"inLanguage\":\"de\",\"@id\":\"https:\/\/tourcruiser.com\/de\/products\/asics-tarther-tokyo\/#primaryimage\",\"url\":\"https:\/\/images.novelship.com\/product\/asics_tarther_tokyo_t8e1q-9090_0_4215.jpeg;https:\/\/images.novelship.com\/product\/asics_tarther_tokyo_t8e1q-9090_1_4216.jpeg;https:\/\/images.novelship.com\/product\/asics_tarther_tokyo_t8e1q-9090_2_4216.jpeg;https:\/\/images.novelship.com\/product\/asics_tarther_tokyo_t8e1q-9090_3_4216.jpeg\",\"contentUrl\":\"https:\/\/images.novelship.com\/product\/asics_tarther_tokyo_t8e1q-9090_0_4215.jpeg;https:\/\/images.novelship.com\/product\/asics_tarther_tokyo_t8e1q-9090_1_4216.jpeg;https:\/\/images.novelship.com\/product\/asics_tarther_tokyo_t8e1q-9090_2_4216.jpeg;https:\/\/images.novelship.com\/product\/asics_tarther_tokyo_t8e1q-9090_3_4216.jpeg\"},{\"@type\":\"BreadcrumbList\",\"@id\":\"https:\/\/tourcruiser.com\/de\/products\/asics-tarther-tokyo\/#breadcrumb\",\"itemListElement\":[{\"@type\":\"ListItem\",\"position\":1,\"name\":\"Home\",\"item\":\"https:\/\/tourcruiser.com\/de\/\"},{\"@type\":\"ListItem\",\"position\":2,\"name\":\"Shop\",\"item\":\"https:\/\/tourcruiser.com\/de\/shop\/\"},{\"@type\":\"ListItem\",\"position\":3,\"name\":\"ASICS Tarther Tokyo\"}]},{\"@type\":\"WebSite\",\"@id\":\"https:\/\/tourcruiser.com\/de\/#website\",\"url\":\"https:\/\/tourcruiser.com\/de\/\",\"name\":\"Styloral Jewelry Shop\",\"description\":\"Tourcruiser Sneaker Store \u2014 der Ort, an dem das Universum deine Einzigartigkeit trifft.\",\"publisher\":{\"@id\":\"https:\/\/tourcruiser.com\/de\/#organization\"},\"potentialAction\":[{\"@type\":\"SearchAction\",\"target\":{\"@type\":\"EntryPoint\",\"urlTemplate\":\"https:\/\/tourcruiser.com\/de\/?s={search_term_string}\"},\"query-input\":{\"@type\":\"PropertyValueSpecification\",\"valueRequired\":true,\"valueName\":\"search_term_string\"}}],\"inLanguage\":\"de\"},{\"@type\":\"Organization\",\"@id\":\"https:\/\/tourcruiser.com\/de\/#organization\",\"name\":\"STYLORAL PTE. LTD\",\"url\":\"https:\/\/tourcruiser.com\/de\/\",\"logo\":{\"@type\":\"ImageObject\",\"inLanguage\":\"de\",\"@id\":\"https:\/\/tourcruiser.com\/de\/#\/schema\/logo\/image\/\",\"url\":\"https:\/\/www.tourcruiser.com\/wp-content\/uploads\/2025\/12\/logo.png\",\"contentUrl\":\"https:\/\/www.tourcruiser.com\/wp-content\/uploads\/2025\/12\/logo.png\",\"width\":200,\"height\":65,\"caption\":\"STYLORAL PTE. LTD\"},\"image\":{\"@id\":\"https:\/\/tourcruiser.com\/de\/#\/schema\/logo\/image\/\"}}]}<\/script>\n<!-- \/ Yoast SEO plugin. -->","yoast_head_json":{"title":"ASICS Tarther Tokyo  - Tourcruiser PTE. LTD","robots":{"index":"index","follow":"follow","max-snippet":"max-snippet:-1","max-image-preview":"max-image-preview:large","max-video-preview":"max-video-preview:-1"},"canonical":"https:\/\/tourcruiser.com\/de\/products\/asics-tarther-tokyo\/","og_locale":"de_DE","og_type":"article","og_title":"ASICS Tarther Tokyo  - Tourcruiser PTE. LTD","og_description":"ASICS Tarther Tokyo \u201d\u201d BLACK","og_url":"https:\/\/tourcruiser.com\/de\/products\/asics-tarther-tokyo\/","og_site_name":"Tourcruiser Sneaker Store","article_modified_time":"2026-03-27T18:22:45+00:00","twitter_card":"summary_large_image","twitter_image":"https:\/\/images.novelship.com\/product\/asics_tarther_tokyo_t8e1q-9090_0_4215.jpeg;https:\/\/images.novelship.com\/product\/asics_tarther_tokyo_t8e1q-9090_1_4216.jpeg;https:\/\/images.novelship.com\/product\/asics_tarther_tokyo_t8e1q-9090_2_4216.jpeg;https:\/\/images.novelship.com\/product\/asics_tarther_tokyo_t8e1q-9090_3_4216.jpeg","twitter_misc":{"Gesch\u00e4tzte Lesezeit":"1\u00a0Minute"},"schema":{"@context":"https:\/\/schema.org","@graph":[{"@type":"WebPage","@id":"https:\/\/tourcruiser.com\/de\/products\/asics-tarther-tokyo\/","url":"https:\/\/tourcruiser.com\/de\/products\/asics-tarther-tokyo\/","name":"ASICS Tarther Tokyo - Tourcruiser PTE. LTD","isPartOf":{"@id":"https:\/\/tourcruiser.com\/de\/#website"},"primaryImageOfPage":{"@id":"https:\/\/tourcruiser.com\/de\/products\/asics-tarther-tokyo\/#primaryimage"},"image":{"@id":"https:\/\/tourcruiser.com\/de\/products\/asics-tarther-tokyo\/#primaryimage"},"thumbnailUrl":"https:\/\/images.novelship.com\/product\/asics_tarther_tokyo_t8e1q-9090_0_4215.jpeg;https:\/\/images.novelship.com\/product\/asics_tarther_tokyo_t8e1q-9090_1_4216.jpeg;https:\/\/images.novelship.com\/product\/asics_tarther_tokyo_t8e1q-9090_2_4216.jpeg;https:\/\/images.novelship.com\/product\/asics_tarther_tokyo_t8e1q-9090_3_4216.jpeg","datePublished":"2026-03-02T08:54:29+00:00","dateModified":"2026-03-27T18:22:45+00:00","breadcrumb":{"@id":"https:\/\/tourcruiser.com\/de\/products\/asics-tarther-tokyo\/#breadcrumb"},"inLanguage":"de","potentialAction":[{"@type":"ReadAction","target":["https:\/\/tourcruiser.com\/de\/products\/asics-tarther-tokyo\/"]}]},{"@type":"ImageObject","inLanguage":"de","@id":"https:\/\/tourcruiser.com\/de\/products\/asics-tarther-tokyo\/#primaryimage","url":"https:\/\/images.novelship.com\/product\/asics_tarther_tokyo_t8e1q-9090_0_4215.jpeg;https:\/\/images.novelship.com\/product\/asics_tarther_tokyo_t8e1q-9090_1_4216.jpeg;https:\/\/images.novelship.com\/product\/asics_tarther_tokyo_t8e1q-9090_2_4216.jpeg;https:\/\/images.novelship.com\/product\/asics_tarther_tokyo_t8e1q-9090_3_4216.jpeg","contentUrl":"https:\/\/images.novelship.com\/product\/asics_tarther_tokyo_t8e1q-9090_0_4215.jpeg;https:\/\/images.novelship.com\/product\/asics_tarther_tokyo_t8e1q-9090_1_4216.jpeg;https:\/\/images.novelship.com\/product\/asics_tarther_tokyo_t8e1q-9090_2_4216.jpeg;https:\/\/images.novelship.com\/product\/asics_tarther_tokyo_t8e1q-9090_3_4216.jpeg"},{"@type":"BreadcrumbList","@id":"https:\/\/tourcruiser.com\/de\/products\/asics-tarther-tokyo\/#breadcrumb","itemListElement":[{"@type":"ListItem","position":1,"name":"Home","item":"https:\/\/tourcruiser.com\/de\/"},{"@type":"ListItem","position":2,"name":"Shop","item":"https:\/\/tourcruiser.com\/de\/shop\/"},{"@type":"ListItem","position":3,"name":"ASICS Tarther Tokyo"}]},{"@type":"WebSite","@id":"https:\/\/tourcruiser.com\/de\/#website","url":"https:\/\/tourcruiser.com\/de\/","name":"Styloral Jewelry Shop","description":"Tourcruiser Sneaker Store \u2014 der Ort, an dem das Universum deine Einzigartigkeit trifft.","publisher":{"@id":"https:\/\/tourcruiser.com\/de\/#organization"},"potentialAction":[{"@type":"SearchAction","target":{"@type":"EntryPoint","urlTemplate":"https:\/\/tourcruiser.com\/de\/?s={search_term_string}"},"query-input":{"@type":"PropertyValueSpecification","valueRequired":true,"valueName":"search_term_string"}}],"inLanguage":"de"},{"@type":"Organization","@id":"https:\/\/tourcruiser.com\/de\/#organization","name":"STYLORAL PTE. LTD","url":"https:\/\/tourcruiser.com\/de\/","logo":{"@type":"ImageObject","inLanguage":"de","@id":"https:\/\/tourcruiser.com\/de\/#\/schema\/logo\/image\/","url":"https:\/\/www.tourcruiser.com\/wp-content\/uploads\/2025\/12\/logo.png","contentUrl":"https:\/\/www.tourcruiser.com\/wp-content\/uploads\/2025\/12\/logo.png","width":200,"height":65,"caption":"STYLORAL PTE. LTD"},"image":{"@id":"https:\/\/tourcruiser.com\/de\/#\/schema\/logo\/image\/"}}]}},"_links":{"self":[{"href":"https:\/\/tourcruiser.com\/de\/wp-json\/wp\/v2\/product\/152503","targetHints":{"allow":["GET"]}}],"collection":[{"href":"https:\/\/tourcruiser.com\/de\/wp-json\/wp\/v2\/product"}],"about":[{"href":"https:\/\/tourcruiser.com\/de\/wp-json\/wp\/v2\/types\/product"}],"replies":[{"embeddable":true,"href":"https:\/\/tourcruiser.com\/de\/wp-json\/wp\/v2\/comments?post=152503"}],"wp:featuredmedia":[{"embeddable":true,"href":"https:\/\/tourcruiser.com\/de\/wp-json\/wp\/v2\/media\/152504"}],"wp:attachment":[{"href":"https:\/\/tourcruiser.com\/de\/wp-json\/wp\/v2\/media?parent=152503"}],"wp:term":[{"taxonomy":"product_brand","embeddable":true,"href":"https:\/\/tourcruiser.com\/de\/wp-json\/wp\/v2\/product_brand?post=152503"},{"taxonomy":"product_cat","embeddable":true,"href":"https:\/\/tourcruiser.com\/de\/wp-json\/wp\/v2\/product_cat?post=152503"},{"taxonomy":"product_tag","embeddable":true,"href":"https:\/\/tourcruiser.com\/de\/wp-json\/wp\/v2\/product_tag?post=152503"}],"curies":[{"name":"wp","href":"https:\/\/api.w.org\/{rel}","templated":true}]}}