{"id":152093,"date":"2026-03-02T15:53:48","date_gmt":"2026-03-02T08:53:48","guid":{"rendered":"http:\/\/tourcruiser.com\/product\/adidas-samba-millenium-white-clear-sky"},"modified":"2026-03-28T01:22:28","modified_gmt":"2026-03-27T18:22:28","slug":"adidas-samba-millenium-white-clear-sky","status":"publish","type":"product","link":"https:\/\/tourcruiser.com\/de\/products\/adidas-samba-millenium-white-clear-sky\/","title":{"rendered":"adidas Samba Millenium &#8218;White Clear Sky&#8216;"},"content":{"rendered":"<p>Erleben Sie zeitlosen Stil und unvergleichlichen Komfort mit dem Adidas Samba MN JI3183, einem legend\u00e4ren Sneaker, der f\u00fcr den Alltag und modernen Streetstyle designt wurde. Gefertigt aus hochwertigen Materialien, vereint diese Version des Samba die klassische Silhouette nahtlos mit zeitgem\u00e4\u00dfen Details und bietet so einen vielseitigen Look, der zu jedem Outfit passt. Das weiche Leder-Obermaterial sorgt f\u00fcr Langlebigkeit und ein erstklassiges Tragegef\u00fchl, w\u00e4hrend die Wildleder-Overlays f\u00fcr Struktur und Eleganz sorgen. Die Gummisohle bietet nicht nur hervorragenden Grip, sondern unterstreicht auch die Retro-\u00c4sthetik des Schuhs. Dank seiner leichten Konstruktion und der gepolsterten Innensohle ist er ideal f\u00fcr lange Stunden auf den Beinen \u201d\u201c egal ob Sie durch die Stra\u00dfen der Stadt schlendern oder Zeit mit Freunden verbringen. Der Adidas Samba MN JI3183 ist perfekt f\u00fcr Sneaker-Fans und modebewusste Menschen. Er verleiht einem beliebten Klassiker einen frischen Touch und bleibt ein Must-have in jeder Schuhsammlung.<\/p>\n<ul>\n<li><strong>Farbgebung:<\/strong> Cloud White\/Clear Sky\/Gum<\/li>\n<li><strong>Style-Code:<\/strong> JI3183<\/li>\n<li><strong>Obermaterial:<\/strong> Leder<\/li>\n<li><strong>Zwischensohle:<\/strong> EVA<\/li>\n<li><strong>Farbe:<\/strong> Wei\u00df<\/li>\n<\/ul>\n","protected":false},"excerpt":{"rendered":"<p>adidas Samba MN \u201d\u201d Cloud White\/Clear Sky\/Gum<\/p>\n","protected":false},"featured_media":152094,"comment_status":"open","ping_status":"closed","template":"","meta":[],"product_brand":[],"product_cat":[10760],"product_tag":[10759,10750,10754,10755,10756,10758],"class_list":{"0":"post-152093","1":"product","2":"type-product","3":"status-publish","4":"has-post-thumbnail","6":"product_cat-adidas","7":"product_tag-adidas","8":"product_tag-athleisure-shoes","9":"product_tag-lifestyle-casual-shoes","10":"product_tag-lifestyle-shoes-soccer-inspired","11":"product_tag-retro-casual-shoes","12":"product_tag-under-retail","13":"wcpa_has_options","15":"first","16":"outofstock","17":"taxable","18":"shipping-taxable","19":"purchasable","20":"product-type-simple"},"wcpa_form_fields":{"rules":{"pric_overide_base_price":false,"pric_overide_base_price_if_gt_zero":false,"pric_overide_base_price_fully":false,"pric_cal_option_once":false,"pric_use_as_fee":false,"bind_quantity":false,"quantity_bind_formula":false},"fields":[{"type":"color-group","required":true,"elementId":"wcpa-color-group-66c4a7f817afe","label":"Gr\u00f6\u00dfe","inline":true,"priceOptions":"different_for_all","pricingType":"fixed","className":"hassizechart product-shoes-size-eu product-shoes-size","name":"color-group-66c4a7f817b18","disp_type":"square","selection_type":"tick-border","disp_size":"50","show_label_inside":true,"adjust_width":true,"cart_display_type":"text","other_text":"Other","cl_rule":"show","col":6,"values":[{"label":"35","value":"EU 35","price":"","pimage":"","pimage_id":"","pthumb":"","color":""},{"label":"35.5","value":"EU 35.5","price":"","pimage":"","pimage_id":"","pthumb":"","color":""},{"label":"36","value":"EU 36","price":"","pimage":"","pimage_id":"","pthumb":"","color":"","selected":true},{"label":"36 2\/3","value":"EU 36 2\/3","price":"","pimage":"","pimage_id":"","pthumb":"","color":""},{"label":"37 1\/3","value":"EU 37 1\/3","price":"","pimage":"","pimage_id":"","pthumb":"","color":""},{"label":"38","value":"EU 38","price":"","pimage":"","pimage_id":"","pthumb":"","color":""},{"label":"38 2\/3","value":"EU 38 2\/3","price":"","pimage":"","pimage_id":"","pthumb":"","color":""},{"label":"39 1\/3","value":"EU 39 1\/3","price":"","pimage":"","pimage_id":"","pthumb":"","color":""},{"label":"40","value":"EU 40","price":"","pimage":"","pimage_id":"","pthumb":"","color":""},{"label":"40 2\/3","value":"EU 40 2\/3","price":"","pimage":"","pimage_id":"","pthumb":"","color":""},{"label":"41 1\/3","value":"EU 41 1\/3","price":"","pimage":"","pimage_id":"","pthumb":"","color":""},{"label":"42","value":"EU 42","price":"","pimage":"","pimage_id":"","pthumb":"","color":""},{"label":"42 2\/3","value":"EU 42 2\/3","price":"","pimage":"","pimage_id":"","pthumb":"","color":""},{"label":"43 1\/3","value":"EU 43 1\/3","price":"","pimage":"","pimage_id":"","pthumb":"","color":""},{"label":"44","value":"EU 44","price":"","pimage":"","pimage_id":"","pthumb":"","color":""},{"label":"44 2\/3","value":"EU 44 2\/3","price":"","pimage":"","pimage_id":"","pthumb":"","color":""},{"label":"45 1\/3","value":"EU 45 1\/3","price":"","pimage":"","pimage_id":"","pthumb":"","color":""},{"label":"46","value":"EU 46","price":"","pimage":"","pimage_id":"","pthumb":"","color":""},{"label":"46 2\/3","value":"EU 46 2\/3","price":"","pimage":"","pimage_id":"","pthumb":"","color":""},{"label":"47 1\/3","value":"EU 47 1\/3","price":"","pimage":"","pimage_id":"","pthumb":"","color":""}],"relations":[{"operator":false,"rules":[]}],"form_id":24802,"form_rules":{"pric_cal_option_once":false,"exclude_from_discount":false,"pric_use_as_fee":false,"fee_label":"Fee","render_after_acb":false,"disp_hide_options_price":false}}]},"yoast_head":"<!-- This site is optimized with the Yoast SEO plugin v26.5 - https:\/\/yoast.com\/wordpress\/plugins\/seo\/ -->\n<title>adidas Samba Millenium &#039;White Clear Sky&#039;  - Tourcruiser PTE. LTD<\/title>\n<meta name=\"robots\" content=\"index, follow, max-snippet:-1, max-image-preview:large, max-video-preview:-1\" \/>\n<link rel=\"canonical\" href=\"https:\/\/tourcruiser.com\/de\/products\/adidas-samba-millenium-white-clear-sky\/\" \/>\n<meta property=\"og:locale\" content=\"de_DE\" \/>\n<meta property=\"og:type\" content=\"article\" \/>\n<meta property=\"og:title\" content=\"adidas Samba Millenium &#039;White Clear Sky&#039;  - Tourcruiser PTE. LTD\" \/>\n<meta property=\"og:description\" content=\"adidas Samba MN \u201d\u201d Cloud White\/Clear Sky\/Gum\" \/>\n<meta property=\"og:url\" content=\"https:\/\/tourcruiser.com\/de\/products\/adidas-samba-millenium-white-clear-sky\/\" \/>\n<meta property=\"og:site_name\" content=\"Tourcruiser Sneaker Store\" \/>\n<meta property=\"article:modified_time\" content=\"2026-03-27T18:22:28+00:00\" \/>\n<meta name=\"twitter:card\" content=\"summary_large_image\" \/>\n<meta name=\"twitter:image\" content=\"https:\/\/images.novelship.com\/product\/adidas_samba_mn_ji3183_0_19058.jpeg;https:\/\/images.novelship.com\/product\/adidas_samba_mn_ji3183_1_19058.jpeg;https:\/\/images.novelship.com\/product\/adidas_samba_mn_ji3183_2_19058.jpeg;https:\/\/images.novelship.com\/product\/adidas_samba_mn_ji3183_3_19059.jpeg;https:\/\/images.novelship.com\/product\/adidas_samba_mn_ji3183_4_19059.jpeg;https:\/\/images.novelship.com\/product\/adidas_samba_mn_ji3183_5_19059.jpeg;https:\/\/images.novelship.com\/product\/adidas_samba_mn_ji3183_6_19059.jpeg;https:\/\/images.novelship.com\/product\/adidas_samba_mn_ji3183_7_19059.jpeg;https:\/\/images.novelship.com\/product\/adidas_samba_mn_ji3183_8_19059.jpeg\" \/>\n<meta name=\"twitter:label1\" content=\"Gesch\u00e4tzte Lesezeit\" \/>\n\t<meta name=\"twitter:data1\" content=\"1\u00a0Minute\" \/>\n<script type=\"application\/ld+json\" class=\"yoast-schema-graph\">{\"@context\":\"https:\/\/schema.org\",\"@graph\":[{\"@type\":\"WebPage\",\"@id\":\"https:\/\/tourcruiser.com\/de\/products\/adidas-samba-millenium-white-clear-sky\/\",\"url\":\"https:\/\/tourcruiser.com\/de\/products\/adidas-samba-millenium-white-clear-sky\/\",\"name\":\"adidas Samba Millenium 'White Clear Sky' - Tourcruiser PTE. LTD\",\"isPartOf\":{\"@id\":\"https:\/\/tourcruiser.com\/de\/#website\"},\"primaryImageOfPage\":{\"@id\":\"https:\/\/tourcruiser.com\/de\/products\/adidas-samba-millenium-white-clear-sky\/#primaryimage\"},\"image\":{\"@id\":\"https:\/\/tourcruiser.com\/de\/products\/adidas-samba-millenium-white-clear-sky\/#primaryimage\"},\"thumbnailUrl\":\"https:\/\/images.novelship.com\/product\/adidas_samba_mn_ji3183_0_19058.jpeg;https:\/\/images.novelship.com\/product\/adidas_samba_mn_ji3183_1_19058.jpeg;https:\/\/images.novelship.com\/product\/adidas_samba_mn_ji3183_2_19058.jpeg;https:\/\/images.novelship.com\/product\/adidas_samba_mn_ji3183_3_19059.jpeg;https:\/\/images.novelship.com\/product\/adidas_samba_mn_ji3183_4_19059.jpeg;https:\/\/images.novelship.com\/product\/adidas_samba_mn_ji3183_5_19059.jpeg;https:\/\/images.novelship.com\/product\/adidas_samba_mn_ji3183_6_19059.jpeg;https:\/\/images.novelship.com\/product\/adidas_samba_mn_ji3183_7_19059.jpeg;https:\/\/images.novelship.com\/product\/adidas_samba_mn_ji3183_8_19059.jpeg\",\"datePublished\":\"2026-03-02T08:53:48+00:00\",\"dateModified\":\"2026-03-27T18:22:28+00:00\",\"breadcrumb\":{\"@id\":\"https:\/\/tourcruiser.com\/de\/products\/adidas-samba-millenium-white-clear-sky\/#breadcrumb\"},\"inLanguage\":\"de\",\"potentialAction\":[{\"@type\":\"ReadAction\",\"target\":[\"https:\/\/tourcruiser.com\/de\/products\/adidas-samba-millenium-white-clear-sky\/\"]}]},{\"@type\":\"ImageObject\",\"inLanguage\":\"de\",\"@id\":\"https:\/\/tourcruiser.com\/de\/products\/adidas-samba-millenium-white-clear-sky\/#primaryimage\",\"url\":\"https:\/\/images.novelship.com\/product\/adidas_samba_mn_ji3183_0_19058.jpeg;https:\/\/images.novelship.com\/product\/adidas_samba_mn_ji3183_1_19058.jpeg;https:\/\/images.novelship.com\/product\/adidas_samba_mn_ji3183_2_19058.jpeg;https:\/\/images.novelship.com\/product\/adidas_samba_mn_ji3183_3_19059.jpeg;https:\/\/images.novelship.com\/product\/adidas_samba_mn_ji3183_4_19059.jpeg;https:\/\/images.novelship.com\/product\/adidas_samba_mn_ji3183_5_19059.jpeg;https:\/\/images.novelship.com\/product\/adidas_samba_mn_ji3183_6_19059.jpeg;https:\/\/images.novelship.com\/product\/adidas_samba_mn_ji3183_7_19059.jpeg;https:\/\/images.novelship.com\/product\/adidas_samba_mn_ji3183_8_19059.jpeg\",\"contentUrl\":\"https:\/\/images.novelship.com\/product\/adidas_samba_mn_ji3183_0_19058.jpeg;https:\/\/images.novelship.com\/product\/adidas_samba_mn_ji3183_1_19058.jpeg;https:\/\/images.novelship.com\/product\/adidas_samba_mn_ji3183_2_19058.jpeg;https:\/\/images.novelship.com\/product\/adidas_samba_mn_ji3183_3_19059.jpeg;https:\/\/images.novelship.com\/product\/adidas_samba_mn_ji3183_4_19059.jpeg;https:\/\/images.novelship.com\/product\/adidas_samba_mn_ji3183_5_19059.jpeg;https:\/\/images.novelship.com\/product\/adidas_samba_mn_ji3183_6_19059.jpeg;https:\/\/images.novelship.com\/product\/adidas_samba_mn_ji3183_7_19059.jpeg;https:\/\/images.novelship.com\/product\/adidas_samba_mn_ji3183_8_19059.jpeg\"},{\"@type\":\"BreadcrumbList\",\"@id\":\"https:\/\/tourcruiser.com\/de\/products\/adidas-samba-millenium-white-clear-sky\/#breadcrumb\",\"itemListElement\":[{\"@type\":\"ListItem\",\"position\":1,\"name\":\"Home\",\"item\":\"https:\/\/tourcruiser.com\/de\/\"},{\"@type\":\"ListItem\",\"position\":2,\"name\":\"Shop\",\"item\":\"https:\/\/tourcruiser.com\/de\/shop\/\"},{\"@type\":\"ListItem\",\"position\":3,\"name\":\"adidas Samba Millenium 'White Clear Sky'\"}]},{\"@type\":\"WebSite\",\"@id\":\"https:\/\/tourcruiser.com\/de\/#website\",\"url\":\"https:\/\/tourcruiser.com\/de\/\",\"name\":\"Styloral Jewelry Shop\",\"description\":\"Tourcruiser Sneaker Store \u2014 der Ort, an dem das Universum deine Einzigartigkeit trifft.\",\"publisher\":{\"@id\":\"https:\/\/tourcruiser.com\/de\/#organization\"},\"potentialAction\":[{\"@type\":\"SearchAction\",\"target\":{\"@type\":\"EntryPoint\",\"urlTemplate\":\"https:\/\/tourcruiser.com\/de\/?s={search_term_string}\"},\"query-input\":{\"@type\":\"PropertyValueSpecification\",\"valueRequired\":true,\"valueName\":\"search_term_string\"}}],\"inLanguage\":\"de\"},{\"@type\":\"Organization\",\"@id\":\"https:\/\/tourcruiser.com\/de\/#organization\",\"name\":\"STYLORAL PTE. LTD\",\"url\":\"https:\/\/tourcruiser.com\/de\/\",\"logo\":{\"@type\":\"ImageObject\",\"inLanguage\":\"de\",\"@id\":\"https:\/\/tourcruiser.com\/de\/#\/schema\/logo\/image\/\",\"url\":\"https:\/\/www.tourcruiser.com\/wp-content\/uploads\/2025\/12\/logo.png\",\"contentUrl\":\"https:\/\/www.tourcruiser.com\/wp-content\/uploads\/2025\/12\/logo.png\",\"width\":200,\"height\":65,\"caption\":\"STYLORAL PTE. LTD\"},\"image\":{\"@id\":\"https:\/\/tourcruiser.com\/de\/#\/schema\/logo\/image\/\"}}]}<\/script>\n<!-- \/ Yoast SEO plugin. -->","yoast_head_json":{"title":"adidas Samba Millenium 'White Clear Sky'  - Tourcruiser PTE. LTD","robots":{"index":"index","follow":"follow","max-snippet":"max-snippet:-1","max-image-preview":"max-image-preview:large","max-video-preview":"max-video-preview:-1"},"canonical":"https:\/\/tourcruiser.com\/de\/products\/adidas-samba-millenium-white-clear-sky\/","og_locale":"de_DE","og_type":"article","og_title":"adidas Samba Millenium 'White Clear Sky'  - Tourcruiser PTE. LTD","og_description":"adidas Samba MN \u201d\u201d Cloud White\/Clear Sky\/Gum","og_url":"https:\/\/tourcruiser.com\/de\/products\/adidas-samba-millenium-white-clear-sky\/","og_site_name":"Tourcruiser Sneaker Store","article_modified_time":"2026-03-27T18:22:28+00:00","twitter_card":"summary_large_image","twitter_image":"https:\/\/images.novelship.com\/product\/adidas_samba_mn_ji3183_0_19058.jpeg;https:\/\/images.novelship.com\/product\/adidas_samba_mn_ji3183_1_19058.jpeg;https:\/\/images.novelship.com\/product\/adidas_samba_mn_ji3183_2_19058.jpeg;https:\/\/images.novelship.com\/product\/adidas_samba_mn_ji3183_3_19059.jpeg;https:\/\/images.novelship.com\/product\/adidas_samba_mn_ji3183_4_19059.jpeg;https:\/\/images.novelship.com\/product\/adidas_samba_mn_ji3183_5_19059.jpeg;https:\/\/images.novelship.com\/product\/adidas_samba_mn_ji3183_6_19059.jpeg;https:\/\/images.novelship.com\/product\/adidas_samba_mn_ji3183_7_19059.jpeg;https:\/\/images.novelship.com\/product\/adidas_samba_mn_ji3183_8_19059.jpeg","twitter_misc":{"Gesch\u00e4tzte Lesezeit":"1\u00a0Minute"},"schema":{"@context":"https:\/\/schema.org","@graph":[{"@type":"WebPage","@id":"https:\/\/tourcruiser.com\/de\/products\/adidas-samba-millenium-white-clear-sky\/","url":"https:\/\/tourcruiser.com\/de\/products\/adidas-samba-millenium-white-clear-sky\/","name":"adidas Samba Millenium 'White Clear Sky' - Tourcruiser PTE. LTD","isPartOf":{"@id":"https:\/\/tourcruiser.com\/de\/#website"},"primaryImageOfPage":{"@id":"https:\/\/tourcruiser.com\/de\/products\/adidas-samba-millenium-white-clear-sky\/#primaryimage"},"image":{"@id":"https:\/\/tourcruiser.com\/de\/products\/adidas-samba-millenium-white-clear-sky\/#primaryimage"},"thumbnailUrl":"https:\/\/images.novelship.com\/product\/adidas_samba_mn_ji3183_0_19058.jpeg;https:\/\/images.novelship.com\/product\/adidas_samba_mn_ji3183_1_19058.jpeg;https:\/\/images.novelship.com\/product\/adidas_samba_mn_ji3183_2_19058.jpeg;https:\/\/images.novelship.com\/product\/adidas_samba_mn_ji3183_3_19059.jpeg;https:\/\/images.novelship.com\/product\/adidas_samba_mn_ji3183_4_19059.jpeg;https:\/\/images.novelship.com\/product\/adidas_samba_mn_ji3183_5_19059.jpeg;https:\/\/images.novelship.com\/product\/adidas_samba_mn_ji3183_6_19059.jpeg;https:\/\/images.novelship.com\/product\/adidas_samba_mn_ji3183_7_19059.jpeg;https:\/\/images.novelship.com\/product\/adidas_samba_mn_ji3183_8_19059.jpeg","datePublished":"2026-03-02T08:53:48+00:00","dateModified":"2026-03-27T18:22:28+00:00","breadcrumb":{"@id":"https:\/\/tourcruiser.com\/de\/products\/adidas-samba-millenium-white-clear-sky\/#breadcrumb"},"inLanguage":"de","potentialAction":[{"@type":"ReadAction","target":["https:\/\/tourcruiser.com\/de\/products\/adidas-samba-millenium-white-clear-sky\/"]}]},{"@type":"ImageObject","inLanguage":"de","@id":"https:\/\/tourcruiser.com\/de\/products\/adidas-samba-millenium-white-clear-sky\/#primaryimage","url":"https:\/\/images.novelship.com\/product\/adidas_samba_mn_ji3183_0_19058.jpeg;https:\/\/images.novelship.com\/product\/adidas_samba_mn_ji3183_1_19058.jpeg;https:\/\/images.novelship.com\/product\/adidas_samba_mn_ji3183_2_19058.jpeg;https:\/\/images.novelship.com\/product\/adidas_samba_mn_ji3183_3_19059.jpeg;https:\/\/images.novelship.com\/product\/adidas_samba_mn_ji3183_4_19059.jpeg;https:\/\/images.novelship.com\/product\/adidas_samba_mn_ji3183_5_19059.jpeg;https:\/\/images.novelship.com\/product\/adidas_samba_mn_ji3183_6_19059.jpeg;https:\/\/images.novelship.com\/product\/adidas_samba_mn_ji3183_7_19059.jpeg;https:\/\/images.novelship.com\/product\/adidas_samba_mn_ji3183_8_19059.jpeg","contentUrl":"https:\/\/images.novelship.com\/product\/adidas_samba_mn_ji3183_0_19058.jpeg;https:\/\/images.novelship.com\/product\/adidas_samba_mn_ji3183_1_19058.jpeg;https:\/\/images.novelship.com\/product\/adidas_samba_mn_ji3183_2_19058.jpeg;https:\/\/images.novelship.com\/product\/adidas_samba_mn_ji3183_3_19059.jpeg;https:\/\/images.novelship.com\/product\/adidas_samba_mn_ji3183_4_19059.jpeg;https:\/\/images.novelship.com\/product\/adidas_samba_mn_ji3183_5_19059.jpeg;https:\/\/images.novelship.com\/product\/adidas_samba_mn_ji3183_6_19059.jpeg;https:\/\/images.novelship.com\/product\/adidas_samba_mn_ji3183_7_19059.jpeg;https:\/\/images.novelship.com\/product\/adidas_samba_mn_ji3183_8_19059.jpeg"},{"@type":"BreadcrumbList","@id":"https:\/\/tourcruiser.com\/de\/products\/adidas-samba-millenium-white-clear-sky\/#breadcrumb","itemListElement":[{"@type":"ListItem","position":1,"name":"Home","item":"https:\/\/tourcruiser.com\/de\/"},{"@type":"ListItem","position":2,"name":"Shop","item":"https:\/\/tourcruiser.com\/de\/shop\/"},{"@type":"ListItem","position":3,"name":"adidas Samba Millenium 'White Clear Sky'"}]},{"@type":"WebSite","@id":"https:\/\/tourcruiser.com\/de\/#website","url":"https:\/\/tourcruiser.com\/de\/","name":"Styloral Jewelry Shop","description":"Tourcruiser Sneaker Store \u2014 der Ort, an dem das Universum deine Einzigartigkeit trifft.","publisher":{"@id":"https:\/\/tourcruiser.com\/de\/#organization"},"potentialAction":[{"@type":"SearchAction","target":{"@type":"EntryPoint","urlTemplate":"https:\/\/tourcruiser.com\/de\/?s={search_term_string}"},"query-input":{"@type":"PropertyValueSpecification","valueRequired":true,"valueName":"search_term_string"}}],"inLanguage":"de"},{"@type":"Organization","@id":"https:\/\/tourcruiser.com\/de\/#organization","name":"STYLORAL PTE. LTD","url":"https:\/\/tourcruiser.com\/de\/","logo":{"@type":"ImageObject","inLanguage":"de","@id":"https:\/\/tourcruiser.com\/de\/#\/schema\/logo\/image\/","url":"https:\/\/www.tourcruiser.com\/wp-content\/uploads\/2025\/12\/logo.png","contentUrl":"https:\/\/www.tourcruiser.com\/wp-content\/uploads\/2025\/12\/logo.png","width":200,"height":65,"caption":"STYLORAL PTE. LTD"},"image":{"@id":"https:\/\/tourcruiser.com\/de\/#\/schema\/logo\/image\/"}}]}},"_links":{"self":[{"href":"https:\/\/tourcruiser.com\/de\/wp-json\/wp\/v2\/product\/152093","targetHints":{"allow":["GET"]}}],"collection":[{"href":"https:\/\/tourcruiser.com\/de\/wp-json\/wp\/v2\/product"}],"about":[{"href":"https:\/\/tourcruiser.com\/de\/wp-json\/wp\/v2\/types\/product"}],"replies":[{"embeddable":true,"href":"https:\/\/tourcruiser.com\/de\/wp-json\/wp\/v2\/comments?post=152093"}],"wp:featuredmedia":[{"embeddable":true,"href":"https:\/\/tourcruiser.com\/de\/wp-json\/wp\/v2\/media\/152094"}],"wp:attachment":[{"href":"https:\/\/tourcruiser.com\/de\/wp-json\/wp\/v2\/media?parent=152093"}],"wp:term":[{"taxonomy":"product_brand","embeddable":true,"href":"https:\/\/tourcruiser.com\/de\/wp-json\/wp\/v2\/product_brand?post=152093"},{"taxonomy":"product_cat","embeddable":true,"href":"https:\/\/tourcruiser.com\/de\/wp-json\/wp\/v2\/product_cat?post=152093"},{"taxonomy":"product_tag","embeddable":true,"href":"https:\/\/tourcruiser.com\/de\/wp-json\/wp\/v2\/product_tag?post=152093"}],"curies":[{"name":"wp","href":"https:\/\/api.w.org\/{rel}","templated":true}]}}