{"id":151948,"date":"2026-03-02T15:53:34","date_gmt":"2026-03-02T08:53:34","guid":{"rendered":"http:\/\/tourcruiser.com\/product\/women-adidas-gazelle-bold-mineral-green-velvet"},"modified":"2026-03-02T15:53:34","modified_gmt":"2026-03-02T08:53:34","slug":"women-adidas-gazelle-bold-mineral-green-velvet","status":"publish","type":"product","link":"https:\/\/tourcruiser.com\/de\/products\/women-adidas-gazelle-bold-mineral-green-velvet\/","title":{"rendered":"(Women) adidas Gazelle Bold &#8218;Mineral Green Velvet&#8216;"},"content":{"rendered":"<p>Der Adidas Gazelle Bold IG4391 ist ein zeitloser Sneaker, der Retro-Charme mit modernem Design vereint und damit ein Must-have f\u00fcr alle ist, die Wert auf Stil und Komfort legen.<\/p>\n<p>Diese aktualisierte Version der ikonischen Gazelle-Silhouette besticht durch hochwertiges Wildleder-Obermaterial und ein weiches, verst\u00e4rktes Design. Sie bietet verbesserte Strapazierf\u00e4higkeit und eine m\u00fchelos elegante Optik. Die markante Plateausohle verleiht Ihrem Look das gewisse Etwas und sorgt gleichzeitig f\u00fcr hervorragende D\u00e4mpfung und ganzt\u00e4gigen Tragekomfort.<\/p>\n<p>Ob zu l\u00e4ssiger Streetwear, Athleisure oder einem schicken urbanen Outfit \u201d\u201c der Gazelle Bold ist vielseitig kombinierbar. Das minimalistische Drei-Streifen-Branding und die hochwertigen Details verleihen ihm den zeitlosen Adidas-Charme, den Fans lieben.<\/p>\n<p>Diese Sneaker sind perfekt f\u00fcr den Alltag und passen sich Ihrem dynamischen Lifestyle an. Sie vereinen modische Details mit bew\u00e4hrter Adidas-Performance. Dank der bequemen Passform und der sorgf\u00e4ltig gestalteten Konturen m\u00fcssen Sie nicht auf Komfort verzichten, um gut auszusehen.<\/p>\n<p>Der Adidas Gazelle Bold IG4391 ist die Weiterentwicklung eines ikonischen Designs \u201d\u201c eine moderne Interpretation, die neue Ma\u00dfst\u00e4be setzt und gleichzeitig der Tradition treu bleibt. Ob Sneaker-Sammler oder l\u00e4ssiger Trendsetter, dieser Schuh ist ein weltweites Must-have, das den Anspr\u00fcchen modebewusster Menschen von heute gerecht wird.<\/p>\n<ul>\n<li><strong>Farbgebung:<\/strong> Mineralgr\u00fcn\/Putty Grey\/Mineralgr\u00fcn<\/li>\n<li><strong>Style-Code:<\/strong> IG4391<\/li>\n<li><strong>Obermaterial:<\/strong> Samt<\/li>\n<li><strong>Farbe:<\/strong> Gr\u00fcn<\/li>\n<\/ul>\n","protected":false},"excerpt":{"rendered":"<p>adidas Gazelle Bold \u201d\u201d Mineral Green\/Putty Grey\/Mineral Green<\/p>\n","protected":false},"featured_media":151949,"comment_status":"open","ping_status":"closed","template":"","meta":[],"product_brand":[],"product_cat":[10941],"product_tag":[10759,10750,10847,10754,11460,10756,10785,10786,10758],"class_list":{"0":"post-151948","1":"product","2":"type-product","3":"status-publish","4":"has-post-thumbnail","6":"product_cat-adidas-women","7":"product_tag-adidas","8":"product_tag-athleisure-shoes","9":"product_tag-best-finds-under-100","10":"product_tag-lifestyle-casual-shoes","11":"product_tag-lifestyle-shoes-casual","12":"product_tag-retro-casual-shoes","13":"product_tag-trending-deals","14":"product_tag-trending-deals-under-150","15":"product_tag-under-retail","16":"wcpa_has_options","18":"first","19":"instock","20":"taxable","21":"shipping-taxable","22":"purchasable","23":"product-type-simple"},"wcpa_form_fields":{"rules":{"pric_overide_base_price":false,"pric_overide_base_price_if_gt_zero":false,"pric_overide_base_price_fully":false,"pric_cal_option_once":false,"pric_use_as_fee":false,"bind_quantity":false,"quantity_bind_formula":false},"fields":[{"type":"color-group","required":true,"elementId":"wcpa-color-group-66c4a7f817afe","label":"Gr\u00f6\u00dfe","inline":true,"priceOptions":"different_for_all","pricingType":"fixed","className":"hassizechart product-shoes-size-eu product-shoes-size","name":"color-group-66c4a7f817b18","disp_type":"square","selection_type":"tick-border","disp_size":"50","show_label_inside":true,"adjust_width":true,"cart_display_type":"text","other_text":"Other","cl_rule":"show","col":6,"values":[{"label":"35","value":"EU 35","price":"","pimage":"","pimage_id":"","pthumb":"","color":""},{"label":"35.5","value":"EU 35.5","price":"","pimage":"","pimage_id":"","pthumb":"","color":""},{"label":"36","value":"EU 36","price":"","pimage":"","pimage_id":"","pthumb":"","color":"","selected":true},{"label":"36 2\/3","value":"EU 36 2\/3","price":"","pimage":"","pimage_id":"","pthumb":"","color":""},{"label":"37 1\/3","value":"EU 37 1\/3","price":"","pimage":"","pimage_id":"","pthumb":"","color":""},{"label":"38","value":"EU 38","price":"","pimage":"","pimage_id":"","pthumb":"","color":""},{"label":"38 2\/3","value":"EU 38 2\/3","price":"","pimage":"","pimage_id":"","pthumb":"","color":""},{"label":"39 1\/3","value":"EU 39 1\/3","price":"","pimage":"","pimage_id":"","pthumb":"","color":""},{"label":"40","value":"EU 40","price":"","pimage":"","pimage_id":"","pthumb":"","color":""},{"label":"40 2\/3","value":"EU 40 2\/3","price":"","pimage":"","pimage_id":"","pthumb":"","color":""},{"label":"41 1\/3","value":"EU 41 1\/3","price":"","pimage":"","pimage_id":"","pthumb":"","color":""},{"label":"42","value":"EU 42","price":"","pimage":"","pimage_id":"","pthumb":"","color":""},{"label":"42 2\/3","value":"EU 42 2\/3","price":"","pimage":"","pimage_id":"","pthumb":"","color":""},{"label":"43 1\/3","value":"EU 43 1\/3","price":"","pimage":"","pimage_id":"","pthumb":"","color":""},{"label":"44","value":"EU 44","price":"","pimage":"","pimage_id":"","pthumb":"","color":""},{"label":"44 2\/3","value":"EU 44 2\/3","price":"","pimage":"","pimage_id":"","pthumb":"","color":""},{"label":"45 1\/3","value":"EU 45 1\/3","price":"","pimage":"","pimage_id":"","pthumb":"","color":""},{"label":"46","value":"EU 46","price":"","pimage":"","pimage_id":"","pthumb":"","color":""},{"label":"46 2\/3","value":"EU 46 2\/3","price":"","pimage":"","pimage_id":"","pthumb":"","color":""},{"label":"47 1\/3","value":"EU 47 1\/3","price":"","pimage":"","pimage_id":"","pthumb":"","color":""}],"relations":[{"operator":false,"rules":[]}],"form_id":24802,"form_rules":{"pric_cal_option_once":false,"exclude_from_discount":false,"pric_use_as_fee":false,"fee_label":"Fee","render_after_acb":false,"disp_hide_options_price":false}}]},"yoast_head":"<!-- This site is optimized with the Yoast SEO plugin v26.5 - https:\/\/yoast.com\/wordpress\/plugins\/seo\/ -->\n<title>(Women) adidas Gazelle Bold &#039;Mineral Green Velvet&#039;  - Tourcruiser PTE. LTD<\/title>\n<meta name=\"robots\" content=\"index, follow, max-snippet:-1, max-image-preview:large, max-video-preview:-1\" \/>\n<link rel=\"canonical\" href=\"https:\/\/tourcruiser.com\/de\/products\/women-adidas-gazelle-bold-mineral-green-velvet\/\" \/>\n<meta property=\"og:locale\" content=\"de_DE\" \/>\n<meta property=\"og:type\" content=\"article\" \/>\n<meta property=\"og:title\" content=\"(Women) adidas Gazelle Bold &#039;Mineral Green Velvet&#039;  - Tourcruiser PTE. LTD\" \/>\n<meta property=\"og:description\" content=\"adidas Gazelle Bold \u201d\u201d Mineral Green\/Putty Grey\/Mineral Green\" \/>\n<meta property=\"og:url\" content=\"https:\/\/tourcruiser.com\/de\/products\/women-adidas-gazelle-bold-mineral-green-velvet\/\" \/>\n<meta property=\"og:site_name\" content=\"Tourcruiser Sneaker Store\" \/>\n<meta name=\"twitter:card\" content=\"summary_large_image\" \/>\n<meta name=\"twitter:image\" content=\"https:\/\/images.novelship.com\/product\/_w__adidas_gazelle_bold_ig4391_0_23435.jpeg\" \/>\n<meta name=\"twitter:label1\" content=\"Gesch\u00e4tzte Lesezeit\" \/>\n\t<meta name=\"twitter:data1\" content=\"1\u00a0Minute\" \/>\n<script type=\"application\/ld+json\" class=\"yoast-schema-graph\">{\"@context\":\"https:\/\/schema.org\",\"@graph\":[{\"@type\":\"WebPage\",\"@id\":\"https:\/\/tourcruiser.com\/de\/products\/women-adidas-gazelle-bold-mineral-green-velvet\/\",\"url\":\"https:\/\/tourcruiser.com\/de\/products\/women-adidas-gazelle-bold-mineral-green-velvet\/\",\"name\":\"(Women) adidas Gazelle Bold 'Mineral Green Velvet' - Tourcruiser PTE. LTD\",\"isPartOf\":{\"@id\":\"https:\/\/tourcruiser.com\/de\/#website\"},\"primaryImageOfPage\":{\"@id\":\"https:\/\/tourcruiser.com\/de\/products\/women-adidas-gazelle-bold-mineral-green-velvet\/#primaryimage\"},\"image\":{\"@id\":\"https:\/\/tourcruiser.com\/de\/products\/women-adidas-gazelle-bold-mineral-green-velvet\/#primaryimage\"},\"thumbnailUrl\":\"https:\/\/images.novelship.com\/product\/_w__adidas_gazelle_bold_ig4391_0_23435.jpeg\",\"datePublished\":\"2026-03-02T08:53:34+00:00\",\"breadcrumb\":{\"@id\":\"https:\/\/tourcruiser.com\/de\/products\/women-adidas-gazelle-bold-mineral-green-velvet\/#breadcrumb\"},\"inLanguage\":\"de\",\"potentialAction\":[{\"@type\":\"ReadAction\",\"target\":[\"https:\/\/tourcruiser.com\/de\/products\/women-adidas-gazelle-bold-mineral-green-velvet\/\"]}]},{\"@type\":\"ImageObject\",\"inLanguage\":\"de\",\"@id\":\"https:\/\/tourcruiser.com\/de\/products\/women-adidas-gazelle-bold-mineral-green-velvet\/#primaryimage\",\"url\":\"https:\/\/images.novelship.com\/product\/_w__adidas_gazelle_bold_ig4391_0_23435.jpeg\",\"contentUrl\":\"https:\/\/images.novelship.com\/product\/_w__adidas_gazelle_bold_ig4391_0_23435.jpeg\"},{\"@type\":\"BreadcrumbList\",\"@id\":\"https:\/\/tourcruiser.com\/de\/products\/women-adidas-gazelle-bold-mineral-green-velvet\/#breadcrumb\",\"itemListElement\":[{\"@type\":\"ListItem\",\"position\":1,\"name\":\"Home\",\"item\":\"https:\/\/tourcruiser.com\/de\/\"},{\"@type\":\"ListItem\",\"position\":2,\"name\":\"Shop\",\"item\":\"https:\/\/tourcruiser.com\/de\/shop\/\"},{\"@type\":\"ListItem\",\"position\":3,\"name\":\"(Women) adidas Gazelle Bold 'Mineral Green Velvet'\"}]},{\"@type\":\"WebSite\",\"@id\":\"https:\/\/tourcruiser.com\/de\/#website\",\"url\":\"https:\/\/tourcruiser.com\/de\/\",\"name\":\"Styloral Jewelry Shop\",\"description\":\"Tourcruiser Sneaker Store \u2014 der Ort, an dem das Universum deine Einzigartigkeit trifft.\",\"publisher\":{\"@id\":\"https:\/\/tourcruiser.com\/de\/#organization\"},\"potentialAction\":[{\"@type\":\"SearchAction\",\"target\":{\"@type\":\"EntryPoint\",\"urlTemplate\":\"https:\/\/tourcruiser.com\/de\/?s={search_term_string}\"},\"query-input\":{\"@type\":\"PropertyValueSpecification\",\"valueRequired\":true,\"valueName\":\"search_term_string\"}}],\"inLanguage\":\"de\"},{\"@type\":\"Organization\",\"@id\":\"https:\/\/tourcruiser.com\/de\/#organization\",\"name\":\"STYLORAL PTE. LTD\",\"url\":\"https:\/\/tourcruiser.com\/de\/\",\"logo\":{\"@type\":\"ImageObject\",\"inLanguage\":\"de\",\"@id\":\"https:\/\/tourcruiser.com\/de\/#\/schema\/logo\/image\/\",\"url\":\"https:\/\/www.tourcruiser.com\/wp-content\/uploads\/2025\/12\/logo.png\",\"contentUrl\":\"https:\/\/www.tourcruiser.com\/wp-content\/uploads\/2025\/12\/logo.png\",\"width\":200,\"height\":65,\"caption\":\"STYLORAL PTE. LTD\"},\"image\":{\"@id\":\"https:\/\/tourcruiser.com\/de\/#\/schema\/logo\/image\/\"}}]}<\/script>\n<!-- \/ Yoast SEO plugin. -->","yoast_head_json":{"title":"(Women) adidas Gazelle Bold 'Mineral Green Velvet'  - Tourcruiser PTE. LTD","robots":{"index":"index","follow":"follow","max-snippet":"max-snippet:-1","max-image-preview":"max-image-preview:large","max-video-preview":"max-video-preview:-1"},"canonical":"https:\/\/tourcruiser.com\/de\/products\/women-adidas-gazelle-bold-mineral-green-velvet\/","og_locale":"de_DE","og_type":"article","og_title":"(Women) adidas Gazelle Bold 'Mineral Green Velvet'  - Tourcruiser PTE. LTD","og_description":"adidas Gazelle Bold \u201d\u201d Mineral Green\/Putty Grey\/Mineral Green","og_url":"https:\/\/tourcruiser.com\/de\/products\/women-adidas-gazelle-bold-mineral-green-velvet\/","og_site_name":"Tourcruiser Sneaker Store","twitter_card":"summary_large_image","twitter_image":"https:\/\/images.novelship.com\/product\/_w__adidas_gazelle_bold_ig4391_0_23435.jpeg","twitter_misc":{"Gesch\u00e4tzte Lesezeit":"1\u00a0Minute"},"schema":{"@context":"https:\/\/schema.org","@graph":[{"@type":"WebPage","@id":"https:\/\/tourcruiser.com\/de\/products\/women-adidas-gazelle-bold-mineral-green-velvet\/","url":"https:\/\/tourcruiser.com\/de\/products\/women-adidas-gazelle-bold-mineral-green-velvet\/","name":"(Women) adidas Gazelle Bold 'Mineral Green Velvet' - Tourcruiser PTE. LTD","isPartOf":{"@id":"https:\/\/tourcruiser.com\/de\/#website"},"primaryImageOfPage":{"@id":"https:\/\/tourcruiser.com\/de\/products\/women-adidas-gazelle-bold-mineral-green-velvet\/#primaryimage"},"image":{"@id":"https:\/\/tourcruiser.com\/de\/products\/women-adidas-gazelle-bold-mineral-green-velvet\/#primaryimage"},"thumbnailUrl":"https:\/\/images.novelship.com\/product\/_w__adidas_gazelle_bold_ig4391_0_23435.jpeg","datePublished":"2026-03-02T08:53:34+00:00","breadcrumb":{"@id":"https:\/\/tourcruiser.com\/de\/products\/women-adidas-gazelle-bold-mineral-green-velvet\/#breadcrumb"},"inLanguage":"de","potentialAction":[{"@type":"ReadAction","target":["https:\/\/tourcruiser.com\/de\/products\/women-adidas-gazelle-bold-mineral-green-velvet\/"]}]},{"@type":"ImageObject","inLanguage":"de","@id":"https:\/\/tourcruiser.com\/de\/products\/women-adidas-gazelle-bold-mineral-green-velvet\/#primaryimage","url":"https:\/\/images.novelship.com\/product\/_w__adidas_gazelle_bold_ig4391_0_23435.jpeg","contentUrl":"https:\/\/images.novelship.com\/product\/_w__adidas_gazelle_bold_ig4391_0_23435.jpeg"},{"@type":"BreadcrumbList","@id":"https:\/\/tourcruiser.com\/de\/products\/women-adidas-gazelle-bold-mineral-green-velvet\/#breadcrumb","itemListElement":[{"@type":"ListItem","position":1,"name":"Home","item":"https:\/\/tourcruiser.com\/de\/"},{"@type":"ListItem","position":2,"name":"Shop","item":"https:\/\/tourcruiser.com\/de\/shop\/"},{"@type":"ListItem","position":3,"name":"(Women) adidas Gazelle Bold 'Mineral Green Velvet'"}]},{"@type":"WebSite","@id":"https:\/\/tourcruiser.com\/de\/#website","url":"https:\/\/tourcruiser.com\/de\/","name":"Styloral Jewelry Shop","description":"Tourcruiser Sneaker Store \u2014 der Ort, an dem das Universum deine Einzigartigkeit trifft.","publisher":{"@id":"https:\/\/tourcruiser.com\/de\/#organization"},"potentialAction":[{"@type":"SearchAction","target":{"@type":"EntryPoint","urlTemplate":"https:\/\/tourcruiser.com\/de\/?s={search_term_string}"},"query-input":{"@type":"PropertyValueSpecification","valueRequired":true,"valueName":"search_term_string"}}],"inLanguage":"de"},{"@type":"Organization","@id":"https:\/\/tourcruiser.com\/de\/#organization","name":"STYLORAL PTE. LTD","url":"https:\/\/tourcruiser.com\/de\/","logo":{"@type":"ImageObject","inLanguage":"de","@id":"https:\/\/tourcruiser.com\/de\/#\/schema\/logo\/image\/","url":"https:\/\/www.tourcruiser.com\/wp-content\/uploads\/2025\/12\/logo.png","contentUrl":"https:\/\/www.tourcruiser.com\/wp-content\/uploads\/2025\/12\/logo.png","width":200,"height":65,"caption":"STYLORAL PTE. LTD"},"image":{"@id":"https:\/\/tourcruiser.com\/de\/#\/schema\/logo\/image\/"}}]}},"_links":{"self":[{"href":"https:\/\/tourcruiser.com\/de\/wp-json\/wp\/v2\/product\/151948","targetHints":{"allow":["GET"]}}],"collection":[{"href":"https:\/\/tourcruiser.com\/de\/wp-json\/wp\/v2\/product"}],"about":[{"href":"https:\/\/tourcruiser.com\/de\/wp-json\/wp\/v2\/types\/product"}],"replies":[{"embeddable":true,"href":"https:\/\/tourcruiser.com\/de\/wp-json\/wp\/v2\/comments?post=151948"}],"wp:featuredmedia":[{"embeddable":true,"href":"https:\/\/tourcruiser.com\/de\/wp-json\/wp\/v2\/media\/151949"}],"wp:attachment":[{"href":"https:\/\/tourcruiser.com\/de\/wp-json\/wp\/v2\/media?parent=151948"}],"wp:term":[{"taxonomy":"product_brand","embeddable":true,"href":"https:\/\/tourcruiser.com\/de\/wp-json\/wp\/v2\/product_brand?post=151948"},{"taxonomy":"product_cat","embeddable":true,"href":"https:\/\/tourcruiser.com\/de\/wp-json\/wp\/v2\/product_cat?post=151948"},{"taxonomy":"product_tag","embeddable":true,"href":"https:\/\/tourcruiser.com\/de\/wp-json\/wp\/v2\/product_tag?post=151948"}],"curies":[{"name":"wp","href":"https:\/\/api.w.org\/{rel}","templated":true}]}}