{"id":151838,"date":"2026-03-02T15:53:19","date_gmt":"2026-03-02T08:53:19","guid":{"rendered":"http:\/\/tourcruiser.com\/product\/asics-gel-ds-trainer-14-hidden-ny-dusk-special-box-special-box-1203b148-001"},"modified":"2026-03-28T01:22:17","modified_gmt":"2026-03-27T18:22:17","slug":"asics-gel-ds-trainer-14-hidden-ny-dusk-special-box-special-box-1203b148-001","status":"publish","type":"product","link":"https:\/\/tourcruiser.com\/de\/products\/asics-gel-ds-trainer-14-hidden-ny-dusk-special-box-special-box-1203b148-001\/","title":{"rendered":"ASICS Gel-DS Trainer 14 Hidden NY Dusk (Special Box) (Special-Box)-1203B148-001"},"content":{"rendered":"<p>Der ASICS Gel-DS Trainer 14 Hidden NY Dusk Special Box Edition vereint Spitzenperformance mit elegantem, urbanem Design und bietet einen leichten und strapazierf\u00e4higen Sneaker, der sowohl deine L\u00e4ufe als auch deinen Alltagsstyle aufwertet. Dank fortschrittlicher GEL-Technologie f\u00fcr hervorragende D\u00e4mpfung und atmungsaktivem Obermaterial f\u00fcr optimalen Tragekomfort garantiert dieser Schuh maximale Funktionalit\u00e4t ohne Kompromisse bei der \u00c4sthetik. Die limitierte Farbgebung Hidden NY Dusk verleiht ihm einen modernen, dezenten Look, w\u00e4hrend die besondere Boxverpackung ihn zu einem begehrten Sammlerst\u00fcck f\u00fcr Sneaker-Fans und Sportler macht. Dieser au\u00dfergew\u00f6hnliche ASICS-Schuh vereint Innovation und zeitloses Design perfekt und ist f\u00fcr alle gemacht, die bei jedem Schritt Leistung und Stil erwarten.<\/p>\n<ul>\n<li><strong>Farbgebung:<\/strong> Schwarz\/Blau<\/li>\n<li><strong>Artikelnummer:<\/strong> (Special-Box)-1203B148-001<\/li>\n<li><strong>Farbe:<\/strong> Schwarz<\/li>\n<li><strong>Erscheinungsjahr:<\/strong> 2025<\/li>\n<\/ul>\n","protected":false},"excerpt":{"rendered":"<p>ASICS Gel-DS Trainer 14 Hidden NY Dusk \u201d\u201d Black\/Blue<\/p>\n","protected":false},"featured_media":151839,"comment_status":"open","ping_status":"closed","template":"","meta":[],"product_brand":[],"product_cat":[10792],"product_tag":[10791,10750,10754,10765,10768],"class_list":{"0":"post-151838","1":"product","2":"type-product","3":"status-publish","4":"has-post-thumbnail","6":"product_cat-asics","7":"product_tag-asics","8":"product_tag-athleisure-shoes","9":"product_tag-lifestyle-casual-shoes","10":"product_tag-lifestyle-shoes-running-inspired","11":"product_tag-retro-running-shoes","12":"wcpa_has_options","14":"first","15":"outofstock","16":"taxable","17":"shipping-taxable","18":"purchasable","19":"product-type-simple"},"wcpa_form_fields":{"rules":{"pric_overide_base_price":false,"pric_overide_base_price_if_gt_zero":false,"pric_overide_base_price_fully":false,"pric_cal_option_once":false,"pric_use_as_fee":false,"bind_quantity":false,"quantity_bind_formula":false},"fields":[{"type":"color-group","required":true,"elementId":"wcpa-color-group-69a5ab08ee12d","label":"Gr\u00f6\u00dfe","inline":true,"priceOptions":"different_for_all","pricingType":"fixed","className":"hassizechart product-shoes-size-eu product-shoes-size","name":"color-group-69a5ab08ee136","disp_type":"square","selection_type":"tick-border","disp_size":"50","show_label_inside":true,"adjust_width":true,"cart_display_type":"text","other_text":"Other","cl_rule":"show","col":6,"values":[{"label":"36","value":"EU 36","price":"","pimage":"","pimage_id":"","pthumb":"","color":"","selected":true},{"label":"37","value":"EU 37","price":"","pimage":"","pimage_id":"","pthumb":"","color":""},{"label":"37.5","value":"EU 37.5","price":"","pimage":"","pimage_id":"","pthumb":"","color":""},{"label":"38","value":"EU 38","price":"","pimage":"","pimage_id":"","pthumb":"","color":""},{"label":"38.5","value":"EU 38.5","price":"","pimage":"","pimage_id":"","pthumb":"","color":""},{"label":"39","value":"EU 39","price":"","pimage":"","pimage_id":"","pthumb":"","color":""},{"label":"39.5","value":"EU 39.5","price":"","pimage":"","pimage_id":"","pthumb":"","color":""},{"label":"40","value":"EU 40","price":"","pimage":"","pimage_id":"","pthumb":"","color":""},{"label":"40.5","value":"EU 40.5","price":"","pimage":"","pimage_id":"","pthumb":"","color":""},{"label":" 41.5","value":"EU 41.5","price":"","pimage":"","pimage_id":"","pthumb":"","color":""},{"label":"42","value":"EU 42","price":"","pimage":"","pimage_id":"","pthumb":"","color":""},{"label":"42.5","value":"EU 42.5","price":"","pimage":"","pimage_id":"","pthumb":"","color":""},{"label":"43.5","value":"EU 43.5","price":"","pimage":"","pimage_id":"","pthumb":"","color":""},{"label":"44","value":"EU 44","price":"","pimage":"","pimage_id":"","pthumb":"","color":""},{"label":"44.5","value":"EU 44.5","price":"","pimage":"","pimage_id":"","pthumb":"","color":""},{"label":"45","value":"EU 45","price":"","pimage":"","pimage_id":"","pthumb":"","color":""}],"relations":[{"operator":false,"rules":[]}],"form_id":184311,"form_rules":{"pric_cal_option_once":false,"exclude_from_discount":false,"pric_use_as_fee":false,"fee_label":"Fee","render_after_acb":false,"disp_hide_options_price":false}}]},"yoast_head":"<!-- This site is optimized with the Yoast SEO plugin v26.5 - https:\/\/yoast.com\/wordpress\/plugins\/seo\/ -->\n<title>ASICS Gel-DS Trainer 14 Hidden NY Dusk (Special Box) (Special-Box)-1203B148-001 - Tourcruiser PTE. LTD<\/title>\n<meta name=\"robots\" content=\"index, follow, max-snippet:-1, max-image-preview:large, max-video-preview:-1\" \/>\n<link rel=\"canonical\" href=\"https:\/\/tourcruiser.com\/de\/products\/asics-gel-ds-trainer-14-hidden-ny-dusk-special-box-special-box-1203b148-001\/\" \/>\n<meta property=\"og:locale\" content=\"de_DE\" \/>\n<meta property=\"og:type\" content=\"article\" \/>\n<meta property=\"og:title\" content=\"ASICS Gel-DS Trainer 14 Hidden NY Dusk (Special Box) (Special-Box)-1203B148-001 - Tourcruiser PTE. LTD\" \/>\n<meta property=\"og:description\" content=\"ASICS Gel-DS Trainer 14 Hidden NY Dusk \u201d\u201d Black\/Blue\" \/>\n<meta property=\"og:url\" content=\"https:\/\/tourcruiser.com\/de\/products\/asics-gel-ds-trainer-14-hidden-ny-dusk-special-box-special-box-1203b148-001\/\" \/>\n<meta property=\"og:site_name\" content=\"Tourcruiser Sneaker Store\" \/>\n<meta property=\"article:modified_time\" content=\"2026-03-27T18:22:17+00:00\" \/>\n<meta name=\"twitter:card\" content=\"summary_large_image\" \/>\n<meta name=\"twitter:image\" content=\"https:\/\/images.novelship.com\/product\/asics_gel-ds_trainer_14_hidden_ny_dusk__special_bo_0_15863.jpeg;https:\/\/images.novelship.com\/product\/asics_gel-ds_trainer_14_hidden_ny_dusk__special_bo_1_15863.jpeg\" \/>\n<meta name=\"twitter:label1\" content=\"Gesch\u00e4tzte Lesezeit\" \/>\n\t<meta name=\"twitter:data1\" content=\"1\u00a0Minute\" \/>\n<script type=\"application\/ld+json\" class=\"yoast-schema-graph\">{\"@context\":\"https:\/\/schema.org\",\"@graph\":[{\"@type\":\"WebPage\",\"@id\":\"https:\/\/tourcruiser.com\/de\/products\/asics-gel-ds-trainer-14-hidden-ny-dusk-special-box-special-box-1203b148-001\/\",\"url\":\"https:\/\/tourcruiser.com\/de\/products\/asics-gel-ds-trainer-14-hidden-ny-dusk-special-box-special-box-1203b148-001\/\",\"name\":\"ASICS Gel-DS Trainer 14 Hidden NY Dusk (Special Box) (Special-Box)-1203B148-001 - Tourcruiser PTE. LTD\",\"isPartOf\":{\"@id\":\"https:\/\/tourcruiser.com\/de\/#website\"},\"primaryImageOfPage\":{\"@id\":\"https:\/\/tourcruiser.com\/de\/products\/asics-gel-ds-trainer-14-hidden-ny-dusk-special-box-special-box-1203b148-001\/#primaryimage\"},\"image\":{\"@id\":\"https:\/\/tourcruiser.com\/de\/products\/asics-gel-ds-trainer-14-hidden-ny-dusk-special-box-special-box-1203b148-001\/#primaryimage\"},\"thumbnailUrl\":\"https:\/\/images.novelship.com\/product\/asics_gel-ds_trainer_14_hidden_ny_dusk__special_bo_0_15863.jpeg;https:\/\/images.novelship.com\/product\/asics_gel-ds_trainer_14_hidden_ny_dusk__special_bo_1_15863.jpeg\",\"datePublished\":\"2026-03-02T08:53:19+00:00\",\"dateModified\":\"2026-03-27T18:22:17+00:00\",\"breadcrumb\":{\"@id\":\"https:\/\/tourcruiser.com\/de\/products\/asics-gel-ds-trainer-14-hidden-ny-dusk-special-box-special-box-1203b148-001\/#breadcrumb\"},\"inLanguage\":\"de\",\"potentialAction\":[{\"@type\":\"ReadAction\",\"target\":[\"https:\/\/tourcruiser.com\/de\/products\/asics-gel-ds-trainer-14-hidden-ny-dusk-special-box-special-box-1203b148-001\/\"]}]},{\"@type\":\"ImageObject\",\"inLanguage\":\"de\",\"@id\":\"https:\/\/tourcruiser.com\/de\/products\/asics-gel-ds-trainer-14-hidden-ny-dusk-special-box-special-box-1203b148-001\/#primaryimage\",\"url\":\"https:\/\/images.novelship.com\/product\/asics_gel-ds_trainer_14_hidden_ny_dusk__special_bo_0_15863.jpeg;https:\/\/images.novelship.com\/product\/asics_gel-ds_trainer_14_hidden_ny_dusk__special_bo_1_15863.jpeg\",\"contentUrl\":\"https:\/\/images.novelship.com\/product\/asics_gel-ds_trainer_14_hidden_ny_dusk__special_bo_0_15863.jpeg;https:\/\/images.novelship.com\/product\/asics_gel-ds_trainer_14_hidden_ny_dusk__special_bo_1_15863.jpeg\"},{\"@type\":\"BreadcrumbList\",\"@id\":\"https:\/\/tourcruiser.com\/de\/products\/asics-gel-ds-trainer-14-hidden-ny-dusk-special-box-special-box-1203b148-001\/#breadcrumb\",\"itemListElement\":[{\"@type\":\"ListItem\",\"position\":1,\"name\":\"Home\",\"item\":\"https:\/\/tourcruiser.com\/de\/\"},{\"@type\":\"ListItem\",\"position\":2,\"name\":\"Shop\",\"item\":\"https:\/\/tourcruiser.com\/de\/shop\/\"},{\"@type\":\"ListItem\",\"position\":3,\"name\":\"ASICS Gel-DS Trainer 14 Hidden NY Dusk (Special Box) (Special-Box)-1203B148-001\"}]},{\"@type\":\"WebSite\",\"@id\":\"https:\/\/tourcruiser.com\/de\/#website\",\"url\":\"https:\/\/tourcruiser.com\/de\/\",\"name\":\"Styloral Jewelry Shop\",\"description\":\"Tourcruiser Sneaker Store \u2014 der Ort, an dem das Universum deine Einzigartigkeit trifft.\",\"publisher\":{\"@id\":\"https:\/\/tourcruiser.com\/de\/#organization\"},\"potentialAction\":[{\"@type\":\"SearchAction\",\"target\":{\"@type\":\"EntryPoint\",\"urlTemplate\":\"https:\/\/tourcruiser.com\/de\/?s={search_term_string}\"},\"query-input\":{\"@type\":\"PropertyValueSpecification\",\"valueRequired\":true,\"valueName\":\"search_term_string\"}}],\"inLanguage\":\"de\"},{\"@type\":\"Organization\",\"@id\":\"https:\/\/tourcruiser.com\/de\/#organization\",\"name\":\"STYLORAL PTE. LTD\",\"url\":\"https:\/\/tourcruiser.com\/de\/\",\"logo\":{\"@type\":\"ImageObject\",\"inLanguage\":\"de\",\"@id\":\"https:\/\/tourcruiser.com\/de\/#\/schema\/logo\/image\/\",\"url\":\"https:\/\/www.tourcruiser.com\/wp-content\/uploads\/2025\/12\/logo.png\",\"contentUrl\":\"https:\/\/www.tourcruiser.com\/wp-content\/uploads\/2025\/12\/logo.png\",\"width\":200,\"height\":65,\"caption\":\"STYLORAL PTE. LTD\"},\"image\":{\"@id\":\"https:\/\/tourcruiser.com\/de\/#\/schema\/logo\/image\/\"}}]}<\/script>\n<!-- \/ Yoast SEO plugin. -->","yoast_head_json":{"title":"ASICS Gel-DS Trainer 14 Hidden NY Dusk (Special Box) (Special-Box)-1203B148-001 - Tourcruiser PTE. LTD","robots":{"index":"index","follow":"follow","max-snippet":"max-snippet:-1","max-image-preview":"max-image-preview:large","max-video-preview":"max-video-preview:-1"},"canonical":"https:\/\/tourcruiser.com\/de\/products\/asics-gel-ds-trainer-14-hidden-ny-dusk-special-box-special-box-1203b148-001\/","og_locale":"de_DE","og_type":"article","og_title":"ASICS Gel-DS Trainer 14 Hidden NY Dusk (Special Box) (Special-Box)-1203B148-001 - Tourcruiser PTE. LTD","og_description":"ASICS Gel-DS Trainer 14 Hidden NY Dusk \u201d\u201d Black\/Blue","og_url":"https:\/\/tourcruiser.com\/de\/products\/asics-gel-ds-trainer-14-hidden-ny-dusk-special-box-special-box-1203b148-001\/","og_site_name":"Tourcruiser Sneaker Store","article_modified_time":"2026-03-27T18:22:17+00:00","twitter_card":"summary_large_image","twitter_image":"https:\/\/images.novelship.com\/product\/asics_gel-ds_trainer_14_hidden_ny_dusk__special_bo_0_15863.jpeg;https:\/\/images.novelship.com\/product\/asics_gel-ds_trainer_14_hidden_ny_dusk__special_bo_1_15863.jpeg","twitter_misc":{"Gesch\u00e4tzte Lesezeit":"1\u00a0Minute"},"schema":{"@context":"https:\/\/schema.org","@graph":[{"@type":"WebPage","@id":"https:\/\/tourcruiser.com\/de\/products\/asics-gel-ds-trainer-14-hidden-ny-dusk-special-box-special-box-1203b148-001\/","url":"https:\/\/tourcruiser.com\/de\/products\/asics-gel-ds-trainer-14-hidden-ny-dusk-special-box-special-box-1203b148-001\/","name":"ASICS Gel-DS Trainer 14 Hidden NY Dusk (Special Box) (Special-Box)-1203B148-001 - Tourcruiser PTE. LTD","isPartOf":{"@id":"https:\/\/tourcruiser.com\/de\/#website"},"primaryImageOfPage":{"@id":"https:\/\/tourcruiser.com\/de\/products\/asics-gel-ds-trainer-14-hidden-ny-dusk-special-box-special-box-1203b148-001\/#primaryimage"},"image":{"@id":"https:\/\/tourcruiser.com\/de\/products\/asics-gel-ds-trainer-14-hidden-ny-dusk-special-box-special-box-1203b148-001\/#primaryimage"},"thumbnailUrl":"https:\/\/images.novelship.com\/product\/asics_gel-ds_trainer_14_hidden_ny_dusk__special_bo_0_15863.jpeg;https:\/\/images.novelship.com\/product\/asics_gel-ds_trainer_14_hidden_ny_dusk__special_bo_1_15863.jpeg","datePublished":"2026-03-02T08:53:19+00:00","dateModified":"2026-03-27T18:22:17+00:00","breadcrumb":{"@id":"https:\/\/tourcruiser.com\/de\/products\/asics-gel-ds-trainer-14-hidden-ny-dusk-special-box-special-box-1203b148-001\/#breadcrumb"},"inLanguage":"de","potentialAction":[{"@type":"ReadAction","target":["https:\/\/tourcruiser.com\/de\/products\/asics-gel-ds-trainer-14-hidden-ny-dusk-special-box-special-box-1203b148-001\/"]}]},{"@type":"ImageObject","inLanguage":"de","@id":"https:\/\/tourcruiser.com\/de\/products\/asics-gel-ds-trainer-14-hidden-ny-dusk-special-box-special-box-1203b148-001\/#primaryimage","url":"https:\/\/images.novelship.com\/product\/asics_gel-ds_trainer_14_hidden_ny_dusk__special_bo_0_15863.jpeg;https:\/\/images.novelship.com\/product\/asics_gel-ds_trainer_14_hidden_ny_dusk__special_bo_1_15863.jpeg","contentUrl":"https:\/\/images.novelship.com\/product\/asics_gel-ds_trainer_14_hidden_ny_dusk__special_bo_0_15863.jpeg;https:\/\/images.novelship.com\/product\/asics_gel-ds_trainer_14_hidden_ny_dusk__special_bo_1_15863.jpeg"},{"@type":"BreadcrumbList","@id":"https:\/\/tourcruiser.com\/de\/products\/asics-gel-ds-trainer-14-hidden-ny-dusk-special-box-special-box-1203b148-001\/#breadcrumb","itemListElement":[{"@type":"ListItem","position":1,"name":"Home","item":"https:\/\/tourcruiser.com\/de\/"},{"@type":"ListItem","position":2,"name":"Shop","item":"https:\/\/tourcruiser.com\/de\/shop\/"},{"@type":"ListItem","position":3,"name":"ASICS Gel-DS Trainer 14 Hidden NY Dusk (Special Box) (Special-Box)-1203B148-001"}]},{"@type":"WebSite","@id":"https:\/\/tourcruiser.com\/de\/#website","url":"https:\/\/tourcruiser.com\/de\/","name":"Styloral Jewelry Shop","description":"Tourcruiser Sneaker Store \u2014 der Ort, an dem das Universum deine Einzigartigkeit trifft.","publisher":{"@id":"https:\/\/tourcruiser.com\/de\/#organization"},"potentialAction":[{"@type":"SearchAction","target":{"@type":"EntryPoint","urlTemplate":"https:\/\/tourcruiser.com\/de\/?s={search_term_string}"},"query-input":{"@type":"PropertyValueSpecification","valueRequired":true,"valueName":"search_term_string"}}],"inLanguage":"de"},{"@type":"Organization","@id":"https:\/\/tourcruiser.com\/de\/#organization","name":"STYLORAL PTE. LTD","url":"https:\/\/tourcruiser.com\/de\/","logo":{"@type":"ImageObject","inLanguage":"de","@id":"https:\/\/tourcruiser.com\/de\/#\/schema\/logo\/image\/","url":"https:\/\/www.tourcruiser.com\/wp-content\/uploads\/2025\/12\/logo.png","contentUrl":"https:\/\/www.tourcruiser.com\/wp-content\/uploads\/2025\/12\/logo.png","width":200,"height":65,"caption":"STYLORAL PTE. LTD"},"image":{"@id":"https:\/\/tourcruiser.com\/de\/#\/schema\/logo\/image\/"}}]}},"_links":{"self":[{"href":"https:\/\/tourcruiser.com\/de\/wp-json\/wp\/v2\/product\/151838","targetHints":{"allow":["GET"]}}],"collection":[{"href":"https:\/\/tourcruiser.com\/de\/wp-json\/wp\/v2\/product"}],"about":[{"href":"https:\/\/tourcruiser.com\/de\/wp-json\/wp\/v2\/types\/product"}],"replies":[{"embeddable":true,"href":"https:\/\/tourcruiser.com\/de\/wp-json\/wp\/v2\/comments?post=151838"}],"wp:featuredmedia":[{"embeddable":true,"href":"https:\/\/tourcruiser.com\/de\/wp-json\/wp\/v2\/media\/151839"}],"wp:attachment":[{"href":"https:\/\/tourcruiser.com\/de\/wp-json\/wp\/v2\/media?parent=151838"}],"wp:term":[{"taxonomy":"product_brand","embeddable":true,"href":"https:\/\/tourcruiser.com\/de\/wp-json\/wp\/v2\/product_brand?post=151838"},{"taxonomy":"product_cat","embeddable":true,"href":"https:\/\/tourcruiser.com\/de\/wp-json\/wp\/v2\/product_cat?post=151838"},{"taxonomy":"product_tag","embeddable":true,"href":"https:\/\/tourcruiser.com\/de\/wp-json\/wp\/v2\/product_tag?post=151838"}],"curies":[{"name":"wp","href":"https:\/\/api.w.org\/{rel}","templated":true}]}}