{"id":151627,"date":"2026-03-02T15:53:02","date_gmt":"2026-03-02T08:53:02","guid":{"rendered":"http:\/\/tourcruiser.com\/product\/asics-magic-speed-5-wide-running-shoes-cobalt-burstwhite"},"modified":"2026-03-28T01:22:10","modified_gmt":"2026-03-27T18:22:10","slug":"asics-magic-speed-5-wide-running-shoes-cobalt-burstwhite","status":"publish","type":"product","link":"https:\/\/tourcruiser.com\/de\/products\/asics-magic-speed-5-wide-running-shoes-cobalt-burstwhite\/","title":{"rendered":"ASICS MAGIC SPEED 5 WIDE Running Shoes Cobalt Burst\/White"},"content":{"rendered":"<p>Verbessere dein Lauferlebnis mit den ASICS MAGIC SPEED 5 WIDE Laufschuhen in Cobalt Burst\/Wei\u00df. Diese Schuhe wurden f\u00fcr Athleten entwickelt, die Wert auf Geschwindigkeit und Komfort legen, und bieten die perfekte Kombination aus geringem Gewicht, reaktionsfreudiger D\u00e4mpfung und verbesserter D\u00e4mpfung. Die breite Passform sorgt f\u00fcr optimalen Komfort und Stabilit\u00e4t bei unterschiedlichen Fu\u00dfformen. Dank modernster Technologie f\u00fcr energieeffiziente Schritte sind sie ideal f\u00fcr Wettk\u00e4mpfe und das t\u00e4gliche Training. Steigere deine Laufleistung weltweit mit ASICS&#8216; bew\u00e4hrtem Qualit\u00e4ts- und Innovationsversprechen.<\/p>\n<ul>\n<li><strong>Farbgebung:<\/strong> Cobalt Burst\/Wei\u00df<\/li>\n<li><strong>Artikelnummer:<\/strong> 1013A184-400<\/li>\n<li><strong>Farbe:<\/strong> Blau<\/li>\n<\/ul>\n","protected":false},"excerpt":{"rendered":"<p>ASICS MAGIC SPEED 5 WIDE \u201d\u201d Cobalt Burst\/White<\/p>\n","protected":false},"featured_media":151628,"comment_status":"open","ping_status":"closed","template":"","meta":[],"product_brand":[],"product_cat":[10792],"product_tag":[10791,10839,10802,10840,10758,11692],"class_list":{"0":"post-151627","1":"product","2":"type-product","3":"status-publish","4":"has-post-thumbnail","6":"product_cat-asics","7":"product_tag-asics","8":"product_tag-performance-running-shoes","9":"product_tag-performance-sport-shoes","10":"product_tag-running-shoes","11":"product_tag-under-retail","12":"product_tag-wide-running-shoes","13":"wcpa_has_options","15":"first","16":"outofstock","17":"sale","18":"taxable","19":"shipping-taxable","20":"purchasable","21":"product-type-simple"},"wcpa_form_fields":{"rules":{"pric_overide_base_price":false,"pric_overide_base_price_if_gt_zero":false,"pric_overide_base_price_fully":false,"pric_cal_option_once":false,"pric_use_as_fee":false,"bind_quantity":false,"quantity_bind_formula":false},"fields":[{"type":"color-group","required":true,"elementId":"wcpa-color-group-69a5ab08ee12d","label":"Gr\u00f6\u00dfe","inline":true,"priceOptions":"different_for_all","pricingType":"fixed","className":"hassizechart product-shoes-size-eu product-shoes-size","name":"color-group-69a5ab08ee136","disp_type":"square","selection_type":"tick-border","disp_size":"50","show_label_inside":true,"adjust_width":true,"cart_display_type":"text","other_text":"Other","cl_rule":"show","col":6,"values":[{"label":"36","value":"EU 36","price":"","pimage":"","pimage_id":"","pthumb":"","color":"","selected":true},{"label":"37","value":"EU 37","price":"","pimage":"","pimage_id":"","pthumb":"","color":""},{"label":"37.5","value":"EU 37.5","price":"","pimage":"","pimage_id":"","pthumb":"","color":""},{"label":"38","value":"EU 38","price":"","pimage":"","pimage_id":"","pthumb":"","color":""},{"label":"38.5","value":"EU 38.5","price":"","pimage":"","pimage_id":"","pthumb":"","color":""},{"label":"39","value":"EU 39","price":"","pimage":"","pimage_id":"","pthumb":"","color":""},{"label":"39.5","value":"EU 39.5","price":"","pimage":"","pimage_id":"","pthumb":"","color":""},{"label":"40","value":"EU 40","price":"","pimage":"","pimage_id":"","pthumb":"","color":""},{"label":"40.5","value":"EU 40.5","price":"","pimage":"","pimage_id":"","pthumb":"","color":""},{"label":" 41.5","value":"EU 41.5","price":"","pimage":"","pimage_id":"","pthumb":"","color":""},{"label":"42","value":"EU 42","price":"","pimage":"","pimage_id":"","pthumb":"","color":""},{"label":"42.5","value":"EU 42.5","price":"","pimage":"","pimage_id":"","pthumb":"","color":""},{"label":"43.5","value":"EU 43.5","price":"","pimage":"","pimage_id":"","pthumb":"","color":""},{"label":"44","value":"EU 44","price":"","pimage":"","pimage_id":"","pthumb":"","color":""},{"label":"44.5","value":"EU 44.5","price":"","pimage":"","pimage_id":"","pthumb":"","color":""},{"label":"45","value":"EU 45","price":"","pimage":"","pimage_id":"","pthumb":"","color":""}],"relations":[{"operator":false,"rules":[]}],"form_id":184311,"form_rules":{"pric_cal_option_once":false,"exclude_from_discount":false,"pric_use_as_fee":false,"fee_label":"Fee","render_after_acb":false,"disp_hide_options_price":false}}]},"yoast_head":"<!-- This site is optimized with the Yoast SEO plugin v26.5 - https:\/\/yoast.com\/wordpress\/plugins\/seo\/ -->\n<title>ASICS MAGIC SPEED 5 WIDE Running Shoes Cobalt Burst\/White  - Tourcruiser PTE. LTD<\/title>\n<meta name=\"robots\" content=\"index, follow, max-snippet:-1, max-image-preview:large, max-video-preview:-1\" \/>\n<link rel=\"canonical\" href=\"https:\/\/tourcruiser.com\/de\/products\/asics-magic-speed-5-wide-running-shoes-cobalt-burstwhite\/\" \/>\n<meta property=\"og:locale\" content=\"de_DE\" \/>\n<meta property=\"og:type\" content=\"article\" \/>\n<meta property=\"og:title\" content=\"ASICS MAGIC SPEED 5 WIDE Running Shoes Cobalt Burst\/White  - Tourcruiser PTE. LTD\" \/>\n<meta property=\"og:description\" content=\"ASICS MAGIC SPEED 5 WIDE \u201d\u201d Cobalt Burst\/White\" \/>\n<meta property=\"og:url\" content=\"https:\/\/tourcruiser.com\/de\/products\/asics-magic-speed-5-wide-running-shoes-cobalt-burstwhite\/\" \/>\n<meta property=\"og:site_name\" content=\"Tourcruiser Sneaker Store\" \/>\n<meta property=\"article:modified_time\" content=\"2026-03-27T18:22:10+00:00\" \/>\n<meta name=\"twitter:card\" content=\"summary_large_image\" \/>\n<meta name=\"twitter:image\" content=\"https:\/\/images.novelship.com\/product\/asics_magic_speed_5_wide_running_shoes_cobalt_burs_0_3668.jpeg;https:\/\/images.novelship.com\/product\/asics_magic_speed_5_wide_running_shoes_cobalt_burs_1_3668.jpeg;https:\/\/images.novelship.com\/product\/asics_magic_speed_5_wide_running_shoes_cobalt_burs_2_3668.jpeg;https:\/\/images.novelship.com\/product\/asics_magic_speed_5_wide_running_shoes_cobalt_burs_3_3668.jpeg;https:\/\/images.novelship.com\/product\/asics_magic_speed_5_wide_running_shoes_cobalt_burs_4_3668.jpeg;https:\/\/images.novelship.com\/product\/asics_magic_speed_5_wide_running_shoes_cobalt_burs_5_3668.jpeg;https:\/\/images.novelship.com\/product\/asics_magic_speed_5_wide_running_shoes_cobalt_burs_6_3668.jpeg;https:\/\/images.novelship.com\/product\/asics_magic_speed_5_wide_running_shoes_cobalt_burs_7_3668.jpeg\" \/>\n<script type=\"application\/ld+json\" class=\"yoast-schema-graph\">{\"@context\":\"https:\/\/schema.org\",\"@graph\":[{\"@type\":\"WebPage\",\"@id\":\"https:\/\/tourcruiser.com\/de\/products\/asics-magic-speed-5-wide-running-shoes-cobalt-burstwhite\/\",\"url\":\"https:\/\/tourcruiser.com\/de\/products\/asics-magic-speed-5-wide-running-shoes-cobalt-burstwhite\/\",\"name\":\"ASICS MAGIC SPEED 5 WIDE Running Shoes Cobalt Burst\/White - Tourcruiser PTE. LTD\",\"isPartOf\":{\"@id\":\"https:\/\/tourcruiser.com\/de\/#website\"},\"primaryImageOfPage\":{\"@id\":\"https:\/\/tourcruiser.com\/de\/products\/asics-magic-speed-5-wide-running-shoes-cobalt-burstwhite\/#primaryimage\"},\"image\":{\"@id\":\"https:\/\/tourcruiser.com\/de\/products\/asics-magic-speed-5-wide-running-shoes-cobalt-burstwhite\/#primaryimage\"},\"thumbnailUrl\":\"https:\/\/images.novelship.com\/product\/asics_magic_speed_5_wide_running_shoes_cobalt_burs_0_3668.jpeg;https:\/\/images.novelship.com\/product\/asics_magic_speed_5_wide_running_shoes_cobalt_burs_1_3668.jpeg;https:\/\/images.novelship.com\/product\/asics_magic_speed_5_wide_running_shoes_cobalt_burs_2_3668.jpeg;https:\/\/images.novelship.com\/product\/asics_magic_speed_5_wide_running_shoes_cobalt_burs_3_3668.jpeg;https:\/\/images.novelship.com\/product\/asics_magic_speed_5_wide_running_shoes_cobalt_burs_4_3668.jpeg;https:\/\/images.novelship.com\/product\/asics_magic_speed_5_wide_running_shoes_cobalt_burs_5_3668.jpeg;https:\/\/images.novelship.com\/product\/asics_magic_speed_5_wide_running_shoes_cobalt_burs_6_3668.jpeg;https:\/\/images.novelship.com\/product\/asics_magic_speed_5_wide_running_shoes_cobalt_burs_7_3668.jpeg\",\"datePublished\":\"2026-03-02T08:53:02+00:00\",\"dateModified\":\"2026-03-27T18:22:10+00:00\",\"breadcrumb\":{\"@id\":\"https:\/\/tourcruiser.com\/de\/products\/asics-magic-speed-5-wide-running-shoes-cobalt-burstwhite\/#breadcrumb\"},\"inLanguage\":\"de\",\"potentialAction\":[{\"@type\":\"ReadAction\",\"target\":[\"https:\/\/tourcruiser.com\/de\/products\/asics-magic-speed-5-wide-running-shoes-cobalt-burstwhite\/\"]}]},{\"@type\":\"ImageObject\",\"inLanguage\":\"de\",\"@id\":\"https:\/\/tourcruiser.com\/de\/products\/asics-magic-speed-5-wide-running-shoes-cobalt-burstwhite\/#primaryimage\",\"url\":\"https:\/\/images.novelship.com\/product\/asics_magic_speed_5_wide_running_shoes_cobalt_burs_0_3668.jpeg;https:\/\/images.novelship.com\/product\/asics_magic_speed_5_wide_running_shoes_cobalt_burs_1_3668.jpeg;https:\/\/images.novelship.com\/product\/asics_magic_speed_5_wide_running_shoes_cobalt_burs_2_3668.jpeg;https:\/\/images.novelship.com\/product\/asics_magic_speed_5_wide_running_shoes_cobalt_burs_3_3668.jpeg;https:\/\/images.novelship.com\/product\/asics_magic_speed_5_wide_running_shoes_cobalt_burs_4_3668.jpeg;https:\/\/images.novelship.com\/product\/asics_magic_speed_5_wide_running_shoes_cobalt_burs_5_3668.jpeg;https:\/\/images.novelship.com\/product\/asics_magic_speed_5_wide_running_shoes_cobalt_burs_6_3668.jpeg;https:\/\/images.novelship.com\/product\/asics_magic_speed_5_wide_running_shoes_cobalt_burs_7_3668.jpeg\",\"contentUrl\":\"https:\/\/images.novelship.com\/product\/asics_magic_speed_5_wide_running_shoes_cobalt_burs_0_3668.jpeg;https:\/\/images.novelship.com\/product\/asics_magic_speed_5_wide_running_shoes_cobalt_burs_1_3668.jpeg;https:\/\/images.novelship.com\/product\/asics_magic_speed_5_wide_running_shoes_cobalt_burs_2_3668.jpeg;https:\/\/images.novelship.com\/product\/asics_magic_speed_5_wide_running_shoes_cobalt_burs_3_3668.jpeg;https:\/\/images.novelship.com\/product\/asics_magic_speed_5_wide_running_shoes_cobalt_burs_4_3668.jpeg;https:\/\/images.novelship.com\/product\/asics_magic_speed_5_wide_running_shoes_cobalt_burs_5_3668.jpeg;https:\/\/images.novelship.com\/product\/asics_magic_speed_5_wide_running_shoes_cobalt_burs_6_3668.jpeg;https:\/\/images.novelship.com\/product\/asics_magic_speed_5_wide_running_shoes_cobalt_burs_7_3668.jpeg\"},{\"@type\":\"BreadcrumbList\",\"@id\":\"https:\/\/tourcruiser.com\/de\/products\/asics-magic-speed-5-wide-running-shoes-cobalt-burstwhite\/#breadcrumb\",\"itemListElement\":[{\"@type\":\"ListItem\",\"position\":1,\"name\":\"Home\",\"item\":\"https:\/\/tourcruiser.com\/de\/\"},{\"@type\":\"ListItem\",\"position\":2,\"name\":\"Shop\",\"item\":\"https:\/\/tourcruiser.com\/de\/shop\/\"},{\"@type\":\"ListItem\",\"position\":3,\"name\":\"ASICS MAGIC SPEED 5 WIDE Running Shoes Cobalt Burst\/White\"}]},{\"@type\":\"WebSite\",\"@id\":\"https:\/\/tourcruiser.com\/de\/#website\",\"url\":\"https:\/\/tourcruiser.com\/de\/\",\"name\":\"Styloral Jewelry Shop\",\"description\":\"Tourcruiser Sneaker Store \u2014 der Ort, an dem das Universum deine Einzigartigkeit trifft.\",\"publisher\":{\"@id\":\"https:\/\/tourcruiser.com\/de\/#organization\"},\"potentialAction\":[{\"@type\":\"SearchAction\",\"target\":{\"@type\":\"EntryPoint\",\"urlTemplate\":\"https:\/\/tourcruiser.com\/de\/?s={search_term_string}\"},\"query-input\":{\"@type\":\"PropertyValueSpecification\",\"valueRequired\":true,\"valueName\":\"search_term_string\"}}],\"inLanguage\":\"de\"},{\"@type\":\"Organization\",\"@id\":\"https:\/\/tourcruiser.com\/de\/#organization\",\"name\":\"STYLORAL PTE. LTD\",\"url\":\"https:\/\/tourcruiser.com\/de\/\",\"logo\":{\"@type\":\"ImageObject\",\"inLanguage\":\"de\",\"@id\":\"https:\/\/tourcruiser.com\/de\/#\/schema\/logo\/image\/\",\"url\":\"https:\/\/www.tourcruiser.com\/wp-content\/uploads\/2025\/12\/logo.png\",\"contentUrl\":\"https:\/\/www.tourcruiser.com\/wp-content\/uploads\/2025\/12\/logo.png\",\"width\":200,\"height\":65,\"caption\":\"STYLORAL PTE. LTD\"},\"image\":{\"@id\":\"https:\/\/tourcruiser.com\/de\/#\/schema\/logo\/image\/\"}}]}<\/script>\n<!-- \/ Yoast SEO plugin. -->","yoast_head_json":{"title":"ASICS MAGIC SPEED 5 WIDE Running Shoes Cobalt Burst\/White  - Tourcruiser PTE. LTD","robots":{"index":"index","follow":"follow","max-snippet":"max-snippet:-1","max-image-preview":"max-image-preview:large","max-video-preview":"max-video-preview:-1"},"canonical":"https:\/\/tourcruiser.com\/de\/products\/asics-magic-speed-5-wide-running-shoes-cobalt-burstwhite\/","og_locale":"de_DE","og_type":"article","og_title":"ASICS MAGIC SPEED 5 WIDE Running Shoes Cobalt Burst\/White  - Tourcruiser PTE. LTD","og_description":"ASICS MAGIC SPEED 5 WIDE \u201d\u201d Cobalt Burst\/White","og_url":"https:\/\/tourcruiser.com\/de\/products\/asics-magic-speed-5-wide-running-shoes-cobalt-burstwhite\/","og_site_name":"Tourcruiser Sneaker Store","article_modified_time":"2026-03-27T18:22:10+00:00","twitter_card":"summary_large_image","twitter_image":"https:\/\/images.novelship.com\/product\/asics_magic_speed_5_wide_running_shoes_cobalt_burs_0_3668.jpeg;https:\/\/images.novelship.com\/product\/asics_magic_speed_5_wide_running_shoes_cobalt_burs_1_3668.jpeg;https:\/\/images.novelship.com\/product\/asics_magic_speed_5_wide_running_shoes_cobalt_burs_2_3668.jpeg;https:\/\/images.novelship.com\/product\/asics_magic_speed_5_wide_running_shoes_cobalt_burs_3_3668.jpeg;https:\/\/images.novelship.com\/product\/asics_magic_speed_5_wide_running_shoes_cobalt_burs_4_3668.jpeg;https:\/\/images.novelship.com\/product\/asics_magic_speed_5_wide_running_shoes_cobalt_burs_5_3668.jpeg;https:\/\/images.novelship.com\/product\/asics_magic_speed_5_wide_running_shoes_cobalt_burs_6_3668.jpeg;https:\/\/images.novelship.com\/product\/asics_magic_speed_5_wide_running_shoes_cobalt_burs_7_3668.jpeg","schema":{"@context":"https:\/\/schema.org","@graph":[{"@type":"WebPage","@id":"https:\/\/tourcruiser.com\/de\/products\/asics-magic-speed-5-wide-running-shoes-cobalt-burstwhite\/","url":"https:\/\/tourcruiser.com\/de\/products\/asics-magic-speed-5-wide-running-shoes-cobalt-burstwhite\/","name":"ASICS MAGIC SPEED 5 WIDE Running Shoes Cobalt Burst\/White - Tourcruiser PTE. LTD","isPartOf":{"@id":"https:\/\/tourcruiser.com\/de\/#website"},"primaryImageOfPage":{"@id":"https:\/\/tourcruiser.com\/de\/products\/asics-magic-speed-5-wide-running-shoes-cobalt-burstwhite\/#primaryimage"},"image":{"@id":"https:\/\/tourcruiser.com\/de\/products\/asics-magic-speed-5-wide-running-shoes-cobalt-burstwhite\/#primaryimage"},"thumbnailUrl":"https:\/\/images.novelship.com\/product\/asics_magic_speed_5_wide_running_shoes_cobalt_burs_0_3668.jpeg;https:\/\/images.novelship.com\/product\/asics_magic_speed_5_wide_running_shoes_cobalt_burs_1_3668.jpeg;https:\/\/images.novelship.com\/product\/asics_magic_speed_5_wide_running_shoes_cobalt_burs_2_3668.jpeg;https:\/\/images.novelship.com\/product\/asics_magic_speed_5_wide_running_shoes_cobalt_burs_3_3668.jpeg;https:\/\/images.novelship.com\/product\/asics_magic_speed_5_wide_running_shoes_cobalt_burs_4_3668.jpeg;https:\/\/images.novelship.com\/product\/asics_magic_speed_5_wide_running_shoes_cobalt_burs_5_3668.jpeg;https:\/\/images.novelship.com\/product\/asics_magic_speed_5_wide_running_shoes_cobalt_burs_6_3668.jpeg;https:\/\/images.novelship.com\/product\/asics_magic_speed_5_wide_running_shoes_cobalt_burs_7_3668.jpeg","datePublished":"2026-03-02T08:53:02+00:00","dateModified":"2026-03-27T18:22:10+00:00","breadcrumb":{"@id":"https:\/\/tourcruiser.com\/de\/products\/asics-magic-speed-5-wide-running-shoes-cobalt-burstwhite\/#breadcrumb"},"inLanguage":"de","potentialAction":[{"@type":"ReadAction","target":["https:\/\/tourcruiser.com\/de\/products\/asics-magic-speed-5-wide-running-shoes-cobalt-burstwhite\/"]}]},{"@type":"ImageObject","inLanguage":"de","@id":"https:\/\/tourcruiser.com\/de\/products\/asics-magic-speed-5-wide-running-shoes-cobalt-burstwhite\/#primaryimage","url":"https:\/\/images.novelship.com\/product\/asics_magic_speed_5_wide_running_shoes_cobalt_burs_0_3668.jpeg;https:\/\/images.novelship.com\/product\/asics_magic_speed_5_wide_running_shoes_cobalt_burs_1_3668.jpeg;https:\/\/images.novelship.com\/product\/asics_magic_speed_5_wide_running_shoes_cobalt_burs_2_3668.jpeg;https:\/\/images.novelship.com\/product\/asics_magic_speed_5_wide_running_shoes_cobalt_burs_3_3668.jpeg;https:\/\/images.novelship.com\/product\/asics_magic_speed_5_wide_running_shoes_cobalt_burs_4_3668.jpeg;https:\/\/images.novelship.com\/product\/asics_magic_speed_5_wide_running_shoes_cobalt_burs_5_3668.jpeg;https:\/\/images.novelship.com\/product\/asics_magic_speed_5_wide_running_shoes_cobalt_burs_6_3668.jpeg;https:\/\/images.novelship.com\/product\/asics_magic_speed_5_wide_running_shoes_cobalt_burs_7_3668.jpeg","contentUrl":"https:\/\/images.novelship.com\/product\/asics_magic_speed_5_wide_running_shoes_cobalt_burs_0_3668.jpeg;https:\/\/images.novelship.com\/product\/asics_magic_speed_5_wide_running_shoes_cobalt_burs_1_3668.jpeg;https:\/\/images.novelship.com\/product\/asics_magic_speed_5_wide_running_shoes_cobalt_burs_2_3668.jpeg;https:\/\/images.novelship.com\/product\/asics_magic_speed_5_wide_running_shoes_cobalt_burs_3_3668.jpeg;https:\/\/images.novelship.com\/product\/asics_magic_speed_5_wide_running_shoes_cobalt_burs_4_3668.jpeg;https:\/\/images.novelship.com\/product\/asics_magic_speed_5_wide_running_shoes_cobalt_burs_5_3668.jpeg;https:\/\/images.novelship.com\/product\/asics_magic_speed_5_wide_running_shoes_cobalt_burs_6_3668.jpeg;https:\/\/images.novelship.com\/product\/asics_magic_speed_5_wide_running_shoes_cobalt_burs_7_3668.jpeg"},{"@type":"BreadcrumbList","@id":"https:\/\/tourcruiser.com\/de\/products\/asics-magic-speed-5-wide-running-shoes-cobalt-burstwhite\/#breadcrumb","itemListElement":[{"@type":"ListItem","position":1,"name":"Home","item":"https:\/\/tourcruiser.com\/de\/"},{"@type":"ListItem","position":2,"name":"Shop","item":"https:\/\/tourcruiser.com\/de\/shop\/"},{"@type":"ListItem","position":3,"name":"ASICS MAGIC SPEED 5 WIDE Running Shoes Cobalt Burst\/White"}]},{"@type":"WebSite","@id":"https:\/\/tourcruiser.com\/de\/#website","url":"https:\/\/tourcruiser.com\/de\/","name":"Styloral Jewelry Shop","description":"Tourcruiser Sneaker Store \u2014 der Ort, an dem das Universum deine Einzigartigkeit trifft.","publisher":{"@id":"https:\/\/tourcruiser.com\/de\/#organization"},"potentialAction":[{"@type":"SearchAction","target":{"@type":"EntryPoint","urlTemplate":"https:\/\/tourcruiser.com\/de\/?s={search_term_string}"},"query-input":{"@type":"PropertyValueSpecification","valueRequired":true,"valueName":"search_term_string"}}],"inLanguage":"de"},{"@type":"Organization","@id":"https:\/\/tourcruiser.com\/de\/#organization","name":"STYLORAL PTE. LTD","url":"https:\/\/tourcruiser.com\/de\/","logo":{"@type":"ImageObject","inLanguage":"de","@id":"https:\/\/tourcruiser.com\/de\/#\/schema\/logo\/image\/","url":"https:\/\/www.tourcruiser.com\/wp-content\/uploads\/2025\/12\/logo.png","contentUrl":"https:\/\/www.tourcruiser.com\/wp-content\/uploads\/2025\/12\/logo.png","width":200,"height":65,"caption":"STYLORAL PTE. LTD"},"image":{"@id":"https:\/\/tourcruiser.com\/de\/#\/schema\/logo\/image\/"}}]}},"_links":{"self":[{"href":"https:\/\/tourcruiser.com\/de\/wp-json\/wp\/v2\/product\/151627","targetHints":{"allow":["GET"]}}],"collection":[{"href":"https:\/\/tourcruiser.com\/de\/wp-json\/wp\/v2\/product"}],"about":[{"href":"https:\/\/tourcruiser.com\/de\/wp-json\/wp\/v2\/types\/product"}],"replies":[{"embeddable":true,"href":"https:\/\/tourcruiser.com\/de\/wp-json\/wp\/v2\/comments?post=151627"}],"wp:featuredmedia":[{"embeddable":true,"href":"https:\/\/tourcruiser.com\/de\/wp-json\/wp\/v2\/media\/151628"}],"wp:attachment":[{"href":"https:\/\/tourcruiser.com\/de\/wp-json\/wp\/v2\/media?parent=151627"}],"wp:term":[{"taxonomy":"product_brand","embeddable":true,"href":"https:\/\/tourcruiser.com\/de\/wp-json\/wp\/v2\/product_brand?post=151627"},{"taxonomy":"product_cat","embeddable":true,"href":"https:\/\/tourcruiser.com\/de\/wp-json\/wp\/v2\/product_cat?post=151627"},{"taxonomy":"product_tag","embeddable":true,"href":"https:\/\/tourcruiser.com\/de\/wp-json\/wp\/v2\/product_tag?post=151627"}],"curies":[{"name":"wp","href":"https:\/\/api.w.org\/{rel}","templated":true}]}}