{"id":151421,"date":"2026-03-02T15:52:43","date_gmt":"2026-03-02T08:52:43","guid":{"rendered":"http:\/\/tourcruiser.com\/product\/nike-shox-tl-black-celestine-blue"},"modified":"2026-03-28T01:21:55","modified_gmt":"2026-03-27T18:21:55","slug":"nike-shox-tl-black-celestine-blue","status":"publish","type":"product","link":"https:\/\/tourcruiser.com\/de\/products\/nike-shox-tl-black-celestine-blue\/","title":{"rendered":"Nike Shox TL &#8218;Black Celestine Blue&#8216;"},"content":{"rendered":"<p>Mit dem Nike Shox TL &#8218;Black Celestine Blue&#8216; IF6202-002, einem innovativen Sneaker, der futuristisches Design mit unvergleichlichem Tragekomfort vereint, steigerst du Style und Performance. Ausgestattet mit dem legend\u00e4ren Shox-D\u00e4mpfungssystem bietet dieser Schuh au\u00dfergew\u00f6hnliche Sto\u00dfd\u00e4mpfung f\u00fcr ein geschmeidiges, reaktionsfreudiges Laufgef\u00fchl. Das elegante schwarze Obermaterial mit markanten celestine-blauen Akzenten sorgt f\u00fcr einen unverwechselbaren Look. Das atmungsaktive Mesh-Material bietet dauerhaften Komfort, und die strapazierf\u00e4hige Au\u00dfensohle bietet hervorragende Traktion f\u00fcr Freizeit und Sport. Der Nike Shox TL &#8218;Black Celestine Blue&#8216; wurde f\u00fcr alle entwickelt, die bei Innovation und Style keine Kompromisse eingehen wollen und ist perfekt f\u00fcr die Stadt, das Fitnessstudio oder entspannte Ausfl\u00fcge. Mit seiner markanten \u00c4sthetik und fortschrittlichen Technologie verk\u00f6rpert dieser Sneaker moderne Sportlichkeit und ist damit ein Must-have f\u00fcr jede Schuhsammlung. Erlebe die Zukunft von Komfort und Style mit dem Nike Shox TL \u201eBlack Celestine Blue\u201c.<\/p>\n<ul>\n<li><strong>Farbgebung:<\/strong> Schwarz\/Celestine Blue\/Cool Grey<\/li>\n<li><strong>Style-Code:<\/strong> IF6202-002<\/li>\n<li><strong>Obermaterial:<\/strong> Mesh<\/li>\n<li><strong>Mittelsohle:<\/strong> Shox<\/li>\n<li><strong>Farbe:<\/strong> Schwarz<\/li>\n<li><strong>Designer:<\/strong> Eric Avar<\/li>\n<li><strong>Erscheinungsjahr:<\/strong> 2025<\/li>\n<\/ul>\n","protected":false},"excerpt":{"rendered":"<p>Nike Shox TL \u201d\u201d Black\/Celestine Blue\/Cool Grey<\/p>\n","protected":false},"featured_media":151422,"comment_status":"open","ping_status":"closed","template":"","meta":[],"product_brand":[],"product_cat":[10803],"product_tag":[10750,10754,10765,10801,10768],"class_list":{"0":"post-151421","1":"product","2":"type-product","3":"status-publish","4":"has-post-thumbnail","6":"product_cat-nike","7":"product_tag-athleisure-shoes","8":"product_tag-lifestyle-casual-shoes","9":"product_tag-lifestyle-shoes-running-inspired","10":"product_tag-nike","11":"product_tag-retro-running-shoes","12":"wcpa_has_options","14":"first","15":"outofstock","16":"taxable","17":"shipping-taxable","18":"purchasable","19":"product-type-simple"},"wcpa_form_fields":{"rules":{"pric_overide_base_price":false,"pric_overide_base_price_if_gt_zero":false,"pric_overide_base_price_fully":false,"pric_cal_option_once":false,"pric_use_as_fee":false,"bind_quantity":false,"quantity_bind_formula":false},"fields":[{"type":"color-group","required":true,"elementId":"wcpa-color-group-66c4a75505e74","label":"Gr\u00f6\u00dfe - EU Gr\u00f6\u00dfe","inline":true,"priceOptions":"different_for_all","pricingType":"fixed","className":"hassizechart product-shoes-size-eu product-shoes-size","name":"color-group-66c4a75505e89","disp_type":"square","selection_type":"tick-border","disp_size":"44","show_label_inside":true,"adjust_width":true,"cart_display_type":"text","other_text":"Other","cl_rule":"show","col":6,"values":[{"label":"35.5","value":"EU 35.5","price":"","pimage":"","pimage_id":"","pthumb":"","color":""},{"label":"36","value":"EU 36","price":"","pimage":"","pimage_id":"","pthumb":"","color":"","selected":true},{"label":"36.5","value":"EU 36.5","price":"","pimage":"","pimage_id":"","pthumb":"","color":""},{"label":"37.5","value":"EU 37.5","price":"","pimage":"","pimage_id":"","pthumb":"","color":""},{"label":"38","value":"EU 38","price":"","pimage":"","pimage_id":"","pthumb":"","color":""},{"label":"38.5","value":"EU 38.5","price":"","pimage":"","pimage_id":"","pthumb":"","color":""},{"label":"39","value":"EU 39","price":"","pimage":"","pimage_id":"","pthumb":"","color":""},{"label":"40","value":"EU 40","price":"","pimage":"","pimage_id":"","pthumb":"","color":""},{"label":"40.5","value":"EU 40.5","price":"","pimage":"","pimage_id":"","pthumb":"","color":""},{"label":"41","value":"EU 41","price":"","pimage":"","pimage_id":"","pthumb":"","color":""},{"label":"42","value":"EU 42","price":"","pimage":"","pimage_id":"","pthumb":"","color":""},{"label":"42.5","value":"EU 42.5","price":"","pimage":"","pimage_id":"","pthumb":"","color":""},{"label":"43","value":"EU 43","price":"","pimage":"","pimage_id":"","pthumb":"","color":""},{"label":"44","value":"EU 44","price":"","pimage":"","pimage_id":"","pthumb":"","color":""},{"label":"44.5","value":"EU 44.5","price":"","pimage":"","pimage_id":"","pthumb":"","color":""},{"label":"45","value":"EU 45","price":"","pimage":"","pimage_id":"","pthumb":"","color":""},{"label":"45.5","value":"EU 45.5","price":"","pimage":"","pimage_id":"","pthumb":"","color":""},{"label":"46","value":"EU 46","price":"","pimage":"","pimage_id":"","pthumb":"","color":""},{"label":"47","value":"EU 47","price":"","pimage":"","pimage_id":"","pthumb":"","color":""},{"label":"47.5","value":"EU 47.5","price":"","pimage":"","pimage_id":"","pthumb":"","color":""},{"label":"48","value":"EU 48","price":"","pimage":"","pimage_id":"","pthumb":"","color":""}],"relations":[{"operator":false,"rules":[]}],"form_id":18106,"form_rules":{"pric_cal_option_once":false,"exclude_from_discount":false,"pric_use_as_fee":false,"fee_label":"Fee","render_after_acb":false,"disp_hide_options_price":false}}]},"yoast_head":"<!-- This site is optimized with the Yoast SEO plugin v26.5 - https:\/\/yoast.com\/wordpress\/plugins\/seo\/ -->\n<title>Nike Shox TL &#039;Black Celestine Blue&#039;  - Tourcruiser PTE. LTD<\/title>\n<meta name=\"robots\" content=\"index, follow, max-snippet:-1, max-image-preview:large, max-video-preview:-1\" \/>\n<link rel=\"canonical\" href=\"https:\/\/tourcruiser.com\/\" \/>\n<meta property=\"og:locale\" content=\"de_DE\" \/>\n<meta property=\"og:type\" content=\"article\" \/>\n<meta property=\"og:title\" content=\"Nike Shox TL &#039;Black Celestine Blue&#039;  - Tourcruiser PTE. LTD\" \/>\n<meta property=\"og:description\" content=\"Nike Shox TL \u201d\u201d Black\/Celestine Blue\/Cool Grey\" \/>\n<meta property=\"og:url\" content=\"\/\" \/>\n<meta property=\"og:site_name\" content=\"Tourcruiser Sneaker Store\" \/>\n<meta property=\"article:modified_time\" content=\"2026-03-27T18:21:55+00:00\" \/>\n<meta name=\"twitter:card\" content=\"summary_large_image\" \/>\n<meta name=\"twitter:image\" content=\"https:\/\/images.novelship.com\/product\/nike_shox_tl__black_celestine_blue__if6202-002_0_27945.jpeg;https:\/\/images.novelship.com\/product\/nike_shox_tl__black_celestine_blue__if6202-002_1_27945.jpeg;https:\/\/images.novelship.com\/product\/nike_shox_tl__black_celestine_blue__if6202-002_2_27945.jpeg;https:\/\/images.novelship.com\/product\/nike_shox_tl__black_celestine_blue__if6202-002_3_27945.jpeg;https:\/\/images.novelship.com\/product\/nike_shox_tl__black_celestine_blue__if6202-002_4_27945.jpeg;https:\/\/images.novelship.com\/product\/nike_shox_tl__black_celestine_blue__if6202-002_5_27945.jpeg\" \/>\n<meta name=\"twitter:label1\" content=\"Gesch\u00e4tzte Lesezeit\" \/>\n\t<meta name=\"twitter:data1\" content=\"1\u00a0Minute\" \/>\n<script type=\"application\/ld+json\" class=\"yoast-schema-graph\">{\"@context\":\"https:\/\/schema.org\",\"@graph\":[{\"@type\":\"WebPage\",\"@id\":\"\/\",\"url\":\"https:\/\/tourcruiser.com\/\",\"name\":\"Nike Shox TL 'Black Celestine Blue' - Tourcruiser PTE. LTD\",\"isPartOf\":{\"@id\":\"https:\/\/tourcruiser.com\/de\/#website\"},\"primaryImageOfPage\":{\"@id\":\"https:\/\/tourcruiser.com\/#primaryimage\"},\"image\":{\"@id\":\"https:\/\/tourcruiser.com\/#primaryimage\"},\"thumbnailUrl\":\"https:\/\/images.novelship.com\/product\/nike_shox_tl__black_celestine_blue__if6202-002_0_27945.jpeg;https:\/\/images.novelship.com\/product\/nike_shox_tl__black_celestine_blue__if6202-002_1_27945.jpeg;https:\/\/images.novelship.com\/product\/nike_shox_tl__black_celestine_blue__if6202-002_2_27945.jpeg;https:\/\/images.novelship.com\/product\/nike_shox_tl__black_celestine_blue__if6202-002_3_27945.jpeg;https:\/\/images.novelship.com\/product\/nike_shox_tl__black_celestine_blue__if6202-002_4_27945.jpeg;https:\/\/images.novelship.com\/product\/nike_shox_tl__black_celestine_blue__if6202-002_5_27945.jpeg\",\"datePublished\":\"2026-03-02T08:52:43+00:00\",\"dateModified\":\"2026-03-27T18:21:55+00:00\",\"breadcrumb\":{\"@id\":\"https:\/\/tourcruiser.com\/#breadcrumb\"},\"inLanguage\":\"de\",\"potentialAction\":[{\"@type\":\"ReadAction\",\"target\":[\"https:\/\/tourcruiser.com\/\"]}]},{\"@type\":\"ImageObject\",\"inLanguage\":\"de\",\"@id\":\"https:\/\/tourcruiser.com\/#primaryimage\",\"url\":\"https:\/\/images.novelship.com\/product\/nike_shox_tl__black_celestine_blue__if6202-002_0_27945.jpeg;https:\/\/images.novelship.com\/product\/nike_shox_tl__black_celestine_blue__if6202-002_1_27945.jpeg;https:\/\/images.novelship.com\/product\/nike_shox_tl__black_celestine_blue__if6202-002_2_27945.jpeg;https:\/\/images.novelship.com\/product\/nike_shox_tl__black_celestine_blue__if6202-002_3_27945.jpeg;https:\/\/images.novelship.com\/product\/nike_shox_tl__black_celestine_blue__if6202-002_4_27945.jpeg;https:\/\/images.novelship.com\/product\/nike_shox_tl__black_celestine_blue__if6202-002_5_27945.jpeg\",\"contentUrl\":\"https:\/\/images.novelship.com\/product\/nike_shox_tl__black_celestine_blue__if6202-002_0_27945.jpeg;https:\/\/images.novelship.com\/product\/nike_shox_tl__black_celestine_blue__if6202-002_1_27945.jpeg;https:\/\/images.novelship.com\/product\/nike_shox_tl__black_celestine_blue__if6202-002_2_27945.jpeg;https:\/\/images.novelship.com\/product\/nike_shox_tl__black_celestine_blue__if6202-002_3_27945.jpeg;https:\/\/images.novelship.com\/product\/nike_shox_tl__black_celestine_blue__if6202-002_4_27945.jpeg;https:\/\/images.novelship.com\/product\/nike_shox_tl__black_celestine_blue__if6202-002_5_27945.jpeg\"},{\"@type\":\"BreadcrumbList\",\"@id\":\"https:\/\/tourcruiser.com\/#breadcrumb\",\"itemListElement\":[{\"@type\":\"ListItem\",\"position\":1,\"name\":\"Home\",\"item\":\"https:\/\/tourcruiser.com\/de\/\"},{\"@type\":\"ListItem\",\"position\":2,\"name\":\"Shop\",\"item\":\"https:\/\/tourcruiser.com\/de\/shop\/\"},{\"@type\":\"ListItem\",\"position\":3,\"name\":\"Nike Shox TL &#8218;Black Celestine Blue&#8216;\"}]},{\"@type\":\"WebSite\",\"@id\":\"https:\/\/tourcruiser.com\/de\/#website\",\"url\":\"https:\/\/tourcruiser.com\/de\/\",\"name\":\"Styloral Jewelry Shop\",\"description\":\"Tourcruiser Sneaker Store \u2014 der Ort, an dem das Universum deine Einzigartigkeit trifft.\",\"publisher\":{\"@id\":\"https:\/\/tourcruiser.com\/de\/#organization\"},\"potentialAction\":[{\"@type\":\"SearchAction\",\"target\":{\"@type\":\"EntryPoint\",\"urlTemplate\":\"https:\/\/tourcruiser.com\/de\/?s={search_term_string}\"},\"query-input\":{\"@type\":\"PropertyValueSpecification\",\"valueRequired\":true,\"valueName\":\"search_term_string\"}}],\"inLanguage\":\"de\"},{\"@type\":\"Organization\",\"@id\":\"https:\/\/tourcruiser.com\/de\/#organization\",\"name\":\"STYLORAL PTE. LTD\",\"url\":\"https:\/\/tourcruiser.com\/de\/\",\"logo\":{\"@type\":\"ImageObject\",\"inLanguage\":\"de\",\"@id\":\"https:\/\/tourcruiser.com\/de\/#\/schema\/logo\/image\/\",\"url\":\"https:\/\/www.tourcruiser.com\/wp-content\/uploads\/2025\/12\/logo.png\",\"contentUrl\":\"https:\/\/www.tourcruiser.com\/wp-content\/uploads\/2025\/12\/logo.png\",\"width\":200,\"height\":65,\"caption\":\"STYLORAL PTE. LTD\"},\"image\":{\"@id\":\"https:\/\/tourcruiser.com\/de\/#\/schema\/logo\/image\/\"}}]}<\/script>\n<!-- \/ Yoast SEO plugin. -->","yoast_head_json":{"title":"Nike Shox TL 'Black Celestine Blue'  - Tourcruiser PTE. LTD","robots":{"index":"index","follow":"follow","max-snippet":"max-snippet:-1","max-image-preview":"max-image-preview:large","max-video-preview":"max-video-preview:-1"},"canonical":"https:\/\/tourcruiser.com\/","og_locale":"de_DE","og_type":"article","og_title":"Nike Shox TL 'Black Celestine Blue'  - Tourcruiser PTE. LTD","og_description":"Nike Shox TL \u201d\u201d Black\/Celestine Blue\/Cool Grey","og_url":"\/","og_site_name":"Tourcruiser Sneaker Store","article_modified_time":"2026-03-27T18:21:55+00:00","twitter_card":"summary_large_image","twitter_image":"https:\/\/images.novelship.com\/product\/nike_shox_tl__black_celestine_blue__if6202-002_0_27945.jpeg;https:\/\/images.novelship.com\/product\/nike_shox_tl__black_celestine_blue__if6202-002_1_27945.jpeg;https:\/\/images.novelship.com\/product\/nike_shox_tl__black_celestine_blue__if6202-002_2_27945.jpeg;https:\/\/images.novelship.com\/product\/nike_shox_tl__black_celestine_blue__if6202-002_3_27945.jpeg;https:\/\/images.novelship.com\/product\/nike_shox_tl__black_celestine_blue__if6202-002_4_27945.jpeg;https:\/\/images.novelship.com\/product\/nike_shox_tl__black_celestine_blue__if6202-002_5_27945.jpeg","twitter_misc":{"Gesch\u00e4tzte Lesezeit":"1\u00a0Minute"},"schema":{"@context":"https:\/\/schema.org","@graph":[{"@type":"WebPage","@id":"\/","url":"https:\/\/tourcruiser.com\/","name":"Nike Shox TL 'Black Celestine Blue' - Tourcruiser PTE. LTD","isPartOf":{"@id":"https:\/\/tourcruiser.com\/de\/#website"},"primaryImageOfPage":{"@id":"https:\/\/tourcruiser.com\/#primaryimage"},"image":{"@id":"https:\/\/tourcruiser.com\/#primaryimage"},"thumbnailUrl":"https:\/\/images.novelship.com\/product\/nike_shox_tl__black_celestine_blue__if6202-002_0_27945.jpeg;https:\/\/images.novelship.com\/product\/nike_shox_tl__black_celestine_blue__if6202-002_1_27945.jpeg;https:\/\/images.novelship.com\/product\/nike_shox_tl__black_celestine_blue__if6202-002_2_27945.jpeg;https:\/\/images.novelship.com\/product\/nike_shox_tl__black_celestine_blue__if6202-002_3_27945.jpeg;https:\/\/images.novelship.com\/product\/nike_shox_tl__black_celestine_blue__if6202-002_4_27945.jpeg;https:\/\/images.novelship.com\/product\/nike_shox_tl__black_celestine_blue__if6202-002_5_27945.jpeg","datePublished":"2026-03-02T08:52:43+00:00","dateModified":"2026-03-27T18:21:55+00:00","breadcrumb":{"@id":"https:\/\/tourcruiser.com\/#breadcrumb"},"inLanguage":"de","potentialAction":[{"@type":"ReadAction","target":["https:\/\/tourcruiser.com\/"]}]},{"@type":"ImageObject","inLanguage":"de","@id":"https:\/\/tourcruiser.com\/#primaryimage","url":"https:\/\/images.novelship.com\/product\/nike_shox_tl__black_celestine_blue__if6202-002_0_27945.jpeg;https:\/\/images.novelship.com\/product\/nike_shox_tl__black_celestine_blue__if6202-002_1_27945.jpeg;https:\/\/images.novelship.com\/product\/nike_shox_tl__black_celestine_blue__if6202-002_2_27945.jpeg;https:\/\/images.novelship.com\/product\/nike_shox_tl__black_celestine_blue__if6202-002_3_27945.jpeg;https:\/\/images.novelship.com\/product\/nike_shox_tl__black_celestine_blue__if6202-002_4_27945.jpeg;https:\/\/images.novelship.com\/product\/nike_shox_tl__black_celestine_blue__if6202-002_5_27945.jpeg","contentUrl":"https:\/\/images.novelship.com\/product\/nike_shox_tl__black_celestine_blue__if6202-002_0_27945.jpeg;https:\/\/images.novelship.com\/product\/nike_shox_tl__black_celestine_blue__if6202-002_1_27945.jpeg;https:\/\/images.novelship.com\/product\/nike_shox_tl__black_celestine_blue__if6202-002_2_27945.jpeg;https:\/\/images.novelship.com\/product\/nike_shox_tl__black_celestine_blue__if6202-002_3_27945.jpeg;https:\/\/images.novelship.com\/product\/nike_shox_tl__black_celestine_blue__if6202-002_4_27945.jpeg;https:\/\/images.novelship.com\/product\/nike_shox_tl__black_celestine_blue__if6202-002_5_27945.jpeg"},{"@type":"BreadcrumbList","@id":"https:\/\/tourcruiser.com\/#breadcrumb","itemListElement":[{"@type":"ListItem","position":1,"name":"Home","item":"https:\/\/tourcruiser.com\/de\/"},{"@type":"ListItem","position":2,"name":"Shop","item":"https:\/\/tourcruiser.com\/de\/shop\/"},{"@type":"ListItem","position":3,"name":"Nike Shox TL &#8218;Black Celestine Blue&#8216;"}]},{"@type":"WebSite","@id":"https:\/\/tourcruiser.com\/de\/#website","url":"https:\/\/tourcruiser.com\/de\/","name":"Styloral Jewelry Shop","description":"Tourcruiser Sneaker Store \u2014 der Ort, an dem das Universum deine Einzigartigkeit trifft.","publisher":{"@id":"https:\/\/tourcruiser.com\/de\/#organization"},"potentialAction":[{"@type":"SearchAction","target":{"@type":"EntryPoint","urlTemplate":"https:\/\/tourcruiser.com\/de\/?s={search_term_string}"},"query-input":{"@type":"PropertyValueSpecification","valueRequired":true,"valueName":"search_term_string"}}],"inLanguage":"de"},{"@type":"Organization","@id":"https:\/\/tourcruiser.com\/de\/#organization","name":"STYLORAL PTE. LTD","url":"https:\/\/tourcruiser.com\/de\/","logo":{"@type":"ImageObject","inLanguage":"de","@id":"https:\/\/tourcruiser.com\/de\/#\/schema\/logo\/image\/","url":"https:\/\/www.tourcruiser.com\/wp-content\/uploads\/2025\/12\/logo.png","contentUrl":"https:\/\/www.tourcruiser.com\/wp-content\/uploads\/2025\/12\/logo.png","width":200,"height":65,"caption":"STYLORAL PTE. LTD"},"image":{"@id":"https:\/\/tourcruiser.com\/de\/#\/schema\/logo\/image\/"}}]}},"_links":{"self":[{"href":"https:\/\/tourcruiser.com\/de\/wp-json\/wp\/v2\/product\/151421","targetHints":{"allow":["GET"]}}],"collection":[{"href":"https:\/\/tourcruiser.com\/de\/wp-json\/wp\/v2\/product"}],"about":[{"href":"https:\/\/tourcruiser.com\/de\/wp-json\/wp\/v2\/types\/product"}],"replies":[{"embeddable":true,"href":"https:\/\/tourcruiser.com\/de\/wp-json\/wp\/v2\/comments?post=151421"}],"wp:featuredmedia":[{"embeddable":true,"href":"https:\/\/tourcruiser.com\/de\/wp-json\/wp\/v2\/media\/151422"}],"wp:attachment":[{"href":"https:\/\/tourcruiser.com\/de\/wp-json\/wp\/v2\/media?parent=151421"}],"wp:term":[{"taxonomy":"product_brand","embeddable":true,"href":"https:\/\/tourcruiser.com\/de\/wp-json\/wp\/v2\/product_brand?post=151421"},{"taxonomy":"product_cat","embeddable":true,"href":"https:\/\/tourcruiser.com\/de\/wp-json\/wp\/v2\/product_cat?post=151421"},{"taxonomy":"product_tag","embeddable":true,"href":"https:\/\/tourcruiser.com\/de\/wp-json\/wp\/v2\/product_tag?post=151421"}],"curies":[{"name":"wp","href":"https:\/\/api.w.org\/{rel}","templated":true}]}}