{"id":151298,"date":"2026-03-02T15:52:31","date_gmt":"2026-03-02T08:52:31","guid":{"rendered":"http:\/\/tourcruiser.com\/product\/hal-studios-x-asics-gel-nyc-20-yellow"},"modified":"2026-03-28T01:21:49","modified_gmt":"2026-03-27T18:21:49","slug":"hal-studios-x-asics-gel-nyc-20-yellow","status":"publish","type":"product","link":"https:\/\/tourcruiser.com\/de\/products\/hal-studios-x-asics-gel-nyc-20-yellow\/","title":{"rendered":"HAL STUDIOS x ASICS Gel NYC 2.0 &#8218;Yellow&#8216;"},"content":{"rendered":"<p>Der HAL STUDIOS x ASICS Gel NYC 2.0 \u201eYellow\u201c (1203A896-750) vereint erstklassige Verarbeitung mit urbanem Design und bietet so Performance und Style in Perfektion. Der Sneaker in leuchtendem Gelb besticht durch seine auff\u00e4llige Optik und ist ideal f\u00fcr alle, die auffallen m\u00f6chten. Er ist auf Komfort und Langlebigkeit ausgelegt und verf\u00fcgt \u00fcber die fortschrittliche GEL-D\u00e4mpfungstechnologie von ASICS f\u00fcr optimale Sto\u00dfd\u00e4mpfung und lange Haltbarkeit. Die gelungene Partnerschaft mit HAL STUDIOS sorgt f\u00fcr eine moderne \u00c4sthetik: Elegante Overlays und atmungsaktives Mesh-Obermaterial garantieren vielseitigen Tragekomfort den ganzen Tag. Ob du durch die Stra\u00dfen der Stadt flanierst oder einfach nur deinen l\u00e4ssigen Schuh neu definieren willst \u201d\u201c der GEL NYC 2.0 bietet dir ikonischen Style und funktionale Innovation bei jedem Schritt.<\/p>\n<ul>\n<li><strong>Farbgebung:<\/strong> Gelb\/Schwarz-Grau<\/li>\n<li><strong>Artikelnummer:<\/strong> 1203A896-750<\/li>\n<li><strong>Obermaterial:<\/strong> Textil<\/li>\n<li><strong>Zwischensohle:<\/strong> Gel<\/li>\n<li><strong>Farbe:<\/strong> Gelb<\/li>\n<li><strong>Saison:<\/strong> Winter<\/li>\n<li><strong>Erscheinungsjahr:<\/strong> 2026<\/li>\n<\/ul>\n","protected":false},"excerpt":{"rendered":"<p>ASICS Gel NYC HAL STUDIOS 2.0 \u201d\u201d Yellow\/Black-Grey<\/p>\n","protected":false},"featured_media":151299,"comment_status":"open","ping_status":"closed","template":"","meta":[],"product_brand":[],"product_cat":[10792],"product_tag":[10791,10750,10754,10765,10768,10758],"class_list":{"0":"post-151298","1":"product","2":"type-product","3":"status-publish","4":"has-post-thumbnail","6":"product_cat-asics","7":"product_tag-asics","8":"product_tag-athleisure-shoes","9":"product_tag-lifestyle-casual-shoes","10":"product_tag-lifestyle-shoes-running-inspired","11":"product_tag-retro-running-shoes","12":"product_tag-under-retail","13":"wcpa_has_options","15":"first","16":"outofstock","17":"taxable","18":"shipping-taxable","19":"purchasable","20":"product-type-simple"},"wcpa_form_fields":{"rules":{"pric_overide_base_price":false,"pric_overide_base_price_if_gt_zero":false,"pric_overide_base_price_fully":false,"pric_cal_option_once":false,"pric_use_as_fee":false,"bind_quantity":false,"quantity_bind_formula":false},"fields":[{"type":"color-group","required":true,"elementId":"wcpa-color-group-69a5ab08ee12d","label":"Gr\u00f6\u00dfe","inline":true,"priceOptions":"different_for_all","pricingType":"fixed","className":"hassizechart product-shoes-size-eu product-shoes-size","name":"color-group-69a5ab08ee136","disp_type":"square","selection_type":"tick-border","disp_size":"50","show_label_inside":true,"adjust_width":true,"cart_display_type":"text","other_text":"Other","cl_rule":"show","col":6,"values":[{"label":"36","value":"EU 36","price":"","pimage":"","pimage_id":"","pthumb":"","color":"","selected":true},{"label":"37","value":"EU 37","price":"","pimage":"","pimage_id":"","pthumb":"","color":""},{"label":"37.5","value":"EU 37.5","price":"","pimage":"","pimage_id":"","pthumb":"","color":""},{"label":"38","value":"EU 38","price":"","pimage":"","pimage_id":"","pthumb":"","color":""},{"label":"38.5","value":"EU 38.5","price":"","pimage":"","pimage_id":"","pthumb":"","color":""},{"label":"39","value":"EU 39","price":"","pimage":"","pimage_id":"","pthumb":"","color":""},{"label":"39.5","value":"EU 39.5","price":"","pimage":"","pimage_id":"","pthumb":"","color":""},{"label":"40","value":"EU 40","price":"","pimage":"","pimage_id":"","pthumb":"","color":""},{"label":"40.5","value":"EU 40.5","price":"","pimage":"","pimage_id":"","pthumb":"","color":""},{"label":" 41.5","value":"EU 41.5","price":"","pimage":"","pimage_id":"","pthumb":"","color":""},{"label":"42","value":"EU 42","price":"","pimage":"","pimage_id":"","pthumb":"","color":""},{"label":"42.5","value":"EU 42.5","price":"","pimage":"","pimage_id":"","pthumb":"","color":""},{"label":"43.5","value":"EU 43.5","price":"","pimage":"","pimage_id":"","pthumb":"","color":""},{"label":"44","value":"EU 44","price":"","pimage":"","pimage_id":"","pthumb":"","color":""},{"label":"44.5","value":"EU 44.5","price":"","pimage":"","pimage_id":"","pthumb":"","color":""},{"label":"45","value":"EU 45","price":"","pimage":"","pimage_id":"","pthumb":"","color":""}],"relations":[{"operator":false,"rules":[]}],"form_id":184311,"form_rules":{"pric_cal_option_once":false,"exclude_from_discount":false,"pric_use_as_fee":false,"fee_label":"Fee","render_after_acb":false,"disp_hide_options_price":false}}]},"yoast_head":"<!-- This site is optimized with the Yoast SEO plugin v26.5 - https:\/\/yoast.com\/wordpress\/plugins\/seo\/ -->\n<title>HAL STUDIOS x ASICS Gel NYC 2.0 &#039;Yellow&#039;  - Tourcruiser PTE. LTD<\/title>\n<meta name=\"robots\" content=\"index, follow, max-snippet:-1, max-image-preview:large, max-video-preview:-1\" \/>\n<link rel=\"canonical\" href=\"https:\/\/tourcruiser.com\/de\/products\/hal-studios-x-asics-gel-nyc-20-yellow\/\" \/>\n<meta property=\"og:locale\" content=\"de_DE\" \/>\n<meta property=\"og:type\" content=\"article\" \/>\n<meta property=\"og:title\" content=\"HAL STUDIOS x ASICS Gel NYC 2.0 &#039;Yellow&#039;  - Tourcruiser PTE. LTD\" \/>\n<meta property=\"og:description\" content=\"ASICS Gel NYC HAL STUDIOS 2.0 \u201d\u201d Yellow\/Black-Grey\" \/>\n<meta property=\"og:url\" content=\"https:\/\/tourcruiser.com\/de\/products\/hal-studios-x-asics-gel-nyc-20-yellow\/\" \/>\n<meta property=\"og:site_name\" content=\"Tourcruiser Sneaker Store\" \/>\n<meta property=\"article:modified_time\" content=\"2026-03-27T18:21:49+00:00\" \/>\n<meta name=\"twitter:card\" content=\"summary_large_image\" \/>\n<meta name=\"twitter:image\" content=\"https:\/\/images.novelship.com\/product\/hal_studios_x_asics_gel_nyc_2_0__yellow__1203a896-_0_56363.jpeg;https:\/\/images.novelship.com\/product\/hal_studios_x_asics_gel_nyc_2_0__yellow__1203a896-_1_56364.png;https:\/\/images.novelship.com\/product\/hal_studios_x_asics_gel_nyc_2_0__yellow__1203a896-_2_56364.png\" \/>\n<meta name=\"twitter:label1\" content=\"Gesch\u00e4tzte Lesezeit\" \/>\n\t<meta name=\"twitter:data1\" content=\"1\u00a0Minute\" \/>\n<script type=\"application\/ld+json\" class=\"yoast-schema-graph\">{\"@context\":\"https:\/\/schema.org\",\"@graph\":[{\"@type\":\"WebPage\",\"@id\":\"https:\/\/tourcruiser.com\/de\/products\/hal-studios-x-asics-gel-nyc-20-yellow\/\",\"url\":\"https:\/\/tourcruiser.com\/de\/products\/hal-studios-x-asics-gel-nyc-20-yellow\/\",\"name\":\"HAL STUDIOS x ASICS Gel NYC 2.0 'Yellow' - Tourcruiser PTE. LTD\",\"isPartOf\":{\"@id\":\"https:\/\/tourcruiser.com\/de\/#website\"},\"primaryImageOfPage\":{\"@id\":\"https:\/\/tourcruiser.com\/de\/products\/hal-studios-x-asics-gel-nyc-20-yellow\/#primaryimage\"},\"image\":{\"@id\":\"https:\/\/tourcruiser.com\/de\/products\/hal-studios-x-asics-gel-nyc-20-yellow\/#primaryimage\"},\"thumbnailUrl\":\"https:\/\/images.novelship.com\/product\/hal_studios_x_asics_gel_nyc_2_0__yellow__1203a896-_0_56363.jpeg;https:\/\/images.novelship.com\/product\/hal_studios_x_asics_gel_nyc_2_0__yellow__1203a896-_1_56364.png;https:\/\/images.novelship.com\/product\/hal_studios_x_asics_gel_nyc_2_0__yellow__1203a896-_2_56364.png\",\"datePublished\":\"2026-03-02T08:52:31+00:00\",\"dateModified\":\"2026-03-27T18:21:49+00:00\",\"breadcrumb\":{\"@id\":\"https:\/\/tourcruiser.com\/de\/products\/hal-studios-x-asics-gel-nyc-20-yellow\/#breadcrumb\"},\"inLanguage\":\"de\",\"potentialAction\":[{\"@type\":\"ReadAction\",\"target\":[\"https:\/\/tourcruiser.com\/de\/products\/hal-studios-x-asics-gel-nyc-20-yellow\/\"]}]},{\"@type\":\"ImageObject\",\"inLanguage\":\"de\",\"@id\":\"https:\/\/tourcruiser.com\/de\/products\/hal-studios-x-asics-gel-nyc-20-yellow\/#primaryimage\",\"url\":\"https:\/\/images.novelship.com\/product\/hal_studios_x_asics_gel_nyc_2_0__yellow__1203a896-_0_56363.jpeg;https:\/\/images.novelship.com\/product\/hal_studios_x_asics_gel_nyc_2_0__yellow__1203a896-_1_56364.png;https:\/\/images.novelship.com\/product\/hal_studios_x_asics_gel_nyc_2_0__yellow__1203a896-_2_56364.png\",\"contentUrl\":\"https:\/\/images.novelship.com\/product\/hal_studios_x_asics_gel_nyc_2_0__yellow__1203a896-_0_56363.jpeg;https:\/\/images.novelship.com\/product\/hal_studios_x_asics_gel_nyc_2_0__yellow__1203a896-_1_56364.png;https:\/\/images.novelship.com\/product\/hal_studios_x_asics_gel_nyc_2_0__yellow__1203a896-_2_56364.png\"},{\"@type\":\"BreadcrumbList\",\"@id\":\"https:\/\/tourcruiser.com\/de\/products\/hal-studios-x-asics-gel-nyc-20-yellow\/#breadcrumb\",\"itemListElement\":[{\"@type\":\"ListItem\",\"position\":1,\"name\":\"Home\",\"item\":\"https:\/\/tourcruiser.com\/de\/\"},{\"@type\":\"ListItem\",\"position\":2,\"name\":\"Shop\",\"item\":\"https:\/\/tourcruiser.com\/de\/shop\/\"},{\"@type\":\"ListItem\",\"position\":3,\"name\":\"HAL STUDIOS x ASICS Gel NYC 2.0 'Yellow'\"}]},{\"@type\":\"WebSite\",\"@id\":\"https:\/\/tourcruiser.com\/de\/#website\",\"url\":\"https:\/\/tourcruiser.com\/de\/\",\"name\":\"Styloral Jewelry Shop\",\"description\":\"Tourcruiser Sneaker Store \u2014 der Ort, an dem das Universum deine Einzigartigkeit trifft.\",\"publisher\":{\"@id\":\"https:\/\/tourcruiser.com\/de\/#organization\"},\"potentialAction\":[{\"@type\":\"SearchAction\",\"target\":{\"@type\":\"EntryPoint\",\"urlTemplate\":\"https:\/\/tourcruiser.com\/de\/?s={search_term_string}\"},\"query-input\":{\"@type\":\"PropertyValueSpecification\",\"valueRequired\":true,\"valueName\":\"search_term_string\"}}],\"inLanguage\":\"de\"},{\"@type\":\"Organization\",\"@id\":\"https:\/\/tourcruiser.com\/de\/#organization\",\"name\":\"STYLORAL PTE. LTD\",\"url\":\"https:\/\/tourcruiser.com\/de\/\",\"logo\":{\"@type\":\"ImageObject\",\"inLanguage\":\"de\",\"@id\":\"https:\/\/tourcruiser.com\/de\/#\/schema\/logo\/image\/\",\"url\":\"https:\/\/www.tourcruiser.com\/wp-content\/uploads\/2025\/12\/logo.png\",\"contentUrl\":\"https:\/\/www.tourcruiser.com\/wp-content\/uploads\/2025\/12\/logo.png\",\"width\":200,\"height\":65,\"caption\":\"STYLORAL PTE. LTD\"},\"image\":{\"@id\":\"https:\/\/tourcruiser.com\/de\/#\/schema\/logo\/image\/\"}}]}<\/script>\n<!-- \/ Yoast SEO plugin. -->","yoast_head_json":{"title":"HAL STUDIOS x ASICS Gel NYC 2.0 'Yellow'  - Tourcruiser PTE. LTD","robots":{"index":"index","follow":"follow","max-snippet":"max-snippet:-1","max-image-preview":"max-image-preview:large","max-video-preview":"max-video-preview:-1"},"canonical":"https:\/\/tourcruiser.com\/de\/products\/hal-studios-x-asics-gel-nyc-20-yellow\/","og_locale":"de_DE","og_type":"article","og_title":"HAL STUDIOS x ASICS Gel NYC 2.0 'Yellow'  - Tourcruiser PTE. LTD","og_description":"ASICS Gel NYC HAL STUDIOS 2.0 \u201d\u201d Yellow\/Black-Grey","og_url":"https:\/\/tourcruiser.com\/de\/products\/hal-studios-x-asics-gel-nyc-20-yellow\/","og_site_name":"Tourcruiser Sneaker Store","article_modified_time":"2026-03-27T18:21:49+00:00","twitter_card":"summary_large_image","twitter_image":"https:\/\/images.novelship.com\/product\/hal_studios_x_asics_gel_nyc_2_0__yellow__1203a896-_0_56363.jpeg;https:\/\/images.novelship.com\/product\/hal_studios_x_asics_gel_nyc_2_0__yellow__1203a896-_1_56364.png;https:\/\/images.novelship.com\/product\/hal_studios_x_asics_gel_nyc_2_0__yellow__1203a896-_2_56364.png","twitter_misc":{"Gesch\u00e4tzte Lesezeit":"1\u00a0Minute"},"schema":{"@context":"https:\/\/schema.org","@graph":[{"@type":"WebPage","@id":"https:\/\/tourcruiser.com\/de\/products\/hal-studios-x-asics-gel-nyc-20-yellow\/","url":"https:\/\/tourcruiser.com\/de\/products\/hal-studios-x-asics-gel-nyc-20-yellow\/","name":"HAL STUDIOS x ASICS Gel NYC 2.0 'Yellow' - Tourcruiser PTE. LTD","isPartOf":{"@id":"https:\/\/tourcruiser.com\/de\/#website"},"primaryImageOfPage":{"@id":"https:\/\/tourcruiser.com\/de\/products\/hal-studios-x-asics-gel-nyc-20-yellow\/#primaryimage"},"image":{"@id":"https:\/\/tourcruiser.com\/de\/products\/hal-studios-x-asics-gel-nyc-20-yellow\/#primaryimage"},"thumbnailUrl":"https:\/\/images.novelship.com\/product\/hal_studios_x_asics_gel_nyc_2_0__yellow__1203a896-_0_56363.jpeg;https:\/\/images.novelship.com\/product\/hal_studios_x_asics_gel_nyc_2_0__yellow__1203a896-_1_56364.png;https:\/\/images.novelship.com\/product\/hal_studios_x_asics_gel_nyc_2_0__yellow__1203a896-_2_56364.png","datePublished":"2026-03-02T08:52:31+00:00","dateModified":"2026-03-27T18:21:49+00:00","breadcrumb":{"@id":"https:\/\/tourcruiser.com\/de\/products\/hal-studios-x-asics-gel-nyc-20-yellow\/#breadcrumb"},"inLanguage":"de","potentialAction":[{"@type":"ReadAction","target":["https:\/\/tourcruiser.com\/de\/products\/hal-studios-x-asics-gel-nyc-20-yellow\/"]}]},{"@type":"ImageObject","inLanguage":"de","@id":"https:\/\/tourcruiser.com\/de\/products\/hal-studios-x-asics-gel-nyc-20-yellow\/#primaryimage","url":"https:\/\/images.novelship.com\/product\/hal_studios_x_asics_gel_nyc_2_0__yellow__1203a896-_0_56363.jpeg;https:\/\/images.novelship.com\/product\/hal_studios_x_asics_gel_nyc_2_0__yellow__1203a896-_1_56364.png;https:\/\/images.novelship.com\/product\/hal_studios_x_asics_gel_nyc_2_0__yellow__1203a896-_2_56364.png","contentUrl":"https:\/\/images.novelship.com\/product\/hal_studios_x_asics_gel_nyc_2_0__yellow__1203a896-_0_56363.jpeg;https:\/\/images.novelship.com\/product\/hal_studios_x_asics_gel_nyc_2_0__yellow__1203a896-_1_56364.png;https:\/\/images.novelship.com\/product\/hal_studios_x_asics_gel_nyc_2_0__yellow__1203a896-_2_56364.png"},{"@type":"BreadcrumbList","@id":"https:\/\/tourcruiser.com\/de\/products\/hal-studios-x-asics-gel-nyc-20-yellow\/#breadcrumb","itemListElement":[{"@type":"ListItem","position":1,"name":"Home","item":"https:\/\/tourcruiser.com\/de\/"},{"@type":"ListItem","position":2,"name":"Shop","item":"https:\/\/tourcruiser.com\/de\/shop\/"},{"@type":"ListItem","position":3,"name":"HAL STUDIOS x ASICS Gel NYC 2.0 'Yellow'"}]},{"@type":"WebSite","@id":"https:\/\/tourcruiser.com\/de\/#website","url":"https:\/\/tourcruiser.com\/de\/","name":"Styloral Jewelry Shop","description":"Tourcruiser Sneaker Store \u2014 der Ort, an dem das Universum deine Einzigartigkeit trifft.","publisher":{"@id":"https:\/\/tourcruiser.com\/de\/#organization"},"potentialAction":[{"@type":"SearchAction","target":{"@type":"EntryPoint","urlTemplate":"https:\/\/tourcruiser.com\/de\/?s={search_term_string}"},"query-input":{"@type":"PropertyValueSpecification","valueRequired":true,"valueName":"search_term_string"}}],"inLanguage":"de"},{"@type":"Organization","@id":"https:\/\/tourcruiser.com\/de\/#organization","name":"STYLORAL PTE. LTD","url":"https:\/\/tourcruiser.com\/de\/","logo":{"@type":"ImageObject","inLanguage":"de","@id":"https:\/\/tourcruiser.com\/de\/#\/schema\/logo\/image\/","url":"https:\/\/www.tourcruiser.com\/wp-content\/uploads\/2025\/12\/logo.png","contentUrl":"https:\/\/www.tourcruiser.com\/wp-content\/uploads\/2025\/12\/logo.png","width":200,"height":65,"caption":"STYLORAL PTE. LTD"},"image":{"@id":"https:\/\/tourcruiser.com\/de\/#\/schema\/logo\/image\/"}}]}},"_links":{"self":[{"href":"https:\/\/tourcruiser.com\/de\/wp-json\/wp\/v2\/product\/151298","targetHints":{"allow":["GET"]}}],"collection":[{"href":"https:\/\/tourcruiser.com\/de\/wp-json\/wp\/v2\/product"}],"about":[{"href":"https:\/\/tourcruiser.com\/de\/wp-json\/wp\/v2\/types\/product"}],"replies":[{"embeddable":true,"href":"https:\/\/tourcruiser.com\/de\/wp-json\/wp\/v2\/comments?post=151298"}],"wp:featuredmedia":[{"embeddable":true,"href":"https:\/\/tourcruiser.com\/de\/wp-json\/wp\/v2\/media\/151299"}],"wp:attachment":[{"href":"https:\/\/tourcruiser.com\/de\/wp-json\/wp\/v2\/media?parent=151298"}],"wp:term":[{"taxonomy":"product_brand","embeddable":true,"href":"https:\/\/tourcruiser.com\/de\/wp-json\/wp\/v2\/product_brand?post=151298"},{"taxonomy":"product_cat","embeddable":true,"href":"https:\/\/tourcruiser.com\/de\/wp-json\/wp\/v2\/product_cat?post=151298"},{"taxonomy":"product_tag","embeddable":true,"href":"https:\/\/tourcruiser.com\/de\/wp-json\/wp\/v2\/product_tag?post=151298"}],"curies":[{"name":"wp","href":"https:\/\/api.w.org\/{rel}","templated":true}]}}