{"id":151030,"date":"2026-03-02T15:52:06","date_gmt":"2026-03-02T08:52:06","guid":{"rendered":"http:\/\/tourcruiser.com\/product\/fragment-design-x-nike-air-zoom-spiridon-blue-void"},"modified":"2026-03-28T01:21:36","modified_gmt":"2026-03-27T18:21:36","slug":"fragment-design-x-nike-air-zoom-spiridon-blue-void","status":"publish","type":"product","link":"https:\/\/tourcruiser.com\/de\/products\/fragment-design-x-nike-air-zoom-spiridon-blue-void\/","title":{"rendered":"Fragment Design x Nike Air Zoom Spiridon &#8218;Blue Void&#8216;"},"content":{"rendered":"<p>Entdecke deinen Style mit dem Fragment Design x Nike Air Zoom Spiridon &#8218;Blue Void&#8216; HF5455-100 \u201d\u201c eine nahtlose Verbindung von Innovation und Eleganz. Diese Sneaker bestechen durch ihre markante Farbkombination aus Blue Void und Wei\u00df und verk\u00f6rpern urbanen Flair mit sportlicher Performance. Dank der fortschrittlichen Air Zoom-D\u00e4mpfung von Nike bieten sie unvergleichlichen Komfort und Halt. Perfekt f\u00fcr Sneaker-Fans und modebewusste Menschen: Diese Schuhe bieten einen zeitlosen Look, der sich nahtlos vom Workout zum Streetwear-Look kombinieren l\u00e4sst.<\/p>\n<ul>\n<li><strong>Farbkombination:<\/strong> Wei\u00df\/Blue Void\/Schwarz<\/li>\n<li><strong>Style-Code:<\/strong> HF5455-100<\/li>\n<li><strong>Obermaterial:<\/strong> Mesh<\/li>\n<li><strong>Mittelsohle:<\/strong> Zoom Air<\/li>\n<li><strong>Farbe:<\/strong> Wei\u00df<\/li>\n<\/ul>\n","protected":false},"excerpt":{"rendered":"<p>Nike Fragment Design x Air Zoom Spiridon \u201d\u201d White\/Blue Void\/Black<\/p>\n","protected":false},"featured_media":151031,"comment_status":"open","ping_status":"closed","template":"","meta":[],"product_brand":[],"product_cat":[10803],"product_tag":[10750,10753,10754,10765,10801,10768,10785,10786,10758],"class_list":{"0":"post-151030","1":"product","2":"type-product","3":"status-publish","4":"has-post-thumbnail","6":"product_cat-nike","7":"product_tag-athleisure-shoes","8":"product_tag-gift-for-him","9":"product_tag-lifestyle-casual-shoes","10":"product_tag-lifestyle-shoes-running-inspired","11":"product_tag-nike","12":"product_tag-retro-running-shoes","13":"product_tag-trending-deals","14":"product_tag-trending-deals-under-150","15":"product_tag-under-retail","16":"wcpa_has_options","18":"first","19":"outofstock","20":"sale","21":"taxable","22":"shipping-taxable","23":"purchasable","24":"product-type-simple"},"wcpa_form_fields":{"rules":{"pric_overide_base_price":false,"pric_overide_base_price_if_gt_zero":false,"pric_overide_base_price_fully":false,"pric_cal_option_once":false,"pric_use_as_fee":false,"bind_quantity":false,"quantity_bind_formula":false},"fields":[{"type":"color-group","required":true,"elementId":"wcpa-color-group-66c4a75505e74","label":"Gr\u00f6\u00dfe - EU Gr\u00f6\u00dfe","inline":true,"priceOptions":"different_for_all","pricingType":"fixed","className":"hassizechart product-shoes-size-eu product-shoes-size","name":"color-group-66c4a75505e89","disp_type":"square","selection_type":"tick-border","disp_size":"44","show_label_inside":true,"adjust_width":true,"cart_display_type":"text","other_text":"Other","cl_rule":"show","col":6,"values":[{"label":"35.5","value":"EU 35.5","price":"","pimage":"","pimage_id":"","pthumb":"","color":""},{"label":"36","value":"EU 36","price":"","pimage":"","pimage_id":"","pthumb":"","color":"","selected":true},{"label":"36.5","value":"EU 36.5","price":"","pimage":"","pimage_id":"","pthumb":"","color":""},{"label":"37.5","value":"EU 37.5","price":"","pimage":"","pimage_id":"","pthumb":"","color":""},{"label":"38","value":"EU 38","price":"","pimage":"","pimage_id":"","pthumb":"","color":""},{"label":"38.5","value":"EU 38.5","price":"","pimage":"","pimage_id":"","pthumb":"","color":""},{"label":"39","value":"EU 39","price":"","pimage":"","pimage_id":"","pthumb":"","color":""},{"label":"40","value":"EU 40","price":"","pimage":"","pimage_id":"","pthumb":"","color":""},{"label":"40.5","value":"EU 40.5","price":"","pimage":"","pimage_id":"","pthumb":"","color":""},{"label":"41","value":"EU 41","price":"","pimage":"","pimage_id":"","pthumb":"","color":""},{"label":"42","value":"EU 42","price":"","pimage":"","pimage_id":"","pthumb":"","color":""},{"label":"42.5","value":"EU 42.5","price":"","pimage":"","pimage_id":"","pthumb":"","color":""},{"label":"43","value":"EU 43","price":"","pimage":"","pimage_id":"","pthumb":"","color":""},{"label":"44","value":"EU 44","price":"","pimage":"","pimage_id":"","pthumb":"","color":""},{"label":"44.5","value":"EU 44.5","price":"","pimage":"","pimage_id":"","pthumb":"","color":""},{"label":"45","value":"EU 45","price":"","pimage":"","pimage_id":"","pthumb":"","color":""},{"label":"45.5","value":"EU 45.5","price":"","pimage":"","pimage_id":"","pthumb":"","color":""},{"label":"46","value":"EU 46","price":"","pimage":"","pimage_id":"","pthumb":"","color":""},{"label":"47","value":"EU 47","price":"","pimage":"","pimage_id":"","pthumb":"","color":""},{"label":"47.5","value":"EU 47.5","price":"","pimage":"","pimage_id":"","pthumb":"","color":""},{"label":"48","value":"EU 48","price":"","pimage":"","pimage_id":"","pthumb":"","color":""}],"relations":[{"operator":false,"rules":[]}],"form_id":18106,"form_rules":{"pric_cal_option_once":false,"exclude_from_discount":false,"pric_use_as_fee":false,"fee_label":"Fee","render_after_acb":false,"disp_hide_options_price":false}}]},"yoast_head":"<!-- This site is optimized with the Yoast SEO plugin v26.5 - https:\/\/yoast.com\/wordpress\/plugins\/seo\/ -->\n<title>Fragment Design x Nike Air Zoom Spiridon &#039;Blue Void&#039;  - Tourcruiser PTE. LTD<\/title>\n<meta name=\"robots\" content=\"index, follow, max-snippet:-1, max-image-preview:large, max-video-preview:-1\" \/>\n<link rel=\"canonical\" href=\"https:\/\/tourcruiser.com\/de\/products\/fragment-design-x-nike-air-zoom-spiridon-blue-void\/\" \/>\n<meta property=\"og:locale\" content=\"de_DE\" \/>\n<meta property=\"og:type\" content=\"article\" \/>\n<meta property=\"og:title\" content=\"Fragment Design x Nike Air Zoom Spiridon &#039;Blue Void&#039;  - Tourcruiser PTE. LTD\" \/>\n<meta property=\"og:description\" content=\"Nike Fragment Design x Air Zoom Spiridon \u201d\u201d White\/Blue Void\/Black\" \/>\n<meta property=\"og:url\" content=\"https:\/\/tourcruiser.com\/de\/products\/fragment-design-x-nike-air-zoom-spiridon-blue-void\/\" \/>\n<meta property=\"og:site_name\" content=\"Tourcruiser Sneaker Store\" \/>\n<meta property=\"article:modified_time\" content=\"2026-03-27T18:21:36+00:00\" \/>\n<meta name=\"twitter:card\" content=\"summary_large_image\" \/>\n<meta name=\"twitter:image\" content=\"https:\/\/images.novelship.com\/product\/fragment_design_x_nike_air_zoom_spiridon__blue_voi_0_9701.jpeg;https:\/\/images.novelship.com\/product\/fragment_design_x_nike_air_zoom_spiridon__blue_voi_1_9701.jpeg;https:\/\/images.novelship.com\/product\/fragment_design_x_nike_air_zoom_spiridon__blue_voi_2_9701.jpeg;https:\/\/images.novelship.com\/product\/fragment_design_x_nike_air_zoom_spiridon__blue_voi_3_9701.jpeg;https:\/\/images.novelship.com\/product\/fragment_design_x_nike_air_zoom_spiridon__blue_voi_4_9701.jpeg\" \/>\n<script type=\"application\/ld+json\" class=\"yoast-schema-graph\">{\"@context\":\"https:\/\/schema.org\",\"@graph\":[{\"@type\":\"WebPage\",\"@id\":\"https:\/\/tourcruiser.com\/de\/products\/fragment-design-x-nike-air-zoom-spiridon-blue-void\/\",\"url\":\"https:\/\/tourcruiser.com\/de\/products\/fragment-design-x-nike-air-zoom-spiridon-blue-void\/\",\"name\":\"Fragment Design x Nike Air Zoom Spiridon 'Blue Void' - Tourcruiser PTE. LTD\",\"isPartOf\":{\"@id\":\"\/#website\"},\"primaryImageOfPage\":{\"@id\":\"https:\/\/tourcruiser.com\/de\/products\/fragment-design-x-nike-air-zoom-spiridon-blue-void\/#primaryimage\"},\"image\":{\"@id\":\"https:\/\/tourcruiser.com\/de\/products\/fragment-design-x-nike-air-zoom-spiridon-blue-void\/#primaryimage\"},\"thumbnailUrl\":\"https:\/\/images.novelship.com\/product\/fragment_design_x_nike_air_zoom_spiridon__blue_voi_0_9701.jpeg;https:\/\/images.novelship.com\/product\/fragment_design_x_nike_air_zoom_spiridon__blue_voi_1_9701.jpeg;https:\/\/images.novelship.com\/product\/fragment_design_x_nike_air_zoom_spiridon__blue_voi_2_9701.jpeg;https:\/\/images.novelship.com\/product\/fragment_design_x_nike_air_zoom_spiridon__blue_voi_3_9701.jpeg;https:\/\/images.novelship.com\/product\/fragment_design_x_nike_air_zoom_spiridon__blue_voi_4_9701.jpeg\",\"datePublished\":\"2026-03-02T08:52:06+00:00\",\"dateModified\":\"2026-03-27T18:21:36+00:00\",\"breadcrumb\":{\"@id\":\"https:\/\/tourcruiser.com\/de\/products\/fragment-design-x-nike-air-zoom-spiridon-blue-void\/#breadcrumb\"},\"inLanguage\":\"de\",\"potentialAction\":[{\"@type\":\"ReadAction\",\"target\":[\"https:\/\/tourcruiser.com\/de\/products\/fragment-design-x-nike-air-zoom-spiridon-blue-void\/\"]}]},{\"@type\":\"ImageObject\",\"inLanguage\":\"de\",\"@id\":\"https:\/\/tourcruiser.com\/de\/products\/fragment-design-x-nike-air-zoom-spiridon-blue-void\/#primaryimage\",\"url\":\"https:\/\/images.novelship.com\/product\/fragment_design_x_nike_air_zoom_spiridon__blue_voi_0_9701.jpeg;https:\/\/images.novelship.com\/product\/fragment_design_x_nike_air_zoom_spiridon__blue_voi_1_9701.jpeg;https:\/\/images.novelship.com\/product\/fragment_design_x_nike_air_zoom_spiridon__blue_voi_2_9701.jpeg;https:\/\/images.novelship.com\/product\/fragment_design_x_nike_air_zoom_spiridon__blue_voi_3_9701.jpeg;https:\/\/images.novelship.com\/product\/fragment_design_x_nike_air_zoom_spiridon__blue_voi_4_9701.jpeg\",\"contentUrl\":\"https:\/\/images.novelship.com\/product\/fragment_design_x_nike_air_zoom_spiridon__blue_voi_0_9701.jpeg;https:\/\/images.novelship.com\/product\/fragment_design_x_nike_air_zoom_spiridon__blue_voi_1_9701.jpeg;https:\/\/images.novelship.com\/product\/fragment_design_x_nike_air_zoom_spiridon__blue_voi_2_9701.jpeg;https:\/\/images.novelship.com\/product\/fragment_design_x_nike_air_zoom_spiridon__blue_voi_3_9701.jpeg;https:\/\/images.novelship.com\/product\/fragment_design_x_nike_air_zoom_spiridon__blue_voi_4_9701.jpeg\"},{\"@type\":\"BreadcrumbList\",\"@id\":\"https:\/\/tourcruiser.com\/de\/products\/fragment-design-x-nike-air-zoom-spiridon-blue-void\/#breadcrumb\",\"itemListElement\":[{\"@type\":\"ListItem\",\"position\":1,\"name\":\"Home\",\"item\":\"https:\/\/tourcruiser.com\/de\/\"},{\"@type\":\"ListItem\",\"position\":2,\"name\":\"Shop\",\"item\":\"https:\/\/tourcruiser.com\/de\/shop\/\"},{\"@type\":\"ListItem\",\"position\":3,\"name\":\"Fragment Design x Nike Air Zoom Spiridon 'Blue Void'\"}]},{\"@type\":\"WebSite\",\"@id\":\"\/#website\",\"url\":\"\/\",\"name\":\"Styloral Jewelry Shop\",\"description\":\"Tourcruiser Sneaker Store \u2014 der Ort, an dem das Universum deine Einzigartigkeit trifft.\",\"publisher\":{\"@id\":\"\/#organization\"},\"potentialAction\":[{\"@type\":\"SearchAction\",\"target\":{\"@type\":\"EntryPoint\",\"urlTemplate\":\"\/?s={search_term_string}\"},\"query-input\":{\"@type\":\"PropertyValueSpecification\",\"valueRequired\":true,\"valueName\":\"search_term_string\"}}],\"inLanguage\":\"de\"},{\"@type\":\"Organization\",\"@id\":\"\/#organization\",\"name\":\"STYLORAL PTE. LTD\",\"url\":\"\/\",\"logo\":{\"@type\":\"ImageObject\",\"inLanguage\":\"de\",\"@id\":\"\/#\/schema\/logo\/image\/\",\"url\":\"https:\/\/www.tourcruiser.com\/wp-content\/uploads\/2025\/12\/logo.png\",\"contentUrl\":\"https:\/\/www.tourcruiser.com\/wp-content\/uploads\/2025\/12\/logo.png\",\"width\":200,\"height\":65,\"caption\":\"STYLORAL PTE. LTD\"},\"image\":{\"@id\":\"\/#\/schema\/logo\/image\/\"}}]}<\/script>\n<!-- \/ Yoast SEO plugin. -->","yoast_head_json":{"title":"Fragment Design x Nike Air Zoom Spiridon 'Blue Void'  - Tourcruiser PTE. LTD","robots":{"index":"index","follow":"follow","max-snippet":"max-snippet:-1","max-image-preview":"max-image-preview:large","max-video-preview":"max-video-preview:-1"},"canonical":"https:\/\/tourcruiser.com\/de\/products\/fragment-design-x-nike-air-zoom-spiridon-blue-void\/","og_locale":"de_DE","og_type":"article","og_title":"Fragment Design x Nike Air Zoom Spiridon 'Blue Void'  - Tourcruiser PTE. LTD","og_description":"Nike Fragment Design x Air Zoom Spiridon \u201d\u201d White\/Blue Void\/Black","og_url":"https:\/\/tourcruiser.com\/de\/products\/fragment-design-x-nike-air-zoom-spiridon-blue-void\/","og_site_name":"Tourcruiser Sneaker Store","article_modified_time":"2026-03-27T18:21:36+00:00","twitter_card":"summary_large_image","twitter_image":"https:\/\/images.novelship.com\/product\/fragment_design_x_nike_air_zoom_spiridon__blue_voi_0_9701.jpeg;https:\/\/images.novelship.com\/product\/fragment_design_x_nike_air_zoom_spiridon__blue_voi_1_9701.jpeg;https:\/\/images.novelship.com\/product\/fragment_design_x_nike_air_zoom_spiridon__blue_voi_2_9701.jpeg;https:\/\/images.novelship.com\/product\/fragment_design_x_nike_air_zoom_spiridon__blue_voi_3_9701.jpeg;https:\/\/images.novelship.com\/product\/fragment_design_x_nike_air_zoom_spiridon__blue_voi_4_9701.jpeg","schema":{"@context":"https:\/\/schema.org","@graph":[{"@type":"WebPage","@id":"https:\/\/tourcruiser.com\/de\/products\/fragment-design-x-nike-air-zoom-spiridon-blue-void\/","url":"https:\/\/tourcruiser.com\/de\/products\/fragment-design-x-nike-air-zoom-spiridon-blue-void\/","name":"Fragment Design x Nike Air Zoom Spiridon 'Blue Void' - Tourcruiser PTE. LTD","isPartOf":{"@id":"\/#website"},"primaryImageOfPage":{"@id":"https:\/\/tourcruiser.com\/de\/products\/fragment-design-x-nike-air-zoom-spiridon-blue-void\/#primaryimage"},"image":{"@id":"https:\/\/tourcruiser.com\/de\/products\/fragment-design-x-nike-air-zoom-spiridon-blue-void\/#primaryimage"},"thumbnailUrl":"https:\/\/images.novelship.com\/product\/fragment_design_x_nike_air_zoom_spiridon__blue_voi_0_9701.jpeg;https:\/\/images.novelship.com\/product\/fragment_design_x_nike_air_zoom_spiridon__blue_voi_1_9701.jpeg;https:\/\/images.novelship.com\/product\/fragment_design_x_nike_air_zoom_spiridon__blue_voi_2_9701.jpeg;https:\/\/images.novelship.com\/product\/fragment_design_x_nike_air_zoom_spiridon__blue_voi_3_9701.jpeg;https:\/\/images.novelship.com\/product\/fragment_design_x_nike_air_zoom_spiridon__blue_voi_4_9701.jpeg","datePublished":"2026-03-02T08:52:06+00:00","dateModified":"2026-03-27T18:21:36+00:00","breadcrumb":{"@id":"https:\/\/tourcruiser.com\/de\/products\/fragment-design-x-nike-air-zoom-spiridon-blue-void\/#breadcrumb"},"inLanguage":"de","potentialAction":[{"@type":"ReadAction","target":["https:\/\/tourcruiser.com\/de\/products\/fragment-design-x-nike-air-zoom-spiridon-blue-void\/"]}]},{"@type":"ImageObject","inLanguage":"de","@id":"https:\/\/tourcruiser.com\/de\/products\/fragment-design-x-nike-air-zoom-spiridon-blue-void\/#primaryimage","url":"https:\/\/images.novelship.com\/product\/fragment_design_x_nike_air_zoom_spiridon__blue_voi_0_9701.jpeg;https:\/\/images.novelship.com\/product\/fragment_design_x_nike_air_zoom_spiridon__blue_voi_1_9701.jpeg;https:\/\/images.novelship.com\/product\/fragment_design_x_nike_air_zoom_spiridon__blue_voi_2_9701.jpeg;https:\/\/images.novelship.com\/product\/fragment_design_x_nike_air_zoom_spiridon__blue_voi_3_9701.jpeg;https:\/\/images.novelship.com\/product\/fragment_design_x_nike_air_zoom_spiridon__blue_voi_4_9701.jpeg","contentUrl":"https:\/\/images.novelship.com\/product\/fragment_design_x_nike_air_zoom_spiridon__blue_voi_0_9701.jpeg;https:\/\/images.novelship.com\/product\/fragment_design_x_nike_air_zoom_spiridon__blue_voi_1_9701.jpeg;https:\/\/images.novelship.com\/product\/fragment_design_x_nike_air_zoom_spiridon__blue_voi_2_9701.jpeg;https:\/\/images.novelship.com\/product\/fragment_design_x_nike_air_zoom_spiridon__blue_voi_3_9701.jpeg;https:\/\/images.novelship.com\/product\/fragment_design_x_nike_air_zoom_spiridon__blue_voi_4_9701.jpeg"},{"@type":"BreadcrumbList","@id":"https:\/\/tourcruiser.com\/de\/products\/fragment-design-x-nike-air-zoom-spiridon-blue-void\/#breadcrumb","itemListElement":[{"@type":"ListItem","position":1,"name":"Home","item":"https:\/\/tourcruiser.com\/de\/"},{"@type":"ListItem","position":2,"name":"Shop","item":"https:\/\/tourcruiser.com\/de\/shop\/"},{"@type":"ListItem","position":3,"name":"Fragment Design x Nike Air Zoom Spiridon 'Blue Void'"}]},{"@type":"WebSite","@id":"\/#website","url":"\/","name":"Styloral Jewelry Shop","description":"Tourcruiser Sneaker Store \u2014 der Ort, an dem das Universum deine Einzigartigkeit trifft.","publisher":{"@id":"\/#organization"},"potentialAction":[{"@type":"SearchAction","target":{"@type":"EntryPoint","urlTemplate":"\/?s={search_term_string}"},"query-input":{"@type":"PropertyValueSpecification","valueRequired":true,"valueName":"search_term_string"}}],"inLanguage":"de"},{"@type":"Organization","@id":"\/#organization","name":"STYLORAL PTE. LTD","url":"\/","logo":{"@type":"ImageObject","inLanguage":"de","@id":"\/#\/schema\/logo\/image\/","url":"https:\/\/www.tourcruiser.com\/wp-content\/uploads\/2025\/12\/logo.png","contentUrl":"https:\/\/www.tourcruiser.com\/wp-content\/uploads\/2025\/12\/logo.png","width":200,"height":65,"caption":"STYLORAL PTE. LTD"},"image":{"@id":"\/#\/schema\/logo\/image\/"}}]}},"_links":{"self":[{"href":"https:\/\/tourcruiser.com\/de\/wp-json\/wp\/v2\/product\/151030","targetHints":{"allow":["GET"]}}],"collection":[{"href":"https:\/\/tourcruiser.com\/de\/wp-json\/wp\/v2\/product"}],"about":[{"href":"https:\/\/tourcruiser.com\/de\/wp-json\/wp\/v2\/types\/product"}],"replies":[{"embeddable":true,"href":"https:\/\/tourcruiser.com\/de\/wp-json\/wp\/v2\/comments?post=151030"}],"wp:featuredmedia":[{"embeddable":true,"href":"https:\/\/tourcruiser.com\/de\/wp-json\/wp\/v2\/media\/151031"}],"wp:attachment":[{"href":"https:\/\/tourcruiser.com\/de\/wp-json\/wp\/v2\/media?parent=151030"}],"wp:term":[{"taxonomy":"product_brand","embeddable":true,"href":"https:\/\/tourcruiser.com\/de\/wp-json\/wp\/v2\/product_brand?post=151030"},{"taxonomy":"product_cat","embeddable":true,"href":"https:\/\/tourcruiser.com\/de\/wp-json\/wp\/v2\/product_cat?post=151030"},{"taxonomy":"product_tag","embeddable":true,"href":"https:\/\/tourcruiser.com\/de\/wp-json\/wp\/v2\/product_tag?post=151030"}],"curies":[{"name":"wp","href":"https:\/\/api.w.org\/{rel}","templated":true}]}}