{"id":150769,"date":"2026-03-02T15:51:44","date_gmt":"2026-03-02T08:51:44","guid":{"rendered":"http:\/\/tourcruiser.com\/product\/women-hoka-rincon-4-vanilla-birch"},"modified":"2026-03-28T01:21:26","modified_gmt":"2026-03-27T18:21:26","slug":"women-hoka-rincon-4-vanilla-birch","status":"publish","type":"product","link":"https:\/\/tourcruiser.com\/de\/products\/women-hoka-rincon-4-vanilla-birch\/","title":{"rendered":"(Women) HOKA Rincon 4 &#8218;Vanilla Birch&#8216;"},"content":{"rendered":"<p>Erreiche ultimativen Komfort und optimale Performance mit dem HOKA Rincon 4 &#8218;Vanilla Birch&#8216;, einem leichten und reaktionsfreudigen Laufschuh f\u00fcr ambitionierte L\u00e4uferinnen. Der Rincon 4 wurde mit viel Liebe zum Detail gefertigt, um Geschwindigkeit und D\u00e4mpfung perfekt auszubalancieren. Sein \u00fcberarbeitetes Mesh-Obermaterial sorgt f\u00fcr verbesserte Atmungsaktivit\u00e4t, und die elegante Silhouette verleiht ihm einen stylischen Look, der sich m\u00fchelos vom Trail bis zum Gel\u00e4nde tragen l\u00e4sst. Die weiche Zwischensohlend\u00e4mpfung garantiert hervorragende Sto\u00dfd\u00e4mpfung und Energier\u00fcckgabe, w\u00e4hrend das strategische Au\u00dfensohlendesign zuverl\u00e4ssigen Grip und Langlebigkeit bietet. Die Farbgebung in Vanilla Birch vereint Eleganz und Vielseitigkeit und macht den Schuh zur idealen Wahl f\u00fcr Training und Freizeit. Dieser Schuh wurde f\u00fcr Einsteigerinnen und erfahrene L\u00e4uferinnen gleicherma\u00dfen entwickelt und unterst\u00fctzt schnelle \u00dcberg\u00e4nge und anhaltenden Komfort bei jedem Schritt. Verbessere dein Lauferlebnis mit dem Rincon 4.<\/p>\n<ul>\n<li><strong>Farbgebung:<\/strong> Vanille\/Birke<\/li>\n<li><strong>Artikelnummer:<\/strong> 1155131-VCH<\/li>\n<li><strong>Obermaterial:<\/strong> Jacquard<\/li>\n<li><strong>Zwischensohle:<\/strong> EVA<\/li>\n<li><strong>Farbe:<\/strong> Beige<\/li>\n<li><strong>Saison:<\/strong> Winter<\/li>\n<li><strong>Erscheinungsjahr:<\/strong> 2025<\/li>\n<\/ul>\n","protected":false},"excerpt":{"rendered":"<p>HOKA Rincon 4 \u201d\u201d Vanilla\/Birch<\/p>\n","protected":false},"featured_media":150770,"comment_status":"open","ping_status":"closed","template":"","meta":[],"product_brand":[],"product_cat":[12226],"product_tag":[11494,11053,10839,10802,10840,10758],"class_list":{"0":"post-150769","1":"product","2":"type-product","3":"status-publish","4":"has-post-thumbnail","6":"product_cat-hoka-women","7":"product_tag-hoka","8":"product_tag-lightweight-running-shoes","9":"product_tag-performance-running-shoes","10":"product_tag-performance-sport-shoes","11":"product_tag-running-shoes","12":"product_tag-under-retail","13":"wcpa_has_options","15":"first","16":"outofstock","17":"taxable","18":"shipping-taxable","19":"purchasable","20":"product-type-simple"},"wcpa_form_fields":{"rules":{"pric_overide_base_price":false,"pric_overide_base_price_if_gt_zero":false,"pric_overide_base_price_fully":false,"pric_cal_option_once":false,"pric_use_as_fee":false,"bind_quantity":false,"quantity_bind_formula":false},"fields":[{"type":"color-group","required":true,"elementId":"wcpa-color-group-69a5afd8a7cca","label":"Gr\u00f6\u00dfe","inline":true,"priceOptions":"different_for_all","pricingType":"fixed","className":"hassizechart product-shoes-size-eu product-shoes-size","name":"color-group-69a5afd8a7cd3","disp_type":"square","selection_type":"tick-border","disp_size":"50","show_label_inside":true,"adjust_width":true,"cart_display_type":"text","other_text":"Other","cl_rule":"show","col":6,"values":[{"label":"35 1\/3","value":"EU 35 1\/3","price":"","pimage":"","pimage_id":"","pthumb":"","color":""},{"label":"36","value":"EU 36","price":"","pimage":"","pimage_id":"","pthumb":"","color":""},{"label":"36 2\/3","value":"EU 36 2\/3","price":"","pimage":"","pimage_id":"","pthumb":"","color":""},{"label":"37 1\/3","value":"EU 37 1\/3","price":"","pimage":"","pimage_id":"","pthumb":"","color":"","selected":true},{"label":"38","value":"EU 38","price":"","pimage":"","pimage_id":"","pthumb":"","color":""},{"label":"38 2\/3","value":"EU 38 2\/3","price":"","pimage":"","pimage_id":"","pthumb":"","color":""},{"label":"39 1\/3","value":"EU 39 1\/3","price":"","pimage":"","pimage_id":"","pthumb":"","color":""},{"label":"39.5","value":"EU 39.5","price":"","pimage":"","pimage_id":"","pthumb":"","color":""},{"label":"40","value":"EU 40","price":"","pimage":"","pimage_id":"","pthumb":"","color":""},{"label":"40 2\/3","value":"EU 40  2\/3","price":"","pimage":"","pimage_id":"","pthumb":"","color":""},{"label":" 41 1\/3","value":"EU 41.5","price":"","pimage":"","pimage_id":"","pthumb":"","color":""},{"label":"42","value":"EU 42","price":"","pimage":"","pimage_id":"","pthumb":"","color":""},{"label":"42 2\/3","value":"EU 42 2\/3","price":"","pimage":"","pimage_id":"","pthumb":"","color":""},{"label":"43 1\/3","value":"EU 43 1\/3","price":"","pimage":"","pimage_id":"","pthumb":"","color":""},{"label":"44","value":"EU 44","price":"","pimage":"","pimage_id":"","pthumb":"","color":""},{"label":"44 2\/3","value":"EU 44 2\/3","price":"","pimage":"","pimage_id":"","pthumb":"","color":""},{"label":"45 1\/3","value":"EU 45 1\/3","price":"","pimage":"","pimage_id":"","pthumb":"","color":""}],"relations":[{"operator":false,"rules":[]}],"form_id":184317,"form_rules":{"pric_cal_option_once":false,"exclude_from_discount":false,"pric_use_as_fee":false,"fee_label":"Fee","render_after_acb":false,"disp_hide_options_price":false}}]},"yoast_head":"<!-- This site is optimized with the Yoast SEO plugin v26.5 - https:\/\/yoast.com\/wordpress\/plugins\/seo\/ -->\n<title>(Women) HOKA Rincon 4 &#039;Vanilla Birch&#039;  - Tourcruiser PTE. LTD<\/title>\n<meta name=\"robots\" content=\"index, follow, max-snippet:-1, max-image-preview:large, max-video-preview:-1\" \/>\n<link rel=\"canonical\" href=\"https:\/\/tourcruiser.com\/de\/products\/women-hoka-rincon-4-vanilla-birch\/\" \/>\n<meta property=\"og:locale\" content=\"de_DE\" \/>\n<meta property=\"og:type\" content=\"article\" \/>\n<meta property=\"og:title\" content=\"(Women) HOKA Rincon 4 &#039;Vanilla Birch&#039;  - Tourcruiser PTE. LTD\" \/>\n<meta property=\"og:description\" content=\"HOKA Rincon 4 \u201d\u201d Vanilla\/Birch\" \/>\n<meta property=\"og:url\" content=\"https:\/\/tourcruiser.com\/de\/products\/women-hoka-rincon-4-vanilla-birch\/\" \/>\n<meta property=\"og:site_name\" content=\"Tourcruiser Sneaker Store\" \/>\n<meta property=\"article:modified_time\" content=\"2026-03-27T18:21:26+00:00\" \/>\n<meta name=\"twitter:card\" content=\"summary_large_image\" \/>\n<meta name=\"twitter:image\" content=\"https:\/\/images.novelship.com\/product\/_women__hoka_rincon_4__vanilla_birch__1155131-vch_0_3451.png;https:\/\/images.novelship.com\/product\/_women__hoka_rincon_4__vanilla_birch__1155131-vch_1_3451.png;https:\/\/images.novelship.com\/product\/_women__hoka_rincon_4__vanilla_birch__1155131-vch_2_3451.png;https:\/\/images.novelship.com\/product\/_women__hoka_rincon_4__vanilla_birch__1155131-vch_3_3451.png;https:\/\/images.novelship.com\/product\/_women__hoka_rincon_4__vanilla_birch__1155131-vch_4_3451.png\" \/>\n<meta name=\"twitter:label1\" content=\"Gesch\u00e4tzte Lesezeit\" \/>\n\t<meta name=\"twitter:data1\" content=\"1\u00a0Minute\" \/>\n<script type=\"application\/ld+json\" class=\"yoast-schema-graph\">{\"@context\":\"https:\/\/schema.org\",\"@graph\":[{\"@type\":\"WebPage\",\"@id\":\"https:\/\/tourcruiser.com\/de\/products\/women-hoka-rincon-4-vanilla-birch\/\",\"url\":\"https:\/\/tourcruiser.com\/de\/products\/women-hoka-rincon-4-vanilla-birch\/\",\"name\":\"(Women) HOKA Rincon 4 'Vanilla Birch' - Tourcruiser PTE. LTD\",\"isPartOf\":{\"@id\":\"https:\/\/tourcruiser.com\/de\/#website\"},\"primaryImageOfPage\":{\"@id\":\"https:\/\/tourcruiser.com\/de\/products\/women-hoka-rincon-4-vanilla-birch\/#primaryimage\"},\"image\":{\"@id\":\"https:\/\/tourcruiser.com\/de\/products\/women-hoka-rincon-4-vanilla-birch\/#primaryimage\"},\"thumbnailUrl\":\"https:\/\/images.novelship.com\/product\/_women__hoka_rincon_4__vanilla_birch__1155131-vch_0_3451.png;https:\/\/images.novelship.com\/product\/_women__hoka_rincon_4__vanilla_birch__1155131-vch_1_3451.png;https:\/\/images.novelship.com\/product\/_women__hoka_rincon_4__vanilla_birch__1155131-vch_2_3451.png;https:\/\/images.novelship.com\/product\/_women__hoka_rincon_4__vanilla_birch__1155131-vch_3_3451.png;https:\/\/images.novelship.com\/product\/_women__hoka_rincon_4__vanilla_birch__1155131-vch_4_3451.png\",\"datePublished\":\"2026-03-02T08:51:44+00:00\",\"dateModified\":\"2026-03-27T18:21:26+00:00\",\"breadcrumb\":{\"@id\":\"https:\/\/tourcruiser.com\/de\/products\/women-hoka-rincon-4-vanilla-birch\/#breadcrumb\"},\"inLanguage\":\"de\",\"potentialAction\":[{\"@type\":\"ReadAction\",\"target\":[\"https:\/\/tourcruiser.com\/de\/products\/women-hoka-rincon-4-vanilla-birch\/\"]}]},{\"@type\":\"ImageObject\",\"inLanguage\":\"de\",\"@id\":\"https:\/\/tourcruiser.com\/de\/products\/women-hoka-rincon-4-vanilla-birch\/#primaryimage\",\"url\":\"https:\/\/images.novelship.com\/product\/_women__hoka_rincon_4__vanilla_birch__1155131-vch_0_3451.png;https:\/\/images.novelship.com\/product\/_women__hoka_rincon_4__vanilla_birch__1155131-vch_1_3451.png;https:\/\/images.novelship.com\/product\/_women__hoka_rincon_4__vanilla_birch__1155131-vch_2_3451.png;https:\/\/images.novelship.com\/product\/_women__hoka_rincon_4__vanilla_birch__1155131-vch_3_3451.png;https:\/\/images.novelship.com\/product\/_women__hoka_rincon_4__vanilla_birch__1155131-vch_4_3451.png\",\"contentUrl\":\"https:\/\/images.novelship.com\/product\/_women__hoka_rincon_4__vanilla_birch__1155131-vch_0_3451.png;https:\/\/images.novelship.com\/product\/_women__hoka_rincon_4__vanilla_birch__1155131-vch_1_3451.png;https:\/\/images.novelship.com\/product\/_women__hoka_rincon_4__vanilla_birch__1155131-vch_2_3451.png;https:\/\/images.novelship.com\/product\/_women__hoka_rincon_4__vanilla_birch__1155131-vch_3_3451.png;https:\/\/images.novelship.com\/product\/_women__hoka_rincon_4__vanilla_birch__1155131-vch_4_3451.png\"},{\"@type\":\"BreadcrumbList\",\"@id\":\"https:\/\/tourcruiser.com\/de\/products\/women-hoka-rincon-4-vanilla-birch\/#breadcrumb\",\"itemListElement\":[{\"@type\":\"ListItem\",\"position\":1,\"name\":\"Home\",\"item\":\"https:\/\/tourcruiser.com\/de\/\"},{\"@type\":\"ListItem\",\"position\":2,\"name\":\"Shop\",\"item\":\"https:\/\/tourcruiser.com\/de\/shop\/\"},{\"@type\":\"ListItem\",\"position\":3,\"name\":\"(Women) HOKA Rincon 4 'Vanilla Birch'\"}]},{\"@type\":\"WebSite\",\"@id\":\"https:\/\/tourcruiser.com\/de\/#website\",\"url\":\"https:\/\/tourcruiser.com\/de\/\",\"name\":\"Styloral Jewelry Shop\",\"description\":\"Tourcruiser Sneaker Store \u2014 der Ort, an dem das Universum deine Einzigartigkeit trifft.\",\"publisher\":{\"@id\":\"https:\/\/tourcruiser.com\/de\/#organization\"},\"potentialAction\":[{\"@type\":\"SearchAction\",\"target\":{\"@type\":\"EntryPoint\",\"urlTemplate\":\"https:\/\/tourcruiser.com\/de\/?s={search_term_string}\"},\"query-input\":{\"@type\":\"PropertyValueSpecification\",\"valueRequired\":true,\"valueName\":\"search_term_string\"}}],\"inLanguage\":\"de\"},{\"@type\":\"Organization\",\"@id\":\"https:\/\/tourcruiser.com\/de\/#organization\",\"name\":\"STYLORAL PTE. LTD\",\"url\":\"https:\/\/tourcruiser.com\/de\/\",\"logo\":{\"@type\":\"ImageObject\",\"inLanguage\":\"de\",\"@id\":\"https:\/\/tourcruiser.com\/de\/#\/schema\/logo\/image\/\",\"url\":\"https:\/\/www.tourcruiser.com\/wp-content\/uploads\/2025\/12\/logo.png\",\"contentUrl\":\"https:\/\/www.tourcruiser.com\/wp-content\/uploads\/2025\/12\/logo.png\",\"width\":200,\"height\":65,\"caption\":\"STYLORAL PTE. LTD\"},\"image\":{\"@id\":\"https:\/\/tourcruiser.com\/de\/#\/schema\/logo\/image\/\"}}]}<\/script>\n<!-- \/ Yoast SEO plugin. -->","yoast_head_json":{"title":"(Women) HOKA Rincon 4 'Vanilla Birch'  - Tourcruiser PTE. LTD","robots":{"index":"index","follow":"follow","max-snippet":"max-snippet:-1","max-image-preview":"max-image-preview:large","max-video-preview":"max-video-preview:-1"},"canonical":"https:\/\/tourcruiser.com\/de\/products\/women-hoka-rincon-4-vanilla-birch\/","og_locale":"de_DE","og_type":"article","og_title":"(Women) HOKA Rincon 4 'Vanilla Birch'  - Tourcruiser PTE. LTD","og_description":"HOKA Rincon 4 \u201d\u201d Vanilla\/Birch","og_url":"https:\/\/tourcruiser.com\/de\/products\/women-hoka-rincon-4-vanilla-birch\/","og_site_name":"Tourcruiser Sneaker Store","article_modified_time":"2026-03-27T18:21:26+00:00","twitter_card":"summary_large_image","twitter_image":"https:\/\/images.novelship.com\/product\/_women__hoka_rincon_4__vanilla_birch__1155131-vch_0_3451.png;https:\/\/images.novelship.com\/product\/_women__hoka_rincon_4__vanilla_birch__1155131-vch_1_3451.png;https:\/\/images.novelship.com\/product\/_women__hoka_rincon_4__vanilla_birch__1155131-vch_2_3451.png;https:\/\/images.novelship.com\/product\/_women__hoka_rincon_4__vanilla_birch__1155131-vch_3_3451.png;https:\/\/images.novelship.com\/product\/_women__hoka_rincon_4__vanilla_birch__1155131-vch_4_3451.png","twitter_misc":{"Gesch\u00e4tzte Lesezeit":"1\u00a0Minute"},"schema":{"@context":"https:\/\/schema.org","@graph":[{"@type":"WebPage","@id":"https:\/\/tourcruiser.com\/de\/products\/women-hoka-rincon-4-vanilla-birch\/","url":"https:\/\/tourcruiser.com\/de\/products\/women-hoka-rincon-4-vanilla-birch\/","name":"(Women) HOKA Rincon 4 'Vanilla Birch' - Tourcruiser PTE. LTD","isPartOf":{"@id":"https:\/\/tourcruiser.com\/de\/#website"},"primaryImageOfPage":{"@id":"https:\/\/tourcruiser.com\/de\/products\/women-hoka-rincon-4-vanilla-birch\/#primaryimage"},"image":{"@id":"https:\/\/tourcruiser.com\/de\/products\/women-hoka-rincon-4-vanilla-birch\/#primaryimage"},"thumbnailUrl":"https:\/\/images.novelship.com\/product\/_women__hoka_rincon_4__vanilla_birch__1155131-vch_0_3451.png;https:\/\/images.novelship.com\/product\/_women__hoka_rincon_4__vanilla_birch__1155131-vch_1_3451.png;https:\/\/images.novelship.com\/product\/_women__hoka_rincon_4__vanilla_birch__1155131-vch_2_3451.png;https:\/\/images.novelship.com\/product\/_women__hoka_rincon_4__vanilla_birch__1155131-vch_3_3451.png;https:\/\/images.novelship.com\/product\/_women__hoka_rincon_4__vanilla_birch__1155131-vch_4_3451.png","datePublished":"2026-03-02T08:51:44+00:00","dateModified":"2026-03-27T18:21:26+00:00","breadcrumb":{"@id":"https:\/\/tourcruiser.com\/de\/products\/women-hoka-rincon-4-vanilla-birch\/#breadcrumb"},"inLanguage":"de","potentialAction":[{"@type":"ReadAction","target":["https:\/\/tourcruiser.com\/de\/products\/women-hoka-rincon-4-vanilla-birch\/"]}]},{"@type":"ImageObject","inLanguage":"de","@id":"https:\/\/tourcruiser.com\/de\/products\/women-hoka-rincon-4-vanilla-birch\/#primaryimage","url":"https:\/\/images.novelship.com\/product\/_women__hoka_rincon_4__vanilla_birch__1155131-vch_0_3451.png;https:\/\/images.novelship.com\/product\/_women__hoka_rincon_4__vanilla_birch__1155131-vch_1_3451.png;https:\/\/images.novelship.com\/product\/_women__hoka_rincon_4__vanilla_birch__1155131-vch_2_3451.png;https:\/\/images.novelship.com\/product\/_women__hoka_rincon_4__vanilla_birch__1155131-vch_3_3451.png;https:\/\/images.novelship.com\/product\/_women__hoka_rincon_4__vanilla_birch__1155131-vch_4_3451.png","contentUrl":"https:\/\/images.novelship.com\/product\/_women__hoka_rincon_4__vanilla_birch__1155131-vch_0_3451.png;https:\/\/images.novelship.com\/product\/_women__hoka_rincon_4__vanilla_birch__1155131-vch_1_3451.png;https:\/\/images.novelship.com\/product\/_women__hoka_rincon_4__vanilla_birch__1155131-vch_2_3451.png;https:\/\/images.novelship.com\/product\/_women__hoka_rincon_4__vanilla_birch__1155131-vch_3_3451.png;https:\/\/images.novelship.com\/product\/_women__hoka_rincon_4__vanilla_birch__1155131-vch_4_3451.png"},{"@type":"BreadcrumbList","@id":"https:\/\/tourcruiser.com\/de\/products\/women-hoka-rincon-4-vanilla-birch\/#breadcrumb","itemListElement":[{"@type":"ListItem","position":1,"name":"Home","item":"https:\/\/tourcruiser.com\/de\/"},{"@type":"ListItem","position":2,"name":"Shop","item":"https:\/\/tourcruiser.com\/de\/shop\/"},{"@type":"ListItem","position":3,"name":"(Women) HOKA Rincon 4 'Vanilla Birch'"}]},{"@type":"WebSite","@id":"https:\/\/tourcruiser.com\/de\/#website","url":"https:\/\/tourcruiser.com\/de\/","name":"Styloral Jewelry Shop","description":"Tourcruiser Sneaker Store \u2014 der Ort, an dem das Universum deine Einzigartigkeit trifft.","publisher":{"@id":"https:\/\/tourcruiser.com\/de\/#organization"},"potentialAction":[{"@type":"SearchAction","target":{"@type":"EntryPoint","urlTemplate":"https:\/\/tourcruiser.com\/de\/?s={search_term_string}"},"query-input":{"@type":"PropertyValueSpecification","valueRequired":true,"valueName":"search_term_string"}}],"inLanguage":"de"},{"@type":"Organization","@id":"https:\/\/tourcruiser.com\/de\/#organization","name":"STYLORAL PTE. LTD","url":"https:\/\/tourcruiser.com\/de\/","logo":{"@type":"ImageObject","inLanguage":"de","@id":"https:\/\/tourcruiser.com\/de\/#\/schema\/logo\/image\/","url":"https:\/\/www.tourcruiser.com\/wp-content\/uploads\/2025\/12\/logo.png","contentUrl":"https:\/\/www.tourcruiser.com\/wp-content\/uploads\/2025\/12\/logo.png","width":200,"height":65,"caption":"STYLORAL PTE. LTD"},"image":{"@id":"https:\/\/tourcruiser.com\/de\/#\/schema\/logo\/image\/"}}]}},"_links":{"self":[{"href":"https:\/\/tourcruiser.com\/de\/wp-json\/wp\/v2\/product\/150769","targetHints":{"allow":["GET"]}}],"collection":[{"href":"https:\/\/tourcruiser.com\/de\/wp-json\/wp\/v2\/product"}],"about":[{"href":"https:\/\/tourcruiser.com\/de\/wp-json\/wp\/v2\/types\/product"}],"replies":[{"embeddable":true,"href":"https:\/\/tourcruiser.com\/de\/wp-json\/wp\/v2\/comments?post=150769"}],"wp:featuredmedia":[{"embeddable":true,"href":"https:\/\/tourcruiser.com\/de\/wp-json\/wp\/v2\/media\/150770"}],"wp:attachment":[{"href":"https:\/\/tourcruiser.com\/de\/wp-json\/wp\/v2\/media?parent=150769"}],"wp:term":[{"taxonomy":"product_brand","embeddable":true,"href":"https:\/\/tourcruiser.com\/de\/wp-json\/wp\/v2\/product_brand?post=150769"},{"taxonomy":"product_cat","embeddable":true,"href":"https:\/\/tourcruiser.com\/de\/wp-json\/wp\/v2\/product_cat?post=150769"},{"taxonomy":"product_tag","embeddable":true,"href":"https:\/\/tourcruiser.com\/de\/wp-json\/wp\/v2\/product_tag?post=150769"}],"curies":[{"name":"wp","href":"https:\/\/api.w.org\/{rel}","templated":true}]}}