{"id":150327,"date":"2026-03-02T15:51:06","date_gmt":"2026-03-02T08:51:06","guid":{"rendered":"http:\/\/tourcruiser.com\/product\/women-nike-air-max-isla-cream"},"modified":"2026-03-28T01:21:07","modified_gmt":"2026-03-27T18:21:07","slug":"women-nike-air-max-isla-cream","status":"publish","type":"product","link":"https:\/\/tourcruiser.com\/de\/products\/women-nike-air-max-isla-cream\/","title":{"rendered":"(Women) Nike Air Max Isla &#8218;Cream&#8216;"},"content":{"rendered":"<p>Erlebe unvergleichlichen Komfort und m\u00fchelosen Style mit dem Nike Air Max Island IH2052-299 f\u00fcr Damen \u201d\u201c die perfekte Fusion aus moderner Innovation und zeitlosem Design. Die auff\u00e4llige Farbpalette, inspiriert von entspannter Inselatmosph\u00e4re, verleiht diesem Schuh eine erfrischende Optik, die jedes Outfit \u201d\u201c von l\u00e4ssig bis sportlich \u201d\u201c perfekt erg\u00e4nzt.<\/p>\n<p>Die legend\u00e4re Air Max-D\u00e4mpfung bietet hervorragende Unterst\u00fctzung und Sto\u00dfd\u00e4mpfung und sorgt so f\u00fcr ganzt\u00e4gigen Tragekomfort, egal ob bei einem aktiven Lebensstil oder einem entspannten Spaziergang. Gefertigt aus leichten, atmungsaktiven Materialien, bietet der Schuh exzellente Strapazierf\u00e4higkeit und h\u00e4lt deine F\u00fc\u00dfe angenehm k\u00fchl. Die elegante Silhouette und die hochwertige Verarbeitung machen ihn zu einer vielseitigen Erg\u00e4nzung deiner Garderobe.<\/p>\n<p>Ob im Fitnessstudio, auf Reisen oder beim Treffen mit Freunden \u201d\u201c der Nike Air Max Island IH2052-299 f\u00fcr Damen wurde entwickelt, um deinen Style und deine Performance m\u00fchelos zu verbessern. Investieren Sie in Schuhe, bei denen Innovation auf Mode trifft und Sie sich bei jedem Schritt rundum wohlf\u00fchlen.<\/p>\n<ul>\n<li><strong>Farbgebung:<\/strong> Cream II\/Cream II\/Cream II\/Cream II<\/li>\n<li><strong>Artikelnummer:<\/strong> IH2052-299<\/li>\n<li><strong>Obermaterial:<\/strong> Leder<\/li>\n<li><strong>Farbe:<\/strong> Beige<\/li>\n<\/ul>\n","protected":false},"excerpt":{"rendered":"<p>Nike Air Max Island \u201d\u201d Cream II\/Cream II\/Cream II\/Cream II<\/p>\n","protected":false},"featured_media":150328,"comment_status":"open","ping_status":"closed","template":"","meta":[],"product_brand":[],"product_cat":[10809],"product_tag":[10917],"class_list":{"0":"post-150327","1":"product","2":"type-product","3":"status-publish","4":"has-post-thumbnail","6":"product_cat-nike-women","7":"product_tag-small-130-usd","8":"wcpa_has_options","10":"first","11":"outofstock","12":"taxable","13":"shipping-taxable","14":"purchasable","15":"product-type-simple"},"wcpa_form_fields":{"rules":{"pric_overide_base_price":false,"pric_overide_base_price_if_gt_zero":false,"pric_overide_base_price_fully":false,"pric_cal_option_once":false,"pric_use_as_fee":false,"bind_quantity":false,"quantity_bind_formula":false},"fields":[{"type":"color-group","required":true,"elementId":"wcpa-color-group-66c4a75505e74","label":"Gr\u00f6\u00dfe - EU Gr\u00f6\u00dfe","inline":true,"priceOptions":"different_for_all","pricingType":"fixed","className":"hassizechart product-shoes-size-eu product-shoes-size","name":"color-group-66c4a75505e89","disp_type":"square","selection_type":"tick-border","disp_size":"44","show_label_inside":true,"adjust_width":true,"cart_display_type":"text","other_text":"Other","cl_rule":"show","col":6,"values":[{"label":"35.5","value":"EU 35.5","price":"","pimage":"","pimage_id":"","pthumb":"","color":""},{"label":"36","value":"EU 36","price":"","pimage":"","pimage_id":"","pthumb":"","color":"","selected":true},{"label":"36.5","value":"EU 36.5","price":"","pimage":"","pimage_id":"","pthumb":"","color":""},{"label":"37.5","value":"EU 37.5","price":"","pimage":"","pimage_id":"","pthumb":"","color":""},{"label":"38","value":"EU 38","price":"","pimage":"","pimage_id":"","pthumb":"","color":""},{"label":"38.5","value":"EU 38.5","price":"","pimage":"","pimage_id":"","pthumb":"","color":""},{"label":"39","value":"EU 39","price":"","pimage":"","pimage_id":"","pthumb":"","color":""},{"label":"40","value":"EU 40","price":"","pimage":"","pimage_id":"","pthumb":"","color":""},{"label":"40.5","value":"EU 40.5","price":"","pimage":"","pimage_id":"","pthumb":"","color":""},{"label":"41","value":"EU 41","price":"","pimage":"","pimage_id":"","pthumb":"","color":""},{"label":"42","value":"EU 42","price":"","pimage":"","pimage_id":"","pthumb":"","color":""},{"label":"42.5","value":"EU 42.5","price":"","pimage":"","pimage_id":"","pthumb":"","color":""},{"label":"43","value":"EU 43","price":"","pimage":"","pimage_id":"","pthumb":"","color":""},{"label":"44","value":"EU 44","price":"","pimage":"","pimage_id":"","pthumb":"","color":""},{"label":"44.5","value":"EU 44.5","price":"","pimage":"","pimage_id":"","pthumb":"","color":""},{"label":"45","value":"EU 45","price":"","pimage":"","pimage_id":"","pthumb":"","color":""},{"label":"45.5","value":"EU 45.5","price":"","pimage":"","pimage_id":"","pthumb":"","color":""},{"label":"46","value":"EU 46","price":"","pimage":"","pimage_id":"","pthumb":"","color":""},{"label":"47","value":"EU 47","price":"","pimage":"","pimage_id":"","pthumb":"","color":""},{"label":"47.5","value":"EU 47.5","price":"","pimage":"","pimage_id":"","pthumb":"","color":""},{"label":"48","value":"EU 48","price":"","pimage":"","pimage_id":"","pthumb":"","color":""}],"relations":[{"operator":false,"rules":[]}],"form_id":18106,"form_rules":{"pric_cal_option_once":false,"exclude_from_discount":false,"pric_use_as_fee":false,"fee_label":"Fee","render_after_acb":false,"disp_hide_options_price":false}}]},"yoast_head":"<!-- This site is optimized with the Yoast SEO plugin v26.5 - https:\/\/yoast.com\/wordpress\/plugins\/seo\/ -->\n<title>(Women) Nike Air Max Isla &#039;Cream&#039;  - Tourcruiser PTE. LTD<\/title>\n<meta name=\"robots\" content=\"index, follow, max-snippet:-1, max-image-preview:large, max-video-preview:-1\" \/>\n<link rel=\"canonical\" href=\"https:\/\/tourcruiser.com\/\" \/>\n<meta property=\"og:locale\" content=\"de_DE\" \/>\n<meta property=\"og:type\" content=\"article\" \/>\n<meta property=\"og:title\" content=\"(Women) Nike Air Max Isla &#039;Cream&#039;  - Tourcruiser PTE. LTD\" \/>\n<meta property=\"og:description\" content=\"Nike Air Max Island \u201d\u201d Cream II\/Cream II\/Cream II\/Cream II\" \/>\n<meta property=\"og:url\" content=\"\/\" \/>\n<meta property=\"og:site_name\" content=\"Tourcruiser Sneaker Store\" \/>\n<meta property=\"article:modified_time\" content=\"2026-03-27T18:21:07+00:00\" \/>\n<meta name=\"twitter:card\" content=\"summary_large_image\" \/>\n<meta name=\"twitter:image\" content=\"https:\/\/images.novelship.com\/product\/_women__nike_air_max_island_ih2052-299_0_69618.png;https:\/\/images.novelship.com\/product\/_women__nike_air_max_island_ih2052-299_1_69621.png;https:\/\/images.novelship.com\/product\/_women__nike_air_max_island_ih2052-299_2_69621.png;https:\/\/images.novelship.com\/product\/_women__nike_air_max_island_ih2052-299_3_69621.png;https:\/\/images.novelship.com\/product\/_women__nike_air_max_island_ih2052-299_4_69621.png;https:\/\/images.novelship.com\/product\/_women__nike_air_max_island_ih2052-299_5_69621.png;https:\/\/images.novelship.com\/product\/_women__nike_air_max_island_ih2052-299_6_69621.png;https:\/\/images.novelship.com\/product\/_women__nike_air_max_island_ih2052-299_7_69621.png\" \/>\n<meta name=\"twitter:label1\" content=\"Gesch\u00e4tzte Lesezeit\" \/>\n\t<meta name=\"twitter:data1\" content=\"1\u00a0Minute\" \/>\n<script type=\"application\/ld+json\" class=\"yoast-schema-graph\">{\"@context\":\"https:\/\/schema.org\",\"@graph\":[{\"@type\":\"WebPage\",\"@id\":\"\/\",\"url\":\"https:\/\/tourcruiser.com\/\",\"name\":\"(Women) Nike Air Max Isla 'Cream' - Tourcruiser PTE. LTD\",\"isPartOf\":{\"@id\":\"https:\/\/tourcruiser.com\/de\/#website\"},\"primaryImageOfPage\":{\"@id\":\"https:\/\/tourcruiser.com\/#primaryimage\"},\"image\":{\"@id\":\"https:\/\/tourcruiser.com\/#primaryimage\"},\"thumbnailUrl\":\"https:\/\/images.novelship.com\/product\/_women__nike_air_max_island_ih2052-299_0_69618.png;https:\/\/images.novelship.com\/product\/_women__nike_air_max_island_ih2052-299_1_69621.png;https:\/\/images.novelship.com\/product\/_women__nike_air_max_island_ih2052-299_2_69621.png;https:\/\/images.novelship.com\/product\/_women__nike_air_max_island_ih2052-299_3_69621.png;https:\/\/images.novelship.com\/product\/_women__nike_air_max_island_ih2052-299_4_69621.png;https:\/\/images.novelship.com\/product\/_women__nike_air_max_island_ih2052-299_5_69621.png;https:\/\/images.novelship.com\/product\/_women__nike_air_max_island_ih2052-299_6_69621.png;https:\/\/images.novelship.com\/product\/_women__nike_air_max_island_ih2052-299_7_69621.png\",\"datePublished\":\"2026-03-02T08:51:06+00:00\",\"dateModified\":\"2026-03-27T18:21:07+00:00\",\"breadcrumb\":{\"@id\":\"https:\/\/tourcruiser.com\/#breadcrumb\"},\"inLanguage\":\"de\",\"potentialAction\":[{\"@type\":\"ReadAction\",\"target\":[\"https:\/\/tourcruiser.com\/\"]}]},{\"@type\":\"ImageObject\",\"inLanguage\":\"de\",\"@id\":\"https:\/\/tourcruiser.com\/#primaryimage\",\"url\":\"https:\/\/images.novelship.com\/product\/_women__nike_air_max_island_ih2052-299_0_69618.png;https:\/\/images.novelship.com\/product\/_women__nike_air_max_island_ih2052-299_1_69621.png;https:\/\/images.novelship.com\/product\/_women__nike_air_max_island_ih2052-299_2_69621.png;https:\/\/images.novelship.com\/product\/_women__nike_air_max_island_ih2052-299_3_69621.png;https:\/\/images.novelship.com\/product\/_women__nike_air_max_island_ih2052-299_4_69621.png;https:\/\/images.novelship.com\/product\/_women__nike_air_max_island_ih2052-299_5_69621.png;https:\/\/images.novelship.com\/product\/_women__nike_air_max_island_ih2052-299_6_69621.png;https:\/\/images.novelship.com\/product\/_women__nike_air_max_island_ih2052-299_7_69621.png\",\"contentUrl\":\"https:\/\/images.novelship.com\/product\/_women__nike_air_max_island_ih2052-299_0_69618.png;https:\/\/images.novelship.com\/product\/_women__nike_air_max_island_ih2052-299_1_69621.png;https:\/\/images.novelship.com\/product\/_women__nike_air_max_island_ih2052-299_2_69621.png;https:\/\/images.novelship.com\/product\/_women__nike_air_max_island_ih2052-299_3_69621.png;https:\/\/images.novelship.com\/product\/_women__nike_air_max_island_ih2052-299_4_69621.png;https:\/\/images.novelship.com\/product\/_women__nike_air_max_island_ih2052-299_5_69621.png;https:\/\/images.novelship.com\/product\/_women__nike_air_max_island_ih2052-299_6_69621.png;https:\/\/images.novelship.com\/product\/_women__nike_air_max_island_ih2052-299_7_69621.png\"},{\"@type\":\"BreadcrumbList\",\"@id\":\"https:\/\/tourcruiser.com\/#breadcrumb\",\"itemListElement\":[{\"@type\":\"ListItem\",\"position\":1,\"name\":\"Home\",\"item\":\"https:\/\/tourcruiser.com\/de\/\"},{\"@type\":\"ListItem\",\"position\":2,\"name\":\"Shop\",\"item\":\"https:\/\/tourcruiser.com\/de\/shop\/\"},{\"@type\":\"ListItem\",\"position\":3,\"name\":\"(Women) Nike Air Max Isla &#8218;Cream&#8216;\"}]},{\"@type\":\"WebSite\",\"@id\":\"https:\/\/tourcruiser.com\/de\/#website\",\"url\":\"https:\/\/tourcruiser.com\/de\/\",\"name\":\"Styloral Jewelry Shop\",\"description\":\"Tourcruiser Sneaker Store \u2014 der Ort, an dem das Universum deine Einzigartigkeit trifft.\",\"publisher\":{\"@id\":\"https:\/\/tourcruiser.com\/de\/#organization\"},\"potentialAction\":[{\"@type\":\"SearchAction\",\"target\":{\"@type\":\"EntryPoint\",\"urlTemplate\":\"https:\/\/tourcruiser.com\/de\/?s={search_term_string}\"},\"query-input\":{\"@type\":\"PropertyValueSpecification\",\"valueRequired\":true,\"valueName\":\"search_term_string\"}}],\"inLanguage\":\"de\"},{\"@type\":\"Organization\",\"@id\":\"https:\/\/tourcruiser.com\/de\/#organization\",\"name\":\"STYLORAL PTE. LTD\",\"url\":\"https:\/\/tourcruiser.com\/de\/\",\"logo\":{\"@type\":\"ImageObject\",\"inLanguage\":\"de\",\"@id\":\"https:\/\/tourcruiser.com\/de\/#\/schema\/logo\/image\/\",\"url\":\"https:\/\/www.tourcruiser.com\/wp-content\/uploads\/2025\/12\/logo.png\",\"contentUrl\":\"https:\/\/www.tourcruiser.com\/wp-content\/uploads\/2025\/12\/logo.png\",\"width\":200,\"height\":65,\"caption\":\"STYLORAL PTE. LTD\"},\"image\":{\"@id\":\"https:\/\/tourcruiser.com\/de\/#\/schema\/logo\/image\/\"}}]}<\/script>\n<!-- \/ Yoast SEO plugin. -->","yoast_head_json":{"title":"(Women) Nike Air Max Isla 'Cream'  - Tourcruiser PTE. LTD","robots":{"index":"index","follow":"follow","max-snippet":"max-snippet:-1","max-image-preview":"max-image-preview:large","max-video-preview":"max-video-preview:-1"},"canonical":"https:\/\/tourcruiser.com\/","og_locale":"de_DE","og_type":"article","og_title":"(Women) Nike Air Max Isla 'Cream'  - Tourcruiser PTE. LTD","og_description":"Nike Air Max Island \u201d\u201d Cream II\/Cream II\/Cream II\/Cream II","og_url":"\/","og_site_name":"Tourcruiser Sneaker Store","article_modified_time":"2026-03-27T18:21:07+00:00","twitter_card":"summary_large_image","twitter_image":"https:\/\/images.novelship.com\/product\/_women__nike_air_max_island_ih2052-299_0_69618.png;https:\/\/images.novelship.com\/product\/_women__nike_air_max_island_ih2052-299_1_69621.png;https:\/\/images.novelship.com\/product\/_women__nike_air_max_island_ih2052-299_2_69621.png;https:\/\/images.novelship.com\/product\/_women__nike_air_max_island_ih2052-299_3_69621.png;https:\/\/images.novelship.com\/product\/_women__nike_air_max_island_ih2052-299_4_69621.png;https:\/\/images.novelship.com\/product\/_women__nike_air_max_island_ih2052-299_5_69621.png;https:\/\/images.novelship.com\/product\/_women__nike_air_max_island_ih2052-299_6_69621.png;https:\/\/images.novelship.com\/product\/_women__nike_air_max_island_ih2052-299_7_69621.png","twitter_misc":{"Gesch\u00e4tzte Lesezeit":"1\u00a0Minute"},"schema":{"@context":"https:\/\/schema.org","@graph":[{"@type":"WebPage","@id":"\/","url":"https:\/\/tourcruiser.com\/","name":"(Women) Nike Air Max Isla 'Cream' - Tourcruiser PTE. LTD","isPartOf":{"@id":"https:\/\/tourcruiser.com\/de\/#website"},"primaryImageOfPage":{"@id":"https:\/\/tourcruiser.com\/#primaryimage"},"image":{"@id":"https:\/\/tourcruiser.com\/#primaryimage"},"thumbnailUrl":"https:\/\/images.novelship.com\/product\/_women__nike_air_max_island_ih2052-299_0_69618.png;https:\/\/images.novelship.com\/product\/_women__nike_air_max_island_ih2052-299_1_69621.png;https:\/\/images.novelship.com\/product\/_women__nike_air_max_island_ih2052-299_2_69621.png;https:\/\/images.novelship.com\/product\/_women__nike_air_max_island_ih2052-299_3_69621.png;https:\/\/images.novelship.com\/product\/_women__nike_air_max_island_ih2052-299_4_69621.png;https:\/\/images.novelship.com\/product\/_women__nike_air_max_island_ih2052-299_5_69621.png;https:\/\/images.novelship.com\/product\/_women__nike_air_max_island_ih2052-299_6_69621.png;https:\/\/images.novelship.com\/product\/_women__nike_air_max_island_ih2052-299_7_69621.png","datePublished":"2026-03-02T08:51:06+00:00","dateModified":"2026-03-27T18:21:07+00:00","breadcrumb":{"@id":"https:\/\/tourcruiser.com\/#breadcrumb"},"inLanguage":"de","potentialAction":[{"@type":"ReadAction","target":["https:\/\/tourcruiser.com\/"]}]},{"@type":"ImageObject","inLanguage":"de","@id":"https:\/\/tourcruiser.com\/#primaryimage","url":"https:\/\/images.novelship.com\/product\/_women__nike_air_max_island_ih2052-299_0_69618.png;https:\/\/images.novelship.com\/product\/_women__nike_air_max_island_ih2052-299_1_69621.png;https:\/\/images.novelship.com\/product\/_women__nike_air_max_island_ih2052-299_2_69621.png;https:\/\/images.novelship.com\/product\/_women__nike_air_max_island_ih2052-299_3_69621.png;https:\/\/images.novelship.com\/product\/_women__nike_air_max_island_ih2052-299_4_69621.png;https:\/\/images.novelship.com\/product\/_women__nike_air_max_island_ih2052-299_5_69621.png;https:\/\/images.novelship.com\/product\/_women__nike_air_max_island_ih2052-299_6_69621.png;https:\/\/images.novelship.com\/product\/_women__nike_air_max_island_ih2052-299_7_69621.png","contentUrl":"https:\/\/images.novelship.com\/product\/_women__nike_air_max_island_ih2052-299_0_69618.png;https:\/\/images.novelship.com\/product\/_women__nike_air_max_island_ih2052-299_1_69621.png;https:\/\/images.novelship.com\/product\/_women__nike_air_max_island_ih2052-299_2_69621.png;https:\/\/images.novelship.com\/product\/_women__nike_air_max_island_ih2052-299_3_69621.png;https:\/\/images.novelship.com\/product\/_women__nike_air_max_island_ih2052-299_4_69621.png;https:\/\/images.novelship.com\/product\/_women__nike_air_max_island_ih2052-299_5_69621.png;https:\/\/images.novelship.com\/product\/_women__nike_air_max_island_ih2052-299_6_69621.png;https:\/\/images.novelship.com\/product\/_women__nike_air_max_island_ih2052-299_7_69621.png"},{"@type":"BreadcrumbList","@id":"https:\/\/tourcruiser.com\/#breadcrumb","itemListElement":[{"@type":"ListItem","position":1,"name":"Home","item":"https:\/\/tourcruiser.com\/de\/"},{"@type":"ListItem","position":2,"name":"Shop","item":"https:\/\/tourcruiser.com\/de\/shop\/"},{"@type":"ListItem","position":3,"name":"(Women) Nike Air Max Isla &#8218;Cream&#8216;"}]},{"@type":"WebSite","@id":"https:\/\/tourcruiser.com\/de\/#website","url":"https:\/\/tourcruiser.com\/de\/","name":"Styloral Jewelry Shop","description":"Tourcruiser Sneaker Store \u2014 der Ort, an dem das Universum deine Einzigartigkeit trifft.","publisher":{"@id":"https:\/\/tourcruiser.com\/de\/#organization"},"potentialAction":[{"@type":"SearchAction","target":{"@type":"EntryPoint","urlTemplate":"https:\/\/tourcruiser.com\/de\/?s={search_term_string}"},"query-input":{"@type":"PropertyValueSpecification","valueRequired":true,"valueName":"search_term_string"}}],"inLanguage":"de"},{"@type":"Organization","@id":"https:\/\/tourcruiser.com\/de\/#organization","name":"STYLORAL PTE. LTD","url":"https:\/\/tourcruiser.com\/de\/","logo":{"@type":"ImageObject","inLanguage":"de","@id":"https:\/\/tourcruiser.com\/de\/#\/schema\/logo\/image\/","url":"https:\/\/www.tourcruiser.com\/wp-content\/uploads\/2025\/12\/logo.png","contentUrl":"https:\/\/www.tourcruiser.com\/wp-content\/uploads\/2025\/12\/logo.png","width":200,"height":65,"caption":"STYLORAL PTE. LTD"},"image":{"@id":"https:\/\/tourcruiser.com\/de\/#\/schema\/logo\/image\/"}}]}},"_links":{"self":[{"href":"https:\/\/tourcruiser.com\/de\/wp-json\/wp\/v2\/product\/150327","targetHints":{"allow":["GET"]}}],"collection":[{"href":"https:\/\/tourcruiser.com\/de\/wp-json\/wp\/v2\/product"}],"about":[{"href":"https:\/\/tourcruiser.com\/de\/wp-json\/wp\/v2\/types\/product"}],"replies":[{"embeddable":true,"href":"https:\/\/tourcruiser.com\/de\/wp-json\/wp\/v2\/comments?post=150327"}],"wp:featuredmedia":[{"embeddable":true,"href":"https:\/\/tourcruiser.com\/de\/wp-json\/wp\/v2\/media\/150328"}],"wp:attachment":[{"href":"https:\/\/tourcruiser.com\/de\/wp-json\/wp\/v2\/media?parent=150327"}],"wp:term":[{"taxonomy":"product_brand","embeddable":true,"href":"https:\/\/tourcruiser.com\/de\/wp-json\/wp\/v2\/product_brand?post=150327"},{"taxonomy":"product_cat","embeddable":true,"href":"https:\/\/tourcruiser.com\/de\/wp-json\/wp\/v2\/product_cat?post=150327"},{"taxonomy":"product_tag","embeddable":true,"href":"https:\/\/tourcruiser.com\/de\/wp-json\/wp\/v2\/product_tag?post=150327"}],"curies":[{"name":"wp","href":"https:\/\/api.w.org\/{rel}","templated":true}]}}