{"id":149757,"date":"2026-03-02T15:50:17","date_gmt":"2026-03-02T08:50:17","guid":{"rendered":"http:\/\/tourcruiser.com\/product\/nike-ja-1-scratch-ep-white-turbo-green"},"modified":"2026-03-03T18:01:07","modified_gmt":"2026-03-03T11:01:07","slug":"nike-ja-1-scratch-ep-white-turbo-green","status":"publish","type":"product","link":"https:\/\/tourcruiser.com\/de\/products\/nike-ja-1-scratch-ep-white-turbo-green\/","title":{"rendered":"Nike JA 1 &#8218;Scratch&#8216; EP Basketball Shoes"},"content":{"rendered":"<p>Verbessere dein Spiel mit dem Nike JA 1 &#8218;Scratch&#8216; EP in Wei\u00df und Turbogr\u00fcn \u201d\u201c einem Basketballschuh f\u00fcr Spieler, die auf und neben dem Court Agilit\u00e4t, Schnelligkeit und Style fordern. Das Modell besticht durch seine schlanke, flache Silhouette und ist mit einem leichten Mesh-Obermaterial sowie verst\u00e4rkten Eins\u00e4tzen f\u00fcr verbesserte Strapazierf\u00e4higkeit und Atmungsaktivit\u00e4t bei intensivem Spiel ausgestattet. Die Akzente in Turbogr\u00fcn setzen frische Farbakzente, w\u00e4hrend die markanten, von Kratzern inspirierten Details f\u00fcr einen dynamischen Look sorgen.<\/p>\n<p>Die reaktionsfreudige D\u00e4mpfung mit Zoom Air-Element garantiert explosive Energier\u00fcckgabe und hilft dir, der Konkurrenz immer einen Schritt voraus zu sein. Die strapazierf\u00e4hige Gummiau\u00dfensohle bietet au\u00dfergew\u00f6hnlichen Grip und multidirektionale Traktion und gibt dir die Sicherheit, schnelle Richtungswechsel und pr\u00e4zise Bewegungen auszuf\u00fchren. Dank der erweiterten Vorfu\u00dfunterst\u00fctzung bietet der JA 1 zus\u00e4tzliche Stabilit\u00e4t bei jedem Schritt und ist somit perfekt f\u00fcr Hochleistungssportler und Basketballbegeisterte gleicherma\u00dfen.<\/p>\n<p>Egal ob auf dem Parkett oder auf der Stra\u00dfe \u201d\u201c der Nike JA 1 &#8218;Scratch&#8216; EP vereint innovative Technologie mit modernem Design und sorgt so f\u00fcr optimale Performance und Funktionalit\u00e4t. Mit diesem vielseitigen Sneaker, der auf Geschwindigkeit, Komfort und H\u00f6chstleistung in jeder Situation ausgelegt ist, machst du Eindruck.<\/p>\n<ul>\n<li><strong>Farbgebung:<\/strong> Wei\u00df\/Schwarz-Turbogr\u00fcn-University Red-Beach<\/li>\n<li><strong>Style-Code:<\/strong> HJ7929-100<\/li>\n<li><strong>Obermaterial:<\/strong> Mesh<\/li>\n<li><strong>Mittelsohle:<\/strong> Zoom Air<\/li>\n<li><strong>Farbe:<\/strong> Wei\u00df<\/li>\n<\/ul>\n","protected":false},"excerpt":{"rendered":"<p>Nike None \u201d\u201d White\/Black-Turbo Green-University Red-Beach<\/p>\n","protected":false},"featured_media":149758,"comment_status":"open","ping_status":"closed","template":"","meta":[],"product_brand":[],"product_cat":[10803],"product_tag":[10800,11129,10801,10802,10758],"class_list":{"0":"post-149757","1":"product","2":"type-product","3":"status-publish","4":"has-post-thumbnail","6":"product_cat-nike","7":"product_tag-basketball-shoes","8":"product_tag-lightweight-basketball-shoes","9":"product_tag-nike","10":"product_tag-performance-sport-shoes","11":"product_tag-under-retail","12":"wcpa_has_options","14":"first","15":"instock","16":"taxable","17":"shipping-taxable","18":"purchasable","19":"product-type-simple"},"wcpa_form_fields":{"rules":{"pric_overide_base_price":false,"pric_overide_base_price_if_gt_zero":false,"pric_overide_base_price_fully":false,"pric_cal_option_once":false,"pric_use_as_fee":false,"bind_quantity":false,"quantity_bind_formula":false},"fields":[{"type":"color-group","required":true,"elementId":"wcpa-color-group-66c4a75505e74","label":"Gr\u00f6\u00dfe - EU Gr\u00f6\u00dfe","inline":true,"priceOptions":"different_for_all","pricingType":"fixed","className":"hassizechart product-shoes-size-eu product-shoes-size","name":"color-group-66c4a75505e89","disp_type":"square","selection_type":"tick-border","disp_size":"44","show_label_inside":true,"adjust_width":true,"cart_display_type":"text","other_text":"Other","cl_rule":"show","col":6,"values":[{"label":"35.5","value":"EU 35.5","price":"","pimage":"","pimage_id":"","pthumb":"","color":""},{"label":"36","value":"EU 36","price":"","pimage":"","pimage_id":"","pthumb":"","color":"","selected":true},{"label":"36.5","value":"EU 36.5","price":"","pimage":"","pimage_id":"","pthumb":"","color":""},{"label":"37.5","value":"EU 37.5","price":"","pimage":"","pimage_id":"","pthumb":"","color":""},{"label":"38","value":"EU 38","price":"","pimage":"","pimage_id":"","pthumb":"","color":""},{"label":"38.5","value":"EU 38.5","price":"","pimage":"","pimage_id":"","pthumb":"","color":""},{"label":"39","value":"EU 39","price":"","pimage":"","pimage_id":"","pthumb":"","color":""},{"label":"40","value":"EU 40","price":"","pimage":"","pimage_id":"","pthumb":"","color":""},{"label":"40.5","value":"EU 40.5","price":"","pimage":"","pimage_id":"","pthumb":"","color":""},{"label":"41","value":"EU 41","price":"","pimage":"","pimage_id":"","pthumb":"","color":""},{"label":"42","value":"EU 42","price":"","pimage":"","pimage_id":"","pthumb":"","color":""},{"label":"42.5","value":"EU 42.5","price":"","pimage":"","pimage_id":"","pthumb":"","color":""},{"label":"43","value":"EU 43","price":"","pimage":"","pimage_id":"","pthumb":"","color":""},{"label":"44","value":"EU 44","price":"","pimage":"","pimage_id":"","pthumb":"","color":""},{"label":"44.5","value":"EU 44.5","price":"","pimage":"","pimage_id":"","pthumb":"","color":""},{"label":"45","value":"EU 45","price":"","pimage":"","pimage_id":"","pthumb":"","color":""},{"label":"45.5","value":"EU 45.5","price":"","pimage":"","pimage_id":"","pthumb":"","color":""},{"label":"46","value":"EU 46","price":"","pimage":"","pimage_id":"","pthumb":"","color":""},{"label":"47","value":"EU 47","price":"","pimage":"","pimage_id":"","pthumb":"","color":""},{"label":"47.5","value":"EU 47.5","price":"","pimage":"","pimage_id":"","pthumb":"","color":""},{"label":"48","value":"EU 48","price":"","pimage":"","pimage_id":"","pthumb":"","color":""}],"relations":[{"operator":false,"rules":[]}],"form_id":18106,"form_rules":{"pric_cal_option_once":false,"exclude_from_discount":false,"pric_use_as_fee":false,"fee_label":"Fee","render_after_acb":false,"disp_hide_options_price":false}}]},"yoast_head":"<!-- This site is optimized with the Yoast SEO plugin v26.5 - https:\/\/yoast.com\/wordpress\/plugins\/seo\/ -->\n<title>Nike JA 1 &#039;Scratch&#039; EP Basketball Shoes - Tourcruiser PTE. LTD<\/title>\n<meta name=\"robots\" content=\"index, follow, max-snippet:-1, max-image-preview:large, max-video-preview:-1\" \/>\n<link rel=\"canonical\" href=\"https:\/\/tourcruiser.com\/de\/products\/nike-ja-1-scratch-ep-white-turbo-green\/\" \/>\n<meta property=\"og:locale\" content=\"de_DE\" \/>\n<meta property=\"og:type\" content=\"article\" \/>\n<meta property=\"og:title\" content=\"Nike JA 1 &#039;Scratch&#039; EP Basketball Shoes - Tourcruiser PTE. LTD\" \/>\n<meta property=\"og:description\" content=\"Nike None \u201d\u201d White\/Black-Turbo Green-University Red-Beach\" \/>\n<meta property=\"og:url\" content=\"https:\/\/tourcruiser.com\/de\/products\/nike-ja-1-scratch-ep-white-turbo-green\/\" \/>\n<meta property=\"og:site_name\" content=\"Tourcruiser Sneaker Store\" \/>\n<meta property=\"article:modified_time\" content=\"2026-03-03T11:01:07+00:00\" \/>\n<meta name=\"twitter:card\" content=\"summary_large_image\" \/>\n<meta name=\"twitter:image\" content=\"https:\/\/images.novelship.com\/product\/nike_ja_1__scratch__ep__white_turbo_green__hj7929-_0_86236.jpeg\" \/>\n<meta name=\"twitter:label1\" content=\"Gesch\u00e4tzte Lesezeit\" \/>\n\t<meta name=\"twitter:data1\" content=\"2\u00a0Minuten\" \/>\n<script type=\"application\/ld+json\" class=\"yoast-schema-graph\">{\"@context\":\"https:\/\/schema.org\",\"@graph\":[{\"@type\":\"WebPage\",\"@id\":\"https:\/\/tourcruiser.com\/de\/products\/nike-ja-1-scratch-ep-white-turbo-green\/\",\"url\":\"https:\/\/tourcruiser.com\/de\/products\/nike-ja-1-scratch-ep-white-turbo-green\/\",\"name\":\"Nike JA 1 'Scratch' EP Basketball Shoes - Tourcruiser PTE. LTD\",\"isPartOf\":{\"@id\":\"https:\/\/tourcruiser.com\/de\/#website\"},\"primaryImageOfPage\":{\"@id\":\"https:\/\/tourcruiser.com\/de\/products\/nike-ja-1-scratch-ep-white-turbo-green\/#primaryimage\"},\"image\":{\"@id\":\"https:\/\/tourcruiser.com\/de\/products\/nike-ja-1-scratch-ep-white-turbo-green\/#primaryimage\"},\"thumbnailUrl\":\"https:\/\/images.novelship.com\/product\/nike_ja_1__scratch__ep__white_turbo_green__hj7929-_0_86236.jpeg\",\"datePublished\":\"2026-03-02T08:50:17+00:00\",\"dateModified\":\"2026-03-03T11:01:07+00:00\",\"breadcrumb\":{\"@id\":\"https:\/\/tourcruiser.com\/de\/products\/nike-ja-1-scratch-ep-white-turbo-green\/#breadcrumb\"},\"inLanguage\":\"de\",\"potentialAction\":[{\"@type\":\"ReadAction\",\"target\":[\"https:\/\/tourcruiser.com\/de\/products\/nike-ja-1-scratch-ep-white-turbo-green\/\"]}]},{\"@type\":\"ImageObject\",\"inLanguage\":\"de\",\"@id\":\"https:\/\/tourcruiser.com\/de\/products\/nike-ja-1-scratch-ep-white-turbo-green\/#primaryimage\",\"url\":\"https:\/\/images.novelship.com\/product\/nike_ja_1__scratch__ep__white_turbo_green__hj7929-_0_86236.jpeg\",\"contentUrl\":\"https:\/\/images.novelship.com\/product\/nike_ja_1__scratch__ep__white_turbo_green__hj7929-_0_86236.jpeg\",\"caption\":\"Nike JA 1 \u201d\u02dcScratch\u201d\u2122 EP &#8216;White Turbo Green&#8217;\"},{\"@type\":\"BreadcrumbList\",\"@id\":\"https:\/\/tourcruiser.com\/de\/products\/nike-ja-1-scratch-ep-white-turbo-green\/#breadcrumb\",\"itemListElement\":[{\"@type\":\"ListItem\",\"position\":1,\"name\":\"Home\",\"item\":\"https:\/\/tourcruiser.com\/de\/\"},{\"@type\":\"ListItem\",\"position\":2,\"name\":\"Shop\",\"item\":\"https:\/\/tourcruiser.com\/de\/shop\/\"},{\"@type\":\"ListItem\",\"position\":3,\"name\":\"Nike JA 1 'Scratch' EP Basketball Shoes\"}]},{\"@type\":\"WebSite\",\"@id\":\"https:\/\/tourcruiser.com\/de\/#website\",\"url\":\"https:\/\/tourcruiser.com\/de\/\",\"name\":\"Styloral Jewelry Shop\",\"description\":\"Tourcruiser Sneaker Store \u2014 der Ort, an dem das Universum deine Einzigartigkeit trifft.\",\"publisher\":{\"@id\":\"https:\/\/tourcruiser.com\/de\/#organization\"},\"potentialAction\":[{\"@type\":\"SearchAction\",\"target\":{\"@type\":\"EntryPoint\",\"urlTemplate\":\"https:\/\/tourcruiser.com\/de\/?s={search_term_string}\"},\"query-input\":{\"@type\":\"PropertyValueSpecification\",\"valueRequired\":true,\"valueName\":\"search_term_string\"}}],\"inLanguage\":\"de\"},{\"@type\":\"Organization\",\"@id\":\"https:\/\/tourcruiser.com\/de\/#organization\",\"name\":\"STYLORAL PTE. LTD\",\"url\":\"https:\/\/tourcruiser.com\/de\/\",\"logo\":{\"@type\":\"ImageObject\",\"inLanguage\":\"de\",\"@id\":\"https:\/\/tourcruiser.com\/de\/#\/schema\/logo\/image\/\",\"url\":\"https:\/\/www.tourcruiser.com\/wp-content\/uploads\/2025\/12\/logo.png\",\"contentUrl\":\"https:\/\/www.tourcruiser.com\/wp-content\/uploads\/2025\/12\/logo.png\",\"width\":200,\"height\":65,\"caption\":\"STYLORAL PTE. LTD\"},\"image\":{\"@id\":\"https:\/\/tourcruiser.com\/de\/#\/schema\/logo\/image\/\"}}]}<\/script>\n<!-- \/ Yoast SEO plugin. -->","yoast_head_json":{"title":"Nike JA 1 'Scratch' EP Basketball Shoes - Tourcruiser PTE. LTD","robots":{"index":"index","follow":"follow","max-snippet":"max-snippet:-1","max-image-preview":"max-image-preview:large","max-video-preview":"max-video-preview:-1"},"canonical":"https:\/\/tourcruiser.com\/de\/products\/nike-ja-1-scratch-ep-white-turbo-green\/","og_locale":"de_DE","og_type":"article","og_title":"Nike JA 1 'Scratch' EP Basketball Shoes - Tourcruiser PTE. LTD","og_description":"Nike None \u201d\u201d White\/Black-Turbo Green-University Red-Beach","og_url":"https:\/\/tourcruiser.com\/de\/products\/nike-ja-1-scratch-ep-white-turbo-green\/","og_site_name":"Tourcruiser Sneaker Store","article_modified_time":"2026-03-03T11:01:07+00:00","twitter_card":"summary_large_image","twitter_image":"https:\/\/images.novelship.com\/product\/nike_ja_1__scratch__ep__white_turbo_green__hj7929-_0_86236.jpeg","twitter_misc":{"Gesch\u00e4tzte Lesezeit":"2\u00a0Minuten"},"schema":{"@context":"https:\/\/schema.org","@graph":[{"@type":"WebPage","@id":"https:\/\/tourcruiser.com\/de\/products\/nike-ja-1-scratch-ep-white-turbo-green\/","url":"https:\/\/tourcruiser.com\/de\/products\/nike-ja-1-scratch-ep-white-turbo-green\/","name":"Nike JA 1 'Scratch' EP Basketball Shoes - Tourcruiser PTE. LTD","isPartOf":{"@id":"https:\/\/tourcruiser.com\/de\/#website"},"primaryImageOfPage":{"@id":"https:\/\/tourcruiser.com\/de\/products\/nike-ja-1-scratch-ep-white-turbo-green\/#primaryimage"},"image":{"@id":"https:\/\/tourcruiser.com\/de\/products\/nike-ja-1-scratch-ep-white-turbo-green\/#primaryimage"},"thumbnailUrl":"https:\/\/images.novelship.com\/product\/nike_ja_1__scratch__ep__white_turbo_green__hj7929-_0_86236.jpeg","datePublished":"2026-03-02T08:50:17+00:00","dateModified":"2026-03-03T11:01:07+00:00","breadcrumb":{"@id":"https:\/\/tourcruiser.com\/de\/products\/nike-ja-1-scratch-ep-white-turbo-green\/#breadcrumb"},"inLanguage":"de","potentialAction":[{"@type":"ReadAction","target":["https:\/\/tourcruiser.com\/de\/products\/nike-ja-1-scratch-ep-white-turbo-green\/"]}]},{"@type":"ImageObject","inLanguage":"de","@id":"https:\/\/tourcruiser.com\/de\/products\/nike-ja-1-scratch-ep-white-turbo-green\/#primaryimage","url":"https:\/\/images.novelship.com\/product\/nike_ja_1__scratch__ep__white_turbo_green__hj7929-_0_86236.jpeg","contentUrl":"https:\/\/images.novelship.com\/product\/nike_ja_1__scratch__ep__white_turbo_green__hj7929-_0_86236.jpeg","caption":"Nike JA 1 \u201d\u02dcScratch\u201d\u2122 EP &#8216;White Turbo Green&#8217;"},{"@type":"BreadcrumbList","@id":"https:\/\/tourcruiser.com\/de\/products\/nike-ja-1-scratch-ep-white-turbo-green\/#breadcrumb","itemListElement":[{"@type":"ListItem","position":1,"name":"Home","item":"https:\/\/tourcruiser.com\/de\/"},{"@type":"ListItem","position":2,"name":"Shop","item":"https:\/\/tourcruiser.com\/de\/shop\/"},{"@type":"ListItem","position":3,"name":"Nike JA 1 'Scratch' EP Basketball Shoes"}]},{"@type":"WebSite","@id":"https:\/\/tourcruiser.com\/de\/#website","url":"https:\/\/tourcruiser.com\/de\/","name":"Styloral Jewelry Shop","description":"Tourcruiser Sneaker Store \u2014 der Ort, an dem das Universum deine Einzigartigkeit trifft.","publisher":{"@id":"https:\/\/tourcruiser.com\/de\/#organization"},"potentialAction":[{"@type":"SearchAction","target":{"@type":"EntryPoint","urlTemplate":"https:\/\/tourcruiser.com\/de\/?s={search_term_string}"},"query-input":{"@type":"PropertyValueSpecification","valueRequired":true,"valueName":"search_term_string"}}],"inLanguage":"de"},{"@type":"Organization","@id":"https:\/\/tourcruiser.com\/de\/#organization","name":"STYLORAL PTE. LTD","url":"https:\/\/tourcruiser.com\/de\/","logo":{"@type":"ImageObject","inLanguage":"de","@id":"https:\/\/tourcruiser.com\/de\/#\/schema\/logo\/image\/","url":"https:\/\/www.tourcruiser.com\/wp-content\/uploads\/2025\/12\/logo.png","contentUrl":"https:\/\/www.tourcruiser.com\/wp-content\/uploads\/2025\/12\/logo.png","width":200,"height":65,"caption":"STYLORAL PTE. LTD"},"image":{"@id":"https:\/\/tourcruiser.com\/de\/#\/schema\/logo\/image\/"}}]}},"_links":{"self":[{"href":"https:\/\/tourcruiser.com\/de\/wp-json\/wp\/v2\/product\/149757","targetHints":{"allow":["GET"]}}],"collection":[{"href":"https:\/\/tourcruiser.com\/de\/wp-json\/wp\/v2\/product"}],"about":[{"href":"https:\/\/tourcruiser.com\/de\/wp-json\/wp\/v2\/types\/product"}],"replies":[{"embeddable":true,"href":"https:\/\/tourcruiser.com\/de\/wp-json\/wp\/v2\/comments?post=149757"}],"wp:featuredmedia":[{"embeddable":true,"href":"https:\/\/tourcruiser.com\/de\/wp-json\/wp\/v2\/media\/149758"}],"wp:attachment":[{"href":"https:\/\/tourcruiser.com\/de\/wp-json\/wp\/v2\/media?parent=149757"}],"wp:term":[{"taxonomy":"product_brand","embeddable":true,"href":"https:\/\/tourcruiser.com\/de\/wp-json\/wp\/v2\/product_brand?post=149757"},{"taxonomy":"product_cat","embeddable":true,"href":"https:\/\/tourcruiser.com\/de\/wp-json\/wp\/v2\/product_cat?post=149757"},{"taxonomy":"product_tag","embeddable":true,"href":"https:\/\/tourcruiser.com\/de\/wp-json\/wp\/v2\/product_tag?post=149757"}],"curies":[{"name":"wp","href":"https:\/\/api.w.org\/{rel}","templated":true}]}}