{"id":149064,"date":"2026-03-02T15:49:18","date_gmt":"2026-03-02T08:49:18","guid":{"rendered":"http:\/\/tourcruiser.com\/product\/asics-sky-elite-ff-3"},"modified":"2026-03-28T01:20:10","modified_gmt":"2026-03-27T18:20:10","slug":"asics-sky-elite-ff-3","status":"publish","type":"product","link":"https:\/\/tourcruiser.com\/de\/products\/asics-sky-elite-ff-3\/","title":{"rendered":"ASICS SKY ELITE FF 3"},"content":{"rendered":"<p>Steigere deine Leistung auf dem Spielfeld mit dem ASICS SKY ELITE FF 3, einem Premium-Volleyballschuh, der f\u00fcr explosive Spr\u00fcnge, optimale D\u00e4mpfung und kompromisslose Stabilit\u00e4t entwickelt wurde. Dank der fortschrittlichen FlyteFoam-Mittelsohlentechnologie bietet dieser Schuh leichten Tragekomfort und reaktionsschnelle Energier\u00fcckgabe, damit du immer dein Bestes geben kannst. Das optimierte TWISTRUSS-System verbessert deine Agilit\u00e4t und Beweglichkeit bei schnellen Spielz\u00fcgen, w\u00e4hrend das geschwungene Fersendesign f\u00fcr geschmeidigere \u00dcberg\u00e4nge und weniger Aufprallkr\u00e4fte bei Abspr\u00fcngen und Landungen sorgt. Das robuste und gleichzeitig atmungsaktive Mesh-Obermaterial bietet sicheren Halt und f\u00f6rdert die Luftzirkulation, sodass deine F\u00fc\u00dfe auch bei intensiven Spielen k\u00fchl und trocken bleiben. Mit seiner strapazierf\u00e4higen Au\u00dfensohle f\u00fcr hervorragenden Grip und Traktion auf Hallenb\u00f6den hilft dir der SKY ELITE FF 3, die Kontrolle auch bei schnellen Seitw\u00e4rtsbewegungen zu behalten. Dieses elegante, leistungsstarke Modell in der auff\u00e4lligen Farbkombination 1051A080-103 steigert nicht nur deinen Wettbewerbsvorteil, sondern besticht auch durch eine moderne, sportliche Optik. Erg\u00e4nze deine Volleyballausr\u00fcstung mit diesem ultimativen Schuh und erlebe Agilit\u00e4t, Pr\u00e4zision und Komfort auf h\u00f6chstem Niveau \u201d\u201c f\u00fcr optimale Unterst\u00fctzung bei jeder Bewegung. Egal ob Profisportler oder begeisterter Volleyballspieler: Mit dem ASICS SKY ELITE FF 3 dominierst du das Spielfeld mit K\u00f6nnen und Selbstvertrauen.<\/p>\n<ul>\n<li><strong>Farbgebung:<\/strong> Wei\u00df\/Nova Orange<\/li>\n<li><strong>Artikelnummer:<\/strong> 1051A080-103<\/li>\n<li><strong>Obermaterial:<\/strong> Mesh<\/li>\n<li><strong>Zwischensohle:<\/strong> FlyteFoam Blast+<\/li>\n<li><strong>Farbe:<\/strong> Wei\u00df<\/li>\n<\/ul>\n","protected":false},"excerpt":{"rendered":"<p>ASICS SKY ELITE FF 3 \u201d\u201d White\/Nova Orange<\/p>\n","protected":false},"featured_media":149065,"comment_status":"open","ping_status":"closed","template":"","meta":[],"product_brand":[],"product_cat":[10792],"product_tag":[10791,10839,10802,10758,10912],"class_list":{"0":"post-149064","1":"product","2":"type-product","3":"status-publish","4":"has-post-thumbnail","6":"product_cat-asics","7":"product_tag-asics","8":"product_tag-performance-running-shoes","9":"product_tag-performance-sport-shoes","10":"product_tag-under-retail","11":"product_tag-volleyball-shoes","12":"wcpa_has_options","14":"first","15":"outofstock","16":"taxable","17":"shipping-taxable","18":"purchasable","19":"product-type-simple"},"wcpa_form_fields":{"rules":{"pric_overide_base_price":false,"pric_overide_base_price_if_gt_zero":false,"pric_overide_base_price_fully":false,"pric_cal_option_once":false,"pric_use_as_fee":false,"bind_quantity":false,"quantity_bind_formula":false},"fields":[{"type":"color-group","required":true,"elementId":"wcpa-color-group-69a5ab08ee12d","label":"Gr\u00f6\u00dfe","inline":true,"priceOptions":"different_for_all","pricingType":"fixed","className":"hassizechart product-shoes-size-eu product-shoes-size","name":"color-group-69a5ab08ee136","disp_type":"square","selection_type":"tick-border","disp_size":"50","show_label_inside":true,"adjust_width":true,"cart_display_type":"text","other_text":"Other","cl_rule":"show","col":6,"values":[{"label":"36","value":"EU 36","price":"","pimage":"","pimage_id":"","pthumb":"","color":"","selected":true},{"label":"37","value":"EU 37","price":"","pimage":"","pimage_id":"","pthumb":"","color":""},{"label":"37.5","value":"EU 37.5","price":"","pimage":"","pimage_id":"","pthumb":"","color":""},{"label":"38","value":"EU 38","price":"","pimage":"","pimage_id":"","pthumb":"","color":""},{"label":"38.5","value":"EU 38.5","price":"","pimage":"","pimage_id":"","pthumb":"","color":""},{"label":"39","value":"EU 39","price":"","pimage":"","pimage_id":"","pthumb":"","color":""},{"label":"39.5","value":"EU 39.5","price":"","pimage":"","pimage_id":"","pthumb":"","color":""},{"label":"40","value":"EU 40","price":"","pimage":"","pimage_id":"","pthumb":"","color":""},{"label":"40.5","value":"EU 40.5","price":"","pimage":"","pimage_id":"","pthumb":"","color":""},{"label":" 41.5","value":"EU 41.5","price":"","pimage":"","pimage_id":"","pthumb":"","color":""},{"label":"42","value":"EU 42","price":"","pimage":"","pimage_id":"","pthumb":"","color":""},{"label":"42.5","value":"EU 42.5","price":"","pimage":"","pimage_id":"","pthumb":"","color":""},{"label":"43.5","value":"EU 43.5","price":"","pimage":"","pimage_id":"","pthumb":"","color":""},{"label":"44","value":"EU 44","price":"","pimage":"","pimage_id":"","pthumb":"","color":""},{"label":"44.5","value":"EU 44.5","price":"","pimage":"","pimage_id":"","pthumb":"","color":""},{"label":"45","value":"EU 45","price":"","pimage":"","pimage_id":"","pthumb":"","color":""}],"relations":[{"operator":false,"rules":[]}],"form_id":184311,"form_rules":{"pric_cal_option_once":false,"exclude_from_discount":false,"pric_use_as_fee":false,"fee_label":"Fee","render_after_acb":false,"disp_hide_options_price":false}}]},"yoast_head":"<!-- This site is optimized with the Yoast SEO plugin v26.5 - https:\/\/yoast.com\/wordpress\/plugins\/seo\/ -->\n<title>ASICS SKY ELITE FF 3  - Tourcruiser PTE. LTD<\/title>\n<meta name=\"robots\" content=\"index, follow, max-snippet:-1, max-image-preview:large, max-video-preview:-1\" \/>\n<link rel=\"canonical\" href=\"https:\/\/tourcruiser.com\/de\/products\/asics-sky-elite-ff-3\/\" \/>\n<meta property=\"og:locale\" content=\"de_DE\" \/>\n<meta property=\"og:type\" content=\"article\" \/>\n<meta property=\"og:title\" content=\"ASICS SKY ELITE FF 3  - Tourcruiser PTE. LTD\" \/>\n<meta property=\"og:description\" content=\"ASICS SKY ELITE FF 3 \u201d\u201d White\/Nova Orange\" \/>\n<meta property=\"og:url\" content=\"https:\/\/tourcruiser.com\/de\/products\/asics-sky-elite-ff-3\/\" \/>\n<meta property=\"og:site_name\" content=\"Tourcruiser Sneaker Store\" \/>\n<meta property=\"article:modified_time\" content=\"2026-03-27T18:20:10+00:00\" \/>\n<meta name=\"twitter:card\" content=\"summary_large_image\" \/>\n<meta name=\"twitter:image\" content=\"https:\/\/images.novelship.com\/product\/asics_sky_elite_ff_3_1051a080-103_0_42126.jpeg;https:\/\/images.novelship.com\/product\/asics_sky_elite_ff_3_1051a080-103_1_42126.jpeg;https:\/\/images.novelship.com\/product\/asics_sky_elite_ff_3_1051a080-103_2_42126.jpeg;https:\/\/images.novelship.com\/product\/asics_sky_elite_ff_3_1051a080-103_3_42126.jpeg;https:\/\/images.novelship.com\/product\/asics_sky_elite_ff_3_1051a080-103_4_42126.jpeg;https:\/\/images.novelship.com\/product\/asics_sky_elite_ff_3_1051a080-103_5_42126.jpeg;https:\/\/images.novelship.com\/product\/asics_sky_elite_ff_3_1051a080-103_6_42126.jpeg;https:\/\/images.novelship.com\/product\/asics_sky_elite_ff_3_1051a080-103_7_42126.jpeg\" \/>\n<meta name=\"twitter:label1\" content=\"Gesch\u00e4tzte Lesezeit\" \/>\n\t<meta name=\"twitter:data1\" content=\"1\u00a0Minute\" \/>\n<script type=\"application\/ld+json\" class=\"yoast-schema-graph\">{\"@context\":\"https:\/\/schema.org\",\"@graph\":[{\"@type\":\"WebPage\",\"@id\":\"https:\/\/tourcruiser.com\/de\/products\/asics-sky-elite-ff-3\/\",\"url\":\"https:\/\/tourcruiser.com\/de\/products\/asics-sky-elite-ff-3\/\",\"name\":\"ASICS SKY ELITE FF 3 - Tourcruiser PTE. LTD\",\"isPartOf\":{\"@id\":\"https:\/\/tourcruiser.com\/de\/#website\"},\"primaryImageOfPage\":{\"@id\":\"https:\/\/tourcruiser.com\/de\/products\/asics-sky-elite-ff-3\/#primaryimage\"},\"image\":{\"@id\":\"https:\/\/tourcruiser.com\/de\/products\/asics-sky-elite-ff-3\/#primaryimage\"},\"thumbnailUrl\":\"https:\/\/images.novelship.com\/product\/asics_sky_elite_ff_3_1051a080-103_0_42126.jpeg;https:\/\/images.novelship.com\/product\/asics_sky_elite_ff_3_1051a080-103_1_42126.jpeg;https:\/\/images.novelship.com\/product\/asics_sky_elite_ff_3_1051a080-103_2_42126.jpeg;https:\/\/images.novelship.com\/product\/asics_sky_elite_ff_3_1051a080-103_3_42126.jpeg;https:\/\/images.novelship.com\/product\/asics_sky_elite_ff_3_1051a080-103_4_42126.jpeg;https:\/\/images.novelship.com\/product\/asics_sky_elite_ff_3_1051a080-103_5_42126.jpeg;https:\/\/images.novelship.com\/product\/asics_sky_elite_ff_3_1051a080-103_6_42126.jpeg;https:\/\/images.novelship.com\/product\/asics_sky_elite_ff_3_1051a080-103_7_42126.jpeg\",\"datePublished\":\"2026-03-02T08:49:18+00:00\",\"dateModified\":\"2026-03-27T18:20:10+00:00\",\"breadcrumb\":{\"@id\":\"https:\/\/tourcruiser.com\/de\/products\/asics-sky-elite-ff-3\/#breadcrumb\"},\"inLanguage\":\"de\",\"potentialAction\":[{\"@type\":\"ReadAction\",\"target\":[\"https:\/\/tourcruiser.com\/de\/products\/asics-sky-elite-ff-3\/\"]}]},{\"@type\":\"ImageObject\",\"inLanguage\":\"de\",\"@id\":\"https:\/\/tourcruiser.com\/de\/products\/asics-sky-elite-ff-3\/#primaryimage\",\"url\":\"https:\/\/images.novelship.com\/product\/asics_sky_elite_ff_3_1051a080-103_0_42126.jpeg;https:\/\/images.novelship.com\/product\/asics_sky_elite_ff_3_1051a080-103_1_42126.jpeg;https:\/\/images.novelship.com\/product\/asics_sky_elite_ff_3_1051a080-103_2_42126.jpeg;https:\/\/images.novelship.com\/product\/asics_sky_elite_ff_3_1051a080-103_3_42126.jpeg;https:\/\/images.novelship.com\/product\/asics_sky_elite_ff_3_1051a080-103_4_42126.jpeg;https:\/\/images.novelship.com\/product\/asics_sky_elite_ff_3_1051a080-103_5_42126.jpeg;https:\/\/images.novelship.com\/product\/asics_sky_elite_ff_3_1051a080-103_6_42126.jpeg;https:\/\/images.novelship.com\/product\/asics_sky_elite_ff_3_1051a080-103_7_42126.jpeg\",\"contentUrl\":\"https:\/\/images.novelship.com\/product\/asics_sky_elite_ff_3_1051a080-103_0_42126.jpeg;https:\/\/images.novelship.com\/product\/asics_sky_elite_ff_3_1051a080-103_1_42126.jpeg;https:\/\/images.novelship.com\/product\/asics_sky_elite_ff_3_1051a080-103_2_42126.jpeg;https:\/\/images.novelship.com\/product\/asics_sky_elite_ff_3_1051a080-103_3_42126.jpeg;https:\/\/images.novelship.com\/product\/asics_sky_elite_ff_3_1051a080-103_4_42126.jpeg;https:\/\/images.novelship.com\/product\/asics_sky_elite_ff_3_1051a080-103_5_42126.jpeg;https:\/\/images.novelship.com\/product\/asics_sky_elite_ff_3_1051a080-103_6_42126.jpeg;https:\/\/images.novelship.com\/product\/asics_sky_elite_ff_3_1051a080-103_7_42126.jpeg\"},{\"@type\":\"BreadcrumbList\",\"@id\":\"https:\/\/tourcruiser.com\/de\/products\/asics-sky-elite-ff-3\/#breadcrumb\",\"itemListElement\":[{\"@type\":\"ListItem\",\"position\":1,\"name\":\"Home\",\"item\":\"https:\/\/tourcruiser.com\/de\/\"},{\"@type\":\"ListItem\",\"position\":2,\"name\":\"Shop\",\"item\":\"https:\/\/tourcruiser.com\/de\/shop\/\"},{\"@type\":\"ListItem\",\"position\":3,\"name\":\"ASICS SKY ELITE FF 3\"}]},{\"@type\":\"WebSite\",\"@id\":\"https:\/\/tourcruiser.com\/de\/#website\",\"url\":\"https:\/\/tourcruiser.com\/de\/\",\"name\":\"Styloral Jewelry Shop\",\"description\":\"Tourcruiser Sneaker Store \u2014 der Ort, an dem das Universum deine Einzigartigkeit trifft.\",\"publisher\":{\"@id\":\"https:\/\/tourcruiser.com\/de\/#organization\"},\"potentialAction\":[{\"@type\":\"SearchAction\",\"target\":{\"@type\":\"EntryPoint\",\"urlTemplate\":\"https:\/\/tourcruiser.com\/de\/?s={search_term_string}\"},\"query-input\":{\"@type\":\"PropertyValueSpecification\",\"valueRequired\":true,\"valueName\":\"search_term_string\"}}],\"inLanguage\":\"de\"},{\"@type\":\"Organization\",\"@id\":\"https:\/\/tourcruiser.com\/de\/#organization\",\"name\":\"STYLORAL PTE. LTD\",\"url\":\"https:\/\/tourcruiser.com\/de\/\",\"logo\":{\"@type\":\"ImageObject\",\"inLanguage\":\"de\",\"@id\":\"https:\/\/tourcruiser.com\/de\/#\/schema\/logo\/image\/\",\"url\":\"https:\/\/www.tourcruiser.com\/wp-content\/uploads\/2025\/12\/logo.png\",\"contentUrl\":\"https:\/\/www.tourcruiser.com\/wp-content\/uploads\/2025\/12\/logo.png\",\"width\":200,\"height\":65,\"caption\":\"STYLORAL PTE. LTD\"},\"image\":{\"@id\":\"https:\/\/tourcruiser.com\/de\/#\/schema\/logo\/image\/\"}}]}<\/script>\n<!-- \/ Yoast SEO plugin. -->","yoast_head_json":{"title":"ASICS SKY ELITE FF 3  - Tourcruiser PTE. LTD","robots":{"index":"index","follow":"follow","max-snippet":"max-snippet:-1","max-image-preview":"max-image-preview:large","max-video-preview":"max-video-preview:-1"},"canonical":"https:\/\/tourcruiser.com\/de\/products\/asics-sky-elite-ff-3\/","og_locale":"de_DE","og_type":"article","og_title":"ASICS SKY ELITE FF 3  - Tourcruiser PTE. LTD","og_description":"ASICS SKY ELITE FF 3 \u201d\u201d White\/Nova Orange","og_url":"https:\/\/tourcruiser.com\/de\/products\/asics-sky-elite-ff-3\/","og_site_name":"Tourcruiser Sneaker Store","article_modified_time":"2026-03-27T18:20:10+00:00","twitter_card":"summary_large_image","twitter_image":"https:\/\/images.novelship.com\/product\/asics_sky_elite_ff_3_1051a080-103_0_42126.jpeg;https:\/\/images.novelship.com\/product\/asics_sky_elite_ff_3_1051a080-103_1_42126.jpeg;https:\/\/images.novelship.com\/product\/asics_sky_elite_ff_3_1051a080-103_2_42126.jpeg;https:\/\/images.novelship.com\/product\/asics_sky_elite_ff_3_1051a080-103_3_42126.jpeg;https:\/\/images.novelship.com\/product\/asics_sky_elite_ff_3_1051a080-103_4_42126.jpeg;https:\/\/images.novelship.com\/product\/asics_sky_elite_ff_3_1051a080-103_5_42126.jpeg;https:\/\/images.novelship.com\/product\/asics_sky_elite_ff_3_1051a080-103_6_42126.jpeg;https:\/\/images.novelship.com\/product\/asics_sky_elite_ff_3_1051a080-103_7_42126.jpeg","twitter_misc":{"Gesch\u00e4tzte Lesezeit":"1\u00a0Minute"},"schema":{"@context":"https:\/\/schema.org","@graph":[{"@type":"WebPage","@id":"https:\/\/tourcruiser.com\/de\/products\/asics-sky-elite-ff-3\/","url":"https:\/\/tourcruiser.com\/de\/products\/asics-sky-elite-ff-3\/","name":"ASICS SKY ELITE FF 3 - Tourcruiser PTE. LTD","isPartOf":{"@id":"https:\/\/tourcruiser.com\/de\/#website"},"primaryImageOfPage":{"@id":"https:\/\/tourcruiser.com\/de\/products\/asics-sky-elite-ff-3\/#primaryimage"},"image":{"@id":"https:\/\/tourcruiser.com\/de\/products\/asics-sky-elite-ff-3\/#primaryimage"},"thumbnailUrl":"https:\/\/images.novelship.com\/product\/asics_sky_elite_ff_3_1051a080-103_0_42126.jpeg;https:\/\/images.novelship.com\/product\/asics_sky_elite_ff_3_1051a080-103_1_42126.jpeg;https:\/\/images.novelship.com\/product\/asics_sky_elite_ff_3_1051a080-103_2_42126.jpeg;https:\/\/images.novelship.com\/product\/asics_sky_elite_ff_3_1051a080-103_3_42126.jpeg;https:\/\/images.novelship.com\/product\/asics_sky_elite_ff_3_1051a080-103_4_42126.jpeg;https:\/\/images.novelship.com\/product\/asics_sky_elite_ff_3_1051a080-103_5_42126.jpeg;https:\/\/images.novelship.com\/product\/asics_sky_elite_ff_3_1051a080-103_6_42126.jpeg;https:\/\/images.novelship.com\/product\/asics_sky_elite_ff_3_1051a080-103_7_42126.jpeg","datePublished":"2026-03-02T08:49:18+00:00","dateModified":"2026-03-27T18:20:10+00:00","breadcrumb":{"@id":"https:\/\/tourcruiser.com\/de\/products\/asics-sky-elite-ff-3\/#breadcrumb"},"inLanguage":"de","potentialAction":[{"@type":"ReadAction","target":["https:\/\/tourcruiser.com\/de\/products\/asics-sky-elite-ff-3\/"]}]},{"@type":"ImageObject","inLanguage":"de","@id":"https:\/\/tourcruiser.com\/de\/products\/asics-sky-elite-ff-3\/#primaryimage","url":"https:\/\/images.novelship.com\/product\/asics_sky_elite_ff_3_1051a080-103_0_42126.jpeg;https:\/\/images.novelship.com\/product\/asics_sky_elite_ff_3_1051a080-103_1_42126.jpeg;https:\/\/images.novelship.com\/product\/asics_sky_elite_ff_3_1051a080-103_2_42126.jpeg;https:\/\/images.novelship.com\/product\/asics_sky_elite_ff_3_1051a080-103_3_42126.jpeg;https:\/\/images.novelship.com\/product\/asics_sky_elite_ff_3_1051a080-103_4_42126.jpeg;https:\/\/images.novelship.com\/product\/asics_sky_elite_ff_3_1051a080-103_5_42126.jpeg;https:\/\/images.novelship.com\/product\/asics_sky_elite_ff_3_1051a080-103_6_42126.jpeg;https:\/\/images.novelship.com\/product\/asics_sky_elite_ff_3_1051a080-103_7_42126.jpeg","contentUrl":"https:\/\/images.novelship.com\/product\/asics_sky_elite_ff_3_1051a080-103_0_42126.jpeg;https:\/\/images.novelship.com\/product\/asics_sky_elite_ff_3_1051a080-103_1_42126.jpeg;https:\/\/images.novelship.com\/product\/asics_sky_elite_ff_3_1051a080-103_2_42126.jpeg;https:\/\/images.novelship.com\/product\/asics_sky_elite_ff_3_1051a080-103_3_42126.jpeg;https:\/\/images.novelship.com\/product\/asics_sky_elite_ff_3_1051a080-103_4_42126.jpeg;https:\/\/images.novelship.com\/product\/asics_sky_elite_ff_3_1051a080-103_5_42126.jpeg;https:\/\/images.novelship.com\/product\/asics_sky_elite_ff_3_1051a080-103_6_42126.jpeg;https:\/\/images.novelship.com\/product\/asics_sky_elite_ff_3_1051a080-103_7_42126.jpeg"},{"@type":"BreadcrumbList","@id":"https:\/\/tourcruiser.com\/de\/products\/asics-sky-elite-ff-3\/#breadcrumb","itemListElement":[{"@type":"ListItem","position":1,"name":"Home","item":"https:\/\/tourcruiser.com\/de\/"},{"@type":"ListItem","position":2,"name":"Shop","item":"https:\/\/tourcruiser.com\/de\/shop\/"},{"@type":"ListItem","position":3,"name":"ASICS SKY ELITE FF 3"}]},{"@type":"WebSite","@id":"https:\/\/tourcruiser.com\/de\/#website","url":"https:\/\/tourcruiser.com\/de\/","name":"Styloral Jewelry Shop","description":"Tourcruiser Sneaker Store \u2014 der Ort, an dem das Universum deine Einzigartigkeit trifft.","publisher":{"@id":"https:\/\/tourcruiser.com\/de\/#organization"},"potentialAction":[{"@type":"SearchAction","target":{"@type":"EntryPoint","urlTemplate":"https:\/\/tourcruiser.com\/de\/?s={search_term_string}"},"query-input":{"@type":"PropertyValueSpecification","valueRequired":true,"valueName":"search_term_string"}}],"inLanguage":"de"},{"@type":"Organization","@id":"https:\/\/tourcruiser.com\/de\/#organization","name":"STYLORAL PTE. LTD","url":"https:\/\/tourcruiser.com\/de\/","logo":{"@type":"ImageObject","inLanguage":"de","@id":"https:\/\/tourcruiser.com\/de\/#\/schema\/logo\/image\/","url":"https:\/\/www.tourcruiser.com\/wp-content\/uploads\/2025\/12\/logo.png","contentUrl":"https:\/\/www.tourcruiser.com\/wp-content\/uploads\/2025\/12\/logo.png","width":200,"height":65,"caption":"STYLORAL PTE. LTD"},"image":{"@id":"https:\/\/tourcruiser.com\/de\/#\/schema\/logo\/image\/"}}]}},"_links":{"self":[{"href":"https:\/\/tourcruiser.com\/de\/wp-json\/wp\/v2\/product\/149064","targetHints":{"allow":["GET"]}}],"collection":[{"href":"https:\/\/tourcruiser.com\/de\/wp-json\/wp\/v2\/product"}],"about":[{"href":"https:\/\/tourcruiser.com\/de\/wp-json\/wp\/v2\/types\/product"}],"replies":[{"embeddable":true,"href":"https:\/\/tourcruiser.com\/de\/wp-json\/wp\/v2\/comments?post=149064"}],"wp:featuredmedia":[{"embeddable":true,"href":"https:\/\/tourcruiser.com\/de\/wp-json\/wp\/v2\/media\/149065"}],"wp:attachment":[{"href":"https:\/\/tourcruiser.com\/de\/wp-json\/wp\/v2\/media?parent=149064"}],"wp:term":[{"taxonomy":"product_brand","embeddable":true,"href":"https:\/\/tourcruiser.com\/de\/wp-json\/wp\/v2\/product_brand?post=149064"},{"taxonomy":"product_cat","embeddable":true,"href":"https:\/\/tourcruiser.com\/de\/wp-json\/wp\/v2\/product_cat?post=149064"},{"taxonomy":"product_tag","embeddable":true,"href":"https:\/\/tourcruiser.com\/de\/wp-json\/wp\/v2\/product_tag?post=149064"}],"curies":[{"name":"wp","href":"https:\/\/api.w.org\/{rel}","templated":true}]}}