{"id":148334,"date":"2026-03-02T15:48:15","date_gmt":"2026-03-02T08:48:15","guid":{"rendered":"http:\/\/tourcruiser.com\/product\/nike-zoom-long-jump-elite-white-bright-spruce"},"modified":"2026-03-28T01:19:37","modified_gmt":"2026-03-27T18:19:37","slug":"nike-zoom-long-jump-elite-white-bright-spruce","status":"publish","type":"product","link":"https:\/\/tourcruiser.com\/de\/products\/nike-zoom-long-jump-elite-white-bright-spruce\/","title":{"rendered":"Nike Zoom Long Jump Elite &#8218;White Bright Spruce&#8216;"},"content":{"rendered":"<p>Steigere deine Leistung mit dem Nike Zoom Long Jump Elite \u201eWhite Bright Spruce\u201c FZ9326-100 \u201d\u201c entwickelt f\u00fcr Athleten, die Pr\u00e4zision, Kraft und Geschwindigkeit suchen. Dieser High-Performance-Spike ist mit einem leichten, atmungsaktiven Obermaterial ausgestattet, das unvergleichlichen Komfort und Halt bei intensiven Wettk\u00e4mpfen bietet. Dank der durchgehenden Carbonplatte und der reaktionsfreudigen Zoom Air-D\u00e4mpfung sorgt er f\u00fcr optimalen Vortrieb und Energier\u00fcckgabe, damit du h\u00f6her und weiter springst. Die dynamische Traktionssohle verbessert Grip und Stabilit\u00e4t und passt sich nahtlos deinen Bewegungen an. Das elegante wei\u00dfe Design mit leuchtenden Akzenten in Bright Spruce verleiht ihm einen modernen Touch und macht ihn sowohl auf als auch neben der Bahn zu einem echten Hingucker. Dieser speziell f\u00fcr Weitspringer entwickelte Elite-Schuh vereint Innovation, Stil und Funktionalit\u00e4t und hilft Ihnen, neue H\u00f6hen zu erreichen.<\/p>\n<ul>\n<li><strong>Farbgebung:<\/strong> Wei\u00df\/Hellgr\u00fcn\/Hellgr\u00fcn<\/li>\n<li><strong>Artikelnummer:<\/strong> FZ9326-100<\/li>\n<li><strong>Obermaterial:<\/strong> Synthetik<\/li>\n<li><strong>Zwischensohle:<\/strong> Zoom Air<\/li>\n<li><strong>Farbe:<\/strong> Wei\u00df<\/li>\n<li><strong>Saison:<\/strong> Fr\u00fchling<\/li>\n<li><strong>Erscheinungsjahr:<\/strong> 2024<\/li>\n<\/ul>\n","protected":false},"excerpt":{"rendered":"<p>Nike Zoom Long Jump Elite \u201d\u201d White\/Barely Green\/Bright Spruce<\/p>\n","protected":false},"featured_media":148335,"comment_status":"open","ping_status":"closed","template":"","meta":[],"product_brand":[],"product_cat":[10803],"product_tag":[30517,10801,10802,10877,10785,10758],"class_list":{"0":"post-148334","1":"product","2":"type-product","3":"status-publish","4":"has-post-thumbnail","6":"product_cat-nike","7":"product_tag-long-jump-spikes","8":"product_tag-nike","9":"product_tag-performance-sport-shoes","10":"product_tag-track-field-shoes","11":"product_tag-trending-deals","12":"product_tag-under-retail","13":"wcpa_has_options","15":"first","16":"outofstock","17":"sale","18":"taxable","19":"shipping-taxable","20":"purchasable","21":"product-type-simple"},"wcpa_form_fields":{"rules":{"pric_overide_base_price":false,"pric_overide_base_price_if_gt_zero":false,"pric_overide_base_price_fully":false,"pric_cal_option_once":false,"pric_use_as_fee":false,"bind_quantity":false,"quantity_bind_formula":false},"fields":[{"type":"color-group","required":true,"elementId":"wcpa-color-group-66c4a75505e74","label":"Gr\u00f6\u00dfe - EU Gr\u00f6\u00dfe","inline":true,"priceOptions":"different_for_all","pricingType":"fixed","className":"hassizechart product-shoes-size-eu product-shoes-size","name":"color-group-66c4a75505e89","disp_type":"square","selection_type":"tick-border","disp_size":"44","show_label_inside":true,"adjust_width":true,"cart_display_type":"text","other_text":"Other","cl_rule":"show","col":6,"values":[{"label":"35.5","value":"EU 35.5","price":"","pimage":"","pimage_id":"","pthumb":"","color":""},{"label":"36","value":"EU 36","price":"","pimage":"","pimage_id":"","pthumb":"","color":"","selected":true},{"label":"36.5","value":"EU 36.5","price":"","pimage":"","pimage_id":"","pthumb":"","color":""},{"label":"37.5","value":"EU 37.5","price":"","pimage":"","pimage_id":"","pthumb":"","color":""},{"label":"38","value":"EU 38","price":"","pimage":"","pimage_id":"","pthumb":"","color":""},{"label":"38.5","value":"EU 38.5","price":"","pimage":"","pimage_id":"","pthumb":"","color":""},{"label":"39","value":"EU 39","price":"","pimage":"","pimage_id":"","pthumb":"","color":""},{"label":"40","value":"EU 40","price":"","pimage":"","pimage_id":"","pthumb":"","color":""},{"label":"40.5","value":"EU 40.5","price":"","pimage":"","pimage_id":"","pthumb":"","color":""},{"label":"41","value":"EU 41","price":"","pimage":"","pimage_id":"","pthumb":"","color":""},{"label":"42","value":"EU 42","price":"","pimage":"","pimage_id":"","pthumb":"","color":""},{"label":"42.5","value":"EU 42.5","price":"","pimage":"","pimage_id":"","pthumb":"","color":""},{"label":"43","value":"EU 43","price":"","pimage":"","pimage_id":"","pthumb":"","color":""},{"label":"44","value":"EU 44","price":"","pimage":"","pimage_id":"","pthumb":"","color":""},{"label":"44.5","value":"EU 44.5","price":"","pimage":"","pimage_id":"","pthumb":"","color":""},{"label":"45","value":"EU 45","price":"","pimage":"","pimage_id":"","pthumb":"","color":""},{"label":"45.5","value":"EU 45.5","price":"","pimage":"","pimage_id":"","pthumb":"","color":""},{"label":"46","value":"EU 46","price":"","pimage":"","pimage_id":"","pthumb":"","color":""},{"label":"47","value":"EU 47","price":"","pimage":"","pimage_id":"","pthumb":"","color":""},{"label":"47.5","value":"EU 47.5","price":"","pimage":"","pimage_id":"","pthumb":"","color":""},{"label":"48","value":"EU 48","price":"","pimage":"","pimage_id":"","pthumb":"","color":""}],"relations":[{"operator":false,"rules":[]}],"form_id":18106,"form_rules":{"pric_cal_option_once":false,"exclude_from_discount":false,"pric_use_as_fee":false,"fee_label":"Fee","render_after_acb":false,"disp_hide_options_price":false}}]},"yoast_head":"<!-- This site is optimized with the Yoast SEO plugin v26.5 - https:\/\/yoast.com\/wordpress\/plugins\/seo\/ -->\n<title>Nike Zoom Long Jump Elite &#039;White Bright Spruce&#039;  - Tourcruiser PTE. LTD<\/title>\n<meta name=\"robots\" content=\"index, follow, max-snippet:-1, max-image-preview:large, max-video-preview:-1\" \/>\n<link rel=\"canonical\" href=\"https:\/\/tourcruiser.com\/de\/products\/nike-zoom-long-jump-elite-white-bright-spruce\/\" \/>\n<meta property=\"og:locale\" content=\"de_DE\" \/>\n<meta property=\"og:type\" content=\"article\" \/>\n<meta property=\"og:title\" content=\"Nike Zoom Long Jump Elite &#039;White Bright Spruce&#039;  - Tourcruiser PTE. LTD\" \/>\n<meta property=\"og:description\" content=\"Nike Zoom Long Jump Elite \u201d\u201d White\/Barely Green\/Bright Spruce\" \/>\n<meta property=\"og:url\" content=\"https:\/\/tourcruiser.com\/de\/products\/nike-zoom-long-jump-elite-white-bright-spruce\/\" \/>\n<meta property=\"og:site_name\" content=\"Tourcruiser Sneaker Store\" \/>\n<meta property=\"article:modified_time\" content=\"2026-03-27T18:19:37+00:00\" \/>\n<meta name=\"twitter:card\" content=\"summary_large_image\" \/>\n<meta name=\"twitter:image\" content=\"https:\/\/images.novelship.com\/product\/nike_zoom_long_jump_elite__white_bright_spruce__fz_0_56561.jpeg;https:\/\/images.novelship.com\/product\/nike_zoom_long_jump_elite__white_bright_spruce__fz_1_56563.jpeg;https:\/\/images.novelship.com\/product\/nike_zoom_long_jump_elite__white_bright_spruce__fz_2_56564.jpeg;https:\/\/images.novelship.com\/product\/nike_zoom_long_jump_elite__white_bright_spruce__fz_3_56564.jpeg;https:\/\/images.novelship.com\/product\/nike_zoom_long_jump_elite__white_bright_spruce__fz_4_56564.jpeg;https:\/\/images.novelship.com\/product\/nike_zoom_long_jump_elite__white_bright_spruce__fz_5_56564.jpeg\" \/>\n<meta name=\"twitter:label1\" content=\"Gesch\u00e4tzte Lesezeit\" \/>\n\t<meta name=\"twitter:data1\" content=\"1\u00a0Minute\" \/>\n<script type=\"application\/ld+json\" class=\"yoast-schema-graph\">{\"@context\":\"https:\/\/schema.org\",\"@graph\":[{\"@type\":\"WebPage\",\"@id\":\"https:\/\/tourcruiser.com\/de\/products\/nike-zoom-long-jump-elite-white-bright-spruce\/\",\"url\":\"https:\/\/tourcruiser.com\/de\/products\/nike-zoom-long-jump-elite-white-bright-spruce\/\",\"name\":\"Nike Zoom Long Jump Elite 'White Bright Spruce' - Tourcruiser PTE. LTD\",\"isPartOf\":{\"@id\":\"https:\/\/tourcruiser.com\/de\/#website\"},\"primaryImageOfPage\":{\"@id\":\"https:\/\/tourcruiser.com\/de\/products\/nike-zoom-long-jump-elite-white-bright-spruce\/#primaryimage\"},\"image\":{\"@id\":\"https:\/\/tourcruiser.com\/de\/products\/nike-zoom-long-jump-elite-white-bright-spruce\/#primaryimage\"},\"thumbnailUrl\":\"https:\/\/images.novelship.com\/product\/nike_zoom_long_jump_elite__white_bright_spruce__fz_0_56561.jpeg;https:\/\/images.novelship.com\/product\/nike_zoom_long_jump_elite__white_bright_spruce__fz_1_56563.jpeg;https:\/\/images.novelship.com\/product\/nike_zoom_long_jump_elite__white_bright_spruce__fz_2_56564.jpeg;https:\/\/images.novelship.com\/product\/nike_zoom_long_jump_elite__white_bright_spruce__fz_3_56564.jpeg;https:\/\/images.novelship.com\/product\/nike_zoom_long_jump_elite__white_bright_spruce__fz_4_56564.jpeg;https:\/\/images.novelship.com\/product\/nike_zoom_long_jump_elite__white_bright_spruce__fz_5_56564.jpeg\",\"datePublished\":\"2026-03-02T08:48:15+00:00\",\"dateModified\":\"2026-03-27T18:19:37+00:00\",\"breadcrumb\":{\"@id\":\"https:\/\/tourcruiser.com\/de\/products\/nike-zoom-long-jump-elite-white-bright-spruce\/#breadcrumb\"},\"inLanguage\":\"de\",\"potentialAction\":[{\"@type\":\"ReadAction\",\"target\":[\"https:\/\/tourcruiser.com\/de\/products\/nike-zoom-long-jump-elite-white-bright-spruce\/\"]}]},{\"@type\":\"ImageObject\",\"inLanguage\":\"de\",\"@id\":\"https:\/\/tourcruiser.com\/de\/products\/nike-zoom-long-jump-elite-white-bright-spruce\/#primaryimage\",\"url\":\"https:\/\/images.novelship.com\/product\/nike_zoom_long_jump_elite__white_bright_spruce__fz_0_56561.jpeg;https:\/\/images.novelship.com\/product\/nike_zoom_long_jump_elite__white_bright_spruce__fz_1_56563.jpeg;https:\/\/images.novelship.com\/product\/nike_zoom_long_jump_elite__white_bright_spruce__fz_2_56564.jpeg;https:\/\/images.novelship.com\/product\/nike_zoom_long_jump_elite__white_bright_spruce__fz_3_56564.jpeg;https:\/\/images.novelship.com\/product\/nike_zoom_long_jump_elite__white_bright_spruce__fz_4_56564.jpeg;https:\/\/images.novelship.com\/product\/nike_zoom_long_jump_elite__white_bright_spruce__fz_5_56564.jpeg\",\"contentUrl\":\"https:\/\/images.novelship.com\/product\/nike_zoom_long_jump_elite__white_bright_spruce__fz_0_56561.jpeg;https:\/\/images.novelship.com\/product\/nike_zoom_long_jump_elite__white_bright_spruce__fz_1_56563.jpeg;https:\/\/images.novelship.com\/product\/nike_zoom_long_jump_elite__white_bright_spruce__fz_2_56564.jpeg;https:\/\/images.novelship.com\/product\/nike_zoom_long_jump_elite__white_bright_spruce__fz_3_56564.jpeg;https:\/\/images.novelship.com\/product\/nike_zoom_long_jump_elite__white_bright_spruce__fz_4_56564.jpeg;https:\/\/images.novelship.com\/product\/nike_zoom_long_jump_elite__white_bright_spruce__fz_5_56564.jpeg\"},{\"@type\":\"BreadcrumbList\",\"@id\":\"https:\/\/tourcruiser.com\/de\/products\/nike-zoom-long-jump-elite-white-bright-spruce\/#breadcrumb\",\"itemListElement\":[{\"@type\":\"ListItem\",\"position\":1,\"name\":\"Home\",\"item\":\"https:\/\/tourcruiser.com\/de\/\"},{\"@type\":\"ListItem\",\"position\":2,\"name\":\"Shop\",\"item\":\"https:\/\/tourcruiser.com\/de\/shop\/\"},{\"@type\":\"ListItem\",\"position\":3,\"name\":\"Nike Zoom Long Jump Elite 'White Bright Spruce'\"}]},{\"@type\":\"WebSite\",\"@id\":\"https:\/\/tourcruiser.com\/de\/#website\",\"url\":\"https:\/\/tourcruiser.com\/de\/\",\"name\":\"Styloral Jewelry Shop\",\"description\":\"Tourcruiser Sneaker Store \u2014 der Ort, an dem das Universum deine Einzigartigkeit trifft.\",\"publisher\":{\"@id\":\"https:\/\/tourcruiser.com\/de\/#organization\"},\"potentialAction\":[{\"@type\":\"SearchAction\",\"target\":{\"@type\":\"EntryPoint\",\"urlTemplate\":\"https:\/\/tourcruiser.com\/de\/?s={search_term_string}\"},\"query-input\":{\"@type\":\"PropertyValueSpecification\",\"valueRequired\":true,\"valueName\":\"search_term_string\"}}],\"inLanguage\":\"de\"},{\"@type\":\"Organization\",\"@id\":\"https:\/\/tourcruiser.com\/de\/#organization\",\"name\":\"STYLORAL PTE. LTD\",\"url\":\"https:\/\/tourcruiser.com\/de\/\",\"logo\":{\"@type\":\"ImageObject\",\"inLanguage\":\"de\",\"@id\":\"https:\/\/tourcruiser.com\/de\/#\/schema\/logo\/image\/\",\"url\":\"https:\/\/www.tourcruiser.com\/wp-content\/uploads\/2025\/12\/logo.png\",\"contentUrl\":\"https:\/\/www.tourcruiser.com\/wp-content\/uploads\/2025\/12\/logo.png\",\"width\":200,\"height\":65,\"caption\":\"STYLORAL PTE. LTD\"},\"image\":{\"@id\":\"https:\/\/tourcruiser.com\/de\/#\/schema\/logo\/image\/\"}}]}<\/script>\n<!-- \/ Yoast SEO plugin. -->","yoast_head_json":{"title":"Nike Zoom Long Jump Elite 'White Bright Spruce'  - Tourcruiser PTE. LTD","robots":{"index":"index","follow":"follow","max-snippet":"max-snippet:-1","max-image-preview":"max-image-preview:large","max-video-preview":"max-video-preview:-1"},"canonical":"https:\/\/tourcruiser.com\/de\/products\/nike-zoom-long-jump-elite-white-bright-spruce\/","og_locale":"de_DE","og_type":"article","og_title":"Nike Zoom Long Jump Elite 'White Bright Spruce'  - Tourcruiser PTE. LTD","og_description":"Nike Zoom Long Jump Elite \u201d\u201d White\/Barely Green\/Bright Spruce","og_url":"https:\/\/tourcruiser.com\/de\/products\/nike-zoom-long-jump-elite-white-bright-spruce\/","og_site_name":"Tourcruiser Sneaker Store","article_modified_time":"2026-03-27T18:19:37+00:00","twitter_card":"summary_large_image","twitter_image":"https:\/\/images.novelship.com\/product\/nike_zoom_long_jump_elite__white_bright_spruce__fz_0_56561.jpeg;https:\/\/images.novelship.com\/product\/nike_zoom_long_jump_elite__white_bright_spruce__fz_1_56563.jpeg;https:\/\/images.novelship.com\/product\/nike_zoom_long_jump_elite__white_bright_spruce__fz_2_56564.jpeg;https:\/\/images.novelship.com\/product\/nike_zoom_long_jump_elite__white_bright_spruce__fz_3_56564.jpeg;https:\/\/images.novelship.com\/product\/nike_zoom_long_jump_elite__white_bright_spruce__fz_4_56564.jpeg;https:\/\/images.novelship.com\/product\/nike_zoom_long_jump_elite__white_bright_spruce__fz_5_56564.jpeg","twitter_misc":{"Gesch\u00e4tzte Lesezeit":"1\u00a0Minute"},"schema":{"@context":"https:\/\/schema.org","@graph":[{"@type":"WebPage","@id":"https:\/\/tourcruiser.com\/de\/products\/nike-zoom-long-jump-elite-white-bright-spruce\/","url":"https:\/\/tourcruiser.com\/de\/products\/nike-zoom-long-jump-elite-white-bright-spruce\/","name":"Nike Zoom Long Jump Elite 'White Bright Spruce' - Tourcruiser PTE. LTD","isPartOf":{"@id":"https:\/\/tourcruiser.com\/de\/#website"},"primaryImageOfPage":{"@id":"https:\/\/tourcruiser.com\/de\/products\/nike-zoom-long-jump-elite-white-bright-spruce\/#primaryimage"},"image":{"@id":"https:\/\/tourcruiser.com\/de\/products\/nike-zoom-long-jump-elite-white-bright-spruce\/#primaryimage"},"thumbnailUrl":"https:\/\/images.novelship.com\/product\/nike_zoom_long_jump_elite__white_bright_spruce__fz_0_56561.jpeg;https:\/\/images.novelship.com\/product\/nike_zoom_long_jump_elite__white_bright_spruce__fz_1_56563.jpeg;https:\/\/images.novelship.com\/product\/nike_zoom_long_jump_elite__white_bright_spruce__fz_2_56564.jpeg;https:\/\/images.novelship.com\/product\/nike_zoom_long_jump_elite__white_bright_spruce__fz_3_56564.jpeg;https:\/\/images.novelship.com\/product\/nike_zoom_long_jump_elite__white_bright_spruce__fz_4_56564.jpeg;https:\/\/images.novelship.com\/product\/nike_zoom_long_jump_elite__white_bright_spruce__fz_5_56564.jpeg","datePublished":"2026-03-02T08:48:15+00:00","dateModified":"2026-03-27T18:19:37+00:00","breadcrumb":{"@id":"https:\/\/tourcruiser.com\/de\/products\/nike-zoom-long-jump-elite-white-bright-spruce\/#breadcrumb"},"inLanguage":"de","potentialAction":[{"@type":"ReadAction","target":["https:\/\/tourcruiser.com\/de\/products\/nike-zoom-long-jump-elite-white-bright-spruce\/"]}]},{"@type":"ImageObject","inLanguage":"de","@id":"https:\/\/tourcruiser.com\/de\/products\/nike-zoom-long-jump-elite-white-bright-spruce\/#primaryimage","url":"https:\/\/images.novelship.com\/product\/nike_zoom_long_jump_elite__white_bright_spruce__fz_0_56561.jpeg;https:\/\/images.novelship.com\/product\/nike_zoom_long_jump_elite__white_bright_spruce__fz_1_56563.jpeg;https:\/\/images.novelship.com\/product\/nike_zoom_long_jump_elite__white_bright_spruce__fz_2_56564.jpeg;https:\/\/images.novelship.com\/product\/nike_zoom_long_jump_elite__white_bright_spruce__fz_3_56564.jpeg;https:\/\/images.novelship.com\/product\/nike_zoom_long_jump_elite__white_bright_spruce__fz_4_56564.jpeg;https:\/\/images.novelship.com\/product\/nike_zoom_long_jump_elite__white_bright_spruce__fz_5_56564.jpeg","contentUrl":"https:\/\/images.novelship.com\/product\/nike_zoom_long_jump_elite__white_bright_spruce__fz_0_56561.jpeg;https:\/\/images.novelship.com\/product\/nike_zoom_long_jump_elite__white_bright_spruce__fz_1_56563.jpeg;https:\/\/images.novelship.com\/product\/nike_zoom_long_jump_elite__white_bright_spruce__fz_2_56564.jpeg;https:\/\/images.novelship.com\/product\/nike_zoom_long_jump_elite__white_bright_spruce__fz_3_56564.jpeg;https:\/\/images.novelship.com\/product\/nike_zoom_long_jump_elite__white_bright_spruce__fz_4_56564.jpeg;https:\/\/images.novelship.com\/product\/nike_zoom_long_jump_elite__white_bright_spruce__fz_5_56564.jpeg"},{"@type":"BreadcrumbList","@id":"https:\/\/tourcruiser.com\/de\/products\/nike-zoom-long-jump-elite-white-bright-spruce\/#breadcrumb","itemListElement":[{"@type":"ListItem","position":1,"name":"Home","item":"https:\/\/tourcruiser.com\/de\/"},{"@type":"ListItem","position":2,"name":"Shop","item":"https:\/\/tourcruiser.com\/de\/shop\/"},{"@type":"ListItem","position":3,"name":"Nike Zoom Long Jump Elite 'White Bright Spruce'"}]},{"@type":"WebSite","@id":"https:\/\/tourcruiser.com\/de\/#website","url":"https:\/\/tourcruiser.com\/de\/","name":"Styloral Jewelry Shop","description":"Tourcruiser Sneaker Store \u2014 der Ort, an dem das Universum deine Einzigartigkeit trifft.","publisher":{"@id":"https:\/\/tourcruiser.com\/de\/#organization"},"potentialAction":[{"@type":"SearchAction","target":{"@type":"EntryPoint","urlTemplate":"https:\/\/tourcruiser.com\/de\/?s={search_term_string}"},"query-input":{"@type":"PropertyValueSpecification","valueRequired":true,"valueName":"search_term_string"}}],"inLanguage":"de"},{"@type":"Organization","@id":"https:\/\/tourcruiser.com\/de\/#organization","name":"STYLORAL PTE. LTD","url":"https:\/\/tourcruiser.com\/de\/","logo":{"@type":"ImageObject","inLanguage":"de","@id":"https:\/\/tourcruiser.com\/de\/#\/schema\/logo\/image\/","url":"https:\/\/www.tourcruiser.com\/wp-content\/uploads\/2025\/12\/logo.png","contentUrl":"https:\/\/www.tourcruiser.com\/wp-content\/uploads\/2025\/12\/logo.png","width":200,"height":65,"caption":"STYLORAL PTE. LTD"},"image":{"@id":"https:\/\/tourcruiser.com\/de\/#\/schema\/logo\/image\/"}}]}},"_links":{"self":[{"href":"https:\/\/tourcruiser.com\/de\/wp-json\/wp\/v2\/product\/148334","targetHints":{"allow":["GET"]}}],"collection":[{"href":"https:\/\/tourcruiser.com\/de\/wp-json\/wp\/v2\/product"}],"about":[{"href":"https:\/\/tourcruiser.com\/de\/wp-json\/wp\/v2\/types\/product"}],"replies":[{"embeddable":true,"href":"https:\/\/tourcruiser.com\/de\/wp-json\/wp\/v2\/comments?post=148334"}],"wp:featuredmedia":[{"embeddable":true,"href":"https:\/\/tourcruiser.com\/de\/wp-json\/wp\/v2\/media\/148335"}],"wp:attachment":[{"href":"https:\/\/tourcruiser.com\/de\/wp-json\/wp\/v2\/media?parent=148334"}],"wp:term":[{"taxonomy":"product_brand","embeddable":true,"href":"https:\/\/tourcruiser.com\/de\/wp-json\/wp\/v2\/product_brand?post=148334"},{"taxonomy":"product_cat","embeddable":true,"href":"https:\/\/tourcruiser.com\/de\/wp-json\/wp\/v2\/product_cat?post=148334"},{"taxonomy":"product_tag","embeddable":true,"href":"https:\/\/tourcruiser.com\/de\/wp-json\/wp\/v2\/product_tag?post=148334"}],"curies":[{"name":"wp","href":"https:\/\/api.w.org\/{rel}","templated":true}]}}