{"id":148123,"date":"2026-03-02T15:47:56","date_gmt":"2026-03-02T08:47:56","guid":{"rendered":"http:\/\/tourcruiser.com\/product\/asics-evoride-white-green"},"modified":"2026-03-28T01:19:26","modified_gmt":"2026-03-27T18:19:26","slug":"asics-evoride-white-green","status":"publish","type":"product","link":"https:\/\/tourcruiser.com\/de\/products\/asics-evoride-white-green\/","title":{"rendered":"ASICS EvoRide &#8218;White Green&#8216;"},"content":{"rendered":"<p>Verbessere dein Laufspiel mit dem ASICS EvoRide &#8218;White Green&#8216; 1011A792-101. Dieser elegante Laufschuh wurde f\u00fcr Effizienz und Komfort entwickelt und verf\u00fcgt \u00fcber eine leichte FlyteFoam\u00e2\u201e\u00a2-Mittelsohle f\u00fcr verbesserte D\u00e4mpfung und Reaktionsf\u00e4higkeit. Die GUIDESOLE\u00e2\u201e\u00a2-Technologie f\u00f6rdert geschmeidige, m\u00fchelose Schritte und reduziert die Erm\u00fcdung bei langen L\u00e4ufen. Ein atmungsaktives Mesh-Obermaterial sorgt f\u00fcr optimale Bel\u00fcftung, w\u00e4hrend die strapazierf\u00e4hige Gummiau\u00dfensohle au\u00dfergew\u00f6hnlichen Grip bietet. Der EvoRide \u201eWhite Green\u201c ist ideal f\u00fcr L\u00e4ufer, die Wert auf Stil und Leistung legen.<\/p>\n<p>Farbgebung: Wei\u00df\/Schwarz<br \/>\nArtikelnummer: 1011A792-101<br \/>\nObermaterial: Mesh<br \/>\nZwischensohle: Guidesole<br \/>\nFarbe: Wei\u00df<br \/>\nSaison: Ganzj\u00e4hrig<\/p>\n<p>Farbe: Wei\u00df<\/p>\n","protected":false},"excerpt":{"rendered":"<p>ASICS EvoRide \u201d\u201d White\/Black<\/p>\n","protected":false},"featured_media":148124,"comment_status":"open","ping_status":"closed","template":"","meta":[],"product_brand":[],"product_cat":[10792],"product_tag":[10791,11032,10753,11053,10839,10802,10840,11054],"class_list":{"0":"post-148123","1":"product","2":"type-product","3":"status-publish","4":"has-post-thumbnail","6":"product_cat-asics","7":"product_tag-asics","8":"product_tag-asics-running-shoes","9":"product_tag-gift-for-him","10":"product_tag-lightweight-running-shoes","11":"product_tag-performance-running-shoes","12":"product_tag-performance-sport-shoes","13":"product_tag-running-shoes","14":"product_tag-tempo-interval-running-shoes","15":"wcpa_has_options","17":"first","18":"outofstock","19":"taxable","20":"shipping-taxable","21":"purchasable","22":"product-type-simple"},"wcpa_form_fields":{"rules":{"pric_overide_base_price":false,"pric_overide_base_price_if_gt_zero":false,"pric_overide_base_price_fully":false,"pric_cal_option_once":false,"pric_use_as_fee":false,"bind_quantity":false,"quantity_bind_formula":false},"fields":[{"type":"color-group","required":true,"elementId":"wcpa-color-group-69a5ab08ee12d","label":"Gr\u00f6\u00dfe","inline":true,"priceOptions":"different_for_all","pricingType":"fixed","className":"hassizechart product-shoes-size-eu product-shoes-size","name":"color-group-69a5ab08ee136","disp_type":"square","selection_type":"tick-border","disp_size":"50","show_label_inside":true,"adjust_width":true,"cart_display_type":"text","other_text":"Other","cl_rule":"show","col":6,"values":[{"label":"36","value":"EU 36","price":"","pimage":"","pimage_id":"","pthumb":"","color":"","selected":true},{"label":"37","value":"EU 37","price":"","pimage":"","pimage_id":"","pthumb":"","color":""},{"label":"37.5","value":"EU 37.5","price":"","pimage":"","pimage_id":"","pthumb":"","color":""},{"label":"38","value":"EU 38","price":"","pimage":"","pimage_id":"","pthumb":"","color":""},{"label":"38.5","value":"EU 38.5","price":"","pimage":"","pimage_id":"","pthumb":"","color":""},{"label":"39","value":"EU 39","price":"","pimage":"","pimage_id":"","pthumb":"","color":""},{"label":"39.5","value":"EU 39.5","price":"","pimage":"","pimage_id":"","pthumb":"","color":""},{"label":"40","value":"EU 40","price":"","pimage":"","pimage_id":"","pthumb":"","color":""},{"label":"40.5","value":"EU 40.5","price":"","pimage":"","pimage_id":"","pthumb":"","color":""},{"label":" 41.5","value":"EU 41.5","price":"","pimage":"","pimage_id":"","pthumb":"","color":""},{"label":"42","value":"EU 42","price":"","pimage":"","pimage_id":"","pthumb":"","color":""},{"label":"42.5","value":"EU 42.5","price":"","pimage":"","pimage_id":"","pthumb":"","color":""},{"label":"43.5","value":"EU 43.5","price":"","pimage":"","pimage_id":"","pthumb":"","color":""},{"label":"44","value":"EU 44","price":"","pimage":"","pimage_id":"","pthumb":"","color":""},{"label":"44.5","value":"EU 44.5","price":"","pimage":"","pimage_id":"","pthumb":"","color":""},{"label":"45","value":"EU 45","price":"","pimage":"","pimage_id":"","pthumb":"","color":""}],"relations":[{"operator":false,"rules":[]}],"form_id":184311,"form_rules":{"pric_cal_option_once":false,"exclude_from_discount":false,"pric_use_as_fee":false,"fee_label":"Fee","render_after_acb":false,"disp_hide_options_price":false}}]},"yoast_head":"<!-- This site is optimized with the Yoast SEO plugin v26.5 - https:\/\/yoast.com\/wordpress\/plugins\/seo\/ -->\n<title>ASICS EvoRide &#039;White Green&#039;  - Tourcruiser PTE. LTD<\/title>\n<meta name=\"robots\" content=\"index, follow, max-snippet:-1, max-image-preview:large, max-video-preview:-1\" \/>\n<link rel=\"canonical\" href=\"https:\/\/tourcruiser.com\/\" \/>\n<meta property=\"og:locale\" content=\"de_DE\" \/>\n<meta property=\"og:type\" content=\"article\" \/>\n<meta property=\"og:title\" content=\"ASICS EvoRide &#039;White Green&#039;  - Tourcruiser PTE. LTD\" \/>\n<meta property=\"og:description\" content=\"ASICS EvoRide \u201d\u201d White\/Black\" \/>\n<meta property=\"og:url\" content=\"\/\" \/>\n<meta property=\"og:site_name\" content=\"Tourcruiser Sneaker Store\" \/>\n<meta property=\"article:modified_time\" content=\"2026-03-27T18:19:26+00:00\" \/>\n<meta name=\"twitter:card\" content=\"summary_large_image\" \/>\n<meta name=\"twitter:image\" content=\"https:\/\/images.novelship.com\/product\/asics_evoride__white_green__1011a792-101_0_72977.jpeg;https:\/\/images.novelship.com\/product\/asics_evoride__white_green__1011a792-101_1_72978.jpeg;https:\/\/images.novelship.com\/product\/asics_evoride__white_green__1011a792-101_2_72978.jpeg;https:\/\/images.novelship.com\/product\/asics_evoride__white_green__1011a792-101_3_72978.jpeg;https:\/\/images.novelship.com\/product\/asics_evoride__white_green__1011a792-101_4_72978.jpeg;https:\/\/images.novelship.com\/product\/asics_evoride__white_green__1011a792-101_5_72978.jpeg;https:\/\/images.novelship.com\/product\/asics_evoride__white_green__1011a792-101_6_72978.jpeg\" \/>\n<meta name=\"twitter:label1\" content=\"Gesch\u00e4tzte Lesezeit\" \/>\n\t<meta name=\"twitter:data1\" content=\"1\u00a0Minute\" \/>\n<script type=\"application\/ld+json\" class=\"yoast-schema-graph\">{\"@context\":\"https:\/\/schema.org\",\"@graph\":[{\"@type\":\"WebPage\",\"@id\":\"\/\",\"url\":\"https:\/\/tourcruiser.com\/\",\"name\":\"ASICS EvoRide 'White Green' - Tourcruiser PTE. LTD\",\"isPartOf\":{\"@id\":\"https:\/\/tourcruiser.com\/de\/#website\"},\"primaryImageOfPage\":{\"@id\":\"https:\/\/tourcruiser.com\/#primaryimage\"},\"image\":{\"@id\":\"https:\/\/tourcruiser.com\/#primaryimage\"},\"thumbnailUrl\":\"https:\/\/images.novelship.com\/product\/asics_evoride__white_green__1011a792-101_0_72977.jpeg;https:\/\/images.novelship.com\/product\/asics_evoride__white_green__1011a792-101_1_72978.jpeg;https:\/\/images.novelship.com\/product\/asics_evoride__white_green__1011a792-101_2_72978.jpeg;https:\/\/images.novelship.com\/product\/asics_evoride__white_green__1011a792-101_3_72978.jpeg;https:\/\/images.novelship.com\/product\/asics_evoride__white_green__1011a792-101_4_72978.jpeg;https:\/\/images.novelship.com\/product\/asics_evoride__white_green__1011a792-101_5_72978.jpeg;https:\/\/images.novelship.com\/product\/asics_evoride__white_green__1011a792-101_6_72978.jpeg\",\"datePublished\":\"2026-03-02T08:47:56+00:00\",\"dateModified\":\"2026-03-27T18:19:26+00:00\",\"breadcrumb\":{\"@id\":\"https:\/\/tourcruiser.com\/#breadcrumb\"},\"inLanguage\":\"de\",\"potentialAction\":[{\"@type\":\"ReadAction\",\"target\":[\"https:\/\/tourcruiser.com\/\"]}]},{\"@type\":\"ImageObject\",\"inLanguage\":\"de\",\"@id\":\"https:\/\/tourcruiser.com\/#primaryimage\",\"url\":\"https:\/\/images.novelship.com\/product\/asics_evoride__white_green__1011a792-101_0_72977.jpeg;https:\/\/images.novelship.com\/product\/asics_evoride__white_green__1011a792-101_1_72978.jpeg;https:\/\/images.novelship.com\/product\/asics_evoride__white_green__1011a792-101_2_72978.jpeg;https:\/\/images.novelship.com\/product\/asics_evoride__white_green__1011a792-101_3_72978.jpeg;https:\/\/images.novelship.com\/product\/asics_evoride__white_green__1011a792-101_4_72978.jpeg;https:\/\/images.novelship.com\/product\/asics_evoride__white_green__1011a792-101_5_72978.jpeg;https:\/\/images.novelship.com\/product\/asics_evoride__white_green__1011a792-101_6_72978.jpeg\",\"contentUrl\":\"https:\/\/images.novelship.com\/product\/asics_evoride__white_green__1011a792-101_0_72977.jpeg;https:\/\/images.novelship.com\/product\/asics_evoride__white_green__1011a792-101_1_72978.jpeg;https:\/\/images.novelship.com\/product\/asics_evoride__white_green__1011a792-101_2_72978.jpeg;https:\/\/images.novelship.com\/product\/asics_evoride__white_green__1011a792-101_3_72978.jpeg;https:\/\/images.novelship.com\/product\/asics_evoride__white_green__1011a792-101_4_72978.jpeg;https:\/\/images.novelship.com\/product\/asics_evoride__white_green__1011a792-101_5_72978.jpeg;https:\/\/images.novelship.com\/product\/asics_evoride__white_green__1011a792-101_6_72978.jpeg\"},{\"@type\":\"BreadcrumbList\",\"@id\":\"https:\/\/tourcruiser.com\/#breadcrumb\",\"itemListElement\":[{\"@type\":\"ListItem\",\"position\":1,\"name\":\"Home\",\"item\":\"https:\/\/tourcruiser.com\/de\/\"},{\"@type\":\"ListItem\",\"position\":2,\"name\":\"Shop\",\"item\":\"https:\/\/tourcruiser.com\/de\/shop\/\"},{\"@type\":\"ListItem\",\"position\":3,\"name\":\"ASICS EvoRide &#8218;White Green&#8216;\"}]},{\"@type\":\"WebSite\",\"@id\":\"https:\/\/tourcruiser.com\/de\/#website\",\"url\":\"https:\/\/tourcruiser.com\/de\/\",\"name\":\"Styloral Jewelry Shop\",\"description\":\"Tourcruiser Sneaker Store \u2014 der Ort, an dem das Universum deine Einzigartigkeit trifft.\",\"publisher\":{\"@id\":\"https:\/\/tourcruiser.com\/de\/#organization\"},\"potentialAction\":[{\"@type\":\"SearchAction\",\"target\":{\"@type\":\"EntryPoint\",\"urlTemplate\":\"https:\/\/tourcruiser.com\/de\/?s={search_term_string}\"},\"query-input\":{\"@type\":\"PropertyValueSpecification\",\"valueRequired\":true,\"valueName\":\"search_term_string\"}}],\"inLanguage\":\"de\"},{\"@type\":\"Organization\",\"@id\":\"https:\/\/tourcruiser.com\/de\/#organization\",\"name\":\"STYLORAL PTE. LTD\",\"url\":\"https:\/\/tourcruiser.com\/de\/\",\"logo\":{\"@type\":\"ImageObject\",\"inLanguage\":\"de\",\"@id\":\"https:\/\/tourcruiser.com\/de\/#\/schema\/logo\/image\/\",\"url\":\"https:\/\/www.tourcruiser.com\/wp-content\/uploads\/2025\/12\/logo.png\",\"contentUrl\":\"https:\/\/www.tourcruiser.com\/wp-content\/uploads\/2025\/12\/logo.png\",\"width\":200,\"height\":65,\"caption\":\"STYLORAL PTE. LTD\"},\"image\":{\"@id\":\"https:\/\/tourcruiser.com\/de\/#\/schema\/logo\/image\/\"}}]}<\/script>\n<!-- \/ Yoast SEO plugin. -->","yoast_head_json":{"title":"ASICS EvoRide 'White Green'  - Tourcruiser PTE. LTD","robots":{"index":"index","follow":"follow","max-snippet":"max-snippet:-1","max-image-preview":"max-image-preview:large","max-video-preview":"max-video-preview:-1"},"canonical":"https:\/\/tourcruiser.com\/","og_locale":"de_DE","og_type":"article","og_title":"ASICS EvoRide 'White Green'  - Tourcruiser PTE. LTD","og_description":"ASICS EvoRide \u201d\u201d White\/Black","og_url":"\/","og_site_name":"Tourcruiser Sneaker Store","article_modified_time":"2026-03-27T18:19:26+00:00","twitter_card":"summary_large_image","twitter_image":"https:\/\/images.novelship.com\/product\/asics_evoride__white_green__1011a792-101_0_72977.jpeg;https:\/\/images.novelship.com\/product\/asics_evoride__white_green__1011a792-101_1_72978.jpeg;https:\/\/images.novelship.com\/product\/asics_evoride__white_green__1011a792-101_2_72978.jpeg;https:\/\/images.novelship.com\/product\/asics_evoride__white_green__1011a792-101_3_72978.jpeg;https:\/\/images.novelship.com\/product\/asics_evoride__white_green__1011a792-101_4_72978.jpeg;https:\/\/images.novelship.com\/product\/asics_evoride__white_green__1011a792-101_5_72978.jpeg;https:\/\/images.novelship.com\/product\/asics_evoride__white_green__1011a792-101_6_72978.jpeg","twitter_misc":{"Gesch\u00e4tzte Lesezeit":"1\u00a0Minute"},"schema":{"@context":"https:\/\/schema.org","@graph":[{"@type":"WebPage","@id":"\/","url":"https:\/\/tourcruiser.com\/","name":"ASICS EvoRide 'White Green' - Tourcruiser PTE. LTD","isPartOf":{"@id":"https:\/\/tourcruiser.com\/de\/#website"},"primaryImageOfPage":{"@id":"https:\/\/tourcruiser.com\/#primaryimage"},"image":{"@id":"https:\/\/tourcruiser.com\/#primaryimage"},"thumbnailUrl":"https:\/\/images.novelship.com\/product\/asics_evoride__white_green__1011a792-101_0_72977.jpeg;https:\/\/images.novelship.com\/product\/asics_evoride__white_green__1011a792-101_1_72978.jpeg;https:\/\/images.novelship.com\/product\/asics_evoride__white_green__1011a792-101_2_72978.jpeg;https:\/\/images.novelship.com\/product\/asics_evoride__white_green__1011a792-101_3_72978.jpeg;https:\/\/images.novelship.com\/product\/asics_evoride__white_green__1011a792-101_4_72978.jpeg;https:\/\/images.novelship.com\/product\/asics_evoride__white_green__1011a792-101_5_72978.jpeg;https:\/\/images.novelship.com\/product\/asics_evoride__white_green__1011a792-101_6_72978.jpeg","datePublished":"2026-03-02T08:47:56+00:00","dateModified":"2026-03-27T18:19:26+00:00","breadcrumb":{"@id":"https:\/\/tourcruiser.com\/#breadcrumb"},"inLanguage":"de","potentialAction":[{"@type":"ReadAction","target":["https:\/\/tourcruiser.com\/"]}]},{"@type":"ImageObject","inLanguage":"de","@id":"https:\/\/tourcruiser.com\/#primaryimage","url":"https:\/\/images.novelship.com\/product\/asics_evoride__white_green__1011a792-101_0_72977.jpeg;https:\/\/images.novelship.com\/product\/asics_evoride__white_green__1011a792-101_1_72978.jpeg;https:\/\/images.novelship.com\/product\/asics_evoride__white_green__1011a792-101_2_72978.jpeg;https:\/\/images.novelship.com\/product\/asics_evoride__white_green__1011a792-101_3_72978.jpeg;https:\/\/images.novelship.com\/product\/asics_evoride__white_green__1011a792-101_4_72978.jpeg;https:\/\/images.novelship.com\/product\/asics_evoride__white_green__1011a792-101_5_72978.jpeg;https:\/\/images.novelship.com\/product\/asics_evoride__white_green__1011a792-101_6_72978.jpeg","contentUrl":"https:\/\/images.novelship.com\/product\/asics_evoride__white_green__1011a792-101_0_72977.jpeg;https:\/\/images.novelship.com\/product\/asics_evoride__white_green__1011a792-101_1_72978.jpeg;https:\/\/images.novelship.com\/product\/asics_evoride__white_green__1011a792-101_2_72978.jpeg;https:\/\/images.novelship.com\/product\/asics_evoride__white_green__1011a792-101_3_72978.jpeg;https:\/\/images.novelship.com\/product\/asics_evoride__white_green__1011a792-101_4_72978.jpeg;https:\/\/images.novelship.com\/product\/asics_evoride__white_green__1011a792-101_5_72978.jpeg;https:\/\/images.novelship.com\/product\/asics_evoride__white_green__1011a792-101_6_72978.jpeg"},{"@type":"BreadcrumbList","@id":"https:\/\/tourcruiser.com\/#breadcrumb","itemListElement":[{"@type":"ListItem","position":1,"name":"Home","item":"https:\/\/tourcruiser.com\/de\/"},{"@type":"ListItem","position":2,"name":"Shop","item":"https:\/\/tourcruiser.com\/de\/shop\/"},{"@type":"ListItem","position":3,"name":"ASICS EvoRide &#8218;White Green&#8216;"}]},{"@type":"WebSite","@id":"https:\/\/tourcruiser.com\/de\/#website","url":"https:\/\/tourcruiser.com\/de\/","name":"Styloral Jewelry Shop","description":"Tourcruiser Sneaker Store \u2014 der Ort, an dem das Universum deine Einzigartigkeit trifft.","publisher":{"@id":"https:\/\/tourcruiser.com\/de\/#organization"},"potentialAction":[{"@type":"SearchAction","target":{"@type":"EntryPoint","urlTemplate":"https:\/\/tourcruiser.com\/de\/?s={search_term_string}"},"query-input":{"@type":"PropertyValueSpecification","valueRequired":true,"valueName":"search_term_string"}}],"inLanguage":"de"},{"@type":"Organization","@id":"https:\/\/tourcruiser.com\/de\/#organization","name":"STYLORAL PTE. LTD","url":"https:\/\/tourcruiser.com\/de\/","logo":{"@type":"ImageObject","inLanguage":"de","@id":"https:\/\/tourcruiser.com\/de\/#\/schema\/logo\/image\/","url":"https:\/\/www.tourcruiser.com\/wp-content\/uploads\/2025\/12\/logo.png","contentUrl":"https:\/\/www.tourcruiser.com\/wp-content\/uploads\/2025\/12\/logo.png","width":200,"height":65,"caption":"STYLORAL PTE. LTD"},"image":{"@id":"https:\/\/tourcruiser.com\/de\/#\/schema\/logo\/image\/"}}]}},"_links":{"self":[{"href":"https:\/\/tourcruiser.com\/de\/wp-json\/wp\/v2\/product\/148123","targetHints":{"allow":["GET"]}}],"collection":[{"href":"https:\/\/tourcruiser.com\/de\/wp-json\/wp\/v2\/product"}],"about":[{"href":"https:\/\/tourcruiser.com\/de\/wp-json\/wp\/v2\/types\/product"}],"replies":[{"embeddable":true,"href":"https:\/\/tourcruiser.com\/de\/wp-json\/wp\/v2\/comments?post=148123"}],"wp:featuredmedia":[{"embeddable":true,"href":"https:\/\/tourcruiser.com\/de\/wp-json\/wp\/v2\/media\/148124"}],"wp:attachment":[{"href":"https:\/\/tourcruiser.com\/de\/wp-json\/wp\/v2\/media?parent=148123"}],"wp:term":[{"taxonomy":"product_brand","embeddable":true,"href":"https:\/\/tourcruiser.com\/de\/wp-json\/wp\/v2\/product_brand?post=148123"},{"taxonomy":"product_cat","embeddable":true,"href":"https:\/\/tourcruiser.com\/de\/wp-json\/wp\/v2\/product_cat?post=148123"},{"taxonomy":"product_tag","embeddable":true,"href":"https:\/\/tourcruiser.com\/de\/wp-json\/wp\/v2\/product_tag?post=148123"}],"curies":[{"name":"wp","href":"https:\/\/api.w.org\/{rel}","templated":true}]}}