{"id":148094,"date":"2026-03-02T15:47:53","date_gmt":"2026-03-02T08:47:53","guid":{"rendered":"http:\/\/tourcruiser.com\/product\/asics-gel-fujitrabuco-6-blackorange"},"modified":"2026-03-28T01:19:24","modified_gmt":"2026-03-27T18:19:24","slug":"asics-gel-fujitrabuco-6-blackorange","status":"publish","type":"product","link":"https:\/\/tourcruiser.com\/de\/products\/asics-gel-fujitrabuco-6-blackorange\/","title":{"rendered":"ASICS GEL-FujiTrabuco 6 Black\/Orange"},"content":{"rendered":"<p>Erlebe deine Trail-Abenteuer auf einem neuen Level mit dem ASICS GEL-FujiTrabuco 6! Dieser Laufschuh wurde f\u00fcr anspruchsvolles Gel\u00e4nde entwickelt und bietet dank seiner robusten FlyteFoam-Mittelsohle hervorragende D\u00e4mpfung. Das DUOMAX\u00e2\u201e\u00a2-St\u00fctzsystem sorgt f\u00fcr mehr Stabilit\u00e4t auf unebenem Untergrund. Das atmungsaktive Mesh-Obermaterial f\u00f6rdert die Luftzirkulation, w\u00e4hrend die griffige ASICSGRIP\u00e2\u201e\u00a2-Au\u00dfensohle optimale Traktion auf unwegsamem Gel\u00e4nde bietet. Egal, ob du Berge bezwingst oder die Natur erkundest \u201d\u201c mit dem GEL-FujiTrabuco 6 gehst du deine Ziele sicher und komfortabel an.<\/p>\n<ul>\n<li><strong>Farbgebung:<\/strong> Orange\/Schwarz<\/li>\n<li><strong>Artikelnummer:<\/strong> T7E4N-800<\/li>\n<li><strong>Obermaterial:<\/strong> Textil\/Kunstleder<\/li>\n<li><strong>Farbe:<\/strong> Orange<\/li>\n<li><strong>Saison:<\/strong> Ganzj\u00e4hrig<\/li>\n<\/ul>\n","protected":false},"excerpt":{"rendered":"<p>ASICS GEL-FujiTrabuco 6 \u201d\u201d Orange\/Black<\/p>\n","protected":false},"featured_media":148095,"comment_status":"open","ping_status":"closed","template":"","meta":[],"product_brand":[],"product_cat":[10792],"product_tag":[10791,11032,10847,10753,11231,10839,10802,11006,10785,10786,10758],"class_list":{"0":"post-148094","1":"product","2":"type-product","3":"status-publish","4":"has-post-thumbnail","6":"product_cat-asics","7":"product_tag-asics","8":"product_tag-asics-running-shoes","9":"product_tag-best-finds-under-100","10":"product_tag-gift-for-him","11":"product_tag-oxstreet-shoes","12":"product_tag-performance-running-shoes","13":"product_tag-performance-sport-shoes","14":"product_tag-trail-running-shoes","15":"product_tag-trending-deals","16":"product_tag-trending-deals-under-150","17":"product_tag-under-retail","18":"wcpa_has_options","20":"first","21":"outofstock","22":"taxable","23":"shipping-taxable","24":"purchasable","25":"product-type-simple"},"wcpa_form_fields":{"rules":{"pric_overide_base_price":false,"pric_overide_base_price_if_gt_zero":false,"pric_overide_base_price_fully":false,"pric_cal_option_once":false,"pric_use_as_fee":false,"bind_quantity":false,"quantity_bind_formula":false},"fields":[{"type":"color-group","required":true,"elementId":"wcpa-color-group-69a5ab08ee12d","label":"Gr\u00f6\u00dfe","inline":true,"priceOptions":"different_for_all","pricingType":"fixed","className":"hassizechart product-shoes-size-eu product-shoes-size","name":"color-group-69a5ab08ee136","disp_type":"square","selection_type":"tick-border","disp_size":"50","show_label_inside":true,"adjust_width":true,"cart_display_type":"text","other_text":"Other","cl_rule":"show","col":6,"values":[{"label":"36","value":"EU 36","price":"","pimage":"","pimage_id":"","pthumb":"","color":"","selected":true},{"label":"37","value":"EU 37","price":"","pimage":"","pimage_id":"","pthumb":"","color":""},{"label":"37.5","value":"EU 37.5","price":"","pimage":"","pimage_id":"","pthumb":"","color":""},{"label":"38","value":"EU 38","price":"","pimage":"","pimage_id":"","pthumb":"","color":""},{"label":"38.5","value":"EU 38.5","price":"","pimage":"","pimage_id":"","pthumb":"","color":""},{"label":"39","value":"EU 39","price":"","pimage":"","pimage_id":"","pthumb":"","color":""},{"label":"39.5","value":"EU 39.5","price":"","pimage":"","pimage_id":"","pthumb":"","color":""},{"label":"40","value":"EU 40","price":"","pimage":"","pimage_id":"","pthumb":"","color":""},{"label":"40.5","value":"EU 40.5","price":"","pimage":"","pimage_id":"","pthumb":"","color":""},{"label":" 41.5","value":"EU 41.5","price":"","pimage":"","pimage_id":"","pthumb":"","color":""},{"label":"42","value":"EU 42","price":"","pimage":"","pimage_id":"","pthumb":"","color":""},{"label":"42.5","value":"EU 42.5","price":"","pimage":"","pimage_id":"","pthumb":"","color":""},{"label":"43.5","value":"EU 43.5","price":"","pimage":"","pimage_id":"","pthumb":"","color":""},{"label":"44","value":"EU 44","price":"","pimage":"","pimage_id":"","pthumb":"","color":""},{"label":"44.5","value":"EU 44.5","price":"","pimage":"","pimage_id":"","pthumb":"","color":""},{"label":"45","value":"EU 45","price":"","pimage":"","pimage_id":"","pthumb":"","color":""}],"relations":[{"operator":false,"rules":[]}],"form_id":184311,"form_rules":{"pric_cal_option_once":false,"exclude_from_discount":false,"pric_use_as_fee":false,"fee_label":"Fee","render_after_acb":false,"disp_hide_options_price":false}}]},"yoast_head":"<!-- This site is optimized with the Yoast SEO plugin v26.5 - https:\/\/yoast.com\/wordpress\/plugins\/seo\/ -->\n<title>ASICS GEL-FujiTrabuco 6 Black\/Orange  - Tourcruiser PTE. LTD<\/title>\n<meta name=\"robots\" content=\"index, follow, max-snippet:-1, max-image-preview:large, max-video-preview:-1\" \/>\n<link rel=\"canonical\" href=\"https:\/\/tourcruiser.com\/\" \/>\n<meta property=\"og:locale\" content=\"de_DE\" \/>\n<meta property=\"og:type\" content=\"article\" \/>\n<meta property=\"og:title\" content=\"ASICS GEL-FujiTrabuco 6 Black\/Orange  - Tourcruiser PTE. LTD\" \/>\n<meta property=\"og:description\" content=\"ASICS GEL-FujiTrabuco 6 \u201d\u201d Orange\/Black\" \/>\n<meta property=\"og:url\" content=\"\/\" \/>\n<meta property=\"og:site_name\" content=\"Tourcruiser Sneaker Store\" \/>\n<meta property=\"article:modified_time\" content=\"2026-03-27T18:19:24+00:00\" \/>\n<meta name=\"twitter:card\" content=\"summary_large_image\" \/>\n<meta name=\"twitter:image\" content=\"https:\/\/images.novelship.com\/product\/asics_gel_fujitrabuco_6__black_orange__t7e4n_800_0_62746.jpeg;https:\/\/images.novelship.com\/product\/asics_gel_fujitrabuco_6__black_orange__t7e4n_800_1_62747.jpeg;https:\/\/images.novelship.com\/product\/asics_gel_fujitrabuco_6__black_orange__t7e4n_800_2_62747.jpeg;https:\/\/images.novelship.com\/product\/asics_gel_fujitrabuco_6__black_orange__t7e4n_800_3_62747.jpeg;https:\/\/images.novelship.com\/product\/asics_gel_fujitrabuco_6__black_orange__t7e4n_800_4_62747.jpeg;https:\/\/images.novelship.com\/product\/asics_gel_fujitrabuco_6__black_orange__t7e4n_800_5_62747.jpeg\" \/>\n<script type=\"application\/ld+json\" class=\"yoast-schema-graph\">{\"@context\":\"https:\/\/schema.org\",\"@graph\":[{\"@type\":\"WebPage\",\"@id\":\"\/\",\"url\":\"https:\/\/tourcruiser.com\/\",\"name\":\"ASICS GEL-FujiTrabuco 6 Black\/Orange - Tourcruiser PTE. LTD\",\"isPartOf\":{\"@id\":\"https:\/\/tourcruiser.com\/de\/#website\"},\"primaryImageOfPage\":{\"@id\":\"https:\/\/tourcruiser.com\/#primaryimage\"},\"image\":{\"@id\":\"https:\/\/tourcruiser.com\/#primaryimage\"},\"thumbnailUrl\":\"https:\/\/images.novelship.com\/product\/asics_gel_fujitrabuco_6__black_orange__t7e4n_800_0_62746.jpeg;https:\/\/images.novelship.com\/product\/asics_gel_fujitrabuco_6__black_orange__t7e4n_800_1_62747.jpeg;https:\/\/images.novelship.com\/product\/asics_gel_fujitrabuco_6__black_orange__t7e4n_800_2_62747.jpeg;https:\/\/images.novelship.com\/product\/asics_gel_fujitrabuco_6__black_orange__t7e4n_800_3_62747.jpeg;https:\/\/images.novelship.com\/product\/asics_gel_fujitrabuco_6__black_orange__t7e4n_800_4_62747.jpeg;https:\/\/images.novelship.com\/product\/asics_gel_fujitrabuco_6__black_orange__t7e4n_800_5_62747.jpeg\",\"datePublished\":\"2026-03-02T08:47:53+00:00\",\"dateModified\":\"2026-03-27T18:19:24+00:00\",\"breadcrumb\":{\"@id\":\"https:\/\/tourcruiser.com\/#breadcrumb\"},\"inLanguage\":\"de\",\"potentialAction\":[{\"@type\":\"ReadAction\",\"target\":[\"https:\/\/tourcruiser.com\/\"]}]},{\"@type\":\"ImageObject\",\"inLanguage\":\"de\",\"@id\":\"https:\/\/tourcruiser.com\/#primaryimage\",\"url\":\"https:\/\/images.novelship.com\/product\/asics_gel_fujitrabuco_6__black_orange__t7e4n_800_0_62746.jpeg;https:\/\/images.novelship.com\/product\/asics_gel_fujitrabuco_6__black_orange__t7e4n_800_1_62747.jpeg;https:\/\/images.novelship.com\/product\/asics_gel_fujitrabuco_6__black_orange__t7e4n_800_2_62747.jpeg;https:\/\/images.novelship.com\/product\/asics_gel_fujitrabuco_6__black_orange__t7e4n_800_3_62747.jpeg;https:\/\/images.novelship.com\/product\/asics_gel_fujitrabuco_6__black_orange__t7e4n_800_4_62747.jpeg;https:\/\/images.novelship.com\/product\/asics_gel_fujitrabuco_6__black_orange__t7e4n_800_5_62747.jpeg\",\"contentUrl\":\"https:\/\/images.novelship.com\/product\/asics_gel_fujitrabuco_6__black_orange__t7e4n_800_0_62746.jpeg;https:\/\/images.novelship.com\/product\/asics_gel_fujitrabuco_6__black_orange__t7e4n_800_1_62747.jpeg;https:\/\/images.novelship.com\/product\/asics_gel_fujitrabuco_6__black_orange__t7e4n_800_2_62747.jpeg;https:\/\/images.novelship.com\/product\/asics_gel_fujitrabuco_6__black_orange__t7e4n_800_3_62747.jpeg;https:\/\/images.novelship.com\/product\/asics_gel_fujitrabuco_6__black_orange__t7e4n_800_4_62747.jpeg;https:\/\/images.novelship.com\/product\/asics_gel_fujitrabuco_6__black_orange__t7e4n_800_5_62747.jpeg\"},{\"@type\":\"BreadcrumbList\",\"@id\":\"https:\/\/tourcruiser.com\/#breadcrumb\",\"itemListElement\":[{\"@type\":\"ListItem\",\"position\":1,\"name\":\"Home\",\"item\":\"https:\/\/tourcruiser.com\/de\/\"},{\"@type\":\"ListItem\",\"position\":2,\"name\":\"Shop\",\"item\":\"https:\/\/tourcruiser.com\/de\/shop\/\"},{\"@type\":\"ListItem\",\"position\":3,\"name\":\"ASICS GEL-FujiTrabuco 6 Black\/Orange\"}]},{\"@type\":\"WebSite\",\"@id\":\"https:\/\/tourcruiser.com\/de\/#website\",\"url\":\"https:\/\/tourcruiser.com\/de\/\",\"name\":\"Styloral Jewelry Shop\",\"description\":\"Tourcruiser Sneaker Store \u2014 der Ort, an dem das Universum deine Einzigartigkeit trifft.\",\"publisher\":{\"@id\":\"https:\/\/tourcruiser.com\/de\/#organization\"},\"potentialAction\":[{\"@type\":\"SearchAction\",\"target\":{\"@type\":\"EntryPoint\",\"urlTemplate\":\"https:\/\/tourcruiser.com\/de\/?s={search_term_string}\"},\"query-input\":{\"@type\":\"PropertyValueSpecification\",\"valueRequired\":true,\"valueName\":\"search_term_string\"}}],\"inLanguage\":\"de\"},{\"@type\":\"Organization\",\"@id\":\"https:\/\/tourcruiser.com\/de\/#organization\",\"name\":\"STYLORAL PTE. LTD\",\"url\":\"https:\/\/tourcruiser.com\/de\/\",\"logo\":{\"@type\":\"ImageObject\",\"inLanguage\":\"de\",\"@id\":\"https:\/\/tourcruiser.com\/de\/#\/schema\/logo\/image\/\",\"url\":\"https:\/\/www.tourcruiser.com\/wp-content\/uploads\/2025\/12\/logo.png\",\"contentUrl\":\"https:\/\/www.tourcruiser.com\/wp-content\/uploads\/2025\/12\/logo.png\",\"width\":200,\"height\":65,\"caption\":\"STYLORAL PTE. LTD\"},\"image\":{\"@id\":\"https:\/\/tourcruiser.com\/de\/#\/schema\/logo\/image\/\"}}]}<\/script>\n<!-- \/ Yoast SEO plugin. -->","yoast_head_json":{"title":"ASICS GEL-FujiTrabuco 6 Black\/Orange  - Tourcruiser PTE. LTD","robots":{"index":"index","follow":"follow","max-snippet":"max-snippet:-1","max-image-preview":"max-image-preview:large","max-video-preview":"max-video-preview:-1"},"canonical":"https:\/\/tourcruiser.com\/","og_locale":"de_DE","og_type":"article","og_title":"ASICS GEL-FujiTrabuco 6 Black\/Orange  - Tourcruiser PTE. LTD","og_description":"ASICS GEL-FujiTrabuco 6 \u201d\u201d Orange\/Black","og_url":"\/","og_site_name":"Tourcruiser Sneaker Store","article_modified_time":"2026-03-27T18:19:24+00:00","twitter_card":"summary_large_image","twitter_image":"https:\/\/images.novelship.com\/product\/asics_gel_fujitrabuco_6__black_orange__t7e4n_800_0_62746.jpeg;https:\/\/images.novelship.com\/product\/asics_gel_fujitrabuco_6__black_orange__t7e4n_800_1_62747.jpeg;https:\/\/images.novelship.com\/product\/asics_gel_fujitrabuco_6__black_orange__t7e4n_800_2_62747.jpeg;https:\/\/images.novelship.com\/product\/asics_gel_fujitrabuco_6__black_orange__t7e4n_800_3_62747.jpeg;https:\/\/images.novelship.com\/product\/asics_gel_fujitrabuco_6__black_orange__t7e4n_800_4_62747.jpeg;https:\/\/images.novelship.com\/product\/asics_gel_fujitrabuco_6__black_orange__t7e4n_800_5_62747.jpeg","schema":{"@context":"https:\/\/schema.org","@graph":[{"@type":"WebPage","@id":"\/","url":"https:\/\/tourcruiser.com\/","name":"ASICS GEL-FujiTrabuco 6 Black\/Orange - Tourcruiser PTE. LTD","isPartOf":{"@id":"https:\/\/tourcruiser.com\/de\/#website"},"primaryImageOfPage":{"@id":"https:\/\/tourcruiser.com\/#primaryimage"},"image":{"@id":"https:\/\/tourcruiser.com\/#primaryimage"},"thumbnailUrl":"https:\/\/images.novelship.com\/product\/asics_gel_fujitrabuco_6__black_orange__t7e4n_800_0_62746.jpeg;https:\/\/images.novelship.com\/product\/asics_gel_fujitrabuco_6__black_orange__t7e4n_800_1_62747.jpeg;https:\/\/images.novelship.com\/product\/asics_gel_fujitrabuco_6__black_orange__t7e4n_800_2_62747.jpeg;https:\/\/images.novelship.com\/product\/asics_gel_fujitrabuco_6__black_orange__t7e4n_800_3_62747.jpeg;https:\/\/images.novelship.com\/product\/asics_gel_fujitrabuco_6__black_orange__t7e4n_800_4_62747.jpeg;https:\/\/images.novelship.com\/product\/asics_gel_fujitrabuco_6__black_orange__t7e4n_800_5_62747.jpeg","datePublished":"2026-03-02T08:47:53+00:00","dateModified":"2026-03-27T18:19:24+00:00","breadcrumb":{"@id":"https:\/\/tourcruiser.com\/#breadcrumb"},"inLanguage":"de","potentialAction":[{"@type":"ReadAction","target":["https:\/\/tourcruiser.com\/"]}]},{"@type":"ImageObject","inLanguage":"de","@id":"https:\/\/tourcruiser.com\/#primaryimage","url":"https:\/\/images.novelship.com\/product\/asics_gel_fujitrabuco_6__black_orange__t7e4n_800_0_62746.jpeg;https:\/\/images.novelship.com\/product\/asics_gel_fujitrabuco_6__black_orange__t7e4n_800_1_62747.jpeg;https:\/\/images.novelship.com\/product\/asics_gel_fujitrabuco_6__black_orange__t7e4n_800_2_62747.jpeg;https:\/\/images.novelship.com\/product\/asics_gel_fujitrabuco_6__black_orange__t7e4n_800_3_62747.jpeg;https:\/\/images.novelship.com\/product\/asics_gel_fujitrabuco_6__black_orange__t7e4n_800_4_62747.jpeg;https:\/\/images.novelship.com\/product\/asics_gel_fujitrabuco_6__black_orange__t7e4n_800_5_62747.jpeg","contentUrl":"https:\/\/images.novelship.com\/product\/asics_gel_fujitrabuco_6__black_orange__t7e4n_800_0_62746.jpeg;https:\/\/images.novelship.com\/product\/asics_gel_fujitrabuco_6__black_orange__t7e4n_800_1_62747.jpeg;https:\/\/images.novelship.com\/product\/asics_gel_fujitrabuco_6__black_orange__t7e4n_800_2_62747.jpeg;https:\/\/images.novelship.com\/product\/asics_gel_fujitrabuco_6__black_orange__t7e4n_800_3_62747.jpeg;https:\/\/images.novelship.com\/product\/asics_gel_fujitrabuco_6__black_orange__t7e4n_800_4_62747.jpeg;https:\/\/images.novelship.com\/product\/asics_gel_fujitrabuco_6__black_orange__t7e4n_800_5_62747.jpeg"},{"@type":"BreadcrumbList","@id":"https:\/\/tourcruiser.com\/#breadcrumb","itemListElement":[{"@type":"ListItem","position":1,"name":"Home","item":"https:\/\/tourcruiser.com\/de\/"},{"@type":"ListItem","position":2,"name":"Shop","item":"https:\/\/tourcruiser.com\/de\/shop\/"},{"@type":"ListItem","position":3,"name":"ASICS GEL-FujiTrabuco 6 Black\/Orange"}]},{"@type":"WebSite","@id":"https:\/\/tourcruiser.com\/de\/#website","url":"https:\/\/tourcruiser.com\/de\/","name":"Styloral Jewelry Shop","description":"Tourcruiser Sneaker Store \u2014 der Ort, an dem das Universum deine Einzigartigkeit trifft.","publisher":{"@id":"https:\/\/tourcruiser.com\/de\/#organization"},"potentialAction":[{"@type":"SearchAction","target":{"@type":"EntryPoint","urlTemplate":"https:\/\/tourcruiser.com\/de\/?s={search_term_string}"},"query-input":{"@type":"PropertyValueSpecification","valueRequired":true,"valueName":"search_term_string"}}],"inLanguage":"de"},{"@type":"Organization","@id":"https:\/\/tourcruiser.com\/de\/#organization","name":"STYLORAL PTE. LTD","url":"https:\/\/tourcruiser.com\/de\/","logo":{"@type":"ImageObject","inLanguage":"de","@id":"https:\/\/tourcruiser.com\/de\/#\/schema\/logo\/image\/","url":"https:\/\/www.tourcruiser.com\/wp-content\/uploads\/2025\/12\/logo.png","contentUrl":"https:\/\/www.tourcruiser.com\/wp-content\/uploads\/2025\/12\/logo.png","width":200,"height":65,"caption":"STYLORAL PTE. LTD"},"image":{"@id":"https:\/\/tourcruiser.com\/de\/#\/schema\/logo\/image\/"}}]}},"_links":{"self":[{"href":"https:\/\/tourcruiser.com\/de\/wp-json\/wp\/v2\/product\/148094","targetHints":{"allow":["GET"]}}],"collection":[{"href":"https:\/\/tourcruiser.com\/de\/wp-json\/wp\/v2\/product"}],"about":[{"href":"https:\/\/tourcruiser.com\/de\/wp-json\/wp\/v2\/types\/product"}],"replies":[{"embeddable":true,"href":"https:\/\/tourcruiser.com\/de\/wp-json\/wp\/v2\/comments?post=148094"}],"wp:featuredmedia":[{"embeddable":true,"href":"https:\/\/tourcruiser.com\/de\/wp-json\/wp\/v2\/media\/148095"}],"wp:attachment":[{"href":"https:\/\/tourcruiser.com\/de\/wp-json\/wp\/v2\/media?parent=148094"}],"wp:term":[{"taxonomy":"product_brand","embeddable":true,"href":"https:\/\/tourcruiser.com\/de\/wp-json\/wp\/v2\/product_brand?post=148094"},{"taxonomy":"product_cat","embeddable":true,"href":"https:\/\/tourcruiser.com\/de\/wp-json\/wp\/v2\/product_cat?post=148094"},{"taxonomy":"product_tag","embeddable":true,"href":"https:\/\/tourcruiser.com\/de\/wp-json\/wp\/v2\/product_tag?post=148094"}],"curies":[{"name":"wp","href":"https:\/\/api.w.org\/{rel}","templated":true}]}}