{"id":147906,"date":"2026-03-02T15:47:33","date_gmt":"2026-03-02T08:47:33","guid":{"rendered":"http:\/\/tourcruiser.com\/product\/adidas-trae-young-unlimited-2-blue-burst-royal"},"modified":"2026-03-28T01:19:11","modified_gmt":"2026-03-27T18:19:11","slug":"adidas-trae-young-unlimited-2-blue-burst-royal","status":"publish","type":"product","link":"https:\/\/tourcruiser.com\/de\/products\/adidas-trae-young-unlimited-2-blue-burst-royal\/","title":{"rendered":"adidas Trae Young Unlimited 2 &#8218;Blue Burst Royal&#8216;"},"content":{"rendered":"<p>Wir pr\u00e4sentieren den adidas Trae Young Unlimited 2 \u201eBlue Burst Royal\u201c IE7766 \u201d\u201c f\u00fcr elektrisierende Performance auf dem Court. Dieser Basketballschuh besticht durch sein leuchtendes Blau-Royal-Farbschema und zieht garantiert alle Blicke auf sich. Dank der Lightstrike-D\u00e4mpfung erlebst du reaktionsfreudigen Komfort und explosive Energier\u00fcckgabe bei jedem Schritt. Der Trae Young Unlimited 2 wurde f\u00fcr Agilit\u00e4t und Kontrolle entwickelt und gibt dir die M\u00f6glichkeit, deine Grenzen zu erweitern und das Spiel zu dominieren. Beherrsche den Court mit diesen exklusiven Sneakern, die f\u00fcr dynamische Spielmacher entwickelt wurden, die neue H\u00f6hen erreichen wollen.<\/p>\n<ul>\n<li><strong>Farbgebung:<\/strong> Blau\/Wei\u00df<\/li>\n<li><strong>Style-Code:<\/strong> IE7766<\/li>\n<li><strong>Obermaterial:<\/strong> Textil<\/li>\n<li><strong>Zwischensohle:<\/strong> Lightstrike<\/li>\n<li><strong>Farbe:<\/strong> Blau<\/li>\n<li><strong>Erscheinungsjahr:<\/strong> 2024<\/li>\n<\/ul>\n","protected":false},"excerpt":{"rendered":"<p>adidas Trae Young Unlimited 2 \u201d\u201d Blue\/White<\/p>\n","protected":false},"featured_media":147907,"comment_status":"open","ping_status":"closed","template":"","meta":[],"product_brand":[],"product_cat":[10760],"product_tag":[10759,10799,10800,10753,10802,14065,10758],"class_list":{"0":"post-147906","1":"product","2":"type-product","3":"status-publish","4":"has-post-thumbnail","6":"product_cat-adidas","7":"product_tag-adidas","8":"product_tag-ankle-support-basketball-shoes","9":"product_tag-basketball-shoes","10":"product_tag-gift-for-him","11":"product_tag-performance-sport-shoes","12":"product_tag-trae-young","13":"product_tag-under-retail","14":"wcpa_has_options","16":"first","17":"outofstock","18":"taxable","19":"shipping-taxable","20":"purchasable","21":"product-type-simple"},"wcpa_form_fields":{"rules":{"pric_overide_base_price":false,"pric_overide_base_price_if_gt_zero":false,"pric_overide_base_price_fully":false,"pric_cal_option_once":false,"pric_use_as_fee":false,"bind_quantity":false,"quantity_bind_formula":false},"fields":[{"type":"color-group","required":true,"elementId":"wcpa-color-group-66c4a7f817afe","label":"Gr\u00f6\u00dfe","inline":true,"priceOptions":"different_for_all","pricingType":"fixed","className":"hassizechart product-shoes-size-eu product-shoes-size","name":"color-group-66c4a7f817b18","disp_type":"square","selection_type":"tick-border","disp_size":"50","show_label_inside":true,"adjust_width":true,"cart_display_type":"text","other_text":"Other","cl_rule":"show","col":6,"values":[{"label":"35","value":"EU 35","price":"","pimage":"","pimage_id":"","pthumb":"","color":""},{"label":"35.5","value":"EU 35.5","price":"","pimage":"","pimage_id":"","pthumb":"","color":""},{"label":"36","value":"EU 36","price":"","pimage":"","pimage_id":"","pthumb":"","color":"","selected":true},{"label":"36 2\/3","value":"EU 36 2\/3","price":"","pimage":"","pimage_id":"","pthumb":"","color":""},{"label":"37 1\/3","value":"EU 37 1\/3","price":"","pimage":"","pimage_id":"","pthumb":"","color":""},{"label":"38","value":"EU 38","price":"","pimage":"","pimage_id":"","pthumb":"","color":""},{"label":"38 2\/3","value":"EU 38 2\/3","price":"","pimage":"","pimage_id":"","pthumb":"","color":""},{"label":"39 1\/3","value":"EU 39 1\/3","price":"","pimage":"","pimage_id":"","pthumb":"","color":""},{"label":"40","value":"EU 40","price":"","pimage":"","pimage_id":"","pthumb":"","color":""},{"label":"40 2\/3","value":"EU 40 2\/3","price":"","pimage":"","pimage_id":"","pthumb":"","color":""},{"label":"41 1\/3","value":"EU 41 1\/3","price":"","pimage":"","pimage_id":"","pthumb":"","color":""},{"label":"42","value":"EU 42","price":"","pimage":"","pimage_id":"","pthumb":"","color":""},{"label":"42 2\/3","value":"EU 42 2\/3","price":"","pimage":"","pimage_id":"","pthumb":"","color":""},{"label":"43 1\/3","value":"EU 43 1\/3","price":"","pimage":"","pimage_id":"","pthumb":"","color":""},{"label":"44","value":"EU 44","price":"","pimage":"","pimage_id":"","pthumb":"","color":""},{"label":"44 2\/3","value":"EU 44 2\/3","price":"","pimage":"","pimage_id":"","pthumb":"","color":""},{"label":"45 1\/3","value":"EU 45 1\/3","price":"","pimage":"","pimage_id":"","pthumb":"","color":""},{"label":"46","value":"EU 46","price":"","pimage":"","pimage_id":"","pthumb":"","color":""},{"label":"46 2\/3","value":"EU 46 2\/3","price":"","pimage":"","pimage_id":"","pthumb":"","color":""},{"label":"47 1\/3","value":"EU 47 1\/3","price":"","pimage":"","pimage_id":"","pthumb":"","color":""}],"relations":[{"operator":false,"rules":[]}],"form_id":24802,"form_rules":{"pric_cal_option_once":false,"exclude_from_discount":false,"pric_use_as_fee":false,"fee_label":"Fee","render_after_acb":false,"disp_hide_options_price":false}}]},"yoast_head":"<!-- This site is optimized with the Yoast SEO plugin v26.5 - https:\/\/yoast.com\/wordpress\/plugins\/seo\/ -->\n<title>adidas Trae Young Unlimited 2 &#039;Blue Burst Royal&#039;  - Tourcruiser PTE. LTD<\/title>\n<meta name=\"robots\" content=\"index, follow, max-snippet:-1, max-image-preview:large, max-video-preview:-1\" \/>\n<link rel=\"canonical\" href=\"https:\/\/tourcruiser.com\/\" \/>\n<meta property=\"og:locale\" content=\"de_DE\" \/>\n<meta property=\"og:type\" content=\"article\" \/>\n<meta property=\"og:title\" content=\"adidas Trae Young Unlimited 2 &#039;Blue Burst Royal&#039;  - Tourcruiser PTE. LTD\" \/>\n<meta property=\"og:description\" content=\"adidas Trae Young Unlimited 2 \u201d\u201d Blue\/White\" \/>\n<meta property=\"og:url\" content=\"\/\" \/>\n<meta property=\"og:site_name\" content=\"Tourcruiser Sneaker Store\" \/>\n<meta property=\"article:modified_time\" content=\"2026-03-27T18:19:11+00:00\" \/>\n<meta name=\"twitter:card\" content=\"summary_large_image\" \/>\n<meta name=\"twitter:image\" content=\"https:\/\/images.novelship.com\/product\/adidas_trae_young_unlimited_2__blue_burst_royal__i_0_90055.jpeg;https:\/\/images.novelship.com\/product\/adidas_trae_young_unlimited_2__blue_burst_royal__i_1_90055.jpeg;https:\/\/images.novelship.com\/product\/adidas_trae_young_unlimited_2__blue_burst_royal__i_2_90055.jpeg;https:\/\/images.novelship.com\/product\/adidas_trae_young_unlimited_2__blue_burst_royal__i_3_90055.jpeg;https:\/\/images.novelship.com\/product\/adidas_trae_young_unlimited_2__blue_burst_royal__i_4_90055.jpeg;https:\/\/images.novelship.com\/product\/adidas_trae_young_unlimited_2__blue_burst_royal__i_5_90055.jpeg\" \/>\n<meta name=\"twitter:label1\" content=\"Gesch\u00e4tzte Lesezeit\" \/>\n\t<meta name=\"twitter:data1\" content=\"1\u00a0Minute\" \/>\n<script type=\"application\/ld+json\" class=\"yoast-schema-graph\">{\"@context\":\"https:\/\/schema.org\",\"@graph\":[{\"@type\":\"WebPage\",\"@id\":\"\/\",\"url\":\"https:\/\/tourcruiser.com\/\",\"name\":\"adidas Trae Young Unlimited 2 'Blue Burst Royal' - Tourcruiser PTE. LTD\",\"isPartOf\":{\"@id\":\"https:\/\/tourcruiser.com\/de\/#website\"},\"primaryImageOfPage\":{\"@id\":\"https:\/\/tourcruiser.com\/#primaryimage\"},\"image\":{\"@id\":\"https:\/\/tourcruiser.com\/#primaryimage\"},\"thumbnailUrl\":\"https:\/\/images.novelship.com\/product\/adidas_trae_young_unlimited_2__blue_burst_royal__i_0_90055.jpeg;https:\/\/images.novelship.com\/product\/adidas_trae_young_unlimited_2__blue_burst_royal__i_1_90055.jpeg;https:\/\/images.novelship.com\/product\/adidas_trae_young_unlimited_2__blue_burst_royal__i_2_90055.jpeg;https:\/\/images.novelship.com\/product\/adidas_trae_young_unlimited_2__blue_burst_royal__i_3_90055.jpeg;https:\/\/images.novelship.com\/product\/adidas_trae_young_unlimited_2__blue_burst_royal__i_4_90055.jpeg;https:\/\/images.novelship.com\/product\/adidas_trae_young_unlimited_2__blue_burst_royal__i_5_90055.jpeg\",\"datePublished\":\"2026-03-02T08:47:33+00:00\",\"dateModified\":\"2026-03-27T18:19:11+00:00\",\"breadcrumb\":{\"@id\":\"https:\/\/tourcruiser.com\/#breadcrumb\"},\"inLanguage\":\"de\",\"potentialAction\":[{\"@type\":\"ReadAction\",\"target\":[\"https:\/\/tourcruiser.com\/\"]}]},{\"@type\":\"ImageObject\",\"inLanguage\":\"de\",\"@id\":\"https:\/\/tourcruiser.com\/#primaryimage\",\"url\":\"https:\/\/images.novelship.com\/product\/adidas_trae_young_unlimited_2__blue_burst_royal__i_0_90055.jpeg;https:\/\/images.novelship.com\/product\/adidas_trae_young_unlimited_2__blue_burst_royal__i_1_90055.jpeg;https:\/\/images.novelship.com\/product\/adidas_trae_young_unlimited_2__blue_burst_royal__i_2_90055.jpeg;https:\/\/images.novelship.com\/product\/adidas_trae_young_unlimited_2__blue_burst_royal__i_3_90055.jpeg;https:\/\/images.novelship.com\/product\/adidas_trae_young_unlimited_2__blue_burst_royal__i_4_90055.jpeg;https:\/\/images.novelship.com\/product\/adidas_trae_young_unlimited_2__blue_burst_royal__i_5_90055.jpeg\",\"contentUrl\":\"https:\/\/images.novelship.com\/product\/adidas_trae_young_unlimited_2__blue_burst_royal__i_0_90055.jpeg;https:\/\/images.novelship.com\/product\/adidas_trae_young_unlimited_2__blue_burst_royal__i_1_90055.jpeg;https:\/\/images.novelship.com\/product\/adidas_trae_young_unlimited_2__blue_burst_royal__i_2_90055.jpeg;https:\/\/images.novelship.com\/product\/adidas_trae_young_unlimited_2__blue_burst_royal__i_3_90055.jpeg;https:\/\/images.novelship.com\/product\/adidas_trae_young_unlimited_2__blue_burst_royal__i_4_90055.jpeg;https:\/\/images.novelship.com\/product\/adidas_trae_young_unlimited_2__blue_burst_royal__i_5_90055.jpeg\"},{\"@type\":\"BreadcrumbList\",\"@id\":\"https:\/\/tourcruiser.com\/#breadcrumb\",\"itemListElement\":[{\"@type\":\"ListItem\",\"position\":1,\"name\":\"Home\",\"item\":\"https:\/\/tourcruiser.com\/de\/\"},{\"@type\":\"ListItem\",\"position\":2,\"name\":\"Shop\",\"item\":\"https:\/\/tourcruiser.com\/de\/shop\/\"},{\"@type\":\"ListItem\",\"position\":3,\"name\":\"adidas Trae Young Unlimited 2 &#8218;Blue Burst Royal&#8216;\"}]},{\"@type\":\"WebSite\",\"@id\":\"https:\/\/tourcruiser.com\/de\/#website\",\"url\":\"https:\/\/tourcruiser.com\/de\/\",\"name\":\"Styloral Jewelry Shop\",\"description\":\"Tourcruiser Sneaker Store \u2014 der Ort, an dem das Universum deine Einzigartigkeit trifft.\",\"publisher\":{\"@id\":\"https:\/\/tourcruiser.com\/de\/#organization\"},\"potentialAction\":[{\"@type\":\"SearchAction\",\"target\":{\"@type\":\"EntryPoint\",\"urlTemplate\":\"https:\/\/tourcruiser.com\/de\/?s={search_term_string}\"},\"query-input\":{\"@type\":\"PropertyValueSpecification\",\"valueRequired\":true,\"valueName\":\"search_term_string\"}}],\"inLanguage\":\"de\"},{\"@type\":\"Organization\",\"@id\":\"https:\/\/tourcruiser.com\/de\/#organization\",\"name\":\"STYLORAL PTE. LTD\",\"url\":\"https:\/\/tourcruiser.com\/de\/\",\"logo\":{\"@type\":\"ImageObject\",\"inLanguage\":\"de\",\"@id\":\"https:\/\/tourcruiser.com\/de\/#\/schema\/logo\/image\/\",\"url\":\"https:\/\/www.tourcruiser.com\/wp-content\/uploads\/2025\/12\/logo.png\",\"contentUrl\":\"https:\/\/www.tourcruiser.com\/wp-content\/uploads\/2025\/12\/logo.png\",\"width\":200,\"height\":65,\"caption\":\"STYLORAL PTE. LTD\"},\"image\":{\"@id\":\"https:\/\/tourcruiser.com\/de\/#\/schema\/logo\/image\/\"}}]}<\/script>\n<!-- \/ Yoast SEO plugin. -->","yoast_head_json":{"title":"adidas Trae Young Unlimited 2 'Blue Burst Royal'  - Tourcruiser PTE. LTD","robots":{"index":"index","follow":"follow","max-snippet":"max-snippet:-1","max-image-preview":"max-image-preview:large","max-video-preview":"max-video-preview:-1"},"canonical":"https:\/\/tourcruiser.com\/","og_locale":"de_DE","og_type":"article","og_title":"adidas Trae Young Unlimited 2 'Blue Burst Royal'  - Tourcruiser PTE. LTD","og_description":"adidas Trae Young Unlimited 2 \u201d\u201d Blue\/White","og_url":"\/","og_site_name":"Tourcruiser Sneaker Store","article_modified_time":"2026-03-27T18:19:11+00:00","twitter_card":"summary_large_image","twitter_image":"https:\/\/images.novelship.com\/product\/adidas_trae_young_unlimited_2__blue_burst_royal__i_0_90055.jpeg;https:\/\/images.novelship.com\/product\/adidas_trae_young_unlimited_2__blue_burst_royal__i_1_90055.jpeg;https:\/\/images.novelship.com\/product\/adidas_trae_young_unlimited_2__blue_burst_royal__i_2_90055.jpeg;https:\/\/images.novelship.com\/product\/adidas_trae_young_unlimited_2__blue_burst_royal__i_3_90055.jpeg;https:\/\/images.novelship.com\/product\/adidas_trae_young_unlimited_2__blue_burst_royal__i_4_90055.jpeg;https:\/\/images.novelship.com\/product\/adidas_trae_young_unlimited_2__blue_burst_royal__i_5_90055.jpeg","twitter_misc":{"Gesch\u00e4tzte Lesezeit":"1\u00a0Minute"},"schema":{"@context":"https:\/\/schema.org","@graph":[{"@type":"WebPage","@id":"\/","url":"https:\/\/tourcruiser.com\/","name":"adidas Trae Young Unlimited 2 'Blue Burst Royal' - Tourcruiser PTE. LTD","isPartOf":{"@id":"https:\/\/tourcruiser.com\/de\/#website"},"primaryImageOfPage":{"@id":"https:\/\/tourcruiser.com\/#primaryimage"},"image":{"@id":"https:\/\/tourcruiser.com\/#primaryimage"},"thumbnailUrl":"https:\/\/images.novelship.com\/product\/adidas_trae_young_unlimited_2__blue_burst_royal__i_0_90055.jpeg;https:\/\/images.novelship.com\/product\/adidas_trae_young_unlimited_2__blue_burst_royal__i_1_90055.jpeg;https:\/\/images.novelship.com\/product\/adidas_trae_young_unlimited_2__blue_burst_royal__i_2_90055.jpeg;https:\/\/images.novelship.com\/product\/adidas_trae_young_unlimited_2__blue_burst_royal__i_3_90055.jpeg;https:\/\/images.novelship.com\/product\/adidas_trae_young_unlimited_2__blue_burst_royal__i_4_90055.jpeg;https:\/\/images.novelship.com\/product\/adidas_trae_young_unlimited_2__blue_burst_royal__i_5_90055.jpeg","datePublished":"2026-03-02T08:47:33+00:00","dateModified":"2026-03-27T18:19:11+00:00","breadcrumb":{"@id":"https:\/\/tourcruiser.com\/#breadcrumb"},"inLanguage":"de","potentialAction":[{"@type":"ReadAction","target":["https:\/\/tourcruiser.com\/"]}]},{"@type":"ImageObject","inLanguage":"de","@id":"https:\/\/tourcruiser.com\/#primaryimage","url":"https:\/\/images.novelship.com\/product\/adidas_trae_young_unlimited_2__blue_burst_royal__i_0_90055.jpeg;https:\/\/images.novelship.com\/product\/adidas_trae_young_unlimited_2__blue_burst_royal__i_1_90055.jpeg;https:\/\/images.novelship.com\/product\/adidas_trae_young_unlimited_2__blue_burst_royal__i_2_90055.jpeg;https:\/\/images.novelship.com\/product\/adidas_trae_young_unlimited_2__blue_burst_royal__i_3_90055.jpeg;https:\/\/images.novelship.com\/product\/adidas_trae_young_unlimited_2__blue_burst_royal__i_4_90055.jpeg;https:\/\/images.novelship.com\/product\/adidas_trae_young_unlimited_2__blue_burst_royal__i_5_90055.jpeg","contentUrl":"https:\/\/images.novelship.com\/product\/adidas_trae_young_unlimited_2__blue_burst_royal__i_0_90055.jpeg;https:\/\/images.novelship.com\/product\/adidas_trae_young_unlimited_2__blue_burst_royal__i_1_90055.jpeg;https:\/\/images.novelship.com\/product\/adidas_trae_young_unlimited_2__blue_burst_royal__i_2_90055.jpeg;https:\/\/images.novelship.com\/product\/adidas_trae_young_unlimited_2__blue_burst_royal__i_3_90055.jpeg;https:\/\/images.novelship.com\/product\/adidas_trae_young_unlimited_2__blue_burst_royal__i_4_90055.jpeg;https:\/\/images.novelship.com\/product\/adidas_trae_young_unlimited_2__blue_burst_royal__i_5_90055.jpeg"},{"@type":"BreadcrumbList","@id":"https:\/\/tourcruiser.com\/#breadcrumb","itemListElement":[{"@type":"ListItem","position":1,"name":"Home","item":"https:\/\/tourcruiser.com\/de\/"},{"@type":"ListItem","position":2,"name":"Shop","item":"https:\/\/tourcruiser.com\/de\/shop\/"},{"@type":"ListItem","position":3,"name":"adidas Trae Young Unlimited 2 &#8218;Blue Burst Royal&#8216;"}]},{"@type":"WebSite","@id":"https:\/\/tourcruiser.com\/de\/#website","url":"https:\/\/tourcruiser.com\/de\/","name":"Styloral Jewelry Shop","description":"Tourcruiser Sneaker Store \u2014 der Ort, an dem das Universum deine Einzigartigkeit trifft.","publisher":{"@id":"https:\/\/tourcruiser.com\/de\/#organization"},"potentialAction":[{"@type":"SearchAction","target":{"@type":"EntryPoint","urlTemplate":"https:\/\/tourcruiser.com\/de\/?s={search_term_string}"},"query-input":{"@type":"PropertyValueSpecification","valueRequired":true,"valueName":"search_term_string"}}],"inLanguage":"de"},{"@type":"Organization","@id":"https:\/\/tourcruiser.com\/de\/#organization","name":"STYLORAL PTE. LTD","url":"https:\/\/tourcruiser.com\/de\/","logo":{"@type":"ImageObject","inLanguage":"de","@id":"https:\/\/tourcruiser.com\/de\/#\/schema\/logo\/image\/","url":"https:\/\/www.tourcruiser.com\/wp-content\/uploads\/2025\/12\/logo.png","contentUrl":"https:\/\/www.tourcruiser.com\/wp-content\/uploads\/2025\/12\/logo.png","width":200,"height":65,"caption":"STYLORAL PTE. LTD"},"image":{"@id":"https:\/\/tourcruiser.com\/de\/#\/schema\/logo\/image\/"}}]}},"_links":{"self":[{"href":"https:\/\/tourcruiser.com\/de\/wp-json\/wp\/v2\/product\/147906","targetHints":{"allow":["GET"]}}],"collection":[{"href":"https:\/\/tourcruiser.com\/de\/wp-json\/wp\/v2\/product"}],"about":[{"href":"https:\/\/tourcruiser.com\/de\/wp-json\/wp\/v2\/types\/product"}],"replies":[{"embeddable":true,"href":"https:\/\/tourcruiser.com\/de\/wp-json\/wp\/v2\/comments?post=147906"}],"wp:featuredmedia":[{"embeddable":true,"href":"https:\/\/tourcruiser.com\/de\/wp-json\/wp\/v2\/media\/147907"}],"wp:attachment":[{"href":"https:\/\/tourcruiser.com\/de\/wp-json\/wp\/v2\/media?parent=147906"}],"wp:term":[{"taxonomy":"product_brand","embeddable":true,"href":"https:\/\/tourcruiser.com\/de\/wp-json\/wp\/v2\/product_brand?post=147906"},{"taxonomy":"product_cat","embeddable":true,"href":"https:\/\/tourcruiser.com\/de\/wp-json\/wp\/v2\/product_cat?post=147906"},{"taxonomy":"product_tag","embeddable":true,"href":"https:\/\/tourcruiser.com\/de\/wp-json\/wp\/v2\/product_tag?post=147906"}],"curies":[{"name":"wp","href":"https:\/\/api.w.org\/{rel}","templated":true}]}}