{"id":147692,"date":"2026-03-02T15:47:12","date_gmt":"2026-03-02T08:47:12","guid":{"rendered":"http:\/\/tourcruiser.com\/product\/nike-air-vapormax-2019-varsity-red"},"modified":"2026-03-28T01:18:55","modified_gmt":"2026-03-27T18:18:55","slug":"nike-air-vapormax-2019-varsity-red","status":"publish","type":"product","link":"https:\/\/tourcruiser.com\/de\/products\/nike-air-vapormax-2019-varsity-red\/","title":{"rendered":"Nike Air VaporMax 2019 &#8218;Varsity Red&#8216;"},"content":{"rendered":"<p>Erlebe ein v\u00f6llig neues Laufgef\u00fchl mit dem Nike Air VaporMax 2019 \u201eVarsity Red\u201c AR6631-600. Dieser innovative Sneaker besticht durch sein auff\u00e4lliges Varsity Red-Farbschema und das transparente Obermaterial, das ihm einen futuristischen Look verleiht. Die revolution\u00e4re VaporMax Air-Technologie sorgt f\u00fcr unvergleichliche D\u00e4mpfung und Unterst\u00fctzung, w\u00e4hrend die strapazierf\u00e4hige Gummiau\u00dfensohle hervorragende Traktion auf jedem Untergrund bietet. Diese Schuhe vereinen Stil und Performance perfekt und sind ideal f\u00fcr Sportler und Trendsetter gleicherma\u00dfen. Sie versprechen Komfort und Stil bei jedem Schritt.<\/p>\n<ul>\n<li><strong>Farbgebung:<\/strong> Varsity Red\/Black-Bright Crimson-Gym Red<\/li>\n<li><strong>Artikelnummer:<\/strong> AR6631-600<\/li>\n<li><strong>Obermaterial:<\/strong> Mesh<\/li>\n<li><strong>Zwischensohle:<\/strong> Air<\/li>\n<li><strong>Farbe:<\/strong> Rot<\/li>\n<li><strong>Designer:<\/strong> Andreas Harlow<\/li>\n<li><strong>Saison:<\/strong> Ganzj\u00e4hrig<\/li>\n<\/ul>\n","protected":false},"excerpt":{"rendered":"<p>Nike VaporMax 2019 \u201d\u201d Varsity Red\/Black-Bright Crimson-Gym Red<\/p>\n","protected":false},"featured_media":147693,"comment_status":"open","ping_status":"closed","template":"","meta":[],"product_brand":[],"product_cat":[10803],"product_tag":[10750,10753,10754,10765,10801,10882,10768,10758],"class_list":{"0":"post-147692","1":"product","2":"type-product","3":"status-publish","4":"has-post-thumbnail","6":"product_cat-nike","7":"product_tag-athleisure-shoes","8":"product_tag-gift-for-him","9":"product_tag-lifestyle-casual-shoes","10":"product_tag-lifestyle-shoes-running-inspired","11":"product_tag-nike","12":"product_tag-nike-running-shoes","13":"product_tag-retro-running-shoes","14":"product_tag-under-retail","15":"wcpa_has_options","17":"first","18":"outofstock","19":"taxable","20":"shipping-taxable","21":"purchasable","22":"product-type-simple"},"wcpa_form_fields":{"rules":{"pric_overide_base_price":false,"pric_overide_base_price_if_gt_zero":false,"pric_overide_base_price_fully":false,"pric_cal_option_once":false,"pric_use_as_fee":false,"bind_quantity":false,"quantity_bind_formula":false},"fields":[{"type":"color-group","required":true,"elementId":"wcpa-color-group-66c4a75505e74","label":"Gr\u00f6\u00dfe - EU Gr\u00f6\u00dfe","inline":true,"priceOptions":"different_for_all","pricingType":"fixed","className":"hassizechart product-shoes-size-eu product-shoes-size","name":"color-group-66c4a75505e89","disp_type":"square","selection_type":"tick-border","disp_size":"44","show_label_inside":true,"adjust_width":true,"cart_display_type":"text","other_text":"Other","cl_rule":"show","col":6,"values":[{"label":"35.5","value":"EU 35.5","price":"","pimage":"","pimage_id":"","pthumb":"","color":""},{"label":"36","value":"EU 36","price":"","pimage":"","pimage_id":"","pthumb":"","color":"","selected":true},{"label":"36.5","value":"EU 36.5","price":"","pimage":"","pimage_id":"","pthumb":"","color":""},{"label":"37.5","value":"EU 37.5","price":"","pimage":"","pimage_id":"","pthumb":"","color":""},{"label":"38","value":"EU 38","price":"","pimage":"","pimage_id":"","pthumb":"","color":""},{"label":"38.5","value":"EU 38.5","price":"","pimage":"","pimage_id":"","pthumb":"","color":""},{"label":"39","value":"EU 39","price":"","pimage":"","pimage_id":"","pthumb":"","color":""},{"label":"40","value":"EU 40","price":"","pimage":"","pimage_id":"","pthumb":"","color":""},{"label":"40.5","value":"EU 40.5","price":"","pimage":"","pimage_id":"","pthumb":"","color":""},{"label":"41","value":"EU 41","price":"","pimage":"","pimage_id":"","pthumb":"","color":""},{"label":"42","value":"EU 42","price":"","pimage":"","pimage_id":"","pthumb":"","color":""},{"label":"42.5","value":"EU 42.5","price":"","pimage":"","pimage_id":"","pthumb":"","color":""},{"label":"43","value":"EU 43","price":"","pimage":"","pimage_id":"","pthumb":"","color":""},{"label":"44","value":"EU 44","price":"","pimage":"","pimage_id":"","pthumb":"","color":""},{"label":"44.5","value":"EU 44.5","price":"","pimage":"","pimage_id":"","pthumb":"","color":""},{"label":"45","value":"EU 45","price":"","pimage":"","pimage_id":"","pthumb":"","color":""},{"label":"45.5","value":"EU 45.5","price":"","pimage":"","pimage_id":"","pthumb":"","color":""},{"label":"46","value":"EU 46","price":"","pimage":"","pimage_id":"","pthumb":"","color":""},{"label":"47","value":"EU 47","price":"","pimage":"","pimage_id":"","pthumb":"","color":""},{"label":"47.5","value":"EU 47.5","price":"","pimage":"","pimage_id":"","pthumb":"","color":""},{"label":"48","value":"EU 48","price":"","pimage":"","pimage_id":"","pthumb":"","color":""}],"relations":[{"operator":false,"rules":[]}],"form_id":18106,"form_rules":{"pric_cal_option_once":false,"exclude_from_discount":false,"pric_use_as_fee":false,"fee_label":"Fee","render_after_acb":false,"disp_hide_options_price":false}}]},"yoast_head":"<!-- This site is optimized with the Yoast SEO plugin v26.5 - https:\/\/yoast.com\/wordpress\/plugins\/seo\/ -->\n<title>Nike Air VaporMax 2019 &#039;Varsity Red&#039;  - Tourcruiser PTE. LTD<\/title>\n<meta name=\"robots\" content=\"index, follow, max-snippet:-1, max-image-preview:large, max-video-preview:-1\" \/>\n<link rel=\"canonical\" href=\"https:\/\/tourcruiser.com\/de\/products\/nike-air-vapormax-2019-varsity-red\/\" \/>\n<meta property=\"og:locale\" content=\"de_DE\" \/>\n<meta property=\"og:type\" content=\"article\" \/>\n<meta property=\"og:title\" content=\"Nike Air VaporMax 2019 &#039;Varsity Red&#039;  - Tourcruiser PTE. LTD\" \/>\n<meta property=\"og:description\" content=\"Nike VaporMax 2019 \u201d\u201d Varsity Red\/Black-Bright Crimson-Gym Red\" \/>\n<meta property=\"og:url\" content=\"https:\/\/tourcruiser.com\/de\/products\/nike-air-vapormax-2019-varsity-red\/\" \/>\n<meta property=\"og:site_name\" content=\"Tourcruiser Sneaker Store\" \/>\n<meta property=\"article:modified_time\" content=\"2026-03-27T18:18:55+00:00\" \/>\n<meta name=\"twitter:card\" content=\"summary_large_image\" \/>\n<meta name=\"twitter:image\" content=\"https:\/\/images.novelship.com\/product\/nike_air_vapormax_2019__varsity_red__ar6631-600_0_50050.jpeg;https:\/\/images.novelship.com\/product\/nike_air_vapormax_2019__varsity_red__ar6631-600_1_50050.jpeg;https:\/\/images.novelship.com\/product\/nike_air_vapormax_2019__varsity_red__ar6631-600_2_50050.jpeg;https:\/\/images.novelship.com\/product\/nike_air_vapormax_2019__varsity_red__ar6631-600_3_50050.jpeg;https:\/\/images.novelship.com\/product\/nike_air_vapormax_2019__varsity_red__ar6631-600_4_50050.jpeg\" \/>\n<meta name=\"twitter:label1\" content=\"Gesch\u00e4tzte Lesezeit\" \/>\n\t<meta name=\"twitter:data1\" content=\"1\u00a0Minute\" \/>\n<script type=\"application\/ld+json\" class=\"yoast-schema-graph\">{\"@context\":\"https:\/\/schema.org\",\"@graph\":[{\"@type\":\"WebPage\",\"@id\":\"https:\/\/tourcruiser.com\/de\/products\/nike-air-vapormax-2019-varsity-red\/\",\"url\":\"https:\/\/tourcruiser.com\/de\/products\/nike-air-vapormax-2019-varsity-red\/\",\"name\":\"Nike Air VaporMax 2019 'Varsity Red' - Tourcruiser PTE. LTD\",\"isPartOf\":{\"@id\":\"https:\/\/tourcruiser.com\/de\/#website\"},\"primaryImageOfPage\":{\"@id\":\"https:\/\/tourcruiser.com\/de\/products\/nike-air-vapormax-2019-varsity-red\/#primaryimage\"},\"image\":{\"@id\":\"https:\/\/tourcruiser.com\/de\/products\/nike-air-vapormax-2019-varsity-red\/#primaryimage\"},\"thumbnailUrl\":\"https:\/\/images.novelship.com\/product\/nike_air_vapormax_2019__varsity_red__ar6631-600_0_50050.jpeg;https:\/\/images.novelship.com\/product\/nike_air_vapormax_2019__varsity_red__ar6631-600_1_50050.jpeg;https:\/\/images.novelship.com\/product\/nike_air_vapormax_2019__varsity_red__ar6631-600_2_50050.jpeg;https:\/\/images.novelship.com\/product\/nike_air_vapormax_2019__varsity_red__ar6631-600_3_50050.jpeg;https:\/\/images.novelship.com\/product\/nike_air_vapormax_2019__varsity_red__ar6631-600_4_50050.jpeg\",\"datePublished\":\"2026-03-02T08:47:12+00:00\",\"dateModified\":\"2026-03-27T18:18:55+00:00\",\"breadcrumb\":{\"@id\":\"https:\/\/tourcruiser.com\/de\/products\/nike-air-vapormax-2019-varsity-red\/#breadcrumb\"},\"inLanguage\":\"de\",\"potentialAction\":[{\"@type\":\"ReadAction\",\"target\":[\"https:\/\/tourcruiser.com\/de\/products\/nike-air-vapormax-2019-varsity-red\/\"]}]},{\"@type\":\"ImageObject\",\"inLanguage\":\"de\",\"@id\":\"https:\/\/tourcruiser.com\/de\/products\/nike-air-vapormax-2019-varsity-red\/#primaryimage\",\"url\":\"https:\/\/images.novelship.com\/product\/nike_air_vapormax_2019__varsity_red__ar6631-600_0_50050.jpeg;https:\/\/images.novelship.com\/product\/nike_air_vapormax_2019__varsity_red__ar6631-600_1_50050.jpeg;https:\/\/images.novelship.com\/product\/nike_air_vapormax_2019__varsity_red__ar6631-600_2_50050.jpeg;https:\/\/images.novelship.com\/product\/nike_air_vapormax_2019__varsity_red__ar6631-600_3_50050.jpeg;https:\/\/images.novelship.com\/product\/nike_air_vapormax_2019__varsity_red__ar6631-600_4_50050.jpeg\",\"contentUrl\":\"https:\/\/images.novelship.com\/product\/nike_air_vapormax_2019__varsity_red__ar6631-600_0_50050.jpeg;https:\/\/images.novelship.com\/product\/nike_air_vapormax_2019__varsity_red__ar6631-600_1_50050.jpeg;https:\/\/images.novelship.com\/product\/nike_air_vapormax_2019__varsity_red__ar6631-600_2_50050.jpeg;https:\/\/images.novelship.com\/product\/nike_air_vapormax_2019__varsity_red__ar6631-600_3_50050.jpeg;https:\/\/images.novelship.com\/product\/nike_air_vapormax_2019__varsity_red__ar6631-600_4_50050.jpeg\"},{\"@type\":\"BreadcrumbList\",\"@id\":\"https:\/\/tourcruiser.com\/de\/products\/nike-air-vapormax-2019-varsity-red\/#breadcrumb\",\"itemListElement\":[{\"@type\":\"ListItem\",\"position\":1,\"name\":\"Home\",\"item\":\"https:\/\/tourcruiser.com\/de\/\"},{\"@type\":\"ListItem\",\"position\":2,\"name\":\"Shop\",\"item\":\"https:\/\/tourcruiser.com\/de\/shop\/\"},{\"@type\":\"ListItem\",\"position\":3,\"name\":\"Nike Air VaporMax 2019 'Varsity Red'\"}]},{\"@type\":\"WebSite\",\"@id\":\"https:\/\/tourcruiser.com\/de\/#website\",\"url\":\"https:\/\/tourcruiser.com\/de\/\",\"name\":\"Styloral Jewelry Shop\",\"description\":\"Tourcruiser Sneaker Store \u2014 der Ort, an dem das Universum deine Einzigartigkeit trifft.\",\"publisher\":{\"@id\":\"https:\/\/tourcruiser.com\/de\/#organization\"},\"potentialAction\":[{\"@type\":\"SearchAction\",\"target\":{\"@type\":\"EntryPoint\",\"urlTemplate\":\"https:\/\/tourcruiser.com\/de\/?s={search_term_string}\"},\"query-input\":{\"@type\":\"PropertyValueSpecification\",\"valueRequired\":true,\"valueName\":\"search_term_string\"}}],\"inLanguage\":\"de\"},{\"@type\":\"Organization\",\"@id\":\"https:\/\/tourcruiser.com\/de\/#organization\",\"name\":\"STYLORAL PTE. LTD\",\"url\":\"https:\/\/tourcruiser.com\/de\/\",\"logo\":{\"@type\":\"ImageObject\",\"inLanguage\":\"de\",\"@id\":\"https:\/\/tourcruiser.com\/de\/#\/schema\/logo\/image\/\",\"url\":\"https:\/\/www.tourcruiser.com\/wp-content\/uploads\/2025\/12\/logo.png\",\"contentUrl\":\"https:\/\/www.tourcruiser.com\/wp-content\/uploads\/2025\/12\/logo.png\",\"width\":200,\"height\":65,\"caption\":\"STYLORAL PTE. LTD\"},\"image\":{\"@id\":\"https:\/\/tourcruiser.com\/de\/#\/schema\/logo\/image\/\"}}]}<\/script>\n<!-- \/ Yoast SEO plugin. -->","yoast_head_json":{"title":"Nike Air VaporMax 2019 'Varsity Red'  - Tourcruiser PTE. LTD","robots":{"index":"index","follow":"follow","max-snippet":"max-snippet:-1","max-image-preview":"max-image-preview:large","max-video-preview":"max-video-preview:-1"},"canonical":"https:\/\/tourcruiser.com\/de\/products\/nike-air-vapormax-2019-varsity-red\/","og_locale":"de_DE","og_type":"article","og_title":"Nike Air VaporMax 2019 'Varsity Red'  - Tourcruiser PTE. LTD","og_description":"Nike VaporMax 2019 \u201d\u201d Varsity Red\/Black-Bright Crimson-Gym Red","og_url":"https:\/\/tourcruiser.com\/de\/products\/nike-air-vapormax-2019-varsity-red\/","og_site_name":"Tourcruiser Sneaker Store","article_modified_time":"2026-03-27T18:18:55+00:00","twitter_card":"summary_large_image","twitter_image":"https:\/\/images.novelship.com\/product\/nike_air_vapormax_2019__varsity_red__ar6631-600_0_50050.jpeg;https:\/\/images.novelship.com\/product\/nike_air_vapormax_2019__varsity_red__ar6631-600_1_50050.jpeg;https:\/\/images.novelship.com\/product\/nike_air_vapormax_2019__varsity_red__ar6631-600_2_50050.jpeg;https:\/\/images.novelship.com\/product\/nike_air_vapormax_2019__varsity_red__ar6631-600_3_50050.jpeg;https:\/\/images.novelship.com\/product\/nike_air_vapormax_2019__varsity_red__ar6631-600_4_50050.jpeg","twitter_misc":{"Gesch\u00e4tzte Lesezeit":"1\u00a0Minute"},"schema":{"@context":"https:\/\/schema.org","@graph":[{"@type":"WebPage","@id":"https:\/\/tourcruiser.com\/de\/products\/nike-air-vapormax-2019-varsity-red\/","url":"https:\/\/tourcruiser.com\/de\/products\/nike-air-vapormax-2019-varsity-red\/","name":"Nike Air VaporMax 2019 'Varsity Red' - Tourcruiser PTE. LTD","isPartOf":{"@id":"https:\/\/tourcruiser.com\/de\/#website"},"primaryImageOfPage":{"@id":"https:\/\/tourcruiser.com\/de\/products\/nike-air-vapormax-2019-varsity-red\/#primaryimage"},"image":{"@id":"https:\/\/tourcruiser.com\/de\/products\/nike-air-vapormax-2019-varsity-red\/#primaryimage"},"thumbnailUrl":"https:\/\/images.novelship.com\/product\/nike_air_vapormax_2019__varsity_red__ar6631-600_0_50050.jpeg;https:\/\/images.novelship.com\/product\/nike_air_vapormax_2019__varsity_red__ar6631-600_1_50050.jpeg;https:\/\/images.novelship.com\/product\/nike_air_vapormax_2019__varsity_red__ar6631-600_2_50050.jpeg;https:\/\/images.novelship.com\/product\/nike_air_vapormax_2019__varsity_red__ar6631-600_3_50050.jpeg;https:\/\/images.novelship.com\/product\/nike_air_vapormax_2019__varsity_red__ar6631-600_4_50050.jpeg","datePublished":"2026-03-02T08:47:12+00:00","dateModified":"2026-03-27T18:18:55+00:00","breadcrumb":{"@id":"https:\/\/tourcruiser.com\/de\/products\/nike-air-vapormax-2019-varsity-red\/#breadcrumb"},"inLanguage":"de","potentialAction":[{"@type":"ReadAction","target":["https:\/\/tourcruiser.com\/de\/products\/nike-air-vapormax-2019-varsity-red\/"]}]},{"@type":"ImageObject","inLanguage":"de","@id":"https:\/\/tourcruiser.com\/de\/products\/nike-air-vapormax-2019-varsity-red\/#primaryimage","url":"https:\/\/images.novelship.com\/product\/nike_air_vapormax_2019__varsity_red__ar6631-600_0_50050.jpeg;https:\/\/images.novelship.com\/product\/nike_air_vapormax_2019__varsity_red__ar6631-600_1_50050.jpeg;https:\/\/images.novelship.com\/product\/nike_air_vapormax_2019__varsity_red__ar6631-600_2_50050.jpeg;https:\/\/images.novelship.com\/product\/nike_air_vapormax_2019__varsity_red__ar6631-600_3_50050.jpeg;https:\/\/images.novelship.com\/product\/nike_air_vapormax_2019__varsity_red__ar6631-600_4_50050.jpeg","contentUrl":"https:\/\/images.novelship.com\/product\/nike_air_vapormax_2019__varsity_red__ar6631-600_0_50050.jpeg;https:\/\/images.novelship.com\/product\/nike_air_vapormax_2019__varsity_red__ar6631-600_1_50050.jpeg;https:\/\/images.novelship.com\/product\/nike_air_vapormax_2019__varsity_red__ar6631-600_2_50050.jpeg;https:\/\/images.novelship.com\/product\/nike_air_vapormax_2019__varsity_red__ar6631-600_3_50050.jpeg;https:\/\/images.novelship.com\/product\/nike_air_vapormax_2019__varsity_red__ar6631-600_4_50050.jpeg"},{"@type":"BreadcrumbList","@id":"https:\/\/tourcruiser.com\/de\/products\/nike-air-vapormax-2019-varsity-red\/#breadcrumb","itemListElement":[{"@type":"ListItem","position":1,"name":"Home","item":"https:\/\/tourcruiser.com\/de\/"},{"@type":"ListItem","position":2,"name":"Shop","item":"https:\/\/tourcruiser.com\/de\/shop\/"},{"@type":"ListItem","position":3,"name":"Nike Air VaporMax 2019 'Varsity Red'"}]},{"@type":"WebSite","@id":"https:\/\/tourcruiser.com\/de\/#website","url":"https:\/\/tourcruiser.com\/de\/","name":"Styloral Jewelry Shop","description":"Tourcruiser Sneaker Store \u2014 der Ort, an dem das Universum deine Einzigartigkeit trifft.","publisher":{"@id":"https:\/\/tourcruiser.com\/de\/#organization"},"potentialAction":[{"@type":"SearchAction","target":{"@type":"EntryPoint","urlTemplate":"https:\/\/tourcruiser.com\/de\/?s={search_term_string}"},"query-input":{"@type":"PropertyValueSpecification","valueRequired":true,"valueName":"search_term_string"}}],"inLanguage":"de"},{"@type":"Organization","@id":"https:\/\/tourcruiser.com\/de\/#organization","name":"STYLORAL PTE. LTD","url":"https:\/\/tourcruiser.com\/de\/","logo":{"@type":"ImageObject","inLanguage":"de","@id":"https:\/\/tourcruiser.com\/de\/#\/schema\/logo\/image\/","url":"https:\/\/www.tourcruiser.com\/wp-content\/uploads\/2025\/12\/logo.png","contentUrl":"https:\/\/www.tourcruiser.com\/wp-content\/uploads\/2025\/12\/logo.png","width":200,"height":65,"caption":"STYLORAL PTE. LTD"},"image":{"@id":"https:\/\/tourcruiser.com\/de\/#\/schema\/logo\/image\/"}}]}},"_links":{"self":[{"href":"https:\/\/tourcruiser.com\/de\/wp-json\/wp\/v2\/product\/147692","targetHints":{"allow":["GET"]}}],"collection":[{"href":"https:\/\/tourcruiser.com\/de\/wp-json\/wp\/v2\/product"}],"about":[{"href":"https:\/\/tourcruiser.com\/de\/wp-json\/wp\/v2\/types\/product"}],"replies":[{"embeddable":true,"href":"https:\/\/tourcruiser.com\/de\/wp-json\/wp\/v2\/comments?post=147692"}],"wp:featuredmedia":[{"embeddable":true,"href":"https:\/\/tourcruiser.com\/de\/wp-json\/wp\/v2\/media\/147693"}],"wp:attachment":[{"href":"https:\/\/tourcruiser.com\/de\/wp-json\/wp\/v2\/media?parent=147692"}],"wp:term":[{"taxonomy":"product_brand","embeddable":true,"href":"https:\/\/tourcruiser.com\/de\/wp-json\/wp\/v2\/product_brand?post=147692"},{"taxonomy":"product_cat","embeddable":true,"href":"https:\/\/tourcruiser.com\/de\/wp-json\/wp\/v2\/product_cat?post=147692"},{"taxonomy":"product_tag","embeddable":true,"href":"https:\/\/tourcruiser.com\/de\/wp-json\/wp\/v2\/product_tag?post=147692"}],"curies":[{"name":"wp","href":"https:\/\/api.w.org\/{rel}","templated":true}]}}