{"id":146918,"date":"2026-03-02T15:45:56","date_gmt":"2026-03-02T08:45:56","guid":{"rendered":"http:\/\/tourcruiser.com\/product\/new-balance-numeric-574-vulc-deep-ocean-sunflower"},"modified":"2026-03-28T01:52:25","modified_gmt":"2026-03-27T18:52:25","slug":"new-balance-numeric-574-vulc-deep-ocean-sunflower","status":"publish","type":"product","link":"https:\/\/tourcruiser.com\/de\/products\/new-balance-numeric-574-vulc-deep-ocean-sunflower\/","title":{"rendered":"New Balance Numeric 574 Vulc &#8218;Deep Ocean Sunflower&#8216;"},"content":{"rendered":"<p>Verleihe deinem Skateboard-Style mit dem New Balance Numeric 574 Vulc \u201eDeep Ocean Sunflower\u201c einen neuen Look. Seine elegante Silhouette und die leuchtenden sonnenblumengelben Akzente ziehen alle Blicke auf sich \u201d\u201c ob auf dem Board oder abseits davon. Das robuste Obermaterial aus Wildleder und die vulkanisierte Sohle bieten au\u00dfergew\u00f6hnlichen Komfort und Grip, w\u00e4hrend die charakteristische ENCAP-D\u00e4mpfung f\u00fcr ein geschmeidiges Fahrgef\u00fchl sorgt. Erlebe unvergleichlichen Style und Performance mit dem New Balance Numeric 574 Vulc \u201d\u201c die perfekte Fusion aus Skateboard-Tradition und moderner Innovation.<\/p>\n<ul>\n<li><strong>Farbgebung:<\/strong> Deep Ocean\/Sunflower<\/li>\n<li><strong>Style-Code:<\/strong> NM574VOK<\/li>\n<li><strong>Obermaterial:<\/strong> Wildleder<\/li>\n<li><strong>Farbe:<\/strong> Blau<\/li>\n<li><strong>Erscheinungsjahr:<\/strong> 2024<\/li>\n<\/ul>\n","protected":false},"excerpt":{"rendered":"<p>New Balance Numeric 574 Vulc \u201d\u201d Deep Ocean\/Sunflower<\/p>\n","protected":false},"featured_media":146919,"comment_status":"open","ping_status":"closed","template":"","meta":[],"product_brand":[],"product_cat":[10771],"product_tag":[10753,10754,11036,10766,11153,18539],"class_list":{"0":"post-146918","1":"product","2":"type-product","3":"status-publish","4":"has-post-thumbnail","6":"product_cat-new-balance","7":"product_tag-gift-for-him","8":"product_tag-lifestyle-casual-shoes","9":"product_tag-lifestyle-shoes-skateboarding-inspired","10":"product_tag-new-balance","11":"product_tag-skateboard-shoes","12":"product_tag-vegan-skateboard-shoes","13":"wcpa_has_options","15":"first","16":"outofstock","17":"taxable","18":"shipping-taxable","19":"purchasable","20":"product-type-simple"},"wcpa_form_fields":{"rules":{"pric_overide_base_price":false,"pric_overide_base_price_if_gt_zero":false,"pric_overide_base_price_fully":false,"pric_cal_option_once":false,"pric_use_as_fee":false,"bind_quantity":false,"quantity_bind_formula":false},"fields":[{"type":"color-group","required":true,"elementId":"wcpa-color-group-66c4a928225d2","label":"Gr\u00f6\u00dfe","inline":true,"priceOptions":"different_for_all","pricingType":"fixed","className":"hassizechart product-shoes-size-eu product-shoes-size","name":"color-group-66c4a928225e2","disp_type":"square","selection_type":"tick-border","disp_size":"50","show_label_inside":true,"adjust_width":true,"cart_display_type":"text","other_text":"Other","cl_rule":"show","col":6,"values":[{"label":"35","value":"EU 35","price":"","pimage":"","pimage_id":"","pthumb":"","color":""},{"label":"36","value":"EU 36","price":"","pimage":"","pimage_id":"","pthumb":"","color":"","selected":true},{"label":"37","value":"EU 37","price":"","pimage":"","pimage_id":"","pthumb":"","color":""},{"label":"37.5","value":"EU 37.5","price":"","pimage":"","pimage_id":"","pthumb":"","color":""},{"label":"38","value":"EU 38","price":"","pimage":"","pimage_id":"","pthumb":"","color":""},{"label":"38.5","value":"EU 38.5","price":"","pimage":"","pimage_id":"","pthumb":"","color":""},{"label":"39","value":"EU 39","price":"","pimage":"","pimage_id":"","pthumb":"","color":""},{"label":"39.5","value":"EU 39.5","price":"","pimage":"","pimage_id":"","pthumb":"","color":""},{"label":"40","value":"EU 40","price":"","pimage":"","pimage_id":"","pthumb":"","color":""},{"label":"40.5","value":"EU 40.5","price":"","pimage":"","pimage_id":"","pthumb":"","color":""},{"label":" 41.5","value":"EU 41.5","price":"","pimage":"","pimage_id":"","pthumb":"","color":""},{"label":"42","value":"EU 42","price":"","pimage":"","pimage_id":"","pthumb":"","color":""},{"label":"42.5","value":"EU 42.5","price":"","pimage":"","pimage_id":"","pthumb":"","color":""},{"label":"43","value":"EU 43","price":"","pimage":"","pimage_id":"","pthumb":"","color":""},{"label":"44","value":"EU 44","price":"","pimage":"","pimage_id":"","pthumb":"","color":""},{"label":"44.5","value":"EU 44.5","price":"","pimage":"","pimage_id":"","pthumb":"","color":""},{"label":"45","value":"EU 45","price":"","pimage":"","pimage_id":"","pthumb":"","color":""},{"label":"45.5","value":"EU 45.5","price":"","pimage":"","pimage_id":"","pthumb":"","color":""},{"label":"46","value":"EU 46","price":"","pimage":"","pimage_id":"","pthumb":"","color":""}],"relations":[{"operator":false,"rules":[]}],"form_id":24803,"form_rules":{"pric_cal_option_once":false,"exclude_from_discount":false,"pric_use_as_fee":false,"fee_label":"Fee","render_after_acb":false,"disp_hide_options_price":false}}]},"yoast_head":"<!-- This site is optimized with the Yoast SEO plugin v26.5 - https:\/\/yoast.com\/wordpress\/plugins\/seo\/ -->\n<title>New Balance Numeric 574 Vulc &#039;Deep Ocean Sunflower&#039;  - Tourcruiser PTE. LTD<\/title>\n<meta name=\"robots\" content=\"index, follow, max-snippet:-1, max-image-preview:large, max-video-preview:-1\" \/>\n<link rel=\"canonical\" href=\"https:\/\/tourcruiser.com\/de\/products\/new-balance-numeric-574-vulc-deep-ocean-sunflower\/\" \/>\n<meta property=\"og:locale\" content=\"de_DE\" \/>\n<meta property=\"og:type\" content=\"article\" \/>\n<meta property=\"og:title\" content=\"New Balance Numeric 574 Vulc &#039;Deep Ocean Sunflower&#039;  - Tourcruiser PTE. LTD\" \/>\n<meta property=\"og:description\" content=\"New Balance Numeric 574 Vulc \u201d\u201d Deep Ocean\/Sunflower\" \/>\n<meta property=\"og:url\" content=\"https:\/\/tourcruiser.com\/de\/products\/new-balance-numeric-574-vulc-deep-ocean-sunflower\/\" \/>\n<meta property=\"og:site_name\" content=\"Tourcruiser Sneaker Store\" \/>\n<meta property=\"article:modified_time\" content=\"2026-03-27T18:52:25+00:00\" \/>\n<meta name=\"twitter:card\" content=\"summary_large_image\" \/>\n<meta name=\"twitter:image\" content=\"https:\/\/images.novelship.com\/product\/new_balance_numeric_574_vulc__deep_ocean_sunflower_0_93536.jpeg;https:\/\/images.novelship.com\/product\/new_balance_numeric_574_vulc__deep_ocean_sunflower_1_93536.jpeg;https:\/\/images.novelship.com\/product\/new_balance_numeric_574_vulc__deep_ocean_sunflower_2_93536.jpeg;https:\/\/images.novelship.com\/product\/new_balance_numeric_574_vulc__deep_ocean_sunflower_3_93536.jpeg;https:\/\/images.novelship.com\/product\/new_balance_numeric_574_vulc__deep_ocean_sunflower_4_93536.jpeg\" \/>\n<script type=\"application\/ld+json\" class=\"yoast-schema-graph\">{\"@context\":\"https:\/\/schema.org\",\"@graph\":[{\"@type\":\"WebPage\",\"@id\":\"https:\/\/tourcruiser.com\/de\/products\/new-balance-numeric-574-vulc-deep-ocean-sunflower\/\",\"url\":\"https:\/\/tourcruiser.com\/de\/products\/new-balance-numeric-574-vulc-deep-ocean-sunflower\/\",\"name\":\"New Balance Numeric 574 Vulc 'Deep Ocean Sunflower' - Tourcruiser PTE. LTD\",\"isPartOf\":{\"@id\":\"https:\/\/tourcruiser.com\/de\/#website\"},\"primaryImageOfPage\":{\"@id\":\"https:\/\/tourcruiser.com\/de\/products\/new-balance-numeric-574-vulc-deep-ocean-sunflower\/#primaryimage\"},\"image\":{\"@id\":\"https:\/\/tourcruiser.com\/de\/products\/new-balance-numeric-574-vulc-deep-ocean-sunflower\/#primaryimage\"},\"thumbnailUrl\":\"https:\/\/images.novelship.com\/product\/new_balance_numeric_574_vulc__deep_ocean_sunflower_0_93536.jpeg;https:\/\/images.novelship.com\/product\/new_balance_numeric_574_vulc__deep_ocean_sunflower_1_93536.jpeg;https:\/\/images.novelship.com\/product\/new_balance_numeric_574_vulc__deep_ocean_sunflower_2_93536.jpeg;https:\/\/images.novelship.com\/product\/new_balance_numeric_574_vulc__deep_ocean_sunflower_3_93536.jpeg;https:\/\/images.novelship.com\/product\/new_balance_numeric_574_vulc__deep_ocean_sunflower_4_93536.jpeg\",\"datePublished\":\"2026-03-02T08:45:56+00:00\",\"dateModified\":\"2026-03-27T18:52:25+00:00\",\"breadcrumb\":{\"@id\":\"https:\/\/tourcruiser.com\/de\/products\/new-balance-numeric-574-vulc-deep-ocean-sunflower\/#breadcrumb\"},\"inLanguage\":\"de\",\"potentialAction\":[{\"@type\":\"ReadAction\",\"target\":[\"https:\/\/tourcruiser.com\/de\/products\/new-balance-numeric-574-vulc-deep-ocean-sunflower\/\"]}]},{\"@type\":\"ImageObject\",\"inLanguage\":\"de\",\"@id\":\"https:\/\/tourcruiser.com\/de\/products\/new-balance-numeric-574-vulc-deep-ocean-sunflower\/#primaryimage\",\"url\":\"https:\/\/images.novelship.com\/product\/new_balance_numeric_574_vulc__deep_ocean_sunflower_0_93536.jpeg;https:\/\/images.novelship.com\/product\/new_balance_numeric_574_vulc__deep_ocean_sunflower_1_93536.jpeg;https:\/\/images.novelship.com\/product\/new_balance_numeric_574_vulc__deep_ocean_sunflower_2_93536.jpeg;https:\/\/images.novelship.com\/product\/new_balance_numeric_574_vulc__deep_ocean_sunflower_3_93536.jpeg;https:\/\/images.novelship.com\/product\/new_balance_numeric_574_vulc__deep_ocean_sunflower_4_93536.jpeg\",\"contentUrl\":\"https:\/\/images.novelship.com\/product\/new_balance_numeric_574_vulc__deep_ocean_sunflower_0_93536.jpeg;https:\/\/images.novelship.com\/product\/new_balance_numeric_574_vulc__deep_ocean_sunflower_1_93536.jpeg;https:\/\/images.novelship.com\/product\/new_balance_numeric_574_vulc__deep_ocean_sunflower_2_93536.jpeg;https:\/\/images.novelship.com\/product\/new_balance_numeric_574_vulc__deep_ocean_sunflower_3_93536.jpeg;https:\/\/images.novelship.com\/product\/new_balance_numeric_574_vulc__deep_ocean_sunflower_4_93536.jpeg\"},{\"@type\":\"BreadcrumbList\",\"@id\":\"https:\/\/tourcruiser.com\/de\/products\/new-balance-numeric-574-vulc-deep-ocean-sunflower\/#breadcrumb\",\"itemListElement\":[{\"@type\":\"ListItem\",\"position\":1,\"name\":\"Home\",\"item\":\"https:\/\/tourcruiser.com\/de\/\"},{\"@type\":\"ListItem\",\"position\":2,\"name\":\"Shop\",\"item\":\"https:\/\/tourcruiser.com\/de\/shop\/\"},{\"@type\":\"ListItem\",\"position\":3,\"name\":\"New Balance Numeric 574 Vulc 'Deep Ocean Sunflower'\"}]},{\"@type\":\"WebSite\",\"@id\":\"https:\/\/tourcruiser.com\/de\/#website\",\"url\":\"https:\/\/tourcruiser.com\/de\/\",\"name\":\"Styloral Jewelry Shop\",\"description\":\"Tourcruiser Sneaker Store \u2014 der Ort, an dem das Universum deine Einzigartigkeit trifft.\",\"publisher\":{\"@id\":\"https:\/\/tourcruiser.com\/de\/#organization\"},\"potentialAction\":[{\"@type\":\"SearchAction\",\"target\":{\"@type\":\"EntryPoint\",\"urlTemplate\":\"https:\/\/tourcruiser.com\/de\/?s={search_term_string}\"},\"query-input\":{\"@type\":\"PropertyValueSpecification\",\"valueRequired\":true,\"valueName\":\"search_term_string\"}}],\"inLanguage\":\"de\"},{\"@type\":\"Organization\",\"@id\":\"https:\/\/tourcruiser.com\/de\/#organization\",\"name\":\"STYLORAL PTE. LTD\",\"url\":\"https:\/\/tourcruiser.com\/de\/\",\"logo\":{\"@type\":\"ImageObject\",\"inLanguage\":\"de\",\"@id\":\"https:\/\/tourcruiser.com\/de\/#\/schema\/logo\/image\/\",\"url\":\"https:\/\/www.tourcruiser.com\/wp-content\/uploads\/2025\/12\/logo.png\",\"contentUrl\":\"https:\/\/www.tourcruiser.com\/wp-content\/uploads\/2025\/12\/logo.png\",\"width\":200,\"height\":65,\"caption\":\"STYLORAL PTE. LTD\"},\"image\":{\"@id\":\"https:\/\/tourcruiser.com\/de\/#\/schema\/logo\/image\/\"}}]}<\/script>\n<!-- \/ Yoast SEO plugin. -->","yoast_head_json":{"title":"New Balance Numeric 574 Vulc 'Deep Ocean Sunflower'  - Tourcruiser PTE. LTD","robots":{"index":"index","follow":"follow","max-snippet":"max-snippet:-1","max-image-preview":"max-image-preview:large","max-video-preview":"max-video-preview:-1"},"canonical":"https:\/\/tourcruiser.com\/de\/products\/new-balance-numeric-574-vulc-deep-ocean-sunflower\/","og_locale":"de_DE","og_type":"article","og_title":"New Balance Numeric 574 Vulc 'Deep Ocean Sunflower'  - Tourcruiser PTE. LTD","og_description":"New Balance Numeric 574 Vulc \u201d\u201d Deep Ocean\/Sunflower","og_url":"https:\/\/tourcruiser.com\/de\/products\/new-balance-numeric-574-vulc-deep-ocean-sunflower\/","og_site_name":"Tourcruiser Sneaker Store","article_modified_time":"2026-03-27T18:52:25+00:00","twitter_card":"summary_large_image","twitter_image":"https:\/\/images.novelship.com\/product\/new_balance_numeric_574_vulc__deep_ocean_sunflower_0_93536.jpeg;https:\/\/images.novelship.com\/product\/new_balance_numeric_574_vulc__deep_ocean_sunflower_1_93536.jpeg;https:\/\/images.novelship.com\/product\/new_balance_numeric_574_vulc__deep_ocean_sunflower_2_93536.jpeg;https:\/\/images.novelship.com\/product\/new_balance_numeric_574_vulc__deep_ocean_sunflower_3_93536.jpeg;https:\/\/images.novelship.com\/product\/new_balance_numeric_574_vulc__deep_ocean_sunflower_4_93536.jpeg","schema":{"@context":"https:\/\/schema.org","@graph":[{"@type":"WebPage","@id":"https:\/\/tourcruiser.com\/de\/products\/new-balance-numeric-574-vulc-deep-ocean-sunflower\/","url":"https:\/\/tourcruiser.com\/de\/products\/new-balance-numeric-574-vulc-deep-ocean-sunflower\/","name":"New Balance Numeric 574 Vulc 'Deep Ocean Sunflower' - Tourcruiser PTE. LTD","isPartOf":{"@id":"https:\/\/tourcruiser.com\/de\/#website"},"primaryImageOfPage":{"@id":"https:\/\/tourcruiser.com\/de\/products\/new-balance-numeric-574-vulc-deep-ocean-sunflower\/#primaryimage"},"image":{"@id":"https:\/\/tourcruiser.com\/de\/products\/new-balance-numeric-574-vulc-deep-ocean-sunflower\/#primaryimage"},"thumbnailUrl":"https:\/\/images.novelship.com\/product\/new_balance_numeric_574_vulc__deep_ocean_sunflower_0_93536.jpeg;https:\/\/images.novelship.com\/product\/new_balance_numeric_574_vulc__deep_ocean_sunflower_1_93536.jpeg;https:\/\/images.novelship.com\/product\/new_balance_numeric_574_vulc__deep_ocean_sunflower_2_93536.jpeg;https:\/\/images.novelship.com\/product\/new_balance_numeric_574_vulc__deep_ocean_sunflower_3_93536.jpeg;https:\/\/images.novelship.com\/product\/new_balance_numeric_574_vulc__deep_ocean_sunflower_4_93536.jpeg","datePublished":"2026-03-02T08:45:56+00:00","dateModified":"2026-03-27T18:52:25+00:00","breadcrumb":{"@id":"https:\/\/tourcruiser.com\/de\/products\/new-balance-numeric-574-vulc-deep-ocean-sunflower\/#breadcrumb"},"inLanguage":"de","potentialAction":[{"@type":"ReadAction","target":["https:\/\/tourcruiser.com\/de\/products\/new-balance-numeric-574-vulc-deep-ocean-sunflower\/"]}]},{"@type":"ImageObject","inLanguage":"de","@id":"https:\/\/tourcruiser.com\/de\/products\/new-balance-numeric-574-vulc-deep-ocean-sunflower\/#primaryimage","url":"https:\/\/images.novelship.com\/product\/new_balance_numeric_574_vulc__deep_ocean_sunflower_0_93536.jpeg;https:\/\/images.novelship.com\/product\/new_balance_numeric_574_vulc__deep_ocean_sunflower_1_93536.jpeg;https:\/\/images.novelship.com\/product\/new_balance_numeric_574_vulc__deep_ocean_sunflower_2_93536.jpeg;https:\/\/images.novelship.com\/product\/new_balance_numeric_574_vulc__deep_ocean_sunflower_3_93536.jpeg;https:\/\/images.novelship.com\/product\/new_balance_numeric_574_vulc__deep_ocean_sunflower_4_93536.jpeg","contentUrl":"https:\/\/images.novelship.com\/product\/new_balance_numeric_574_vulc__deep_ocean_sunflower_0_93536.jpeg;https:\/\/images.novelship.com\/product\/new_balance_numeric_574_vulc__deep_ocean_sunflower_1_93536.jpeg;https:\/\/images.novelship.com\/product\/new_balance_numeric_574_vulc__deep_ocean_sunflower_2_93536.jpeg;https:\/\/images.novelship.com\/product\/new_balance_numeric_574_vulc__deep_ocean_sunflower_3_93536.jpeg;https:\/\/images.novelship.com\/product\/new_balance_numeric_574_vulc__deep_ocean_sunflower_4_93536.jpeg"},{"@type":"BreadcrumbList","@id":"https:\/\/tourcruiser.com\/de\/products\/new-balance-numeric-574-vulc-deep-ocean-sunflower\/#breadcrumb","itemListElement":[{"@type":"ListItem","position":1,"name":"Home","item":"https:\/\/tourcruiser.com\/de\/"},{"@type":"ListItem","position":2,"name":"Shop","item":"https:\/\/tourcruiser.com\/de\/shop\/"},{"@type":"ListItem","position":3,"name":"New Balance Numeric 574 Vulc 'Deep Ocean Sunflower'"}]},{"@type":"WebSite","@id":"https:\/\/tourcruiser.com\/de\/#website","url":"https:\/\/tourcruiser.com\/de\/","name":"Styloral Jewelry Shop","description":"Tourcruiser Sneaker Store \u2014 der Ort, an dem das Universum deine Einzigartigkeit trifft.","publisher":{"@id":"https:\/\/tourcruiser.com\/de\/#organization"},"potentialAction":[{"@type":"SearchAction","target":{"@type":"EntryPoint","urlTemplate":"https:\/\/tourcruiser.com\/de\/?s={search_term_string}"},"query-input":{"@type":"PropertyValueSpecification","valueRequired":true,"valueName":"search_term_string"}}],"inLanguage":"de"},{"@type":"Organization","@id":"https:\/\/tourcruiser.com\/de\/#organization","name":"STYLORAL PTE. LTD","url":"https:\/\/tourcruiser.com\/de\/","logo":{"@type":"ImageObject","inLanguage":"de","@id":"https:\/\/tourcruiser.com\/de\/#\/schema\/logo\/image\/","url":"https:\/\/www.tourcruiser.com\/wp-content\/uploads\/2025\/12\/logo.png","contentUrl":"https:\/\/www.tourcruiser.com\/wp-content\/uploads\/2025\/12\/logo.png","width":200,"height":65,"caption":"STYLORAL PTE. LTD"},"image":{"@id":"https:\/\/tourcruiser.com\/de\/#\/schema\/logo\/image\/"}}]}},"_links":{"self":[{"href":"https:\/\/tourcruiser.com\/de\/wp-json\/wp\/v2\/product\/146918","targetHints":{"allow":["GET"]}}],"collection":[{"href":"https:\/\/tourcruiser.com\/de\/wp-json\/wp\/v2\/product"}],"about":[{"href":"https:\/\/tourcruiser.com\/de\/wp-json\/wp\/v2\/types\/product"}],"replies":[{"embeddable":true,"href":"https:\/\/tourcruiser.com\/de\/wp-json\/wp\/v2\/comments?post=146918"}],"wp:featuredmedia":[{"embeddable":true,"href":"https:\/\/tourcruiser.com\/de\/wp-json\/wp\/v2\/media\/146919"}],"wp:attachment":[{"href":"https:\/\/tourcruiser.com\/de\/wp-json\/wp\/v2\/media?parent=146918"}],"wp:term":[{"taxonomy":"product_brand","embeddable":true,"href":"https:\/\/tourcruiser.com\/de\/wp-json\/wp\/v2\/product_brand?post=146918"},{"taxonomy":"product_cat","embeddable":true,"href":"https:\/\/tourcruiser.com\/de\/wp-json\/wp\/v2\/product_cat?post=146918"},{"taxonomy":"product_tag","embeddable":true,"href":"https:\/\/tourcruiser.com\/de\/wp-json\/wp\/v2\/product_tag?post=146918"}],"curies":[{"name":"wp","href":"https:\/\/api.w.org\/{rel}","templated":true}]}}