{"id":146589,"date":"2026-03-02T15:45:27","date_gmt":"2026-03-02T08:45:27","guid":{"rendered":"http:\/\/tourcruiser.com\/product\/adidas-zx-8000-made-in-germanylucid-aquamarine"},"modified":"2026-03-28T01:18:00","modified_gmt":"2026-03-27T18:18:00","slug":"adidas-zx-8000-made-in-germanylucid-aquamarine","status":"publish","type":"product","link":"https:\/\/tourcruiser.com\/de\/products\/adidas-zx-8000-made-in-germanylucid-aquamarine\/","title":{"rendered":"adidas ZX 8000 &#8218;Made in Germany &#8211; Lucid Aquamarine&#8216;"},"content":{"rendered":"<p>Der adidas ZX 8000 \u201eMade in Germany\u201c JR4609 vereint zeitlose Handwerkskunst mit innovativem Design und bietet Sneaker-Fans weltweit h\u00f6chste Qualit\u00e4t und au\u00dfergew\u00f6hnlichen Tragekomfort. Sorgf\u00e4ltig in Deutschland gefertigt, verk\u00f6rpert dieses Modell pr\u00e4zise Ingenieurskunst und luxuri\u00f6se Materialien. Die elegante Silhouette und die markanten Akzente werten jedes Outfit auf. Das hochwertige Leder-Obermaterial garantiert Langlebigkeit und unterstreicht die edle Optik. Erg\u00e4nzt wird es durch reaktionsfreudige D\u00e4mpfung und eine leichte EVA-Zwischensohle f\u00fcr m\u00fchelosen Halt und Flexibilit\u00e4t. Dank des charakteristischen Torsion-Systems f\u00fcr verbesserte Stabilit\u00e4t und dynamische Bewegungsabl\u00e4ufe ist dieser Schuh perfekt f\u00fcr Freizeit und sportliche H\u00f6chstleistungen. Die Liebe zum Detail zeigt sich in jeder Naht und macht diesen modernen, aber dennoch traditionsreichen Sneaker zu einem echten Hingucker in jeder Kollektion. Der ZX 8000 \u201eMade in Germany\u201c JR4609 wurde speziell f\u00fcr anspruchsvolle Schuhliebhaber entworfen und vereint Stil, Tradition und Funktionalit\u00e4t perfekt. Damit ist er eine unverzichtbare Erg\u00e4nzung f\u00fcr jede moderne Garderobe.<\/p>\n<ul>\n<li><strong>Farbgebung:<\/strong> Wei\u00df\/Klares Aquamarin\/Pudergelb<\/li>\n<li><strong>Artikelnummer:<\/strong> JR4609<\/li>\n<li><strong>Obermaterial:<\/strong> Textil<\/li>\n<li><strong>Farbe:<\/strong> Grau<\/li>\n<\/ul>\n","protected":false},"excerpt":{"rendered":"<p>adidas ZX 8000 Made in Germany \u201d\u201d Footwear White\/Lucid Aquamarine\/Powder Yellow<\/p>\n","protected":false},"featured_media":146590,"comment_status":"open","ping_status":"closed","template":"","meta":[],"product_brand":[],"product_cat":[10760],"product_tag":[10759,10750,11449,10754,10765,10778,10768],"class_list":{"0":"post-146589","1":"product","2":"type-product","3":"status-publish","4":"has-post-thumbnail","6":"product_cat-adidas","7":"product_tag-adidas","8":"product_tag-athleisure-shoes","9":"product_tag-latest-release","10":"product_tag-lifestyle-casual-shoes","11":"product_tag-lifestyle-shoes-running-inspired","12":"product_tag-new-release","13":"product_tag-retro-running-shoes","14":"wcpa_has_options","16":"first","17":"outofstock","18":"taxable","19":"shipping-taxable","20":"purchasable","21":"product-type-simple"},"wcpa_form_fields":{"rules":{"pric_overide_base_price":false,"pric_overide_base_price_if_gt_zero":false,"pric_overide_base_price_fully":false,"pric_cal_option_once":false,"pric_use_as_fee":false,"bind_quantity":false,"quantity_bind_formula":false},"fields":[{"type":"color-group","required":true,"elementId":"wcpa-color-group-66c4a7f817afe","label":"Gr\u00f6\u00dfe","inline":true,"priceOptions":"different_for_all","pricingType":"fixed","className":"hassizechart product-shoes-size-eu product-shoes-size","name":"color-group-66c4a7f817b18","disp_type":"square","selection_type":"tick-border","disp_size":"50","show_label_inside":true,"adjust_width":true,"cart_display_type":"text","other_text":"Other","cl_rule":"show","col":6,"values":[{"label":"35","value":"EU 35","price":"","pimage":"","pimage_id":"","pthumb":"","color":""},{"label":"35.5","value":"EU 35.5","price":"","pimage":"","pimage_id":"","pthumb":"","color":""},{"label":"36","value":"EU 36","price":"","pimage":"","pimage_id":"","pthumb":"","color":"","selected":true},{"label":"36 2\/3","value":"EU 36 2\/3","price":"","pimage":"","pimage_id":"","pthumb":"","color":""},{"label":"37 1\/3","value":"EU 37 1\/3","price":"","pimage":"","pimage_id":"","pthumb":"","color":""},{"label":"38","value":"EU 38","price":"","pimage":"","pimage_id":"","pthumb":"","color":""},{"label":"38 2\/3","value":"EU 38 2\/3","price":"","pimage":"","pimage_id":"","pthumb":"","color":""},{"label":"39 1\/3","value":"EU 39 1\/3","price":"","pimage":"","pimage_id":"","pthumb":"","color":""},{"label":"40","value":"EU 40","price":"","pimage":"","pimage_id":"","pthumb":"","color":""},{"label":"40 2\/3","value":"EU 40 2\/3","price":"","pimage":"","pimage_id":"","pthumb":"","color":""},{"label":"41 1\/3","value":"EU 41 1\/3","price":"","pimage":"","pimage_id":"","pthumb":"","color":""},{"label":"42","value":"EU 42","price":"","pimage":"","pimage_id":"","pthumb":"","color":""},{"label":"42 2\/3","value":"EU 42 2\/3","price":"","pimage":"","pimage_id":"","pthumb":"","color":""},{"label":"43 1\/3","value":"EU 43 1\/3","price":"","pimage":"","pimage_id":"","pthumb":"","color":""},{"label":"44","value":"EU 44","price":"","pimage":"","pimage_id":"","pthumb":"","color":""},{"label":"44 2\/3","value":"EU 44 2\/3","price":"","pimage":"","pimage_id":"","pthumb":"","color":""},{"label":"45 1\/3","value":"EU 45 1\/3","price":"","pimage":"","pimage_id":"","pthumb":"","color":""},{"label":"46","value":"EU 46","price":"","pimage":"","pimage_id":"","pthumb":"","color":""},{"label":"46 2\/3","value":"EU 46 2\/3","price":"","pimage":"","pimage_id":"","pthumb":"","color":""},{"label":"47 1\/3","value":"EU 47 1\/3","price":"","pimage":"","pimage_id":"","pthumb":"","color":""}],"relations":[{"operator":false,"rules":[]}],"form_id":24802,"form_rules":{"pric_cal_option_once":false,"exclude_from_discount":false,"pric_use_as_fee":false,"fee_label":"Fee","render_after_acb":false,"disp_hide_options_price":false}}]},"yoast_head":"<!-- This site is optimized with the Yoast SEO plugin v26.5 - https:\/\/yoast.com\/wordpress\/plugins\/seo\/ -->\n<title>adidas ZX 8000 &#039;Made in Germany - Lucid Aquamarine&#039;  - Tourcruiser PTE. LTD<\/title>\n<meta name=\"robots\" content=\"index, follow, max-snippet:-1, max-image-preview:large, max-video-preview:-1\" \/>\n<link rel=\"canonical\" href=\"https:\/\/tourcruiser.com\/de\/products\/adidas-zx-8000-made-in-germanylucid-aquamarine\/\" \/>\n<meta property=\"og:locale\" content=\"de_DE\" \/>\n<meta property=\"og:type\" content=\"article\" \/>\n<meta property=\"og:title\" content=\"adidas ZX 8000 &#039;Made in Germany - Lucid Aquamarine&#039;  - Tourcruiser PTE. LTD\" \/>\n<meta property=\"og:description\" content=\"adidas ZX 8000 Made in Germany \u201d\u201d Footwear White\/Lucid Aquamarine\/Powder Yellow\" \/>\n<meta property=\"og:url\" content=\"https:\/\/tourcruiser.com\/de\/products\/adidas-zx-8000-made-in-germanylucid-aquamarine\/\" \/>\n<meta property=\"og:site_name\" content=\"Tourcruiser Sneaker Store\" \/>\n<meta property=\"article:modified_time\" content=\"2026-03-27T18:18:00+00:00\" \/>\n<meta name=\"twitter:card\" content=\"summary_large_image\" \/>\n<meta name=\"twitter:image\" content=\"https:\/\/images.novelship.com\/product\/adidas_zx_8000__made_in_germany__jr4609_0_97868.jpeg;https:\/\/images.novelship.com\/product\/adidas_zx_8000__made_in_germany__jr4609_1_97869.jpeg;https:\/\/images.novelship.com\/product\/adidas_zx_8000__made_in_germany__jr4609_2_97869.jpeg;https:\/\/images.novelship.com\/product\/adidas_zx_8000__made_in_germany__jr4609_3_97869.jpeg;https:\/\/images.novelship.com\/product\/adidas_zx_8000__made_in_germany__jr4609_4_97869.jpeg\" \/>\n<meta name=\"twitter:label1\" content=\"Gesch\u00e4tzte Lesezeit\" \/>\n\t<meta name=\"twitter:data1\" content=\"1\u00a0Minute\" \/>\n<script type=\"application\/ld+json\" class=\"yoast-schema-graph\">{\"@context\":\"https:\/\/schema.org\",\"@graph\":[{\"@type\":\"WebPage\",\"@id\":\"https:\/\/tourcruiser.com\/de\/products\/adidas-zx-8000-made-in-germanylucid-aquamarine\/\",\"url\":\"https:\/\/tourcruiser.com\/de\/products\/adidas-zx-8000-made-in-germanylucid-aquamarine\/\",\"name\":\"adidas ZX 8000 'Made in Germany - Lucid Aquamarine' - Tourcruiser PTE. LTD\",\"isPartOf\":{\"@id\":\"https:\/\/tourcruiser.com\/de\/#website\"},\"primaryImageOfPage\":{\"@id\":\"https:\/\/tourcruiser.com\/de\/products\/adidas-zx-8000-made-in-germanylucid-aquamarine\/#primaryimage\"},\"image\":{\"@id\":\"https:\/\/tourcruiser.com\/de\/products\/adidas-zx-8000-made-in-germanylucid-aquamarine\/#primaryimage\"},\"thumbnailUrl\":\"https:\/\/images.novelship.com\/product\/adidas_zx_8000__made_in_germany__jr4609_0_97868.jpeg;https:\/\/images.novelship.com\/product\/adidas_zx_8000__made_in_germany__jr4609_1_97869.jpeg;https:\/\/images.novelship.com\/product\/adidas_zx_8000__made_in_germany__jr4609_2_97869.jpeg;https:\/\/images.novelship.com\/product\/adidas_zx_8000__made_in_germany__jr4609_3_97869.jpeg;https:\/\/images.novelship.com\/product\/adidas_zx_8000__made_in_germany__jr4609_4_97869.jpeg\",\"datePublished\":\"2026-03-02T08:45:27+00:00\",\"dateModified\":\"2026-03-27T18:18:00+00:00\",\"breadcrumb\":{\"@id\":\"https:\/\/tourcruiser.com\/de\/products\/adidas-zx-8000-made-in-germanylucid-aquamarine\/#breadcrumb\"},\"inLanguage\":\"de\",\"potentialAction\":[{\"@type\":\"ReadAction\",\"target\":[\"https:\/\/tourcruiser.com\/de\/products\/adidas-zx-8000-made-in-germanylucid-aquamarine\/\"]}]},{\"@type\":\"ImageObject\",\"inLanguage\":\"de\",\"@id\":\"https:\/\/tourcruiser.com\/de\/products\/adidas-zx-8000-made-in-germanylucid-aquamarine\/#primaryimage\",\"url\":\"https:\/\/images.novelship.com\/product\/adidas_zx_8000__made_in_germany__jr4609_0_97868.jpeg;https:\/\/images.novelship.com\/product\/adidas_zx_8000__made_in_germany__jr4609_1_97869.jpeg;https:\/\/images.novelship.com\/product\/adidas_zx_8000__made_in_germany__jr4609_2_97869.jpeg;https:\/\/images.novelship.com\/product\/adidas_zx_8000__made_in_germany__jr4609_3_97869.jpeg;https:\/\/images.novelship.com\/product\/adidas_zx_8000__made_in_germany__jr4609_4_97869.jpeg\",\"contentUrl\":\"https:\/\/images.novelship.com\/product\/adidas_zx_8000__made_in_germany__jr4609_0_97868.jpeg;https:\/\/images.novelship.com\/product\/adidas_zx_8000__made_in_germany__jr4609_1_97869.jpeg;https:\/\/images.novelship.com\/product\/adidas_zx_8000__made_in_germany__jr4609_2_97869.jpeg;https:\/\/images.novelship.com\/product\/adidas_zx_8000__made_in_germany__jr4609_3_97869.jpeg;https:\/\/images.novelship.com\/product\/adidas_zx_8000__made_in_germany__jr4609_4_97869.jpeg\"},{\"@type\":\"BreadcrumbList\",\"@id\":\"https:\/\/tourcruiser.com\/de\/products\/adidas-zx-8000-made-in-germanylucid-aquamarine\/#breadcrumb\",\"itemListElement\":[{\"@type\":\"ListItem\",\"position\":1,\"name\":\"Home\",\"item\":\"https:\/\/tourcruiser.com\/de\/\"},{\"@type\":\"ListItem\",\"position\":2,\"name\":\"Shop\",\"item\":\"https:\/\/tourcruiser.com\/de\/shop\/\"},{\"@type\":\"ListItem\",\"position\":3,\"name\":\"adidas ZX 8000 'Made in Germany - Lucid Aquamarine'\"}]},{\"@type\":\"WebSite\",\"@id\":\"https:\/\/tourcruiser.com\/de\/#website\",\"url\":\"https:\/\/tourcruiser.com\/de\/\",\"name\":\"Styloral Jewelry Shop\",\"description\":\"Tourcruiser Sneaker Store \u2014 der Ort, an dem das Universum deine Einzigartigkeit trifft.\",\"publisher\":{\"@id\":\"https:\/\/tourcruiser.com\/de\/#organization\"},\"potentialAction\":[{\"@type\":\"SearchAction\",\"target\":{\"@type\":\"EntryPoint\",\"urlTemplate\":\"https:\/\/tourcruiser.com\/de\/?s={search_term_string}\"},\"query-input\":{\"@type\":\"PropertyValueSpecification\",\"valueRequired\":true,\"valueName\":\"search_term_string\"}}],\"inLanguage\":\"de\"},{\"@type\":\"Organization\",\"@id\":\"https:\/\/tourcruiser.com\/de\/#organization\",\"name\":\"STYLORAL PTE. LTD\",\"url\":\"https:\/\/tourcruiser.com\/de\/\",\"logo\":{\"@type\":\"ImageObject\",\"inLanguage\":\"de\",\"@id\":\"https:\/\/tourcruiser.com\/de\/#\/schema\/logo\/image\/\",\"url\":\"https:\/\/www.tourcruiser.com\/wp-content\/uploads\/2025\/12\/logo.png\",\"contentUrl\":\"https:\/\/www.tourcruiser.com\/wp-content\/uploads\/2025\/12\/logo.png\",\"width\":200,\"height\":65,\"caption\":\"STYLORAL PTE. LTD\"},\"image\":{\"@id\":\"https:\/\/tourcruiser.com\/de\/#\/schema\/logo\/image\/\"}}]}<\/script>\n<!-- \/ Yoast SEO plugin. -->","yoast_head_json":{"title":"adidas ZX 8000 'Made in Germany - Lucid Aquamarine'  - Tourcruiser PTE. LTD","robots":{"index":"index","follow":"follow","max-snippet":"max-snippet:-1","max-image-preview":"max-image-preview:large","max-video-preview":"max-video-preview:-1"},"canonical":"https:\/\/tourcruiser.com\/de\/products\/adidas-zx-8000-made-in-germanylucid-aquamarine\/","og_locale":"de_DE","og_type":"article","og_title":"adidas ZX 8000 'Made in Germany - Lucid Aquamarine'  - Tourcruiser PTE. LTD","og_description":"adidas ZX 8000 Made in Germany \u201d\u201d Footwear White\/Lucid Aquamarine\/Powder Yellow","og_url":"https:\/\/tourcruiser.com\/de\/products\/adidas-zx-8000-made-in-germanylucid-aquamarine\/","og_site_name":"Tourcruiser Sneaker Store","article_modified_time":"2026-03-27T18:18:00+00:00","twitter_card":"summary_large_image","twitter_image":"https:\/\/images.novelship.com\/product\/adidas_zx_8000__made_in_germany__jr4609_0_97868.jpeg;https:\/\/images.novelship.com\/product\/adidas_zx_8000__made_in_germany__jr4609_1_97869.jpeg;https:\/\/images.novelship.com\/product\/adidas_zx_8000__made_in_germany__jr4609_2_97869.jpeg;https:\/\/images.novelship.com\/product\/adidas_zx_8000__made_in_germany__jr4609_3_97869.jpeg;https:\/\/images.novelship.com\/product\/adidas_zx_8000__made_in_germany__jr4609_4_97869.jpeg","twitter_misc":{"Gesch\u00e4tzte Lesezeit":"1\u00a0Minute"},"schema":{"@context":"https:\/\/schema.org","@graph":[{"@type":"WebPage","@id":"https:\/\/tourcruiser.com\/de\/products\/adidas-zx-8000-made-in-germanylucid-aquamarine\/","url":"https:\/\/tourcruiser.com\/de\/products\/adidas-zx-8000-made-in-germanylucid-aquamarine\/","name":"adidas ZX 8000 'Made in Germany - Lucid Aquamarine' - Tourcruiser PTE. LTD","isPartOf":{"@id":"https:\/\/tourcruiser.com\/de\/#website"},"primaryImageOfPage":{"@id":"https:\/\/tourcruiser.com\/de\/products\/adidas-zx-8000-made-in-germanylucid-aquamarine\/#primaryimage"},"image":{"@id":"https:\/\/tourcruiser.com\/de\/products\/adidas-zx-8000-made-in-germanylucid-aquamarine\/#primaryimage"},"thumbnailUrl":"https:\/\/images.novelship.com\/product\/adidas_zx_8000__made_in_germany__jr4609_0_97868.jpeg;https:\/\/images.novelship.com\/product\/adidas_zx_8000__made_in_germany__jr4609_1_97869.jpeg;https:\/\/images.novelship.com\/product\/adidas_zx_8000__made_in_germany__jr4609_2_97869.jpeg;https:\/\/images.novelship.com\/product\/adidas_zx_8000__made_in_germany__jr4609_3_97869.jpeg;https:\/\/images.novelship.com\/product\/adidas_zx_8000__made_in_germany__jr4609_4_97869.jpeg","datePublished":"2026-03-02T08:45:27+00:00","dateModified":"2026-03-27T18:18:00+00:00","breadcrumb":{"@id":"https:\/\/tourcruiser.com\/de\/products\/adidas-zx-8000-made-in-germanylucid-aquamarine\/#breadcrumb"},"inLanguage":"de","potentialAction":[{"@type":"ReadAction","target":["https:\/\/tourcruiser.com\/de\/products\/adidas-zx-8000-made-in-germanylucid-aquamarine\/"]}]},{"@type":"ImageObject","inLanguage":"de","@id":"https:\/\/tourcruiser.com\/de\/products\/adidas-zx-8000-made-in-germanylucid-aquamarine\/#primaryimage","url":"https:\/\/images.novelship.com\/product\/adidas_zx_8000__made_in_germany__jr4609_0_97868.jpeg;https:\/\/images.novelship.com\/product\/adidas_zx_8000__made_in_germany__jr4609_1_97869.jpeg;https:\/\/images.novelship.com\/product\/adidas_zx_8000__made_in_germany__jr4609_2_97869.jpeg;https:\/\/images.novelship.com\/product\/adidas_zx_8000__made_in_germany__jr4609_3_97869.jpeg;https:\/\/images.novelship.com\/product\/adidas_zx_8000__made_in_germany__jr4609_4_97869.jpeg","contentUrl":"https:\/\/images.novelship.com\/product\/adidas_zx_8000__made_in_germany__jr4609_0_97868.jpeg;https:\/\/images.novelship.com\/product\/adidas_zx_8000__made_in_germany__jr4609_1_97869.jpeg;https:\/\/images.novelship.com\/product\/adidas_zx_8000__made_in_germany__jr4609_2_97869.jpeg;https:\/\/images.novelship.com\/product\/adidas_zx_8000__made_in_germany__jr4609_3_97869.jpeg;https:\/\/images.novelship.com\/product\/adidas_zx_8000__made_in_germany__jr4609_4_97869.jpeg"},{"@type":"BreadcrumbList","@id":"https:\/\/tourcruiser.com\/de\/products\/adidas-zx-8000-made-in-germanylucid-aquamarine\/#breadcrumb","itemListElement":[{"@type":"ListItem","position":1,"name":"Home","item":"https:\/\/tourcruiser.com\/de\/"},{"@type":"ListItem","position":2,"name":"Shop","item":"https:\/\/tourcruiser.com\/de\/shop\/"},{"@type":"ListItem","position":3,"name":"adidas ZX 8000 'Made in Germany - Lucid Aquamarine'"}]},{"@type":"WebSite","@id":"https:\/\/tourcruiser.com\/de\/#website","url":"https:\/\/tourcruiser.com\/de\/","name":"Styloral Jewelry Shop","description":"Tourcruiser Sneaker Store \u2014 der Ort, an dem das Universum deine Einzigartigkeit trifft.","publisher":{"@id":"https:\/\/tourcruiser.com\/de\/#organization"},"potentialAction":[{"@type":"SearchAction","target":{"@type":"EntryPoint","urlTemplate":"https:\/\/tourcruiser.com\/de\/?s={search_term_string}"},"query-input":{"@type":"PropertyValueSpecification","valueRequired":true,"valueName":"search_term_string"}}],"inLanguage":"de"},{"@type":"Organization","@id":"https:\/\/tourcruiser.com\/de\/#organization","name":"STYLORAL PTE. LTD","url":"https:\/\/tourcruiser.com\/de\/","logo":{"@type":"ImageObject","inLanguage":"de","@id":"https:\/\/tourcruiser.com\/de\/#\/schema\/logo\/image\/","url":"https:\/\/www.tourcruiser.com\/wp-content\/uploads\/2025\/12\/logo.png","contentUrl":"https:\/\/www.tourcruiser.com\/wp-content\/uploads\/2025\/12\/logo.png","width":200,"height":65,"caption":"STYLORAL PTE. LTD"},"image":{"@id":"https:\/\/tourcruiser.com\/de\/#\/schema\/logo\/image\/"}}]}},"_links":{"self":[{"href":"https:\/\/tourcruiser.com\/de\/wp-json\/wp\/v2\/product\/146589","targetHints":{"allow":["GET"]}}],"collection":[{"href":"https:\/\/tourcruiser.com\/de\/wp-json\/wp\/v2\/product"}],"about":[{"href":"https:\/\/tourcruiser.com\/de\/wp-json\/wp\/v2\/types\/product"}],"replies":[{"embeddable":true,"href":"https:\/\/tourcruiser.com\/de\/wp-json\/wp\/v2\/comments?post=146589"}],"wp:featuredmedia":[{"embeddable":true,"href":"https:\/\/tourcruiser.com\/de\/wp-json\/wp\/v2\/media\/146590"}],"wp:attachment":[{"href":"https:\/\/tourcruiser.com\/de\/wp-json\/wp\/v2\/media?parent=146589"}],"wp:term":[{"taxonomy":"product_brand","embeddable":true,"href":"https:\/\/tourcruiser.com\/de\/wp-json\/wp\/v2\/product_brand?post=146589"},{"taxonomy":"product_cat","embeddable":true,"href":"https:\/\/tourcruiser.com\/de\/wp-json\/wp\/v2\/product_cat?post=146589"},{"taxonomy":"product_tag","embeddable":true,"href":"https:\/\/tourcruiser.com\/de\/wp-json\/wp\/v2\/product_tag?post=146589"}],"curies":[{"name":"wp","href":"https:\/\/api.w.org\/{rel}","templated":true}]}}