{"id":146459,"date":"2026-03-02T15:45:16","date_gmt":"2026-03-02T08:45:16","guid":{"rendered":"http:\/\/tourcruiser.com\/product\/adidas-moncler-x-nmds1-mid-gore-tex-the-art-of-explorationblack"},"modified":"2026-03-28T01:17:52","modified_gmt":"2026-03-27T18:17:52","slug":"adidas-moncler-x-nmds1-mid-gore-tex-the-art-of-explorationblack","status":"publish","type":"product","link":"https:\/\/tourcruiser.com\/de\/products\/adidas-moncler-x-nmds1-mid-gore-tex-the-art-of-explorationblack\/","title":{"rendered":"adidas Moncler x NMD_S1 Mid GORE-TEX &#8218;The Art of Exploration &#8211; Black&#8216;"},"content":{"rendered":"<p>Erleben Sie mit dem adidas Moncler x NMD_S1 Mid GORE-TEX \u201eThe Art of Exploration \u201d\u201c Black\u201c IG7869 den Inbegriff von Stil und Funktionalit\u00e4t. Dieser aus hochwertigen Materialien gefertigte Sneaker vereint zukunftsweisendes Design mit modernster Technologie. Das GORE-TEX-Futter garantiert wasserdichten Schutz, w\u00e4hrend das NMD Boost-D\u00e4mpfungssystem f\u00fcr au\u00dfergew\u00f6hnlichen Tragekomfort sorgt. Das elegante schwarze Obermaterial mit dezentem Branding strahlt sowohl Raffinesse als auch Sportlichkeit aus. Erlebe die Zukunft der Schuhe mit diesen exklusiven Sneakern, die sowohl f\u00fcr urbanes Terrain als auch f\u00fcr Outdoor-Abenteuer entwickelt wurden.<\/p>\n<ul>\n<li><strong>Farbgebung:<\/strong> Core Black\/Core Black\/Core Black<\/li>\n<li><strong>Style-Code:<\/strong> IG7869<\/li>\n<li><strong>Obermaterial:<\/strong> Ripstop<\/li>\n<li><strong>Zwischensohle:<\/strong> Boost<\/li>\n<li><strong>Farbe:<\/strong> Schwarz<\/li>\n<li><strong>Saison:<\/strong> Herbst<\/li>\n<li><strong>Erscheinungsjahr:<\/strong> 2023<\/li>\n<\/ul>\n","protected":false},"excerpt":{"rendered":"<p>adidas NMD_S1 \u201d\u201d Core Black\/Core Black\/Core Black<\/p>\n","protected":false},"featured_media":146460,"comment_status":"open","ping_status":"closed","template":"","meta":[],"product_brand":[],"product_cat":[10760],"product_tag":[10759,10750,10753,10754,10765,10768,10758],"class_list":{"0":"post-146459","1":"product","2":"type-product","3":"status-publish","4":"has-post-thumbnail","6":"product_cat-adidas","7":"product_tag-adidas","8":"product_tag-athleisure-shoes","9":"product_tag-gift-for-him","10":"product_tag-lifestyle-casual-shoes","11":"product_tag-lifestyle-shoes-running-inspired","12":"product_tag-retro-running-shoes","13":"product_tag-under-retail","14":"wcpa_has_options","16":"first","17":"outofstock","18":"sale","19":"taxable","20":"shipping-taxable","21":"purchasable","22":"product-type-simple"},"wcpa_form_fields":{"rules":{"pric_overide_base_price":false,"pric_overide_base_price_if_gt_zero":false,"pric_overide_base_price_fully":false,"pric_cal_option_once":false,"pric_use_as_fee":false,"bind_quantity":false,"quantity_bind_formula":false},"fields":[{"type":"color-group","required":true,"elementId":"wcpa-color-group-66c4a7f817afe","label":"Gr\u00f6\u00dfe","inline":true,"priceOptions":"different_for_all","pricingType":"fixed","className":"hassizechart product-shoes-size-eu product-shoes-size","name":"color-group-66c4a7f817b18","disp_type":"square","selection_type":"tick-border","disp_size":"50","show_label_inside":true,"adjust_width":true,"cart_display_type":"text","other_text":"Other","cl_rule":"show","col":6,"values":[{"label":"35","value":"EU 35","price":"","pimage":"","pimage_id":"","pthumb":"","color":""},{"label":"35.5","value":"EU 35.5","price":"","pimage":"","pimage_id":"","pthumb":"","color":""},{"label":"36","value":"EU 36","price":"","pimage":"","pimage_id":"","pthumb":"","color":"","selected":true},{"label":"36 2\/3","value":"EU 36 2\/3","price":"","pimage":"","pimage_id":"","pthumb":"","color":""},{"label":"37 1\/3","value":"EU 37 1\/3","price":"","pimage":"","pimage_id":"","pthumb":"","color":""},{"label":"38","value":"EU 38","price":"","pimage":"","pimage_id":"","pthumb":"","color":""},{"label":"38 2\/3","value":"EU 38 2\/3","price":"","pimage":"","pimage_id":"","pthumb":"","color":""},{"label":"39 1\/3","value":"EU 39 1\/3","price":"","pimage":"","pimage_id":"","pthumb":"","color":""},{"label":"40","value":"EU 40","price":"","pimage":"","pimage_id":"","pthumb":"","color":""},{"label":"40 2\/3","value":"EU 40 2\/3","price":"","pimage":"","pimage_id":"","pthumb":"","color":""},{"label":"41 1\/3","value":"EU 41 1\/3","price":"","pimage":"","pimage_id":"","pthumb":"","color":""},{"label":"42","value":"EU 42","price":"","pimage":"","pimage_id":"","pthumb":"","color":""},{"label":"42 2\/3","value":"EU 42 2\/3","price":"","pimage":"","pimage_id":"","pthumb":"","color":""},{"label":"43 1\/3","value":"EU 43 1\/3","price":"","pimage":"","pimage_id":"","pthumb":"","color":""},{"label":"44","value":"EU 44","price":"","pimage":"","pimage_id":"","pthumb":"","color":""},{"label":"44 2\/3","value":"EU 44 2\/3","price":"","pimage":"","pimage_id":"","pthumb":"","color":""},{"label":"45 1\/3","value":"EU 45 1\/3","price":"","pimage":"","pimage_id":"","pthumb":"","color":""},{"label":"46","value":"EU 46","price":"","pimage":"","pimage_id":"","pthumb":"","color":""},{"label":"46 2\/3","value":"EU 46 2\/3","price":"","pimage":"","pimage_id":"","pthumb":"","color":""},{"label":"47 1\/3","value":"EU 47 1\/3","price":"","pimage":"","pimage_id":"","pthumb":"","color":""}],"relations":[{"operator":false,"rules":[]}],"form_id":24802,"form_rules":{"pric_cal_option_once":false,"exclude_from_discount":false,"pric_use_as_fee":false,"fee_label":"Fee","render_after_acb":false,"disp_hide_options_price":false}}]},"yoast_head":"<!-- This site is optimized with the Yoast SEO plugin v26.5 - https:\/\/yoast.com\/wordpress\/plugins\/seo\/ -->\n<title>adidas Moncler x NMD_S1 Mid GORE-TEX &#039;The Art of Exploration - Black&#039;  - Tourcruiser PTE. LTD<\/title>\n<meta name=\"robots\" content=\"index, follow, max-snippet:-1, max-image-preview:large, max-video-preview:-1\" \/>\n<link rel=\"canonical\" href=\"https:\/\/tourcruiser.com\/de\/products\/adidas-moncler-x-nmds1-mid-gore-tex-the-art-of-explorationblack\/\" \/>\n<meta property=\"og:locale\" content=\"de_DE\" \/>\n<meta property=\"og:type\" content=\"article\" \/>\n<meta property=\"og:title\" content=\"adidas Moncler x NMD_S1 Mid GORE-TEX &#039;The Art of Exploration - Black&#039;  - Tourcruiser PTE. LTD\" \/>\n<meta property=\"og:description\" content=\"adidas NMD_S1 \u201d\u201d Core Black\/Core Black\/Core Black\" \/>\n<meta property=\"og:url\" content=\"https:\/\/tourcruiser.com\/de\/products\/adidas-moncler-x-nmds1-mid-gore-tex-the-art-of-explorationblack\/\" \/>\n<meta property=\"og:site_name\" content=\"Tourcruiser Sneaker Store\" \/>\n<meta property=\"article:modified_time\" content=\"2026-03-27T18:17:52+00:00\" \/>\n<meta name=\"twitter:card\" content=\"summary_large_image\" \/>\n<meta name=\"twitter:image\" content=\"https:\/\/images.novelship.com\/product\/adidas_moncler_x_nmd_s1_mid_gore-tex__the_art_of_e_0_87529.jpeg;https:\/\/images.novelship.com\/product\/adidas_moncler_x_nmd_s1_mid_gore-tex__the_art_of_e_1_87529.jpeg;https:\/\/images.novelship.com\/product\/adidas_moncler_x_nmd_s1_mid_gore-tex__the_art_of_e_2_87529.jpeg;https:\/\/images.novelship.com\/product\/adidas_moncler_x_nmd_s1_mid_gore-tex__the_art_of_e_3_87529.jpeg;https:\/\/images.novelship.com\/product\/adidas_moncler_x_nmd_s1_mid_gore-tex__the_art_of_e_4_87529.jpeg\" \/>\n<meta name=\"twitter:label1\" content=\"Gesch\u00e4tzte Lesezeit\" \/>\n\t<meta name=\"twitter:data1\" content=\"1\u00a0Minute\" \/>\n<script type=\"application\/ld+json\" class=\"yoast-schema-graph\">{\"@context\":\"https:\/\/schema.org\",\"@graph\":[{\"@type\":\"WebPage\",\"@id\":\"https:\/\/tourcruiser.com\/de\/products\/adidas-moncler-x-nmds1-mid-gore-tex-the-art-of-explorationblack\/\",\"url\":\"https:\/\/tourcruiser.com\/de\/products\/adidas-moncler-x-nmds1-mid-gore-tex-the-art-of-explorationblack\/\",\"name\":\"adidas Moncler x NMD_S1 Mid GORE-TEX 'The Art of Exploration - Black' - Tourcruiser PTE. LTD\",\"isPartOf\":{\"@id\":\"https:\/\/tourcruiser.com\/de\/#website\"},\"primaryImageOfPage\":{\"@id\":\"https:\/\/tourcruiser.com\/de\/products\/adidas-moncler-x-nmds1-mid-gore-tex-the-art-of-explorationblack\/#primaryimage\"},\"image\":{\"@id\":\"https:\/\/tourcruiser.com\/de\/products\/adidas-moncler-x-nmds1-mid-gore-tex-the-art-of-explorationblack\/#primaryimage\"},\"thumbnailUrl\":\"https:\/\/images.novelship.com\/product\/adidas_moncler_x_nmd_s1_mid_gore-tex__the_art_of_e_0_87529.jpeg;https:\/\/images.novelship.com\/product\/adidas_moncler_x_nmd_s1_mid_gore-tex__the_art_of_e_1_87529.jpeg;https:\/\/images.novelship.com\/product\/adidas_moncler_x_nmd_s1_mid_gore-tex__the_art_of_e_2_87529.jpeg;https:\/\/images.novelship.com\/product\/adidas_moncler_x_nmd_s1_mid_gore-tex__the_art_of_e_3_87529.jpeg;https:\/\/images.novelship.com\/product\/adidas_moncler_x_nmd_s1_mid_gore-tex__the_art_of_e_4_87529.jpeg\",\"datePublished\":\"2026-03-02T08:45:16+00:00\",\"dateModified\":\"2026-03-27T18:17:52+00:00\",\"breadcrumb\":{\"@id\":\"https:\/\/tourcruiser.com\/de\/products\/adidas-moncler-x-nmds1-mid-gore-tex-the-art-of-explorationblack\/#breadcrumb\"},\"inLanguage\":\"de\",\"potentialAction\":[{\"@type\":\"ReadAction\",\"target\":[\"https:\/\/tourcruiser.com\/de\/products\/adidas-moncler-x-nmds1-mid-gore-tex-the-art-of-explorationblack\/\"]}]},{\"@type\":\"ImageObject\",\"inLanguage\":\"de\",\"@id\":\"https:\/\/tourcruiser.com\/de\/products\/adidas-moncler-x-nmds1-mid-gore-tex-the-art-of-explorationblack\/#primaryimage\",\"url\":\"https:\/\/images.novelship.com\/product\/adidas_moncler_x_nmd_s1_mid_gore-tex__the_art_of_e_0_87529.jpeg;https:\/\/images.novelship.com\/product\/adidas_moncler_x_nmd_s1_mid_gore-tex__the_art_of_e_1_87529.jpeg;https:\/\/images.novelship.com\/product\/adidas_moncler_x_nmd_s1_mid_gore-tex__the_art_of_e_2_87529.jpeg;https:\/\/images.novelship.com\/product\/adidas_moncler_x_nmd_s1_mid_gore-tex__the_art_of_e_3_87529.jpeg;https:\/\/images.novelship.com\/product\/adidas_moncler_x_nmd_s1_mid_gore-tex__the_art_of_e_4_87529.jpeg\",\"contentUrl\":\"https:\/\/images.novelship.com\/product\/adidas_moncler_x_nmd_s1_mid_gore-tex__the_art_of_e_0_87529.jpeg;https:\/\/images.novelship.com\/product\/adidas_moncler_x_nmd_s1_mid_gore-tex__the_art_of_e_1_87529.jpeg;https:\/\/images.novelship.com\/product\/adidas_moncler_x_nmd_s1_mid_gore-tex__the_art_of_e_2_87529.jpeg;https:\/\/images.novelship.com\/product\/adidas_moncler_x_nmd_s1_mid_gore-tex__the_art_of_e_3_87529.jpeg;https:\/\/images.novelship.com\/product\/adidas_moncler_x_nmd_s1_mid_gore-tex__the_art_of_e_4_87529.jpeg\"},{\"@type\":\"BreadcrumbList\",\"@id\":\"https:\/\/tourcruiser.com\/de\/products\/adidas-moncler-x-nmds1-mid-gore-tex-the-art-of-explorationblack\/#breadcrumb\",\"itemListElement\":[{\"@type\":\"ListItem\",\"position\":1,\"name\":\"Home\",\"item\":\"https:\/\/tourcruiser.com\/de\/\"},{\"@type\":\"ListItem\",\"position\":2,\"name\":\"Shop\",\"item\":\"https:\/\/tourcruiser.com\/de\/shop\/\"},{\"@type\":\"ListItem\",\"position\":3,\"name\":\"adidas Moncler x NMD_S1 Mid GORE-TEX 'The Art of Exploration - Black'\"}]},{\"@type\":\"WebSite\",\"@id\":\"https:\/\/tourcruiser.com\/de\/#website\",\"url\":\"https:\/\/tourcruiser.com\/de\/\",\"name\":\"Styloral Jewelry Shop\",\"description\":\"Tourcruiser Sneaker Store \u2014 der Ort, an dem das Universum deine Einzigartigkeit trifft.\",\"publisher\":{\"@id\":\"https:\/\/tourcruiser.com\/de\/#organization\"},\"potentialAction\":[{\"@type\":\"SearchAction\",\"target\":{\"@type\":\"EntryPoint\",\"urlTemplate\":\"https:\/\/tourcruiser.com\/de\/?s={search_term_string}\"},\"query-input\":{\"@type\":\"PropertyValueSpecification\",\"valueRequired\":true,\"valueName\":\"search_term_string\"}}],\"inLanguage\":\"de\"},{\"@type\":\"Organization\",\"@id\":\"https:\/\/tourcruiser.com\/de\/#organization\",\"name\":\"STYLORAL PTE. LTD\",\"url\":\"https:\/\/tourcruiser.com\/de\/\",\"logo\":{\"@type\":\"ImageObject\",\"inLanguage\":\"de\",\"@id\":\"https:\/\/tourcruiser.com\/de\/#\/schema\/logo\/image\/\",\"url\":\"https:\/\/www.tourcruiser.com\/wp-content\/uploads\/2025\/12\/logo.png\",\"contentUrl\":\"https:\/\/www.tourcruiser.com\/wp-content\/uploads\/2025\/12\/logo.png\",\"width\":200,\"height\":65,\"caption\":\"STYLORAL PTE. LTD\"},\"image\":{\"@id\":\"https:\/\/tourcruiser.com\/de\/#\/schema\/logo\/image\/\"}}]}<\/script>\n<!-- \/ Yoast SEO plugin. -->","yoast_head_json":{"title":"adidas Moncler x NMD_S1 Mid GORE-TEX 'The Art of Exploration - Black'  - Tourcruiser PTE. LTD","robots":{"index":"index","follow":"follow","max-snippet":"max-snippet:-1","max-image-preview":"max-image-preview:large","max-video-preview":"max-video-preview:-1"},"canonical":"https:\/\/tourcruiser.com\/de\/products\/adidas-moncler-x-nmds1-mid-gore-tex-the-art-of-explorationblack\/","og_locale":"de_DE","og_type":"article","og_title":"adidas Moncler x NMD_S1 Mid GORE-TEX 'The Art of Exploration - Black'  - Tourcruiser PTE. LTD","og_description":"adidas NMD_S1 \u201d\u201d Core Black\/Core Black\/Core Black","og_url":"https:\/\/tourcruiser.com\/de\/products\/adidas-moncler-x-nmds1-mid-gore-tex-the-art-of-explorationblack\/","og_site_name":"Tourcruiser Sneaker Store","article_modified_time":"2026-03-27T18:17:52+00:00","twitter_card":"summary_large_image","twitter_image":"https:\/\/images.novelship.com\/product\/adidas_moncler_x_nmd_s1_mid_gore-tex__the_art_of_e_0_87529.jpeg;https:\/\/images.novelship.com\/product\/adidas_moncler_x_nmd_s1_mid_gore-tex__the_art_of_e_1_87529.jpeg;https:\/\/images.novelship.com\/product\/adidas_moncler_x_nmd_s1_mid_gore-tex__the_art_of_e_2_87529.jpeg;https:\/\/images.novelship.com\/product\/adidas_moncler_x_nmd_s1_mid_gore-tex__the_art_of_e_3_87529.jpeg;https:\/\/images.novelship.com\/product\/adidas_moncler_x_nmd_s1_mid_gore-tex__the_art_of_e_4_87529.jpeg","twitter_misc":{"Gesch\u00e4tzte Lesezeit":"1\u00a0Minute"},"schema":{"@context":"https:\/\/schema.org","@graph":[{"@type":"WebPage","@id":"https:\/\/tourcruiser.com\/de\/products\/adidas-moncler-x-nmds1-mid-gore-tex-the-art-of-explorationblack\/","url":"https:\/\/tourcruiser.com\/de\/products\/adidas-moncler-x-nmds1-mid-gore-tex-the-art-of-explorationblack\/","name":"adidas Moncler x NMD_S1 Mid GORE-TEX 'The Art of Exploration - Black' - Tourcruiser PTE. LTD","isPartOf":{"@id":"https:\/\/tourcruiser.com\/de\/#website"},"primaryImageOfPage":{"@id":"https:\/\/tourcruiser.com\/de\/products\/adidas-moncler-x-nmds1-mid-gore-tex-the-art-of-explorationblack\/#primaryimage"},"image":{"@id":"https:\/\/tourcruiser.com\/de\/products\/adidas-moncler-x-nmds1-mid-gore-tex-the-art-of-explorationblack\/#primaryimage"},"thumbnailUrl":"https:\/\/images.novelship.com\/product\/adidas_moncler_x_nmd_s1_mid_gore-tex__the_art_of_e_0_87529.jpeg;https:\/\/images.novelship.com\/product\/adidas_moncler_x_nmd_s1_mid_gore-tex__the_art_of_e_1_87529.jpeg;https:\/\/images.novelship.com\/product\/adidas_moncler_x_nmd_s1_mid_gore-tex__the_art_of_e_2_87529.jpeg;https:\/\/images.novelship.com\/product\/adidas_moncler_x_nmd_s1_mid_gore-tex__the_art_of_e_3_87529.jpeg;https:\/\/images.novelship.com\/product\/adidas_moncler_x_nmd_s1_mid_gore-tex__the_art_of_e_4_87529.jpeg","datePublished":"2026-03-02T08:45:16+00:00","dateModified":"2026-03-27T18:17:52+00:00","breadcrumb":{"@id":"https:\/\/tourcruiser.com\/de\/products\/adidas-moncler-x-nmds1-mid-gore-tex-the-art-of-explorationblack\/#breadcrumb"},"inLanguage":"de","potentialAction":[{"@type":"ReadAction","target":["https:\/\/tourcruiser.com\/de\/products\/adidas-moncler-x-nmds1-mid-gore-tex-the-art-of-explorationblack\/"]}]},{"@type":"ImageObject","inLanguage":"de","@id":"https:\/\/tourcruiser.com\/de\/products\/adidas-moncler-x-nmds1-mid-gore-tex-the-art-of-explorationblack\/#primaryimage","url":"https:\/\/images.novelship.com\/product\/adidas_moncler_x_nmd_s1_mid_gore-tex__the_art_of_e_0_87529.jpeg;https:\/\/images.novelship.com\/product\/adidas_moncler_x_nmd_s1_mid_gore-tex__the_art_of_e_1_87529.jpeg;https:\/\/images.novelship.com\/product\/adidas_moncler_x_nmd_s1_mid_gore-tex__the_art_of_e_2_87529.jpeg;https:\/\/images.novelship.com\/product\/adidas_moncler_x_nmd_s1_mid_gore-tex__the_art_of_e_3_87529.jpeg;https:\/\/images.novelship.com\/product\/adidas_moncler_x_nmd_s1_mid_gore-tex__the_art_of_e_4_87529.jpeg","contentUrl":"https:\/\/images.novelship.com\/product\/adidas_moncler_x_nmd_s1_mid_gore-tex__the_art_of_e_0_87529.jpeg;https:\/\/images.novelship.com\/product\/adidas_moncler_x_nmd_s1_mid_gore-tex__the_art_of_e_1_87529.jpeg;https:\/\/images.novelship.com\/product\/adidas_moncler_x_nmd_s1_mid_gore-tex__the_art_of_e_2_87529.jpeg;https:\/\/images.novelship.com\/product\/adidas_moncler_x_nmd_s1_mid_gore-tex__the_art_of_e_3_87529.jpeg;https:\/\/images.novelship.com\/product\/adidas_moncler_x_nmd_s1_mid_gore-tex__the_art_of_e_4_87529.jpeg"},{"@type":"BreadcrumbList","@id":"https:\/\/tourcruiser.com\/de\/products\/adidas-moncler-x-nmds1-mid-gore-tex-the-art-of-explorationblack\/#breadcrumb","itemListElement":[{"@type":"ListItem","position":1,"name":"Home","item":"https:\/\/tourcruiser.com\/de\/"},{"@type":"ListItem","position":2,"name":"Shop","item":"https:\/\/tourcruiser.com\/de\/shop\/"},{"@type":"ListItem","position":3,"name":"adidas Moncler x NMD_S1 Mid GORE-TEX 'The Art of Exploration - Black'"}]},{"@type":"WebSite","@id":"https:\/\/tourcruiser.com\/de\/#website","url":"https:\/\/tourcruiser.com\/de\/","name":"Styloral Jewelry Shop","description":"Tourcruiser Sneaker Store \u2014 der Ort, an dem das Universum deine Einzigartigkeit trifft.","publisher":{"@id":"https:\/\/tourcruiser.com\/de\/#organization"},"potentialAction":[{"@type":"SearchAction","target":{"@type":"EntryPoint","urlTemplate":"https:\/\/tourcruiser.com\/de\/?s={search_term_string}"},"query-input":{"@type":"PropertyValueSpecification","valueRequired":true,"valueName":"search_term_string"}}],"inLanguage":"de"},{"@type":"Organization","@id":"https:\/\/tourcruiser.com\/de\/#organization","name":"STYLORAL PTE. LTD","url":"https:\/\/tourcruiser.com\/de\/","logo":{"@type":"ImageObject","inLanguage":"de","@id":"https:\/\/tourcruiser.com\/de\/#\/schema\/logo\/image\/","url":"https:\/\/www.tourcruiser.com\/wp-content\/uploads\/2025\/12\/logo.png","contentUrl":"https:\/\/www.tourcruiser.com\/wp-content\/uploads\/2025\/12\/logo.png","width":200,"height":65,"caption":"STYLORAL PTE. LTD"},"image":{"@id":"https:\/\/tourcruiser.com\/de\/#\/schema\/logo\/image\/"}}]}},"_links":{"self":[{"href":"https:\/\/tourcruiser.com\/de\/wp-json\/wp\/v2\/product\/146459","targetHints":{"allow":["GET"]}}],"collection":[{"href":"https:\/\/tourcruiser.com\/de\/wp-json\/wp\/v2\/product"}],"about":[{"href":"https:\/\/tourcruiser.com\/de\/wp-json\/wp\/v2\/types\/product"}],"replies":[{"embeddable":true,"href":"https:\/\/tourcruiser.com\/de\/wp-json\/wp\/v2\/comments?post=146459"}],"wp:featuredmedia":[{"embeddable":true,"href":"https:\/\/tourcruiser.com\/de\/wp-json\/wp\/v2\/media\/146460"}],"wp:attachment":[{"href":"https:\/\/tourcruiser.com\/de\/wp-json\/wp\/v2\/media?parent=146459"}],"wp:term":[{"taxonomy":"product_brand","embeddable":true,"href":"https:\/\/tourcruiser.com\/de\/wp-json\/wp\/v2\/product_brand?post=146459"},{"taxonomy":"product_cat","embeddable":true,"href":"https:\/\/tourcruiser.com\/de\/wp-json\/wp\/v2\/product_cat?post=146459"},{"taxonomy":"product_tag","embeddable":true,"href":"https:\/\/tourcruiser.com\/de\/wp-json\/wp\/v2\/product_tag?post=146459"}],"curies":[{"name":"wp","href":"https:\/\/api.w.org\/{rel}","templated":true}]}}