{"id":146307,"date":"2026-03-02T15:45:01","date_gmt":"2026-03-02T08:45:01","guid":{"rendered":"http:\/\/tourcruiser.com\/product\/nike-sb-ps8-obsidian-squadrun-blue"},"modified":"2026-03-28T01:17:42","modified_gmt":"2026-03-27T18:17:42","slug":"nike-sb-ps8-obsidian-squadrun-blue","status":"publish","type":"product","link":"https:\/\/tourcruiser.com\/de\/products\/nike-sb-ps8-obsidian-squadrun-blue\/","title":{"rendered":"Nike SB PS8 &#8218;Obsidian Squadrun Blue&#8216;"},"content":{"rendered":"<p>Erlebe unvergleichlichen Style und erstklassige Performance mit dem Nike SB PS8 \u201eObsidian Squadrun Blue\u201c FV8493-400 \u201d\u201c entwickelt f\u00fcr Skater und Athleten mit h\u00f6chsten Anspr\u00fcchen. Dieser auff\u00e4llige Sneaker kombiniert ein elegantes, obsidianblaues Obermaterial mit lebendigen Akzenten und kreiert so einen markanten und gleichzeitig vielseitigen Look, der sowohl auf der Stra\u00dfe als auch im Skatepark \u00fcberzeugt.<\/p>\n<p>Dank strapazierf\u00e4higer Materialien und innovativer D\u00e4mpfung bietet er optimalen Komfort, Reaktionsfreudigkeit und Stabilit\u00e4t bei jeder Bewegung. Das Design umfasst eine verst\u00e4rkte Zehenkappe, einen gepolsterten Schaftrand und eine griffige Au\u00dfensohle f\u00fcr verbesserten Schutz, Halt und Traktion genau dort, wo es darauf ankommt. Egal ob du Tricks \u00fcbst, entspannt flanierst oder deinen Streetwear-Style aufwertest \u201d\u201c dieser Schuh ist der perfekte Begleiter f\u00fcr den ganzen Tag.<\/p>\n<p>Seine moderne, ergonomische Passform sorgt f\u00fcr sicheren und bequemen Halt f\u00fcr jede Fu\u00dfform, w\u00e4hrend das atmungsaktive Material die Luftzirkulation f\u00f6rdert und deine F\u00fc\u00dfe angenehm frisch h\u00e4lt. Der Nike SB PS8 \u201eObsidian Squadrun Blue\u201c vereint Funktionalit\u00e4t und \u00c4sthetik nahtlos und bietet eine unwiderstehliche Kombination aus Performance und Fashion. Dieser Schuh wurde f\u00fcr Performance-Fans und Trendsetter gleicherma\u00dfen entwickelt und ist eine vielseitige Erg\u00e4nzung f\u00fcr jede Schuhsammlung.<\/p>\n<ul>\n<li><strong>Farbgebung:<\/strong> Obsidian\/Squadron Blue\/Phantom<\/li>\n<li><strong>Artikelnummer:<\/strong> FV8493-400<\/li>\n<li><strong>Obermaterial:<\/strong> Flyknit<\/li>\n<li><strong>Zwischensohle:<\/strong> Zoom Air<\/li>\n<li><strong>Farbe:<\/strong> Blau<\/li>\n<\/ul>\n","protected":false},"excerpt":{"rendered":"<p>Nike SB PS8 \u201d\u201d Obsidian\/Squadron Blue\/Phantom<\/p>\n","protected":false},"featured_media":146308,"comment_status":"open","ping_status":"closed","template":"","meta":[],"product_brand":[],"product_cat":[10803],"product_tag":[10753,10801,10802,11153],"class_list":{"0":"post-146307","1":"product","2":"type-product","3":"status-publish","4":"has-post-thumbnail","6":"product_cat-nike","7":"product_tag-gift-for-him","8":"product_tag-nike","9":"product_tag-performance-sport-shoes","10":"product_tag-skateboard-shoes","11":"wcpa_has_options","13":"first","14":"outofstock","15":"taxable","16":"shipping-taxable","17":"purchasable","18":"product-type-simple"},"wcpa_form_fields":{"rules":{"pric_overide_base_price":false,"pric_overide_base_price_if_gt_zero":false,"pric_overide_base_price_fully":false,"pric_cal_option_once":false,"pric_use_as_fee":false,"bind_quantity":false,"quantity_bind_formula":false},"fields":[{"type":"color-group","required":true,"elementId":"wcpa-color-group-66c4a75505e74","label":"Gr\u00f6\u00dfe - EU Gr\u00f6\u00dfe","inline":true,"priceOptions":"different_for_all","pricingType":"fixed","className":"hassizechart product-shoes-size-eu product-shoes-size","name":"color-group-66c4a75505e89","disp_type":"square","selection_type":"tick-border","disp_size":"44","show_label_inside":true,"adjust_width":true,"cart_display_type":"text","other_text":"Other","cl_rule":"show","col":6,"values":[{"label":"35.5","value":"EU 35.5","price":"","pimage":"","pimage_id":"","pthumb":"","color":""},{"label":"36","value":"EU 36","price":"","pimage":"","pimage_id":"","pthumb":"","color":"","selected":true},{"label":"36.5","value":"EU 36.5","price":"","pimage":"","pimage_id":"","pthumb":"","color":""},{"label":"37.5","value":"EU 37.5","price":"","pimage":"","pimage_id":"","pthumb":"","color":""},{"label":"38","value":"EU 38","price":"","pimage":"","pimage_id":"","pthumb":"","color":""},{"label":"38.5","value":"EU 38.5","price":"","pimage":"","pimage_id":"","pthumb":"","color":""},{"label":"39","value":"EU 39","price":"","pimage":"","pimage_id":"","pthumb":"","color":""},{"label":"40","value":"EU 40","price":"","pimage":"","pimage_id":"","pthumb":"","color":""},{"label":"40.5","value":"EU 40.5","price":"","pimage":"","pimage_id":"","pthumb":"","color":""},{"label":"41","value":"EU 41","price":"","pimage":"","pimage_id":"","pthumb":"","color":""},{"label":"42","value":"EU 42","price":"","pimage":"","pimage_id":"","pthumb":"","color":""},{"label":"42.5","value":"EU 42.5","price":"","pimage":"","pimage_id":"","pthumb":"","color":""},{"label":"43","value":"EU 43","price":"","pimage":"","pimage_id":"","pthumb":"","color":""},{"label":"44","value":"EU 44","price":"","pimage":"","pimage_id":"","pthumb":"","color":""},{"label":"44.5","value":"EU 44.5","price":"","pimage":"","pimage_id":"","pthumb":"","color":""},{"label":"45","value":"EU 45","price":"","pimage":"","pimage_id":"","pthumb":"","color":""},{"label":"45.5","value":"EU 45.5","price":"","pimage":"","pimage_id":"","pthumb":"","color":""},{"label":"46","value":"EU 46","price":"","pimage":"","pimage_id":"","pthumb":"","color":""},{"label":"47","value":"EU 47","price":"","pimage":"","pimage_id":"","pthumb":"","color":""},{"label":"47.5","value":"EU 47.5","price":"","pimage":"","pimage_id":"","pthumb":"","color":""},{"label":"48","value":"EU 48","price":"","pimage":"","pimage_id":"","pthumb":"","color":""}],"relations":[{"operator":false,"rules":[]}],"form_id":18106,"form_rules":{"pric_cal_option_once":false,"exclude_from_discount":false,"pric_use_as_fee":false,"fee_label":"Fee","render_after_acb":false,"disp_hide_options_price":false}}]},"yoast_head":"<!-- This site is optimized with the Yoast SEO plugin v26.5 - https:\/\/yoast.com\/wordpress\/plugins\/seo\/ -->\n<title>Nike SB PS8 &#039;Obsidian Squadrun Blue&#039;  - Tourcruiser PTE. LTD<\/title>\n<meta name=\"robots\" content=\"index, follow, max-snippet:-1, max-image-preview:large, max-video-preview:-1\" \/>\n<link rel=\"canonical\" href=\"https:\/\/tourcruiser.com\/\" \/>\n<meta property=\"og:locale\" content=\"de_DE\" \/>\n<meta property=\"og:type\" content=\"article\" \/>\n<meta property=\"og:title\" content=\"Nike SB PS8 &#039;Obsidian Squadrun Blue&#039;  - Tourcruiser PTE. LTD\" \/>\n<meta property=\"og:description\" content=\"Nike SB PS8 \u201d\u201d Obsidian\/Squadron Blue\/Phantom\" \/>\n<meta property=\"og:url\" content=\"\/\" \/>\n<meta property=\"og:site_name\" content=\"Tourcruiser Sneaker Store\" \/>\n<meta property=\"article:modified_time\" content=\"2026-03-27T18:17:42+00:00\" \/>\n<meta name=\"twitter:card\" content=\"summary_large_image\" \/>\n<meta name=\"twitter:image\" content=\"https:\/\/images.novelship.com\/product\/nike_sb_ps8__obsidian_squadrun_blue__fv8493-400_0_94558.jpeg;https:\/\/images.novelship.com\/product\/nike_sb_ps8__obsidian_squadrun_blue__fv8493-400_1_94558.jpeg;https:\/\/images.novelship.com\/product\/nike_sb_ps8__obsidian_squadrun_blue__fv8493-400_2_94558.jpeg;https:\/\/images.novelship.com\/product\/nike_sb_ps8__obsidian_squadrun_blue__fv8493-400_3_94558.jpeg;https:\/\/images.novelship.com\/product\/nike_sb_ps8__obsidian_squadrun_blue__fv8493-400_4_94558.jpeg;https:\/\/images.novelship.com\/product\/nike_sb_ps8__obsidian_squadrun_blue__fv8493-400_5_94558.jpeg;https:\/\/images.novelship.com\/product\/nike_sb_ps8__obsidian_squadrun_blue__fv8493-400_6_94558.jpeg;https:\/\/images.novelship.com\/product\/nike_sb_ps8__obsidian_squadrun_blue__fv8493-400_7_94558.jpeg\" \/>\n<meta name=\"twitter:label1\" content=\"Gesch\u00e4tzte Lesezeit\" \/>\n\t<meta name=\"twitter:data1\" content=\"1\u00a0Minute\" \/>\n<script type=\"application\/ld+json\" class=\"yoast-schema-graph\">{\"@context\":\"https:\/\/schema.org\",\"@graph\":[{\"@type\":\"WebPage\",\"@id\":\"\/\",\"url\":\"https:\/\/tourcruiser.com\/\",\"name\":\"Nike SB PS8 'Obsidian Squadrun Blue' - Tourcruiser PTE. LTD\",\"isPartOf\":{\"@id\":\"https:\/\/tourcruiser.com\/de\/#website\"},\"primaryImageOfPage\":{\"@id\":\"https:\/\/tourcruiser.com\/#primaryimage\"},\"image\":{\"@id\":\"https:\/\/tourcruiser.com\/#primaryimage\"},\"thumbnailUrl\":\"https:\/\/images.novelship.com\/product\/nike_sb_ps8__obsidian_squadrun_blue__fv8493-400_0_94558.jpeg;https:\/\/images.novelship.com\/product\/nike_sb_ps8__obsidian_squadrun_blue__fv8493-400_1_94558.jpeg;https:\/\/images.novelship.com\/product\/nike_sb_ps8__obsidian_squadrun_blue__fv8493-400_2_94558.jpeg;https:\/\/images.novelship.com\/product\/nike_sb_ps8__obsidian_squadrun_blue__fv8493-400_3_94558.jpeg;https:\/\/images.novelship.com\/product\/nike_sb_ps8__obsidian_squadrun_blue__fv8493-400_4_94558.jpeg;https:\/\/images.novelship.com\/product\/nike_sb_ps8__obsidian_squadrun_blue__fv8493-400_5_94558.jpeg;https:\/\/images.novelship.com\/product\/nike_sb_ps8__obsidian_squadrun_blue__fv8493-400_6_94558.jpeg;https:\/\/images.novelship.com\/product\/nike_sb_ps8__obsidian_squadrun_blue__fv8493-400_7_94558.jpeg\",\"datePublished\":\"2026-03-02T08:45:01+00:00\",\"dateModified\":\"2026-03-27T18:17:42+00:00\",\"breadcrumb\":{\"@id\":\"https:\/\/tourcruiser.com\/#breadcrumb\"},\"inLanguage\":\"de\",\"potentialAction\":[{\"@type\":\"ReadAction\",\"target\":[\"https:\/\/tourcruiser.com\/\"]}]},{\"@type\":\"ImageObject\",\"inLanguage\":\"de\",\"@id\":\"https:\/\/tourcruiser.com\/#primaryimage\",\"url\":\"https:\/\/images.novelship.com\/product\/nike_sb_ps8__obsidian_squadrun_blue__fv8493-400_0_94558.jpeg;https:\/\/images.novelship.com\/product\/nike_sb_ps8__obsidian_squadrun_blue__fv8493-400_1_94558.jpeg;https:\/\/images.novelship.com\/product\/nike_sb_ps8__obsidian_squadrun_blue__fv8493-400_2_94558.jpeg;https:\/\/images.novelship.com\/product\/nike_sb_ps8__obsidian_squadrun_blue__fv8493-400_3_94558.jpeg;https:\/\/images.novelship.com\/product\/nike_sb_ps8__obsidian_squadrun_blue__fv8493-400_4_94558.jpeg;https:\/\/images.novelship.com\/product\/nike_sb_ps8__obsidian_squadrun_blue__fv8493-400_5_94558.jpeg;https:\/\/images.novelship.com\/product\/nike_sb_ps8__obsidian_squadrun_blue__fv8493-400_6_94558.jpeg;https:\/\/images.novelship.com\/product\/nike_sb_ps8__obsidian_squadrun_blue__fv8493-400_7_94558.jpeg\",\"contentUrl\":\"https:\/\/images.novelship.com\/product\/nike_sb_ps8__obsidian_squadrun_blue__fv8493-400_0_94558.jpeg;https:\/\/images.novelship.com\/product\/nike_sb_ps8__obsidian_squadrun_blue__fv8493-400_1_94558.jpeg;https:\/\/images.novelship.com\/product\/nike_sb_ps8__obsidian_squadrun_blue__fv8493-400_2_94558.jpeg;https:\/\/images.novelship.com\/product\/nike_sb_ps8__obsidian_squadrun_blue__fv8493-400_3_94558.jpeg;https:\/\/images.novelship.com\/product\/nike_sb_ps8__obsidian_squadrun_blue__fv8493-400_4_94558.jpeg;https:\/\/images.novelship.com\/product\/nike_sb_ps8__obsidian_squadrun_blue__fv8493-400_5_94558.jpeg;https:\/\/images.novelship.com\/product\/nike_sb_ps8__obsidian_squadrun_blue__fv8493-400_6_94558.jpeg;https:\/\/images.novelship.com\/product\/nike_sb_ps8__obsidian_squadrun_blue__fv8493-400_7_94558.jpeg\"},{\"@type\":\"BreadcrumbList\",\"@id\":\"https:\/\/tourcruiser.com\/#breadcrumb\",\"itemListElement\":[{\"@type\":\"ListItem\",\"position\":1,\"name\":\"Home\",\"item\":\"https:\/\/tourcruiser.com\/de\/\"},{\"@type\":\"ListItem\",\"position\":2,\"name\":\"Shop\",\"item\":\"https:\/\/tourcruiser.com\/de\/shop\/\"},{\"@type\":\"ListItem\",\"position\":3,\"name\":\"Nike SB PS8 &#8218;Obsidian Squadrun Blue&#8216;\"}]},{\"@type\":\"WebSite\",\"@id\":\"https:\/\/tourcruiser.com\/de\/#website\",\"url\":\"https:\/\/tourcruiser.com\/de\/\",\"name\":\"Styloral Jewelry Shop\",\"description\":\"Tourcruiser Sneaker Store \u2014 der Ort, an dem das Universum deine Einzigartigkeit trifft.\",\"publisher\":{\"@id\":\"https:\/\/tourcruiser.com\/de\/#organization\"},\"potentialAction\":[{\"@type\":\"SearchAction\",\"target\":{\"@type\":\"EntryPoint\",\"urlTemplate\":\"https:\/\/tourcruiser.com\/de\/?s={search_term_string}\"},\"query-input\":{\"@type\":\"PropertyValueSpecification\",\"valueRequired\":true,\"valueName\":\"search_term_string\"}}],\"inLanguage\":\"de\"},{\"@type\":\"Organization\",\"@id\":\"https:\/\/tourcruiser.com\/de\/#organization\",\"name\":\"STYLORAL PTE. LTD\",\"url\":\"https:\/\/tourcruiser.com\/de\/\",\"logo\":{\"@type\":\"ImageObject\",\"inLanguage\":\"de\",\"@id\":\"https:\/\/tourcruiser.com\/de\/#\/schema\/logo\/image\/\",\"url\":\"https:\/\/www.tourcruiser.com\/wp-content\/uploads\/2025\/12\/logo.png\",\"contentUrl\":\"https:\/\/www.tourcruiser.com\/wp-content\/uploads\/2025\/12\/logo.png\",\"width\":200,\"height\":65,\"caption\":\"STYLORAL PTE. LTD\"},\"image\":{\"@id\":\"https:\/\/tourcruiser.com\/de\/#\/schema\/logo\/image\/\"}}]}<\/script>\n<!-- \/ Yoast SEO plugin. -->","yoast_head_json":{"title":"Nike SB PS8 'Obsidian Squadrun Blue'  - Tourcruiser PTE. LTD","robots":{"index":"index","follow":"follow","max-snippet":"max-snippet:-1","max-image-preview":"max-image-preview:large","max-video-preview":"max-video-preview:-1"},"canonical":"https:\/\/tourcruiser.com\/","og_locale":"de_DE","og_type":"article","og_title":"Nike SB PS8 'Obsidian Squadrun Blue'  - Tourcruiser PTE. LTD","og_description":"Nike SB PS8 \u201d\u201d Obsidian\/Squadron Blue\/Phantom","og_url":"\/","og_site_name":"Tourcruiser Sneaker Store","article_modified_time":"2026-03-27T18:17:42+00:00","twitter_card":"summary_large_image","twitter_image":"https:\/\/images.novelship.com\/product\/nike_sb_ps8__obsidian_squadrun_blue__fv8493-400_0_94558.jpeg;https:\/\/images.novelship.com\/product\/nike_sb_ps8__obsidian_squadrun_blue__fv8493-400_1_94558.jpeg;https:\/\/images.novelship.com\/product\/nike_sb_ps8__obsidian_squadrun_blue__fv8493-400_2_94558.jpeg;https:\/\/images.novelship.com\/product\/nike_sb_ps8__obsidian_squadrun_blue__fv8493-400_3_94558.jpeg;https:\/\/images.novelship.com\/product\/nike_sb_ps8__obsidian_squadrun_blue__fv8493-400_4_94558.jpeg;https:\/\/images.novelship.com\/product\/nike_sb_ps8__obsidian_squadrun_blue__fv8493-400_5_94558.jpeg;https:\/\/images.novelship.com\/product\/nike_sb_ps8__obsidian_squadrun_blue__fv8493-400_6_94558.jpeg;https:\/\/images.novelship.com\/product\/nike_sb_ps8__obsidian_squadrun_blue__fv8493-400_7_94558.jpeg","twitter_misc":{"Gesch\u00e4tzte Lesezeit":"1\u00a0Minute"},"schema":{"@context":"https:\/\/schema.org","@graph":[{"@type":"WebPage","@id":"\/","url":"https:\/\/tourcruiser.com\/","name":"Nike SB PS8 'Obsidian Squadrun Blue' - Tourcruiser PTE. LTD","isPartOf":{"@id":"https:\/\/tourcruiser.com\/de\/#website"},"primaryImageOfPage":{"@id":"https:\/\/tourcruiser.com\/#primaryimage"},"image":{"@id":"https:\/\/tourcruiser.com\/#primaryimage"},"thumbnailUrl":"https:\/\/images.novelship.com\/product\/nike_sb_ps8__obsidian_squadrun_blue__fv8493-400_0_94558.jpeg;https:\/\/images.novelship.com\/product\/nike_sb_ps8__obsidian_squadrun_blue__fv8493-400_1_94558.jpeg;https:\/\/images.novelship.com\/product\/nike_sb_ps8__obsidian_squadrun_blue__fv8493-400_2_94558.jpeg;https:\/\/images.novelship.com\/product\/nike_sb_ps8__obsidian_squadrun_blue__fv8493-400_3_94558.jpeg;https:\/\/images.novelship.com\/product\/nike_sb_ps8__obsidian_squadrun_blue__fv8493-400_4_94558.jpeg;https:\/\/images.novelship.com\/product\/nike_sb_ps8__obsidian_squadrun_blue__fv8493-400_5_94558.jpeg;https:\/\/images.novelship.com\/product\/nike_sb_ps8__obsidian_squadrun_blue__fv8493-400_6_94558.jpeg;https:\/\/images.novelship.com\/product\/nike_sb_ps8__obsidian_squadrun_blue__fv8493-400_7_94558.jpeg","datePublished":"2026-03-02T08:45:01+00:00","dateModified":"2026-03-27T18:17:42+00:00","breadcrumb":{"@id":"https:\/\/tourcruiser.com\/#breadcrumb"},"inLanguage":"de","potentialAction":[{"@type":"ReadAction","target":["https:\/\/tourcruiser.com\/"]}]},{"@type":"ImageObject","inLanguage":"de","@id":"https:\/\/tourcruiser.com\/#primaryimage","url":"https:\/\/images.novelship.com\/product\/nike_sb_ps8__obsidian_squadrun_blue__fv8493-400_0_94558.jpeg;https:\/\/images.novelship.com\/product\/nike_sb_ps8__obsidian_squadrun_blue__fv8493-400_1_94558.jpeg;https:\/\/images.novelship.com\/product\/nike_sb_ps8__obsidian_squadrun_blue__fv8493-400_2_94558.jpeg;https:\/\/images.novelship.com\/product\/nike_sb_ps8__obsidian_squadrun_blue__fv8493-400_3_94558.jpeg;https:\/\/images.novelship.com\/product\/nike_sb_ps8__obsidian_squadrun_blue__fv8493-400_4_94558.jpeg;https:\/\/images.novelship.com\/product\/nike_sb_ps8__obsidian_squadrun_blue__fv8493-400_5_94558.jpeg;https:\/\/images.novelship.com\/product\/nike_sb_ps8__obsidian_squadrun_blue__fv8493-400_6_94558.jpeg;https:\/\/images.novelship.com\/product\/nike_sb_ps8__obsidian_squadrun_blue__fv8493-400_7_94558.jpeg","contentUrl":"https:\/\/images.novelship.com\/product\/nike_sb_ps8__obsidian_squadrun_blue__fv8493-400_0_94558.jpeg;https:\/\/images.novelship.com\/product\/nike_sb_ps8__obsidian_squadrun_blue__fv8493-400_1_94558.jpeg;https:\/\/images.novelship.com\/product\/nike_sb_ps8__obsidian_squadrun_blue__fv8493-400_2_94558.jpeg;https:\/\/images.novelship.com\/product\/nike_sb_ps8__obsidian_squadrun_blue__fv8493-400_3_94558.jpeg;https:\/\/images.novelship.com\/product\/nike_sb_ps8__obsidian_squadrun_blue__fv8493-400_4_94558.jpeg;https:\/\/images.novelship.com\/product\/nike_sb_ps8__obsidian_squadrun_blue__fv8493-400_5_94558.jpeg;https:\/\/images.novelship.com\/product\/nike_sb_ps8__obsidian_squadrun_blue__fv8493-400_6_94558.jpeg;https:\/\/images.novelship.com\/product\/nike_sb_ps8__obsidian_squadrun_blue__fv8493-400_7_94558.jpeg"},{"@type":"BreadcrumbList","@id":"https:\/\/tourcruiser.com\/#breadcrumb","itemListElement":[{"@type":"ListItem","position":1,"name":"Home","item":"https:\/\/tourcruiser.com\/de\/"},{"@type":"ListItem","position":2,"name":"Shop","item":"https:\/\/tourcruiser.com\/de\/shop\/"},{"@type":"ListItem","position":3,"name":"Nike SB PS8 &#8218;Obsidian Squadrun Blue&#8216;"}]},{"@type":"WebSite","@id":"https:\/\/tourcruiser.com\/de\/#website","url":"https:\/\/tourcruiser.com\/de\/","name":"Styloral Jewelry Shop","description":"Tourcruiser Sneaker Store \u2014 der Ort, an dem das Universum deine Einzigartigkeit trifft.","publisher":{"@id":"https:\/\/tourcruiser.com\/de\/#organization"},"potentialAction":[{"@type":"SearchAction","target":{"@type":"EntryPoint","urlTemplate":"https:\/\/tourcruiser.com\/de\/?s={search_term_string}"},"query-input":{"@type":"PropertyValueSpecification","valueRequired":true,"valueName":"search_term_string"}}],"inLanguage":"de"},{"@type":"Organization","@id":"https:\/\/tourcruiser.com\/de\/#organization","name":"STYLORAL PTE. LTD","url":"https:\/\/tourcruiser.com\/de\/","logo":{"@type":"ImageObject","inLanguage":"de","@id":"https:\/\/tourcruiser.com\/de\/#\/schema\/logo\/image\/","url":"https:\/\/www.tourcruiser.com\/wp-content\/uploads\/2025\/12\/logo.png","contentUrl":"https:\/\/www.tourcruiser.com\/wp-content\/uploads\/2025\/12\/logo.png","width":200,"height":65,"caption":"STYLORAL PTE. LTD"},"image":{"@id":"https:\/\/tourcruiser.com\/de\/#\/schema\/logo\/image\/"}}]}},"_links":{"self":[{"href":"https:\/\/tourcruiser.com\/de\/wp-json\/wp\/v2\/product\/146307","targetHints":{"allow":["GET"]}}],"collection":[{"href":"https:\/\/tourcruiser.com\/de\/wp-json\/wp\/v2\/product"}],"about":[{"href":"https:\/\/tourcruiser.com\/de\/wp-json\/wp\/v2\/types\/product"}],"replies":[{"embeddable":true,"href":"https:\/\/tourcruiser.com\/de\/wp-json\/wp\/v2\/comments?post=146307"}],"wp:featuredmedia":[{"embeddable":true,"href":"https:\/\/tourcruiser.com\/de\/wp-json\/wp\/v2\/media\/146308"}],"wp:attachment":[{"href":"https:\/\/tourcruiser.com\/de\/wp-json\/wp\/v2\/media?parent=146307"}],"wp:term":[{"taxonomy":"product_brand","embeddable":true,"href":"https:\/\/tourcruiser.com\/de\/wp-json\/wp\/v2\/product_brand?post=146307"},{"taxonomy":"product_cat","embeddable":true,"href":"https:\/\/tourcruiser.com\/de\/wp-json\/wp\/v2\/product_cat?post=146307"},{"taxonomy":"product_tag","embeddable":true,"href":"https:\/\/tourcruiser.com\/de\/wp-json\/wp\/v2\/product_tag?post=146307"}],"curies":[{"name":"wp","href":"https:\/\/api.w.org\/{rel}","templated":true}]}}