{"id":146266,"date":"2026-03-02T15:44:57","date_gmt":"2026-03-02T08:44:57","guid":{"rendered":"http:\/\/tourcruiser.com\/product\/adidas-modern-classic-80-spikeless-silver-metallic"},"modified":"2026-03-28T01:17:40","modified_gmt":"2026-03-27T18:17:40","slug":"adidas-modern-classic-80-spikeless-silver-metallic","status":"publish","type":"product","link":"https:\/\/tourcruiser.com\/de\/products\/adidas-modern-classic-80-spikeless-silver-metallic\/","title":{"rendered":"adidas Modern Classic 80 Spikeless &#8218;Silver Metallic&#8216;"},"content":{"rendered":"<p>Verbessere dein Golfspiel mit dem adidas Modern Classic 80 Spikeless &#8218;Silver Metallic&#8216; IE3526 \u201d\u201c die perfekte Kombination aus zeitlosem Stil und modernster Performance. Diese spikelosen Golfschuhe wurden f\u00fcr Pr\u00e4zision auf dem Golfplatz und vielseitige Einsatzm\u00f6glichkeiten abseits davon entwickelt und bestechen durch ein elegantes silbermetallic Finish, das deiner Schuhkollektion einen Hauch von Raffinesse verleiht. Das hochwertige Leder-Obermaterial sorgt f\u00fcr Langlebigkeit und ein luxuri\u00f6ses Tragegef\u00fchl, w\u00e4hrend die leichte D\u00e4mpfung ganzt\u00e4gigen Komfort garantiert.<\/p>\n<p>Dank der fachm\u00e4nnisch gefertigten spikelosen Au\u00dfensohle bieten diese Schuhe au\u00dfergew\u00f6hnlichen Grip auf unterschiedlichem Terrain, ohne dabei Flexibilit\u00e4t und Bewegungsfreiheit einzuschr\u00e4nken. Das vielseitige Design erm\u00f6glicht dir einen nahtlosen \u00dcbergang vom Golfplatz in die Freizeit, ohne dass du die Schuhe wechseln musst. Mit Fokus auf Nachhaltigkeit verwendet dieses Modell umweltbewusste Materialien und unterstreicht damit das Engagement von adidas f\u00fcr die Reduzierung der Umweltbelastung.<\/p>\n<p>Egal ob erfahrener Golfer oder Wochenendgolfer \u201d\u201c der adidas Modern Classic 80 Spikeless \u201eSilver Metallic\u201c IE3526 vereint Eleganz, Funktionalit\u00e4t und robuste Performance und ist damit die perfekte Erg\u00e4nzung f\u00fcr Ihr Golferlebnis. Mit Schuhen, die erstklassiges Design und praktische Eigenschaften optimal vereinen, z\u00e4hlt jeder Schritt.<\/p>\n<ul>\n<li><strong>Farbgebung:<\/strong> Cloud White\/Silver Metallic\/Collegiate Green<\/li>\n<li><strong>Artikelnummer:<\/strong> IE3526<\/li>\n<li><strong>Obermaterial:<\/strong> Leder<\/li>\n<li><strong>Zwischensohle:<\/strong> Lightstrike<\/li>\n<li><strong>Farbe:<\/strong> Wei\u00df<\/li>\n<\/ul>\n","protected":false},"excerpt":{"rendered":"<p>adidas Modern Classic 80 Spikeless \u201d\u201d Cloud White\/Silver Metallic\/Collegiate Green<\/p>\n","protected":false},"featured_media":146267,"comment_status":"open","ping_status":"closed","template":"","meta":[],"product_brand":[],"product_cat":[10760],"product_tag":[10759,10751,11894,10754,30006,11895,10785,10758],"class_list":{"0":"post-146266","1":"product","2":"type-product","3":"status-publish","4":"has-post-thumbnail","6":"product_cat-adidas","7":"product_tag-adidas","8":"product_tag-best-seller","9":"product_tag-casual-golf-shoes","10":"product_tag-lifestyle-casual-shoes","11":"product_tag-lifestyle-shoes-golf-inspired","12":"product_tag-spikeless-golf-shoes","13":"product_tag-trending-deals","14":"product_tag-under-retail","15":"wcpa_has_options","17":"first","18":"outofstock","19":"taxable","20":"shipping-taxable","21":"purchasable","22":"product-type-simple"},"wcpa_form_fields":{"rules":{"pric_overide_base_price":false,"pric_overide_base_price_if_gt_zero":false,"pric_overide_base_price_fully":false,"pric_cal_option_once":false,"pric_use_as_fee":false,"bind_quantity":false,"quantity_bind_formula":false},"fields":[{"type":"color-group","required":true,"elementId":"wcpa-color-group-66c4a7f817afe","label":"Gr\u00f6\u00dfe","inline":true,"priceOptions":"different_for_all","pricingType":"fixed","className":"hassizechart product-shoes-size-eu product-shoes-size","name":"color-group-66c4a7f817b18","disp_type":"square","selection_type":"tick-border","disp_size":"50","show_label_inside":true,"adjust_width":true,"cart_display_type":"text","other_text":"Other","cl_rule":"show","col":6,"values":[{"label":"35","value":"EU 35","price":"","pimage":"","pimage_id":"","pthumb":"","color":""},{"label":"35.5","value":"EU 35.5","price":"","pimage":"","pimage_id":"","pthumb":"","color":""},{"label":"36","value":"EU 36","price":"","pimage":"","pimage_id":"","pthumb":"","color":"","selected":true},{"label":"36 2\/3","value":"EU 36 2\/3","price":"","pimage":"","pimage_id":"","pthumb":"","color":""},{"label":"37 1\/3","value":"EU 37 1\/3","price":"","pimage":"","pimage_id":"","pthumb":"","color":""},{"label":"38","value":"EU 38","price":"","pimage":"","pimage_id":"","pthumb":"","color":""},{"label":"38 2\/3","value":"EU 38 2\/3","price":"","pimage":"","pimage_id":"","pthumb":"","color":""},{"label":"39 1\/3","value":"EU 39 1\/3","price":"","pimage":"","pimage_id":"","pthumb":"","color":""},{"label":"40","value":"EU 40","price":"","pimage":"","pimage_id":"","pthumb":"","color":""},{"label":"40 2\/3","value":"EU 40 2\/3","price":"","pimage":"","pimage_id":"","pthumb":"","color":""},{"label":"41 1\/3","value":"EU 41 1\/3","price":"","pimage":"","pimage_id":"","pthumb":"","color":""},{"label":"42","value":"EU 42","price":"","pimage":"","pimage_id":"","pthumb":"","color":""},{"label":"42 2\/3","value":"EU 42 2\/3","price":"","pimage":"","pimage_id":"","pthumb":"","color":""},{"label":"43 1\/3","value":"EU 43 1\/3","price":"","pimage":"","pimage_id":"","pthumb":"","color":""},{"label":"44","value":"EU 44","price":"","pimage":"","pimage_id":"","pthumb":"","color":""},{"label":"44 2\/3","value":"EU 44 2\/3","price":"","pimage":"","pimage_id":"","pthumb":"","color":""},{"label":"45 1\/3","value":"EU 45 1\/3","price":"","pimage":"","pimage_id":"","pthumb":"","color":""},{"label":"46","value":"EU 46","price":"","pimage":"","pimage_id":"","pthumb":"","color":""},{"label":"46 2\/3","value":"EU 46 2\/3","price":"","pimage":"","pimage_id":"","pthumb":"","color":""},{"label":"47 1\/3","value":"EU 47 1\/3","price":"","pimage":"","pimage_id":"","pthumb":"","color":""}],"relations":[{"operator":false,"rules":[]}],"form_id":24802,"form_rules":{"pric_cal_option_once":false,"exclude_from_discount":false,"pric_use_as_fee":false,"fee_label":"Fee","render_after_acb":false,"disp_hide_options_price":false}}]},"yoast_head":"<!-- This site is optimized with the Yoast SEO plugin v26.5 - https:\/\/yoast.com\/wordpress\/plugins\/seo\/ -->\n<title>adidas Modern Classic 80 Spikeless &#039;Silver Metallic&#039;  - Tourcruiser PTE. LTD<\/title>\n<meta name=\"robots\" content=\"index, follow, max-snippet:-1, max-image-preview:large, max-video-preview:-1\" \/>\n<link rel=\"canonical\" href=\"https:\/\/tourcruiser.com\/\" \/>\n<meta property=\"og:locale\" content=\"de_DE\" \/>\n<meta property=\"og:type\" content=\"article\" \/>\n<meta property=\"og:title\" content=\"adidas Modern Classic 80 Spikeless &#039;Silver Metallic&#039;  - Tourcruiser PTE. LTD\" \/>\n<meta property=\"og:description\" content=\"adidas Modern Classic 80 Spikeless \u201d\u201d Cloud White\/Silver Metallic\/Collegiate Green\" \/>\n<meta property=\"og:url\" content=\"\/\" \/>\n<meta property=\"og:site_name\" content=\"Tourcruiser Sneaker Store\" \/>\n<meta property=\"article:modified_time\" content=\"2026-03-27T18:17:40+00:00\" \/>\n<meta name=\"twitter:card\" content=\"summary_large_image\" \/>\n<meta name=\"twitter:image\" content=\"https:\/\/images.novelship.com\/product\/adidas_modern_classic_80_spikeless__silver_metalli_0_79954.jpeg;https:\/\/images.novelship.com\/product\/adidas_modern_classic_80_spikeless__silver_metalli_1_79954.jpeg;https:\/\/images.novelship.com\/product\/adidas_modern_classic_80_spikeless__silver_metalli_2_79954.jpeg;https:\/\/images.novelship.com\/product\/adidas_modern_classic_80_spikeless__silver_metalli_3_79954.jpeg;https:\/\/images.novelship.com\/product\/adidas_modern_classic_80_spikeless__silver_metalli_4_79954.jpeg;https:\/\/images.novelship.com\/product\/adidas_modern_classic_80_spikeless__silver_metalli_5_79954.jpeg;https:\/\/images.novelship.com\/product\/adidas_modern_classic_80_spikeless__silver_metalli_6_79954.jpeg;https:\/\/images.novelship.com\/product\/adidas_modern_classic_80_spikeless__silver_metalli_7_79954.jpeg\" \/>\n<meta name=\"twitter:label1\" content=\"Gesch\u00e4tzte Lesezeit\" \/>\n\t<meta name=\"twitter:data1\" content=\"1\u00a0Minute\" \/>\n<script type=\"application\/ld+json\" class=\"yoast-schema-graph\">{\"@context\":\"https:\/\/schema.org\",\"@graph\":[{\"@type\":\"WebPage\",\"@id\":\"\/\",\"url\":\"https:\/\/tourcruiser.com\/\",\"name\":\"adidas Modern Classic 80 Spikeless 'Silver Metallic' - Tourcruiser PTE. LTD\",\"isPartOf\":{\"@id\":\"https:\/\/tourcruiser.com\/de\/#website\"},\"primaryImageOfPage\":{\"@id\":\"https:\/\/tourcruiser.com\/#primaryimage\"},\"image\":{\"@id\":\"https:\/\/tourcruiser.com\/#primaryimage\"},\"thumbnailUrl\":\"https:\/\/images.novelship.com\/product\/adidas_modern_classic_80_spikeless__silver_metalli_0_79954.jpeg;https:\/\/images.novelship.com\/product\/adidas_modern_classic_80_spikeless__silver_metalli_1_79954.jpeg;https:\/\/images.novelship.com\/product\/adidas_modern_classic_80_spikeless__silver_metalli_2_79954.jpeg;https:\/\/images.novelship.com\/product\/adidas_modern_classic_80_spikeless__silver_metalli_3_79954.jpeg;https:\/\/images.novelship.com\/product\/adidas_modern_classic_80_spikeless__silver_metalli_4_79954.jpeg;https:\/\/images.novelship.com\/product\/adidas_modern_classic_80_spikeless__silver_metalli_5_79954.jpeg;https:\/\/images.novelship.com\/product\/adidas_modern_classic_80_spikeless__silver_metalli_6_79954.jpeg;https:\/\/images.novelship.com\/product\/adidas_modern_classic_80_spikeless__silver_metalli_7_79954.jpeg\",\"datePublished\":\"2026-03-02T08:44:57+00:00\",\"dateModified\":\"2026-03-27T18:17:40+00:00\",\"breadcrumb\":{\"@id\":\"https:\/\/tourcruiser.com\/#breadcrumb\"},\"inLanguage\":\"de\",\"potentialAction\":[{\"@type\":\"ReadAction\",\"target\":[\"https:\/\/tourcruiser.com\/\"]}]},{\"@type\":\"ImageObject\",\"inLanguage\":\"de\",\"@id\":\"https:\/\/tourcruiser.com\/#primaryimage\",\"url\":\"https:\/\/images.novelship.com\/product\/adidas_modern_classic_80_spikeless__silver_metalli_0_79954.jpeg;https:\/\/images.novelship.com\/product\/adidas_modern_classic_80_spikeless__silver_metalli_1_79954.jpeg;https:\/\/images.novelship.com\/product\/adidas_modern_classic_80_spikeless__silver_metalli_2_79954.jpeg;https:\/\/images.novelship.com\/product\/adidas_modern_classic_80_spikeless__silver_metalli_3_79954.jpeg;https:\/\/images.novelship.com\/product\/adidas_modern_classic_80_spikeless__silver_metalli_4_79954.jpeg;https:\/\/images.novelship.com\/product\/adidas_modern_classic_80_spikeless__silver_metalli_5_79954.jpeg;https:\/\/images.novelship.com\/product\/adidas_modern_classic_80_spikeless__silver_metalli_6_79954.jpeg;https:\/\/images.novelship.com\/product\/adidas_modern_classic_80_spikeless__silver_metalli_7_79954.jpeg\",\"contentUrl\":\"https:\/\/images.novelship.com\/product\/adidas_modern_classic_80_spikeless__silver_metalli_0_79954.jpeg;https:\/\/images.novelship.com\/product\/adidas_modern_classic_80_spikeless__silver_metalli_1_79954.jpeg;https:\/\/images.novelship.com\/product\/adidas_modern_classic_80_spikeless__silver_metalli_2_79954.jpeg;https:\/\/images.novelship.com\/product\/adidas_modern_classic_80_spikeless__silver_metalli_3_79954.jpeg;https:\/\/images.novelship.com\/product\/adidas_modern_classic_80_spikeless__silver_metalli_4_79954.jpeg;https:\/\/images.novelship.com\/product\/adidas_modern_classic_80_spikeless__silver_metalli_5_79954.jpeg;https:\/\/images.novelship.com\/product\/adidas_modern_classic_80_spikeless__silver_metalli_6_79954.jpeg;https:\/\/images.novelship.com\/product\/adidas_modern_classic_80_spikeless__silver_metalli_7_79954.jpeg\"},{\"@type\":\"BreadcrumbList\",\"@id\":\"https:\/\/tourcruiser.com\/#breadcrumb\",\"itemListElement\":[{\"@type\":\"ListItem\",\"position\":1,\"name\":\"Home\",\"item\":\"https:\/\/tourcruiser.com\/de\/\"},{\"@type\":\"ListItem\",\"position\":2,\"name\":\"Shop\",\"item\":\"https:\/\/tourcruiser.com\/de\/shop\/\"},{\"@type\":\"ListItem\",\"position\":3,\"name\":\"adidas Modern Classic 80 Spikeless &#8218;Silver Metallic&#8216;\"}]},{\"@type\":\"WebSite\",\"@id\":\"https:\/\/tourcruiser.com\/de\/#website\",\"url\":\"https:\/\/tourcruiser.com\/de\/\",\"name\":\"Styloral Jewelry Shop\",\"description\":\"Tourcruiser Sneaker Store \u2014 der Ort, an dem das Universum deine Einzigartigkeit trifft.\",\"publisher\":{\"@id\":\"https:\/\/tourcruiser.com\/de\/#organization\"},\"potentialAction\":[{\"@type\":\"SearchAction\",\"target\":{\"@type\":\"EntryPoint\",\"urlTemplate\":\"https:\/\/tourcruiser.com\/de\/?s={search_term_string}\"},\"query-input\":{\"@type\":\"PropertyValueSpecification\",\"valueRequired\":true,\"valueName\":\"search_term_string\"}}],\"inLanguage\":\"de\"},{\"@type\":\"Organization\",\"@id\":\"https:\/\/tourcruiser.com\/de\/#organization\",\"name\":\"STYLORAL PTE. LTD\",\"url\":\"https:\/\/tourcruiser.com\/de\/\",\"logo\":{\"@type\":\"ImageObject\",\"inLanguage\":\"de\",\"@id\":\"https:\/\/tourcruiser.com\/de\/#\/schema\/logo\/image\/\",\"url\":\"https:\/\/www.tourcruiser.com\/wp-content\/uploads\/2025\/12\/logo.png\",\"contentUrl\":\"https:\/\/www.tourcruiser.com\/wp-content\/uploads\/2025\/12\/logo.png\",\"width\":200,\"height\":65,\"caption\":\"STYLORAL PTE. LTD\"},\"image\":{\"@id\":\"https:\/\/tourcruiser.com\/de\/#\/schema\/logo\/image\/\"}}]}<\/script>\n<!-- \/ Yoast SEO plugin. -->","yoast_head_json":{"title":"adidas Modern Classic 80 Spikeless 'Silver Metallic'  - Tourcruiser PTE. LTD","robots":{"index":"index","follow":"follow","max-snippet":"max-snippet:-1","max-image-preview":"max-image-preview:large","max-video-preview":"max-video-preview:-1"},"canonical":"https:\/\/tourcruiser.com\/","og_locale":"de_DE","og_type":"article","og_title":"adidas Modern Classic 80 Spikeless 'Silver Metallic'  - Tourcruiser PTE. LTD","og_description":"adidas Modern Classic 80 Spikeless \u201d\u201d Cloud White\/Silver Metallic\/Collegiate Green","og_url":"\/","og_site_name":"Tourcruiser Sneaker Store","article_modified_time":"2026-03-27T18:17:40+00:00","twitter_card":"summary_large_image","twitter_image":"https:\/\/images.novelship.com\/product\/adidas_modern_classic_80_spikeless__silver_metalli_0_79954.jpeg;https:\/\/images.novelship.com\/product\/adidas_modern_classic_80_spikeless__silver_metalli_1_79954.jpeg;https:\/\/images.novelship.com\/product\/adidas_modern_classic_80_spikeless__silver_metalli_2_79954.jpeg;https:\/\/images.novelship.com\/product\/adidas_modern_classic_80_spikeless__silver_metalli_3_79954.jpeg;https:\/\/images.novelship.com\/product\/adidas_modern_classic_80_spikeless__silver_metalli_4_79954.jpeg;https:\/\/images.novelship.com\/product\/adidas_modern_classic_80_spikeless__silver_metalli_5_79954.jpeg;https:\/\/images.novelship.com\/product\/adidas_modern_classic_80_spikeless__silver_metalli_6_79954.jpeg;https:\/\/images.novelship.com\/product\/adidas_modern_classic_80_spikeless__silver_metalli_7_79954.jpeg","twitter_misc":{"Gesch\u00e4tzte Lesezeit":"1\u00a0Minute"},"schema":{"@context":"https:\/\/schema.org","@graph":[{"@type":"WebPage","@id":"\/","url":"https:\/\/tourcruiser.com\/","name":"adidas Modern Classic 80 Spikeless 'Silver Metallic' - Tourcruiser PTE. LTD","isPartOf":{"@id":"https:\/\/tourcruiser.com\/de\/#website"},"primaryImageOfPage":{"@id":"https:\/\/tourcruiser.com\/#primaryimage"},"image":{"@id":"https:\/\/tourcruiser.com\/#primaryimage"},"thumbnailUrl":"https:\/\/images.novelship.com\/product\/adidas_modern_classic_80_spikeless__silver_metalli_0_79954.jpeg;https:\/\/images.novelship.com\/product\/adidas_modern_classic_80_spikeless__silver_metalli_1_79954.jpeg;https:\/\/images.novelship.com\/product\/adidas_modern_classic_80_spikeless__silver_metalli_2_79954.jpeg;https:\/\/images.novelship.com\/product\/adidas_modern_classic_80_spikeless__silver_metalli_3_79954.jpeg;https:\/\/images.novelship.com\/product\/adidas_modern_classic_80_spikeless__silver_metalli_4_79954.jpeg;https:\/\/images.novelship.com\/product\/adidas_modern_classic_80_spikeless__silver_metalli_5_79954.jpeg;https:\/\/images.novelship.com\/product\/adidas_modern_classic_80_spikeless__silver_metalli_6_79954.jpeg;https:\/\/images.novelship.com\/product\/adidas_modern_classic_80_spikeless__silver_metalli_7_79954.jpeg","datePublished":"2026-03-02T08:44:57+00:00","dateModified":"2026-03-27T18:17:40+00:00","breadcrumb":{"@id":"https:\/\/tourcruiser.com\/#breadcrumb"},"inLanguage":"de","potentialAction":[{"@type":"ReadAction","target":["https:\/\/tourcruiser.com\/"]}]},{"@type":"ImageObject","inLanguage":"de","@id":"https:\/\/tourcruiser.com\/#primaryimage","url":"https:\/\/images.novelship.com\/product\/adidas_modern_classic_80_spikeless__silver_metalli_0_79954.jpeg;https:\/\/images.novelship.com\/product\/adidas_modern_classic_80_spikeless__silver_metalli_1_79954.jpeg;https:\/\/images.novelship.com\/product\/adidas_modern_classic_80_spikeless__silver_metalli_2_79954.jpeg;https:\/\/images.novelship.com\/product\/adidas_modern_classic_80_spikeless__silver_metalli_3_79954.jpeg;https:\/\/images.novelship.com\/product\/adidas_modern_classic_80_spikeless__silver_metalli_4_79954.jpeg;https:\/\/images.novelship.com\/product\/adidas_modern_classic_80_spikeless__silver_metalli_5_79954.jpeg;https:\/\/images.novelship.com\/product\/adidas_modern_classic_80_spikeless__silver_metalli_6_79954.jpeg;https:\/\/images.novelship.com\/product\/adidas_modern_classic_80_spikeless__silver_metalli_7_79954.jpeg","contentUrl":"https:\/\/images.novelship.com\/product\/adidas_modern_classic_80_spikeless__silver_metalli_0_79954.jpeg;https:\/\/images.novelship.com\/product\/adidas_modern_classic_80_spikeless__silver_metalli_1_79954.jpeg;https:\/\/images.novelship.com\/product\/adidas_modern_classic_80_spikeless__silver_metalli_2_79954.jpeg;https:\/\/images.novelship.com\/product\/adidas_modern_classic_80_spikeless__silver_metalli_3_79954.jpeg;https:\/\/images.novelship.com\/product\/adidas_modern_classic_80_spikeless__silver_metalli_4_79954.jpeg;https:\/\/images.novelship.com\/product\/adidas_modern_classic_80_spikeless__silver_metalli_5_79954.jpeg;https:\/\/images.novelship.com\/product\/adidas_modern_classic_80_spikeless__silver_metalli_6_79954.jpeg;https:\/\/images.novelship.com\/product\/adidas_modern_classic_80_spikeless__silver_metalli_7_79954.jpeg"},{"@type":"BreadcrumbList","@id":"https:\/\/tourcruiser.com\/#breadcrumb","itemListElement":[{"@type":"ListItem","position":1,"name":"Home","item":"https:\/\/tourcruiser.com\/de\/"},{"@type":"ListItem","position":2,"name":"Shop","item":"https:\/\/tourcruiser.com\/de\/shop\/"},{"@type":"ListItem","position":3,"name":"adidas Modern Classic 80 Spikeless &#8218;Silver Metallic&#8216;"}]},{"@type":"WebSite","@id":"https:\/\/tourcruiser.com\/de\/#website","url":"https:\/\/tourcruiser.com\/de\/","name":"Styloral Jewelry Shop","description":"Tourcruiser Sneaker Store \u2014 der Ort, an dem das Universum deine Einzigartigkeit trifft.","publisher":{"@id":"https:\/\/tourcruiser.com\/de\/#organization"},"potentialAction":[{"@type":"SearchAction","target":{"@type":"EntryPoint","urlTemplate":"https:\/\/tourcruiser.com\/de\/?s={search_term_string}"},"query-input":{"@type":"PropertyValueSpecification","valueRequired":true,"valueName":"search_term_string"}}],"inLanguage":"de"},{"@type":"Organization","@id":"https:\/\/tourcruiser.com\/de\/#organization","name":"STYLORAL PTE. LTD","url":"https:\/\/tourcruiser.com\/de\/","logo":{"@type":"ImageObject","inLanguage":"de","@id":"https:\/\/tourcruiser.com\/de\/#\/schema\/logo\/image\/","url":"https:\/\/www.tourcruiser.com\/wp-content\/uploads\/2025\/12\/logo.png","contentUrl":"https:\/\/www.tourcruiser.com\/wp-content\/uploads\/2025\/12\/logo.png","width":200,"height":65,"caption":"STYLORAL PTE. LTD"},"image":{"@id":"https:\/\/tourcruiser.com\/de\/#\/schema\/logo\/image\/"}}]}},"_links":{"self":[{"href":"https:\/\/tourcruiser.com\/de\/wp-json\/wp\/v2\/product\/146266","targetHints":{"allow":["GET"]}}],"collection":[{"href":"https:\/\/tourcruiser.com\/de\/wp-json\/wp\/v2\/product"}],"about":[{"href":"https:\/\/tourcruiser.com\/de\/wp-json\/wp\/v2\/types\/product"}],"replies":[{"embeddable":true,"href":"https:\/\/tourcruiser.com\/de\/wp-json\/wp\/v2\/comments?post=146266"}],"wp:featuredmedia":[{"embeddable":true,"href":"https:\/\/tourcruiser.com\/de\/wp-json\/wp\/v2\/media\/146267"}],"wp:attachment":[{"href":"https:\/\/tourcruiser.com\/de\/wp-json\/wp\/v2\/media?parent=146266"}],"wp:term":[{"taxonomy":"product_brand","embeddable":true,"href":"https:\/\/tourcruiser.com\/de\/wp-json\/wp\/v2\/product_brand?post=146266"},{"taxonomy":"product_cat","embeddable":true,"href":"https:\/\/tourcruiser.com\/de\/wp-json\/wp\/v2\/product_cat?post=146266"},{"taxonomy":"product_tag","embeddable":true,"href":"https:\/\/tourcruiser.com\/de\/wp-json\/wp\/v2\/product_tag?post=146266"}],"curies":[{"name":"wp","href":"https:\/\/api.w.org\/{rel}","templated":true}]}}