{"id":145965,"date":"2026-03-02T15:44:31","date_gmt":"2026-03-02T08:44:31","guid":{"rendered":"http:\/\/tourcruiser.com\/product\/asics-court-ff-3-novak-night-energy-tennis-shoes-blackprism-gold"},"modified":"2026-03-28T01:17:29","modified_gmt":"2026-03-27T18:17:29","slug":"asics-court-ff-3-novak-night-energy-tennis-shoes-blackprism-gold","status":"publish","type":"product","link":"https:\/\/tourcruiser.com\/de\/products\/asics-court-ff-3-novak-night-energy-tennis-shoes-blackprism-gold\/","title":{"rendered":"ASICS COURT FF 3 NOVAK Night Energy Tennis Shoes Black\/Prism Gold"},"content":{"rendered":"<p>Dominiere den Court mit den ASICS COURT FF 3 NOVAK Night Energy Tennisschuhen in Schwarz\/Prism Gold. Diese Schuhe wurden f\u00fcr H\u00f6chstleistungen entwickelt und bieten unvergleichliche Stabilit\u00e4t, Komfort und Agilit\u00e4t \u201d\u201c perfekt f\u00fcr die Anforderungen des Spitzensports. Das charakteristische Design mit fortschrittlicher GEL\u00e2\u201e\u00a2-Technologie sorgt f\u00fcr hervorragende D\u00e4mpfung, w\u00e4hrend die TWISTRUSS\u00e2\u201e\u00a2-Unterst\u00fctzung schnelle, dynamische Bewegungen erm\u00f6glicht. Verbessere dein Spiel mit den von Novak Djokovic gew\u00e4hlten Schuhen, die auf jedem Belag optimale Traktion bieten. W\u00e4hle Exzellenz und Style mit ASICS, deinem ultimativen Partner f\u00fcr den Sieg.<\/p>\n<ul>\n<li><strong>Farbgebung:<\/strong> Schwarz\/Prism Gold<\/li>\n<li><strong>Style-Code:<\/strong> 1041A527-960<\/li>\n<li><strong>Obermaterial:<\/strong> Mesh<\/li>\n<li><strong>Zwischensohle:<\/strong> FlyteFoam<\/li>\n<li><strong>Farbe:<\/strong> Schwarz<\/li>\n<\/ul>\n","protected":false},"excerpt":{"rendered":"<p>ASICS Court FF 3 Novak \u201d\u201d Black\/Prism Gold<\/p>\n","protected":false},"featured_media":145966,"comment_status":"open","ping_status":"closed","template":"","meta":[],"product_brand":[],"product_cat":[10792],"product_tag":[10791,10802,11082],"class_list":{"0":"post-145965","1":"product","2":"type-product","3":"status-publish","4":"has-post-thumbnail","6":"product_cat-asics","7":"product_tag-asics","8":"product_tag-performance-sport-shoes","9":"product_tag-tennis-shoes","10":"wcpa_has_options","12":"first","13":"outofstock","14":"taxable","15":"shipping-taxable","16":"purchasable","17":"product-type-simple"},"wcpa_form_fields":{"rules":{"pric_overide_base_price":false,"pric_overide_base_price_if_gt_zero":false,"pric_overide_base_price_fully":false,"pric_cal_option_once":false,"pric_use_as_fee":false,"bind_quantity":false,"quantity_bind_formula":false},"fields":[{"type":"color-group","required":true,"elementId":"wcpa-color-group-69a5ab08ee12d","label":"Gr\u00f6\u00dfe","inline":true,"priceOptions":"different_for_all","pricingType":"fixed","className":"hassizechart product-shoes-size-eu product-shoes-size","name":"color-group-69a5ab08ee136","disp_type":"square","selection_type":"tick-border","disp_size":"50","show_label_inside":true,"adjust_width":true,"cart_display_type":"text","other_text":"Other","cl_rule":"show","col":6,"values":[{"label":"36","value":"EU 36","price":"","pimage":"","pimage_id":"","pthumb":"","color":"","selected":true},{"label":"37","value":"EU 37","price":"","pimage":"","pimage_id":"","pthumb":"","color":""},{"label":"37.5","value":"EU 37.5","price":"","pimage":"","pimage_id":"","pthumb":"","color":""},{"label":"38","value":"EU 38","price":"","pimage":"","pimage_id":"","pthumb":"","color":""},{"label":"38.5","value":"EU 38.5","price":"","pimage":"","pimage_id":"","pthumb":"","color":""},{"label":"39","value":"EU 39","price":"","pimage":"","pimage_id":"","pthumb":"","color":""},{"label":"39.5","value":"EU 39.5","price":"","pimage":"","pimage_id":"","pthumb":"","color":""},{"label":"40","value":"EU 40","price":"","pimage":"","pimage_id":"","pthumb":"","color":""},{"label":"40.5","value":"EU 40.5","price":"","pimage":"","pimage_id":"","pthumb":"","color":""},{"label":" 41.5","value":"EU 41.5","price":"","pimage":"","pimage_id":"","pthumb":"","color":""},{"label":"42","value":"EU 42","price":"","pimage":"","pimage_id":"","pthumb":"","color":""},{"label":"42.5","value":"EU 42.5","price":"","pimage":"","pimage_id":"","pthumb":"","color":""},{"label":"43.5","value":"EU 43.5","price":"","pimage":"","pimage_id":"","pthumb":"","color":""},{"label":"44","value":"EU 44","price":"","pimage":"","pimage_id":"","pthumb":"","color":""},{"label":"44.5","value":"EU 44.5","price":"","pimage":"","pimage_id":"","pthumb":"","color":""},{"label":"45","value":"EU 45","price":"","pimage":"","pimage_id":"","pthumb":"","color":""}],"relations":[{"operator":false,"rules":[]}],"form_id":184311,"form_rules":{"pric_cal_option_once":false,"exclude_from_discount":false,"pric_use_as_fee":false,"fee_label":"Fee","render_after_acb":false,"disp_hide_options_price":false}}]},"yoast_head":"<!-- This site is optimized with the Yoast SEO plugin v26.5 - https:\/\/yoast.com\/wordpress\/plugins\/seo\/ -->\n<title>ASICS COURT FF 3 NOVAK Night Energy Tennis Shoes Black\/Prism Gold  - Tourcruiser PTE. LTD<\/title>\n<meta name=\"robots\" content=\"index, follow, max-snippet:-1, max-image-preview:large, max-video-preview:-1\" \/>\n<link rel=\"canonical\" href=\"https:\/\/tourcruiser.com\/de\/products\/asics-court-ff-3-novak-night-energy-tennis-shoes-blackprism-gold\/\" \/>\n<meta property=\"og:locale\" content=\"de_DE\" \/>\n<meta property=\"og:type\" content=\"article\" \/>\n<meta property=\"og:title\" content=\"ASICS COURT FF 3 NOVAK Night Energy Tennis Shoes Black\/Prism Gold  - Tourcruiser PTE. LTD\" \/>\n<meta property=\"og:description\" content=\"ASICS Court FF 3 Novak \u201d\u201d Black\/Prism Gold\" \/>\n<meta property=\"og:url\" content=\"https:\/\/tourcruiser.com\/de\/products\/asics-court-ff-3-novak-night-energy-tennis-shoes-blackprism-gold\/\" \/>\n<meta property=\"og:site_name\" content=\"Tourcruiser Sneaker Store\" \/>\n<meta property=\"article:modified_time\" content=\"2026-03-27T18:17:29+00:00\" \/>\n<meta name=\"twitter:card\" content=\"summary_large_image\" \/>\n<meta name=\"twitter:image\" content=\"https:\/\/images.novelship.com\/product\/asics_court_ff_3_novak_night_energy_tennis_shoes_b_0_1945.jpeg;https:\/\/images.novelship.com\/product\/asics_court_ff_3_novak_night_energy_tennis_shoes_b_1_1945.jpeg;https:\/\/images.novelship.com\/product\/asics_court_ff_3_novak_night_energy_tennis_shoes_b_2_1945.jpeg;https:\/\/images.novelship.com\/product\/asics_court_ff_3_novak_night_energy_tennis_shoes_b_3_1945.jpeg;https:\/\/images.novelship.com\/product\/asics_court_ff_3_novak_night_energy_tennis_shoes_b_4_1945.jpeg;https:\/\/images.novelship.com\/product\/asics_court_ff_3_novak_night_energy_tennis_shoes_b_5_1945.jpeg;https:\/\/images.novelship.com\/product\/asics_court_ff_3_novak_night_energy_tennis_shoes_b_6_1945.jpeg;https:\/\/images.novelship.com\/product\/asics_court_ff_3_novak_night_energy_tennis_shoes_b_7_1945.jpeg\" \/>\n<meta name=\"twitter:label1\" content=\"Gesch\u00e4tzte Lesezeit\" \/>\n\t<meta name=\"twitter:data1\" content=\"1\u00a0Minute\" \/>\n<script type=\"application\/ld+json\" class=\"yoast-schema-graph\">{\"@context\":\"https:\/\/schema.org\",\"@graph\":[{\"@type\":\"WebPage\",\"@id\":\"https:\/\/tourcruiser.com\/de\/products\/asics-court-ff-3-novak-night-energy-tennis-shoes-blackprism-gold\/\",\"url\":\"https:\/\/tourcruiser.com\/de\/products\/asics-court-ff-3-novak-night-energy-tennis-shoes-blackprism-gold\/\",\"name\":\"ASICS COURT FF 3 NOVAK Night Energy Tennis Shoes Black\/Prism Gold - Tourcruiser PTE. LTD\",\"isPartOf\":{\"@id\":\"https:\/\/tourcruiser.com\/de\/#website\"},\"primaryImageOfPage\":{\"@id\":\"https:\/\/tourcruiser.com\/de\/products\/asics-court-ff-3-novak-night-energy-tennis-shoes-blackprism-gold\/#primaryimage\"},\"image\":{\"@id\":\"https:\/\/tourcruiser.com\/de\/products\/asics-court-ff-3-novak-night-energy-tennis-shoes-blackprism-gold\/#primaryimage\"},\"thumbnailUrl\":\"https:\/\/images.novelship.com\/product\/asics_court_ff_3_novak_night_energy_tennis_shoes_b_0_1945.jpeg;https:\/\/images.novelship.com\/product\/asics_court_ff_3_novak_night_energy_tennis_shoes_b_1_1945.jpeg;https:\/\/images.novelship.com\/product\/asics_court_ff_3_novak_night_energy_tennis_shoes_b_2_1945.jpeg;https:\/\/images.novelship.com\/product\/asics_court_ff_3_novak_night_energy_tennis_shoes_b_3_1945.jpeg;https:\/\/images.novelship.com\/product\/asics_court_ff_3_novak_night_energy_tennis_shoes_b_4_1945.jpeg;https:\/\/images.novelship.com\/product\/asics_court_ff_3_novak_night_energy_tennis_shoes_b_5_1945.jpeg;https:\/\/images.novelship.com\/product\/asics_court_ff_3_novak_night_energy_tennis_shoes_b_6_1945.jpeg;https:\/\/images.novelship.com\/product\/asics_court_ff_3_novak_night_energy_tennis_shoes_b_7_1945.jpeg\",\"datePublished\":\"2026-03-02T08:44:31+00:00\",\"dateModified\":\"2026-03-27T18:17:29+00:00\",\"breadcrumb\":{\"@id\":\"https:\/\/tourcruiser.com\/de\/products\/asics-court-ff-3-novak-night-energy-tennis-shoes-blackprism-gold\/#breadcrumb\"},\"inLanguage\":\"de\",\"potentialAction\":[{\"@type\":\"ReadAction\",\"target\":[\"https:\/\/tourcruiser.com\/de\/products\/asics-court-ff-3-novak-night-energy-tennis-shoes-blackprism-gold\/\"]}]},{\"@type\":\"ImageObject\",\"inLanguage\":\"de\",\"@id\":\"https:\/\/tourcruiser.com\/de\/products\/asics-court-ff-3-novak-night-energy-tennis-shoes-blackprism-gold\/#primaryimage\",\"url\":\"https:\/\/images.novelship.com\/product\/asics_court_ff_3_novak_night_energy_tennis_shoes_b_0_1945.jpeg;https:\/\/images.novelship.com\/product\/asics_court_ff_3_novak_night_energy_tennis_shoes_b_1_1945.jpeg;https:\/\/images.novelship.com\/product\/asics_court_ff_3_novak_night_energy_tennis_shoes_b_2_1945.jpeg;https:\/\/images.novelship.com\/product\/asics_court_ff_3_novak_night_energy_tennis_shoes_b_3_1945.jpeg;https:\/\/images.novelship.com\/product\/asics_court_ff_3_novak_night_energy_tennis_shoes_b_4_1945.jpeg;https:\/\/images.novelship.com\/product\/asics_court_ff_3_novak_night_energy_tennis_shoes_b_5_1945.jpeg;https:\/\/images.novelship.com\/product\/asics_court_ff_3_novak_night_energy_tennis_shoes_b_6_1945.jpeg;https:\/\/images.novelship.com\/product\/asics_court_ff_3_novak_night_energy_tennis_shoes_b_7_1945.jpeg\",\"contentUrl\":\"https:\/\/images.novelship.com\/product\/asics_court_ff_3_novak_night_energy_tennis_shoes_b_0_1945.jpeg;https:\/\/images.novelship.com\/product\/asics_court_ff_3_novak_night_energy_tennis_shoes_b_1_1945.jpeg;https:\/\/images.novelship.com\/product\/asics_court_ff_3_novak_night_energy_tennis_shoes_b_2_1945.jpeg;https:\/\/images.novelship.com\/product\/asics_court_ff_3_novak_night_energy_tennis_shoes_b_3_1945.jpeg;https:\/\/images.novelship.com\/product\/asics_court_ff_3_novak_night_energy_tennis_shoes_b_4_1945.jpeg;https:\/\/images.novelship.com\/product\/asics_court_ff_3_novak_night_energy_tennis_shoes_b_5_1945.jpeg;https:\/\/images.novelship.com\/product\/asics_court_ff_3_novak_night_energy_tennis_shoes_b_6_1945.jpeg;https:\/\/images.novelship.com\/product\/asics_court_ff_3_novak_night_energy_tennis_shoes_b_7_1945.jpeg\"},{\"@type\":\"BreadcrumbList\",\"@id\":\"https:\/\/tourcruiser.com\/de\/products\/asics-court-ff-3-novak-night-energy-tennis-shoes-blackprism-gold\/#breadcrumb\",\"itemListElement\":[{\"@type\":\"ListItem\",\"position\":1,\"name\":\"Home\",\"item\":\"https:\/\/tourcruiser.com\/de\/\"},{\"@type\":\"ListItem\",\"position\":2,\"name\":\"Shop\",\"item\":\"https:\/\/tourcruiser.com\/de\/shop\/\"},{\"@type\":\"ListItem\",\"position\":3,\"name\":\"ASICS COURT FF 3 NOVAK Night Energy Tennis Shoes Black\/Prism Gold\"}]},{\"@type\":\"WebSite\",\"@id\":\"https:\/\/tourcruiser.com\/de\/#website\",\"url\":\"https:\/\/tourcruiser.com\/de\/\",\"name\":\"Styloral Jewelry Shop\",\"description\":\"Tourcruiser Sneaker Store \u2014 der Ort, an dem das Universum deine Einzigartigkeit trifft.\",\"publisher\":{\"@id\":\"https:\/\/tourcruiser.com\/de\/#organization\"},\"potentialAction\":[{\"@type\":\"SearchAction\",\"target\":{\"@type\":\"EntryPoint\",\"urlTemplate\":\"https:\/\/tourcruiser.com\/de\/?s={search_term_string}\"},\"query-input\":{\"@type\":\"PropertyValueSpecification\",\"valueRequired\":true,\"valueName\":\"search_term_string\"}}],\"inLanguage\":\"de\"},{\"@type\":\"Organization\",\"@id\":\"https:\/\/tourcruiser.com\/de\/#organization\",\"name\":\"STYLORAL PTE. LTD\",\"url\":\"https:\/\/tourcruiser.com\/de\/\",\"logo\":{\"@type\":\"ImageObject\",\"inLanguage\":\"de\",\"@id\":\"https:\/\/tourcruiser.com\/de\/#\/schema\/logo\/image\/\",\"url\":\"https:\/\/www.tourcruiser.com\/wp-content\/uploads\/2025\/12\/logo.png\",\"contentUrl\":\"https:\/\/www.tourcruiser.com\/wp-content\/uploads\/2025\/12\/logo.png\",\"width\":200,\"height\":65,\"caption\":\"STYLORAL PTE. LTD\"},\"image\":{\"@id\":\"https:\/\/tourcruiser.com\/de\/#\/schema\/logo\/image\/\"}}]}<\/script>\n<!-- \/ Yoast SEO plugin. -->","yoast_head_json":{"title":"ASICS COURT FF 3 NOVAK Night Energy Tennis Shoes Black\/Prism Gold  - Tourcruiser PTE. LTD","robots":{"index":"index","follow":"follow","max-snippet":"max-snippet:-1","max-image-preview":"max-image-preview:large","max-video-preview":"max-video-preview:-1"},"canonical":"https:\/\/tourcruiser.com\/de\/products\/asics-court-ff-3-novak-night-energy-tennis-shoes-blackprism-gold\/","og_locale":"de_DE","og_type":"article","og_title":"ASICS COURT FF 3 NOVAK Night Energy Tennis Shoes Black\/Prism Gold  - Tourcruiser PTE. LTD","og_description":"ASICS Court FF 3 Novak \u201d\u201d Black\/Prism Gold","og_url":"https:\/\/tourcruiser.com\/de\/products\/asics-court-ff-3-novak-night-energy-tennis-shoes-blackprism-gold\/","og_site_name":"Tourcruiser Sneaker Store","article_modified_time":"2026-03-27T18:17:29+00:00","twitter_card":"summary_large_image","twitter_image":"https:\/\/images.novelship.com\/product\/asics_court_ff_3_novak_night_energy_tennis_shoes_b_0_1945.jpeg;https:\/\/images.novelship.com\/product\/asics_court_ff_3_novak_night_energy_tennis_shoes_b_1_1945.jpeg;https:\/\/images.novelship.com\/product\/asics_court_ff_3_novak_night_energy_tennis_shoes_b_2_1945.jpeg;https:\/\/images.novelship.com\/product\/asics_court_ff_3_novak_night_energy_tennis_shoes_b_3_1945.jpeg;https:\/\/images.novelship.com\/product\/asics_court_ff_3_novak_night_energy_tennis_shoes_b_4_1945.jpeg;https:\/\/images.novelship.com\/product\/asics_court_ff_3_novak_night_energy_tennis_shoes_b_5_1945.jpeg;https:\/\/images.novelship.com\/product\/asics_court_ff_3_novak_night_energy_tennis_shoes_b_6_1945.jpeg;https:\/\/images.novelship.com\/product\/asics_court_ff_3_novak_night_energy_tennis_shoes_b_7_1945.jpeg","twitter_misc":{"Gesch\u00e4tzte Lesezeit":"1\u00a0Minute"},"schema":{"@context":"https:\/\/schema.org","@graph":[{"@type":"WebPage","@id":"https:\/\/tourcruiser.com\/de\/products\/asics-court-ff-3-novak-night-energy-tennis-shoes-blackprism-gold\/","url":"https:\/\/tourcruiser.com\/de\/products\/asics-court-ff-3-novak-night-energy-tennis-shoes-blackprism-gold\/","name":"ASICS COURT FF 3 NOVAK Night Energy Tennis Shoes Black\/Prism Gold - Tourcruiser PTE. LTD","isPartOf":{"@id":"https:\/\/tourcruiser.com\/de\/#website"},"primaryImageOfPage":{"@id":"https:\/\/tourcruiser.com\/de\/products\/asics-court-ff-3-novak-night-energy-tennis-shoes-blackprism-gold\/#primaryimage"},"image":{"@id":"https:\/\/tourcruiser.com\/de\/products\/asics-court-ff-3-novak-night-energy-tennis-shoes-blackprism-gold\/#primaryimage"},"thumbnailUrl":"https:\/\/images.novelship.com\/product\/asics_court_ff_3_novak_night_energy_tennis_shoes_b_0_1945.jpeg;https:\/\/images.novelship.com\/product\/asics_court_ff_3_novak_night_energy_tennis_shoes_b_1_1945.jpeg;https:\/\/images.novelship.com\/product\/asics_court_ff_3_novak_night_energy_tennis_shoes_b_2_1945.jpeg;https:\/\/images.novelship.com\/product\/asics_court_ff_3_novak_night_energy_tennis_shoes_b_3_1945.jpeg;https:\/\/images.novelship.com\/product\/asics_court_ff_3_novak_night_energy_tennis_shoes_b_4_1945.jpeg;https:\/\/images.novelship.com\/product\/asics_court_ff_3_novak_night_energy_tennis_shoes_b_5_1945.jpeg;https:\/\/images.novelship.com\/product\/asics_court_ff_3_novak_night_energy_tennis_shoes_b_6_1945.jpeg;https:\/\/images.novelship.com\/product\/asics_court_ff_3_novak_night_energy_tennis_shoes_b_7_1945.jpeg","datePublished":"2026-03-02T08:44:31+00:00","dateModified":"2026-03-27T18:17:29+00:00","breadcrumb":{"@id":"https:\/\/tourcruiser.com\/de\/products\/asics-court-ff-3-novak-night-energy-tennis-shoes-blackprism-gold\/#breadcrumb"},"inLanguage":"de","potentialAction":[{"@type":"ReadAction","target":["https:\/\/tourcruiser.com\/de\/products\/asics-court-ff-3-novak-night-energy-tennis-shoes-blackprism-gold\/"]}]},{"@type":"ImageObject","inLanguage":"de","@id":"https:\/\/tourcruiser.com\/de\/products\/asics-court-ff-3-novak-night-energy-tennis-shoes-blackprism-gold\/#primaryimage","url":"https:\/\/images.novelship.com\/product\/asics_court_ff_3_novak_night_energy_tennis_shoes_b_0_1945.jpeg;https:\/\/images.novelship.com\/product\/asics_court_ff_3_novak_night_energy_tennis_shoes_b_1_1945.jpeg;https:\/\/images.novelship.com\/product\/asics_court_ff_3_novak_night_energy_tennis_shoes_b_2_1945.jpeg;https:\/\/images.novelship.com\/product\/asics_court_ff_3_novak_night_energy_tennis_shoes_b_3_1945.jpeg;https:\/\/images.novelship.com\/product\/asics_court_ff_3_novak_night_energy_tennis_shoes_b_4_1945.jpeg;https:\/\/images.novelship.com\/product\/asics_court_ff_3_novak_night_energy_tennis_shoes_b_5_1945.jpeg;https:\/\/images.novelship.com\/product\/asics_court_ff_3_novak_night_energy_tennis_shoes_b_6_1945.jpeg;https:\/\/images.novelship.com\/product\/asics_court_ff_3_novak_night_energy_tennis_shoes_b_7_1945.jpeg","contentUrl":"https:\/\/images.novelship.com\/product\/asics_court_ff_3_novak_night_energy_tennis_shoes_b_0_1945.jpeg;https:\/\/images.novelship.com\/product\/asics_court_ff_3_novak_night_energy_tennis_shoes_b_1_1945.jpeg;https:\/\/images.novelship.com\/product\/asics_court_ff_3_novak_night_energy_tennis_shoes_b_2_1945.jpeg;https:\/\/images.novelship.com\/product\/asics_court_ff_3_novak_night_energy_tennis_shoes_b_3_1945.jpeg;https:\/\/images.novelship.com\/product\/asics_court_ff_3_novak_night_energy_tennis_shoes_b_4_1945.jpeg;https:\/\/images.novelship.com\/product\/asics_court_ff_3_novak_night_energy_tennis_shoes_b_5_1945.jpeg;https:\/\/images.novelship.com\/product\/asics_court_ff_3_novak_night_energy_tennis_shoes_b_6_1945.jpeg;https:\/\/images.novelship.com\/product\/asics_court_ff_3_novak_night_energy_tennis_shoes_b_7_1945.jpeg"},{"@type":"BreadcrumbList","@id":"https:\/\/tourcruiser.com\/de\/products\/asics-court-ff-3-novak-night-energy-tennis-shoes-blackprism-gold\/#breadcrumb","itemListElement":[{"@type":"ListItem","position":1,"name":"Home","item":"https:\/\/tourcruiser.com\/de\/"},{"@type":"ListItem","position":2,"name":"Shop","item":"https:\/\/tourcruiser.com\/de\/shop\/"},{"@type":"ListItem","position":3,"name":"ASICS COURT FF 3 NOVAK Night Energy Tennis Shoes Black\/Prism Gold"}]},{"@type":"WebSite","@id":"https:\/\/tourcruiser.com\/de\/#website","url":"https:\/\/tourcruiser.com\/de\/","name":"Styloral Jewelry Shop","description":"Tourcruiser Sneaker Store \u2014 der Ort, an dem das Universum deine Einzigartigkeit trifft.","publisher":{"@id":"https:\/\/tourcruiser.com\/de\/#organization"},"potentialAction":[{"@type":"SearchAction","target":{"@type":"EntryPoint","urlTemplate":"https:\/\/tourcruiser.com\/de\/?s={search_term_string}"},"query-input":{"@type":"PropertyValueSpecification","valueRequired":true,"valueName":"search_term_string"}}],"inLanguage":"de"},{"@type":"Organization","@id":"https:\/\/tourcruiser.com\/de\/#organization","name":"STYLORAL PTE. LTD","url":"https:\/\/tourcruiser.com\/de\/","logo":{"@type":"ImageObject","inLanguage":"de","@id":"https:\/\/tourcruiser.com\/de\/#\/schema\/logo\/image\/","url":"https:\/\/www.tourcruiser.com\/wp-content\/uploads\/2025\/12\/logo.png","contentUrl":"https:\/\/www.tourcruiser.com\/wp-content\/uploads\/2025\/12\/logo.png","width":200,"height":65,"caption":"STYLORAL PTE. LTD"},"image":{"@id":"https:\/\/tourcruiser.com\/de\/#\/schema\/logo\/image\/"}}]}},"_links":{"self":[{"href":"https:\/\/tourcruiser.com\/de\/wp-json\/wp\/v2\/product\/145965","targetHints":{"allow":["GET"]}}],"collection":[{"href":"https:\/\/tourcruiser.com\/de\/wp-json\/wp\/v2\/product"}],"about":[{"href":"https:\/\/tourcruiser.com\/de\/wp-json\/wp\/v2\/types\/product"}],"replies":[{"embeddable":true,"href":"https:\/\/tourcruiser.com\/de\/wp-json\/wp\/v2\/comments?post=145965"}],"wp:featuredmedia":[{"embeddable":true,"href":"https:\/\/tourcruiser.com\/de\/wp-json\/wp\/v2\/media\/145966"}],"wp:attachment":[{"href":"https:\/\/tourcruiser.com\/de\/wp-json\/wp\/v2\/media?parent=145965"}],"wp:term":[{"taxonomy":"product_brand","embeddable":true,"href":"https:\/\/tourcruiser.com\/de\/wp-json\/wp\/v2\/product_brand?post=145965"},{"taxonomy":"product_cat","embeddable":true,"href":"https:\/\/tourcruiser.com\/de\/wp-json\/wp\/v2\/product_cat?post=145965"},{"taxonomy":"product_tag","embeddable":true,"href":"https:\/\/tourcruiser.com\/de\/wp-json\/wp\/v2\/product_tag?post=145965"}],"curies":[{"name":"wp","href":"https:\/\/api.w.org\/{rel}","templated":true}]}}