{"id":145745,"date":"2026-03-02T15:44:09","date_gmt":"2026-03-02T08:44:09","guid":{"rendered":"http:\/\/tourcruiser.com\/product\/adidas-kick-core-white"},"modified":"2026-03-28T01:17:16","modified_gmt":"2026-03-27T18:17:16","slug":"adidas-kick-core-white","status":"publish","type":"product","link":"https:\/\/tourcruiser.com\/de\/products\/adidas-kick-core-white\/","title":{"rendered":"adidas Kick &#8218;Core White&#8216;"},"content":{"rendered":"<p>Mit dem adidas Kick &#8218;Core White&#8216; IG8950 erlebst du zeitlosen Stil und unvergleichlichen Komfort \u201d\u201c eine elegante Fusion aus klassischem Design und moderner Performance. Gefertigt aus hochwertigen Materialien, besticht dieser Schuh durch ein cleanes, wei\u00dfes Synthetikleder-Obermaterial mit dezenten Strukturdetails. So entsteht eine minimalistische und dennoch markante \u00c4sthetik, die zu jedem Anlass passt. Dank seiner Vielseitigkeit bietet er eine leichte EVA-Zwischensohle f\u00fcr hervorragende D\u00e4mpfung und ganzt\u00e4gigen Tragekomfort, egal ob in der Stadt oder im Fitnessstudio. Die strapazierf\u00e4hige Gummiau\u00dfensohle sorgt f\u00fcr au\u00dfergew\u00f6hnlichen Grip und lange Haltbarkeit und macht den Schuh ideal f\u00fcr einen aktiven und l\u00e4ssigen Lifestyle. Die flache Silhouette und das Ton-in-Ton-Branding verleihen ihm einen eleganten Look, der sich m\u00fchelos mit jedem Outfit kombinieren l\u00e4sst \u201d\u201c von sportlich \u00fcber l\u00e4ssig bis hin zu schick. Der Schn\u00fcrverschluss garantiert einen sicheren Halt, w\u00e4hrend das atmungsaktive Innenfutter deine F\u00fc\u00dfe den ganzen Tag \u00fcber frisch h\u00e4lt. Der adidas Kick &#8218;Core White&#8216; ist mehr als nur ein Schuh; er ist ein Lifestyle-Must-have, das Mode und Funktionalit\u00e4t vereint. Dieser Schuh vereint perfekt Schlichtheit und Innovation und ist die ideale Wahl f\u00fcr stylische und leistungsstarke Alltagsoutfits. Erlebe Schuhe auf einem neuen Level mit einem Design, das adidas&#8216; Anspruch an Qualit\u00e4t und Exzellenz verk\u00f6rpert.<\/p>\n<ul>\n<li><strong>Farbgebung:<\/strong> Core White\/Core Black\/Gum<\/li>\n<li><strong>Style-Code:<\/strong> IG8950<\/li>\n<li><strong>Obermaterial:<\/strong> Leder<\/li>\n<li><strong>Farbe:<\/strong> Wei\u00df<\/li>\n<\/ul>\n","protected":false},"excerpt":{"rendered":"<p>adidas Kick \u201d\u201d Core White\/Core Black\/Gum<\/p>\n","protected":false},"featured_media":145746,"comment_status":"open","ping_status":"closed","template":"","meta":[],"product_brand":[],"product_cat":[10760],"product_tag":[10759,10753,10754,10765,10768,10758],"class_list":{"0":"post-145745","1":"product","2":"type-product","3":"status-publish","4":"has-post-thumbnail","6":"product_cat-adidas","7":"product_tag-adidas","8":"product_tag-gift-for-him","9":"product_tag-lifestyle-casual-shoes","10":"product_tag-lifestyle-shoes-running-inspired","11":"product_tag-retro-running-shoes","12":"product_tag-under-retail","13":"wcpa_has_options","15":"first","16":"outofstock","17":"taxable","18":"shipping-taxable","19":"purchasable","20":"product-type-simple"},"wcpa_form_fields":{"rules":{"pric_overide_base_price":false,"pric_overide_base_price_if_gt_zero":false,"pric_overide_base_price_fully":false,"pric_cal_option_once":false,"pric_use_as_fee":false,"bind_quantity":false,"quantity_bind_formula":false},"fields":[{"type":"color-group","required":true,"elementId":"wcpa-color-group-66c4a7f817afe","label":"Gr\u00f6\u00dfe","inline":true,"priceOptions":"different_for_all","pricingType":"fixed","className":"hassizechart product-shoes-size-eu product-shoes-size","name":"color-group-66c4a7f817b18","disp_type":"square","selection_type":"tick-border","disp_size":"50","show_label_inside":true,"adjust_width":true,"cart_display_type":"text","other_text":"Other","cl_rule":"show","col":6,"values":[{"label":"35","value":"EU 35","price":"","pimage":"","pimage_id":"","pthumb":"","color":""},{"label":"35.5","value":"EU 35.5","price":"","pimage":"","pimage_id":"","pthumb":"","color":""},{"label":"36","value":"EU 36","price":"","pimage":"","pimage_id":"","pthumb":"","color":"","selected":true},{"label":"36 2\/3","value":"EU 36 2\/3","price":"","pimage":"","pimage_id":"","pthumb":"","color":""},{"label":"37 1\/3","value":"EU 37 1\/3","price":"","pimage":"","pimage_id":"","pthumb":"","color":""},{"label":"38","value":"EU 38","price":"","pimage":"","pimage_id":"","pthumb":"","color":""},{"label":"38 2\/3","value":"EU 38 2\/3","price":"","pimage":"","pimage_id":"","pthumb":"","color":""},{"label":"39 1\/3","value":"EU 39 1\/3","price":"","pimage":"","pimage_id":"","pthumb":"","color":""},{"label":"40","value":"EU 40","price":"","pimage":"","pimage_id":"","pthumb":"","color":""},{"label":"40 2\/3","value":"EU 40 2\/3","price":"","pimage":"","pimage_id":"","pthumb":"","color":""},{"label":"41 1\/3","value":"EU 41 1\/3","price":"","pimage":"","pimage_id":"","pthumb":"","color":""},{"label":"42","value":"EU 42","price":"","pimage":"","pimage_id":"","pthumb":"","color":""},{"label":"42 2\/3","value":"EU 42 2\/3","price":"","pimage":"","pimage_id":"","pthumb":"","color":""},{"label":"43 1\/3","value":"EU 43 1\/3","price":"","pimage":"","pimage_id":"","pthumb":"","color":""},{"label":"44","value":"EU 44","price":"","pimage":"","pimage_id":"","pthumb":"","color":""},{"label":"44 2\/3","value":"EU 44 2\/3","price":"","pimage":"","pimage_id":"","pthumb":"","color":""},{"label":"45 1\/3","value":"EU 45 1\/3","price":"","pimage":"","pimage_id":"","pthumb":"","color":""},{"label":"46","value":"EU 46","price":"","pimage":"","pimage_id":"","pthumb":"","color":""},{"label":"46 2\/3","value":"EU 46 2\/3","price":"","pimage":"","pimage_id":"","pthumb":"","color":""},{"label":"47 1\/3","value":"EU 47 1\/3","price":"","pimage":"","pimage_id":"","pthumb":"","color":""}],"relations":[{"operator":false,"rules":[]}],"form_id":24802,"form_rules":{"pric_cal_option_once":false,"exclude_from_discount":false,"pric_use_as_fee":false,"fee_label":"Fee","render_after_acb":false,"disp_hide_options_price":false}}]},"yoast_head":"<!-- This site is optimized with the Yoast SEO plugin v26.5 - https:\/\/yoast.com\/wordpress\/plugins\/seo\/ -->\n<title>adidas Kick &#039;Core White&#039;  - Tourcruiser PTE. LTD<\/title>\n<meta name=\"robots\" content=\"index, follow, max-snippet:-1, max-image-preview:large, max-video-preview:-1\" \/>\n<link rel=\"canonical\" href=\"https:\/\/tourcruiser.com\/\" \/>\n<meta property=\"og:locale\" content=\"de_DE\" \/>\n<meta property=\"og:type\" content=\"article\" \/>\n<meta property=\"og:title\" content=\"adidas Kick &#039;Core White&#039;  - Tourcruiser PTE. LTD\" \/>\n<meta property=\"og:description\" content=\"adidas Kick \u201d\u201d Core White\/Core Black\/Gum\" \/>\n<meta property=\"og:url\" content=\"\/\" \/>\n<meta property=\"og:site_name\" content=\"Tourcruiser Sneaker Store\" \/>\n<meta property=\"article:modified_time\" content=\"2026-03-27T18:17:16+00:00\" \/>\n<meta name=\"twitter:card\" content=\"summary_large_image\" \/>\n<meta name=\"twitter:image\" content=\"https:\/\/images.novelship.com\/product\/adidas_kick__core_white__ig8950_0_34305.jpeg;https:\/\/images.novelship.com\/product\/adidas_kick__core_white__ig8950_1_34306.jpeg;https:\/\/images.novelship.com\/product\/adidas_kick__core_white__ig8950_2_34306.jpeg;https:\/\/images.novelship.com\/product\/adidas_kick__core_white__ig8950_3_34306.jpeg;https:\/\/images.novelship.com\/product\/adidas_kick__core_white__ig8950_4_34306.jpeg;https:\/\/images.novelship.com\/product\/adidas_kick__core_white__ig8950_5_34306.jpeg;https:\/\/images.novelship.com\/product\/adidas_kick__core_white__ig8950_6_34306.jpeg;https:\/\/images.novelship.com\/product\/adidas_kick__core_white__ig8950_7_34306.jpeg;https:\/\/images.novelship.com\/product\/adidas_kick__core_white__ig8950_8_34306.jpeg\" \/>\n<meta name=\"twitter:label1\" content=\"Gesch\u00e4tzte Lesezeit\" \/>\n\t<meta name=\"twitter:data1\" content=\"1\u00a0Minute\" \/>\n<script type=\"application\/ld+json\" class=\"yoast-schema-graph\">{\"@context\":\"https:\/\/schema.org\",\"@graph\":[{\"@type\":\"WebPage\",\"@id\":\"\/\",\"url\":\"https:\/\/tourcruiser.com\/\",\"name\":\"adidas Kick 'Core White' - Tourcruiser PTE. LTD\",\"isPartOf\":{\"@id\":\"https:\/\/tourcruiser.com\/de\/#website\"},\"primaryImageOfPage\":{\"@id\":\"https:\/\/tourcruiser.com\/#primaryimage\"},\"image\":{\"@id\":\"https:\/\/tourcruiser.com\/#primaryimage\"},\"thumbnailUrl\":\"https:\/\/images.novelship.com\/product\/adidas_kick__core_white__ig8950_0_34305.jpeg;https:\/\/images.novelship.com\/product\/adidas_kick__core_white__ig8950_1_34306.jpeg;https:\/\/images.novelship.com\/product\/adidas_kick__core_white__ig8950_2_34306.jpeg;https:\/\/images.novelship.com\/product\/adidas_kick__core_white__ig8950_3_34306.jpeg;https:\/\/images.novelship.com\/product\/adidas_kick__core_white__ig8950_4_34306.jpeg;https:\/\/images.novelship.com\/product\/adidas_kick__core_white__ig8950_5_34306.jpeg;https:\/\/images.novelship.com\/product\/adidas_kick__core_white__ig8950_6_34306.jpeg;https:\/\/images.novelship.com\/product\/adidas_kick__core_white__ig8950_7_34306.jpeg;https:\/\/images.novelship.com\/product\/adidas_kick__core_white__ig8950_8_34306.jpeg\",\"datePublished\":\"2026-03-02T08:44:09+00:00\",\"dateModified\":\"2026-03-27T18:17:16+00:00\",\"breadcrumb\":{\"@id\":\"https:\/\/tourcruiser.com\/#breadcrumb\"},\"inLanguage\":\"de\",\"potentialAction\":[{\"@type\":\"ReadAction\",\"target\":[\"https:\/\/tourcruiser.com\/\"]}]},{\"@type\":\"ImageObject\",\"inLanguage\":\"de\",\"@id\":\"https:\/\/tourcruiser.com\/#primaryimage\",\"url\":\"https:\/\/images.novelship.com\/product\/adidas_kick__core_white__ig8950_0_34305.jpeg;https:\/\/images.novelship.com\/product\/adidas_kick__core_white__ig8950_1_34306.jpeg;https:\/\/images.novelship.com\/product\/adidas_kick__core_white__ig8950_2_34306.jpeg;https:\/\/images.novelship.com\/product\/adidas_kick__core_white__ig8950_3_34306.jpeg;https:\/\/images.novelship.com\/product\/adidas_kick__core_white__ig8950_4_34306.jpeg;https:\/\/images.novelship.com\/product\/adidas_kick__core_white__ig8950_5_34306.jpeg;https:\/\/images.novelship.com\/product\/adidas_kick__core_white__ig8950_6_34306.jpeg;https:\/\/images.novelship.com\/product\/adidas_kick__core_white__ig8950_7_34306.jpeg;https:\/\/images.novelship.com\/product\/adidas_kick__core_white__ig8950_8_34306.jpeg\",\"contentUrl\":\"https:\/\/images.novelship.com\/product\/adidas_kick__core_white__ig8950_0_34305.jpeg;https:\/\/images.novelship.com\/product\/adidas_kick__core_white__ig8950_1_34306.jpeg;https:\/\/images.novelship.com\/product\/adidas_kick__core_white__ig8950_2_34306.jpeg;https:\/\/images.novelship.com\/product\/adidas_kick__core_white__ig8950_3_34306.jpeg;https:\/\/images.novelship.com\/product\/adidas_kick__core_white__ig8950_4_34306.jpeg;https:\/\/images.novelship.com\/product\/adidas_kick__core_white__ig8950_5_34306.jpeg;https:\/\/images.novelship.com\/product\/adidas_kick__core_white__ig8950_6_34306.jpeg;https:\/\/images.novelship.com\/product\/adidas_kick__core_white__ig8950_7_34306.jpeg;https:\/\/images.novelship.com\/product\/adidas_kick__core_white__ig8950_8_34306.jpeg\"},{\"@type\":\"BreadcrumbList\",\"@id\":\"https:\/\/tourcruiser.com\/#breadcrumb\",\"itemListElement\":[{\"@type\":\"ListItem\",\"position\":1,\"name\":\"Home\",\"item\":\"https:\/\/tourcruiser.com\/de\/\"},{\"@type\":\"ListItem\",\"position\":2,\"name\":\"Shop\",\"item\":\"https:\/\/tourcruiser.com\/de\/shop\/\"},{\"@type\":\"ListItem\",\"position\":3,\"name\":\"adidas Kick &#8218;Core White&#8216;\"}]},{\"@type\":\"WebSite\",\"@id\":\"https:\/\/tourcruiser.com\/de\/#website\",\"url\":\"https:\/\/tourcruiser.com\/de\/\",\"name\":\"Styloral Jewelry Shop\",\"description\":\"Tourcruiser Sneaker Store \u2014 der Ort, an dem das Universum deine Einzigartigkeit trifft.\",\"publisher\":{\"@id\":\"https:\/\/tourcruiser.com\/de\/#organization\"},\"potentialAction\":[{\"@type\":\"SearchAction\",\"target\":{\"@type\":\"EntryPoint\",\"urlTemplate\":\"https:\/\/tourcruiser.com\/de\/?s={search_term_string}\"},\"query-input\":{\"@type\":\"PropertyValueSpecification\",\"valueRequired\":true,\"valueName\":\"search_term_string\"}}],\"inLanguage\":\"de\"},{\"@type\":\"Organization\",\"@id\":\"https:\/\/tourcruiser.com\/de\/#organization\",\"name\":\"STYLORAL PTE. LTD\",\"url\":\"https:\/\/tourcruiser.com\/de\/\",\"logo\":{\"@type\":\"ImageObject\",\"inLanguage\":\"de\",\"@id\":\"https:\/\/tourcruiser.com\/de\/#\/schema\/logo\/image\/\",\"url\":\"https:\/\/www.tourcruiser.com\/wp-content\/uploads\/2025\/12\/logo.png\",\"contentUrl\":\"https:\/\/www.tourcruiser.com\/wp-content\/uploads\/2025\/12\/logo.png\",\"width\":200,\"height\":65,\"caption\":\"STYLORAL PTE. LTD\"},\"image\":{\"@id\":\"https:\/\/tourcruiser.com\/de\/#\/schema\/logo\/image\/\"}}]}<\/script>\n<!-- \/ Yoast SEO plugin. -->","yoast_head_json":{"title":"adidas Kick 'Core White'  - Tourcruiser PTE. LTD","robots":{"index":"index","follow":"follow","max-snippet":"max-snippet:-1","max-image-preview":"max-image-preview:large","max-video-preview":"max-video-preview:-1"},"canonical":"https:\/\/tourcruiser.com\/","og_locale":"de_DE","og_type":"article","og_title":"adidas Kick 'Core White'  - Tourcruiser PTE. LTD","og_description":"adidas Kick \u201d\u201d Core White\/Core Black\/Gum","og_url":"\/","og_site_name":"Tourcruiser Sneaker Store","article_modified_time":"2026-03-27T18:17:16+00:00","twitter_card":"summary_large_image","twitter_image":"https:\/\/images.novelship.com\/product\/adidas_kick__core_white__ig8950_0_34305.jpeg;https:\/\/images.novelship.com\/product\/adidas_kick__core_white__ig8950_1_34306.jpeg;https:\/\/images.novelship.com\/product\/adidas_kick__core_white__ig8950_2_34306.jpeg;https:\/\/images.novelship.com\/product\/adidas_kick__core_white__ig8950_3_34306.jpeg;https:\/\/images.novelship.com\/product\/adidas_kick__core_white__ig8950_4_34306.jpeg;https:\/\/images.novelship.com\/product\/adidas_kick__core_white__ig8950_5_34306.jpeg;https:\/\/images.novelship.com\/product\/adidas_kick__core_white__ig8950_6_34306.jpeg;https:\/\/images.novelship.com\/product\/adidas_kick__core_white__ig8950_7_34306.jpeg;https:\/\/images.novelship.com\/product\/adidas_kick__core_white__ig8950_8_34306.jpeg","twitter_misc":{"Gesch\u00e4tzte Lesezeit":"1\u00a0Minute"},"schema":{"@context":"https:\/\/schema.org","@graph":[{"@type":"WebPage","@id":"\/","url":"https:\/\/tourcruiser.com\/","name":"adidas Kick 'Core White' - Tourcruiser PTE. LTD","isPartOf":{"@id":"https:\/\/tourcruiser.com\/de\/#website"},"primaryImageOfPage":{"@id":"https:\/\/tourcruiser.com\/#primaryimage"},"image":{"@id":"https:\/\/tourcruiser.com\/#primaryimage"},"thumbnailUrl":"https:\/\/images.novelship.com\/product\/adidas_kick__core_white__ig8950_0_34305.jpeg;https:\/\/images.novelship.com\/product\/adidas_kick__core_white__ig8950_1_34306.jpeg;https:\/\/images.novelship.com\/product\/adidas_kick__core_white__ig8950_2_34306.jpeg;https:\/\/images.novelship.com\/product\/adidas_kick__core_white__ig8950_3_34306.jpeg;https:\/\/images.novelship.com\/product\/adidas_kick__core_white__ig8950_4_34306.jpeg;https:\/\/images.novelship.com\/product\/adidas_kick__core_white__ig8950_5_34306.jpeg;https:\/\/images.novelship.com\/product\/adidas_kick__core_white__ig8950_6_34306.jpeg;https:\/\/images.novelship.com\/product\/adidas_kick__core_white__ig8950_7_34306.jpeg;https:\/\/images.novelship.com\/product\/adidas_kick__core_white__ig8950_8_34306.jpeg","datePublished":"2026-03-02T08:44:09+00:00","dateModified":"2026-03-27T18:17:16+00:00","breadcrumb":{"@id":"https:\/\/tourcruiser.com\/#breadcrumb"},"inLanguage":"de","potentialAction":[{"@type":"ReadAction","target":["https:\/\/tourcruiser.com\/"]}]},{"@type":"ImageObject","inLanguage":"de","@id":"https:\/\/tourcruiser.com\/#primaryimage","url":"https:\/\/images.novelship.com\/product\/adidas_kick__core_white__ig8950_0_34305.jpeg;https:\/\/images.novelship.com\/product\/adidas_kick__core_white__ig8950_1_34306.jpeg;https:\/\/images.novelship.com\/product\/adidas_kick__core_white__ig8950_2_34306.jpeg;https:\/\/images.novelship.com\/product\/adidas_kick__core_white__ig8950_3_34306.jpeg;https:\/\/images.novelship.com\/product\/adidas_kick__core_white__ig8950_4_34306.jpeg;https:\/\/images.novelship.com\/product\/adidas_kick__core_white__ig8950_5_34306.jpeg;https:\/\/images.novelship.com\/product\/adidas_kick__core_white__ig8950_6_34306.jpeg;https:\/\/images.novelship.com\/product\/adidas_kick__core_white__ig8950_7_34306.jpeg;https:\/\/images.novelship.com\/product\/adidas_kick__core_white__ig8950_8_34306.jpeg","contentUrl":"https:\/\/images.novelship.com\/product\/adidas_kick__core_white__ig8950_0_34305.jpeg;https:\/\/images.novelship.com\/product\/adidas_kick__core_white__ig8950_1_34306.jpeg;https:\/\/images.novelship.com\/product\/adidas_kick__core_white__ig8950_2_34306.jpeg;https:\/\/images.novelship.com\/product\/adidas_kick__core_white__ig8950_3_34306.jpeg;https:\/\/images.novelship.com\/product\/adidas_kick__core_white__ig8950_4_34306.jpeg;https:\/\/images.novelship.com\/product\/adidas_kick__core_white__ig8950_5_34306.jpeg;https:\/\/images.novelship.com\/product\/adidas_kick__core_white__ig8950_6_34306.jpeg;https:\/\/images.novelship.com\/product\/adidas_kick__core_white__ig8950_7_34306.jpeg;https:\/\/images.novelship.com\/product\/adidas_kick__core_white__ig8950_8_34306.jpeg"},{"@type":"BreadcrumbList","@id":"https:\/\/tourcruiser.com\/#breadcrumb","itemListElement":[{"@type":"ListItem","position":1,"name":"Home","item":"https:\/\/tourcruiser.com\/de\/"},{"@type":"ListItem","position":2,"name":"Shop","item":"https:\/\/tourcruiser.com\/de\/shop\/"},{"@type":"ListItem","position":3,"name":"adidas Kick &#8218;Core White&#8216;"}]},{"@type":"WebSite","@id":"https:\/\/tourcruiser.com\/de\/#website","url":"https:\/\/tourcruiser.com\/de\/","name":"Styloral Jewelry Shop","description":"Tourcruiser Sneaker Store \u2014 der Ort, an dem das Universum deine Einzigartigkeit trifft.","publisher":{"@id":"https:\/\/tourcruiser.com\/de\/#organization"},"potentialAction":[{"@type":"SearchAction","target":{"@type":"EntryPoint","urlTemplate":"https:\/\/tourcruiser.com\/de\/?s={search_term_string}"},"query-input":{"@type":"PropertyValueSpecification","valueRequired":true,"valueName":"search_term_string"}}],"inLanguage":"de"},{"@type":"Organization","@id":"https:\/\/tourcruiser.com\/de\/#organization","name":"STYLORAL PTE. LTD","url":"https:\/\/tourcruiser.com\/de\/","logo":{"@type":"ImageObject","inLanguage":"de","@id":"https:\/\/tourcruiser.com\/de\/#\/schema\/logo\/image\/","url":"https:\/\/www.tourcruiser.com\/wp-content\/uploads\/2025\/12\/logo.png","contentUrl":"https:\/\/www.tourcruiser.com\/wp-content\/uploads\/2025\/12\/logo.png","width":200,"height":65,"caption":"STYLORAL PTE. LTD"},"image":{"@id":"https:\/\/tourcruiser.com\/de\/#\/schema\/logo\/image\/"}}]}},"_links":{"self":[{"href":"https:\/\/tourcruiser.com\/de\/wp-json\/wp\/v2\/product\/145745","targetHints":{"allow":["GET"]}}],"collection":[{"href":"https:\/\/tourcruiser.com\/de\/wp-json\/wp\/v2\/product"}],"about":[{"href":"https:\/\/tourcruiser.com\/de\/wp-json\/wp\/v2\/types\/product"}],"replies":[{"embeddable":true,"href":"https:\/\/tourcruiser.com\/de\/wp-json\/wp\/v2\/comments?post=145745"}],"wp:featuredmedia":[{"embeddable":true,"href":"https:\/\/tourcruiser.com\/de\/wp-json\/wp\/v2\/media\/145746"}],"wp:attachment":[{"href":"https:\/\/tourcruiser.com\/de\/wp-json\/wp\/v2\/media?parent=145745"}],"wp:term":[{"taxonomy":"product_brand","embeddable":true,"href":"https:\/\/tourcruiser.com\/de\/wp-json\/wp\/v2\/product_brand?post=145745"},{"taxonomy":"product_cat","embeddable":true,"href":"https:\/\/tourcruiser.com\/de\/wp-json\/wp\/v2\/product_cat?post=145745"},{"taxonomy":"product_tag","embeddable":true,"href":"https:\/\/tourcruiser.com\/de\/wp-json\/wp\/v2\/product_tag?post=145745"}],"curies":[{"name":"wp","href":"https:\/\/api.w.org\/{rel}","templated":true}]}}