{"id":145315,"date":"2026-03-02T15:43:31","date_gmt":"2026-03-02T08:43:31","guid":{"rendered":"http:\/\/tourcruiser.com\/product\/adidas-predator-elite-folding-tongue-fg-football-boots-beckham-natural-grass-beam-pinkcore-blackcloud-white"},"modified":"2026-03-02T15:43:31","modified_gmt":"2026-03-02T08:43:31","slug":"adidas-predator-elite-folding-tongue-fg-football-boots-beckham-natural-grass-beam-pinkcore-blackcloud-white","status":"publish","type":"product","link":"https:\/\/tourcruiser.com\/de\/products\/adidas-predator-elite-folding-tongue-fg-football-boots-beckham-natural-grass-beam-pinkcore-blackcloud-white\/","title":{"rendered":"Adidas PREDATOR ELITE Folding Tongue FG Football Boots Beckham Natural Grass Beam Pink\/Core Black\/Cloud White"},"content":{"rendered":"<p>Entfessle deine Dominanz auf dem Platz mit den Adidas PREDATOR ELITE FG Fu\u00dfballschuhen, inspiriert von Beckhams legend\u00e4rem Stil. Diese f\u00fcr Naturrasen konzipierten Schuhe bestechen durch ihre auff\u00e4llige Farbkombination aus Beam Pink, Core Black und Cloud White, mit der du garantiert auff\u00e4llst. Die innovative, faltbare Zunge sorgt f\u00fcr einen klassischen Look und bietet gleichzeitig \u00fcberragende Ballkontrolle und Stabilit\u00e4t. Entwickelt f\u00fcr H\u00f6chstleistungen, versprechen sie un\u00fcbertroffene Traktion und Pr\u00e4zision. Verbessere dein Spiel und zeige dein K\u00f6nnen mit dem PREDATOR ELITE. Perfektioniere dein Spiel, beherrsche den Platz.<\/p>\n<ul>\n<li><strong>Farbkombination:<\/strong> Beam Pink\/Core Black\/Cloud White<\/li>\n<li><strong>Artikelnummer:<\/strong> JI1094<\/li>\n<li><strong>Obermaterial:<\/strong> HybridTouch<\/li>\n<li><strong>Farbe:<\/strong> Pink<\/li>\n<\/ul>\n","protected":false},"excerpt":{"rendered":"<p>adidas Predator Elite Folding Tongue FG \u201d\u201d Beam Pink\/Core Black\/Cloud White<\/p>\n","protected":false},"featured_media":145316,"comment_status":"open","ping_status":"closed","template":"","meta":[],"product_brand":[],"product_cat":[10760],"product_tag":[10759,11173,10802,10987,10758],"class_list":{"0":"post-145315","1":"product","2":"type-product","3":"status-publish","4":"has-post-thumbnail","6":"product_cat-adidas","7":"product_tag-adidas","8":"product_tag-firm-ground-fg-football-boots","9":"product_tag-performance-sport-shoes","10":"product_tag-soccer-shoes-football-cleats","11":"product_tag-under-retail","12":"wcpa_has_options","14":"first","15":"instock","16":"sale","17":"taxable","18":"shipping-taxable","19":"purchasable","20":"product-type-simple"},"wcpa_form_fields":{"rules":{"pric_overide_base_price":false,"pric_overide_base_price_if_gt_zero":false,"pric_overide_base_price_fully":false,"pric_cal_option_once":false,"pric_use_as_fee":false,"bind_quantity":false,"quantity_bind_formula":false},"fields":[{"type":"color-group","required":true,"elementId":"wcpa-color-group-66c4a7f817afe","label":"Gr\u00f6\u00dfe","inline":true,"priceOptions":"different_for_all","pricingType":"fixed","className":"hassizechart product-shoes-size-eu product-shoes-size","name":"color-group-66c4a7f817b18","disp_type":"square","selection_type":"tick-border","disp_size":"50","show_label_inside":true,"adjust_width":true,"cart_display_type":"text","other_text":"Other","cl_rule":"show","col":6,"values":[{"label":"35","value":"EU 35","price":"","pimage":"","pimage_id":"","pthumb":"","color":""},{"label":"35.5","value":"EU 35.5","price":"","pimage":"","pimage_id":"","pthumb":"","color":""},{"label":"36","value":"EU 36","price":"","pimage":"","pimage_id":"","pthumb":"","color":"","selected":true},{"label":"36 2\/3","value":"EU 36 2\/3","price":"","pimage":"","pimage_id":"","pthumb":"","color":""},{"label":"37 1\/3","value":"EU 37 1\/3","price":"","pimage":"","pimage_id":"","pthumb":"","color":""},{"label":"38","value":"EU 38","price":"","pimage":"","pimage_id":"","pthumb":"","color":""},{"label":"38 2\/3","value":"EU 38 2\/3","price":"","pimage":"","pimage_id":"","pthumb":"","color":""},{"label":"39 1\/3","value":"EU 39 1\/3","price":"","pimage":"","pimage_id":"","pthumb":"","color":""},{"label":"40","value":"EU 40","price":"","pimage":"","pimage_id":"","pthumb":"","color":""},{"label":"40 2\/3","value":"EU 40 2\/3","price":"","pimage":"","pimage_id":"","pthumb":"","color":""},{"label":"41 1\/3","value":"EU 41 1\/3","price":"","pimage":"","pimage_id":"","pthumb":"","color":""},{"label":"42","value":"EU 42","price":"","pimage":"","pimage_id":"","pthumb":"","color":""},{"label":"42 2\/3","value":"EU 42 2\/3","price":"","pimage":"","pimage_id":"","pthumb":"","color":""},{"label":"43 1\/3","value":"EU 43 1\/3","price":"","pimage":"","pimage_id":"","pthumb":"","color":""},{"label":"44","value":"EU 44","price":"","pimage":"","pimage_id":"","pthumb":"","color":""},{"label":"44 2\/3","value":"EU 44 2\/3","price":"","pimage":"","pimage_id":"","pthumb":"","color":""},{"label":"45 1\/3","value":"EU 45 1\/3","price":"","pimage":"","pimage_id":"","pthumb":"","color":""},{"label":"46","value":"EU 46","price":"","pimage":"","pimage_id":"","pthumb":"","color":""},{"label":"46 2\/3","value":"EU 46 2\/3","price":"","pimage":"","pimage_id":"","pthumb":"","color":""},{"label":"47 1\/3","value":"EU 47 1\/3","price":"","pimage":"","pimage_id":"","pthumb":"","color":""}],"relations":[{"operator":false,"rules":[]}],"form_id":24802,"form_rules":{"pric_cal_option_once":false,"exclude_from_discount":false,"pric_use_as_fee":false,"fee_label":"Fee","render_after_acb":false,"disp_hide_options_price":false}}]},"yoast_head":"<!-- This site is optimized with the Yoast SEO plugin v26.5 - https:\/\/yoast.com\/wordpress\/plugins\/seo\/ -->\n<title>Adidas PREDATOR ELITE Folding Tongue FG Football Boots Beckham Natural Grass Beam Pink\/Core Black\/Cloud White  - Tourcruiser PTE. LTD<\/title>\n<meta name=\"robots\" content=\"index, follow, max-snippet:-1, max-image-preview:large, max-video-preview:-1\" \/>\n<link rel=\"canonical\" href=\"https:\/\/tourcruiser.com\/de\/products\/adidas-predator-elite-folding-tongue-fg-football-boots-beckham-natural-grass-beam-pinkcore-blackcloud-white\/\" \/>\n<meta property=\"og:locale\" content=\"de_DE\" \/>\n<meta property=\"og:type\" content=\"article\" \/>\n<meta property=\"og:title\" content=\"Adidas PREDATOR ELITE Folding Tongue FG Football Boots Beckham Natural Grass Beam Pink\/Core Black\/Cloud White  - Tourcruiser PTE. LTD\" \/>\n<meta property=\"og:description\" content=\"adidas Predator Elite Folding Tongue FG \u201d\u201d Beam Pink\/Core Black\/Cloud White\" \/>\n<meta property=\"og:url\" content=\"https:\/\/tourcruiser.com\/de\/products\/adidas-predator-elite-folding-tongue-fg-football-boots-beckham-natural-grass-beam-pinkcore-blackcloud-white\/\" \/>\n<meta property=\"og:site_name\" content=\"Tourcruiser Sneaker Store\" \/>\n<meta name=\"twitter:card\" content=\"summary_large_image\" \/>\n<meta name=\"twitter:image\" content=\"https:\/\/images.novelship.com\/product\/adidas_predator_elite_folding_tongue_fg_football_b_0_65136.jpeg\" \/>\n<meta name=\"twitter:label1\" content=\"Gesch\u00e4tzte Lesezeit\" \/>\n\t<meta name=\"twitter:data1\" content=\"1\u00a0Minute\" \/>\n<script type=\"application\/ld+json\" class=\"yoast-schema-graph\">{\"@context\":\"https:\/\/schema.org\",\"@graph\":[{\"@type\":\"WebPage\",\"@id\":\"https:\/\/tourcruiser.com\/de\/products\/adidas-predator-elite-folding-tongue-fg-football-boots-beckham-natural-grass-beam-pinkcore-blackcloud-white\/\",\"url\":\"https:\/\/tourcruiser.com\/de\/products\/adidas-predator-elite-folding-tongue-fg-football-boots-beckham-natural-grass-beam-pinkcore-blackcloud-white\/\",\"name\":\"Adidas PREDATOR ELITE Folding Tongue FG Football Boots Beckham Natural Grass Beam Pink\/Core Black\/Cloud White - Tourcruiser PTE. LTD\",\"isPartOf\":{\"@id\":\"https:\/\/tourcruiser.com\/de\/#website\"},\"primaryImageOfPage\":{\"@id\":\"https:\/\/tourcruiser.com\/de\/products\/adidas-predator-elite-folding-tongue-fg-football-boots-beckham-natural-grass-beam-pinkcore-blackcloud-white\/#primaryimage\"},\"image\":{\"@id\":\"https:\/\/tourcruiser.com\/de\/products\/adidas-predator-elite-folding-tongue-fg-football-boots-beckham-natural-grass-beam-pinkcore-blackcloud-white\/#primaryimage\"},\"thumbnailUrl\":\"https:\/\/images.novelship.com\/product\/adidas_predator_elite_folding_tongue_fg_football_b_0_65136.jpeg\",\"datePublished\":\"2026-03-02T08:43:31+00:00\",\"breadcrumb\":{\"@id\":\"https:\/\/tourcruiser.com\/de\/products\/adidas-predator-elite-folding-tongue-fg-football-boots-beckham-natural-grass-beam-pinkcore-blackcloud-white\/#breadcrumb\"},\"inLanguage\":\"de\",\"potentialAction\":[{\"@type\":\"ReadAction\",\"target\":[\"https:\/\/tourcruiser.com\/de\/products\/adidas-predator-elite-folding-tongue-fg-football-boots-beckham-natural-grass-beam-pinkcore-blackcloud-white\/\"]}]},{\"@type\":\"ImageObject\",\"inLanguage\":\"de\",\"@id\":\"https:\/\/tourcruiser.com\/de\/products\/adidas-predator-elite-folding-tongue-fg-football-boots-beckham-natural-grass-beam-pinkcore-blackcloud-white\/#primaryimage\",\"url\":\"https:\/\/images.novelship.com\/product\/adidas_predator_elite_folding_tongue_fg_football_b_0_65136.jpeg\",\"contentUrl\":\"https:\/\/images.novelship.com\/product\/adidas_predator_elite_folding_tongue_fg_football_b_0_65136.jpeg\"},{\"@type\":\"BreadcrumbList\",\"@id\":\"https:\/\/tourcruiser.com\/de\/products\/adidas-predator-elite-folding-tongue-fg-football-boots-beckham-natural-grass-beam-pinkcore-blackcloud-white\/#breadcrumb\",\"itemListElement\":[{\"@type\":\"ListItem\",\"position\":1,\"name\":\"Home\",\"item\":\"https:\/\/tourcruiser.com\/de\/\"},{\"@type\":\"ListItem\",\"position\":2,\"name\":\"Shop\",\"item\":\"https:\/\/tourcruiser.com\/de\/shop\/\"},{\"@type\":\"ListItem\",\"position\":3,\"name\":\"Adidas PREDATOR ELITE Folding Tongue FG Football Boots Beckham Natural Grass Beam Pink\/Core Black\/Cloud White\"}]},{\"@type\":\"WebSite\",\"@id\":\"https:\/\/tourcruiser.com\/de\/#website\",\"url\":\"https:\/\/tourcruiser.com\/de\/\",\"name\":\"Styloral Jewelry Shop\",\"description\":\"Tourcruiser Sneaker Store \u2014 der Ort, an dem das Universum deine Einzigartigkeit trifft.\",\"publisher\":{\"@id\":\"https:\/\/tourcruiser.com\/de\/#organization\"},\"potentialAction\":[{\"@type\":\"SearchAction\",\"target\":{\"@type\":\"EntryPoint\",\"urlTemplate\":\"https:\/\/tourcruiser.com\/de\/?s={search_term_string}\"},\"query-input\":{\"@type\":\"PropertyValueSpecification\",\"valueRequired\":true,\"valueName\":\"search_term_string\"}}],\"inLanguage\":\"de\"},{\"@type\":\"Organization\",\"@id\":\"https:\/\/tourcruiser.com\/de\/#organization\",\"name\":\"STYLORAL PTE. LTD\",\"url\":\"https:\/\/tourcruiser.com\/de\/\",\"logo\":{\"@type\":\"ImageObject\",\"inLanguage\":\"de\",\"@id\":\"https:\/\/tourcruiser.com\/de\/#\/schema\/logo\/image\/\",\"url\":\"https:\/\/www.tourcruiser.com\/wp-content\/uploads\/2025\/12\/logo.png\",\"contentUrl\":\"https:\/\/www.tourcruiser.com\/wp-content\/uploads\/2025\/12\/logo.png\",\"width\":200,\"height\":65,\"caption\":\"STYLORAL PTE. LTD\"},\"image\":{\"@id\":\"https:\/\/tourcruiser.com\/de\/#\/schema\/logo\/image\/\"}}]}<\/script>\n<!-- \/ Yoast SEO plugin. -->","yoast_head_json":{"title":"Adidas PREDATOR ELITE Folding Tongue FG Football Boots Beckham Natural Grass Beam Pink\/Core Black\/Cloud White  - Tourcruiser PTE. LTD","robots":{"index":"index","follow":"follow","max-snippet":"max-snippet:-1","max-image-preview":"max-image-preview:large","max-video-preview":"max-video-preview:-1"},"canonical":"https:\/\/tourcruiser.com\/de\/products\/adidas-predator-elite-folding-tongue-fg-football-boots-beckham-natural-grass-beam-pinkcore-blackcloud-white\/","og_locale":"de_DE","og_type":"article","og_title":"Adidas PREDATOR ELITE Folding Tongue FG Football Boots Beckham Natural Grass Beam Pink\/Core Black\/Cloud White  - Tourcruiser PTE. LTD","og_description":"adidas Predator Elite Folding Tongue FG \u201d\u201d Beam Pink\/Core Black\/Cloud White","og_url":"https:\/\/tourcruiser.com\/de\/products\/adidas-predator-elite-folding-tongue-fg-football-boots-beckham-natural-grass-beam-pinkcore-blackcloud-white\/","og_site_name":"Tourcruiser Sneaker Store","twitter_card":"summary_large_image","twitter_image":"https:\/\/images.novelship.com\/product\/adidas_predator_elite_folding_tongue_fg_football_b_0_65136.jpeg","twitter_misc":{"Gesch\u00e4tzte Lesezeit":"1\u00a0Minute"},"schema":{"@context":"https:\/\/schema.org","@graph":[{"@type":"WebPage","@id":"https:\/\/tourcruiser.com\/de\/products\/adidas-predator-elite-folding-tongue-fg-football-boots-beckham-natural-grass-beam-pinkcore-blackcloud-white\/","url":"https:\/\/tourcruiser.com\/de\/products\/adidas-predator-elite-folding-tongue-fg-football-boots-beckham-natural-grass-beam-pinkcore-blackcloud-white\/","name":"Adidas PREDATOR ELITE Folding Tongue FG Football Boots Beckham Natural Grass Beam Pink\/Core Black\/Cloud White - Tourcruiser PTE. LTD","isPartOf":{"@id":"https:\/\/tourcruiser.com\/de\/#website"},"primaryImageOfPage":{"@id":"https:\/\/tourcruiser.com\/de\/products\/adidas-predator-elite-folding-tongue-fg-football-boots-beckham-natural-grass-beam-pinkcore-blackcloud-white\/#primaryimage"},"image":{"@id":"https:\/\/tourcruiser.com\/de\/products\/adidas-predator-elite-folding-tongue-fg-football-boots-beckham-natural-grass-beam-pinkcore-blackcloud-white\/#primaryimage"},"thumbnailUrl":"https:\/\/images.novelship.com\/product\/adidas_predator_elite_folding_tongue_fg_football_b_0_65136.jpeg","datePublished":"2026-03-02T08:43:31+00:00","breadcrumb":{"@id":"https:\/\/tourcruiser.com\/de\/products\/adidas-predator-elite-folding-tongue-fg-football-boots-beckham-natural-grass-beam-pinkcore-blackcloud-white\/#breadcrumb"},"inLanguage":"de","potentialAction":[{"@type":"ReadAction","target":["https:\/\/tourcruiser.com\/de\/products\/adidas-predator-elite-folding-tongue-fg-football-boots-beckham-natural-grass-beam-pinkcore-blackcloud-white\/"]}]},{"@type":"ImageObject","inLanguage":"de","@id":"https:\/\/tourcruiser.com\/de\/products\/adidas-predator-elite-folding-tongue-fg-football-boots-beckham-natural-grass-beam-pinkcore-blackcloud-white\/#primaryimage","url":"https:\/\/images.novelship.com\/product\/adidas_predator_elite_folding_tongue_fg_football_b_0_65136.jpeg","contentUrl":"https:\/\/images.novelship.com\/product\/adidas_predator_elite_folding_tongue_fg_football_b_0_65136.jpeg"},{"@type":"BreadcrumbList","@id":"https:\/\/tourcruiser.com\/de\/products\/adidas-predator-elite-folding-tongue-fg-football-boots-beckham-natural-grass-beam-pinkcore-blackcloud-white\/#breadcrumb","itemListElement":[{"@type":"ListItem","position":1,"name":"Home","item":"https:\/\/tourcruiser.com\/de\/"},{"@type":"ListItem","position":2,"name":"Shop","item":"https:\/\/tourcruiser.com\/de\/shop\/"},{"@type":"ListItem","position":3,"name":"Adidas PREDATOR ELITE Folding Tongue FG Football Boots Beckham Natural Grass Beam Pink\/Core Black\/Cloud White"}]},{"@type":"WebSite","@id":"https:\/\/tourcruiser.com\/de\/#website","url":"https:\/\/tourcruiser.com\/de\/","name":"Styloral Jewelry Shop","description":"Tourcruiser Sneaker Store \u2014 der Ort, an dem das Universum deine Einzigartigkeit trifft.","publisher":{"@id":"https:\/\/tourcruiser.com\/de\/#organization"},"potentialAction":[{"@type":"SearchAction","target":{"@type":"EntryPoint","urlTemplate":"https:\/\/tourcruiser.com\/de\/?s={search_term_string}"},"query-input":{"@type":"PropertyValueSpecification","valueRequired":true,"valueName":"search_term_string"}}],"inLanguage":"de"},{"@type":"Organization","@id":"https:\/\/tourcruiser.com\/de\/#organization","name":"STYLORAL PTE. LTD","url":"https:\/\/tourcruiser.com\/de\/","logo":{"@type":"ImageObject","inLanguage":"de","@id":"https:\/\/tourcruiser.com\/de\/#\/schema\/logo\/image\/","url":"https:\/\/www.tourcruiser.com\/wp-content\/uploads\/2025\/12\/logo.png","contentUrl":"https:\/\/www.tourcruiser.com\/wp-content\/uploads\/2025\/12\/logo.png","width":200,"height":65,"caption":"STYLORAL PTE. LTD"},"image":{"@id":"https:\/\/tourcruiser.com\/de\/#\/schema\/logo\/image\/"}}]}},"_links":{"self":[{"href":"https:\/\/tourcruiser.com\/de\/wp-json\/wp\/v2\/product\/145315","targetHints":{"allow":["GET"]}}],"collection":[{"href":"https:\/\/tourcruiser.com\/de\/wp-json\/wp\/v2\/product"}],"about":[{"href":"https:\/\/tourcruiser.com\/de\/wp-json\/wp\/v2\/types\/product"}],"replies":[{"embeddable":true,"href":"https:\/\/tourcruiser.com\/de\/wp-json\/wp\/v2\/comments?post=145315"}],"wp:featuredmedia":[{"embeddable":true,"href":"https:\/\/tourcruiser.com\/de\/wp-json\/wp\/v2\/media\/145316"}],"wp:attachment":[{"href":"https:\/\/tourcruiser.com\/de\/wp-json\/wp\/v2\/media?parent=145315"}],"wp:term":[{"taxonomy":"product_brand","embeddable":true,"href":"https:\/\/tourcruiser.com\/de\/wp-json\/wp\/v2\/product_brand?post=145315"},{"taxonomy":"product_cat","embeddable":true,"href":"https:\/\/tourcruiser.com\/de\/wp-json\/wp\/v2\/product_cat?post=145315"},{"taxonomy":"product_tag","embeddable":true,"href":"https:\/\/tourcruiser.com\/de\/wp-json\/wp\/v2\/product_tag?post=145315"}],"curies":[{"name":"wp","href":"https:\/\/api.w.org\/{rel}","templated":true}]}}