{"id":145089,"date":"2026-03-02T15:43:12","date_gmt":"2026-03-02T08:43:12","guid":{"rendered":"http:\/\/tourcruiser.com\/product\/rui-hachimura-x-air-jordan-air-1-retro-low-og-cranes"},"modified":"2026-03-11T01:51:43","modified_gmt":"2026-03-10T18:51:43","slug":"rui-hachimura-x-air-jordan-air-1-retro-low-og-cranes","status":"publish","type":"product","link":"https:\/\/tourcruiser.com\/de\/products\/rui-hachimura-x-air-jordan-air-1-retro-low-og-cranes\/","title":{"rendered":"Rui Hachimura x Air Jordan Air 1 Retro Low OG &#8218;Cranes&#8216;"},"content":{"rendered":"<p>Mit dem Rui Hachimura x Air Jordan 1 Retro Low OG &#8218;Cranes&#8216; HV8293-100 hebst du deinen Sneaker-Style auf. Diese exklusive Kollaboration vereint klassisches Air Jordan-Design mit Hachimuras unverkennbarem Stil. Die Sneaker bestechen durch ein faszinierendes Kranichmotiv, hochwertige Materialien und au\u00dfergew\u00f6hnliche Verarbeitung. Die elegante Farbpalette sorgt f\u00fcr einen unverwechselbaren Look, w\u00e4hrend der hohe Tragekomfort und die Langlebigkeit sie zum perfekten Begleiter f\u00fcr jeden Anlass machen. Ideal f\u00fcr Sneaker-Fans und modebewusste Menschen \u201d\u201c diese einzigartige Edition ist ein absolutes Must-have!<\/p>\n<p>Farbgebung: Oatmeal\/Jade Smoke-Black<\/p>\n<p>Style-Code: HV8293-100<\/p>\n<p>Obermaterial: Textil<\/p>\n<p>Zwischensohle: Air<\/p>\n<p>Farbe: Beige<\/p>\n<p>Designer: Peter Moore<\/p>\n<p>Farbe: Beige<\/p>\n","protected":false},"excerpt":{"rendered":"<p>Jordan Jordan 1 Retro Low OG \u201d\u201d Oatmeal\/Jade Smoke-Black<\/p>\n","protected":false},"featured_media":190425,"comment_status":"open","ping_status":"closed","template":"","meta":[],"product_brand":[],"product_cat":[10780],"product_tag":[10750,10776,10754,10777,10756],"class_list":{"0":"post-145089","1":"product","2":"type-product","3":"status-publish","4":"has-post-thumbnail","6":"product_cat-air-jordan","7":"product_tag-athleisure-shoes","8":"product_tag-jordan","9":"product_tag-lifestyle-casual-shoes","10":"product_tag-lifestyle-shoes-basketball-inspired","11":"product_tag-retro-casual-shoes","12":"wcpa_has_options","14":"first","15":"instock","16":"taxable","17":"shipping-taxable","18":"purchasable","19":"product-type-simple"},"wcpa_form_fields":{"rules":{"pric_overide_base_price":false,"pric_overide_base_price_if_gt_zero":false,"pric_overide_base_price_fully":false,"pric_cal_option_once":false,"pric_use_as_fee":false,"bind_quantity":false,"quantity_bind_formula":false},"fields":[{"type":"color-group","required":true,"elementId":"wcpa-color-group-66c4a75505e74","label":"Gr\u00f6\u00dfe - EU Gr\u00f6\u00dfe","inline":true,"priceOptions":"different_for_all","pricingType":"fixed","className":"hassizechart product-shoes-size-eu product-shoes-size","name":"color-group-66c4a75505e89","disp_type":"square","selection_type":"tick-border","disp_size":"44","show_label_inside":true,"adjust_width":true,"cart_display_type":"text","other_text":"Other","cl_rule":"show","col":6,"values":[{"label":"35.5","value":"EU 35.5","price":"","pimage":"","pimage_id":"","pthumb":"","color":""},{"label":"36","value":"EU 36","price":"","pimage":"","pimage_id":"","pthumb":"","color":"","selected":true},{"label":"36.5","value":"EU 36.5","price":"","pimage":"","pimage_id":"","pthumb":"","color":""},{"label":"37.5","value":"EU 37.5","price":"","pimage":"","pimage_id":"","pthumb":"","color":""},{"label":"38","value":"EU 38","price":"","pimage":"","pimage_id":"","pthumb":"","color":""},{"label":"38.5","value":"EU 38.5","price":"","pimage":"","pimage_id":"","pthumb":"","color":""},{"label":"39","value":"EU 39","price":"","pimage":"","pimage_id":"","pthumb":"","color":""},{"label":"40","value":"EU 40","price":"","pimage":"","pimage_id":"","pthumb":"","color":""},{"label":"40.5","value":"EU 40.5","price":"","pimage":"","pimage_id":"","pthumb":"","color":""},{"label":"41","value":"EU 41","price":"","pimage":"","pimage_id":"","pthumb":"","color":""},{"label":"42","value":"EU 42","price":"","pimage":"","pimage_id":"","pthumb":"","color":""},{"label":"42.5","value":"EU 42.5","price":"","pimage":"","pimage_id":"","pthumb":"","color":""},{"label":"43","value":"EU 43","price":"","pimage":"","pimage_id":"","pthumb":"","color":""},{"label":"44","value":"EU 44","price":"","pimage":"","pimage_id":"","pthumb":"","color":""},{"label":"44.5","value":"EU 44.5","price":"","pimage":"","pimage_id":"","pthumb":"","color":""},{"label":"45","value":"EU 45","price":"","pimage":"","pimage_id":"","pthumb":"","color":""},{"label":"45.5","value":"EU 45.5","price":"","pimage":"","pimage_id":"","pthumb":"","color":""},{"label":"46","value":"EU 46","price":"","pimage":"","pimage_id":"","pthumb":"","color":""},{"label":"47","value":"EU 47","price":"","pimage":"","pimage_id":"","pthumb":"","color":""},{"label":"47.5","value":"EU 47.5","price":"","pimage":"","pimage_id":"","pthumb":"","color":""},{"label":"48","value":"EU 48","price":"","pimage":"","pimage_id":"","pthumb":"","color":""}],"relations":[{"operator":false,"rules":[]}],"form_id":18106,"form_rules":{"pric_cal_option_once":false,"exclude_from_discount":false,"pric_use_as_fee":false,"fee_label":"Fee","render_after_acb":false,"disp_hide_options_price":false}}]},"yoast_head":"<!-- This site is optimized with the Yoast SEO plugin v26.5 - https:\/\/yoast.com\/wordpress\/plugins\/seo\/ -->\n<title>Rui Hachimura x Air Jordan Air 1 Retro Low OG &#039;Cranes&#039; - Tourcruiser PTE. LTD<\/title>\n<meta name=\"robots\" content=\"index, follow, max-snippet:-1, max-image-preview:large, max-video-preview:-1\" \/>\n<link rel=\"canonical\" href=\"https:\/\/tourcruiser.com\/de\/products\/rui-hachimura-x-air-jordan-air-1-retro-low-og-cranes\/\" \/>\n<meta property=\"og:locale\" content=\"de_DE\" \/>\n<meta property=\"og:type\" content=\"article\" \/>\n<meta property=\"og:title\" content=\"Rui Hachimura x Air Jordan Air 1 Retro Low OG &#039;Cranes&#039; - Tourcruiser PTE. LTD\" \/>\n<meta property=\"og:description\" content=\"Jordan Jordan 1 Retro Low OG \u201d\u201d Oatmeal\/Jade Smoke-Black\" \/>\n<meta property=\"og:url\" content=\"https:\/\/tourcruiser.com\/de\/products\/rui-hachimura-x-air-jordan-air-1-retro-low-og-cranes\/\" \/>\n<meta property=\"og:site_name\" content=\"Tourcruiser Sneaker Store\" \/>\n<meta property=\"article:modified_time\" content=\"2026-03-10T18:51:43+00:00\" \/>\n<meta name=\"twitter:card\" content=\"summary_large_image\" \/>\n<meta name=\"twitter:image\" content=\"https:\/\/images.novelship.com\/product\/rui_hachimura_x_air_jordan_air_1_retro_low_og__cra_0_8481.jpeg\" \/>\n<meta name=\"twitter:label1\" content=\"Gesch\u00e4tzte Lesezeit\" \/>\n\t<meta name=\"twitter:data1\" content=\"1\u00a0Minute\" \/>\n<script type=\"application\/ld+json\" class=\"yoast-schema-graph\">{\"@context\":\"https:\/\/schema.org\",\"@graph\":[{\"@type\":\"WebPage\",\"@id\":\"https:\/\/tourcruiser.com\/de\/products\/rui-hachimura-x-air-jordan-air-1-retro-low-og-cranes\/\",\"url\":\"https:\/\/tourcruiser.com\/de\/products\/rui-hachimura-x-air-jordan-air-1-retro-low-og-cranes\/\",\"name\":\"Rui Hachimura x Air Jordan Air 1 Retro Low OG 'Cranes' - Tourcruiser PTE. LTD\",\"isPartOf\":{\"@id\":\"https:\/\/tourcruiser.com\/de\/#website\"},\"primaryImageOfPage\":{\"@id\":\"https:\/\/tourcruiser.com\/de\/products\/rui-hachimura-x-air-jordan-air-1-retro-low-og-cranes\/#primaryimage\"},\"image\":{\"@id\":\"https:\/\/tourcruiser.com\/de\/products\/rui-hachimura-x-air-jordan-air-1-retro-low-og-cranes\/#primaryimage\"},\"thumbnailUrl\":\"https:\/\/images.novelship.com\/product\/rui_hachimura_x_air_jordan_air_1_retro_low_og__cra_0_8481.jpeg\",\"datePublished\":\"2026-03-02T08:43:12+00:00\",\"dateModified\":\"2026-03-10T18:51:43+00:00\",\"breadcrumb\":{\"@id\":\"https:\/\/tourcruiser.com\/de\/products\/rui-hachimura-x-air-jordan-air-1-retro-low-og-cranes\/#breadcrumb\"},\"inLanguage\":\"de\",\"potentialAction\":[{\"@type\":\"ReadAction\",\"target\":[\"https:\/\/tourcruiser.com\/de\/products\/rui-hachimura-x-air-jordan-air-1-retro-low-og-cranes\/\"]}]},{\"@type\":\"ImageObject\",\"inLanguage\":\"de\",\"@id\":\"https:\/\/tourcruiser.com\/de\/products\/rui-hachimura-x-air-jordan-air-1-retro-low-og-cranes\/#primaryimage\",\"url\":\"https:\/\/images.novelship.com\/product\/rui_hachimura_x_air_jordan_air_1_retro_low_og__cra_0_8481.jpeg\",\"contentUrl\":\"https:\/\/images.novelship.com\/product\/rui_hachimura_x_air_jordan_air_1_retro_low_og__cra_0_8481.jpeg\",\"caption\":\"Rui Hachimura x Air Jordan Air 1 Retro Low OG &#8216;Cranes&#8217;\"},{\"@type\":\"BreadcrumbList\",\"@id\":\"https:\/\/tourcruiser.com\/de\/products\/rui-hachimura-x-air-jordan-air-1-retro-low-og-cranes\/#breadcrumb\",\"itemListElement\":[{\"@type\":\"ListItem\",\"position\":1,\"name\":\"Home\",\"item\":\"https:\/\/tourcruiser.com\/de\/\"},{\"@type\":\"ListItem\",\"position\":2,\"name\":\"Shop\",\"item\":\"https:\/\/tourcruiser.com\/de\/shop\/\"},{\"@type\":\"ListItem\",\"position\":3,\"name\":\"Rui Hachimura x Air Jordan Air 1 Retro Low OG 'Cranes'\"}]},{\"@type\":\"WebSite\",\"@id\":\"https:\/\/tourcruiser.com\/de\/#website\",\"url\":\"https:\/\/tourcruiser.com\/de\/\",\"name\":\"Styloral Jewelry Shop\",\"description\":\"Tourcruiser Sneaker Store \u2014 der Ort, an dem das Universum deine Einzigartigkeit trifft.\",\"publisher\":{\"@id\":\"https:\/\/tourcruiser.com\/de\/#organization\"},\"potentialAction\":[{\"@type\":\"SearchAction\",\"target\":{\"@type\":\"EntryPoint\",\"urlTemplate\":\"https:\/\/tourcruiser.com\/de\/?s={search_term_string}\"},\"query-input\":{\"@type\":\"PropertyValueSpecification\",\"valueRequired\":true,\"valueName\":\"search_term_string\"}}],\"inLanguage\":\"de\"},{\"@type\":\"Organization\",\"@id\":\"https:\/\/tourcruiser.com\/de\/#organization\",\"name\":\"STYLORAL PTE. LTD\",\"url\":\"https:\/\/tourcruiser.com\/de\/\",\"logo\":{\"@type\":\"ImageObject\",\"inLanguage\":\"de\",\"@id\":\"https:\/\/tourcruiser.com\/de\/#\/schema\/logo\/image\/\",\"url\":\"https:\/\/www.tourcruiser.com\/wp-content\/uploads\/2025\/12\/logo.png\",\"contentUrl\":\"https:\/\/www.tourcruiser.com\/wp-content\/uploads\/2025\/12\/logo.png\",\"width\":200,\"height\":65,\"caption\":\"STYLORAL PTE. LTD\"},\"image\":{\"@id\":\"https:\/\/tourcruiser.com\/de\/#\/schema\/logo\/image\/\"}}]}<\/script>\n<!-- \/ Yoast SEO plugin. -->","yoast_head_json":{"title":"Rui Hachimura x Air Jordan Air 1 Retro Low OG 'Cranes' - Tourcruiser PTE. LTD","robots":{"index":"index","follow":"follow","max-snippet":"max-snippet:-1","max-image-preview":"max-image-preview:large","max-video-preview":"max-video-preview:-1"},"canonical":"https:\/\/tourcruiser.com\/de\/products\/rui-hachimura-x-air-jordan-air-1-retro-low-og-cranes\/","og_locale":"de_DE","og_type":"article","og_title":"Rui Hachimura x Air Jordan Air 1 Retro Low OG 'Cranes' - Tourcruiser PTE. LTD","og_description":"Jordan Jordan 1 Retro Low OG \u201d\u201d Oatmeal\/Jade Smoke-Black","og_url":"https:\/\/tourcruiser.com\/de\/products\/rui-hachimura-x-air-jordan-air-1-retro-low-og-cranes\/","og_site_name":"Tourcruiser Sneaker Store","article_modified_time":"2026-03-10T18:51:43+00:00","twitter_card":"summary_large_image","twitter_image":"https:\/\/images.novelship.com\/product\/rui_hachimura_x_air_jordan_air_1_retro_low_og__cra_0_8481.jpeg","twitter_misc":{"Gesch\u00e4tzte Lesezeit":"1\u00a0Minute"},"schema":{"@context":"https:\/\/schema.org","@graph":[{"@type":"WebPage","@id":"https:\/\/tourcruiser.com\/de\/products\/rui-hachimura-x-air-jordan-air-1-retro-low-og-cranes\/","url":"https:\/\/tourcruiser.com\/de\/products\/rui-hachimura-x-air-jordan-air-1-retro-low-og-cranes\/","name":"Rui Hachimura x Air Jordan Air 1 Retro Low OG 'Cranes' - Tourcruiser PTE. LTD","isPartOf":{"@id":"https:\/\/tourcruiser.com\/de\/#website"},"primaryImageOfPage":{"@id":"https:\/\/tourcruiser.com\/de\/products\/rui-hachimura-x-air-jordan-air-1-retro-low-og-cranes\/#primaryimage"},"image":{"@id":"https:\/\/tourcruiser.com\/de\/products\/rui-hachimura-x-air-jordan-air-1-retro-low-og-cranes\/#primaryimage"},"thumbnailUrl":"https:\/\/images.novelship.com\/product\/rui_hachimura_x_air_jordan_air_1_retro_low_og__cra_0_8481.jpeg","datePublished":"2026-03-02T08:43:12+00:00","dateModified":"2026-03-10T18:51:43+00:00","breadcrumb":{"@id":"https:\/\/tourcruiser.com\/de\/products\/rui-hachimura-x-air-jordan-air-1-retro-low-og-cranes\/#breadcrumb"},"inLanguage":"de","potentialAction":[{"@type":"ReadAction","target":["https:\/\/tourcruiser.com\/de\/products\/rui-hachimura-x-air-jordan-air-1-retro-low-og-cranes\/"]}]},{"@type":"ImageObject","inLanguage":"de","@id":"https:\/\/tourcruiser.com\/de\/products\/rui-hachimura-x-air-jordan-air-1-retro-low-og-cranes\/#primaryimage","url":"https:\/\/images.novelship.com\/product\/rui_hachimura_x_air_jordan_air_1_retro_low_og__cra_0_8481.jpeg","contentUrl":"https:\/\/images.novelship.com\/product\/rui_hachimura_x_air_jordan_air_1_retro_low_og__cra_0_8481.jpeg","caption":"Rui Hachimura x Air Jordan Air 1 Retro Low OG &#8216;Cranes&#8217;"},{"@type":"BreadcrumbList","@id":"https:\/\/tourcruiser.com\/de\/products\/rui-hachimura-x-air-jordan-air-1-retro-low-og-cranes\/#breadcrumb","itemListElement":[{"@type":"ListItem","position":1,"name":"Home","item":"https:\/\/tourcruiser.com\/de\/"},{"@type":"ListItem","position":2,"name":"Shop","item":"https:\/\/tourcruiser.com\/de\/shop\/"},{"@type":"ListItem","position":3,"name":"Rui Hachimura x Air Jordan Air 1 Retro Low OG 'Cranes'"}]},{"@type":"WebSite","@id":"https:\/\/tourcruiser.com\/de\/#website","url":"https:\/\/tourcruiser.com\/de\/","name":"Styloral Jewelry Shop","description":"Tourcruiser Sneaker Store \u2014 der Ort, an dem das Universum deine Einzigartigkeit trifft.","publisher":{"@id":"https:\/\/tourcruiser.com\/de\/#organization"},"potentialAction":[{"@type":"SearchAction","target":{"@type":"EntryPoint","urlTemplate":"https:\/\/tourcruiser.com\/de\/?s={search_term_string}"},"query-input":{"@type":"PropertyValueSpecification","valueRequired":true,"valueName":"search_term_string"}}],"inLanguage":"de"},{"@type":"Organization","@id":"https:\/\/tourcruiser.com\/de\/#organization","name":"STYLORAL PTE. LTD","url":"https:\/\/tourcruiser.com\/de\/","logo":{"@type":"ImageObject","inLanguage":"de","@id":"https:\/\/tourcruiser.com\/de\/#\/schema\/logo\/image\/","url":"https:\/\/www.tourcruiser.com\/wp-content\/uploads\/2025\/12\/logo.png","contentUrl":"https:\/\/www.tourcruiser.com\/wp-content\/uploads\/2025\/12\/logo.png","width":200,"height":65,"caption":"STYLORAL PTE. LTD"},"image":{"@id":"https:\/\/tourcruiser.com\/de\/#\/schema\/logo\/image\/"}}]}},"_links":{"self":[{"href":"https:\/\/tourcruiser.com\/de\/wp-json\/wp\/v2\/product\/145089","targetHints":{"allow":["GET"]}}],"collection":[{"href":"https:\/\/tourcruiser.com\/de\/wp-json\/wp\/v2\/product"}],"about":[{"href":"https:\/\/tourcruiser.com\/de\/wp-json\/wp\/v2\/types\/product"}],"replies":[{"embeddable":true,"href":"https:\/\/tourcruiser.com\/de\/wp-json\/wp\/v2\/comments?post=145089"}],"wp:featuredmedia":[{"embeddable":true,"href":"https:\/\/tourcruiser.com\/de\/wp-json\/wp\/v2\/media\/190425"}],"wp:attachment":[{"href":"https:\/\/tourcruiser.com\/de\/wp-json\/wp\/v2\/media?parent=145089"}],"wp:term":[{"taxonomy":"product_brand","embeddable":true,"href":"https:\/\/tourcruiser.com\/de\/wp-json\/wp\/v2\/product_brand?post=145089"},{"taxonomy":"product_cat","embeddable":true,"href":"https:\/\/tourcruiser.com\/de\/wp-json\/wp\/v2\/product_cat?post=145089"},{"taxonomy":"product_tag","embeddable":true,"href":"https:\/\/tourcruiser.com\/de\/wp-json\/wp\/v2\/product_tag?post=145089"}],"curies":[{"name":"wp","href":"https:\/\/api.w.org\/{rel}","templated":true}]}}